{"id":36136,"date":"2026-02-27T21:57:28","date_gmt":"2026-02-27T21:57:28","guid":{"rendered":"https:\/\/comprasyconsejos.store\/product\/aerocool-luxpro650-fuente-de-alimentacion-650w-certificado-80plus-bronze-230v-eu-eficiencia-88-condensadores-japoneses-105c-ventilador-fdb-14cm-con-tecnologia-apfc-5-anos-de-garantia-neg\/"},"modified":"2026-02-27T21:57:30","modified_gmt":"2026-02-27T21:57:30","slug":"aerocool-luxpro650-fuente-de-alimentacion-650w-certificado-80plus-bronze-230v-eu-eficiencia-88-condensadores-japoneses-105c-ventilador-fdb-14cm-con-tecnologia-apfc-5-anos-de-garantia-neg","status":"publish","type":"product","link":"https:\/\/comprasyconsejos.store\/en\/product\/aerocool-luxpro650-fuente-de-alimentacion-650w-certificado-80plus-bronze-230v-eu-eficiencia-88-condensadores-japoneses-105c-ventilador-fdb-14cm-con-tecnologia-apfc-5-anos-de-garantia-neg\/","title":{"rendered":"Aerocool LUXPRO650, Fuente de Alimentaci\u00f3n 650W, Certificado 80Plus Bronze 230V EU, Eficiencia +88%, Condensadores Japoneses 105\u00b0C, Ventilador FDB 14cm con Tecnolog\u00eda APFC, 5 A\u00f1os de Garant\u00eda, Negro"},"content":{"rendered":"<p>Price: <span style=\"color:#b12704\"><del>\u20ac59.90<\/del> - \u20ac49.68<\/span><br \/><i><small>(as of Feb 27, 2026 21:57:28 UTC &#8211; <span class=\"wp_automatic_amazon_disclaimer\" title=\"Product prices and availability are accurate as of the date\/time indicated and are subject to change. Any price and availability information displayed on [relevant Amazon Site(s), as applicable] at the time of purchase will apply to the purchase of this product.\">Details<\/span>)<\/small><\/i><\/p>\n<p><a href=\"https:\/\/amazon.es\/dp\/B0CW9X26J3?tag=man008-21\"><img decoding=\"async\" src=\"https:\/\/valvepress.s3.amazonaws.com\/imgs\/buy_now.png\"><\/a><br \/>\n<\/p>\n<p>                                             From the manufacturer   <\/p>\n<p>                                                                             <img decoding=\"async\" alt=\"fuente de alimentaci\u00f3n pc fuente de alimentaci\u00f3n modular fuente de alimentaci\u00f3n pc 750w fuente atx\" src=\"https:\/\/images-na.ssl-images-amazon.com\/images\/G\/01\/x-locale\/common\/grey-pixel.gif\" class=\"a-spacing-base a-lazy-loaded\" data-src=\"https:\/\/m.media-amazon.com\/images\/S\/aplus-media-library-service-media\/9fa313b0-8870-4403-8b59-fcd2c11bafb4.__CR0,0,1940,1200_PT0_SX970_V1___.jpg\"><img decoding=\"async\" alt=\"fuente de alimentaci\u00f3n pc fuente de alimentaci\u00f3n modular fuente de alimentaci\u00f3n pc 750w fuente atx\" src=\"https:\/\/m.media-amazon.com\/images\/S\/aplus-media-library-service-media\/9fa313b0-8870-4403-8b59-fcd2c11bafb4.__CR0,0,1940,1200_PT0_SX970_V1___.jpg\">                                                                    <\/p>\n<p>                                                                             <img decoding=\"async\" alt=\"fuente de alimentaci\u00f3n pc fuente de alimentaci\u00f3n modular fuente de alimentaci\u00f3n pc 750w fuente atx\" src=\"https:\/\/images-na.ssl-images-amazon.com\/images\/G\/01\/x-locale\/common\/grey-pixel.gif\" class=\"a-spacing-base a-lazy-loaded\" data-src=\"https:\/\/m.media-amazon.com\/images\/S\/aplus-media-library-service-media\/fdff9cef-cd3c-43f4-a8ad-63c411e20631.__CR0,0,1940,1200_PT0_SX970_V1___.jpg\"><img decoding=\"async\" alt=\"fuente de alimentaci\u00f3n pc fuente de alimentaci\u00f3n modular fuente de alimentaci\u00f3n pc 750w fuente atx\" src=\"https:\/\/m.media-amazon.com\/images\/S\/aplus-media-library-service-media\/fdff9cef-cd3c-43f4-a8ad-63c411e20631.__CR0,0,1940,1200_PT0_SX970_V1___.jpg\">                                                                    <\/p>\n<p class=\"apm-text-center\">\n                                                      <img decoding=\"async\" alt=\"fuente de alimentaci\u00f3n pc fuente de alimentaci\u00f3n modular fuente de alimentaci\u00f3n pc 750w fuente atx\" src=\"https:\/\/images-na.ssl-images-amazon.com\/images\/G\/01\/x-locale\/common\/grey-pixel.gif\" class=\"a-lazy-loaded\" data-src=\"https:\/\/m.media-amazon.com\/images\/S\/aplus-media-library-service-media\/660a550c-7264-4c5b-b7ba-60b270416cde.__CR0,0,2000,2000_PT0_SX220_V1___.jpg\"><img decoding=\"async\" alt=\"fuente de alimentaci\u00f3n pc fuente de alimentaci\u00f3n modular fuente de alimentaci\u00f3n pc 750w fuente atx\" src=\"https:\/\/m.media-amazon.com\/images\/S\/aplus-media-library-service-media\/660a550c-7264-4c5b-b7ba-60b270416cde.__CR0,0,2000,2000_PT0_SX220_V1___.jpg\">  <\/p>\n<p>                                                    EFICIENCIA ENERG\u00c9TICA 80PLUS BRONZE                                     <\/p>\n<p class=\"a-size-small\"> Equipada con el certificado 80Plus 230V EU Bronze, la fuente de alimentaci\u00f3n de 550W, 650W o 750W LUX PRO garantiza una eficiencia superior al 88%, asegurando un consumo energ\u00e9tico optimizado. <\/p>\n<p class=\"a-size-small\"> Adem\u00e1s, dotada de la innovadora tecnolog\u00eda Active PFC, garantiza una distribuci\u00f3n de energ\u00eda m\u00e1s eficaz y fiable, elevando la calidad del suministro el\u00e9ctrico y minimizando las distorsiones en la red. <\/p>\n<p class=\"a-size-small\"> Disfruta de la m\u00e1xima eficiencia y fiabilidad con una durabilidad extendida de 5 a\u00f1os. <\/p>\n<p class=\"apm-text-center\">\n                                                      <img decoding=\"async\" alt=\"fuente de alimentaci\u00f3n pc fuente de alimentaci\u00f3n modular fuente de alimentaci\u00f3n pc 750w fuente atx\" src=\"https:\/\/images-na.ssl-images-amazon.com\/images\/G\/01\/x-locale\/common\/grey-pixel.gif\" class=\"a-lazy-loaded\" data-src=\"https:\/\/m.media-amazon.com\/images\/S\/aplus-media-library-service-media\/16725896-6ce1-4d3d-b563-5bdb9661b428.__CR0,0,2000,2000_PT0_SX220_V1___.jpg\"><img decoding=\"async\" alt=\"fuente de alimentaci\u00f3n pc fuente de alimentaci\u00f3n modular fuente de alimentaci\u00f3n pc 750w fuente atx\" src=\"https:\/\/m.media-amazon.com\/images\/S\/aplus-media-library-service-media\/16725896-6ce1-4d3d-b563-5bdb9661b428.__CR0,0,2000,2000_PT0_SX220_V1___.jpg\">  <\/p>\n<p>                                                    COMPATIBILIDAD Y FACILIDAD DE INSTALACI\u00d3N                                     <\/p>\n<p class=\"a-size-small\"> La fuente de alimentaci\u00f3n para PC LUX PRO de Aerocool, es compatible con todos los formatos Intel hasta ATX12V. <\/p>\n<p class=\"a-size-small\"> Adem\u00e1s, viene equipada con cables planos suaves y negros, optimiza el flujo de aire interno y facilita una instalaci\u00f3n e integraci\u00f3n sin esfruerzo en cualquier configuraci\u00f3n. <\/p>\n<p class=\"apm-text-center\">\n                                                      <img decoding=\"async\" alt=\"fuente de alimentaci\u00f3n pc fuente de alimentaci\u00f3n modular fuente de alimentaci\u00f3n pc 750w fuente atx\" src=\"https:\/\/images-na.ssl-images-amazon.com\/images\/G\/01\/x-locale\/common\/grey-pixel.gif\" class=\"a-lazy-loaded\" data-src=\"https:\/\/m.media-amazon.com\/images\/S\/aplus-media-library-service-media\/286f0e91-22c6-4200-8117-2c04a12cd6fa.__CR0,0,2000,2000_PT0_SX220_V1___.jpg\"><img decoding=\"async\" alt=\"fuente de alimentaci\u00f3n pc fuente de alimentaci\u00f3n modular fuente de alimentaci\u00f3n pc 750w fuente atx\" src=\"https:\/\/m.media-amazon.com\/images\/S\/aplus-media-library-service-media\/286f0e91-22c6-4200-8117-2c04a12cd6fa.__CR0,0,2000,2000_PT0_SX220_V1___.jpg\">  <\/p>\n<p>                                                    M\u00c1XIMA FIABILIDAD Y DURABILIDAD                                     <\/p>\n<p class=\"a-size-small\"> La fuente de alimentaci\u00f3n ATX LUX PRO, con condensadores japoneses de 105\u00b0C asegura una vida \u00fatil prolongada y estabilidad inquebrantable. <\/p>\n<p class=\"a-size-small\"> Optimizados para funcionar de manera eficiente bajo distintas condiciones de temperatura, garantizan un desempe\u00f1o uniforme y estable en entornos variables. <\/p>\n<p class=\"apm-text-center\">\n                                                      <img decoding=\"async\" alt=\"fuente de alimentaci\u00f3n pc fuente de alimentaci\u00f3n modular fuente de alimentaci\u00f3n pc 750w fuente atx\" src=\"https:\/\/images-na.ssl-images-amazon.com\/images\/G\/01\/x-locale\/common\/grey-pixel.gif\" class=\"a-lazy-loaded\" data-src=\"https:\/\/m.media-amazon.com\/images\/S\/aplus-media-library-service-media\/48201017-c8c2-4d01-a788-130e915db7e7.__CR0,0,2000,2000_PT0_SX220_V1___.jpg\"><img decoding=\"async\" alt=\"fuente de alimentaci\u00f3n pc fuente de alimentaci\u00f3n modular fuente de alimentaci\u00f3n pc 750w fuente atx\" src=\"https:\/\/m.media-amazon.com\/images\/S\/aplus-media-library-service-media\/48201017-c8c2-4d01-a788-130e915db7e7.__CR0,0,2000,2000_PT0_SX220_V1___.jpg\">  <\/p>\n<p>                                                    TECNOLOG\u00cdA AVANZADA DE CONVERSI\u00d3N                                     <\/p>\n<p class=\"a-size-small\"> La fuente LUX PRO incorpora ventilador silencioso FDB de 14cm con un control de velocidad t\u00e9rmica optimizado, arrancando a menos de 700RPM hasta alcanzar una carga del 40% a temperaturas ambiente de 25\u00b0C. <\/p>\n<p class=\"a-size-small\"> Este dise\u00f1o asegura una disipaci\u00f3n de calor eficiente y una mayor fiabilidad t\u00e9rmica. <\/p>\n<p>                                                  <img decoding=\"async\" alt=\"fuente de alimentaci\u00f3n pc fuente de alimentaci\u00f3n modular fuente de alimentaci\u00f3n pc 750w fuente atx\" src=\"https:\/\/images-na.ssl-images-amazon.com\/images\/G\/01\/x-locale\/common\/grey-pixel.gif\" class=\"a-lazy-loaded\" data-src=\"https:\/\/m.media-amazon.com\/images\/S\/aplus-media-library-service-media\/a24543ba-d784-4bf1-8a94-a04aaef771bd.__CR0,0,1940,600_PT0_SX970_V1___.png\"><img decoding=\"async\" alt=\"fuente de alimentaci\u00f3n pc fuente de alimentaci\u00f3n modular fuente de alimentaci\u00f3n pc 750w fuente atx\" src=\"https:\/\/m.media-amazon.com\/images\/S\/aplus-media-library-service-media\/a24543ba-d784-4bf1-8a94-a04aaef771bd.__CR0,0,1940,600_PT0_SX970_V1___.png\">  <\/p>\n<p> Product Dimensions                                            \u200f                                            :                                            \u200e                                            16 x 15 x 8.5 cm; 1.5 kg   <br \/> Manufacturer                                            \u200f                                            :                                            \u200e                                            Aerocool   <br \/> ASIN                                            \u200f                                            :                                            \u200e                                            B0CW9X26J3   <br \/> Item model number                                            \u200f                                            :                                            \u200e                                            LUXPRO650   <br \/> Country of origin                                            \u200f                                            :                                            \u200e                                            Spain   <br \/> Guaranteed software updates until                                            \u200f                                            :                                            \u200e                                            unknown   <br \/>  Customer reviews:                                                                                            4.6               4.6 out of 5 stars                                  (3,037)                                              var dpAcrHasRegisteredArcLinkClickAction;                    P.when(&#8216;A&#8217;, &#8216;ready&#8217;).execute(function(A) {                        if (dpAcrHasRegisteredArcLinkClickAction !== true) {                            dpAcrHasRegisteredArcLinkClickAction = true;                            A.declarative(                                &#8216;acrLink-click-metrics&#8217;, &#8216;click&#8217;,                                { \u00aballowLinkDefault\u00bb: true },                                function (event) {                                    if (window.ue) {                                        ue.count(\u00abacrLinkClickCount\u00bb, (ue.count(\u00abacrLinkClickCount\u00bb) || 0) + 1);                                    }                                }                            );                        }                    });                                             P.when(&#8216;A&#8217;, &#8216;cf&#8217;).execute(function(A) {                A.declarative(&#8216;acrStarsLink-click-metrics&#8217;, &#8216;click&#8217;, { \u00aballowLinkDefault\u00bb : true },  function(event){                    if(window.ue) {                        ue.count(\u00abacrStarsLinkWithPopoverClickCount\u00bb, (ue.count(\u00abacrStarsLinkWithPopoverClickCount\u00bb) || 0) + 1);                    }                });            });                          <\/p>\n<p>EFICIENCIA ENERG\u00c9TICA 80PLUS BRONZE: Equipada con el certificado 80Plus 230V EU Bronze, la fuente de alimentaci\u00f3n de 650W LUX PRO garantiza una eficiencia superior al 88%, asegurando un consumo energ\u00e9tico optimizado; Adem\u00e1s, gracias a su tecnolog\u00eda Active PFC, garantiza una distribuci\u00f3n de energ\u00eda eficaz y fiable<br \/>M\u00c1XIMA FIABILIDAD Y DURABILIDAD: La fuente de alimentaci\u00f3n ATX LUX PRO equipa condensadores japoneses de 105\u00b0C, optimizados para funcionar de manera eficiente bajo distintas condiciones de temperatura, garantizando un desempe\u00f1o uniforme y estable, y ofreciendo una garant\u00eda extendida de 5 a\u00f1os<br \/>VENTILADOR 140MM FDB CON CONTROL T\u00c9RMICO: La fuente de alimentaci\u00f3n 12V LUX PRO incorpora un ventilador silencioso FDB de 14cm con control de velocidad t\u00e9rmica optimizado, arrancando a menos de 700RPM hasta alcanzar una carga del 40% a temperaturas ambiente de 25\u00b0C<br \/>COMPATIBILIDAD Y FACILIDAD DE INSTALACI\u00d3N: La fuente de alimentaci\u00f3n para PC LUX PRO es compatible con todos los formatos Intel hasta ATX12V y viene equipada con cables planos suaves y negros, optimizando el flujo de aire interno y facilitando su instalaci\u00f3n e integraci\u00f3n<\/p>\n\n","protected":false},"excerpt":{"rendered":"<p> From the manufacturer EFICIENCIA ENERG\u00c9TICA 80PLUS BRONZE Equipada con el certificado 80Plus 230V EU Bronze,<\/p>","protected":false},"featured_media":36137,"comment_status":"open","ping_status":"closed","template":"","meta":[],"product_brand":[],"product_cat":[79],"product_tag":[1653,9061,6075,823,1488,1490,1495,5993,10389,4343,4216,6492,1499,1536,6829,1500,3994,10391,6830,5043,6828,1494,10393,10392,10390,1492,3998,1498,1485,824,5112,4204],"class_list":{"0":"post-36136","1":"product","2":"type-product","3":"status-publish","4":"has-post-thumbnail","6":"product_cat-pc-power-supply-unit","7":"product_tag-105c","8":"product_tag-14cm","9":"product_tag-230v","10":"product_tag-650w","11":"product_tag-650w-psu","12":"product_tag-750w-psu","13":"product_tag-80-plus-gold-psu","14":"product_tag-80plus","15":"product_tag-aerocool","16":"product_tag-alimentacion","17":"product_tag-anos","18":"product_tag-apfc","19":"product_tag-best-psu","20":"product_tag-bronze","21":"product_tag-certificado","22":"product_tag-computer-power-unit","23":"product_tag-con","24":"product_tag-condensadores","25":"product_tag-eficiencia","26":"product_tag-fdb","27":"product_tag-fuente","28":"product_tag-gaming-power-supply","29":"product_tag-garantia","30":"product_tag-japoneses","31":"product_tag-luxpro650","32":"product_tag-modular-psu","33":"product_tag-negro","34":"product_tag-pc-power-supply-price","35":"product_tag-power-supply","36":"product_tag-psu","37":"product_tag-tecnologia","38":"product_tag-ventilador","40":"first","41":"instock","42":"sale","43":"shipping-taxable","44":"product-type-external"},"_links":{"self":[{"href":"https:\/\/comprasyconsejos.store\/en\/wp-json\/wp\/v2\/product\/36136","targetHints":{"allow":["GET"]}}],"collection":[{"href":"https:\/\/comprasyconsejos.store\/en\/wp-json\/wp\/v2\/product"}],"about":[{"href":"https:\/\/comprasyconsejos.store\/en\/wp-json\/wp\/v2\/types\/product"}],"replies":[{"embeddable":true,"href":"https:\/\/comprasyconsejos.store\/en\/wp-json\/wp\/v2\/comments?post=36136"}],"version-history":[{"count":0,"href":"https:\/\/comprasyconsejos.store\/en\/wp-json\/wp\/v2\/product\/36136\/revisions"}],"wp:featuredmedia":[{"embeddable":true,"href":"https:\/\/comprasyconsejos.store\/en\/wp-json\/wp\/v2\/media\/36137"}],"wp:attachment":[{"href":"https:\/\/comprasyconsejos.store\/en\/wp-json\/wp\/v2\/media?parent=36136"}],"wp:term":[{"taxonomy":"product_brand","embeddable":true,"href":"https:\/\/comprasyconsejos.store\/en\/wp-json\/wp\/v2\/product_brand?post=36136"},{"taxonomy":"product_cat","embeddable":true,"href":"https:\/\/comprasyconsejos.store\/en\/wp-json\/wp\/v2\/product_cat?post=36136"},{"taxonomy":"product_tag","embeddable":true,"href":"https:\/\/comprasyconsejos.store\/en\/wp-json\/wp\/v2\/product_tag?post=36136"}],"curies":[{"name":"wp","href":"https:\/\/api.w.org\/{rel}","templated":true}]}}