{"id":36141,"date":"2026-02-27T22:46:16","date_gmt":"2026-02-27T22:46:16","guid":{"rendered":"https:\/\/comprasyconsejos.store\/product\/asus-tuf-gaming-a520m-plus-wifi-amd-b550-ryzen-am4-m-2-wi-fi-802-11ac-sata-6gbps-usb-3-2-gen-1-sata-6gbps-and-addressable-2-gen-aura-connectors\/"},"modified":"2026-02-27T22:46:16","modified_gmt":"2026-02-27T22:46:16","slug":"asus-tuf-gaming-a520m-plus-wifi-amd-b550-ryzen-am4-m-2-wi-fi-802-11ac-sata-6gbps-usb-3-2-gen-1-sata-6gbps-and-addressable-2-gen-aura-connectors","status":"publish","type":"product","link":"https:\/\/comprasyconsejos.store\/en\/product\/asus-tuf-gaming-a520m-plus-wifi-amd-b550-ryzen-am4-m-2-wi-fi-802-11ac-sata-6gbps-usb-3-2-gen-1-sata-6gbps-and-addressable-2-gen-aura-connectors\/","title":{"rendered":"ASUS TUF Gaming A520M-PLUS WiFi &#8211; AMD B550 Ryzen AM4, M.2, Wi-Fi 802.11ac, SATA 6Gbps, USB 3.2 Gen 1, SATA 6Gbps and Addressable 2 Gen Aura Connectors"},"content":{"rendered":"<p>Price: <span style=\"color:#b12704\">\u20ac93.00<\/span><br \/><i><small>(as of Feb 27, 2026 22:46:16 UTC &#8211; <span class=\"wp_automatic_amazon_disclaimer\" title=\"Product prices and availability are accurate as of the date\/time indicated and are subject to change. Any price and availability information displayed on [relevant Amazon Site(s), as applicable] at the time of purchase will apply to the purchase of this product.\">Details<\/span>)<\/small><\/i><\/p>\n<p><a href=\"https:\/\/amazon.es\/dp\/B08CKJB8P1?tag=man008-21\"><img decoding=\"async\" src=\"https:\/\/valvepress.s3.amazonaws.com\/imgs\/buy_now.png\"><\/a><br \/>\n<\/p>\n<p>                                             From the manufacturer   <\/p>\n<p>                                                  <img decoding=\"async\" alt=\" \" src=\"https:\/\/images-na.ssl-images-amazon.com\/images\/G\/01\/x-locale\/common\/grey-pixel.gif\" class=\"a-lazy-loaded\" data-src=\"https:\/\/m.media-amazon.com\/images\/S\/aplus-media-library-service-media\/261705a5-f8a0-4094-9258-7a741fc00ae3.__CR0,0,970,300_PT0_SX970_V1___.jpg\"><img decoding=\"async\" alt=\" \" src=\"https:\/\/m.media-amazon.com\/images\/S\/aplus-media-library-service-media\/261705a5-f8a0-4094-9258-7a741fc00ae3.__CR0,0,970,300_PT0_SX970_V1___.jpg\">  <\/p>\n<p>                                                      <img decoding=\"async\" alt=\" \" src=\"https:\/\/images-na.ssl-images-amazon.com\/images\/G\/01\/x-locale\/common\/grey-pixel.gif\" class=\"a-spacing-mini a-lazy-loaded\" data-src=\"https:\/\/m.media-amazon.com\/images\/S\/aplus-media-library-service-media\/b8fc22b0-9401-4059-9ab3-284b0263839d.__CR0,0,300,400_PT0_SX300_V1___.png\"><img decoding=\"async\" alt=\" \" src=\"https:\/\/m.media-amazon.com\/images\/S\/aplus-media-library-service-media\/b8fc22b0-9401-4059-9ab3-284b0263839d.__CR0,0,300,400_PT0_SX300_V1___.png\">  <\/p>\n<p>                                                              <img decoding=\"async\" alt=\" \" src=\"https:\/\/images-na.ssl-images-amazon.com\/images\/G\/01\/x-locale\/common\/grey-pixel.gif\" class=\"a-spacing-mini a-lazy-loaded\" data-src=\"https:\/\/m.media-amazon.com\/images\/S\/aplus-media-library-service-media\/b97c4ce1-f350-4308-8991-21724d7df19a.__CR0,0,350,175_PT0_SX350_V1___.jpg\"><img decoding=\"async\" alt=\" \" src=\"https:\/\/m.media-amazon.com\/images\/S\/aplus-media-library-service-media\/b97c4ce1-f350-4308-8991-21724d7df19a.__CR0,0,350,175_PT0_SX350_V1___.jpg\">                                                                 <\/p>\n<p class=\"a-spacing-small a-size-small a-color-secondary\"> ASUS es una empresa multinacional establecida en Taiw\u00e1n desde 1989 que dise\u00f1a y fabrica hardware de inform\u00e1tica y electr\u00f3nica de consumo. Dedicada a crear soluciones que proporcionan una vida m\u00e1s inteligente. En ASUS somos unos verdaderos apasionados de la innovaci\u00f3n tecnol\u00f3gica. So\u00f1amos con crear una vida digital sencilla y completa para todos, por eso siempre andamos en busca de nuevas ideas que nos permitan ofrecer las experiencias m\u00e1s incre\u00edbles. <\/p>\n<h3 class=\"a-spacing-mini\"> TUF GAMING A520M-PLUS WIFI <\/h3>\n<p class=\"a-spacing-base\"> TUF GAMING A520M-PLUS WIFI Placa base de gaming micro-ATX AMD B550 (Ryzen AM4) con soporte M.2, Wi-Fi 802.11ac, DisplayPort, HDMI, D-Sub, SATA 6 Gbps, puertos USB 3.2 Gen. 1, SATA 6 Gbps y conectores Aura direccionables de 2.\u00aa Gen <\/p>\n<p>                                                          Z\u00f3calo AMD AM4: Compatible con los procesadores AMD Ryzen de las series 5000, 4000 G y 3000.       Refrigeraci\u00f3n completa: Disipadores VRM de gran tama\u00f1o y PCH pasivo y Fan Xpert 2+.       Dise\u00f1ada para gaming online: Wi-Fi 802.11ac, TUF LANGuard y TurboLAN.       Iluminaci\u00f3n RGB Aura Sync: Conectores Gen. 2 direccionables y RGB para tiras LED que puedes sincronizar con el resto de hardware Aura Sync.      <\/p>\n<p class=\"apm-text-center\">\n                                                      <img decoding=\"async\" alt=\" \" src=\"https:\/\/images-na.ssl-images-amazon.com\/images\/G\/01\/x-locale\/common\/grey-pixel.gif\" class=\"a-spacing-mini a-lazy-loaded\" data-src=\"https:\/\/m.media-amazon.com\/images\/S\/aplus-media-library-service-media\/e4a63756-cced-4c85-9c80-d4eb2b34438b.__CR0,0,300,300_PT0_SX300_V1___.png\"><img decoding=\"async\" alt=\" \" src=\"https:\/\/m.media-amazon.com\/images\/S\/aplus-media-library-service-media\/e4a63756-cced-4c85-9c80-d4eb2b34438b.__CR0,0,300,300_PT0_SX300_V1___.png\">  <\/p>\n<p>                                                    Stack Cool 3+                                       <\/p>\n<p> Las capas de cobre de 2 onzas alejan el calor de los componentes cr\u00edticos para que trabajen a la temperatura \u00f3ptima de funcionamiento. <\/p>\n<p class=\"apm-text-center\">\n                                                      <img decoding=\"async\" alt=\" \" src=\"https:\/\/images-na.ssl-images-amazon.com\/images\/G\/01\/x-locale\/common\/grey-pixel.gif\" class=\"a-spacing-mini a-lazy-loaded\" data-src=\"https:\/\/m.media-amazon.com\/images\/S\/aplus-media-library-service-media\/bfe7b530-403c-4823-9245-084fed79ece2.__CR0,0,300,300_PT0_SX300_V1___.png\"><img decoding=\"async\" alt=\" \" src=\"https:\/\/m.media-amazon.com\/images\/S\/aplus-media-library-service-media\/bfe7b530-403c-4823-9245-084fed79ece2.__CR0,0,300,300_PT0_SX300_V1___.png\">  <\/p>\n<p>                                                    Dise\u00f1o m\u00e1s fr\u00edo                                       <\/p>\n<p> 1.DISIPADOR VRM <\/p>\n<p> Disipador t\u00e9rmico de gran superficie que cubre las \u00e1reas VRM y de los chokes. <\/p>\n<p class=\"apm-text-center\">\n                                                      <img decoding=\"async\" alt=\" \" src=\"https:\/\/images-na.ssl-images-amazon.com\/images\/G\/01\/x-locale\/common\/grey-pixel.gif\" class=\"a-spacing-mini a-lazy-loaded\" data-src=\"https:\/\/m.media-amazon.com\/images\/S\/aplus-media-library-service-media\/9a95b9a5-aa20-493d-bf0c-be938ad784ec.__CR0,0,300,300_PT0_SX300_V1___.png\"><img decoding=\"async\" alt=\" \" src=\"https:\/\/m.media-amazon.com\/images\/S\/aplus-media-library-service-media\/9a95b9a5-aa20-493d-bf0c-be938ad784ec.__CR0,0,300,300_PT0_SX300_V1___.png\">  <\/p>\n<p>                                                    M.2 de 32 Gbps                                       <\/p>\n<p> La ranura M.2 soporta hasta unidades 22110 y velocidades m\u00e1ximas de 32 Gbps a trav\u00e9s de un ancho de banda x4 PCI Express 3.0, lo que acelera el arranque del S.O. y las aplicaciones. <\/p>\n<p class=\"apm-text-center\">\n                                                      <img decoding=\"async\" alt=\" \" src=\"https:\/\/images-na.ssl-images-amazon.com\/images\/G\/01\/x-locale\/common\/grey-pixel.gif\" class=\"a-spacing-mini a-lazy-loaded\" data-src=\"https:\/\/m.media-amazon.com\/images\/S\/aplus-media-library-service-media\/d622159b-ed97-46ae-9ab7-4fd44c5f1738.__CR0,0,300,300_PT0_SX300_V1___.png\"><img decoding=\"async\" alt=\" \" src=\"https:\/\/m.media-amazon.com\/images\/S\/aplus-media-library-service-media\/d622159b-ed97-46ae-9ab7-4fd44c5f1738.__CR0,0,300,300_PT0_SX300_V1___.png\">  <\/p>\n<p>                                                    USB 3.2 Gen. 1 de tipo A                                       <\/p>\n<p> Los numerosos puertos USB permiten conectar todo tipo de perif\u00e9ricos gaming. Tambi\u00e9n incluye conectores USB 3.2 Gen 1 de tipo A para cajas compatibles. <\/p>\n<p class=\"apm-text-center\">\n                                                      <img decoding=\"async\" alt=\" \" src=\"https:\/\/images-na.ssl-images-amazon.com\/images\/G\/01\/x-locale\/common\/grey-pixel.gif\" class=\"a-spacing-mini a-lazy-loaded\" data-src=\"https:\/\/m.media-amazon.com\/images\/S\/aplus-media-library-service-media\/24fa55cb-347e-428a-8454-261e90983f31.__CR0,0,300,300_PT0_SX300_V1___.png\"><img decoding=\"async\" alt=\" \" src=\"https:\/\/m.media-amazon.com\/images\/S\/aplus-media-library-service-media\/24fa55cb-347e-428a-8454-261e90983f31.__CR0,0,300,300_PT0_SX300_V1___.png\">  <\/p>\n<p>                                                    SafeSlot Core+                                       <\/p>\n<p> SafeSlot Core+ es el dise\u00f1o de ranura PCIe de ASUS. Tiene un dise\u00f1o reforzado con acero inoxidable que se sujeta a la ranura con ganchos especiales. Adem\u00e1s, todo el conjunto est\u00e1 firmemente anclado a la placa de circuito impreso con puntos de soldadura adicionales que aumentan la seguridad de las tarjetas gr\u00e1ficas m\u00e1s pesadas. <\/p>\n<p class=\"apm-text-center\">\n                                                      <img decoding=\"async\" alt=\" \" src=\"https:\/\/images-na.ssl-images-amazon.com\/images\/G\/01\/x-locale\/common\/grey-pixel.gif\" class=\"a-spacing-mini a-lazy-loaded\" data-src=\"https:\/\/m.media-amazon.com\/images\/S\/aplus-media-library-service-media\/5507cbb6-98c4-4926-9c87-d19a94515666.__CR0,0,300,300_PT0_SX300_V1___.png\"><img decoding=\"async\" alt=\" \" src=\"https:\/\/m.media-amazon.com\/images\/S\/aplus-media-library-service-media\/5507cbb6-98c4-4926-9c87-d19a94515666.__CR0,0,300,300_PT0_SX300_V1___.png\">  <\/p>\n<p>                                                    TUF LANGuard                                       <\/p>\n<p> TUF LANGuard es una innovaci\u00f3n militar que, gracias al acoplamiento de se\u00f1al y a unos condensadores premium montados en superficie, aumenta el rendimiento de la conexi\u00f3n LAN y la protege contra rayos y electricidad est\u00e1tica. <\/p>\n<p class=\"apm-text-center\">\n                                                      <img decoding=\"async\" alt=\" \" src=\"https:\/\/images-na.ssl-images-amazon.com\/images\/G\/01\/x-locale\/common\/grey-pixel.gif\" class=\"a-spacing-mini a-lazy-loaded\" data-src=\"https:\/\/m.media-amazon.com\/images\/S\/aplus-media-library-service-media\/cc33f33e-c4a4-430d-b289-7cb39a8b4c69.__CR0,0,300,300_PT0_SX300_V1___.png\"><img decoding=\"async\" alt=\" \" src=\"https:\/\/m.media-amazon.com\/images\/S\/aplus-media-library-service-media\/cc33f33e-c4a4-430d-b289-7cb39a8b4c69.__CR0,0,300,300_PT0_SX300_V1___.png\">  <\/p>\n<p>                                                    BIOS Flashback                                       <\/p>\n<p> BIOS Flashback es el m\u00e9todo de actualizaci\u00f3n (UEFI) BIOS m\u00e1s simple y seguro. Coloca el archivo (UEFI) BIOS en una memoria USB con formato FAT32, conecta la memoria USB al puerto USB BIOS Flashback y presiona el bot\u00f3n. Puedes incluso realizar actualizaciones sin haber instalado la memoria ni la CPU. <\/p>\n<p class=\"apm-text-center\">\n                                                      <img decoding=\"async\" alt=\" \" src=\"https:\/\/images-na.ssl-images-amazon.com\/images\/G\/01\/x-locale\/common\/grey-pixel.gif\" class=\"a-spacing-mini a-lazy-loaded\" data-src=\"https:\/\/m.media-amazon.com\/images\/S\/aplus-media-library-service-media\/ad35f380-c33a-4563-b016-d688acca3a00.__CR0,0,300,300_PT0_SX300_V1___.png\"><img decoding=\"async\" alt=\" \" src=\"https:\/\/m.media-amazon.com\/images\/S\/aplus-media-library-service-media\/ad35f380-c33a-4563-b016-d688acca3a00.__CR0,0,300,300_PT0_SX300_V1___.png\">  <\/p>\n<p>                                                    Redes                                       <\/p>\n<p> Wi-Fi 802.11ac La TUF GAMING A520M-PLUS WIFI incorpora Wi-Fi 802.11ac 1&#215;1 de 2,4 y 5 GHz que ofrece velocidades de hasta 433,3Mbps* y garantiza las mejores conexiones inal\u00e1mbricas y en l\u00ednea. <\/p>\n<p> * La velocidad real var\u00eda y depende de las condiciones de la red. <\/p>\n<p class=\"apm-text-center\">\n                                                      <img decoding=\"async\" alt=\" \" src=\"https:\/\/images-na.ssl-images-amazon.com\/images\/G\/01\/x-locale\/common\/grey-pixel.gif\" class=\"a-spacing-mini a-lazy-loaded\" data-src=\"https:\/\/m.media-amazon.com\/images\/S\/aplus-media-library-service-media\/e65d2f32-7e93-4683-ad50-a4a47ca51dce.__CR0,0,300,300_PT0_SX300_V1___.png\"><img decoding=\"async\" alt=\" \" src=\"https:\/\/m.media-amazon.com\/images\/S\/aplus-media-library-service-media\/e65d2f32-7e93-4683-ad50-a4a47ca51dce.__CR0,0,300,300_PT0_SX300_V1___.png\">  <\/p>\n<p>                                                    Eclipsa a los rivales                                       <\/p>\n<p> Un sistema bien ajustado ha de ir acompa\u00f1ado por una est\u00e9tica que le haga justicia. ASUS Aura incluye todos los controles RGB y un variado abanico de efectos de iluminaci\u00f3n para los LED RGB integrados en la placa y las tiras RGB. Tambi\u00e9n se puede sincronizar con los productos compatibles con Aura. M\u00e1s informaci\u00f3n de ASUS Aura Sync. <\/p>\n<p> A. Conector RGB direccionable de 2.\u00aa gen <\/p>\n<p> B. Conector RGB <\/p>\n<p> Batteries                                            \u200f                                            :                                            \u200e                                            1 Lithium Ion batteries required.   <br \/> Product Dimensions                                            \u200f                                            :                                            \u200e                                            24.4 x 24.4 x 10.4 cm; 1 kg   <br \/> Manufacturer                                            \u200f                                            :                                            \u200e                                            ASUS   <br \/> ASIN                                            \u200f                                            :                                            \u200e                                            B08CKJB8P1   <br \/> Item model number                                            \u200f                                            :                                            \u200e                                            90MB17F0-M0EAY0   <br \/> Country of origin                                            \u200f                                            :                                            \u200e                                            China   <br \/> Guaranteed software updates until                                            \u200f                                            :                                            \u200e                                            unknown   <br \/>  Customer reviews:                                                                                            4.4               4.4 out of 5 stars                                  (307)                                              var dpAcrHasRegisteredArcLinkClickAction;                    P.when(&#8216;A&#8217;, &#8216;ready&#8217;).execute(function(A) {                        if (dpAcrHasRegisteredArcLinkClickAction !== true) {                            dpAcrHasRegisteredArcLinkClickAction = true;                            A.declarative(                                &#8216;acrLink-click-metrics&#8217;, &#8216;click&#8217;,                                { \u00aballowLinkDefault\u00bb: true },                                function (event) {                                    if (window.ue) {                                        ue.count(\u00abacrLinkClickCount\u00bb, (ue.count(\u00abacrLinkClickCount\u00bb) || 0) + 1);                                    }                                }                            );                        }                    });                                             P.when(&#8216;A&#8217;, &#8216;cf&#8217;).execute(function(A) {                A.declarative(&#8216;acrStarsLink-click-metrics&#8217;, &#8216;click&#8217;, { \u00aballowLinkDefault\u00bb : true },  function(event){                    if(window.ue) {                        ue.count(\u00abacrStarsLinkWithPopoverClickCount\u00bb, (ue.count(\u00abacrStarsLinkWithPopoverClickCount\u00bb) || 0) + 1);                    }                });            });                          <\/p>\n<p>AMD AM4 Socket: Compatible with AMD Ryzen 5000, 4000G and 3000 series processors<br \/>Full cooling: Oversized VRM heatsinks and passive PCH and Fan Xpert 2+<br \/>Designed for online gaming: Wi-Fi 802.11ac, TUF LANGuard and TurboLAN<br \/>Aura Sync RGB Lighting: Gen Connectors. 2 addressable and RGB LED strips that you can sync with the rest of Aura Sync hardware<\/p>\n\n","protected":false},"excerpt":{"rendered":"<p> From the manufacturer ASUS es una empresa multinacional establecida en Taiw\u00e1n desde 1989 que dise\u00f1a<\/p>","protected":false},"featured_media":36142,"comment_status":"open","ping_status":"closed","template":"","meta":[],"product_brand":[],"product_cat":[78],"product_tag":[5573,8990,10396,1565,1662,530,1447,850,1444,3195,1661,1445,1451,3774,1449,617,1443,855,1448,1119,1442,531,1646,851,133,543,1450,1446],"class_list":{"0":"post-36141","1":"product","2":"type-product","3":"status-publish","4":"has-post-thumbnail","6":"product_cat-motherboards","7":"product_tag-6gbps","8":"product_tag-802-11ac","9":"product_tag-a520mplus","10":"product_tag-addressable","11":"product_tag-am4","12":"product_tag-amd","13":"product_tag-amd-motherboard","14":"product_tag-asus","15":"product_tag-atx-motherboard","16":"product_tag-aura","17":"product_tag-b550","18":"product_tag-b550-motherboard","19":"product_tag-best-motherboard","20":"product_tag-connectors","21":"product_tag-ddr5-motherboard","22":"product_tag-gaming","23":"product_tag-gaming-motherboard","24":"product_tag-gen","25":"product_tag-intel-motherboard","26":"product_tag-m-2","27":"product_tag-motherboard","28":"product_tag-ryzen","29":"product_tag-sata","30":"product_tag-tuf","31":"product_tag-usb","32":"product_tag-wifi","33":"product_tag-wifi-motherboard","34":"product_tag-z790-motherboard","36":"first","37":"instock","38":"shipping-taxable","39":"product-type-external"},"_links":{"self":[{"href":"https:\/\/comprasyconsejos.store\/en\/wp-json\/wp\/v2\/product\/36141","targetHints":{"allow":["GET"]}}],"collection":[{"href":"https:\/\/comprasyconsejos.store\/en\/wp-json\/wp\/v2\/product"}],"about":[{"href":"https:\/\/comprasyconsejos.store\/en\/wp-json\/wp\/v2\/types\/product"}],"replies":[{"embeddable":true,"href":"https:\/\/comprasyconsejos.store\/en\/wp-json\/wp\/v2\/comments?post=36141"}],"version-history":[{"count":0,"href":"https:\/\/comprasyconsejos.store\/en\/wp-json\/wp\/v2\/product\/36141\/revisions"}],"wp:featuredmedia":[{"embeddable":true,"href":"https:\/\/comprasyconsejos.store\/en\/wp-json\/wp\/v2\/media\/36142"}],"wp:attachment":[{"href":"https:\/\/comprasyconsejos.store\/en\/wp-json\/wp\/v2\/media?parent=36141"}],"wp:term":[{"taxonomy":"product_brand","embeddable":true,"href":"https:\/\/comprasyconsejos.store\/en\/wp-json\/wp\/v2\/product_brand?post=36141"},{"taxonomy":"product_cat","embeddable":true,"href":"https:\/\/comprasyconsejos.store\/en\/wp-json\/wp\/v2\/product_cat?post=36141"},{"taxonomy":"product_tag","embeddable":true,"href":"https:\/\/comprasyconsejos.store\/en\/wp-json\/wp\/v2\/product_tag?post=36141"}],"curies":[{"name":"wp","href":"https:\/\/api.w.org\/{rel}","templated":true}]}}