{"id":36144,"date":"2026-02-27T22:51:59","date_gmt":"2026-02-27T22:51:59","guid":{"rendered":"https:\/\/comprasyconsejos.store\/product\/msi-geforce-rtx-5090-32g-gaming-trio-oc-rtx-5090-graphics-card-32gb-gddr7-28gbps-512bit-pcie-5-0-tri-frozr-4-3x-stormforce-fan-gaming-silence-mode-hdmi-2-1b-displayport\/"},"modified":"2026-02-27T22:52:00","modified_gmt":"2026-02-27T22:52:00","slug":"msi-geforce-rtx-5090-32g-gaming-trio-oc-rtx-5090-graphics-card-32gb-gddr7-28gbps-512bit-pcie-5-0-tri-frozr-4-3x-stormforce-fan-gaming-silence-mode-hdmi-2-1b-displayport","status":"publish","type":"product","link":"https:\/\/comprasyconsejos.store\/en\/product\/msi-geforce-rtx-5090-32g-gaming-trio-oc-rtx-5090-graphics-card-32gb-gddr7-28gbps-512bit-pcie-5-0-tri-frozr-4-3x-stormforce-fan-gaming-silence-mode-hdmi-2-1b-displayport\/","title":{"rendered":"MSI GeForce RTX 5090 32G Gaming Trio OC RTX 5090 Graphics Card, 32GB GDDR7 (28Gbps\/512bit), PCIe 5.0 &#8211; Tri FROZR 4 (3x STORMFORCE Fan), Gaming &#038; Silence Mode &#8211; HDMI 2.1b, DisplayPort"},"content":{"rendered":"<p>Price: <span style=\"color:#b12704\">\u20ac3,649.00<\/span><br \/><i><small>(as of Feb 27, 2026 22:51:59 UTC &#8211; <span class=\"wp_automatic_amazon_disclaimer\" title=\"Product prices and availability are accurate as of the date\/time indicated and are subject to change. Any price and availability information displayed on [relevant Amazon Site(s), as applicable] at the time of purchase will apply to the purchase of this product.\">Details<\/span>)<\/small><\/i><\/p>\n<p><a href=\"https:\/\/amazon.es\/dp\/B0DT6Q3BXM?tag=man008-21\"><img decoding=\"async\" src=\"https:\/\/valvepress.s3.amazonaws.com\/imgs\/buy_now.png\"><\/a><br \/>\n<\/p>\n<p>                                             From the manufacturer   <\/p>\n<p>                                                  <img decoding=\"async\" alt=\"Tarjetas gr\u00e1ficas GeForce RTX Serie 50\" src=\"https:\/\/images-na.ssl-images-amazon.com\/images\/G\/01\/x-locale\/common\/grey-pixel.gif\" class=\"a-lazy-loaded\" data-src=\"https:\/\/m.media-amazon.com\/images\/S\/aplus-media\/vc\/8e0bcdf7-573a-4b84-ae22-318ffa9e5346.__CR0,0,1940,600_PT0_SX970_V1___.jpg\"><img decoding=\"async\" alt=\"Tarjetas gr\u00e1ficas GeForce RTX Serie 50\" src=\"https:\/\/m.media-amazon.com\/images\/S\/aplus-media\/vc\/8e0bcdf7-573a-4b84-ae22-318ffa9e5346.__CR0,0,1940,600_PT0_SX970_V1___.jpg\">  <\/p>\n<p>                                                      <img decoding=\"async\" alt=\"GeForce RTX 5090 32G GAMING TRIO OC\" src=\"https:\/\/images-na.ssl-images-amazon.com\/images\/G\/01\/x-locale\/common\/grey-pixel.gif\" class=\"a-spacing-mini a-lazy-loaded\" data-src=\"https:\/\/m.media-amazon.com\/images\/S\/aplus-media\/vc\/860edc25-8ccd-4a8b-adb3-077c130adf12.__CR0,0,600,800_PT0_SX300_V1___.jpg\"><img decoding=\"async\" alt=\"GeForce RTX 5090 32G GAMING TRIO OC\" src=\"https:\/\/m.media-amazon.com\/images\/S\/aplus-media\/vc\/860edc25-8ccd-4a8b-adb3-077c130adf12.__CR0,0,600,800_PT0_SX300_V1___.jpg\">  <\/p>\n<p>                                                              <img decoding=\"async\" alt=\"MSI: For Gamers &amp;amp; Creators\" src=\"https:\/\/images-na.ssl-images-amazon.com\/images\/G\/01\/x-locale\/common\/grey-pixel.gif\" class=\"a-spacing-mini a-lazy-loaded\" data-src=\"https:\/\/m.media-amazon.com\/images\/S\/aplus-media\/vc\/114fa35d-9063-4a70-a19b-1a84ab6eba49.__CR0,0,350,175_PT0_SX350_V1___.png\"><img decoding=\"async\" alt=\"MSI: For Gamers &amp;amp; Creators\" src=\"https:\/\/m.media-amazon.com\/images\/S\/aplus-media\/vc\/114fa35d-9063-4a70-a19b-1a84ab6eba49.__CR0,0,350,175_PT0_SX350_V1___.png\">                                          MSI: For Gamers &amp; Creators                                 <\/p>\n<p class=\"a-spacing-small a-size-small a-color-secondary\"> MSI is one of the most trusted names in gaming and esports with countless hours and significant resources invested into premier esports leagues and tier-1 gaming teams. By supporting and working with the best of the best, MSI is able to integrate competitive gaming knowledge and aspirations with technological innovation to create new products that shatter today&#8217;s performance limits. <\/p>\n<h3 class=\"a-spacing-mini\"> GeForce RTX 5090 32G GAMING TRIO OC <\/h3>\n<p>                                          Tarjetas gr\u00e1ficas GeForce RTX Serie 50                                     <\/p>\n<p class=\"a-spacing-base\"> Impulsadas por NVIDIA Blackwell, las GPU GeForce RTX Serie 50 aportan funciones revolucionarias a jugadores y creadores. Equipada con un enorme nivel de potencia de IA, la serie RTX 50 permite nuevas experiencias y una fidelidad gr\u00e1fica de nivel superior. Multiplica el rendimiento con NVIDIA DLSS 4, genera im\u00e1genes a una velocidad sin precedentes y da rienda suelta a tu creatividad con NVIDIA Studio. <\/p>\n<p>                                                          Powered by NVIDIA Blackwell, GeForce RTX 50 Series GPUs bring game-changing AI capabilities to gamers and creators      <\/p>\n<p class=\"apm-text-center\">\n                                                      <img decoding=\"async\" alt=\"Lo \u00faltimo en Ray Tracing e IA\" src=\"https:\/\/images-na.ssl-images-amazon.com\/images\/G\/01\/x-locale\/common\/grey-pixel.gif\" class=\"a-lazy-loaded\" data-src=\"https:\/\/m.media-amazon.com\/images\/S\/aplus-media\/vc\/6fb20d4f-de42-4316-90d4-73cf39dce95c.__CR0,0,600,600_PT0_SX220_V1___.jpg\"><img decoding=\"async\" alt=\"Lo \u00faltimo en Ray Tracing e IA\" src=\"https:\/\/m.media-amazon.com\/images\/S\/aplus-media\/vc\/6fb20d4f-de42-4316-90d4-73cf39dce95c.__CR0,0,600,600_PT0_SX220_V1___.jpg\">  <\/p>\n<p>                                                    Lo \u00faltimo en Ray Tracing e IA                                     <\/p>\n<p class=\"a-size-small\">\n<p>NVIDIA RTX es la plataforma m\u00e1s avanzada para tecnolog\u00edas de trazado completo de rayos y renderizado neuronal que est\u00e1n revolucionando nuestra forma de jugar y crear. M\u00e1s de 700 juegos y aplicaciones utilizan RTX para ofrecer gr\u00e1ficos realistas y un rendimiento incre\u00edblemente r\u00e1pido con funciones de IA de \u00faltima generaci\u00f3n como DLSS Multi Frame Generation.<\/p>\n<p class=\"apm-text-center\">\n                                                      <img decoding=\"async\" alt=\"Velocidad suprema. Im\u00e1genes superiores. Potenciado por la IA.\" src=\"https:\/\/images-na.ssl-images-amazon.com\/images\/G\/01\/x-locale\/common\/grey-pixel.gif\" class=\"a-lazy-loaded\" data-src=\"https:\/\/m.media-amazon.com\/images\/S\/aplus-media\/vc\/50954bc3-6ac3-437a-966f-d5e3d2b5b4b9.__CR0,0,600,600_PT0_SX220_V1___.jpg\"><img decoding=\"async\" alt=\"Velocidad suprema. Im\u00e1genes superiores. Potenciado por la IA.\" src=\"https:\/\/m.media-amazon.com\/images\/S\/aplus-media\/vc\/50954bc3-6ac3-437a-966f-d5e3d2b5b4b9.__CR0,0,600,600_PT0_SX220_V1___.jpg\">  <\/p>\n<p>                                                    Velocidad suprema. Im\u00e1genes superiores. Potenciado por la IA.                                     <\/p>\n<p class=\"a-size-small\">\n<p>NVIDIA DLSS es un revolucionario conjunto de tecnolog\u00edas de renderizado neuronal que utiliza la IA para aumentar los FPS, reducir la latencia y mejorar la calidad de imagen. DLSS 4 incorpora una nueva generaci\u00f3n de fotogramas m\u00faltiples y mejoras en la reconstrucci\u00f3n de rayos y la superresoluci\u00f3n, impulsadas por las GPU GeForce RTX Serie 50 y los n\u00facleos tensoriales de quinta generaci\u00f3n.<\/p>\n<p class=\"apm-text-center\">\n                                                      <img decoding=\"async\" alt=\"Realismo que cambia las reglas del juego\" src=\"https:\/\/images-na.ssl-images-amazon.com\/images\/G\/01\/x-locale\/common\/grey-pixel.gif\" class=\"a-lazy-loaded\" data-src=\"https:\/\/m.media-amazon.com\/images\/S\/aplus-media\/vc\/c6d823db-1903-4f20-9f24-2c5e70a39f3c.__CR0,0,600,600_PT0_SX220_V1___.jpg\"><img decoding=\"async\" alt=\"Realismo que cambia las reglas del juego\" src=\"https:\/\/m.media-amazon.com\/images\/S\/aplus-media\/vc\/c6d823db-1903-4f20-9f24-2c5e70a39f3c.__CR0,0,600,600_PT0_SX220_V1___.jpg\">  <\/p>\n<p>                                                    Realismo que cambia las reglas del juego                                     <\/p>\n<p class=\"a-size-small\">\n<p>Basadas en la arquitectura NVIDIA Blackwell, las GPU GeForce RTX Serie 50 proporcionan un realismo sin precedentes gracias al trazado completo de rayos. Disfruta de im\u00e1genes de calidad cinematogr\u00e1fica a una velocidad sin precedentes con los n\u00facleos RT de cuarta generaci\u00f3n y las revolucionarias tecnolog\u00edas de renderizado neuronal aceleradas con los n\u00facleos tensores de quinta generaci\u00f3n.<\/p>\n<p class=\"apm-text-center\">\n                                                      <img decoding=\"async\" alt=\"NVIDIA potencia la IA mundial. Y la tuya.\" src=\"https:\/\/images-na.ssl-images-amazon.com\/images\/G\/01\/x-locale\/common\/grey-pixel.gif\" class=\"a-lazy-loaded\" data-src=\"https:\/\/m.media-amazon.com\/images\/S\/aplus-media\/vc\/a2cb7df9-953b-4598-90ea-c5eade719cbd.__CR0,0,600,600_PT0_SX220_V1___.jpg\"><img decoding=\"async\" alt=\"NVIDIA potencia la IA mundial. Y la tuya.\" src=\"https:\/\/m.media-amazon.com\/images\/S\/aplus-media\/vc\/a2cb7df9-953b-4598-90ea-c5eade719cbd.__CR0,0,600,600_PT0_SX220_V1___.jpg\">  <\/p>\n<p>                                                    NVIDIA potencia la IA mundial. Y la tuya.                                     <\/p>\n<p class=\"a-size-small\"> P\u00e1sate a la IA avanzada con las GPU NVIDIA GeForce RTX y acelera tus juegos, la creaci\u00f3n, la productividad y el desarrollo. Gracias a los procesadores de IA integrados, dispondr\u00e1s de la tecnolog\u00eda de IA m\u00e1s avanzada en tu PC Windows. <\/p>\n<p class=\"apm-text-center\">\n                                                      <img decoding=\"async\" alt=\"DISE\u00d1O T\u00c9RMICO TRI FROZR 4\" src=\"https:\/\/images-na.ssl-images-amazon.com\/images\/G\/01\/x-locale\/common\/grey-pixel.gif\" class=\"a-lazy-loaded\" data-src=\"https:\/\/m.media-amazon.com\/images\/S\/aplus-media\/vc\/de1a1a6a-dd9f-4aea-84c2-99a2fb42abaf.__CR0,0,2000,2000_PT0_SX220_V1___.jpg\"><img decoding=\"async\" alt=\"DISE\u00d1O T\u00c9RMICO TRI FROZR 4\" src=\"https:\/\/m.media-amazon.com\/images\/S\/aplus-media\/vc\/de1a1a6a-dd9f-4aea-84c2-99a2fb42abaf.__CR0,0,2000,2000_PT0_SX220_V1___.jpg\">  <\/p>\n<p>                                                    DISE\u00d1O T\u00c9RMICO TRI FROZR 4                                     <\/p>\n<p class=\"a-size-small\">\n<p>Ventiladores mejorados, mayor control del flujo de aire e innovaciones t\u00e9rmicas avanzadas que proporcionan una refrigeraci\u00f3n superior y un funcionamiento m\u00e1s silencioso que elevan el rendimiento general de la tarjeta gr\u00e1fica.<\/p>\n<p class=\"apm-text-center\">\n                                                      <img decoding=\"async\" alt=\"STORMFORCE FAN\" src=\"https:\/\/images-na.ssl-images-amazon.com\/images\/G\/01\/x-locale\/common\/grey-pixel.gif\" class=\"a-lazy-loaded\" data-src=\"https:\/\/m.media-amazon.com\/images\/S\/aplus-media\/vc\/7e1d9bd5-028b-4019-aa44-9168079f4948.__CR0,0,2000,2000_PT0_SX220_V1___.jpg\"><img decoding=\"async\" alt=\"STORMFORCE FAN\" src=\"https:\/\/m.media-amazon.com\/images\/S\/aplus-media\/vc\/7e1d9bd5-028b-4019-aa44-9168079f4948.__CR0,0,2000,2000_PT0_SX220_V1___.jpg\">  <\/p>\n<p>                                                    STORMFORCE FAN                                     <\/p>\n<p class=\"a-size-small\">\n<p>Vers\u00e1til y de alto rendimiento, el ventilador STORMFORCE cuenta con siete aspas con una textura de garra que mejora la presi\u00f3n del aire. Un arco circular concentra el flujo de aire y ofrece una eficiencia de refrigeraci\u00f3n excepcional, un ruido m\u00ednimo y un rendimiento general extraordinario.<\/p>\n<p class=\"apm-text-center\">\n                                                      <img decoding=\"async\" alt=\"BASEPLATE DE COBRE NIQUELADO\" src=\"https:\/\/images-na.ssl-images-amazon.com\/images\/G\/01\/x-locale\/common\/grey-pixel.gif\" class=\"a-lazy-loaded\" data-src=\"https:\/\/m.media-amazon.com\/images\/S\/aplus-media\/vc\/a85fa3f9-a722-4b3c-b50f-ee77a6df847f.__CR0,0,2000,2000_PT0_SX220_V1___.jpg\"><img decoding=\"async\" alt=\"BASEPLATE DE COBRE NIQUELADO\" src=\"https:\/\/m.media-amazon.com\/images\/S\/aplus-media\/vc\/a85fa3f9-a722-4b3c-b50f-ee77a6df847f.__CR0,0,2000,2000_PT0_SX220_V1___.jpg\">  <\/p>\n<p>                                                    BASEPLATE DE COBRE NIQUELADO                                     <\/p>\n<p class=\"a-size-small\">\n<p>El calor de la GPU y los m\u00f3dulos de memoria es captado r\u00e1pidamente por una s\u00f3lida placa base de cobre niquelado y transferido con rapidez a los core pipes.<\/p>\n<p class=\"apm-text-center\">\n                                                      <img decoding=\"async\" alt=\"CORE PIPES\" src=\"https:\/\/images-na.ssl-images-amazon.com\/images\/G\/01\/x-locale\/common\/grey-pixel.gif\" class=\"a-lazy-loaded\" data-src=\"https:\/\/m.media-amazon.com\/images\/S\/aplus-media\/vc\/b58142c3-adce-476c-896b-12ccbf9d9241.__CR0,0,2000,2000_PT0_SX220_V1___.jpg\"><img decoding=\"async\" alt=\"CORE PIPES\" src=\"https:\/\/m.media-amazon.com\/images\/S\/aplus-media\/vc\/b58142c3-adce-476c-896b-12ccbf9d9241.__CR0,0,2000,2000_PT0_SX220_V1___.jpg\">  <\/p>\n<p>                                                    CORE PIPES                                     <\/p>\n<p class=\"a-size-small\">\n<p>Los Core Pipes est\u00e1n dise\u00f1ados con un \u00e1rea de contacto de forma cuadrada para capturar el m\u00e1ximo calor en el punto en el que se acopla a la placa base de la GPU y dispersarlo por el disipador para lograr una gesti\u00f3n t\u00e9rmica \u00f3ptima.<\/p>\n<p class=\"apm-text-center\">\n                                                      <img decoding=\"async\" alt=\"WAVE CURVED 4.0\" src=\"https:\/\/images-na.ssl-images-amazon.com\/images\/G\/01\/x-locale\/common\/grey-pixel.gif\" class=\"a-lazy-loaded\" data-src=\"https:\/\/m.media-amazon.com\/images\/S\/aplus-media\/vc\/e00eea6c-b2b2-46c8-a07d-8edb6cfa90e5.__CR0,0,2000,2000_PT0_SX220_V1___.jpg\"><img decoding=\"async\" alt=\"WAVE CURVED 4.0\" src=\"https:\/\/m.media-amazon.com\/images\/S\/aplus-media\/vc\/e00eea6c-b2b2-46c8-a07d-8edb6cfa90e5.__CR0,0,2000,2000_PT0_SX220_V1___.jpg\">  <\/p>\n<p>                                                    WAVE CURVED 4.0                                     <\/p>\n<p class=\"a-size-small\">\n<p>Los refinados bordes ondulados tienen un dise\u00f1o de aletas altas y bajas con \u00e1ngulos de precisi\u00f3n. El flujo de aire del ventilador se mejora reduciendo significativamente la turbulencia y maximizando la disipaci\u00f3n de calor para una eficiencia de refrigeraci\u00f3n superior.<\/p>\n<p class=\"apm-text-center\">\n                                                      <img decoding=\"async\" alt=\"AIR ANTEGRADE FIN 2.0\" src=\"https:\/\/images-na.ssl-images-amazon.com\/images\/G\/01\/x-locale\/common\/grey-pixel.gif\" class=\"a-lazy-loaded\" data-src=\"https:\/\/m.media-amazon.com\/images\/S\/aplus-media\/vc\/f4e082b7-8e46-4d8e-b9cf-5280b011c452.__CR0,0,2000,2000_PT0_SX220_V1___.jpg\"><img decoding=\"async\" alt=\"AIR ANTEGRADE FIN 2.0\" src=\"https:\/\/m.media-amazon.com\/images\/S\/aplus-media\/vc\/f4e082b7-8e46-4d8e-b9cf-5280b011c452.__CR0,0,2000,2000_PT0_SX220_V1___.jpg\">  <\/p>\n<p>                                                    AIR ANTEGRADE FIN 2.0                                     <\/p>\n<p class=\"a-size-small\">\n<p>Dise\u00f1adas por expertos con \u00e1ngulos calculados con precisi\u00f3n, las aletas del disipador t\u00e9rmico con un recorte en forma de V y un dise\u00f1o alto-bajo est\u00e1n colocadas exactamente en el paso del flujo de aire para optimizar la eficiencia del flujo, reducir la resistencia y maximizar el rendimiento de refrigeraci\u00f3n.<\/p>\n<p class=\"apm-text-center\">\n                                                      <img decoding=\"async\" alt=\"BACKPLATE MET\u00c1LICA\" src=\"https:\/\/images-na.ssl-images-amazon.com\/images\/G\/01\/x-locale\/common\/grey-pixel.gif\" class=\"a-lazy-loaded\" data-src=\"https:\/\/m.media-amazon.com\/images\/S\/aplus-media\/vc\/8abeac1a-32db-42e3-bf3d-82d8ec08bae6.__CR0,0,2000,2000_PT0_SX220_V1___.jpg\"><img decoding=\"async\" alt=\"BACKPLATE MET\u00c1LICA\" src=\"https:\/\/m.media-amazon.com\/images\/S\/aplus-media\/vc\/8abeac1a-32db-42e3-bf3d-82d8ec08bae6.__CR0,0,2000,2000_PT0_SX220_V1___.jpg\">  <\/p>\n<p>                                                    BACKPLATE MET\u00c1LICA                                     <\/p>\n<p class=\"a-size-small\">\n<p>Una backplate met\u00e1lica de refuerzo est\u00e1 equipada con almohadillas t\u00e9rmicas para mejorar la capacidad de refrigeraci\u00f3n, mientras que los orificios de ventilaci\u00f3n permiten que el aire de escape pase a trav\u00e9s de la placa posterior, reduciendo eficazmente el exceso de calor.<\/p>\n<p class=\"apm-text-center\">\n                                                      <img decoding=\"async\" alt=\"ZERO FROZR\" src=\"https:\/\/images-na.ssl-images-amazon.com\/images\/G\/01\/x-locale\/common\/grey-pixel.gif\" class=\"a-lazy-loaded\" data-src=\"https:\/\/m.media-amazon.com\/images\/S\/aplus-media\/vc\/506e187f-5a32-4d3e-9fd0-c9a008b77168.__CR0,0,2000,2000_PT0_SX220_V1___.jpg\"><img decoding=\"async\" alt=\"ZERO FROZR\" src=\"https:\/\/m.media-amazon.com\/images\/S\/aplus-media\/vc\/506e187f-5a32-4d3e-9fd0-c9a008b77168.__CR0,0,2000,2000_PT0_SX220_V1___.jpg\">  <\/p>\n<p>                                                    ZERO FROZR                                     <\/p>\n<p class=\"a-size-small\">\n<p>Los ventiladores se detienen por completo cuando las temperaturas son relativamente bajas, eliminando todo el ruido cuando no se necesita refrigeraci\u00f3n activa. Los ventiladores volver\u00e1n a girar autom\u00e1ticamente cuando la calefacci\u00f3n est\u00e9 encendida durante los juegos.<\/p>\n<p> Language                                            \u200f                                            :                                            \u200e                                            English, English, English, English, English   <br \/> Product Dimensions                                            \u200f                                            :                                            \u200e                                            35.9 x 14.9 x 0.1 cm; 2 kg   <br \/> Manufacturer                                            \u200f                                            :                                            \u200e                                            MSI Computer   <br \/> ASIN                                            \u200f                                            :                                            \u200e                                            B0DT6Q3BXM   <br \/> Item model number                                            \u200f                                            :                                            \u200e                                            V530-014R   <br \/> Guaranteed software updates until                                            \u200f                                            :                                            \u200e                                            unknown   <br \/>  Customer reviews:                                                                                            4.2               4.2 out of 5 stars                                  (175)                                              var dpAcrHasRegisteredArcLinkClickAction;                    P.when(&#8216;A&#8217;, &#8216;ready&#8217;).execute(function(A) {                        if (dpAcrHasRegisteredArcLinkClickAction !== true) {                            dpAcrHasRegisteredArcLinkClickAction = true;                            A.declarative(                                &#8216;acrLink-click-metrics&#8217;, &#8216;click&#8217;,                                { \u00aballowLinkDefault\u00bb: true },                                function (event) {                                    if (window.ue) {                                        ue.count(\u00abacrLinkClickCount\u00bb, (ue.count(\u00abacrLinkClickCount\u00bb) || 0) + 1);                                    }                                }                            );                        }                    });                                             P.when(&#8216;A&#8217;, &#8216;cf&#8217;).execute(function(A) {                A.declarative(&#8216;acrStarsLink-click-metrics&#8217;, &#8216;click&#8217;, { \u00aballowLinkDefault\u00bb : true },  function(event){                    if(window.ue) {                        ue.count(\u00abacrStarsLinkWithPopoverClickCount\u00bb, (ue.count(\u00abacrStarsLinkWithPopoverClickCount\u00bb) || 0) + 1);                    }                });            });                          <\/p>\n<p>TRI FROZR 4 Enhanced fans, airflow control, and thermal design provide superior cooling and quieter operation.<br \/>STORMFORCE FAN Seven fan blades, claw texture and a circular arc are designed for optimal airflow with minimal noise.<br \/>Nickel-plated copper motherboard Nickel-plated copper motherboard quickly picks up and transfers heat from the GPU and memory.<br \/>Core Pipes Core Pipes feature a square design to maximize contact with the GPU motherboard for optimal thermal management.<br \/>Wave Curved 4.0 Precision wavy edges with a high-low fin design improve airflow and reduce turbulence.<\/p>\n\n","protected":false},"excerpt":{"rendered":"<p> From the manufacturer MSI: For Gamers &amp; Creators MSI is one of the most trusted<\/p>","protected":false},"featured_media":36145,"comment_status":"open","ping_status":"closed","template":"","meta":[],"product_brand":[],"product_cat":[75],"product_tag":[2987,10397,908,902,1432,1427,1433,1420,1099,910,9998,617,1428,2985,620,599,644,1425,544,738,1262,1426,624,621,1429,1430,1431,6076,10399,10398,8601],"class_list":{"0":"post-36144","1":"product","2":"type-product","3":"status-publish","4":"has-post-thumbnail","6":"product_cat-graphics-cards","7":"product_tag-2-1b","8":"product_tag-28gbps512bit","9":"product_tag-32g","10":"product_tag-32gb","11":"product_tag-8gb-graphics-card","12":"product_tag-amd-radeon-gpu","13":"product_tag-best-gpu","14":"product_tag-card","15":"product_tag-displayport","16":"product_tag-fan","17":"product_tag-frozr","18":"product_tag-gaming","19":"product_tag-gaming-graphics-card","20":"product_tag-gddr7","21":"product_tag-geforce","22":"product_tag-gpu","23":"product_tag-graphics","24":"product_tag-graphics-card","25":"product_tag-hdmi","26":"product_tag-mode","27":"product_tag-msi","28":"product_tag-nvidia-rtx-graphics-card","29":"product_tag-pcie","30":"product_tag-rtx","31":"product_tag-rtx-4060","32":"product_tag-rtx-4070","33":"product_tag-rtx-4080","34":"product_tag-silence","35":"product_tag-stormforce","36":"product_tag-tri","37":"product_tag-trio","39":"first","40":"instock","41":"shipping-taxable","42":"product-type-external"},"_links":{"self":[{"href":"https:\/\/comprasyconsejos.store\/en\/wp-json\/wp\/v2\/product\/36144","targetHints":{"allow":["GET"]}}],"collection":[{"href":"https:\/\/comprasyconsejos.store\/en\/wp-json\/wp\/v2\/product"}],"about":[{"href":"https:\/\/comprasyconsejos.store\/en\/wp-json\/wp\/v2\/types\/product"}],"replies":[{"embeddable":true,"href":"https:\/\/comprasyconsejos.store\/en\/wp-json\/wp\/v2\/comments?post=36144"}],"version-history":[{"count":0,"href":"https:\/\/comprasyconsejos.store\/en\/wp-json\/wp\/v2\/product\/36144\/revisions"}],"wp:featuredmedia":[{"embeddable":true,"href":"https:\/\/comprasyconsejos.store\/en\/wp-json\/wp\/v2\/media\/36145"}],"wp:attachment":[{"href":"https:\/\/comprasyconsejos.store\/en\/wp-json\/wp\/v2\/media?parent=36144"}],"wp:term":[{"taxonomy":"product_brand","embeddable":true,"href":"https:\/\/comprasyconsejos.store\/en\/wp-json\/wp\/v2\/product_brand?post=36144"},{"taxonomy":"product_cat","embeddable":true,"href":"https:\/\/comprasyconsejos.store\/en\/wp-json\/wp\/v2\/product_cat?post=36144"},{"taxonomy":"product_tag","embeddable":true,"href":"https:\/\/comprasyconsejos.store\/en\/wp-json\/wp\/v2\/product_tag?post=36144"}],"curies":[{"name":"wp","href":"https:\/\/api.w.org\/{rel}","templated":true}]}}