{"id":36149,"date":"2026-02-27T23:34:59","date_gmt":"2026-02-27T23:34:59","guid":{"rendered":"https:\/\/comprasyconsejos.store\/product\/eleganz-armario-para-ordenador-con-cajon-color-gris-hormigon-35-x-45-x-77-cm-armario-de-trabajo-de-madera-para-oficinas-grandes-practico-almacenamiento-y-ahorro-de-espacio\/"},"modified":"2026-02-27T23:35:02","modified_gmt":"2026-02-27T23:35:02","slug":"eleganz-armario-para-ordenador-con-cajon-color-gris-hormigon-35-x-45-x-77-cm-armario-de-trabajo-de-madera-para-oficinas-grandes-practico-almacenamiento-y-ahorro-de-espacio","status":"publish","type":"product","link":"https:\/\/comprasyconsejos.store\/en\/product\/eleganz-armario-para-ordenador-con-cajon-color-gris-hormigon-35-x-45-x-77-cm-armario-de-trabajo-de-madera-para-oficinas-grandes-practico-almacenamiento-y-ahorro-de-espacio\/","title":{"rendered":"Eleganz Armario para ordenador con caj\u00f3n, color gris hormig\u00f3n, 35 x 45 x 77 cm, armario de trabajo de madera para oficinas grandes, pr\u00e1ctico almacenamiento y ahorro de espacio"},"content":{"rendered":"<p>Price: <span style=\"color:#b12704\">\u20ac79.78<\/span><br \/><i><small>(as of Feb 27, 2026 23:35:00 UTC &#8211; <span class=\"wp_automatic_amazon_disclaimer\" title=\"Product prices and availability are accurate as of the date\/time indicated and are subject to change. Any price and availability information displayed on [relevant Amazon Site(s), as applicable] at the time of purchase will apply to the purchase of this product.\">Details<\/span>)<\/small><\/i><\/p>\n<p><a href=\"https:\/\/amazon.es\/dp\/B0GC3HTSKJ?tag=man008-21\"><img decoding=\"async\" src=\"https:\/\/valvepress.s3.amazonaws.com\/imgs\/buy_now.png\"><\/a><br \/>\n<br \/>\n    <span>Elegante armario para ordenador en color gris hormig\u00f3n \u2013 ideal para espacios de trabajo modernos Este armario para ordenador ahorra espacio en un moderno color gris hormig\u00f3n combina funcionalidad con un dise\u00f1o atemporal. Hecho de material de madera resistente (35 x 45 x 77 cm) protege su PC de ca\u00eddas y ara\u00f1azos, mientras que la superficie lisa es f\u00e1cil de limpiar con un pa\u00f1o h\u00famedo. Material y estabilidad: el material de madera duradero resiste la humedad y la deformaci\u00f3n (carga total de 60 kg). La construcci\u00f3n especial con soporte de pared (incluido) garantiza la estabilidad, el caj\u00f3n soporta hasta 5 kg. Pr\u00e1ctico concepto de espacio de almacenamiento: compartimento abierto (63 cm de alto) para la carcasa del ordenador Estante superior para libros y documentos Pr\u00e1ctico caj\u00f3n para organizar los cables Uso vers\u00e1til: perfecto como armario de PC en la oficina grande o como elegante mesa auxiliar en la oficina en casa. Las dimensiones compactas lo convierten en el mueble ideal para espacios peque\u00f1os. Pide ahora y mejora tu espacio de trabajo con este armario de ordenador duradero y organizado<\/span>    <br \/>El armario para ordenador con caj\u00f3n est\u00e1 hecho de madera de alta calidad, un material duradero y resistente a la humedad con superficie lisa que resiste la deformaci\u00f3n. Ideal para muebles duraderos en casa (capacidad de carga: 60 kg de peso total, caj\u00f3n de 5 kg). Perfecto para las tendencias de mobiliario sostenible (tendencias residenciales 2025).<br \/>Armario para PC que ahorra espacio (35 x 45 x 77 cm) con espacio de almacenamiento inteligente: compartimento abierto (63 cm de alto) para la carcasa del ordenador, estante para documentos y pr\u00e1ctico caj\u00f3n para organizar los cables. Ideal para oficinas grandes y peque\u00f1as salas de estudio, mantiene tu espacio de trabajo ordenado en todo momento.<br \/>Dise\u00f1o moderno en gris hormig\u00f3n que combina perfectamente con estilos contempor\u00e1neos de hogar y oficina. El vers\u00e1til armario para ordenador tambi\u00e9n sirve como elegante mesa auxiliar, una combinaci\u00f3n armoniosa de funcionalidad y est\u00e9tica para los sofisticados conceptos de decoraci\u00f3n.<br \/>F\u00e1cil montaje con instrucciones incluidas (idioma espa\u00f1ol no garantizado) y soporte de pared (antivuelco). La superficie de f\u00e1cil cuidado se limpia r\u00e1pidamente con un pa\u00f1o h\u00famedo, perfecto para entornos de trabajo agitados. Innovador compartimento para cajones que protege las piezas peque\u00f1as de la p\u00e9rdida.<br \/>Incluye un sistema de protecci\u00f3n de embalaje estable para un transporte seguro. Un regalo elegante para los nuevos creadores de la oficina en casa, pr\u00e1ctico y decorativo al mismo tiempo. Todas las dimensiones y peso se indican de forma transparente en la p\u00e1gina del producto.<\/p>\n\n","protected":false},"excerpt":{"rendered":"<p> Elegante armario para ordenador en color gris hormig\u00f3n \u2013 ideal para espacios de trabajo modernos<\/p>","protected":false},"featured_media":36150,"comment_status":"open","ping_status":"closed","template":"","meta":[],"product_brand":[],"product_cat":[74],"product_tag":[10408,1370,4304,7045,1364,1371,7046,312,1367,3994,7044,10409,1363,7051,4113,10406,7047,1365,1369,7050,6108,3954,1362,10407,1366,1368,4031],"class_list":{"0":"post-36149","1":"product","2":"type-product","3":"status-publish","4":"has-post-thumbnail","6":"product_cat-cases","7":"product_tag-ahorro","8":"product_tag-airflow-pc-case","9":"product_tag-almacenamiento","10":"product_tag-armario","11":"product_tag-atx-case","12":"product_tag-best-pc-case","13":"product_tag-cajon","14":"product_tag-color","15":"product_tag-computer-cabinet","16":"product_tag-con","17":"product_tag-eleganz","18":"product_tag-espacio","19":"product_tag-gaming-pc-case","20":"product_tag-grandes","21":"product_tag-gris","22":"product_tag-hormigon","23":"product_tag-madera","24":"product_tag-mid-tower-case","25":"product_tag-mini-itx-case","26":"product_tag-oficinas","27":"product_tag-ordenador","28":"product_tag-para","29":"product_tag-pc-case","30":"product_tag-practico","31":"product_tag-rgb-pc-case","32":"product_tag-tempered-glass-case","33":"product_tag-trabajo","35":"first","36":"instock","37":"shipping-taxable","38":"product-type-external"},"_links":{"self":[{"href":"https:\/\/comprasyconsejos.store\/en\/wp-json\/wp\/v2\/product\/36149","targetHints":{"allow":["GET"]}}],"collection":[{"href":"https:\/\/comprasyconsejos.store\/en\/wp-json\/wp\/v2\/product"}],"about":[{"href":"https:\/\/comprasyconsejos.store\/en\/wp-json\/wp\/v2\/types\/product"}],"replies":[{"embeddable":true,"href":"https:\/\/comprasyconsejos.store\/en\/wp-json\/wp\/v2\/comments?post=36149"}],"version-history":[{"count":0,"href":"https:\/\/comprasyconsejos.store\/en\/wp-json\/wp\/v2\/product\/36149\/revisions"}],"wp:featuredmedia":[{"embeddable":true,"href":"https:\/\/comprasyconsejos.store\/en\/wp-json\/wp\/v2\/media\/36150"}],"wp:attachment":[{"href":"https:\/\/comprasyconsejos.store\/en\/wp-json\/wp\/v2\/media?parent=36149"}],"wp:term":[{"taxonomy":"product_brand","embeddable":true,"href":"https:\/\/comprasyconsejos.store\/en\/wp-json\/wp\/v2\/product_brand?post=36149"},{"taxonomy":"product_cat","embeddable":true,"href":"https:\/\/comprasyconsejos.store\/en\/wp-json\/wp\/v2\/product_cat?post=36149"},{"taxonomy":"product_tag","embeddable":true,"href":"https:\/\/comprasyconsejos.store\/en\/wp-json\/wp\/v2\/product_tag?post=36149"}],"curies":[{"name":"wp","href":"https:\/\/api.w.org\/{rel}","templated":true}]}}