{"id":36161,"date":"2026-02-28T00:01:42","date_gmt":"2026-02-28T00:01:42","guid":{"rendered":"https:\/\/comprasyconsejos.store\/product\/razer-basilisk-mobile-ergonomic-portable-wireless-gaming-mouse-ai-prompt-master-focus-x-18k-sensor-tri-mode-connectivity-up-to-105-hours-gen-3-mouse-switches-black\/"},"modified":"2026-02-28T00:01:45","modified_gmt":"2026-02-28T00:01:45","slug":"razer-basilisk-mobile-ergonomic-portable-wireless-gaming-mouse-ai-prompt-master-focus-x-18k-sensor-tri-mode-connectivity-up-to-105-hours-gen-3-mouse-switches-black","status":"publish","type":"product","link":"https:\/\/comprasyconsejos.store\/en\/product\/razer-basilisk-mobile-ergonomic-portable-wireless-gaming-mouse-ai-prompt-master-focus-x-18k-sensor-tri-mode-connectivity-up-to-105-hours-gen-3-mouse-switches-black\/","title":{"rendered":"Razer Basilisk Mobile &#8211; Ergonomic Portable Wireless Gaming Mouse &#8211; AI Prompt Master &#8211; Focus X 18K Sensor (Tri-Mode Connectivity, Up to 105 Hours, Gen-3 Mouse Switches) Black"},"content":{"rendered":"<p>Price: <span style=\"color:#b12704\"><del>\u20ac99.99<\/del> - \u20ac80.14<\/span><br \/><i><small>(as of Feb 28, 2026 00:01:43 UTC &#8211; <span class=\"wp_automatic_amazon_disclaimer\" title=\"Product prices and availability are accurate as of the date\/time indicated and are subject to change. Any price and availability information displayed on [relevant Amazon Site(s), as applicable] at the time of purchase will apply to the purchase of this product.\">Details<\/span>)<\/small><\/i><\/p>\n<p><a href=\"https:\/\/amazon.es\/dp\/B0F2TGQFKW?tag=man008-21\"><img decoding=\"async\" src=\"https:\/\/valvepress.s3.amazonaws.com\/imgs\/buy_now.png\"><\/a><br \/>\n<\/p>\n<p>                                             From the manufacturer   <\/p>\n<p>The video showcases the product in use.The video guides you through product setup.The video compares multiple products.The video shows the product being unpacked. basilisk mobile mouse Merchant video<\/p>\n<p>                                                                                  <img decoding=\"async\" alt=\"aplus content image\" src=\"https:\/\/m.media-amazon.com\/images\/S\/aplus-media-library-service-media\/3f3ce0d3-1438-41ed-bb5c-fbde3eca1041.__CR0,0,1464,600_PT0_SX1464_V1___.jpg\">       <\/p>\n<p>                                                                                  <img decoding=\"async\" alt=\"aplus content image\" src=\"https:\/\/m.media-amazon.com\/images\/S\/aplus-media-library-service-media\/eb70099d-23fa-41d8-aa2f-b5a42fb14a51.__CR0,0,1464,600_PT0_SX1464_V1___.jpg\">       <\/p>\n<p>                                                                                  <img decoding=\"async\" alt=\"Imagen promocional oscura con objetos esf\u00e9ricos iluminados o luces sobre un fondo negro.\" src=\"https:\/\/m.media-amazon.com\/images\/S\/aplus-media-library-service-media\/54583de6-5df4-4c97-97ee-b3a292b1a047.__CR0,0,1464,600_PT0_SX1464_V1___.jpg\">       <\/p>\n<p>                                                                                  <img decoding=\"async\" alt=\"aplus content image\" src=\"https:\/\/m.media-amazon.com\/images\/S\/aplus-media-library-service-media\/75286c9c-ba55-4f06-9c16-8161f0327508.__CR0,0,1464,600_PT0_SX1464_V1___.jpg\">       <\/p>\n<p>                                                                                                                    <img decoding=\"async\" alt=\"aplus content image\" src=\"https:\/\/m.media-amazon.com\/images\/S\/aplus-media-library-service-media\/d70d9c85-d09f-40f6-be20-ed7dd90a9c02.__CR0,0,1464,600_PT0_SX1464_V1___.jpg\">                                                                                           Rueda inclinable Razer HyperScroll                                       <\/p>\n<p class=\"description aplus-p1\"> La rueda de desplazamiento de 4 direcciones, con 2 modos: desplazamiento dentado y giro libre <\/p>\n<p>                                                      <img decoding=\"async\" alt=\"aplus content image\" src=\"https:\/\/m.media-amazon.com\/images\/S\/aplus-media-library-service-media\/11900203-cb3b-4fbb-abd3-4b02cc6a05fd.__CR0,0,1464,600_PT0_SX1464_V1___.jpg\">                                                                                           Razer HyperSpeed (2,4 GHz) \/ Bluetooth                                       <\/p>\n<p class=\"description aplus-p1\"> Goza de un rendimiento de baja latencia con HyperSpeed o cambia a Bluetooth para m\u00e1s horas de juego. <\/p>\n<p>                                                      <img decoding=\"async\" alt=\"aplus content image\" src=\"https:\/\/m.media-amazon.com\/images\/S\/aplus-media-library-service-media\/b9231884-ce62-4922-a679-e40537e35709.__CR0,0,1464,600_PT0_SX1464_V1___.jpg\">                                                                                           Rendimiento duradero                                       <\/p>\n<p class=\"description aplus-p1\"> 7 horas de juego con solo 10 minutos de carga, hasta 180 horas mediante Bluetooth. Juega libre. <\/p>\n<p>                                                      <img decoding=\"async\" alt=\"Primer plano de un dispositivo negro con un rayo l\u00e1ser verde emitido desde un peque\u00f1o sensor rectangular.\" src=\"https:\/\/m.media-amazon.com\/images\/S\/aplus-media-library-service-media\/28feb879-ec0b-4885-80a7-f7de7ac5eff5.__CR0,0,1464,600_PT0_SX1464_V1___.jpg\">                                                                                           Sensor \u00f3ptico Razer Focus X de 18 000 PPP                                       <\/p>\n<p class=\"description aplus-p1\"> Precisi\u00f3n y velocidad: un 99,4 % de precisi\u00f3n de seguimiento y hasta 18 000 PPP. <\/p>\n<p>                                                      <img decoding=\"async\" alt=\"Rat\u00f3n para juegos en negro con iluminaci\u00f3n de acento verde, que se muestra sobre un fondo oscuro que resalta su dise\u00f1o ergon\u00f3mico.\" src=\"https:\/\/m.media-amazon.com\/images\/S\/aplus-media-library-service-media\/4fddc2e2-f773-4505-ba28-94deb2adb172.__CR0,0,1464,600_PT0_SX1464_V1___.png\">                                                                                           Switches \u00f3pticos para rat\u00f3n Razer de 3\u00aa gen                                       <\/p>\n<p class=\"description aplus-p1\"> Dura hasta 90 millones de clics, sin problemas de doble clic y con una sensaci\u00f3n m\u00e1s t\u00e1ctil. <\/p>\n<p>                            1 Rueda HyperScroll <\/p>\n<p>                            2 Conectividad <\/p>\n<p>                            3 Duraci\u00f3n de la bater\u00eda <\/p>\n<p>                            4 Sensor del rat\u00f3n <\/p>\n<p>                            5 Switches duraderos <\/p>\n<p>                                                                                                       <img decoding=\"async\" alt=\"aplus content image\" src=\"https:\/\/images-na.ssl-images-amazon.com\/images\/G\/01\/x-locale\/common\/grey-pixel.gif\" class=\"a-lazy-loaded\" data-src=\"https:\/\/m.media-amazon.com\/images\/S\/aplus-media-library-service-media\/c31fde5d-348d-47fd-8075-ad81864d3b71.__CR0,0,1464,600_PT0_SX1464_V1___.jpg\"><img decoding=\"async\" alt=\"aplus content image\" src=\"https:\/\/m.media-amazon.com\/images\/S\/aplus-media-library-service-media\/c31fde5d-348d-47fd-8075-ad81864d3b71.__CR0,0,1464,600_PT0_SX1464_V1___.jpg\">                                                                                    10 controles personalizables                                        <\/p>\n<p class=\"aplus-p2 aplus-module-2-description\"> Habilita Razer Hypershift en Razer Synapse y podr\u00e1s asignar y desbloquear un conjunto de comandos secundarios adem\u00e1s de los 10 controles del rat\u00f3n. Est\u00e1 configurado por defecto en el gatillo multifunci\u00f3n: mantenlo pulsado mientras pulsas el bot\u00f3n que quieras para ejecutar su comando secundario. <\/p>\n<p>                                                                                                       <img decoding=\"async\" alt=\"aplus content image\" src=\"https:\/\/images-na.ssl-images-amazon.com\/images\/G\/01\/x-locale\/common\/grey-pixel.gif\" class=\"a-lazy-loaded\" data-src=\"https:\/\/m.media-amazon.com\/images\/S\/aplus-media-library-service-media\/d95ed606-d712-4a53-814c-28181322e2a6.__CR0,0,1464,600_PT0_SX1464_V1___.jpg\"><img decoding=\"async\" alt=\"aplus content image\" src=\"https:\/\/m.media-amazon.com\/images\/S\/aplus-media-library-service-media\/d95ed606-d712-4a53-814c-28181322e2a6.__CR0,0,1464,600_PT0_SX1464_V1___.jpg\">                                                                                    Maestro de prompts con IA                                        <\/p>\n<p class=\"aplus-p2 aplus-module-2-description\"> Desbloquea potentes atajos con Razer Synapse 4 y explora estrategias de juego personalizadas para una experiencia realmente intensa que te da ventaja en cada partida. <\/p>\n<p>                                                                                     <img decoding=\"async\" alt=\"aplus content image\" src=\"https:\/\/m.media-amazon.com\/images\/S\/aplus-media-library-service-media\/8c1bc56c-0d6b-45fe-b6f5-21773f79e037.__CR0,0,1464,600_PT0_SX1464_V1___.jpg\">                                                    Completa tu equipo gaming port\u00e1til                                         <\/p>\n<p class=\"aplus-p3\"> Descubre el Razer Joro: el combo definitivo para jugar mientras te desplazas <\/p>\n<p>                                                                                     <img decoding=\"async\" alt=\"x\" src=\"https:\/\/m.media-amazon.com\/images\/S\/aplus-media-library-service-media\/be71cab7-b888-4d80-aa08-7ffb674bd511.__CR0,0,1464,600_PT0_SX1464_V1___.jpg\">                                                    Razer Basilisk V3 Pro 35K                                         <\/p>\n<p class=\"aplus-p3\"> Nuestro rat\u00f3n gaming RGB ergon\u00f3mico inal\u00e1mbrico m\u00e1s avanzado, con nuestro sensor m\u00e1s reciente y una rueda de inclinaci\u00f3n superajustable. <\/p>\n<p>                                                                                     <img decoding=\"async\" alt=\"x\" src=\"https:\/\/m.media-amazon.com\/images\/S\/aplus-media-library-service-media\/5aa429cc-7110-42bb-8969-7f20ec6a2311.__CR0,0,1464,600_PT0_SX1464_V1___.jpg\">                                                    Razer Basilisk V3 35K                                         <\/p>\n<p class=\"aplus-p3\"> Maximiza la personalizaci\u00f3n y la precisi\u00f3n con un rat\u00f3n gaming RGB ergon\u00f3mico con cable que comparte las mejores caracter\u00edsticas de nuestra variante Pro. <\/p>\n<p>                                                                                     <img decoding=\"async\" alt=\"x\" src=\"https:\/\/m.media-amazon.com\/images\/S\/aplus-media-library-service-media\/ac8c764e-632c-41f2-91f4-34d6793a4d0e.__CR0,0,1464,600_PT0_SX1464_V1___.jpg\">                                                    Razer Basilisk V3 X HyperSpeed                                         <\/p>\n<p class=\"aplus-p3\"> Con 9 controles programables, conectividad inal\u00e1mbrica de modo dual e iluminaci\u00f3n personalizable Razer Chroma RGB, el Razer Basilisk V3 X HyperSpeed est\u00e1 creado para responder solo a tus \u00f3rdenes. <\/p>\n<h3 class=\"a-text-center aplus-h1 a-text-bold\"> Especificaciones t\u00e9cnicas <\/h3>\n<p>                         Add To Basket  <\/p>\n<p>                         Add To Basket  <\/p>\n<p>                         Add To Basket  <\/p>\n<p>                         Add To Basket  <\/p>\n<p>                                     Customer Reviews  <\/p>\n<p>                    4.4 out of 5 stars  127  <\/p>\n<p>                    4.5 out of 5 stars  28,292  <\/p>\n<p>                    4.5 out of 5 stars  28,292  <\/p>\n<p>                    4.2 out of 5 stars  842  <\/p>\n<p>                                     Price  <\/p>\n<p>                                                        \u20ac80.14\u20ac80.14     <\/p>\n<p>                                                        \u20ac179.98\u20ac179.98     <\/p>\n<p>                                                        \u20ac89.98\u20ac89.98     <\/p>\n<p>                                                        \u20ac47.99\u20ac47.99     <\/p>\n<p>                                     Sensor  <\/p>\n<p>                                                \u00d3ptico Focus X de 18 000 PPP    <\/p>\n<p>                                                \u00d3ptico Focus Pro 35k PPP Gen-2    <\/p>\n<p>                                                \u00d3ptico Focus Pro 35k PPP Gen-2    <\/p>\n<p>                                                \u00d3ptico 5G de 18 000 PPP     <\/p>\n<p>                                     Sensibilidad (DPI)  <\/p>\n<p>                                                18 000    <\/p>\n<p>                                                35 000    <\/p>\n<p>                                                35 000    <\/p>\n<p>                                                18 000    <\/p>\n<p>                                     Velocidad Maxima (IPS)  <\/p>\n<p>                                                350    <\/p>\n<p>                                                750    <\/p>\n<p>                                                650    <\/p>\n<p>                                                450    <\/p>\n<p>                                     Aceleraci\u00f3n m\u00e1xima (G)  <\/p>\n<p>                                                35    <\/p>\n<p>                                                70    <\/p>\n<p>                                                50    <\/p>\n<p>                                                40    <\/p>\n<p>                                      Botones programables  <\/p>\n<p>                                                10    <\/p>\n<p>                                                13    <\/p>\n<p>                                                11    <\/p>\n<p>                                                8    <\/p>\n<p>                                     Razer Chroma RGB  <\/p>\n<p>                                                \u2714    <\/p>\n<p>                                                \u2714    <\/p>\n<p>                                                \u2714    <\/p>\n<p>                                                X    <\/p>\n<p>                                     Interruptores  <\/p>\n<p>                                                Switches \u00f3pticos de 3\u00aa gen    <\/p>\n<p>                                                Switches \u00f3pticos de 3\u00aa gen    <\/p>\n<p>                                                Switches \u00f3pticos de 2\u00aa gen    <\/p>\n<p>                                                Switches mec\u00e1nicos    <\/p>\n<p>                                     Ciclo de vida de los clics  <\/p>\n<p>                                                90 millones de clics    <\/p>\n<p>                                                90 millones de clics    <\/p>\n<p>                                                70 millones de clics    <\/p>\n<p>                                                60 millones de clics    <\/p>\n<p>                                     Peso aproximado  <\/p>\n<p>                                                76 g    <\/p>\n<p>                                                112 g    <\/p>\n<p>                                                101 g    <\/p>\n<p>                                                &lt;60 g (sin la pila AA)    <\/p>\n<p>                                     Conectividad  <\/p>\n<p>                                                Inal\u00e1mbrico y con cable    <\/p>\n<p>                                                Inal\u00e1mbrico y con cable    <\/p>\n<p>                                                Con cable    <\/p>\n<p>                                                Inal\u00e1mbrico y con cable    <\/p>\n<p> Batteries                                            \u200f                                            :                                            \u200e                                            1 C batteries required. (included)   <br \/> Product Dimensions                                            \u200f                                            :                                            \u200e                                            11.1 x 7.6 x 4.1 cm; 76 g   <br \/> Manufacturer                                            \u200f                                            :                                            \u200e                                            Razer   <br \/> ASIN                                            \u200f                                            :                                            \u200e                                            B0F2TGQFKW   <br \/> Item model number                                            \u200f                                            :                                            \u200e                                            RZ01-04310100-R3G1   <br \/> Country of origin                                            \u200f                                            :                                            \u200e                                            China   <br \/> Guaranteed software updates until                                            \u200f                                            :                                            \u200e                                            unknown   <br \/>  Customer reviews:                                                                                            4.4               4.4 out of 5 stars                                  (127)                                              var dpAcrHasRegisteredArcLinkClickAction;                    P.when(&#8216;A&#8217;, &#8216;ready&#8217;).execute(function(A) {                        if (dpAcrHasRegisteredArcLinkClickAction !== true) {                            dpAcrHasRegisteredArcLinkClickAction = true;                            A.declarative(                                &#8216;acrLink-click-metrics&#8217;, &#8216;click&#8217;,                                { \u00aballowLinkDefault\u00bb: true },                                function (event) {                                    if (window.ue) {                                        ue.count(\u00abacrLinkClickCount\u00bb, (ue.count(\u00abacrLinkClickCount\u00bb) || 0) + 1);                                    }                                }                            );                        }                    });                                             P.when(&#8216;A&#8217;, &#8216;cf&#8217;).execute(function(A) {                A.declarative(&#8216;acrStarsLink-click-metrics&#8217;, &#8216;click&#8217;, { \u00aballowLinkDefault\u00bb : true },  function(event){                    if(window.ue) {                        ue.count(\u00abacrStarsLinkWithPopoverClickCount\u00bb, (ue.count(\u00abacrStarsLinkWithPopoverClickCount\u00bb) || 0) + 1);                    }                });            });                          <\/p>\n<p>ERGONOMIC AND COMPACT FORM FACTOR &#8211; Packed with 10 programmable controls: Fully configurable to meet your specific needs, work and play comfortably for long hours anywhere with a faithful companion that fits perfectly in your hand, backpack and preferences.<br \/>Razer HyperScroll Technology &#8211; 4-way tilting scroll, free spin or touch wheel: Scroll through weapons and abilities accurately, or switch to a smooth, high-speed scroll with the push of a button to cover contents quickly.<br \/>Razer Focus X 18K Optical Sensor &#8211; Pinpoint Tracking and Accuracy: With a 18,000 DPI optical sensor with 99.4% resolution accuracy, keep your game on point with a mouse that delivers top-notch accuracy anywhere.<br \/>Razer Optical Mouse Switches Gen-3 &#8211; Unparalleled Durability and Speed: From an improved 90 million click lifecycle with zero double-click issues, to fulminant 0.2ms performance with no bounce delay, enjoy reliability and speed that outshine all others.<br \/>Versatile three-mode connectivity &#8211; High-Speed Wireless (2.4GHz), Bluetooth or Wired: Enjoy lag-free gaming with ultra-fast HyperSpeed Wireless technology, expand the power with Bluetooth, or keep it charged and ready with the included USB C cable.<br \/>Up to 25 days of gaming on a single charge &#8211; Wherever your travels take you, enjoy uninterrupted performance with a mouse that goes all the way &#8211; Also available in Bluetooth mode with up to 45 days of use (standard test conditions = 4 hours of use per day).<br \/>AI Prompt Master Smart Tools &#8211; To improve the game: Unlock powerful shortcuts with Razer Synapse 4 and explore custom game strategies for a truly engaging experience that gives you the edge in every game.<\/p>\n\n","protected":false},"excerpt":{"rendered":"<p> From the manufacturer The video showcases the product in use.The video guides you through product<\/p>","protected":false},"featured_media":36162,"comment_status":"open","ping_status":"closed","template":"","meta":[],"product_brand":[],"product_cat":[50],"product_tag":[7601,10412,765,307,759,756,1143,1148,761,3072,617,758,960,4046,616,1275,767,290,10413,940,763,760,959,764,875,6750,762,226,757],"class_list":{"0":"post-36161","1":"product","2":"type-product","3":"status-publish","4":"has-post-thumbnail","6":"product_cat-mouse","7":"product_tag-18k","8":"product_tag-basilisk","9":"product_tag-best-gaming-mouse","10":"product_tag-black","11":"product_tag-bluetooth-mouse","12":"product_tag-computer-mouse","13":"product_tag-connectivity","14":"product_tag-ergonomic","15":"product_tag-ergonomic-mouse","16":"product_tag-focus","17":"product_tag-gaming","18":"product_tag-gaming-mouse","19":"product_tag-gen3","20":"product_tag-hours","21":"product_tag-master","22":"product_tag-mobile","23":"product_tag-mouse","24":"product_tag-portable","25":"product_tag-prompt","26":"product_tag-razer","27":"product_tag-rechargeable-mouse","28":"product_tag-rgb-mouse","29":"product_tag-sensor","30":"product_tag-silent-mouse","31":"product_tag-switches","32":"product_tag-trimode","33":"product_tag-usb-mouse","34":"product_tag-wireless","35":"product_tag-wireless-mouse","37":"first","38":"instock","39":"sale","40":"shipping-taxable","41":"product-type-external"},"_links":{"self":[{"href":"https:\/\/comprasyconsejos.store\/en\/wp-json\/wp\/v2\/product\/36161","targetHints":{"allow":["GET"]}}],"collection":[{"href":"https:\/\/comprasyconsejos.store\/en\/wp-json\/wp\/v2\/product"}],"about":[{"href":"https:\/\/comprasyconsejos.store\/en\/wp-json\/wp\/v2\/types\/product"}],"replies":[{"embeddable":true,"href":"https:\/\/comprasyconsejos.store\/en\/wp-json\/wp\/v2\/comments?post=36161"}],"version-history":[{"count":0,"href":"https:\/\/comprasyconsejos.store\/en\/wp-json\/wp\/v2\/product\/36161\/revisions"}],"wp:featuredmedia":[{"embeddable":true,"href":"https:\/\/comprasyconsejos.store\/en\/wp-json\/wp\/v2\/media\/36162"}],"wp:attachment":[{"href":"https:\/\/comprasyconsejos.store\/en\/wp-json\/wp\/v2\/media?parent=36161"}],"wp:term":[{"taxonomy":"product_brand","embeddable":true,"href":"https:\/\/comprasyconsejos.store\/en\/wp-json\/wp\/v2\/product_brand?post=36161"},{"taxonomy":"product_cat","embeddable":true,"href":"https:\/\/comprasyconsejos.store\/en\/wp-json\/wp\/v2\/product_cat?post=36161"},{"taxonomy":"product_tag","embeddable":true,"href":"https:\/\/comprasyconsejos.store\/en\/wp-json\/wp\/v2\/product_tag?post=36161"}],"curies":[{"name":"wp","href":"https:\/\/api.w.org\/{rel}","templated":true}]}}