{"id":36170,"date":"2026-02-28T00:51:57","date_gmt":"2026-02-28T00:51:57","guid":{"rendered":"https:\/\/comprasyconsejos.store\/product\/pcspecialist-pro-pc-gaming-amd-ryzen-7-7700-3-80ghz-8-core-32gb-ddr5-ram-8gb-geforce-rtx-5060-2tb-m-2-ssd-windows-11\/"},"modified":"2026-02-28T00:52:00","modified_gmt":"2026-02-28T00:52:00","slug":"pcspecialist-pro-pc-gaming-amd-ryzen-7-7700-3-80ghz-8-core-32gb-ddr5-ram-8gb-geforce-rtx-5060-2tb-m-2-ssd-windows-11","status":"publish","type":"product","link":"https:\/\/comprasyconsejos.store\/en\/product\/pcspecialist-pro-pc-gaming-amd-ryzen-7-7700-3-80ghz-8-core-32gb-ddr5-ram-8gb-geforce-rtx-5060-2tb-m-2-ssd-windows-11\/","title":{"rendered":"PCSpecialist Pro PC Gaming &#8211; AMD Ryzen 7 7700 3.80GHz 8-Core, 32GB DDR5 RAM, 8GB GEFORCE RTX 5060, 2TB M.2 SSD, Windows 11"},"content":{"rendered":"<p>Price: <span style=\"color:#b12704\">\u20ac1,529.00<\/span><br \/><i><small>(as of Feb 28, 2026 00:51:57 UTC &#8211; <span class=\"wp_automatic_amazon_disclaimer\" title=\"Product prices and availability are accurate as of the date\/time indicated and are subject to change. Any price and availability information displayed on [relevant Amazon Site(s), as applicable] at the time of purchase will apply to the purchase of this product.\">Details<\/span>)<\/small><\/i><\/p>\n<p><a href=\"https:\/\/amazon.es\/dp\/B0FJ8J951Q?tag=man008-21\"><img decoding=\"async\" src=\"https:\/\/valvepress.s3.amazonaws.com\/imgs\/buy_now.png\"><\/a><br \/>\n<\/p>\n<p>                                             Product Description   <\/p>\n<p>                                                                                                       <img decoding=\"async\" alt=\"El texto dice \u00abPC SPECIALIST\u00bb con logotipo. Cartel publicitario que muestra torres de ordenadores iluminadas con efectos de iluminaci\u00f3n morados sobre un fondo oscuro.\" src=\"https:\/\/images-na.ssl-images-amazon.com\/images\/G\/01\/x-locale\/common\/grey-pixel.gif\" class=\"a-lazy-loaded\" data-src=\"https:\/\/m.media-amazon.com\/images\/S\/aplus-media-library-service-media\/f1fbf074-1c5d-4031-9593-e901036c33b3.__CR0,0,1464,600_PT0_SX1464_V1___.jpg\"><img decoding=\"async\" alt=\"El texto dice \u00abPC SPECIALIST\u00bb con logotipo. Cartel publicitario que muestra torres de ordenadores iluminadas con efectos de iluminaci\u00f3n morados sobre un fondo oscuro.\" src=\"https:\/\/m.media-amazon.com\/images\/S\/aplus-media-library-service-media\/f1fbf074-1c5d-4031-9593-e901036c33b3.__CR0,0,1464,600_PT0_SX1464_V1___.jpg\">                                         <\/p>\n<p class=\"aplus-description aplus-container-3 aplus-p1\"> PCSpecialist es el integrador de sistemas l\u00edder en Europa especializado en ordenadores personales y port\u00e1tiles. Nos centramos en desarrollar sistemas de alto rendimiento para entusiastas, gamers y profesionales. <\/p>\n<p>                                                                                                       <img decoding=\"async\" alt=\"El texto dice \u00abAMD RYZEN\u00bb y \u00abSERIE 7000\u00bb. Cartel de marketing que muestra elegantes componentes de hardware de ordenador en negro y naranja con efectos de iluminaci\u00f3n din\u00e1micos.\" src=\"https:\/\/images-na.ssl-images-amazon.com\/images\/G\/01\/x-locale\/common\/grey-pixel.gif\" class=\"a-lazy-loaded\" data-src=\"https:\/\/m.media-amazon.com\/images\/S\/aplus-media-library-service-media\/7295bd3c-699c-42c7-9c8e-717865bdc34b.__CR0,0,1464,600_PT0_SX1464_V1___.jpg\"><img decoding=\"async\" alt=\"El texto dice \u00abAMD RYZEN\u00bb y \u00abSERIE 7000\u00bb. Cartel de marketing que muestra elegantes componentes de hardware de ordenador en negro y naranja con efectos de iluminaci\u00f3n din\u00e1micos.\" src=\"https:\/\/m.media-amazon.com\/images\/S\/aplus-media-library-service-media\/7295bd3c-699c-42c7-9c8e-717865bdc34b.__CR0,0,1464,600_PT0_SX1464_V1___.jpg\">                                               <\/p>\n<p>                                                                                                       <img decoding=\"async\" alt=\"El texto dice \u00abNVIDIA GeForce RTX 50 Series\u00bb. Imagen de marketing que muestra el dise\u00f1o de una tarjeta gr\u00e1fica con una carcasa angular negra sobre un fondo iluminado en verde.\" src=\"https:\/\/images-na.ssl-images-amazon.com\/images\/G\/01\/x-locale\/common\/grey-pixel.gif\" class=\"a-lazy-loaded\" data-src=\"https:\/\/m.media-amazon.com\/images\/S\/aplus-media-library-service-media\/586339b9-a52b-4e2a-a7f3-a934f54ddc76.__CR0,0,1464,600_PT0_SX1464_V1___.jpg\"><img decoding=\"async\" alt=\"El texto dice \u00abNVIDIA GeForce RTX 50 Series\u00bb. Imagen de marketing que muestra el dise\u00f1o de una tarjeta gr\u00e1fica con una carcasa angular negra sobre un fondo iluminado en verde.\" src=\"https:\/\/m.media-amazon.com\/images\/S\/aplus-media-library-service-media\/586339b9-a52b-4e2a-a7f3-a934f54ddc76.__CR0,0,1464,600_PT0_SX1464_V1___.jpg\">                                               <\/p>\n<h3>\n<p class=\"aplus-question aplus-p1\"> \u00bfQu\u00e9 marca de tarjeta gr\u00e1fica est\u00e1 instalada? <\/p>\n<\/h3>\n<p class=\"aplus-answer aplus-p2\"> Nuestros sistemas est\u00e1n equipados con tarjetas gr\u00e1ficas de los principales fabricantes del sector: ASUS, Gigabyte, Palit, Zotac, MSI, etc. La marca espec\u00edfica puede variar, pero cada GPU se somete a pruebas para superar el rendimiento de referencia. <\/p>\n<h3>\n<p class=\"aplus-question aplus-p1\"> \u00bfPuedo cambiar\/actualizar mi PC? <\/p>\n<\/h3>\n<p class=\"aplus-answer aplus-p2\"> Aunque no es posible cambiar las especificaciones antes del env\u00edo, hemos dise\u00f1ado cada modelo teniendo en cuenta la escalabilidad. Nuestro equipo t\u00e9cnico est\u00e1 a su disposici\u00f3n como parte del servicio de actualizaci\u00f3n. <\/p>\n<h3>\n<p class=\"aplus-question aplus-p1\"> \u00bfQu\u00e9 tipo de fuente de alimentaci\u00f3n est\u00e1 instalada? <\/p>\n<\/h3>\n<p class=\"aplus-answer aplus-p2\"> Cada sistema est\u00e1 equipado una fuente de alimentaci\u00f3n Corsair que ofrece una reserva de energ\u00eda del 20% para garantizar un funcionamiento estable y permitir futuras actualizaciones. Las fuentes de alimentaci\u00f3n Corsair ofrecen una eficiencia 80 PLUS. <\/p>\n<h3>\n<p class=\"aplus-question aplus-p1\"> \u00bfYa se han fabricado sus productos? <\/p>\n<\/h3>\n<p class=\"aplus-answer aplus-p2\"> Cada sistema es montado por expertos, sometido a rigurosas pruebas y preparado para su env\u00edo. A diferencia de los servicios de fabricaci\u00f3n a medida, que implican largos plazos de entrega, tu PC para juegos se enviar\u00e1 en un plazo de 2 d\u00edas laborables. <\/p>\n<h3>\n<p class=\"aplus-question aplus-p1\"> \u00bfPuedo devolver mi PC? <\/p>\n<\/h3>\n<p class=\"aplus-answer aplus-p2\"> Utiliza el servicio de mensajer\u00eda de Amazon para comunicarte con nosotros. Nuestro equipo de asistencia t\u00e9cnica especializada est\u00e1 a tu disposici\u00f3n para ayudarte con todos los tr\u00e1mites relacionados con las devoluciones. <\/p>\n<p> Language                                            \u200f                                            :                                            \u200e                                            French   <br \/> Manufacturer                                            \u200f                                            :                                            \u200e                                            PCSpecialist   <br \/> ASIN                                            \u200f                                            :                                            \u200e                                            B0FJ8J951Q   <br \/> Item model number                                            \u200f                                            :                                            \u200e                                            PRO_7700_5060   <br \/> Guaranteed software updates until                                            \u200f                                            :                                            \u200e                                            unknown   <br \/>  Customer reviews:                                                                                            5.0               5.0 out of 5 stars                                  (3)                                              var dpAcrHasRegisteredArcLinkClickAction;                    P.when(&#8216;A&#8217;, &#8216;ready&#8217;).execute(function(A) {                        if (dpAcrHasRegisteredArcLinkClickAction !== true) {                            dpAcrHasRegisteredArcLinkClickAction = true;                            A.declarative(                                &#8216;acrLink-click-metrics&#8217;, &#8216;click&#8217;,                                { \u00aballowLinkDefault\u00bb: true },                                function (event) {                                    if (window.ue) {                                        ue.count(\u00abacrLinkClickCount\u00bb, (ue.count(\u00abacrLinkClickCount\u00bb) || 0) + 1);                                    }                                }                            );                        }                    });                                             P.when(&#8216;A&#8217;, &#8216;cf&#8217;).execute(function(A) {                A.declarative(&#8216;acrStarsLink-click-metrics&#8217;, &#8216;click&#8217;, { \u00aballowLinkDefault\u00bb : true },  function(event){                    if(window.ue) {                        ue.count(\u00abacrStarsLinkWithPopoverClickCount\u00bb, (ue.count(\u00abacrStarsLinkWithPopoverClickCount\u00bb) || 0) + 1);                    }                });            });                          <\/p>\n<p>PCSpecialist offers a 3-year warranty on all products (1 month pickup and return, 1 year parts, 3 years labor)<br \/>CPU &#8211; Ryzen 7 7700 3.80 GHz 8-Core | RAM &#8211; 32GB DDR5 5200MHz | SSD &#8211; 2TB M.2<br \/>Graphics card &#8211; Nvidia RTX 5060 8GB based on the NVIDIA Blackwell architecture, delivering revolutionary AI capabilities in the latest games and applications. | ASUS Prime B650-PLUS with PCIe 5.0, DDR5 support, and Aura Sync RGB headers Disclaimer &#8211; Images used are for marketing purposes only. You may receive a PC that looks slightly different, but the performance will be the same.<br \/>Windows 11 Home pre-installed with all updated drivers, fully tested by our own experts to make sure everything is ready to go.<br \/>Corsair 4000D Frame ARGB gaming case with three pre-installed ARGB fans and InfiniRail fan mounting system for easy upgrading.<\/p>\n\n","protected":false},"excerpt":{"rendered":"<p> Product Description PCSpecialist es el integrador de sistemas l\u00edder en Europa especializado en ordenadores personales<\/p>","protected":false},"featured_media":36171,"comment_status":"open","ping_status":"closed","template":"","meta":[],"product_brand":[],"product_cat":[90],"product_tag":[909,10416,902,966,622,530,613,611,623,617,607,604,609,606,612,620,608,1119,10415,605,163,587,610,621,531,513,537],"class_list":{"0":"post-36170","1":"product","2":"type-product","3":"status-publish","4":"has-post-thumbnail","6":"product_cat-gaming-pcs","7":"product_tag-2tb","8":"product_tag-3-80ghz","9":"product_tag-32gb","10":"product_tag-8core","11":"product_tag-8gb","12":"product_tag-amd","13":"product_tag-best-gaming-pc","14":"product_tag-custom-gaming-pc","15":"product_tag-ddr5","16":"product_tag-gaming","17":"product_tag-gaming-desktop","18":"product_tag-gaming-pc","19":"product_tag-gaming-pc-16gb-ram","20":"product_tag-gaming-pc-rtx","21":"product_tag-gaming-pc-ssd","22":"product_tag-geforce","23":"product_tag-high-end-gaming-pc","24":"product_tag-m-2","25":"product_tag-pcspecialist","26":"product_tag-prebuilt-gaming-pc","27":"product_tag-pro","28":"product_tag-ram","29":"product_tag-rgb-gaming-pc","30":"product_tag-rtx","31":"product_tag-ryzen","32":"product_tag-ssd","33":"product_tag-windows","35":"first","36":"instock","37":"shipping-taxable","38":"product-type-external"},"_links":{"self":[{"href":"https:\/\/comprasyconsejos.store\/en\/wp-json\/wp\/v2\/product\/36170","targetHints":{"allow":["GET"]}}],"collection":[{"href":"https:\/\/comprasyconsejos.store\/en\/wp-json\/wp\/v2\/product"}],"about":[{"href":"https:\/\/comprasyconsejos.store\/en\/wp-json\/wp\/v2\/types\/product"}],"replies":[{"embeddable":true,"href":"https:\/\/comprasyconsejos.store\/en\/wp-json\/wp\/v2\/comments?post=36170"}],"version-history":[{"count":0,"href":"https:\/\/comprasyconsejos.store\/en\/wp-json\/wp\/v2\/product\/36170\/revisions"}],"wp:featuredmedia":[{"embeddable":true,"href":"https:\/\/comprasyconsejos.store\/en\/wp-json\/wp\/v2\/media\/36171"}],"wp:attachment":[{"href":"https:\/\/comprasyconsejos.store\/en\/wp-json\/wp\/v2\/media?parent=36170"}],"wp:term":[{"taxonomy":"product_brand","embeddable":true,"href":"https:\/\/comprasyconsejos.store\/en\/wp-json\/wp\/v2\/product_brand?post=36170"},{"taxonomy":"product_cat","embeddable":true,"href":"https:\/\/comprasyconsejos.store\/en\/wp-json\/wp\/v2\/product_cat?post=36170"},{"taxonomy":"product_tag","embeddable":true,"href":"https:\/\/comprasyconsejos.store\/en\/wp-json\/wp\/v2\/product_tag?post=36170"}],"curies":[{"name":"wp","href":"https:\/\/api.w.org\/{rel}","templated":true}]}}