{"id":36176,"date":"2026-02-28T01:15:06","date_gmt":"2026-02-28T01:15:06","guid":{"rendered":"https:\/\/comprasyconsejos.store\/product\/bleta-tablet-for-the-elderly-easy-to-use-large-screen-10-1-whatsapp-calls-and-video-calls-4-gb-ram-64-gb-usb-c-sim-slot\/"},"modified":"2026-02-28T01:15:08","modified_gmt":"2026-02-28T01:15:08","slug":"bleta-tablet-for-the-elderly-easy-to-use-large-screen-10-1-whatsapp-calls-and-video-calls-4-gb-ram-64-gb-usb-c-sim-slot","status":"publish","type":"product","link":"https:\/\/comprasyconsejos.store\/en\/product\/bleta-tablet-for-the-elderly-easy-to-use-large-screen-10-1-whatsapp-calls-and-video-calls-4-gb-ram-64-gb-usb-c-sim-slot\/","title":{"rendered":"Bleta \u2013 Tablet for the elderly, easy to use, large screen 10.1&#8243;, Whatsapp, calls and video calls, 4 GB RAM, 64 GB, USB-C, SIM slot"},"content":{"rendered":"<p>Price: <span style=\"color:#b12704\">\u20ac299.00<\/span><br \/><i><small>(as of Feb 28, 2026 01:15:06 UTC &#8211; <span class=\"wp_automatic_amazon_disclaimer\" title=\"Product prices and availability are accurate as of the date\/time indicated and are subject to change. Any price and availability information displayed on [relevant Amazon Site(s), as applicable] at the time of purchase will apply to the purchase of this product.\">Details<\/span>)<\/small><\/i><\/p>\n<p><a href=\"https:\/\/amazon.es\/dp\/B0BQ3Q9J8M?tag=man008-21\"><img decoding=\"async\" src=\"https:\/\/valvepress.s3.amazonaws.com\/imgs\/buy_now.png\"><\/a><br \/>\n<\/p>\n<p>                                             Product Description   <\/p>\n<p>                                                                             <img decoding=\"async\" alt=\"que muestra dos dispositivos: una tableta grande con pantalla t\u00e1ctil con coloridos iconos de aplicaciones y una tableta m\u00e1s peque\u00f1a en un estuche que muestra una interfaz de lista de tareas\" src=\"https:\/\/images-na.ssl-images-amazon.com\/images\/G\/01\/x-locale\/common\/grey-pixel.gif\" class=\"a-spacing-base a-lazy-loaded\" data-src=\"https:\/\/m.media-amazon.com\/images\/S\/aplus-media-library-service-media\/7f25f21f-d9e5-443f-b566-0d54a1310253.__CR0,0,1599,989_PT0_SX970_V1___.png\"><img decoding=\"async\" alt=\"que muestra dos dispositivos: una tableta grande con pantalla t\u00e1ctil con coloridos iconos de aplicaciones y una tableta m\u00e1s peque\u00f1a en un estuche que muestra una interfaz de lista de tareas\" src=\"https:\/\/m.media-amazon.com\/images\/S\/aplus-media-library-service-media\/7f25f21f-d9e5-443f-b566-0d54a1310253.__CR0,0,1599,989_PT0_SX970_V1___.png\">                                                                       <\/p>\n<h3 class=\"a-spacing-small\"> \u00bfQu\u00e9 puedo hacer con Bleta? <\/h3>\n<p class=\"apm-text-center\">\n                                                      <img decoding=\"async\" alt=\"Bleta videollamadas\" src=\"https:\/\/images-na.ssl-images-amazon.com\/images\/G\/01\/x-locale\/common\/grey-pixel.gif\" class=\"a-spacing-mini a-lazy-loaded\" data-src=\"https:\/\/m.media-amazon.com\/images\/S\/aplus-media-library-service-media\/e87c70b3-e600-4cad-8df7-f23784ad994f.__CR0,0,600,600_PT0_SX300_V1___.png\"><img decoding=\"async\" alt=\"Bleta videollamadas\" src=\"https:\/\/m.media-amazon.com\/images\/S\/aplus-media-library-service-media\/e87c70b3-e600-4cad-8df7-f23784ad994f.__CR0,0,600,600_PT0_SX300_V1___.png\">  <\/p>\n<p>                                                    Videollamadas                                       <\/p>\n<p> Conecta con los tuyos de manera muy f\u00e1cil y con gran calidad de imagen y sonido. <\/p>\n<p class=\"apm-text-center\">\n                                                      <img decoding=\"async\" alt=\"La interfaz del reproductor multimedia PlaySer se muestra en una tableta negra, que muestra una visualizaci\u00f3n de forma de onda azul sobre el fondo de un peri\u00f3dico\" src=\"https:\/\/images-na.ssl-images-amazon.com\/images\/G\/01\/x-locale\/common\/grey-pixel.gif\" class=\"a-spacing-mini a-lazy-loaded\" data-src=\"https:\/\/m.media-amazon.com\/images\/S\/aplus-media-library-service-media\/16b54504-44d9-4b20-9f29-0fc96fc51f50.__CR0,0,600,600_PT0_SX300_V1___.png\"><img decoding=\"async\" alt=\"La interfaz del reproductor multimedia PlaySer se muestra en una tableta negra, que muestra una visualizaci\u00f3n de forma de onda azul sobre el fondo de un peri\u00f3dico\" src=\"https:\/\/m.media-amazon.com\/images\/S\/aplus-media-library-service-media\/16b54504-44d9-4b20-9f29-0fc96fc51f50.__CR0,0,600,600_PT0_SX300_V1___.png\">  <\/p>\n<p>                                                    Noticias: prensa y radio                                       <\/p>\n<p> Sigue las noticias como m\u00e1s te apetezca. En Bleta podr\u00e1s leer peri\u00f3dicos, revistas, escuchar la radio y ver la televisi\u00f3n. <\/p>\n<p class=\"apm-text-center\">\n                                                      <img decoding=\"async\" alt=\"Juegos cognitivos Bleta\" src=\"https:\/\/images-na.ssl-images-amazon.com\/images\/G\/01\/x-locale\/common\/grey-pixel.gif\" class=\"a-spacing-mini a-lazy-loaded\" data-src=\"https:\/\/m.media-amazon.com\/images\/S\/aplus-media-library-service-media\/aea1e9bd-8578-48e7-b637-f3b33ec829a2.__CR0,0,600,600_PT0_SX300_V1___.png\"><img decoding=\"async\" alt=\"Juegos cognitivos Bleta\" src=\"https:\/\/m.media-amazon.com\/images\/S\/aplus-media-library-service-media\/aea1e9bd-8578-48e7-b637-f3b33ec829a2.__CR0,0,600,600_PT0_SX300_V1___.png\">  <\/p>\n<p>                                                    Entrenamiento cognitivo                                       <\/p>\n<p> Bleta incluye juegos de entrenamiento cognitivo, para mantener siempre la mente activa. Encontrar\u00e1s juegos de memoria, razonamiento y muchos otros. <\/p>\n<p class=\"apm-text-center\">\n                                                      <img decoding=\"async\" alt=\"Juegos entretenimiento Bleta\" src=\"https:\/\/images-na.ssl-images-amazon.com\/images\/G\/01\/x-locale\/common\/grey-pixel.gif\" class=\"a-spacing-mini a-lazy-loaded\" data-src=\"https:\/\/m.media-amazon.com\/images\/S\/aplus-media-library-service-media\/a8ea7804-37c7-45d3-aa90-98764e950a6e.__CR0,0,600,600_PT0_SX300_V1___.png\"><img decoding=\"async\" alt=\"Juegos entretenimiento Bleta\" src=\"https:\/\/m.media-amazon.com\/images\/S\/aplus-media-library-service-media\/a8ea7804-37c7-45d3-aa90-98764e950a6e.__CR0,0,600,600_PT0_SX300_V1___.png\">  <\/p>\n<p>                                                    Juegos de entretenimiento                                       <\/p>\n<p> Con Bleta podr\u00e1s entretenerte con juegos. Se incluyen varios juegos y tambi\u00e9n podr\u00e1s instalarte el que quieras desde Google Play. <\/p>\n<p class=\"apm-text-center\">\n                                                      <img decoding=\"async\" alt=\"Bleta contactos\" src=\"https:\/\/images-na.ssl-images-amazon.com\/images\/G\/01\/x-locale\/common\/grey-pixel.gif\" class=\"a-spacing-mini a-lazy-loaded\" data-src=\"https:\/\/m.media-amazon.com\/images\/S\/aplus-media-library-service-media\/68f7d3b6-2916-43a4-bc53-1ac1000f8bb6.__CR0,0,600,600_PT0_SX300_V1___.png\"><img decoding=\"async\" alt=\"Bleta contactos\" src=\"https:\/\/m.media-amazon.com\/images\/S\/aplus-media-library-service-media\/68f7d3b6-2916-43a4-bc53-1ac1000f8bb6.__CR0,0,600,600_PT0_SX300_V1___.png\">  <\/p>\n<p>                                                    Todas tus aplicaciones siempre a mano                                       <\/p>\n<p> Bleta te ofrece un listado claro y ordenado de todas tus aplicaciones, agrupadas por categor\u00edas para que puedas encontrarlas r\u00e1pida y f\u00e1cilmente, sin complicaciones. <\/p>\n<p class=\"apm-text-center\">\n                                                      <img decoding=\"async\" alt=\"Bleta aplicaciones\" src=\"https:\/\/images-na.ssl-images-amazon.com\/images\/G\/01\/x-locale\/common\/grey-pixel.gif\" class=\"a-spacing-mini a-lazy-loaded\" data-src=\"https:\/\/m.media-amazon.com\/images\/S\/aplus-media-library-service-media\/bbc21195-ffba-4bdf-b0c8-f600f2bc8811.__CR0,0,600,600_PT0_SX300_V1___.png\"><img decoding=\"async\" alt=\"Bleta aplicaciones\" src=\"https:\/\/m.media-amazon.com\/images\/S\/aplus-media-library-service-media\/bbc21195-ffba-4bdf-b0c8-f600f2bc8811.__CR0,0,600,600_PT0_SX300_V1___.png\">  <\/p>\n<p>                                                    Instala cualquier aplicaci\u00f3n Android                                       <\/p>\n<p> Tu tablet Bleta te llegar\u00e1 lista para usar con las aplicaciones que m\u00e1s se usan instaladas. Adem\u00e1s, luego podr\u00e1s instalarte las apps que quieras desde Google Play. <\/p>\n<p> Bleta es la tablet intuitiva para aquellos que no est\u00e1n acostumbrados a usar las nuevas tecnolog\u00edas. <\/p>\n<p> Bleta tiene muy buenas especificaciones de HW: <\/p>\n<\/p>\n<p>Gran pantalla HD IPS de 10.1 pulgadasBuen sonido con dos altavoces est\u00e9reo y sonido Dolby AtmosAdmite tarjeta SIM para tener datos y poder realizar llamadas normales (como con un m\u00f3vil)Gran memoria RAM y ROMProcesador de 8 n\u00facleos para que todas tus apps y juegos funcionen de maravillaTodo esto hace que la tablet funcione de manera fluida.      <\/p>\n<p> Bleta tiene tambi\u00e9n SW propio: <\/p>\n<\/p>\n<p>Iconos grandes, letra grande y f\u00e1cil navegaci\u00f3nCompatibilidad con cualquier aplicaci\u00f3n AndroidPantalla inicial personalizable (puedes elegir qu\u00e9 iconos y cu\u00e1ntos quieres que aparezcan)Acceso directo y sencillo a ajustes b\u00e1sicos como tama\u00f1o de letra, volumen y brilloMen\u00fa secundario con aplicaciones clasificadas en categor\u00edas          <\/p>\n<p>                                                  <img decoding=\"async\" alt=\"Marco de fotos digital que muestra una imagen en blanco y negro de m\u00fasicos de jazz tocando. Los patrones circulares verdes en las esquinas sugieren conectividad inal\u00e1mbrica.\" src=\"https:\/\/images-na.ssl-images-amazon.com\/images\/G\/01\/x-locale\/common\/grey-pixel.gif\" class=\"a-lazy-loaded\" data-src=\"https:\/\/m.media-amazon.com\/images\/S\/aplus-media-library-service-media\/40f6a081-9669-4735-a1ef-61a899851efe.__CR0,0,1080,1080_PT0_SX300_V1___.png\"><img decoding=\"async\" alt=\"Marco de fotos digital que muestra una imagen en blanco y negro de m\u00fasicos de jazz tocando. Los patrones circulares verdes en las esquinas sugieren conectividad inal\u00e1mbrica.\" src=\"https:\/\/m.media-amazon.com\/images\/S\/aplus-media-library-service-media\/40f6a081-9669-4735-a1ef-61a899851efe.__CR0,0,1080,1080_PT0_SX300_V1___.png\">  <\/p>\n<h3 class=\"a-spacing-mini\"> Sonido e imagen de gran calidad <\/h3>\n<p> Con dos altavoces est\u00e9reo y sonido Dolby Atmos, se escucha con volumen fuerte y de calidad. <\/p>\n<p> Disfruta de tus contenidos favoritos en una gran pantalla HD IPS de 10.1 pulgadas , con acceso a plataformas como Netflix y Amazon Prime Video. La calidad de imagen y el sonido Dolby Atmos garantizan una experiencia de cine en casa. <\/p>\n<p>                                                  <img decoding=\"async\" alt=\"en funda tipo libro negra con soporte. Los accesorios incluyen un l\u00e1piz capacitivo, un adaptador USB y un enchufe de carga. La funda tiene un soporte para bol\u00edgrafos incorporado\" src=\"https:\/\/images-na.ssl-images-amazon.com\/images\/G\/01\/x-locale\/common\/grey-pixel.gif\" class=\"a-spacing-mini a-lazy-loaded\" data-src=\"https:\/\/m.media-amazon.com\/images\/S\/aplus-media-library-service-media\/f61478b9-8152-41a4-bb24-a2357c28ab55.__CR0,0,2424,2424_PT0_SX300_V1___.png\"><img decoding=\"async\" alt=\"en funda tipo libro negra con soporte. Los accesorios incluyen un l\u00e1piz capacitivo, un adaptador USB y un enchufe de carga. La funda tiene un soporte para bol\u00edgrafos incorporado\" src=\"https:\/\/m.media-amazon.com\/images\/S\/aplus-media-library-service-media\/f61478b9-8152-41a4-bb24-a2357c28ab55.__CR0,0,2424,2424_PT0_SX300_V1___.png\">  <\/p>\n<h3 class=\"a-spacing-mini\"> \u00a1Todo incluido! <\/h3>\n<p> Gu\u00e1rdala, g\u00edrala y \u00fasala con total seguridad. La tablet Bleta incluye una funda rotativa que la protege con estilo y permite ajustarla en distintos \u00e1ngulos para mayor comodidad.Adem\u00e1s, incluye un bol\u00edgrafo t\u00e1ctil para una navegaci\u00f3n m\u00e1s precisa y un cargador para que nunca te quedes sin bater\u00eda. <\/p>\n<p>                                                  <img decoding=\"async\" alt=\"Pareja mayor al aire libre, sonriendo mientras miran juntos un tel\u00e9fono inteligente. Hombre con barba blanca, mujer con gafas.\" src=\"https:\/\/images-na.ssl-images-amazon.com\/images\/G\/01\/x-locale\/common\/grey-pixel.gif\" class=\"a-lazy-loaded\" data-src=\"https:\/\/m.media-amazon.com\/images\/S\/aplus-media-library-service-media\/5402e2ba-20b9-43eb-9417-2d616de76adb.__CR0,0,3592,1111_PT0_SX970_V1___.png\"><img decoding=\"async\" alt=\"Pareja mayor al aire libre, sonriendo mientras miran juntos un tel\u00e9fono inteligente. Hombre con barba blanca, mujer con gafas.\" src=\"https:\/\/m.media-amazon.com\/images\/S\/aplus-media-library-service-media\/5402e2ba-20b9-43eb-9417-2d616de76adb.__CR0,0,3592,1111_PT0_SX970_V1___.png\">  <\/p>\n<p> Con los servicios de Bleta, resolvemos todas tus dudas y te ayudamos remotamente con las configuraciones. <\/p>\n<p> \u00bfTienes alguna duda? \u00a1Estamos aqu\u00ed para ayudarte! <\/p>\n<p> Batteries                                            \u200f                                            :                                            \u200e                                            1 Lithium Polymer batteries required.   <br \/> Product Dimensions                                            \u200f                                            :                                            \u200e                                            25.65 x 25.7 x 25.7 cm; 1.32 kg   <br \/> Date First Available                                            \u200f                                            :                                            \u200e                                            14 Dec. 2022   <br \/> Manufacturer                                            \u200f                                            :                                            \u200e                                            Bleta   <br \/> ASIN                                            \u200f                                            :                                            \u200e                                            B0BQ3Q9J8M   <br \/> Country of origin                                            \u200f                                            :                                            \u200e                                            Spain   <br \/> Guaranteed software updates until                                            \u200f                                            :                                            \u200e                                            unknown   <br \/>       Best Sellers Rank:  2,693 in Computers (See Top 100 in Computers)    197 in Tablets      <br \/>  Customer reviews:                                                                                            4.3               4.3 out of 5 stars                                  (25)                                              var dpAcrHasRegisteredArcLinkClickAction;                    P.when(&#8216;A&#8217;, &#8216;ready&#8217;).execute(function(A) {                        if (dpAcrHasRegisteredArcLinkClickAction !== true) {                            dpAcrHasRegisteredArcLinkClickAction = true;                            A.declarative(                                &#8216;acrLink-click-metrics&#8217;, &#8216;click&#8217;,                                { \u00aballowLinkDefault\u00bb: true },                                function (event) {                                    if (window.ue) {                                        ue.count(\u00abacrLinkClickCount\u00bb, (ue.count(\u00abacrLinkClickCount\u00bb) || 0) + 1);                                    }                                }                            );                        }                    });                                             P.when(&#8216;A&#8217;, &#8216;cf&#8217;).execute(function(A) {                A.declarative(&#8216;acrStarsLink-click-metrics&#8217;, &#8216;click&#8217;, { \u00aballowLinkDefault\u00bb : true },  function(event){                    if(window.ue) {                        ue.count(\u00abacrStarsLinkWithPopoverClickCount\u00bb, (ue.count(\u00abacrStarsLinkWithPopoverClickCount\u00bb) || 0) + 1);                    }                });            });                          <\/p>\n<p>Easy to use: Bleta tablet for seniors is designed with a simple interface, large letter and icons and easy navigation, perfect for those looking for hassle-free accessible technology. It comes with pre-installed essential apps like WhatsApp and YouTube, to start using it instantly. It also includes simple entertainment games and cognitive training apps to exercise the mind.<br \/>CONNECT WITH YOURS &#8211; Stay in touch with your family thanks to video calls, quality camera and built-in microphone. Its battery offers up to several days of use and has a 3-year warranty for your peace of mind.<br \/>CONVENIENT ACCESSORIES &#8211; Includes rotating protective case, charger and touch pen for added convenience. You can rest it on a table for reading or watching videos without having to hold it.<br \/>FULL CONNECTIVITY: With Wi-Fi, 4G with SIM slot, GPS, Bluetooth, USB-C port and mini headphone jack, you&#8217;ll always have connection to communicate, surf or use your favorite apps. It also makes traditional calls.<br \/>PERFORMANCE AND STORAGE: Equipped with 8-core processor, 4GB RAM and 64GB expandable up to 1TB, Bleta ensures fluidity and enough space for photos, videos and applications.<br \/>MORE THAN A TABLET: With Bleta you can watch movies and TV shows with FHD screen and Dolby Atmos sound; check your money in the bank, conduct online medical consultations and schedule appointments; surf the Internet, listen to music and set medication reminders among many other things.<\/p>\n\n","protected":false},"excerpt":{"rendered":"<p> Product Description \u00bfQu\u00e9 puedo hacer con Bleta? Videollamadas Conecta con los tuyos de manera muy<\/p>","protected":false},"featured_media":36177,"comment_status":"open","ping_status":"closed","template":"","meta":[],"product_brand":[],"product_cat":[93],"product_tag":[651,646,648,10417,650,1001,1142,7027,655,1041,587,647,842,2827,2597,157,652,653,649,654,188,2230,10418],"class_list":{"0":"post-36176","1":"product","2":"type-product","3":"status-publish","4":"has-post-thumbnail","6":"product_cat-android-tablets","7":"product_tag-10-inch-tablet","8":"product_tag-android-tablet","9":"product_tag-best-android-tablet","10":"product_tag-bleta","11":"product_tag-budget-android-tablet","12":"product_tag-calls","13":"product_tag-easy","14":"product_tag-elderly","15":"product_tag-gaming-tablet","16":"product_tag-large","17":"product_tag-ram","18":"product_tag-samsung-android-tablet","19":"product_tag-screen","20":"product_tag-sim","21":"product_tag-slot","22":"product_tag-tablet","23":"product_tag-tablet-for-kids","24":"product_tag-tablet-for-study","25":"product_tag-tablet-with-sim","26":"product_tag-tablet-with-stylus","27":"product_tag-usbc","28":"product_tag-video","29":"product_tag-whatsapp","31":"first","32":"instock","33":"shipping-taxable","34":"product-type-external"},"_links":{"self":[{"href":"https:\/\/comprasyconsejos.store\/en\/wp-json\/wp\/v2\/product\/36176","targetHints":{"allow":["GET"]}}],"collection":[{"href":"https:\/\/comprasyconsejos.store\/en\/wp-json\/wp\/v2\/product"}],"about":[{"href":"https:\/\/comprasyconsejos.store\/en\/wp-json\/wp\/v2\/types\/product"}],"replies":[{"embeddable":true,"href":"https:\/\/comprasyconsejos.store\/en\/wp-json\/wp\/v2\/comments?post=36176"}],"version-history":[{"count":0,"href":"https:\/\/comprasyconsejos.store\/en\/wp-json\/wp\/v2\/product\/36176\/revisions"}],"wp:featuredmedia":[{"embeddable":true,"href":"https:\/\/comprasyconsejos.store\/en\/wp-json\/wp\/v2\/media\/36177"}],"wp:attachment":[{"href":"https:\/\/comprasyconsejos.store\/en\/wp-json\/wp\/v2\/media?parent=36176"}],"wp:term":[{"taxonomy":"product_brand","embeddable":true,"href":"https:\/\/comprasyconsejos.store\/en\/wp-json\/wp\/v2\/product_brand?post=36176"},{"taxonomy":"product_cat","embeddable":true,"href":"https:\/\/comprasyconsejos.store\/en\/wp-json\/wp\/v2\/product_cat?post=36176"},{"taxonomy":"product_tag","embeddable":true,"href":"https:\/\/comprasyconsejos.store\/en\/wp-json\/wp\/v2\/product_tag?post=36176"}],"curies":[{"name":"wp","href":"https:\/\/api.w.org\/{rel}","templated":true}]}}