{"id":36185,"date":"2026-02-28T01:42:07","date_gmt":"2026-02-28T01:42:07","guid":{"rendered":"https:\/\/comprasyconsejos.store\/product\/hp-victus-15-fa2030ns-gaming-laptop-15-inch-fhd-intel-core-7-240h-16gb-ram-1tb-ssd-nvidia-rtx-5060-freedos-blue-spanish-qwerty-keyboard\/"},"modified":"2026-02-28T01:42:10","modified_gmt":"2026-02-28T01:42:10","slug":"hp-victus-15-fa2030ns-gaming-laptop-15-inch-fhd-intel-core-7-240h-16gb-ram-1tb-ssd-nvidia-rtx-5060-freedos-blue-spanish-qwerty-keyboard","status":"publish","type":"product","link":"https:\/\/comprasyconsejos.store\/en\/product\/hp-victus-15-fa2030ns-gaming-laptop-15-inch-fhd-intel-core-7-240h-16gb-ram-1tb-ssd-nvidia-rtx-5060-freedos-blue-spanish-qwerty-keyboard\/","title":{"rendered":"HP Victus 15-fa2030ns \u2013 Gaming Laptop 15 Inch FHD (Intel Core 7-240H, 16GB RAM, 1TB SSD, NVIDIA RTX 5060, FreeDos) \u2013 Blue \u2013 Spanish QWERTY Keyboard"},"content":{"rendered":"<p>Price: <span style=\"color:#b12704\">\u20ac1,299.00<\/span><br \/><i><small>(as of Feb 28, 2026 01:42:07 UTC &#8211; <span class=\"wp_automatic_amazon_disclaimer\" title=\"Product prices and availability are accurate as of the date\/time indicated and are subject to change. Any price and availability information displayed on [relevant Amazon Site(s), as applicable] at the time of purchase will apply to the purchase of this product.\">Details<\/span>)<\/small><\/i><\/p>\n<p><a href=\"https:\/\/amazon.es\/dp\/B0F2TKVCXH?tag=man008-21\"><img decoding=\"async\" src=\"https:\/\/valvepress.s3.amazonaws.com\/imgs\/buy_now.png\"><\/a><br \/>\n<\/p>\n<p>                                             From the manufacturer   <\/p>\n<p>                                                                                                       <img decoding=\"async\" alt=\"Victus Gaming Laptop\" src=\"https:\/\/images-na.ssl-images-amazon.com\/images\/G\/01\/x-locale\/common\/grey-pixel.gif\" class=\"a-lazy-loaded\" data-src=\"https:\/\/m.media-amazon.com\/images\/S\/aplus-media-library-service-media\/7dc79e0d-bbb5-41db-b8e3-6130f4c537d8.__CR0,0,1464,600_PT0_SX1464_V1___.jpg\"><img decoding=\"async\" alt=\"Victus Gaming Laptop\" src=\"https:\/\/m.media-amazon.com\/images\/S\/aplus-media-library-service-media\/7dc79e0d-bbb5-41db-b8e3-6130f4c537d8.__CR0,0,1464,600_PT0_SX1464_V1___.jpg\">                                               <\/p>\n<p>                                                           Victus Gaming Laptop 15-fa2030ns                                          <\/p>\n<h3 class=\"aplus-h1 aplus-module-1-heading a-text-bold\"> Sigue tu destino gamer <\/h3>\n<p class=\"aplus-p2 aplus-module-1-description\"> El port\u00e1til HP Victus se ha dise\u00f1ado para ofrecer la m\u00e1xima calidad a tu juego sobre la marcha. Este elegante port\u00e1til cuenta con un potente procesador Intel y gr\u00e1ficos NVIDIA. El dise\u00f1o de este port\u00e1til resulta tan impresionante como su hardware, con abundantes opciones de color, una refrigeraci\u00f3n actualizada y una c\u00e1mara web con reducci\u00f3n de ruido temporal. <\/p>\n<p>                                           <img decoding=\"async\" alt=\"Victus Gaming Laptop\" src=\"https:\/\/images-na.ssl-images-amazon.com\/images\/G\/01\/x-locale\/common\/grey-pixel.gif\" class=\"a-lazy-loaded\" data-src=\"https:\/\/m.media-amazon.com\/images\/S\/aplus-media-library-service-media\/966229d4-f7bb-4b23-ae73-2501c7719f43.__CR0,0,800,600_PT0_SX800_V1___.jpg\"><img decoding=\"async\" alt=\"Victus Gaming Laptop\" src=\"https:\/\/m.media-amazon.com\/images\/S\/aplus-media-library-service-media\/966229d4-f7bb-4b23-ae73-2501c7719f43.__CR0,0,800,600_PT0_SX800_V1___.jpg\">          <\/p>\n<p>                                                                <img decoding=\"async\" alt=\"Victus Gaming Laptop\" src=\"https:\/\/images-na.ssl-images-amazon.com\/images\/G\/01\/x-locale\/common\/grey-pixel.gif\" class=\"a-lazy-loaded\" data-src=\"https:\/\/m.media-amazon.com\/images\/S\/aplus-media-library-service-media\/a3cfa0c1-0732-49a5-9eb9-384d6999a38e.__CR0,0,800,600_PT0_SX800_V1___.jpg\"><img decoding=\"async\" alt=\"Victus Gaming Laptop\" src=\"https:\/\/m.media-amazon.com\/images\/S\/aplus-media-library-service-media\/a3cfa0c1-0732-49a5-9eb9-384d6999a38e.__CR0,0,800,600_PT0_SX800_V1___.jpg\">                                                                          <\/p>\n<h3 class=\"aplus-h1 aplus-module-1-heading a-text-bold\"> Componentes de procesamiento superior <\/h3>\n<p class=\"aplus-p2 aplus-module-1-description\"> Despliega tus mejores habilidades de juego gracias a un potente procesador Intel, a una tarjeta gr\u00e1fica de \u00faltima generaci\u00f3n y a una gran memoria. <\/p>\n<h3 class=\"aplus-h1 aplus-module-1-heading a-text-bold\"> Un dise\u00f1o sofisticado y elegante <\/h3>\n<p class=\"aplus-p2 aplus-module-1-description\"> De dimensiones reducidas y en hasta tres opciones de color, este vigoroso dispositivo queda bien en cualquier sitio. <\/p>\n<p>                                           <img decoding=\"async\" alt=\"Victus Gaming Laptop\" src=\"https:\/\/images-na.ssl-images-amazon.com\/images\/G\/01\/x-locale\/common\/grey-pixel.gif\" class=\"a-lazy-loaded\" data-src=\"https:\/\/m.media-amazon.com\/images\/S\/aplus-media-library-service-media\/7bbe1d29-5a04-4225-9225-665db0037b25.__CR0,0,800,600_PT0_SX800_V1___.jpg\"><img decoding=\"async\" alt=\"Victus Gaming Laptop\" src=\"https:\/\/m.media-amazon.com\/images\/S\/aplus-media-library-service-media\/7bbe1d29-5a04-4225-9225-665db0037b25.__CR0,0,800,600_PT0_SX800_V1___.jpg\">          <\/p>\n<p>                                                                <img decoding=\"async\" alt=\"Victus Gaming Laptop\" src=\"https:\/\/images-na.ssl-images-amazon.com\/images\/G\/01\/x-locale\/common\/grey-pixel.gif\" class=\"a-lazy-loaded\" data-src=\"https:\/\/m.media-amazon.com\/images\/S\/aplus-media-library-service-media\/75c95176-f8d2-42db-9966-2fd4150a92c8.__CR0,0,800,600_PT0_SX800_V1___.jpg\"><img decoding=\"async\" alt=\"Victus Gaming Laptop\" src=\"https:\/\/m.media-amazon.com\/images\/S\/aplus-media-library-service-media\/75c95176-f8d2-42db-9966-2fd4150a92c8.__CR0,0,800,600_PT0_SX800_V1___.jpg\">                                                                          <\/p>\n<h3 class=\"aplus-h1 aplus-module-1-heading a-text-bold\"> Todas las funciones que necesites <\/h3>\n<p class=\"aplus-p2 aplus-module-1-description\"> Desde el dise\u00f1o t\u00e9rmico mejorado hasta la c\u00e1mara web, este port\u00e1til lo tiene todo. <\/p>\n<h3 class=\"a-text-center aplus-h1 a-text-bold\">   <\/h3>\n<p>                         Add To Basket  <\/p>\n<p>                         Add To Basket  <\/p>\n<p>                                     Customer Reviews  <\/p>\n<p>                    4.4 out of 5 stars  20  <\/p>\n<p>                    4.4 out of 5 stars  69  <\/p>\n<p>                    4.6 out of 5 stars  22  <\/p>\n<p>                    4.4 out of 5 stars  20  <\/p>\n<p>                                     Price  <\/p>\n<p>                                                        \u20ac1,299.00\u20ac1,299.00     <\/p>\n<p>                                                        \u2014    <\/p>\n<p>                                                        \u2014    <\/p>\n<p>                                                        \u20ac1,499.00\u20ac1,499.00     <\/p>\n<p>                                     Procesador  <\/p>\n<p>                                                Intel Core 7 240H     <\/p>\n<p>                                                Intel Core 7 240H    <\/p>\n<p>                                                Intel Core 7 240H    <\/p>\n<p>                                                Intel Ultra 7 255H    <\/p>\n<p>                                     Memoria  <\/p>\n<p>                                                16 GB DDR4-3200 MT\/s    <\/p>\n<p>                                                24 GB DDR5-5600 MT\/s    <\/p>\n<p>                                                32 GB DDR5-5600 MT\/s    <\/p>\n<p>                                                32GB DDR5 2DM 5600 MT\/s    <\/p>\n<p>                                     Almacenamiento de datos  <\/p>\n<p>                                                SSD PCIe NVMe de 1 TB    <\/p>\n<p>                                                SSD PCIe NVMe de 1 TB    <\/p>\n<p>                                                SSD PCIe Gen4 NVMe de 1 TB    <\/p>\n<p>                                                SSD PCIe Gen4 Value de 1 TB    <\/p>\n<p>                                     Gr\u00e1ficos  <\/p>\n<p>                                                NVIDIA GeForce RTX 5060    <\/p>\n<p>                                                NVIDIA GeForce RTX 5060    <\/p>\n<p>                                                NVIDIA GeForce RTX 5060    <\/p>\n<p>                                                NVIDIA GeForce RTX 5060    <\/p>\n<p>                                     Pantalla  <\/p>\n<p>                                                15.6&#8243; diagonal, FHD    <\/p>\n<p>                                                15.6&#8243; diagonal, FHD    <\/p>\n<p>                                                16&#8243; diagonal, 2K    <\/p>\n<p>                                                16&#8243; diagonal, 2K    <\/p>\n<p> Batteries                                            \u200f                                            :                                            \u200e                                            1 Lithium Ion batteries required. (included)   <br \/> Product Dimensions                                            \u200f                                            :                                            \u200e                                            25.5 x 35.79 x 2.35 cm; 2.29 kg   <br \/> Manufacturer                                            \u200f                                            :                                            \u200e                                            HP   <br \/> ASIN                                            \u200f                                            :                                            \u200e                                            B0F2TKVCXH   <br \/> Item model number                                            \u200f                                            :                                            \u200e                                            0199251203725   <br \/> Country of origin                                            \u200f                                            :                                            \u200e                                            China   <br \/> Guaranteed software updates until                                            \u200f                                            :                                            \u200e                                            unknown   <br \/>  Customer reviews:                                                                                            4.4               4.4 out of 5 stars                                  (20)                                              var dpAcrHasRegisteredArcLinkClickAction;                    P.when(&#8216;A&#8217;, &#8216;ready&#8217;).execute(function(A) {                        if (dpAcrHasRegisteredArcLinkClickAction !== true) {                            dpAcrHasRegisteredArcLinkClickAction = true;                            A.declarative(                                &#8216;acrLink-click-metrics&#8217;, &#8216;click&#8217;,                                { \u00aballowLinkDefault\u00bb: true },                                function (event) {                                    if (window.ue) {                                        ue.count(\u00abacrLinkClickCount\u00bb, (ue.count(\u00abacrLinkClickCount\u00bb) || 0) + 1);                                    }                                }                            );                        }                    });                                             P.when(&#8216;A&#8217;, &#8216;cf&#8217;).execute(function(A) {                A.declarative(&#8216;acrStarsLink-click-metrics&#8217;, &#8216;click&#8217;, { \u00aballowLinkDefault\u00bb : true },  function(event){                    if(window.ue) {                        ue.count(\u00abacrStarsLinkWithPopoverClickCount\u00bb, (ue.count(\u00abacrStarsLinkWithPopoverClickCount\u00bb) || 0) + 1);                    }                });            });                          <\/p>\n<p>Power your games: Intel Core 7-240H processor up to 5.2 GHz with Intel Turbo Boost Technology, 10 cores and 16 threads for fast, smooth gaming and multitasking performance<br \/>NVIDIA GeForce RTX 5060 Graphics: With 8GB dedicated GDDR6, it delivers ray tracing and DLSS technologies for a realistic, high-quality visual experience<br \/>FAST STORAGE AND MEMORY: Equipped with 16GB DDR4-3200MHz and a 1TB PCIe Gen4 NVMe M.2 SSD, ensuring fast boot-ups and instant loading of your games and files<br \/>Immersive FHD display: 15.6&#8243; (1920 x 1080) panel with thin bezels and great detail so you can enjoy your games with crisp colors and an immersive experience<br \/>Modern and robust design: Blue chassis with Spanish QWERTY keyboard, improved cooling system and a stylish and functional gaming style<br \/>Ready to customize: Includes FreeDos, so you can install your preferred operating system and configure your computer to your needs<\/p>\n\n","protected":false},"excerpt":{"rendered":"<p> From the manufacturer Victus Gaming Laptop 15-fa2030ns Sigue tu destino gamer El port\u00e1til HP Victus<\/p>","protected":false},"featured_media":36186,"comment_status":"open","ping_status":"closed","template":"","meta":[],"product_brand":[],"product_cat":[86],"product_tag":[526,10420,509,602,4038,520,367,698,639,5816,617,519,524,521,525,522,523,584,562,518,159,821,528,858,587,527,621,5273,513,1705],"class_list":{"0":"post-36185","1":"product","2":"type-product","3":"status-publish","4":"has-post-thumbnail","6":"product_cat-gaming-laptop","7":"product_tag-144hz-gaming-laptop","8":"product_tag-15fa2030ns","9":"product_tag-16gb","10":"product_tag-1tb","11":"product_tag-7240h","12":"product_tag-best-gaming-laptop","13":"product_tag-blue","14":"product_tag-core","15":"product_tag-fhd","16":"product_tag-freedos","17":"product_tag-gaming","18":"product_tag-gaming-laptop","19":"product_tag-gaming-laptop-16gb-ram","20":"product_tag-gaming-laptop-rtx","21":"product_tag-gaming-laptop-ssd","22":"product_tag-gaming-laptop-under-budget","23":"product_tag-high-performance-laptop","24":"product_tag-inch","25":"product_tag-intel","26":"product_tag-keyboard","27":"product_tag-laptop","28":"product_tag-nvidia","29":"product_tag-portable-gaming-laptop","30":"product_tag-qwerty","31":"product_tag-ram","32":"product_tag-rgb-gaming-laptop","33":"product_tag-rtx","34":"product_tag-spanish","35":"product_tag-ssd","36":"product_tag-victus","38":"first","39":"instock","40":"shipping-taxable","41":"product-type-external"},"_links":{"self":[{"href":"https:\/\/comprasyconsejos.store\/en\/wp-json\/wp\/v2\/product\/36185","targetHints":{"allow":["GET"]}}],"collection":[{"href":"https:\/\/comprasyconsejos.store\/en\/wp-json\/wp\/v2\/product"}],"about":[{"href":"https:\/\/comprasyconsejos.store\/en\/wp-json\/wp\/v2\/types\/product"}],"replies":[{"embeddable":true,"href":"https:\/\/comprasyconsejos.store\/en\/wp-json\/wp\/v2\/comments?post=36185"}],"version-history":[{"count":0,"href":"https:\/\/comprasyconsejos.store\/en\/wp-json\/wp\/v2\/product\/36185\/revisions"}],"wp:featuredmedia":[{"embeddable":true,"href":"https:\/\/comprasyconsejos.store\/en\/wp-json\/wp\/v2\/media\/36186"}],"wp:attachment":[{"href":"https:\/\/comprasyconsejos.store\/en\/wp-json\/wp\/v2\/media?parent=36185"}],"wp:term":[{"taxonomy":"product_brand","embeddable":true,"href":"https:\/\/comprasyconsejos.store\/en\/wp-json\/wp\/v2\/product_brand?post=36185"},{"taxonomy":"product_cat","embeddable":true,"href":"https:\/\/comprasyconsejos.store\/en\/wp-json\/wp\/v2\/product_cat?post=36185"},{"taxonomy":"product_tag","embeddable":true,"href":"https:\/\/comprasyconsejos.store\/en\/wp-json\/wp\/v2\/product_tag?post=36185"}],"curies":[{"name":"wp","href":"https:\/\/api.w.org\/{rel}","templated":true}]}}