{"id":36203,"date":"2026-02-28T03:06:07","date_gmt":"2026-02-28T03:06:07","guid":{"rendered":"https:\/\/comprasyconsejos.store\/product\/hitachi-lg-gp96y-external-cd-dvd-recorder-reader-usb-c-for-android-portable-external-drive-player-for-pc-windows-mac-fire\/"},"modified":"2026-02-28T03:06:10","modified_gmt":"2026-02-28T03:06:10","slug":"hitachi-lg-gp96y-external-cd-dvd-recorder-reader-usb-c-for-android-portable-external-drive-player-for-pc-windows-mac-fire","status":"publish","type":"product","link":"https:\/\/comprasyconsejos.store\/en\/product\/hitachi-lg-gp96y-external-cd-dvd-recorder-reader-usb-c-for-android-portable-external-drive-player-for-pc-windows-mac-fire\/","title":{"rendered":"Hitachi LG GP96Y External CD DVD Recorder Reader, USB C for Android, Portable External Drive Player for PC (Windows, Mac, Fire)"},"content":{"rendered":"<p>Price: <span style=\"color:#b12704\">\u20ac19.99<\/span><br \/><i><small>(as of Feb 28, 2026 03:06:07 UTC &#8211; <span class=\"wp_automatic_amazon_disclaimer\" title=\"Product prices and availability are accurate as of the date\/time indicated and are subject to change. Any price and availability information displayed on [relevant Amazon Site(s), as applicable] at the time of purchase will apply to the purchase of this product.\">Details<\/span>)<\/small><\/i><\/p>\n<p><a href=\"https:\/\/amazon.es\/dp\/B08N48PQGF?tag=man008-21\"><img decoding=\"async\" src=\"https:\/\/valvepress.s3.amazonaws.com\/imgs\/buy_now.png\"><\/a><br \/>\n<\/p>\n<p>                                             Product Description   <\/p>\n<p>                                                                             <img decoding=\"async\" alt=\"portable external dvd cd multi os drive burner player\" src=\"https:\/\/images-na.ssl-images-amazon.com\/images\/G\/01\/x-locale\/common\/grey-pixel.gif\" class=\"a-spacing-base a-lazy-loaded\" data-src=\"https:\/\/m.media-amazon.com\/images\/S\/aplus-media-library-service-media\/10a2fac2-04ee-4f11-aae6-b1dc36cf35c8.__CR0,0,970,600_PT0_SX970_V1___.png\"><img decoding=\"async\" alt=\"portable external dvd cd multi os drive burner player\" src=\"https:\/\/m.media-amazon.com\/images\/S\/aplus-media-library-service-media\/10a2fac2-04ee-4f11-aae6-b1dc36cf35c8.__CR0,0,970,600_PT0_SX970_V1___.png\">                                                                    <\/p>\n<p>                                                                             <img decoding=\"async\" alt=\"portable external dvd cd multi os drive burner player\" src=\"https:\/\/images-na.ssl-images-amazon.com\/images\/G\/01\/x-locale\/common\/grey-pixel.gif\" class=\"a-spacing-base a-lazy-loaded\" data-src=\"https:\/\/m.media-amazon.com\/images\/S\/aplus-media-library-service-media\/3b4eb413-89e5-4c13-8a2d-c67a84cbe411.__CR0,0,970,600_PT0_SX970_V1___.png\"><img decoding=\"async\" alt=\"portable external dvd cd multi os drive burner player\" src=\"https:\/\/m.media-amazon.com\/images\/S\/aplus-media-library-service-media\/3b4eb413-89e5-4c13-8a2d-c67a84cbe411.__CR0,0,970,600_PT0_SX970_V1___.png\">                                                                    <\/p>\n<p>                                                                             <img decoding=\"async\" alt=\"portable external dvd cd multi os drive burner player\" src=\"https:\/\/images-na.ssl-images-amazon.com\/images\/G\/01\/x-locale\/common\/grey-pixel.gif\" class=\"a-spacing-base a-lazy-loaded\" data-src=\"https:\/\/m.media-amazon.com\/images\/S\/aplus-media-library-service-media\/1b37d0bd-bbfe-451a-bc76-d5f689be812b.__CR0,0,970,600_PT0_SX970_V1___.jpg\"><img decoding=\"async\" alt=\"portable external dvd cd multi os drive burner player\" src=\"https:\/\/m.media-amazon.com\/images\/S\/aplus-media-library-service-media\/1b37d0bd-bbfe-451a-bc76-d5f689be812b.__CR0,0,970,600_PT0_SX970_V1___.jpg\">                                                                    <\/p>\n<h3 class=\"a-spacing-mini\"> Alto Rendimiento. <\/h3>\n<p>                                          <img decoding=\"async\" alt=\"portable external dvd cd multi os drive burner player\" src=\"https:\/\/images-na.ssl-images-amazon.com\/images\/G\/01\/x-locale\/common\/grey-pixel.gif\" class=\"a-spacing-base a-lazy-loaded\" data-src=\"https:\/\/m.media-amazon.com\/images\/S\/aplus-media-library-service-media\/3f2a5958-1dec-4acb-a1db-badbeff0978a.__CR0,0,970,600_PT0_SX970_V1___.png\"><img decoding=\"async\" alt=\"portable external dvd cd multi os drive burner player\" src=\"https:\/\/m.media-amazon.com\/images\/S\/aplus-media-library-service-media\/3f2a5958-1dec-4acb-a1db-badbeff0978a.__CR0,0,970,600_PT0_SX970_V1___.png\">                                                                    <\/p>\n<h3 class=\"a-spacing-mini\"> Disfrute del audio Hi-Fi <\/h3>\n<p>                                          <img decoding=\"async\" alt=\"portable external dvd cd multi os drive burner player\" src=\"https:\/\/images-na.ssl-images-amazon.com\/images\/G\/01\/x-locale\/common\/grey-pixel.gif\" class=\"a-spacing-base a-lazy-loaded\" data-src=\"https:\/\/m.media-amazon.com\/images\/S\/aplus-media-library-service-media\/5870d21f-35a5-4c00-8da3-880bc97a50ba.__CR0,0,970,600_PT0_SX970_V1___.png\"><img decoding=\"async\" alt=\"portable external dvd cd multi os drive burner player\" src=\"https:\/\/m.media-amazon.com\/images\/S\/aplus-media-library-service-media\/5870d21f-35a5-4c00-8da3-880bc97a50ba.__CR0,0,970,600_PT0_SX970_V1___.png\">                                                                    <\/p>\n<p class=\"apm-text-center\">\n                                                      <img decoding=\"async\" alt=\"portable external dvd cd multi os drive burner player\" src=\"https:\/\/images-na.ssl-images-amazon.com\/images\/G\/01\/x-locale\/common\/grey-pixel.gif\" class=\"a-spacing-mini a-lazy-loaded\" data-src=\"https:\/\/m.media-amazon.com\/images\/S\/aplus-media-library-service-media\/dcab177c-3e74-4a0e-b2b2-8867b82a5658.__CR0,0,300,300_PT0_SX300_V1___.png\"><img decoding=\"async\" alt=\"portable external dvd cd multi os drive burner player\" src=\"https:\/\/m.media-amazon.com\/images\/S\/aplus-media-library-service-media\/dcab177c-3e74-4a0e-b2b2-8867b82a5658.__CR0,0,300,300_PT0_SX300_V1___.png\">  <\/p>\n<p>                                                    Delgado y ligero                                       <\/p>\n<p> Con un dise\u00f1o delgado y elegante con un grosor de 14mm y un peso ligero de 200g, es f\u00e1cil de transportar y puede ser utilizado en cualquier momento y lugar. <\/p>\n<p class=\"apm-text-center\">\n                                                      <img decoding=\"async\" alt=\"portable external dvd cd multi os drive burner player\" src=\"https:\/\/images-na.ssl-images-amazon.com\/images\/G\/01\/x-locale\/common\/grey-pixel.gif\" class=\"a-spacing-mini a-lazy-loaded\" data-src=\"https:\/\/m.media-amazon.com\/images\/S\/aplus-media-library-service-media\/aefebae3-73f0-4c96-bb42-c0aeae8fb608.__CR0,0,300,300_PT0_SX300_V1___.png\"><img decoding=\"async\" alt=\"portable external dvd cd multi os drive burner player\" src=\"https:\/\/m.media-amazon.com\/images\/S\/aplus-media-library-service-media\/aefebae3-73f0-4c96-bb42-c0aeae8fb608.__CR0,0,300,300_PT0_SX300_V1___.png\">  <\/p>\n<p>                                                    Compatible con M-Disc                                       <\/p>\n<p> Es compatible con M-Disc, que puede preservar datos por hasta 1000 a\u00f1os, lo que le permite utilizar datos importantes sin preocuparse por la p\u00e9rdida. <\/p>\n<p class=\"apm-text-center\">\n                                                      <img decoding=\"async\" alt=\"portable external dvd cd multi os drive burner player\" src=\"https:\/\/images-na.ssl-images-amazon.com\/images\/G\/01\/x-locale\/common\/grey-pixel.gif\" class=\"a-spacing-mini a-lazy-loaded\" data-src=\"https:\/\/m.media-amazon.com\/images\/S\/aplus-media-library-service-media\/94546947-f1a9-4e64-9d86-b2a44d6c2dcb.__CR0,0,300,300_PT0_SX300_V1___.png\"><img decoding=\"async\" alt=\"portable external dvd cd multi os drive burner player\" src=\"https:\/\/m.media-amazon.com\/images\/S\/aplus-media-library-service-media\/94546947-f1a9-4e64-9d86-b2a44d6c2dcb.__CR0,0,300,300_PT0_SX300_V1___.png\">  <\/p>\n<p>                                                    Reproducci\u00f3n silenciosa e ininterrumpida                                       <\/p>\n<p> Reconoce varios formatos multimedia y ajusta autom\u00e1ticamente la velocidad de reproducci\u00f3n para obtener un rendimiento \u00f3ptimo, proporcionando un entorno de usuario sin interrupciones y silencioso. <\/p>\n<p> Product Dimensions                                            \u200f                                            :                                            \u200e                                            14.4 x 13.69 x 1.4 cm; 410 g   <br \/> Manufacturer                                            \u200f                                            :                                            \u200e                                            Hitachi-LG Data Storage   <br \/> ASIN                                            \u200f                                            :                                            \u200e                                            B08N48PQGF   <br \/> Item model number                                            \u200f                                            :                                            \u200e                                            GP96Y   <br \/> Guaranteed software updates until                                            \u200f                                            :                                            \u200e                                            unknown   <br \/>  Customer reviews:                                                                                            4.3               4.3 out of 5 stars                                  (2,641)                                              var dpAcrHasRegisteredArcLinkClickAction;                    P.when(&#8216;A&#8217;, &#8216;ready&#8217;).execute(function(A) {                        if (dpAcrHasRegisteredArcLinkClickAction !== true) {                            dpAcrHasRegisteredArcLinkClickAction = true;                            A.declarative(                                &#8216;acrLink-click-metrics&#8217;, &#8216;click&#8217;,                                { \u00aballowLinkDefault\u00bb: true },                                function (event) {                                    if (window.ue) {                                        ue.count(\u00abacrLinkClickCount\u00bb, (ue.count(\u00abacrLinkClickCount\u00bb) || 0) + 1);                                    }                                }                            );                        }                    });                                             P.when(&#8216;A&#8217;, &#8216;cf&#8217;).execute(function(A) {                A.declarative(&#8216;acrStarsLink-click-metrics&#8217;, &#8216;click&#8217;, { \u00aballowLinkDefault\u00bb : true },  function(event){                    if(window.ue) {                        ue.count(\u00abacrStarsLinkWithPopoverClickCount\u00bb, (ue.count(\u00abacrStarsLinkWithPopoverClickCount\u00bb) || 0) + 1);                    }                });            });                          <\/p>\n<p>Enhanced Compatibility The Hitachi-LG portable DVDRW drive was designed to ensure perfect compatibility with multiple operating systems including Fire OS, Windows, Mac and Android interfaces, compatible with most Android smartphones, Fire HD tablets, Fire TV, set-top box, TV box devices<br \/>USER-FRIENDLY APPLICATION &#8211; This portable optical drive features a convenient, easy-to-use DiscLink Platinum app that automatically recognizes and displays album images, song titles, and artist information via Gracenote. The app allows extraction of MP3 from the music CD as well as backup data from your smartphone to an optical disk.<br \/>Automatic Firmware Update: The firmware update utility ensures that important security updates and new device updates are automatically downloaded using the Automatic Firmware Update utility. You can maintain the latest firmware from Hitachi-LG Data Storage.<br \/>Fire TV DVD Player &#8211; Connect to your Fire TV and download the DiscLink app from the Amazon app store, then you can play DVD movies from your Fire TV<br \/>WHAT&#8217;S INCLUDED &#8211; This external DVDRW includes everything you need for a smooth and simple installation. Cyberlink Power2Go Tool CD and manual, USB Type-A and USB Type C. The ideal choice for backing up your precious memories or enjoying your favorite music and movies<br \/>PLUG AND PLAY The external CD\/DVD drive is a plug and play disc recording and disc playback solution that you can use with a USB cable. It is a very lightweight design with a height of only 0.55 inches.<\/p>\n\n","protected":false},"excerpt":{"rendered":"<p> Product Description Alto Rendimiento. Disfrute del audio Hi-Fi Delgado y ligero Con un dise\u00f1o delgado<\/p>","protected":false},"featured_media":36204,"comment_status":"open","ping_status":"closed","template":"","meta":[],"product_brand":[],"product_cat":[70],"product_tag":[391,2109,2117,795,2121,2119,2111,1476,2105,2101,2113,1088,10429,6032,774,2125,290,2107,1421,3290,133,2115,2103,537],"class_list":{"0":"post-36203","1":"product","2":"type-product","3":"status-publish","4":"has-post-thumbnail","6":"product_cat-disc-drives","7":"product_tag-android","8":"product_tag-blu-ray-drive","9":"product_tag-disc-drive-for-laptop","10":"product_tag-drive","11":"product_tag-dvd","12":"product_tag-dvd-drive-price","13":"product_tag-dvd-writer","14":"product_tag-external","15":"product_tag-external-cd-drive","16":"product_tag-external-dvd-drive","17":"product_tag-external-optical-drive","18":"product_tag-fire","19":"product_tag-gp96y","20":"product_tag-hitachi","21":"product_tag-mac","22":"product_tag-player","23":"product_tag-portable","24":"product_tag-portable-disc-drive","25":"product_tag-reader","26":"product_tag-recorder","27":"product_tag-usb","28":"product_tag-usb-cd-writer","29":"product_tag-usb-dvd-drive","30":"product_tag-windows","32":"first","33":"instock","34":"shipping-taxable","35":"product-type-external"},"_links":{"self":[{"href":"https:\/\/comprasyconsejos.store\/en\/wp-json\/wp\/v2\/product\/36203","targetHints":{"allow":["GET"]}}],"collection":[{"href":"https:\/\/comprasyconsejos.store\/en\/wp-json\/wp\/v2\/product"}],"about":[{"href":"https:\/\/comprasyconsejos.store\/en\/wp-json\/wp\/v2\/types\/product"}],"replies":[{"embeddable":true,"href":"https:\/\/comprasyconsejos.store\/en\/wp-json\/wp\/v2\/comments?post=36203"}],"version-history":[{"count":0,"href":"https:\/\/comprasyconsejos.store\/en\/wp-json\/wp\/v2\/product\/36203\/revisions"}],"wp:featuredmedia":[{"embeddable":true,"href":"https:\/\/comprasyconsejos.store\/en\/wp-json\/wp\/v2\/media\/36204"}],"wp:attachment":[{"href":"https:\/\/comprasyconsejos.store\/en\/wp-json\/wp\/v2\/media?parent=36203"}],"wp:term":[{"taxonomy":"product_brand","embeddable":true,"href":"https:\/\/comprasyconsejos.store\/en\/wp-json\/wp\/v2\/product_brand?post=36203"},{"taxonomy":"product_cat","embeddable":true,"href":"https:\/\/comprasyconsejos.store\/en\/wp-json\/wp\/v2\/product_cat?post=36203"},{"taxonomy":"product_tag","embeddable":true,"href":"https:\/\/comprasyconsejos.store\/en\/wp-json\/wp\/v2\/product_tag?post=36203"}],"curies":[{"name":"wp","href":"https:\/\/api.w.org\/{rel}","templated":true}]}}