{"id":36206,"date":"2026-02-28T03:11:56","date_gmt":"2026-02-28T03:11:56","guid":{"rendered":"https:\/\/comprasyconsejos.store\/product\/usb-wifi-adapter-2-4g-wireless-wifi-modem-network-adapter-for-pc-laptop-4g-lte-usb-wifi-dongle-150mbps-support-10-users-for-xp-os-x\/"},"modified":"2026-02-28T03:11:57","modified_gmt":"2026-02-28T03:11:57","slug":"usb-wifi-adapter-2-4g-wireless-wifi-modem-network-adapter-for-pc-laptop-4g-lte-usb-wifi-dongle-150mbps-support-10-users-for-xp-os-x","status":"publish","type":"product","link":"https:\/\/comprasyconsejos.store\/en\/product\/usb-wifi-adapter-2-4g-wireless-wifi-modem-network-adapter-for-pc-laptop-4g-lte-usb-wifi-dongle-150mbps-support-10-users-for-xp-os-x\/","title":{"rendered":"USB WiFi Adapter, 2.4G Wireless WiFi Modem Network Adapter for PC Laptop, 4G LTE USB WiFi Dongle, 150Mbps, Support 10 Users, for XP, OS X"},"content":{"rendered":"<p>Price: <span style=\"color:#b12704\">\u20ac18.09<\/span><br \/><i><small>(as of Feb 28, 2026 03:11:56 UTC &#8211; <span class=\"wp_automatic_amazon_disclaimer\" title=\"Product prices and availability are accurate as of the date\/time indicated and are subject to change. Any price and availability information displayed on [relevant Amazon Site(s), as applicable] at the time of purchase will apply to the purchase of this product.\">Details<\/span>)<\/small><\/i><\/p>\n<p><a href=\"https:\/\/amazon.es\/dp\/B0BYMNQFXH?tag=man008-21\"><img decoding=\"async\" src=\"https:\/\/valvepress.s3.amazonaws.com\/imgs\/buy_now.png\"><\/a><br \/>\n<\/p>\n<p>                                             Product Description   <\/p>\n<p>                                                                             <img decoding=\"async\" alt=\"2612230031111-1\" src=\"https:\/\/images-na.ssl-images-amazon.com\/images\/G\/01\/x-locale\/common\/grey-pixel.gif\" class=\"a-spacing-base a-lazy-loaded\" data-src=\"https:\/\/m.media-amazon.com\/images\/S\/aplus-media-library-service-media\/1621af4b-032c-4fe6-b990-98088f2e4c71.__CR0,0,970,600_PT0_SX970_V1___.jpg\"><img decoding=\"async\" alt=\"2612230031111-1\" src=\"https:\/\/m.media-amazon.com\/images\/S\/aplus-media-library-service-media\/1621af4b-032c-4fe6-b990-98088f2e4c71.__CR0,0,970,600_PT0_SX970_V1___.jpg\">                                                                    <\/p>\n<p>                                                  <img decoding=\"async\" alt=\"2612230031111-2\" src=\"https:\/\/images-na.ssl-images-amazon.com\/images\/G\/01\/x-locale\/common\/grey-pixel.gif\" class=\"a-spacing-mini a-lazy-loaded\" data-src=\"https:\/\/m.media-amazon.com\/images\/S\/aplus-media-library-service-media\/8d2a6c67-e4fe-4458-a42e-eb1206db260a.__CR0,0,300,300_PT0_SX300_V1___.jpg\"><img decoding=\"async\" alt=\"2612230031111-2\" src=\"https:\/\/m.media-amazon.com\/images\/S\/aplus-media-library-service-media\/8d2a6c67-e4fe-4458-a42e-eb1206db260a.__CR0,0,300,300_PT0_SX300_V1___.jpg\">  <\/p>\n<h3 class=\"a-spacing-mini\"> 10 conexiones de usuario y uso vers\u00e1til <\/h3>\n<p> Mobile WiFi Router soporta 10 usuarios compartidos, ampliamente aplicable a tel\u00e9fonos m\u00f3viles, tabletas, ordenadores port\u00e1tiles, c\u00e1maras WIFI, etc. <\/p>\n<p> Dise\u00f1o de la fuente de alimentaci\u00f3n USB, soporte de alimentaci\u00f3n m\u00f3vil, interfaz USB del ordenador, fuente de alimentaci\u00f3n del enchufe del cargador, se puede utilizar al aire libre, coche a voluntad. <\/p>\n<p>                                                          <img decoding=\"async\" alt=\"2612230031111-5\" src=\"https:\/\/images-na.ssl-images-amazon.com\/images\/G\/01\/x-locale\/common\/grey-pixel.gif\" class=\"a-spacing-mini a-lazy-loaded\" data-src=\"https:\/\/m.media-amazon.com\/images\/S\/aplus-media-library-service-media\/64d4d245-0112-4f95-b72d-a18c8d6136d1.__CR0,0,300,300_PT0_SX300_V1___.jpg\"><img decoding=\"async\" alt=\"2612230031111-5\" src=\"https:\/\/m.media-amazon.com\/images\/S\/aplus-media-library-service-media\/64d4d245-0112-4f95-b72d-a18c8d6136d1.__CR0,0,300,300_PT0_SX300_V1___.jpg\">  <\/p>\n<p>                                                             Lista de paquetes:                                                                            1 x Router       1 manual de instrucciones                                                                           <\/p>\n<p>                                                        Especificaci\u00f3n:                                                                        <\/p>\n<p class=\"a-spacing-base\"> Tipo de art\u00edculo: Router inal\u00e1mbrico 4G LTE <\/p>\n<p class=\"a-spacing-base\"> Material: ABS <\/p>\n<p class=\"a-spacing-base\"> Color: Blanco <\/p>\n<p class=\"a-spacing-base\"> USB: Interfaz USB est\u00e1ndar <\/p>\n<p class=\"a-spacing-base\"> Ranura para tarjeta: Ranura para tarjeta SIM est\u00e1ndar (sin tarjeta SIM) <\/p>\n<p class=\"a-spacing-base\"> Velocidad de transmisi\u00f3n 4G: 150Mbps downlink <\/p>\n<p class=\"a-spacing-base\"> 4G LTE FDD: B1\/B3\/B5 <\/p>\n<p class=\"a-spacing-base\"> 3G WCDMA UMTS: B1 <\/p>\n<p class=\"a-spacing-base\"> WiFi: Soporta IEEE802.11b\/g\/ n Banda 2.4G <\/p>\n<p>                                                                             <img decoding=\"async\" alt=\"2612230031111-3\" src=\"https:\/\/images-na.ssl-images-amazon.com\/images\/G\/01\/x-locale\/common\/grey-pixel.gif\" class=\"a-spacing-base a-lazy-loaded\" data-src=\"https:\/\/m.media-amazon.com\/images\/S\/aplus-media-library-service-media\/6540a96e-3aa7-4efe-89be-9e39d6a05c16.__CR0,0,970,600_PT0_SX970_V1___.jpg\"><img decoding=\"async\" alt=\"2612230031111-3\" src=\"https:\/\/m.media-amazon.com\/images\/S\/aplus-media-library-service-media\/6540a96e-3aa7-4efe-89be-9e39d6a05c16.__CR0,0,970,600_PT0_SX970_V1___.jpg\">                                         <\/p>\n<h3 class=\"a-spacing-mini\"> Pista: <\/h3>\n<p class=\"a-spacing-base\">\n<p>Sin tarjeta SIMEs necesario desactivar los c\u00f3digos PIN de la tarjeta SIM y cambiar el APN. Por favor, aseg\u00farese de que la tarjeta SIM est\u00e1 habilitada, el servicio de itinerancia y la tarjeta SIM virtual, la tarjeta SIM IOT no son compatibles; En las zonas rurales, la se\u00f1al descubierta se interrumpir\u00e1 durante un per\u00edodo de tiempo, lo cual es una se\u00f1al normal.Antes de comprar, compruebe la banda de frecuencia utilizada por local para asegurarse de que es compatible con su uso local.     <\/p>\n<p>                                                                             <img decoding=\"async\" alt=\"2612230031111-4\" src=\"https:\/\/images-na.ssl-images-amazon.com\/images\/G\/01\/x-locale\/common\/grey-pixel.gif\" class=\"a-spacing-base a-lazy-loaded\" data-src=\"https:\/\/m.media-amazon.com\/images\/S\/aplus-media-library-service-media\/9c8e7cd4-012e-4bac-a778-ee6083ff96e0.__CR0,0,970,600_PT0_SX970_V1___.jpg\"><img decoding=\"async\" alt=\"2612230031111-4\" src=\"https:\/\/m.media-amazon.com\/images\/S\/aplus-media-library-service-media\/9c8e7cd4-012e-4bac-a778-ee6083ff96e0.__CR0,0,970,600_PT0_SX970_V1___.jpg\">                                                                    <\/p>\n<p> Package Dimensions                                            \u200f                                            :                                            \u200e                                            12.2 x 7.4 x 2.5 cm; 50 g   <br \/> Manufacturer                                            \u200f                                            :                                            \u200e                                            Zunate   <br \/> ASIN                                            \u200f                                            :                                            \u200e                                            B0BYMNQFXH   <br \/> Item model number                                            \u200f                                            :                                            \u200e                                            Zunate0og2qg3dzw   <br \/> Country\/Region of Origin                                            \u200f                                            :                                            \u200e                                            China   <br \/> Guaranteed software updates until                                            \u200f                                            :                                            \u200e                                            unknown   <br \/>  Customer reviews:                                                                                            3.4               3.4 out of 5 stars                                  (12)                                              var dpAcrHasRegisteredArcLinkClickAction;                    P.when(&#8216;A&#8217;, &#8216;ready&#8217;).execute(function(A) {                        if (dpAcrHasRegisteredArcLinkClickAction !== true) {                            dpAcrHasRegisteredArcLinkClickAction = true;                            A.declarative(                                &#8216;acrLink-click-metrics&#8217;, &#8216;click&#8217;,                                { \u00aballowLinkDefault\u00bb: true },                                function (event) {                                    if (window.ue) {                                        ue.count(\u00abacrLinkClickCount\u00bb, (ue.count(\u00abacrLinkClickCount\u00bb) || 0) + 1);                                    }                                }                            );                        }                    });                                             P.when(&#8216;A&#8217;, &#8216;cf&#8217;).execute(function(A) {                A.declarative(&#8216;acrStarsLink-click-metrics&#8217;, &#8216;click&#8217;, { \u00aballowLinkDefault\u00bb : true },  function(event){                    if(window.ue) {                        ue.count(\u00abacrStarsLinkWithPopoverClickCount\u00bb, (ue.count(\u00abacrStarsLinkWithPopoverClickCount\u00bb) || 0) + 1);                    }                });            });                          <\/p>\n<p>Network Connectivity The USB WiFi modem router uses a standard SIM card, no need to connect to broadband, as long as a 3G 4G SIM card, can connect to a 3G 4G network.<br \/>MULTIPURPOSE &#8211; The wifi router, powered via USB port, can be used as a wifi router or plugged into a computer USB port and used as a USB modem, plug and play, no CD driver is required. It can be used in the car via the standard USB port or outdoors with a power bank via the standard USB port.<br \/>Support 10 users: The router supports 3G and 4G networks, and supports up to 10 users to access the WiFi network at the same time. Suitable for tablets, laptops, cell phones and different types of WIFI devices can connect to the 4G WiFi router to access the Internet.<br \/>150Mbps:WiFi router with a wireless connection speed up to 150Mbps, you will enjoy a powerful network experience for browsing, chatting and entertaining.<br \/>Lightweight and Portable The mobile wifi usb router is made of ABS material, wear-resistant and durable, lightweight and portable, can be carried and used.<\/p>\n\n","protected":false},"excerpt":{"rendered":"<p> Product Description 10 conexiones de usuario y uso vers\u00e1til Mobile WiFi Router soporta 10 usuarios<\/p>","protected":false},"featured_media":36207,"comment_status":"open","ping_status":"closed","template":"","meta":[],"product_brand":[],"product_cat":[72],"product_tag":[6789,768,144,2127,2110,2116,159,2114,1043,2118,2877,1719,2112,1098,133,2108,1722,543,2104,2120,2102,226,2106],"class_list":{"0":"post-36206","1":"product","2":"type-product","3":"status-publish","4":"has-post-thumbnail","6":"product_cat-wifi-sticks","7":"product_tag-150mbps","8":"product_tag-2-4g","9":"product_tag-adapter","10":"product_tag-dongle","11":"product_tag-dual-band-wifi-adapter","12":"product_tag-high-speed-wifi-usb","13":"product_tag-laptop","14":"product_tag-laptop-wifi-adapter","15":"product_tag-lte","16":"product_tag-mini-wifi-adapter","17":"product_tag-modem","18":"product_tag-network","19":"product_tag-pc-wifi-adapter","20":"product_tag-support","21":"product_tag-usb","22":"product_tag-usb-wifi-dongle","23":"product_tag-users","24":"product_tag-wifi","25":"product_tag-wifi-stick","26":"product_tag-wifi-stick-price","27":"product_tag-wifi-usb-adapter","28":"product_tag-wireless","29":"product_tag-wireless-usb-adapter","31":"first","32":"instock","33":"shipping-taxable","34":"product-type-external"},"_links":{"self":[{"href":"https:\/\/comprasyconsejos.store\/en\/wp-json\/wp\/v2\/product\/36206","targetHints":{"allow":["GET"]}}],"collection":[{"href":"https:\/\/comprasyconsejos.store\/en\/wp-json\/wp\/v2\/product"}],"about":[{"href":"https:\/\/comprasyconsejos.store\/en\/wp-json\/wp\/v2\/types\/product"}],"replies":[{"embeddable":true,"href":"https:\/\/comprasyconsejos.store\/en\/wp-json\/wp\/v2\/comments?post=36206"}],"version-history":[{"count":0,"href":"https:\/\/comprasyconsejos.store\/en\/wp-json\/wp\/v2\/product\/36206\/revisions"}],"wp:featuredmedia":[{"embeddable":true,"href":"https:\/\/comprasyconsejos.store\/en\/wp-json\/wp\/v2\/media\/36207"}],"wp:attachment":[{"href":"https:\/\/comprasyconsejos.store\/en\/wp-json\/wp\/v2\/media?parent=36206"}],"wp:term":[{"taxonomy":"product_brand","embeddable":true,"href":"https:\/\/comprasyconsejos.store\/en\/wp-json\/wp\/v2\/product_brand?post=36206"},{"taxonomy":"product_cat","embeddable":true,"href":"https:\/\/comprasyconsejos.store\/en\/wp-json\/wp\/v2\/product_cat?post=36206"},{"taxonomy":"product_tag","embeddable":true,"href":"https:\/\/comprasyconsejos.store\/en\/wp-json\/wp\/v2\/product_tag?post=36206"}],"curies":[{"name":"wp","href":"https:\/\/api.w.org\/{rel}","templated":true}]}}