{"id":36209,"date":"2026-02-28T03:20:16","date_gmt":"2026-02-28T03:20:16","guid":{"rendered":"https:\/\/comprasyconsejos.store\/product\/comfast-ax3000mbps-wifi-6-router-dual-band-5ghz-2-4ghz-4xgigabit-wan-lan-ports-ultra-low-latency-easy-setup-wpa3-wps-mu-mimo-easymesh-compatible-with-ipv6-ideal-for-gaming\/"},"modified":"2026-02-28T03:20:21","modified_gmt":"2026-02-28T03:20:21","slug":"comfast-ax3000mbps-wifi-6-router-dual-band-5ghz-2-4ghz-4xgigabit-wan-lan-ports-ultra-low-latency-easy-setup-wpa3-wps-mu-mimo-easymesh-compatible-with-ipv6-ideal-for-gaming","status":"publish","type":"product","link":"https:\/\/comprasyconsejos.store\/en\/product\/comfast-ax3000mbps-wifi-6-router-dual-band-5ghz-2-4ghz-4xgigabit-wan-lan-ports-ultra-low-latency-easy-setup-wpa3-wps-mu-mimo-easymesh-compatible-with-ipv6-ideal-for-gaming\/","title":{"rendered":"COMFAST AX3000Mbps WiFi 6 Router, Dual Band 5Ghz\/2.4Ghz, 4xGigabit WAN\/LAN Ports, Ultra Low Latency, Easy Setup, WPA3, WPS, MU-MIMO, EasyMesh, Compatible with IPV6, Ideal for Gaming"},"content":{"rendered":"<p>Price: <span style=\"color:#b12704\">\u20ac39.99<\/span><br \/><i><small>(as of Feb 28, 2026 03:20:16 UTC &#8211; <span class=\"wp_automatic_amazon_disclaimer\" title=\"Product prices and availability are accurate as of the date\/time indicated and are subject to change. Any price and availability information displayed on [relevant Amazon Site(s), as applicable] at the time of purchase will apply to the purchase of this product.\">Details<\/span>)<\/small><\/i><\/p>\n<p><a href=\"https:\/\/amazon.es\/dp\/B0FP1PHHLY?tag=man008-21\"><img decoding=\"async\" src=\"https:\/\/valvepress.s3.amazonaws.com\/imgs\/buy_now.png\"><\/a><br \/>\n<\/p>\n<p>                                             From the brand   <\/p>\n<p>                                              <img decoding=\"async\" alt=\"Un escritorio moderno con un ordenador y el producto en primer plano, rodeado de dispositivos electr\" src=\"https:\/\/images-na.ssl-images-amazon.com\/images\/G\/01\/x-locale\/common\/grey-pixel.gif\" class=\"a-lazy-loaded\" data-src=\"https:\/\/m.media-amazon.com\/images\/S\/aplus-media-library-service-media\/c01b5782-e515-4075-88fb-7093c8cf1755.__CR0,0,1464,625_PT0_SX1464_V1___.png\"><img decoding=\"async\" alt=\"Un escritorio moderno con un ordenador y el producto en primer plano, rodeado de dispositivos electr\" src=\"https:\/\/m.media-amazon.com\/images\/S\/aplus-media-library-service-media\/c01b5782-e515-4075-88fb-7093c8cf1755.__CR0,0,1464,625_PT0_SX1464_V1___.png\">  <\/p>\n<h3> Repetidor WiFi  <\/h3>\n<h3> Adaptador WiFi USB <\/h3>\n<h3> Amplificador de se\u00f1al WiFi <\/h3>\n<p>                                              <img decoding=\"async\" alt=\"aplus content image\" src=\"https:\/\/images-na.ssl-images-amazon.com\/images\/G\/01\/x-locale\/common\/grey-pixel.gif\" class=\"a-lazy-loaded\" data-src=\"https:\/\/m.media-amazon.com\/images\/S\/aplus-media-library-service-media\/21126ce9-346b-4184-973e-53d5877dc5b6.__CR161,0,1279,1600_PT0_SX362_V1___.jpg\"><img decoding=\"async\" alt=\"aplus content image\" src=\"https:\/\/m.media-amazon.com\/images\/S\/aplus-media-library-service-media\/21126ce9-346b-4184-973e-53d5877dc5b6.__CR161,0,1279,1600_PT0_SX362_V1___.jpg\">  <\/p>\n<p>                                              <img decoding=\"async\" alt=\"Secuencia que muestra un dispositivo circular negro en el agua, que demuestra la capacidad de carga inal\u00e1mbrica con gr\u00e1ficos de efecto domin\u00f3 azul a su alrededor.\" src=\"https:\/\/images-na.ssl-images-amazon.com\/images\/G\/01\/x-locale\/common\/grey-pixel.gif\" class=\"a-lazy-loaded\" data-src=\"https:\/\/m.media-amazon.com\/images\/S\/aplus-media-library-service-media\/cdf0c268-3af6-4d64-8f70-78df3b6aee3e.__CR161,0,1279,1600_PT0_SX362_V1___.jpg\"><img decoding=\"async\" alt=\"Secuencia que muestra un dispositivo circular negro en el agua, que demuestra la capacidad de carga inal\u00e1mbrica con gr\u00e1ficos de efecto domin\u00f3 azul a su alrededor.\" src=\"https:\/\/m.media-amazon.com\/images\/S\/aplus-media-library-service-media\/cdf0c268-3af6-4d64-8f70-78df3b6aee3e.__CR161,0,1279,1600_PT0_SX362_V1___.jpg\">  <\/p>\n<p>                                              <img decoding=\"async\" alt=\"aplus content image\" src=\"https:\/\/images-na.ssl-images-amazon.com\/images\/G\/01\/x-locale\/common\/grey-pixel.gif\" class=\"a-lazy-loaded\" data-src=\"https:\/\/m.media-amazon.com\/images\/S\/aplus-media-library-service-media\/8b039863-c971-4ef1-be37-ab1c2e2984bd.__CR161,0,1279,1600_PT0_SX362_V1___.jpg\"><img decoding=\"async\" alt=\"aplus content image\" src=\"https:\/\/m.media-amazon.com\/images\/S\/aplus-media-library-service-media\/8b039863-c971-4ef1-be37-ab1c2e2984bd.__CR161,0,1279,1600_PT0_SX362_V1___.jpg\">  <\/p>\n<p> Package Dimensions                                            \u200f                                            :                                            \u200e                                            28.7 x 25.7 x 5.9 cm; 690 g   <br \/> Manufacturer                                            \u200f                                            :                                            \u200e                                            COMFAST   <br \/> ASIN                                            \u200f                                            :                                            \u200e                                            B0FP1PHHLY   <br \/> Item model number                                            \u200f                                            :                                            \u200e                                            CF-WR631AX   <br \/> Country\/Region of Origin                                            \u200f                                            :                                            \u200e                                            China   <br \/> Guaranteed software updates until                                            \u200f                                            :                                            \u200e                                            unknown   <br \/>  Customer reviews:                                                                                            4.8               4.8 out of 5 stars                                  (39)                                              var dpAcrHasRegisteredArcLinkClickAction;                    P.when(&#8216;A&#8217;, &#8216;ready&#8217;).execute(function(A) {                        if (dpAcrHasRegisteredArcLinkClickAction !== true) {                            dpAcrHasRegisteredArcLinkClickAction = true;                            A.declarative(                                &#8216;acrLink-click-metrics&#8217;, &#8216;click&#8217;,                                { \u00aballowLinkDefault\u00bb: true },                                function (event) {                                    if (window.ue) {                                        ue.count(\u00abacrLinkClickCount\u00bb, (ue.count(\u00abacrLinkClickCount\u00bb) || 0) + 1);                                    }                                }                            );                        }                    });                                             P.when(&#8216;A&#8217;, &#8216;cf&#8217;).execute(function(A) {                A.declarative(&#8216;acrStarsLink-click-metrics&#8217;, &#8216;click&#8217;, { \u00aballowLinkDefault\u00bb : true },  function(event){                    if(window.ue) {                        ue.count(\u00abacrStarsLinkWithPopoverClickCount\u00bb, (ue.count(\u00abacrStarsLinkWithPopoverClickCount\u00bb) || 0) + 1);                    }                });            });                          <\/p>\n<p>\u30103000Mbps Speed WiFi Router\u3011 The wireless router employs a high-gain 4 antenna architecture with simultaneous dual-band technology, providing combined performance up to 3000Mbps. Whether streaming 8K ultra-high definition content, downloading large files, or playing online with multiple devices, it ensures powerful signal and wide coverage, which completely eliminates lag and latency.<br \/>\u3010Compatible with EasyMesh\u3011Compatible with the latest EasyMesh technology, just press a button to create a unified network with multiple wireless routers of the same model. Regardless of the size of your home, enjoy seamless roaming &#8211; video calls are not interrupted while on the go, and video games run without lags. Extending your Wi-Fi network has never been easier.<br \/>\u3010Connecting More Devices\u3011OFDMA multiple access technology allows simultaneous data transmission to multiple devices. When multiple devices operate in parallel, network efficiency improves significantly, reducing latency.<br \/>\u3010WPA3 Encryption\u3011Equipped with the latest WPA3 security encryption protocol, it offers enhanced privacy protection that goes beyond traditional WPA2. It effectively resists brute force attacks and creates an enterprise-grade security barrier for your smart home, online payments, and personal data, allowing you to surf the web with complete peace of mind.<br \/>\u3010TWT Energy Saving Technology\u3011Using an advanced target wake time (TWT) mechanism, this technology collaborates with devices to schedule communication intervals, entering sleep mode during idle periods. This significantly reduces power consumption, minimizes heat generation and prolongs the life of the device.<br \/>\u3010Gigabit Ethernet Ports, Easy Setup\u3011Full Gigabit Ethernet ports free up all high-speed fiber bandwidth, meeting the ultra-low latency demands of wired connections. Setup is simple and requires no specialist knowledge: complete Internet setup in just three steps for maximum simplicity and instant connectivity.<\/p>\n\n","protected":false},"excerpt":{"rendered":"<p> From the brand Repetidor WiFi Adaptador WiFi USB Amplificador de se\u00f1al WiFi Package Dimensions \u200f<\/p>","protected":false},"featured_media":36210,"comment_status":"open","ping_status":"closed","template":"","meta":[],"product_brand":[],"product_cat":[71],"product_tag":[10431,2080,5500,10430,2217,2084,6137,201,298,2078,1142,5153,617,2079,2081,2083,1093,2438,3942,2082,2092,382,2088,2085,4221,222,7547,543,2076,2077,2095,10432],"class_list":{"0":"post-36209","1":"product","2":"type-product","3":"status-publish","4":"has-post-thumbnail","6":"product_cat-wifi-routers","7":"product_tag-4xgigabit","8":"product_tag-5ghz-router","9":"product_tag-5ghz2-4ghz","10":"product_tag-ax3000mbps","11":"product_tag-band","12":"product_tag-best-wifi-router","13":"product_tag-comfast","14":"product_tag-compatible","15":"product_tag-dual","16":"product_tag-dual-band-router","17":"product_tag-easy","18":"product_tag-easymesh","19":"product_tag-gaming","20":"product_tag-gaming-wifi-router","21":"product_tag-high-speed-router","22":"product_tag-home-wifi-router","23":"product_tag-ideal","24":"product_tag-ipv6","25":"product_tag-latency","26":"product_tag-mesh-wifi-router","27":"product_tag-mumimo","28":"product_tag-ports","29":"product_tag-router","30":"product_tag-router-price","31":"product_tag-setup","32":"product_tag-ultra","33":"product_tag-wanlan","34":"product_tag-wifi","35":"product_tag-wifi-router","36":"product_tag-wireless-router","37":"product_tag-wpa3","38":"product_tag-wps","40":"first","41":"instock","42":"shipping-taxable","43":"product-type-external"},"_links":{"self":[{"href":"https:\/\/comprasyconsejos.store\/en\/wp-json\/wp\/v2\/product\/36209","targetHints":{"allow":["GET"]}}],"collection":[{"href":"https:\/\/comprasyconsejos.store\/en\/wp-json\/wp\/v2\/product"}],"about":[{"href":"https:\/\/comprasyconsejos.store\/en\/wp-json\/wp\/v2\/types\/product"}],"replies":[{"embeddable":true,"href":"https:\/\/comprasyconsejos.store\/en\/wp-json\/wp\/v2\/comments?post=36209"}],"version-history":[{"count":0,"href":"https:\/\/comprasyconsejos.store\/en\/wp-json\/wp\/v2\/product\/36209\/revisions"}],"wp:featuredmedia":[{"embeddable":true,"href":"https:\/\/comprasyconsejos.store\/en\/wp-json\/wp\/v2\/media\/36210"}],"wp:attachment":[{"href":"https:\/\/comprasyconsejos.store\/en\/wp-json\/wp\/v2\/media?parent=36209"}],"wp:term":[{"taxonomy":"product_brand","embeddable":true,"href":"https:\/\/comprasyconsejos.store\/en\/wp-json\/wp\/v2\/product_brand?post=36209"},{"taxonomy":"product_cat","embeddable":true,"href":"https:\/\/comprasyconsejos.store\/en\/wp-json\/wp\/v2\/product_cat?post=36209"},{"taxonomy":"product_tag","embeddable":true,"href":"https:\/\/comprasyconsejos.store\/en\/wp-json\/wp\/v2\/product_tag?post=36209"}],"curies":[{"name":"wp","href":"https:\/\/api.w.org\/{rel}","templated":true}]}}