{"id":36218,"date":"2026-02-28T04:10:03","date_gmt":"2026-02-28T04:10:03","guid":{"rendered":"https:\/\/comprasyconsejos.store\/product\/arctic-p12-pro-pst-powerful-pc-premium-case-fan-120mm-pwm-case-fan-with-y-cable-splitter-600-3000rpm-0rpm\/"},"modified":"2026-02-28T04:10:07","modified_gmt":"2026-02-28T04:10:07","slug":"arctic-p12-pro-pst-powerful-pc-premium-case-fan-120mm-pwm-case-fan-with-y-cable-splitter-600-3000rpm-0rpm","status":"publish","type":"product","link":"https:\/\/comprasyconsejos.store\/en\/product\/arctic-p12-pro-pst-powerful-pc-premium-case-fan-120mm-pwm-case-fan-with-y-cable-splitter-600-3000rpm-0rpm\/","title":{"rendered":"ARCTIC P12 Pro PST &#8211; Powerful PC Premium Case Fan, 120mm PWM Case Fan with Y-Cable Splitter, 600-3000rpm, 0rpm"},"content":{"rendered":"<p>Price: <span style=\"color:#b12704\"><del>\u20ac11.99<\/del> - \u20ac10.49<\/span><br \/><i><small>(as of Feb 28, 2026 04:10:03 UTC &#8211; <span class=\"wp_automatic_amazon_disclaimer\" title=\"Product prices and availability are accurate as of the date\/time indicated and are subject to change. Any price and availability information displayed on [relevant Amazon Site(s), as applicable] at the time of purchase will apply to the purchase of this product.\">Details<\/span>)<\/small><\/i><\/p>\n<p><a href=\"https:\/\/amazon.es\/dp\/B0DJDBV48H?tag=man008-21\"><img decoding=\"async\" src=\"https:\/\/valvepress.s3.amazonaws.com\/imgs\/buy_now.png\"><\/a><br \/>\n<\/p>\n<p>                                             Product Description   <\/p>\n<p>                                                                                                       <img decoding=\"async\" alt=\"aplus content image\" src=\"https:\/\/images-na.ssl-images-amazon.com\/images\/G\/01\/x-locale\/common\/grey-pixel.gif\" class=\"a-lazy-loaded\" data-src=\"https:\/\/m.media-amazon.com\/images\/S\/aplus-media-library-service-media\/081c2748-a522-463d-8908-da204ee46a35.__CR0,0,1464,600_PT0_SX1464_V1___.jpg\"><img decoding=\"async\" alt=\"aplus content image\" src=\"https:\/\/m.media-amazon.com\/images\/S\/aplus-media-library-service-media\/081c2748-a522-463d-8908-da204ee46a35.__CR0,0,1464,600_PT0_SX1464_V1___.jpg\">                                         <\/p>\n<p class=\"aplus-description aplus-container-3 aplus-p1\"> La presi\u00f3n est\u00e1tica hace que los ventiladores Pro Fans sean ideales para usar en radiadores, ya que permiten mover el aire de manera efectiva a trav\u00e9s de espacios reducidos. Los ventiladores tambi\u00e9n son muy adecuados para su uso con paneles perforados y de malla, que crean una resistencia adicional. <\/p>\n<p>                                                                                              <img decoding=\"async\" alt=\"aplus content image\" src=\"https:\/\/images-na.ssl-images-amazon.com\/images\/G\/01\/x-locale\/common\/grey-pixel.gif\" class=\"a-lazy-loaded\" data-src=\"https:\/\/m.media-amazon.com\/images\/S\/aplus-media-library-service-media\/e274c581-94f3-4160-9b0f-f02cd690c983.__CR0,0,650,350_PT0_SX650_V1___.jpg\"><img decoding=\"async\" alt=\"aplus content image\" src=\"https:\/\/m.media-amazon.com\/images\/S\/aplus-media-library-service-media\/e274c581-94f3-4160-9b0f-f02cd690c983.__CR0,0,650,350_PT0_SX650_V1___.jpg\">                                            M\u00e1ximo rendimiento, redefinido                                         <\/p>\n<p class=\"aplus-p3\"> Dise\u00f1o de aspas de ventilador revisado para un equilibrio \u00f3ptimo entre rendimiento y funcionamiento libre de problemas. <\/p>\n<p>                                           <img decoding=\"async\" alt=\"Sistema de refrigeraci\u00f3n de ordenador con tres grandes ventiladores negros seguidos. Cada ventilador presenta un logotipo triangular en el centro. Texto visible: \u00abPST\u00bb.\" src=\"https:\/\/images-na.ssl-images-amazon.com\/images\/G\/01\/x-locale\/common\/grey-pixel.gif\" class=\"a-lazy-loaded\" data-src=\"https:\/\/m.media-amazon.com\/images\/S\/aplus-media-library-service-media\/d295595e-8a08-4cfe-8364-40ed29c2ab36.__CR0,0,650,350_PT0_SX650_V1___.jpg\"><img decoding=\"async\" alt=\"Sistema de refrigeraci\u00f3n de ordenador con tres grandes ventiladores negros seguidos. Cada ventilador presenta un logotipo triangular en el centro. Texto visible: \u00abPST\u00bb.\" src=\"https:\/\/m.media-amazon.com\/images\/S\/aplus-media-library-service-media\/d295595e-8a08-4cfe-8364-40ed29c2ab36.__CR0,0,650,350_PT0_SX650_V1___.jpg\">                                            PST &#8211; gesti\u00f3n de cables probada                                          <\/p>\n<p class=\"aplus-p3\"> Gracias al conector PWM adicional, el P12 Pro PST se puede conectar directamente a otros ventiladores. Esto permite conectar varios ventiladores en serie y controlarlos de forma sincr\u00f3nica a trav\u00e9s de una \u00fanica conexi\u00f3n. <\/p>\n<p>                                                                <img decoding=\"async\" alt=\"\" src=\"https:\/\/images-na.ssl-images-amazon.com\/images\/G\/01\/x-locale\/common\/grey-pixel.gif\" class=\"a-lazy-loaded\" data-src=\"https:\/\/m.media-amazon.com\/images\/S\/aplus-media-library-service-media\/ef7980ba-a610-43d5-9144-421584cb1938.__CR0,0,1464,600_PT0_SX1464_V1___.jpg\"><img decoding=\"async\" alt=\"\" src=\"https:\/\/m.media-amazon.com\/images\/S\/aplus-media-library-service-media\/ef7980ba-a610-43d5-9144-421584cb1938.__CR0,0,1464,600_PT0_SX1464_V1___.jpg\">        <\/p>\n<p>                                                                                              <img decoding=\"async\" alt=\"aplus content image\" src=\"https:\/\/images-na.ssl-images-amazon.com\/images\/G\/01\/x-locale\/common\/grey-pixel.gif\" class=\"a-lazy-loaded\" data-src=\"https:\/\/m.media-amazon.com\/images\/S\/aplus-media-library-service-media\/a6bf59f4-221a-4450-8002-be6da33b7d6e.__CR0,0,650,350_PT0_SX650_V1___.jpg\"><img decoding=\"async\" alt=\"aplus content image\" src=\"https:\/\/m.media-amazon.com\/images\/S\/aplus-media-library-service-media\/a6bf59f4-221a-4450-8002-be6da33b7d6e.__CR0,0,650,350_PT0_SX650_V1___.jpg\">                                            Microcontrolador SOTA                                         <\/p>\n<p class=\"aplus-p3\"> Reduce el ruido del motor y compensa autom\u00e1ticamente las ca\u00eddas de velocidad debidas al aumento de la resistencia. Los mecanismos de protecci\u00f3n integrados limitan los picos de corriente de entrada y protegen de manera fiable contra da\u00f1os causados \u200b\u200bpor polaridad inversa. <\/p>\n<p>                                           <img decoding=\"async\" alt=\"Primer plano de un ventilador de ordenador negro con el logotipo \u00abARCTIC\u00bb. El indicador de medici\u00f3n muestra un espacio de \u00ab0,855 mm\u00bb entre la pala del ventilador y el marco,\" src=\"https:\/\/images-na.ssl-images-amazon.com\/images\/G\/01\/x-locale\/common\/grey-pixel.gif\" class=\"a-lazy-loaded\" data-src=\"https:\/\/m.media-amazon.com\/images\/S\/aplus-media-library-service-media\/24edd4be-c03d-4af2-8c2e-8398a7350e02.__CR0,0,650,350_PT0_SX650_V1___.jpg\"><img decoding=\"async\" alt=\"Primer plano de un ventilador de ordenador negro con el logotipo \u00abARCTIC\u00bb. El indicador de medici\u00f3n muestra un espacio de \u00ab0,855 mm\u00bb entre la pala del ventilador y el marco,\" src=\"https:\/\/m.media-amazon.com\/images\/S\/aplus-media-library-service-media\/24edd4be-c03d-4af2-8c2e-8398a7350e02.__CR0,0,650,350_PT0_SX650_V1___.jpg\">                                            Holguras m\u00ednimas para una m\u00e1xima eficiencia                                         <\/p>\n<p class=\"aplus-p3\"> Las tolerancias de fabricaci\u00f3n y las holguras reducidas permiten que el ventilador trabaje de manera m\u00e1s eficaz contra la resistencia, maximizando la presi\u00f3n est\u00e1tica y la eficiencia del flujo de aire. <\/p>\n<h3 class=\"aplus-h1 aplus-module-1-heading a-text-bold\"> M\u00e1s potencia, menos ruido <\/h3>\n<p class=\"aplus-p2 aplus-module-1-description\"> El ventilador destaca por su aumento significativo de rendimiento, incluso en rangos de baja velocidad. Normalizado a 25 dB(A), el ventilador ofrece un mayor flujo de aire y una mayor presi\u00f3n est\u00e1tica, ideal para un enfriamiento silencioso y potente. <\/p>\n<p>                                           <img decoding=\"async\" alt=\"aplus content image\" src=\"https:\/\/images-na.ssl-images-amazon.com\/images\/G\/01\/x-locale\/common\/grey-pixel.gif\" class=\"a-lazy-loaded\" data-src=\"https:\/\/m.media-amazon.com\/images\/S\/aplus-media-library-service-media\/180536a9-23a5-4820-9117-c1d5ae700eae.__CR0,0,800,600_PT0_SX800_V1___.jpg\"><img decoding=\"async\" alt=\"aplus content image\" src=\"https:\/\/m.media-amazon.com\/images\/S\/aplus-media-library-service-media\/180536a9-23a5-4820-9117-c1d5ae700eae.__CR0,0,800,600_PT0_SX800_V1___.jpg\">          <\/p>\n<h3 class=\"a-size-extra-large a-spacing-base a-text-center\"> Datos t\u00e9cnicos <\/h3>\n<p>                                                        Velocidad                                    600\u20133000 rpm (controlada por PWM), 0 rpm por debajo de 5 % PWM                                        Caudal de aire                                    77 cfm | 131 m\u00b3\/h                                        Presi\u00f3n est\u00e1tica                                    6,9 mmH\u2082O                                        Rodamiento del ventilador                                    Rodamiento fluidodin\u00e1mico                                        Tensi\u00f3n t\u00edpica                                    12 V CC                                        Tensi\u00f3n de arranque                                    3,3 V CC                                        Corriente                                    0,33 A                                        Longitud del cable                                    400mm + 80mm Daisy-Chain                                        Conexi\u00f3n                                    Conector del ventilador de 4 polos                                        Temp. ambiente funcionamiento                                    0\u201340 \u00b0C                                        Promesa                                    6 a\u00f1os                                        Dimensiones                                    120 (L) x 120 (A) x 25 (Al) mm                                        Peso                                    185 g                  <\/p>\n<h3 class=\"a-text-center aplus-h1 a-text-bold\"> Comparaci\u00f3n de la serie P12 Pro <\/h3>\n<p>                         Add To Basket  <\/p>\n<p>                         Add To Basket  <\/p>\n<p>                         Add To Basket  <\/p>\n<p>                         Add To Basket  <\/p>\n<p>                         Add To Basket  <\/p>\n<p>                         Add To Basket  <\/p>\n<p>                         Add To Basket  <\/p>\n<p>                                     Customer Reviews  <\/p>\n<p>                    4.6 out of 5 stars  3,628  <\/p>\n<p>                    4.5 out of 5 stars  418  <\/p>\n<p>                    4.7 out of 5 stars  4,436  <\/p>\n<p>                    4.6 out of 5 stars  960  <\/p>\n<p>                    4.6 out of 5 stars  1,228  <\/p>\n<p>                    4.8 out of 5 stars  61  <\/p>\n<p>                    4.6 out of 5 stars  230  <\/p>\n<p>                                     Price  <\/p>\n<p>                                                        \u20ac10.49\u20ac10.49     <\/p>\n<p>                                                        \u20ac10.99\u20ac10.99     <\/p>\n<p>                                                        \u20ac10.49\u20ac10.49     <\/p>\n<p>                                                        \u20ac13.49\u20ac13.49     <\/p>\n<p>                                                        \u20ac14.49\u20ac14.49     <\/p>\n<p>                                                        \u20ac10.99\u20ac10.99     <\/p>\n<p>                                                        \u20ac14.99\u20ac14.99     <\/p>\n<p>                                     Velocidad  <\/p>\n<p>                                                600\u20133000 rpm (Controlada PWM)    <\/p>\n<p>                                                600\u20133000 rpm (Controlada PWM)    <\/p>\n<p>                                                600\u20133000 rpm (Controlada PWM)    <\/p>\n<p>                                                600\u20133000 rpm (Controlada PWM)    <\/p>\n<p>                                                600\u20133000 rpm (Controlada PWM)    <\/p>\n<p>                                                500\u20133000 rpm (Controlada PWM)    <\/p>\n<p>                                                500\u20133000 rpm (Controlada PWM)    <\/p>\n<p>                                     Flujo de aire  <\/p>\n<p>                                                77 cfm | 131 m\u00b3\/h    <\/p>\n<p>                                                77 cfm | 131 m\u00b3\/h    <\/p>\n<p>                                                77 cfm | 131 m\u00b3\/h    <\/p>\n<p>                                                77 cfm | 131 m\u00b3\/h    <\/p>\n<p>                                                77 cfm | 131 m\u00b3\/h    <\/p>\n<p>                                                 73 cfm | 124 m\u00b3\/h    <\/p>\n<p>                                                73 cfm | 124 m\u00b3\/h    <\/p>\n<p>                                     Rodamiento  <\/p>\n<p>                                                Rodamiento fluidodin\u00e1mico    <\/p>\n<p>                                                Rodamiento fluidodin\u00e1mico    <\/p>\n<p>                                                Rodamiento fluidodin\u00e1mico    <\/p>\n<p>                                                Doble Rodamiento de bolas    <\/p>\n<p>                                                Rodamiento fluidodin\u00e1mico    <\/p>\n<p>                                                Rodamiento fluidodin\u00e1mico    <\/p>\n<p>                                                Rodamiento fluidodin\u00e1mico    <\/p>\n<p>                                     Presi\u00f3n est\u00e1tica  <\/p>\n<p>                                                6,9 mmH\u2082O    <\/p>\n<p>                                                6,9 mmH\u2082O    <\/p>\n<p>                                                6,9 mmH\u2082O    <\/p>\n<p>                                                6,9 mmH\u2082O    <\/p>\n<p>                                                6,9 mmH\u2082O    <\/p>\n<p>                                                4,5 mmH\u2082O    <\/p>\n<p>                                                4,5 mmH\u2082O    <\/p>\n<p>                                     Longitud del cable  <\/p>\n<p>                                                400mm + 80mm Daisy-Chain    <\/p>\n<p>                                                400mm + 80mm Daisy-Chain    <\/p>\n<p>                                                400mm    <\/p>\n<p>                                                400mm + 80mm Daisy-Chain    <\/p>\n<p>                                                400mm + 80mm Daisy-Chain    <\/p>\n<p>                                                400mm + 80mm Daisy-Chain    <\/p>\n<p>                                                400mm + 80mm Daisy-Chain    <\/p>\n<p>                                     Conexi\u00f3n  <\/p>\n<p>                                                Conector de 4 clavijas    <\/p>\n<p>                                                Conector de 4 clavijas    <\/p>\n<p>                                                Conector de 4 clavijas    <\/p>\n<p>                                                Conector de 4 clavijas    <\/p>\n<p>                                                Conector de 4 clavijas    <\/p>\n<p>                                                Conector de 4 clavijas    <\/p>\n<p>                                                Conector de 4 clavijas    <\/p>\n<p>                                     LED A-RGB  <\/p>\n<p>                                                \/    <\/p>\n<p>                                                \/    <\/p>\n<p>                                                \/    <\/p>\n<p>                                                \/    <\/p>\n<p>                                                12x A-RGB Gen2 LEDs    <\/p>\n<p>                                                \/    <\/p>\n<p>                                                12x A-RGB Gen2 LEDs    <\/p>\n<p>                                     Conexi\u00f3n RGB  <\/p>\n<p>                                                \/    <\/p>\n<p>                                                \/    <\/p>\n<p>                                                \/    <\/p>\n<p>                                                \/    <\/p>\n<p>                                                Conector RGB A de 3 patillas    <\/p>\n<p>                                                \/    <\/p>\n<p>                                                Conector RGB A de 3 patillas    <\/p>\n<p>                                     Dimensiones (L x An x Al)  <\/p>\n<p>                                                120 x 120 x 25 mm    <\/p>\n<p>                                                120 x 120 x 25 mm    <\/p>\n<p>                                                120 x 120 x 25 mm    <\/p>\n<p>                                                120 x 120 x 25 mm    <\/p>\n<p>                                                120 x 120 x 25 mm    <\/p>\n<p>                                                120 x 120 x 27 mm    <\/p>\n<p>                                                120 x 120 x 27 mm    <\/p>\n<p>                                     Peso  <\/p>\n<p>                                                185 g    <\/p>\n<p>                                                185 g    <\/p>\n<p>                                                183 g    <\/p>\n<p>                                                185 g    <\/p>\n<p>                                                185 g    <\/p>\n<p>                                                167 g    <\/p>\n<p>                                                172 g    <\/p>\n<p> Product Dimensions                                            \u200f                                            :                                            \u200e                                            11.94 x 11.94 x 2.54 cm; 185 g   <br \/> Manufacturer                                            \u200f                                            :                                            \u200e                                            ARCTIC   <br \/> ASIN                                            \u200f                                            :                                            \u200e                                            B0DJDBV48H   <br \/> Item model number                                            \u200f                                            :                                            \u200e                                            P12 Pro PST   <br \/> Country of origin                                            \u200f                                            :                                            \u200e                                            China   <br \/> Guaranteed software updates until                                            \u200f                                            :                                            \u200e                                            unknown   <br \/>  Customer reviews:                                                                                            4.6               4.6 out of 5 stars                                  (3,628)                                              var dpAcrHasRegisteredArcLinkClickAction;                    P.when(&#8216;A&#8217;, &#8216;ready&#8217;).execute(function(A) {                        if (dpAcrHasRegisteredArcLinkClickAction !== true) {                            dpAcrHasRegisteredArcLinkClickAction = true;                            A.declarative(                                &#8216;acrLink-click-metrics&#8217;, &#8216;click&#8217;,                                { \u00aballowLinkDefault\u00bb: true },                                function (event) {                                    if (window.ue) {                                        ue.count(\u00abacrLinkClickCount\u00bb, (ue.count(\u00abacrLinkClickCount\u00bb) || 0) + 1);                                    }                                }                            );                        }                    });                                             P.when(&#8216;A&#8217;, &#8216;cf&#8217;).execute(function(A) {                A.declarative(&#8216;acrStarsLink-click-metrics&#8217;, &#8216;click&#8217;, { \u00aballowLinkDefault\u00bb : true },  function(event){                    if(window.ue) {                        ue.count(\u00abacrStarsLinkWithPopoverClickCount\u00bb, (ue.count(\u00abacrStarsLinkWithPopoverClickCount\u00bb) || 0) + 1);                    }                });            });                          <\/p>\n<p>HIGH STATIC PRESSURE: Efficient even with resistance, the generated airflow easily penetrates dense radiators, narrow perforated panels and mesh structures and ensures reliable cooling<br \/>PWM CONTROL WITH WIDE SPEED RANGE: Speed can be adjusted progressively up to 3000 rpm via 4-pin PWM connection; fan stops completely with less than 5% PWM<br \/>PRECISE MANUFACTURE FOR COMPLETELY SMOOTH OPERATION: Minimal clearances, automatic balancing and high precision measurement significantly reduce vibrations, for quiet, efficient and long-lasting operation<br \/>SMOOTHER OPERATING FLUIDDYNAMIC BEARING (FDB) &#8211; Self-lubricating bearing minimizes noise during operation: ideal for quiet, efficient cooling and a long, reliable life<br \/>NEW FAN BLADES DESIGN FOR HIGHER PERFORMANCE: Redesigned rotor blades offer an optimal balance between performance and low sound, especially effective at low speeds<\/p>\n\n","protected":false},"excerpt":{"rendered":"<p> Product Description La presi\u00f3n est\u00e1tica hace que los ventiladores Pro Fans sean ideales para usar<\/p>","protected":false},"featured_media":36219,"comment_status":"open","ping_status":"closed","template":"","meta":[],"product_brand":[],"product_cat":[65],"product_tag":[7812,1381,2003,2005,7987,2880,2013,994,1998,2015,2009,910,2011,4202,2000,2545,1035,163,4625,2023,2007,2001,2252,7810],"class_list":{"0":"post-36218","1":"product","2":"type-product","3":"status-publish","4":"has-post-thumbnail","6":"product_cat-case-fan","7":"product_tag-0rpm","8":"product_tag-120mm","9":"product_tag-120mm-case-fan","10":"product_tag-140mm-case-fan","11":"product_tag-6003000rpm","12":"product_tag-arctic","13":"product_tag-best-case-fan","14":"product_tag-case","15":"product_tag-case-fan","16":"product_tag-computer-cooling-fan","17":"product_tag-cooling-fan-for-pc","18":"product_tag-fan","19":"product_tag-high-airflow-case-fan","20":"product_tag-p12","21":"product_tag-pc-case-fan","22":"product_tag-powerful","23":"product_tag-premium","24":"product_tag-pro","25":"product_tag-pst","26":"product_tag-pwm","27":"product_tag-quiet-case-fan","28":"product_tag-rgb-case-fan","29":"product_tag-splitter","30":"product_tag-ycable","32":"first","33":"instock","34":"sale","35":"shipping-taxable","36":"product-type-external"},"_links":{"self":[{"href":"https:\/\/comprasyconsejos.store\/en\/wp-json\/wp\/v2\/product\/36218","targetHints":{"allow":["GET"]}}],"collection":[{"href":"https:\/\/comprasyconsejos.store\/en\/wp-json\/wp\/v2\/product"}],"about":[{"href":"https:\/\/comprasyconsejos.store\/en\/wp-json\/wp\/v2\/types\/product"}],"replies":[{"embeddable":true,"href":"https:\/\/comprasyconsejos.store\/en\/wp-json\/wp\/v2\/comments?post=36218"}],"version-history":[{"count":0,"href":"https:\/\/comprasyconsejos.store\/en\/wp-json\/wp\/v2\/product\/36218\/revisions"}],"wp:featuredmedia":[{"embeddable":true,"href":"https:\/\/comprasyconsejos.store\/en\/wp-json\/wp\/v2\/media\/36219"}],"wp:attachment":[{"href":"https:\/\/comprasyconsejos.store\/en\/wp-json\/wp\/v2\/media?parent=36218"}],"wp:term":[{"taxonomy":"product_brand","embeddable":true,"href":"https:\/\/comprasyconsejos.store\/en\/wp-json\/wp\/v2\/product_brand?post=36218"},{"taxonomy":"product_cat","embeddable":true,"href":"https:\/\/comprasyconsejos.store\/en\/wp-json\/wp\/v2\/product_cat?post=36218"},{"taxonomy":"product_tag","embeddable":true,"href":"https:\/\/comprasyconsejos.store\/en\/wp-json\/wp\/v2\/product_tag?post=36218"}],"curies":[{"name":"wp","href":"https:\/\/api.w.org\/{rel}","templated":true}]}}