{"id":36221,"date":"2026-02-28T04:13:46","date_gmt":"2026-02-28T04:13:46","guid":{"rendered":"https:\/\/comprasyconsejos.store\/product\/refrigerador-de-cpu-argb-ventilador-de-enfriamiento-dual-de-120-mm-de-bajo-ruido-con-disipador-de-calor-iluminacion-argb-ajustable-refrigeracion-del-procesador-de-pc-para-disipacion-de\/"},"modified":"2026-02-28T04:13:51","modified_gmt":"2026-02-28T04:13:51","slug":"refrigerador-de-cpu-argb-ventilador-de-enfriamiento-dual-de-120-mm-de-bajo-ruido-con-disipador-de-calor-iluminacion-argb-ajustable-refrigeracion-del-procesador-de-pc-para-disipacion-de","status":"publish","type":"product","link":"https:\/\/comprasyconsejos.store\/en\/product\/refrigerador-de-cpu-argb-ventilador-de-enfriamiento-dual-de-120-mm-de-bajo-ruido-con-disipador-de-calor-iluminacion-argb-ajustable-refrigeracion-del-procesador-de-pc-para-disipacion-de\/","title":{"rendered":"Refrigerador de CPU ARGB, ventilador de enfriamiento dual de 120 mm de bajo ruido con disipador de calor &#8211; Iluminaci\u00f3n ARGB ajustable refrigeraci\u00f3n del procesador de PC &#8211; para disipaci\u00f3n de"},"content":{"rendered":"<p>Price: <span style=\"color:#b12704\">\u20ac26.32<\/span><br \/><i><small>(as of Feb 28, 2026 04:13:46 UTC &#8211; <span class=\"wp_automatic_amazon_disclaimer\" title=\"Product prices and availability are accurate as of the date\/time indicated and are subject to change. Any price and availability information displayed on [relevant Amazon Site(s), as applicable] at the time of purchase will apply to the purchase of this product.\">Details<\/span>)<\/small><\/i><\/p>\n<p><a href=\"https:\/\/amazon.es\/dp\/B0GHSYDJMR?tag=man008-21\"><img decoding=\"async\" src=\"https:\/\/valvepress.s3.amazonaws.com\/imgs\/buy_now.png\"><\/a><br \/>\n<\/p>\n<p>                                             Product Description   <\/p>\n<p>                                                      <img decoding=\"async\" alt=\"CPU-Luftk\u00fchler\" src=\"https:\/\/images-na.ssl-images-amazon.com\/images\/G\/01\/x-locale\/common\/grey-pixel.gif\" class=\"a-spacing-mini a-lazy-loaded\" data-src=\"https:\/\/m.media-amazon.com\/images\/S\/aplus-media-library-service-media\/2127979e-0120-4b1d-97cf-f521a2782e01.__CR0,0,1600,1600_PT0_SX300_V1___.jpg\"><img decoding=\"async\" alt=\"CPU-Luftk\u00fchler\" src=\"https:\/\/m.media-amazon.com\/images\/S\/aplus-media-library-service-media\/2127979e-0120-4b1d-97cf-f521a2782e01.__CR0,0,1600,1600_PT0_SX300_V1___.jpg\">  <\/p>\n<h3 class=\"a-spacing-mini\"> CPU-Luftk\u00fchler <\/h3>\n<p>                                           Leise Temperaturregelung                                     <\/p>\n<p class=\"a-spacing-base\"> Der CPU L\u00fcfter regelt die Temperatur effektiv durch sein leises Design. Mit einer L\u00fcfterdrehzahl von 1000 bis 4500 U\/min h\u00e4lt er Ihr System auch bei langem Spielen oder Arbeiten k\u00fchl, ohne in ruhigen Umgebungen zu st\u00f6ren. <\/p>\n<p>                                           Lebendige Farboptionen                                     <\/p>\n<p class=\"a-spacing-base\"> Mit 16,8 Millionen Farben bietet der ARGB CPU-K\u00fchler softwaregesteuerte, anpassbare Lichteffekte. Ideal f\u00fcr ansprechende PC-Konfigurationen beim Streamen, oder professionellen Arbeiten, unterst\u00fctzt durch den 5V 3-Pin ARGB Standard. <\/p>\n<p>                                                         Spezifikationen                                        Material: PP       Typ: Speicherk\u00fchler       Gewicht: 180,00 g       RGB-Unterst\u00fctzung: A-RGB       Stromschnittstelle: 4PIN, 5V-3pin ARGB       <\/p>\n<p> Der CPU-K\u00fchlk\u00f6rper ist entwickelt worden, um die W\u00e4rmeableitung f\u00fcr Ihren Computer zu optimieren und so eine optimale Leistung bei l\u00e4ngerer Nutzung sicherzustellen. Ausgestattet mit einer Doppell\u00fcfter-Konfiguration mit zwei 120-mm-L\u00fcftern bietet dieses K\u00fchlsystem einen effizienten Luftstrom, um stabile Temperaturen in anspruchsvollen Umgebungen wie einem Spielzimmer oder Homeoffice aufrechtzuerhalten. Die robuste Kombination aus Radiator und K\u00fchlk\u00f6rper verwaltet die thermische Ausgabe effektiv, was es zur idealen Wahl f\u00fcr Hochleistungscomputing-Bed\u00fcrfnisse macht. gleich, ob Sie Videospiele spielen, streamen oder multitasken \u2013 dieses Produkt unterst\u00fctzt eine unterbrechungsfreie Funktion, indem es die Komponenten unter Last k\u00fchl h\u00e4lt. Sein zuverl\u00e4ssiges Design integriert sich nahtlos in jede Desktop-Konfiguration und bietet kontinuierliche K\u00fchlleistung ohne unn\u00f6tigen L\u00e4rm. Verbessern Sie die Lebensdauer und Effizienz Ihres Computers mit dieser fortschrittlichen K\u00fchlk\u00f6rperl\u00f6sung, die sowohl f\u00fcr den t\u00e4glichen Gebrauch als auch f\u00fcr intensive Computing-Aufgaben entwickelt wurde. <\/p>\n<p> Spezifikation <\/p>\n<p> Material: PP <\/p>\n<p> Typ: Speicherk\u00fchler <\/p>\n<p> Gewicht: 180,00 g <\/p>\n<p> RGB-Unterst\u00fctzung: A-RGB <\/p>\n<p> Stromschnittstelle: 4PIN, 5V-3pin ARGB <\/p>\n<p> L\u00fcftergeschwindigkeit: 1000\u20134500 <\/p>\n<p> L\u00fcfterluftvolumen: 13,5 CFM <\/p>\n<p> L\u00fcfterluftdruck: 2,3 mmH2O <\/p>\n<p> L\u00fcfterger\u00e4usch: 28 dB(A) <\/p>\n<p> Anschlusstyp: 2510-4Pin <\/p>\n<p> Lagertyp: hydraulisches Lager <\/p>\n<p> Spannung: L\u00fcfter: DC 12V \/ LED: DC 5V <\/p>\n<p> Strom: L\u00fcfter: 0,25 A \/ LED: 0,216 A <\/p>\n<p> Leistung: 8,16 W <\/p>\n<p> Produktschnittstelle: L\u00fcfter 4Pin PWM \/ LED 3Pin ARGB <\/p>\n<p> Produktgr\u00f6\u00dfe: 14,9 x 6 x 7,5 cm <\/p>\n<p> Produktgewicht: 180 Gramm <\/p>\n<p> Liste <\/p>\n<p> 1 * CPU-K\u00fchler <\/p>\n<p> Hinweis: <\/p>\n<p> 1. Aufgrund von Lichteffekten und Anzeigewinkeln kann es zu Farbunterschieden im Produkt kommen. <\/p>\n<p> 2. Aufgrund der manuellen Messung kann es zu Fehlern in der Produktgr\u00f6\u00dfe kommen. Bitte haben Sie Verst\u00e4ndnis. <\/p>\n<p>                                                                             <img decoding=\"async\" alt=\"ARGB CPU-K\u00fchler\" src=\"https:\/\/images-na.ssl-images-amazon.com\/images\/G\/01\/x-locale\/common\/grey-pixel.gif\" class=\"a-spacing-base a-lazy-loaded\" data-src=\"https:\/\/m.media-amazon.com\/images\/S\/aplus-media-library-service-media\/c22f9249-35b1-40c3-9a2a-32f14898f7e0.__CR0,0,970,600_PT0_SX970_V1___.jpg\"><img decoding=\"async\" alt=\"ARGB CPU-K\u00fchler\" src=\"https:\/\/m.media-amazon.com\/images\/S\/aplus-media-library-service-media\/c22f9249-35b1-40c3-9a2a-32f14898f7e0.__CR0,0,970,600_PT0_SX970_V1___.jpg\">                                                                    <\/p>\n<p> Package Dimensions                                            \u200f                                            :                                            \u200e                                            15 x 8 x 6 cm; 230 g   <br \/> Date First Available                                            \u200f                                            :                                            \u200e                                            20 Jan. 2026   <br \/> Manufacturer                                            \u200f                                            :                                            \u200e                                            CGACCSD   <br \/> ASIN                                            \u200f                                            :                                            \u200e                                            B0GHSYDJMR   <br \/> Manufacturer reference                                            \u200f                                            :                                            \u200e                                            TQVCID57J1J7IDJU0D9   <\/p>\n<p>Potente refrigeraci\u00f3n: este enfriador de CPU combina un control de temperatura eficaz con un funcionamiento silencioso. El ventilador funciona con 1000-4500 rev\/min para un funcionamiento suave y silencioso y evita el sobrecalentamiento en tareas exigentes como la edici\u00f3n de video.<br \/>Efectos RGB din\u00e1micos: el enfriador de CPU ARGB produce efectos de iluminaci\u00f3n controlados por software en 16,8 millones de colores. y los entusiastas de la PC pueden crear una experiencia inmersiva y resaltar el encanto visual de su sistema, completo con conector ARGB de 3 pines de 5 V.<br \/>Sistema de enfriamiento de ventilador doble: este ventilador de CPU de doble ventilador mejora el flujo de aire para una disipaci\u00f3n de calor eficiente, mantiene el sistema fresco durante las tareas prolongadas o multitareas, y aumenta la confiabilidad y el rendimiento en aplicaciones inform\u00e1ticas exigentes.<br \/>Instalaci\u00f3n sin herramientas: este enfriador de CPU permite un montaje sin herramientas y se puede conectar f\u00e1cilmente al m\u00f3dulo de memoria. Su f\u00e1cil manejo es ideal para todos los usuarios, desde principiantes hasta usuarios experimentados que desean actualizar o montar su computadora en casa o en la oficina, sin necesidad de buscar herramientas adicionales.<br \/>Potente ventilador dual: equipado con dos ventiladores de 120 mm, el enfriador ARGB garantiza un flujo de aire excelente y una gesti\u00f3n eficaz del calor, mantiene su sistema estable bajo carga y presenta efectos de iluminaci\u00f3n RGB envolventes.<\/p>\n\n","protected":false},"excerpt":{"rendered":"<p> Product Description CPU-Luftk\u00fchler Leise Temperaturregelung Der CPU L\u00fcfter regelt die Temperatur effektiv durch sein leises<\/p>","protected":false},"featured_media":36222,"comment_status":"open","ping_status":"closed","template":"","meta":[],"product_brand":[],"product_cat":[66],"product_tag":[10436,2008,1568,5787,2010,6672,3994,598,2002,2014,1997,2016,9673,9116,6671,298,4825,7315,2006,3954,4037,1999,2012,5790,5544,2004,5120,4204],"class_list":{"0":"post-36221","1":"product","2":"type-product","3":"status-publish","4":"has-post-thumbnail","6":"product_cat-cpu-fan","7":"product_tag-ajustable","8":"product_tag-amd-cpu-cooler","9":"product_tag-argb","10":"product_tag-bajo","11":"product_tag-best-cpu-fan","12":"product_tag-calor","13":"product_tag-con","14":"product_tag-cpu","15":"product_tag-cpu-air-cooler","16":"product_tag-cpu-cooling-fan","17":"product_tag-cpu-fan","18":"product_tag-cpu-fan-price","19":"product_tag-del","20":"product_tag-disipacion","21":"product_tag-disipador","22":"product_tag-dual","23":"product_tag-enfriamiento","24":"product_tag-iluminacion","25":"product_tag-intel-cpu-fan","26":"product_tag-para","27":"product_tag-procesador","28":"product_tag-processor-fan","29":"product_tag-quiet-cpu-cooler","30":"product_tag-refrigeracion","31":"product_tag-refrigerador","32":"product_tag-rgb-cpu-cooler","33":"product_tag-ruido","34":"product_tag-ventilador","36":"first","37":"instock","38":"shipping-taxable","39":"product-type-external"},"_links":{"self":[{"href":"https:\/\/comprasyconsejos.store\/en\/wp-json\/wp\/v2\/product\/36221","targetHints":{"allow":["GET"]}}],"collection":[{"href":"https:\/\/comprasyconsejos.store\/en\/wp-json\/wp\/v2\/product"}],"about":[{"href":"https:\/\/comprasyconsejos.store\/en\/wp-json\/wp\/v2\/types\/product"}],"replies":[{"embeddable":true,"href":"https:\/\/comprasyconsejos.store\/en\/wp-json\/wp\/v2\/comments?post=36221"}],"version-history":[{"count":0,"href":"https:\/\/comprasyconsejos.store\/en\/wp-json\/wp\/v2\/product\/36221\/revisions"}],"wp:featuredmedia":[{"embeddable":true,"href":"https:\/\/comprasyconsejos.store\/en\/wp-json\/wp\/v2\/media\/36222"}],"wp:attachment":[{"href":"https:\/\/comprasyconsejos.store\/en\/wp-json\/wp\/v2\/media?parent=36221"}],"wp:term":[{"taxonomy":"product_brand","embeddable":true,"href":"https:\/\/comprasyconsejos.store\/en\/wp-json\/wp\/v2\/product_brand?post=36221"},{"taxonomy":"product_cat","embeddable":true,"href":"https:\/\/comprasyconsejos.store\/en\/wp-json\/wp\/v2\/product_cat?post=36221"},{"taxonomy":"product_tag","embeddable":true,"href":"https:\/\/comprasyconsejos.store\/en\/wp-json\/wp\/v2\/product_tag?post=36221"}],"curies":[{"name":"wp","href":"https:\/\/api.w.org\/{rel}","templated":true}]}}