{"id":36244,"date":"2026-02-28T07:20:13","date_gmt":"2026-02-28T07:20:13","guid":{"rendered":"https:\/\/comprasyconsejos.store\/product\/oversteel-krypto-gaming-monitor-qled-27-qhd-2560x1440-va-panel-169-curved-r1500-1ms-144hz-2x-hdmi-display-port-black\/"},"modified":"2026-02-28T07:20:15","modified_gmt":"2026-02-28T07:20:15","slug":"oversteel-krypto-gaming-monitor-qled-27-qhd-2560x1440-va-panel-169-curved-r1500-1ms-144hz-2x-hdmi-display-port-black","status":"publish","type":"product","link":"https:\/\/comprasyconsejos.store\/en\/product\/oversteel-krypto-gaming-monitor-qled-27-qhd-2560x1440-va-panel-169-curved-r1500-1ms-144hz-2x-hdmi-display-port-black\/","title":{"rendered":"Oversteel &#8211; KRYPTO Gaming Monitor QLED 27\u00bb QHD (2560&#215;1440), VA Panel, 16:9, Curved R1500, 1ms, 144Hz, 2x HDMI, Display Port, Black"},"content":{"rendered":"<p>Price: <span style=\"color:#b12704\"><del>\u20ac129.51<\/del> - \u20ac120.54<\/span><br \/><i><small>(as of Feb 28, 2026 07:20:13 UTC &#8211; <span class=\"wp_automatic_amazon_disclaimer\" title=\"Product prices and availability are accurate as of the date\/time indicated and are subject to change. Any price and availability information displayed on [relevant Amazon Site(s), as applicable] at the time of purchase will apply to the purchase of this product.\">Details<\/span>)<\/small><\/i><\/p>\n<p><a href=\"https:\/\/amazon.es\/dp\/B09CL4L1LQ?tag=man008-21\"><img decoding=\"async\" src=\"https:\/\/valvepress.s3.amazonaws.com\/imgs\/buy_now.png\"><\/a><br \/>\n<\/p>\n<p>                                             From the manufacturer   <\/p>\n<p>                                                                                                       <img decoding=\"async\" alt=\"monitor gaming; monitor plano; pantalla gaming; monitor 24 pulgadas\" src=\"https:\/\/images-na.ssl-images-amazon.com\/images\/G\/01\/x-locale\/common\/grey-pixel.gif\" class=\"a-lazy-loaded\" data-src=\"https:\/\/m.media-amazon.com\/images\/S\/aplus-media-library-service-media\/904123b9-985b-4ce2-9159-02debc8ba194.__CR0,0,1464,600_PT0_SX1464_V1___.jpg\"><img decoding=\"async\" alt=\"monitor gaming; monitor plano; pantalla gaming; monitor 24 pulgadas\" src=\"https:\/\/m.media-amazon.com\/images\/S\/aplus-media-library-service-media\/904123b9-985b-4ce2-9159-02debc8ba194.__CR0,0,1464,600_PT0_SX1464_V1___.jpg\">                                               <\/p>\n<h3 class=\"aplus-h1 aplus-module-1-heading a-text-bold\"> Caracter\u00edsticas dise\u00f1adas para los gamers m\u00e1s exigentes <\/h3>\n<p class=\"aplus-p2 aplus-module-1-description\"> Su pantalla R1500 curva de 27 pulgadas, con tecnolog\u00eda VA, es i para disfrutar no solo de tus t\u00edtulos favoritos, sino de cualquier contenido de una forma espectacular. Adem\u00e1s, su resoluci\u00f3n QHD de 2560*1440 p\u00edxeles, en su pantalla con dise\u00f1o sin marco, asegura una experiencia de juego incre\u00edble y la posibilidad de configurar m\u00faltiples pantallas con resultados impresionantes. <\/p>\n<p>                                           <img decoding=\"async\" alt=\"monitor gaming; monitor plano; pantalla gaming; monitor 24 pulgadas\" src=\"https:\/\/images-na.ssl-images-amazon.com\/images\/G\/01\/x-locale\/common\/grey-pixel.gif\" class=\"a-lazy-loaded\" data-src=\"https:\/\/m.media-amazon.com\/images\/S\/aplus-media-library-service-media\/26c85c41-da5a-41dc-a5af-cf4111c35fc3.__CR0,0,800,600_PT0_SX800_V1___.jpg\"><img decoding=\"async\" alt=\"monitor gaming; monitor plano; pantalla gaming; monitor 24 pulgadas\" src=\"https:\/\/m.media-amazon.com\/images\/S\/aplus-media-library-service-media\/26c85c41-da5a-41dc-a5af-cf4111c35fc3.__CR0,0,800,600_PT0_SX800_V1___.jpg\">          <\/p>\n<p>                                                                                                                    <img decoding=\"async\" alt=\"monitor gaming; monitor para gamers; pantalla gaming curva\" src=\"https:\/\/m.media-amazon.com\/images\/S\/aplus-media-library-service-media\/afbf0bcd-2429-48c1-954a-f007e11a0e99.__CR0,0,1464,600_PT0_SX1464_V1___.jpg\">                                                                                                                        <\/p>\n<p class=\"description aplus-p1\"> Monitor Curvo de 27&#8243;, 144 Hz, 1 ms de MPRT y resoluci\u00f3n m\u00e1xima Full HD de 2560 x 1440 p\u00edxeles. <\/p>\n<p>                                                      <img decoding=\"async\" alt=\"monitor gaming; monitor para gamers; pantalla gaming curva\" src=\"https:\/\/m.media-amazon.com\/images\/S\/aplus-media-library-service-media\/3813af5e-c5aa-4b88-a238-8be7a45928ff.__CR0,0,1464,600_PT0_SX1464_V1___.jpg\">                                                                                                                        <\/p>\n<p class=\"description aplus-p1\"> Compatible con tecnolog\u00eda AMD FreeSync y NVIDIA G-Sync para disfrutar de un juego fluido. <\/p>\n<p>                                                      <img decoding=\"async\" alt=\"monitor gaming; monitor para gamers; pantalla gaming curva\" src=\"https:\/\/m.media-amazon.com\/images\/S\/aplus-media-library-service-media\/025a8a3c-32b3-466b-a177-9c4262b49b3d.__CR0,0,1464,600_PT0_SX1464_V1___.jpg\">                                                                                                                        <\/p>\n<p class=\"description aplus-p1\"> DisplayPort 1.2, dos HDMI 1.4 y conector de audio. Adem\u00e1s, tiene la opci\u00f3n de montar VESA 75&#215;75. <\/p>\n<p>                                                      <img decoding=\"async\" alt=\"monitor gaming; monitor para gamers; pantalla gaming curva\" src=\"https:\/\/m.media-amazon.com\/images\/S\/aplus-media-library-service-media\/c9b18116-3c5e-4216-80d3-b5f214e283cc.__CR0,0,1464,600_PT0_SX1464_V1___.jpg\">                                                                                                                        <\/p>\n<p class=\"description aplus-p1\"> Pantalla con dise\u00f1o sin marco frameless y LED trasero de luz morada. <\/p>\n<p>                                                      <img decoding=\"async\" alt=\"monitor gaming; monitor para gamers; pantalla gaming curva\" src=\"https:\/\/m.media-amazon.com\/images\/S\/aplus-media-library-service-media\/4b763071-e588-4632-8930-d5e4becf31c0.__CR0,0,1464,600_PT0_SX1464_V1___.png\">                                                                                                                        <\/p>\n<p class=\"description aplus-p1\"> Elimina parpadeos y la fatiga visual con la tecnolog\u00eda Low Blue Light y Flicker Free. <\/p>\n<p>                            1 Pantalla curva <\/p>\n<p>                            2 Tecnolog\u00eda compatible <\/p>\n<p>                            3 Conectividad accesible <\/p>\n<p>                            4 Dise\u00f1o sin marcos <\/p>\n<p>                            5 Reduce la fatiga visual <\/p>\n<h3 class=\"a-text-center aplus-heading aplus-h1 a-text-bold\"> Comp\u00e1ralos <\/h3>\n<p class=\"aplus-p3 a-text-bold\"> Pulgadas <\/p>\n<p class=\"aplus-p3\"> 27&#8243; <\/p>\n<p class=\"aplus-p3 a-text-bold\"> Pulgadas <\/p>\n<p class=\"aplus-p3\"> 24&#8243; <\/p>\n<p class=\"aplus-p3 a-text-bold\"> Pulgadas <\/p>\n<p class=\"aplus-p3\"> 24&#8243; <\/p>\n<p class=\"aplus-p3 a-text-bold\"> Resoluci\u00f3n <\/p>\n<p class=\"aplus-p3\"> 2560&#215;1440@144Hz <\/p>\n<p class=\"aplus-p3 a-text-bold\"> Resoluci\u00f3n <\/p>\n<p class=\"aplus-p3\"> 1920&#215;1080@165Hz <\/p>\n<p class=\"aplus-p3 a-text-bold\"> Resoluci\u00f3n <\/p>\n<p class=\"aplus-p3\"> 1920&#215;1080@165Hz <\/p>\n<p class=\"aplus-p3 a-text-bold\"> Tiempo de respuesta (MPRT) <\/p>\n<p class=\"aplus-p3\"> 1ms <\/p>\n<p class=\"aplus-p3 a-text-bold\"> Tiempo de respuesta (MPRT) <\/p>\n<p class=\"aplus-p3\"> 1ms <\/p>\n<p class=\"aplus-p3 a-text-bold\"> Tiempo de respuesta (MPRT) <\/p>\n<p class=\"aplus-p3\"> 1ms <\/p>\n<p class=\"aplus-p3 a-text-bold\"> Compatible FreeSync y Gsync <\/p>\n<p class=\"aplus-p3\"> S\u00ed <\/p>\n<p class=\"aplus-p3 a-text-bold\"> Compatible FreeSync y Gsync <\/p>\n<p class=\"aplus-p3\"> S\u00ed <\/p>\n<p class=\"aplus-p3 a-text-bold\"> Compatible FreeSync y Gsync <\/p>\n<p class=\"aplus-p3\"> S\u00ed <\/p>\n<p class=\"aplus-p3 a-text-bold\"> Escala <\/p>\n<p class=\"aplus-p3\"> 16:9 <\/p>\n<p class=\"aplus-p3 a-text-bold\"> Escala <\/p>\n<p class=\"aplus-p3\"> 16:9 <\/p>\n<p class=\"aplus-p3 a-text-bold\"> Escala <\/p>\n<p class=\"aplus-p3\"> 16:9 <\/p>\n<h3 class=\"a-size-extra-large a-spacing-base a-text-center\"> Especificaciones t\u00e9cnicas especiales <\/h3>\n<p>                                                        Resoluci\u00f3n m\u00e1xima                                    \u200e1080p QHD                                        Color                                    Negro                                        Tama\u00f1o de la pantalla                                    27&#8243;                                        Tiempo de respuesta (MPRT)                                    1 ms                                        Escala                                    16:9                                        Frecuencia de actualizaci\u00f3n                                    144 Hz                                        Puertos                                    DisplayPort 1.2 y dos HDMI 1.4                                        Tecnolog\u00eda antifatiga                                    Tecnolog\u00eda Low Blue Light, que libera el cansancio y fatiga visual generado por el monitor, cuidando tu vista. Tecnolog\u00eda Flicker Free que elimina esos parpadeos de pantalla indeseables.                                                         AMD FreeSync                                    Compatible                                        G-Sync                                    Compatible                                        Peso del monitor                                    6.8 kg                                        Tipo de pantalla                                    Curva                                        VESA                                    Compatible 75&#215;75 mm                                        Brillo                                    300 (t\u00edpico), 250 (m\u00ednimo)                                         Dise\u00f1o                                    Sin marco                                        Resoluci\u00f3n                                    2560 x 1440 pixeles                     <\/p>\n<h3>\n<p class=\"aplus-question aplus-p1\"> \u00bfQu\u00e9 significa panel VA? <\/p>\n<\/h3>\n<p class=\"aplus-answer aplus-p2\"> Son una versi\u00f3n intermedia entre los paneles TN e IPS. Percibir\u00e1s una mayor calidad de color que con los paneles TN. Alcanzan un contraste de 3 a 5 veces mayor que un panel TN. Tienen un \u00e1ngulo de visi\u00f3n hasta de 178\u00ba. <\/p>\n<h3>\n<p class=\"aplus-question aplus-p1\"> \u00bfEs compatible FreeSync y G-Sync? <\/p>\n<\/h3>\n<p class=\"aplus-answer aplus-p2\"> S\u00ed. <\/p>\n<h3>\n<p class=\"aplus-question aplus-p1\"> \u00bfQu\u00e9 es la tasa de refresco? <\/p>\n<\/h3>\n<p class=\"aplus-answer aplus-p2\"> La tasa de refresco se mide en hercios (Hz) y es la velocidad a la que la pantalla es capaz de refrescar la imagen cada segundo, o sea, de mostrar una nueva imagen. <\/p>\n<h3>\n<p class=\"aplus-question aplus-p1\"> \u00bfQu\u00e9 es el tiempo de respuesta? <\/p>\n<\/h3>\n<p class=\"aplus-answer aplus-p2\"> El tiempo de respuesta es importante porque si es demasiado elevado, los p\u00edxeles tardan en cambiar de color cuando muestran una imagen en movimiento. Esto da lugar a halos o rastros de luz cuando las im\u00e1genes en pantalla se mueven muy r\u00e1pido.  <\/p>\n<h3>\n<p class=\"aplus-question aplus-p1\"> \u00bfQu\u00e9 relaci\u00f3n de aspecto debo utilizar con cada resoluci\u00f3n? <\/p>\n<\/h3>\n<p class=\"aplus-answer aplus-p2\"> 4:3       VGA, SVGA, XGA, UXGA <\/p>\n<p class=\"aplus-answer aplus-p2\"> 16:9     WXGA, FHD,QHD, 4K <\/p>\n<p class=\"aplus-answer aplus-p2\"> 16:10   WXGA, WUXGA <\/p>\n<p> Product Dimensions                                            \u200f                                            :                                            \u200e                                            70 x 45 x 18 cm; 6 kg   <br \/> Manufacturer                                            \u200f                                            :                                            \u200e                                            Oversteel   <br \/> ASIN                                            \u200f                                            :                                            \u200e                                            B09CL4L1LQ   <br \/> Item model number                                            \u200f                                            :                                            \u200e                                            NAT-OV-KR27VQ14   <br \/> Country of origin                                            \u200f                                            :                                            \u200e                                            Spain   <br \/> Guaranteed software updates until                                            \u200f                                            :                                            \u200e                                            unknown   <br \/>  Customer reviews:                                                                                            4.3               4.3 out of 5 stars                                  (423)                                              var dpAcrHasRegisteredArcLinkClickAction;                    P.when(&#8216;A&#8217;, &#8216;ready&#8217;).execute(function(A) {                        if (dpAcrHasRegisteredArcLinkClickAction !== true) {                            dpAcrHasRegisteredArcLinkClickAction = true;                            A.declarative(                                &#8216;acrLink-click-metrics&#8217;, &#8216;click&#8217;,                                { \u00aballowLinkDefault\u00bb: true },                                function (event) {                                    if (window.ue) {                                        ue.count(\u00abacrLinkClickCount\u00bb, (ue.count(\u00abacrLinkClickCount\u00bb) || 0) + 1);                                    }                                }                            );                        }                    });                                             P.when(&#8216;A&#8217;, &#8216;cf&#8217;).execute(function(A) {                A.declarative(&#8216;acrStarsLink-click-metrics&#8217;, &#8216;click&#8217;, { \u00aballowLinkDefault\u00bb : true },  function(event){                    if(window.ue) {                        ue.count(\u00abacrStarsLinkWithPopoverClickCount\u00bb, (ue.count(\u00abacrStarsLinkWithPopoverClickCount\u00bb) || 0) + 1);                    }                });            });                          <\/p>\n<p>27&#8243; CURVED DISPLAY: Take your gaming experience to another level with a 27-inch gaming monitor, 144Hz refresh rate, 1ms MPRT (moving image response time), and maximum Quad-HD resolution of 2560 x 1440 pixels. Monitor weight: 7.4 kg.<br \/>AMD AND NVIDIA TECHNOLOGY: With support for AMD FreeSync and NVIDIA G-Sync, you can enjoy smooth gaming and improve monitor refresh rates. Prevents skips and screen cuts. Forget the lag!<br \/>ACCESSIBLE CONNECTIVITY: The gaming monitor comes with several connectors on the back, so you can connect your devices conveniently. Among its ports we find a DisplayPort 1.2, which will allow you to reach a refresh rate of 144 Hz, two HDMI 1.4, an HDMI 2.0 and the audio connector. In addition, you have the option of mounting VESA 75&#215;75, to place the gamer monitor in the most comfortable position for you.<br \/>FRAMELESS DESIGN AND REAR LED: Ensure an out-of-the-ordinary gaming experience and set up multiple displays with incredible results on your frameless frameless display. It offers a smooth, continuous vision so you can focus fully on the games. Plus, with its purple light rear LED, you&#8217;ll have that extra gamer touch that makes all the difference.<br \/>Rest your view, play better: Enjoy maximum concentration during long gaming sessions with Low Blue Light technology, which releases the fatigue and visual fatigue generated by the monitor, taking care of your eyesight. Flicker Free technology eliminates those undesirable screen flickers and protects our eyes with incredible image qualities.<\/p>\n\n","protected":false},"excerpt":{"rendered":"<p> From the manufacturer Caracter\u00edsticas dise\u00f1adas para los gamers m\u00e1s exigentes Su pantalla R1500 curva de<\/p>","protected":false},"featured_media":36245,"comment_status":"open","ping_status":"closed","template":"","meta":[],"product_brand":[],"product_cat":[52,54],"product_tag":[1817,853,1822,1918,2265,1819,1821,1816,1824,1823,307,754,1825,561,617,544,1820,10446,844,10445,1033,153,1243,1818,7730,7369],"class_list":{"0":"post-36244","1":"product","2":"type-product","3":"status-publish","4":"has-post-thumbnail","6":"product_cat-2k-monitors","7":"product_cat-curved-monitors","8":"product_tag-1440p-monitor","9":"product_tag-144hz","10":"product_tag-144hz-2k-monitor","11":"product_tag-1ms","12":"product_tag-2560x1440","13":"product_tag-27-inch-2k-monitor","14":"product_tag-2k-gaming-monitor","15":"product_tag-2k-monitor","16":"product_tag-2k-monitor-price","17":"product_tag-best-2k-monitor","18":"product_tag-black","19":"product_tag-curved","20":"product_tag-curved-2k-monitor","21":"product_tag-display","22":"product_tag-gaming","23":"product_tag-hdmi","24":"product_tag-ips-2k-monitor","25":"product_tag-krypto","26":"product_tag-monitor","27":"product_tag-oversteel","28":"product_tag-panel","29":"product_tag-port","30":"product_tag-qhd","31":"product_tag-qhd-monitor","32":"product_tag-qled","33":"product_tag-r1500","35":"first","36":"instock","37":"sale","38":"shipping-taxable","39":"product-type-external"},"_links":{"self":[{"href":"https:\/\/comprasyconsejos.store\/en\/wp-json\/wp\/v2\/product\/36244","targetHints":{"allow":["GET"]}}],"collection":[{"href":"https:\/\/comprasyconsejos.store\/en\/wp-json\/wp\/v2\/product"}],"about":[{"href":"https:\/\/comprasyconsejos.store\/en\/wp-json\/wp\/v2\/types\/product"}],"replies":[{"embeddable":true,"href":"https:\/\/comprasyconsejos.store\/en\/wp-json\/wp\/v2\/comments?post=36244"}],"version-history":[{"count":0,"href":"https:\/\/comprasyconsejos.store\/en\/wp-json\/wp\/v2\/product\/36244\/revisions"}],"wp:featuredmedia":[{"embeddable":true,"href":"https:\/\/comprasyconsejos.store\/en\/wp-json\/wp\/v2\/media\/36245"}],"wp:attachment":[{"href":"https:\/\/comprasyconsejos.store\/en\/wp-json\/wp\/v2\/media?parent=36244"}],"wp:term":[{"taxonomy":"product_brand","embeddable":true,"href":"https:\/\/comprasyconsejos.store\/en\/wp-json\/wp\/v2\/product_brand?post=36244"},{"taxonomy":"product_cat","embeddable":true,"href":"https:\/\/comprasyconsejos.store\/en\/wp-json\/wp\/v2\/product_cat?post=36244"},{"taxonomy":"product_tag","embeddable":true,"href":"https:\/\/comprasyconsejos.store\/en\/wp-json\/wp\/v2\/product_tag?post=36244"}],"curies":[{"name":"wp","href":"https:\/\/api.w.org\/{rel}","templated":true}]}}