{"id":36250,"date":"2026-02-28T09:09:01","date_gmt":"2026-02-28T09:09:01","guid":{"rendered":"https:\/\/comprasyconsejos.store\/product\/playvital-sticker-for-xbox-series-s-sticker-vinyl-adhesive-cover-xb-series-s-sticker-skin-decal-cover-skin-stickers-for-xbox-series-s-controller-console-misting-dragon\/"},"modified":"2026-02-28T09:09:02","modified_gmt":"2026-02-28T09:09:02","slug":"playvital-sticker-for-xbox-series-s-sticker-vinyl-adhesive-cover-xb-series-s-sticker-skin-decal-cover-skin-stickers-for-xbox-series-s-controller-console-misting-dragon","status":"publish","type":"product","link":"https:\/\/comprasyconsejos.store\/en\/product\/playvital-sticker-for-xbox-series-s-sticker-vinyl-adhesive-cover-xb-series-s-sticker-skin-decal-cover-skin-stickers-for-xbox-series-s-controller-console-misting-dragon\/","title":{"rendered":"PlayVital Sticker for Xbox Series S Sticker Vinyl Adhesive Cover XB Series S Sticker Skin Decal Cover Skin Stickers for Xbox Series S Controller Console (Misting Dragon)"},"content":{"rendered":"<p>Price: <span style=\"color:#b12704\">\u20ac19.49<\/span><br \/><i><small>(as of Feb 28, 2026 09:09:01 UTC &#8211; <span class=\"wp_automatic_amazon_disclaimer\" title=\"Product prices and availability are accurate as of the date\/time indicated and are subject to change. Any price and availability information displayed on [relevant Amazon Site(s), as applicable] at the time of purchase will apply to the purchase of this product.\">Details<\/span>)<\/small><\/i><\/p>\n<p><a href=\"https:\/\/amazon.es\/dp\/B0D2NT8M7Z?tag=man008-21\"><img decoding=\"async\" src=\"https:\/\/valvepress.s3.amazonaws.com\/imgs\/buy_now.png\"><\/a><br \/>\n<\/p>\n<p>                                             Product Description   <\/p>\n<p>                                                         <img decoding=\"async\" alt=\"PlayVital\" src=\"https:\/\/images-na.ssl-images-amazon.com\/images\/G\/01\/x-locale\/common\/grey-pixel.gif\" class=\"a-lazy-loaded\" data-src=\"https:\/\/m.media-amazon.com\/images\/S\/aplus-media\/sc\/c1b861cf-6827-4b8a-b58a-51b097b4cc95.__CR0,0,600,180_PT0_SX600_V1___.jpg\"><img decoding=\"async\" alt=\"PlayVital\" src=\"https:\/\/m.media-amazon.com\/images\/S\/aplus-media\/sc\/c1b861cf-6827-4b8a-b58a-51b097b4cc95.__CR0,0,600,180_PT0_SX600_V1___.jpg\">      <\/p>\n<p class=\"description\">\n<p>\u00bfLe preocupa que se da\u00f1e o rasque tu Xbox Serie S accidentalmente?\u00bfQuer\u00eda a\u00f1adir personalidad y protecci\u00f3n de forma simple y r\u00e1pida?Las pegatinas de PlayVital cubrir\u00e1n tu necesidad y le dar\u00e1n una nueva experiencia de juego.           <\/p>\n<h3 class=\"a-spacing-small\"> Caracter\u00edsticas de productos: <\/h3>\n<p class=\"apm-text-center\">\n                                                      <img decoding=\"async\" alt=\"Pegatina para Xbox Series S\" src=\"https:\/\/images-na.ssl-images-amazon.com\/images\/G\/01\/x-locale\/common\/grey-pixel.gif\" class=\"a-spacing-mini a-lazy-loaded\" data-src=\"https:\/\/m.media-amazon.com\/images\/S\/aplus-media-library-service-media\/7fb0fbde-01c1-4a94-ac30-228783e57159.__CR0,0,1800,1800_PT0_SX300_V1___.jpg\"><img decoding=\"async\" alt=\"Pegatina para Xbox Series S\" src=\"https:\/\/m.media-amazon.com\/images\/S\/aplus-media-library-service-media\/7fb0fbde-01c1-4a94-ac30-228783e57159.__CR0,0,1800,1800_PT0_SX300_V1___.jpg\">  <\/p>\n<\/p>\n<p>Fue dise\u00f1ado para Xbox Series S consola y control.     <\/p>\n<p class=\"apm-text-center\">\n                                                      <img decoding=\"async\" alt=\"Pegatina para Xbox Series S\" src=\"https:\/\/images-na.ssl-images-amazon.com\/images\/G\/01\/x-locale\/common\/grey-pixel.gif\" class=\"a-spacing-mini a-lazy-loaded\" data-src=\"https:\/\/m.media-amazon.com\/images\/S\/aplus-media-library-service-media\/d5727130-697a-4603-87f2-0068e06be324.__CR0,0,1800,1800_PT0_SX300_V1___.jpg\"><img decoding=\"async\" alt=\"Pegatina para Xbox Series S\" src=\"https:\/\/m.media-amazon.com\/images\/S\/aplus-media-library-service-media\/d5727130-697a-4603-87f2-0068e06be324.__CR0,0,1800,1800_PT0_SX300_V1___.jpg\">  <\/p>\n<\/p>\n<p>Hecha de alta calidad y cortadas con precisi\u00f3n.Protege tu mando de juego y consola desde raspones y polvos despues de un largo tiempo de uso.     <\/p>\n<p class=\"apm-text-center\">\n                                                      <img decoding=\"async\" alt=\"Pegatina para Xbox Series S\" src=\"https:\/\/images-na.ssl-images-amazon.com\/images\/G\/01\/x-locale\/common\/grey-pixel.gif\" class=\"a-spacing-mini a-lazy-loaded\" data-src=\"https:\/\/m.media-amazon.com\/images\/S\/aplus-media-library-service-media\/32a6d880-24be-41d0-b6e2-fa740b94efee.__CR0,0,1800,1800_PT0_SX300_V1___.jpg\"><img decoding=\"async\" alt=\"Pegatina para Xbox Series S\" src=\"https:\/\/m.media-amazon.com\/images\/S\/aplus-media-library-service-media\/32a6d880-24be-41d0-b6e2-fa740b94efee.__CR0,0,1800,1800_PT0_SX300_V1___.jpg\">  <\/p>\n<\/p>\n<p>Las calcoman\u00edas personalizadas decoran y embellecen todo su conjunto Xbox Serie S.Corte preciso para adaptarse al mando y la consola de Xbox Series S.     <\/p>\n<p> Pasos de instalaci\u00f3n: <\/p>\n<\/p>\n<p>Limpie el polvo, la grasa u otros contaminantes de su dispositivo con el trapo.Pele el papel uno por uno, para que el lado de adhesivo no toque nada.Empezando por una esquina, tome una tarjeta o algo con una superficie fina y plana para alisarla.Si no se va en l\u00ednea recta, puedes levantarla y encajarla otra vez.Para que no dejar burbujas de aire debajo de la piel, requiere su paciencia y cuidado. Obtenga el v\u00eddeo de instalaci\u00f3n \u201cPlayVital Sticker for Xbox Series S\u201d en Youtube.      <\/p>\n<p> Tips: para el mejor resultado, aplique aire caliente (usando un secador de pelo) a la superficie de la calcoman\u00eda para activar los agentes qu\u00edmicos para una mejor adherencia. <\/p>\n<p>                                                  <img decoding=\"async\" alt=\"Pegatina para Xbox Series S\" src=\"https:\/\/images-na.ssl-images-amazon.com\/images\/G\/01\/x-locale\/common\/grey-pixel.gif\" class=\"a-lazy-loaded\" data-src=\"https:\/\/m.media-amazon.com\/images\/S\/aplus-media-library-service-media\/da7e21ba-d088-463a-a38f-d3fd472da4d3.__CR0,0,1800,1800_PT0_SX300_V1___.jpg\"><img decoding=\"async\" alt=\"Pegatina para Xbox Series S\" src=\"https:\/\/m.media-amazon.com\/images\/S\/aplus-media-library-service-media\/da7e21ba-d088-463a-a38f-d3fd472da4d3.__CR0,0,1800,1800_PT0_SX300_V1___.jpg\">  <\/p>\n<h3 class=\"a-spacing-mini\"> El paquete incluye: <\/h3>\n<\/p>\n<p>1* adhesivo para Xbox Series S Consola2* adhesivo para Xbox Series S Mando      <\/p>\n<p> Nota: la consola, el control y otros accesorios no est\u00e1n incluidos. <\/p>\n<p> Dise\u00f1ado por jugadores. El adhesivo obtuvo patente de invenci\u00f3n. <\/p>\n<p> Protegido por patentes emitidas y pendientes. <\/p>\n<p> Playvital Todos los derechos reservados. <\/p>\n<p> Todas las dem\u00e1s marcas comerciales son propiedad de sus respectivos due\u00f1os. <\/p>\n<p>                         Add To Basket  <\/p>\n<p>                         Add To Basket  <\/p>\n<p>                         Add To Basket  <\/p>\n<p>                         Add To Basket  <\/p>\n<p>                         Add To Basket  <\/p>\n<p>                             Customer Reviews  <\/p>\n<p>                    4.5 out of 5 stars  510  <\/p>\n<p>                    4.6 out of 5 stars  2,057  <\/p>\n<p>                    4.4 out of 5 stars  1,316  <\/p>\n<p>                    4.6 out of 5 stars  2,057  <\/p>\n<p>                    4.1 out of 5 stars  1,620  <\/p>\n<p>                    4.2 out of 5 stars  530  <\/p>\n<p>                             Price  <\/p>\n<p>                                    \u20ac21.49\u20ac21.49                  \u20ac21.49\u20ac21.49                  \u20ac19.49\u20ac19.49                  \u20ac21.49\u20ac21.49                  \u20ac23.99\u20ac23.99<br \/>\n                                            \u2014 no data<\/p>\n<p>                                  no data<br \/>\n                                                              no data<br \/>\n                                                              no data<br \/>\n                                                              no data<br \/>\n                                                              no data<br \/>\n                                                              no data<\/p>\n<p> Product Dimensions                                            \u200f                                            :                                            \u200e                                            15 x 11.5 x 1.5 cm; 30 g   <br \/> Manufacturer                                            \u200f                                            :                                            \u200e                                            PlayVital   <br \/> ASIN                                            \u200f                                            :                                            \u200e                                            B0D2NT8M7Z   <br \/> Item model number                                            \u200f                                            :                                            \u200e                                            TMX3S106   <br \/> Country\/Region of Origin                                            \u200f                                            :                                            \u200e                                            China   <br \/> Guaranteed software updates until                                            \u200f                                            :                                            \u200e                                            unknown   <br \/>  Customer reviews:                                                                                            4.4               4.4 out of 5 stars                                  (1,041)                                              var dpAcrHasRegisteredArcLinkClickAction;                    P.when(&#8216;A&#8217;, &#8216;ready&#8217;).execute(function(A) {                        if (dpAcrHasRegisteredArcLinkClickAction !== true) {                            dpAcrHasRegisteredArcLinkClickAction = true;                            A.declarative(                                &#8216;acrLink-click-metrics&#8217;, &#8216;click&#8217;,                                { \u00aballowLinkDefault\u00bb: true },                                function (event) {                                    if (window.ue) {                                        ue.count(\u00abacrLinkClickCount\u00bb, (ue.count(\u00abacrLinkClickCount\u00bb) || 0) + 1);                                    }                                }                            );                        }                    });                                             P.when(&#8216;A&#8217;, &#8216;cf&#8217;).execute(function(A) {                A.declarative(&#8216;acrStarsLink-click-metrics&#8217;, &#8216;click&#8217;, { \u00aballowLinkDefault\u00bb : true },  function(event){                    if(window.ue) {                        ue.count(\u00abacrStarsLinkWithPopoverClickCount\u00bb, (ue.count(\u00abacrStarsLinkWithPopoverClickCount\u00bb) || 0) + 1);                    }                });            });                          <\/p>\n<p>Custom sticker was designed for Xbox Series S console and controller. Not compatible with Xbox Series X console.<br \/>Package includes: 1* Xbox Series S console sticker, 2* sticker for Xbox Series S controller. (Note: console, controller and other accessories are not included.)<br \/>Various styles optional, personalize your console and controller with this personalized sticker to make your controller more attractive.<br \/>Made of high quality vinyl, precise cut and fit perfectly to protect your Xbox Series S prevent scratches and dust.<br \/>Easy to snap on and remove, no complicated steps required, get the installation video \u00abPlayVital Sticker for Xbox Series S\u00bb on Youtube.<\/p>\n\n","protected":false},"excerpt":{"rendered":"<p> Product Description \u00bfLe preocupa que se da\u00f1e o rasque tu Xbox Serie S accidentalmente?\u00bfQuer\u00eda a\u00f1adir<\/p>","protected":false},"featured_media":36251,"comment_status":"open","ping_status":"closed","template":"","meta":[],"product_brand":[],"product_cat":[61],"product_tag":[2677,1886,1880,2152,1016,10452,5554,1881,1875,1883,1884,10454,1878,1876,10449,361,1022,10450,10453,1879,10451,1882,1079,1877],"class_list":{"0":"post-36250","1":"product","2":"type-product","3":"status-publish","4":"has-post-thumbnail","6":"product_cat-games-entertainment","7":"product_tag-adhesive","8":"product_tag-console","9":"product_tag-console-games","10":"product_tag-controller","11":"product_tag-cover","12":"product_tag-decal","13":"product_tag-dragon","14":"product_tag-gaming-accessories","15":"product_tag-gaming-consoles","16":"product_tag-gaming-controllers","17":"product_tag-home-gaming-system","18":"product_tag-misting","19":"product_tag-nintendo-console","20":"product_tag-playstation-console","21":"product_tag-playvital","22":"product_tag-series","23":"product_tag-skin","24":"product_tag-sticker","25":"product_tag-stickers","26":"product_tag-video-games","27":"product_tag-vinyl","28":"product_tag-vr-headset","29":"product_tag-xbox","30":"product_tag-xbox-console","32":"first","33":"instock","34":"shipping-taxable","35":"product-type-external"},"_links":{"self":[{"href":"https:\/\/comprasyconsejos.store\/en\/wp-json\/wp\/v2\/product\/36250","targetHints":{"allow":["GET"]}}],"collection":[{"href":"https:\/\/comprasyconsejos.store\/en\/wp-json\/wp\/v2\/product"}],"about":[{"href":"https:\/\/comprasyconsejos.store\/en\/wp-json\/wp\/v2\/types\/product"}],"replies":[{"embeddable":true,"href":"https:\/\/comprasyconsejos.store\/en\/wp-json\/wp\/v2\/comments?post=36250"}],"version-history":[{"count":0,"href":"https:\/\/comprasyconsejos.store\/en\/wp-json\/wp\/v2\/product\/36250\/revisions"}],"wp:featuredmedia":[{"embeddable":true,"href":"https:\/\/comprasyconsejos.store\/en\/wp-json\/wp\/v2\/media\/36251"}],"wp:attachment":[{"href":"https:\/\/comprasyconsejos.store\/en\/wp-json\/wp\/v2\/media?parent=36250"}],"wp:term":[{"taxonomy":"product_brand","embeddable":true,"href":"https:\/\/comprasyconsejos.store\/en\/wp-json\/wp\/v2\/product_brand?post=36250"},{"taxonomy":"product_cat","embeddable":true,"href":"https:\/\/comprasyconsejos.store\/en\/wp-json\/wp\/v2\/product_cat?post=36250"},{"taxonomy":"product_tag","embeddable":true,"href":"https:\/\/comprasyconsejos.store\/en\/wp-json\/wp\/v2\/product_tag?post=36250"}],"curies":[{"name":"wp","href":"https:\/\/api.w.org\/{rel}","templated":true}]}}