{"id":36253,"date":"2026-02-28T09:26:45","date_gmt":"2026-02-28T09:26:45","guid":{"rendered":"https:\/\/comprasyconsejos.store\/product\/doogee-n55-mobile-phone-2025-android-15-smartphone-16gb128gb-2tb-6-56-hd90hz-screen-13mp-camera-5150mah-battery-4g-dual-sim-2-4g-5g-wifi-otg-black\/"},"modified":"2026-02-28T09:26:46","modified_gmt":"2026-02-28T09:26:46","slug":"doogee-n55-mobile-phone-2025-android-15-smartphone-16gb128gb-2tb-6-56-hd90hz-screen-13mp-camera-5150mah-battery-4g-dual-sim-2-4g-5g-wifi-otg-black","status":"publish","type":"product","link":"https:\/\/comprasyconsejos.store\/en\/product\/doogee-n55-mobile-phone-2025-android-15-smartphone-16gb128gb-2tb-6-56-hd90hz-screen-13mp-camera-5150mah-battery-4g-dual-sim-2-4g-5g-wifi-otg-black\/","title":{"rendered":"DOOGEE N55 Mobile Phone 2025, Android 15 Smartphone, 16GB+128GB\/2TB, 6.56&#8243; HD+90Hz Screen, 13MP Camera, 5150mAh Battery, 4G Dual SIM 2.4G\/5G WiFi OTG, Black"},"content":{"rendered":"<p>Price: <span style=\"color:#b12704\">\u20ac70.40<\/span><br \/><i><small>(as of Feb 28, 2026 09:26:45 UTC &#8211; <span class=\"wp_automatic_amazon_disclaimer\" title=\"Product prices and availability are accurate as of the date\/time indicated and are subject to change. Any price and availability information displayed on [relevant Amazon Site(s), as applicable] at the time of purchase will apply to the purchase of this product.\">Details<\/span>)<\/small><\/i><\/p>\n<p><a href=\"https:\/\/amazon.es\/dp\/B0DYTQ6T4T?tag=man008-21\"><img decoding=\"async\" src=\"https:\/\/valvepress.s3.amazonaws.com\/imgs\/buy_now.png\"><\/a><br \/>\n<\/p>\n<p>                                             From the brand   <\/p>\n<p>                                              <img decoding=\"async\" alt=\"\" src=\"https:\/\/images-na.ssl-images-amazon.com\/images\/G\/01\/x-locale\/common\/grey-pixel.gif\" class=\"a-lazy-loaded\" data-src=\"https:\/\/m.media-amazon.com\/images\/S\/aplus-media-library-service-media\/3305e445-11a6-4149-8204-59cb8b527a79.__CR0,0,1464,625_PT0_SX1464_V1___.jpg\"><img decoding=\"async\" alt=\"\" src=\"https:\/\/m.media-amazon.com\/images\/S\/aplus-media-library-service-media\/3305e445-11a6-4149-8204-59cb8b527a79.__CR0,0,1464,625_PT0_SX1464_V1___.jpg\">  <\/p>\n<h3> DOOGEE N55 Tel\u00e9fono Android 16 <\/h3>\n<p>                                              <img decoding=\"async\" alt=\"\" src=\"https:\/\/images-na.ssl-images-amazon.com\/images\/G\/01\/x-locale\/common\/grey-pixel.gif\" class=\"a-lazy-loaded\" data-src=\"https:\/\/m.media-amazon.com\/images\/S\/aplus-media-library-service-media\/9bd8cc6d-8058-4bbc-8b53-d4e9c208fedf.__CR0,0,362,453_PT0_SX362_V1___.jpg\"><img decoding=\"async\" alt=\"\" src=\"https:\/\/m.media-amazon.com\/images\/S\/aplus-media-library-service-media\/9bd8cc6d-8058-4bbc-8b53-d4e9c208fedf.__CR0,0,362,453_PT0_SX362_V1___.jpg\">  <\/p>\n<h3> DOOGEE&#8211;OFFICIAL <\/h3>\n<p> La creencia de Doogee es crear un tel\u00e9fono m\u00f3vil que siempre sea impermeable, siempre duradero. <\/p>\n<h3> DOOGEE N55 Tel\u00e9fono Android 16 <\/h3>\n<p>                                              <img decoding=\"async\" alt=\"Secuencia de demostraci\u00f3n que muestra el funcionamiento del dispositivo electr\u00f3nico en una superficie de m\u00e1rmol blanco con palmeras visibles en segundo plano.\" src=\"https:\/\/images-na.ssl-images-amazon.com\/images\/G\/01\/x-locale\/common\/grey-pixel.gif\" class=\"a-lazy-loaded\" data-src=\"https:\/\/m.media-amazon.com\/images\/S\/aplus-media-library-service-media\/464bb26d-6aff-462f-815f-3963e51bf318.__CR1167,0,1905,2384_PT0_SX362_V1___.jpg\"><img decoding=\"async\" alt=\"Secuencia de demostraci\u00f3n que muestra el funcionamiento del dispositivo electr\u00f3nico en una superficie de m\u00e1rmol blanco con palmeras visibles en segundo plano.\" src=\"https:\/\/m.media-amazon.com\/images\/S\/aplus-media-library-service-media\/464bb26d-6aff-462f-815f-3963e51bf318.__CR1167,0,1905,2384_PT0_SX362_V1___.jpg\">  <\/p>\n<p>                                              <img decoding=\"async\" alt=\"aplus content image\" src=\"https:\/\/images-na.ssl-images-amazon.com\/images\/G\/01\/x-locale\/common\/grey-pixel.gif\" class=\"a-lazy-loaded\" data-src=\"https:\/\/m.media-amazon.com\/images\/S\/aplus-media-library-service-media\/a84803b2-18de-4ff5-8b0e-87ddd2aa0bec.__CR1081,0,1838,2300_PT0_SX362_V1___.jpg\"><img decoding=\"async\" alt=\"aplus content image\" src=\"https:\/\/m.media-amazon.com\/images\/S\/aplus-media-library-service-media\/a84803b2-18de-4ff5-8b0e-87ddd2aa0bec.__CR1081,0,1838,2300_PT0_SX362_V1___.jpg\">  <\/p>\n<p>                                              <img decoding=\"async\" alt=\"que muestra las estad\u00edsticas de la empresa: m\u00e1s de 16 a\u00f1os de experiencia, m\u00e1s de 60 pa\u00edses vendidos en l\u00ednea, m\u00e1s de 200 patentes, m\u00e1s de 1 000 000 000 de usuarios en todo el mundo, m\u00e1s de 1 763 736 seguidores\" src=\"https:\/\/images-na.ssl-images-amazon.com\/images\/G\/01\/x-locale\/common\/grey-pixel.gif\" class=\"a-lazy-loaded\" data-src=\"https:\/\/m.media-amazon.com\/images\/S\/aplus-media-library-service-media\/67f24eb0-1589-4994-80b1-8b01b247572c.__CR0,0,362,453_PT0_SX362_V1___.jpg\"><img decoding=\"async\" alt=\"que muestra las estad\u00edsticas de la empresa: m\u00e1s de 16 a\u00f1os de experiencia, m\u00e1s de 60 pa\u00edses vendidos en l\u00ednea, m\u00e1s de 200 patentes, m\u00e1s de 1 000 000 000 de usuarios en todo el mundo, m\u00e1s de 1 763 736 seguidores\" src=\"https:\/\/m.media-amazon.com\/images\/S\/aplus-media-library-service-media\/67f24eb0-1589-4994-80b1-8b01b247572c.__CR0,0,362,453_PT0_SX362_V1___.jpg\">  <\/p>\n<p>                                                         Nuestro comienzo?                                       <\/p>\n<p> DOOGEE se fund\u00f3 en marzo de 2013, la creencia de DOOGEE es crear un tel\u00e9fono m\u00f3vil que sea resistente al agua para siempre y que nunca se da\u00f1e. <\/p>\n<p>                                                         \u00bfPor qu\u00e9 usar Doogee                                       <\/p>\n<p> Para ofrecer la experiencia perfecta a cada usuario, nos dedicamos a defender \u00abCALIDAD, EXPERIENCIA\u00bb. <\/p>\n<p>                                                         \u00bfQu\u00e9 podemos proporcionar                                       <\/p>\n<p> Para ofrecer la experiencia perfecta a cada usuario, especialmente en la calidad, todos los productos de DOOGEE deben pasar por el proceso de pruebas de alto nivel e inspecci\u00f3n de calidad de alta tecnolog\u00eda. <\/p>\n<p>                                              <img decoding=\"async\" alt=\"de la marca de la empresa DOOGEE con texto en espa\u00f1ol que describe el liderazgo en la industria de los tel\u00e9fonos inteligentes, que se muestra sobre un fondo azul claro\" src=\"https:\/\/images-na.ssl-images-amazon.com\/images\/G\/01\/x-locale\/common\/grey-pixel.gif\" class=\"a-lazy-loaded\" data-src=\"https:\/\/m.media-amazon.com\/images\/S\/aplus-media-library-service-media\/45c73b06-afc7-4990-bccf-ec688d78b0a4.__CR0,0,362,453_PT0_SX362_V1___.jpg\"><img decoding=\"async\" alt=\"de la marca de la empresa DOOGEE con texto en espa\u00f1ol que describe el liderazgo en la industria de los tel\u00e9fonos inteligentes, que se muestra sobre un fondo azul claro\" src=\"https:\/\/m.media-amazon.com\/images\/S\/aplus-media-library-service-media\/45c73b06-afc7-4990-bccf-ec688d78b0a4.__CR0,0,362,453_PT0_SX362_V1___.jpg\">  <\/p>\n<p>                                              <img decoding=\"async\" alt=\"Informaci\u00f3n de la marca DOOGEE en espa\u00f1ol, que destaca tres caracter\u00edsticas clave: resistencia al agua y a los impactos, apariencia personalizada y\" src=\"https:\/\/images-na.ssl-images-amazon.com\/images\/G\/01\/x-locale\/common\/grey-pixel.gif\" class=\"a-lazy-loaded\" data-src=\"https:\/\/m.media-amazon.com\/images\/S\/aplus-media-library-service-media\/a665ff86-10a3-472a-9504-c537ce8d8b9d.__CR0,0,362,453_PT0_SX362_V1___.jpg\"><img decoding=\"async\" alt=\"Informaci\u00f3n de la marca DOOGEE en espa\u00f1ol, que destaca tres caracter\u00edsticas clave: resistencia al agua y a los impactos, apariencia personalizada y\" src=\"https:\/\/m.media-amazon.com\/images\/S\/aplus-media-library-service-media\/a665ff86-10a3-472a-9504-c537ce8d8b9d.__CR0,0,362,453_PT0_SX362_V1___.jpg\">  <\/p>\n<p>                                              <img decoding=\"async\" alt=\"\" src=\"https:\/\/images-na.ssl-images-amazon.com\/images\/G\/01\/x-locale\/common\/grey-pixel.gif\" class=\"a-lazy-loaded\" data-src=\"https:\/\/m.media-amazon.com\/images\/S\/aplus-media-library-service-media\/c7475edd-1858-4eca-8ade-a67226db6f6d.__CR0,0,362,453_PT0_SX362_V1___.jpg\"><img decoding=\"async\" alt=\"\" src=\"https:\/\/m.media-amazon.com\/images\/S\/aplus-media-library-service-media\/c7475edd-1858-4eca-8ade-a67226db6f6d.__CR0,0,362,453_PT0_SX362_V1___.jpg\">  <\/p>\n<h3> DOOGEE&#8211;OFFICIAL <\/h3>\n<p>                                              <img decoding=\"async\" alt=\"un collage de fotos que muestra a una mujer sosteniendo una c\u00e1mara y a una mujer sosteniendo una c\u00e1mara.\" src=\"https:\/\/images-na.ssl-images-amazon.com\/images\/G\/01\/x-locale\/common\/grey-pixel.gif\" class=\"a-lazy-loaded\" data-src=\"https:\/\/m.media-amazon.com\/images\/S\/aplus-media-library-service-media\/2b0f595a-3c87-444a-bac3-90baf1d3702b.__CR0,0,362,453_PT0_SX362_V1___.jpg\"><img decoding=\"async\" alt=\"un collage de fotos que muestra a una mujer sosteniendo una c\u00e1mara y a una mujer sosteniendo una c\u00e1mara.\" src=\"https:\/\/m.media-amazon.com\/images\/S\/aplus-media-library-service-media\/2b0f595a-3c87-444a-bac3-90baf1d3702b.__CR0,0,362,453_PT0_SX362_V1___.jpg\">  <\/p>\n<p> Batteries                                            \u200f                                            :                                            \u200e                                            1 A batteries required. (included)   <br \/> Product Dimensions                                            \u200f                                            :                                            \u200e                                            7.58 x 0.86 x 16.38 cm; 186 g   <br \/> Manufacturer                                            \u200f                                            :                                            \u200e                                            DOOGEE   <br \/> ASIN                                            \u200f                                            :                                            \u200e                                            B0DYTQ6T4T   <br \/> Item model number                                            \u200f                                            :                                            \u200e                                            N55   <br \/> Guaranteed software updates until                                            \u200f                                            :                                            \u200e                                            unknown   <br \/>  Customer reviews:                                                                                            3.8               3.8 out of 5 stars                                  (139)                                              var dpAcrHasRegisteredArcLinkClickAction;                    P.when(&#8216;A&#8217;, &#8216;ready&#8217;).execute(function(A) {                        if (dpAcrHasRegisteredArcLinkClickAction !== true) {                            dpAcrHasRegisteredArcLinkClickAction = true;                            A.declarative(                                &#8216;acrLink-click-metrics&#8217;, &#8216;click&#8217;,                                { \u00aballowLinkDefault\u00bb: true },                                function (event) {                                    if (window.ue) {                                        ue.count(\u00abacrLinkClickCount\u00bb, (ue.count(\u00abacrLinkClickCount\u00bb) || 0) + 1);                                    }                                }                            );                        }                    });                                             P.when(&#8216;A&#8217;, &#8216;cf&#8217;).execute(function(A) {                A.declarative(&#8216;acrStarsLink-click-metrics&#8217;, &#8216;click&#8217;, { \u00aballowLinkDefault\u00bb : true },  function(event){                    if(window.ue) {                        ue.count(\u00abacrStarsLinkWithPopoverClickCount\u00bb, (ue.count(\u00abacrStarsLinkWithPopoverClickCount\u00bb) || 0) + 1);                    }                });            });                          <\/p>\n<p>Android 15 Cheap Mobile and Dual 4G LTE:The free mobile phone is equipped with the latest Android 15 system, which optimizes functions such as privacy control, device login and artistic themes. It also has built-in functions such as long screenshots, cold storage, phone cloning, and floating window intelligence, which directly improves the user experience. Explore a new life of freedom and happiness with DOOGEE N55 smartphone!<br \/>\u301016GB (4+12GB) RAM &#038; 128GB ROM\/2TB\u3011DOOGEE N55 cheap and good mobile phone has excellent performance, 50% higher than the competition. Enjoy flawless fluidity when multitasking, surfing the web, and gaming. Built-in 128GB large memory, expandable to 1TB via TF card, perfectly meets your needs for storing photos, videos and movies.<br \/>\u30106.56&#8243; HD+ IPS 90Hz Display\u3011Doogee N55 cheap mobile phone has a 6.56&#8243; high-definition screen, 90Hz refresh rate. Whether you watch videos or play games, image rendering has a clear advantage in terms of color and image rate. Even if you play or watch videos for a long time, you will not feel eye fatigue. The design of the mobile phone is ergonomic and comfortable to hold.<br \/>\u30105150mAh Battery &#038; OTG Function\u3011DOOGEE cheap smartphone N55 is equipped with a 5150mAh large capacity battery and the battery life is beyond your imagination. 16 hours of talking, 20 hours of listening to music, 5 hours of gameplay and 240 hours of uninterrupted power. OTG reverse charging supports charging of wireless headphones and smart watches. The slim and lightweight 8.6mm body makes it comfortable to hold and easy to carry.<br \/>\u3010Facial Recognition\u3011DOOGEE N55 cheap mobile phone allows your unique face to become the key to unlock the phone quickly and safely. The smooth exterior lines of the N55 smartphone enhance the feel of the phone, making it slim and premium. DOOGEE N55 smartphones configured with dual SIM slot for maximum flexibility. Stylish design and stylish colours.<br \/>\u241e\u301013MP+8MP Dual Camera\u3011DOOGEE N55 cheap mobile is equipped with a 13MP main camera and an 8MP front camera to meet your daily photography needs, capturing high-resolution images and videos in vivid colors. The 8MP front camera automatically adjusts background bokeh to capture more natural, high-quality portraits. The official DOOGEE store offers you 2 years warranty!<\/p>\n\n","protected":false},"excerpt":{"rendered":"<p> From the brand DOOGEE N55 Tel\u00e9fono Android 16 DOOGEE&#8211;OFFICIAL La creencia de Doogee es crear<\/p>","protected":false},"featured_media":36254,"comment_status":"open","ping_status":"closed","template":"","meta":[],"product_brand":[],"product_cat":[100],"product_tag":[834,7157,2870,5823,1890,391,1891,292,1896,307,1893,681,6113,298,10455,1892,1889,1275,1888,9212,1164,230,842,2827,1897,1894,1895,1588,543],"class_list":{"0":"post-36253","1":"product","2":"type-product","3":"status-publish","4":"has-post-thumbnail","6":"product_cat-smartphones","7":"product_tag-13mp","8":"product_tag-16gb128gb2tb","9":"product_tag-2-4g5g","10":"product_tag-5150mah","11":"product_tag-5g-smartphones","12":"product_tag-android","13":"product_tag-android-phones","14":"product_tag-battery","15":"product_tag-best-smartphones","16":"product_tag-black","17":"product_tag-budget-smartphones","18":"product_tag-camera","19":"product_tag-doogee","20":"product_tag-dual","21":"product_tag-hd90hz","22":"product_tag-iphone-smartphones","23":"product_tag-latest-smartphones","24":"product_tag-mobile","25":"product_tag-mobile-phones","26":"product_tag-n55","27":"product_tag-otg","28":"product_tag-phone","29":"product_tag-screen","30":"product_tag-sim","31":"product_tag-smartphone","32":"product_tag-smartphone-deals","33":"product_tag-smartphone-price","34":"product_tag-smartphones","35":"product_tag-wifi","37":"first","38":"instock","39":"shipping-taxable","40":"product-type-external"},"_links":{"self":[{"href":"https:\/\/comprasyconsejos.store\/en\/wp-json\/wp\/v2\/product\/36253","targetHints":{"allow":["GET"]}}],"collection":[{"href":"https:\/\/comprasyconsejos.store\/en\/wp-json\/wp\/v2\/product"}],"about":[{"href":"https:\/\/comprasyconsejos.store\/en\/wp-json\/wp\/v2\/types\/product"}],"replies":[{"embeddable":true,"href":"https:\/\/comprasyconsejos.store\/en\/wp-json\/wp\/v2\/comments?post=36253"}],"version-history":[{"count":0,"href":"https:\/\/comprasyconsejos.store\/en\/wp-json\/wp\/v2\/product\/36253\/revisions"}],"wp:featuredmedia":[{"embeddable":true,"href":"https:\/\/comprasyconsejos.store\/en\/wp-json\/wp\/v2\/media\/36254"}],"wp:attachment":[{"href":"https:\/\/comprasyconsejos.store\/en\/wp-json\/wp\/v2\/media?parent=36253"}],"wp:term":[{"taxonomy":"product_brand","embeddable":true,"href":"https:\/\/comprasyconsejos.store\/en\/wp-json\/wp\/v2\/product_brand?post=36253"},{"taxonomy":"product_cat","embeddable":true,"href":"https:\/\/comprasyconsejos.store\/en\/wp-json\/wp\/v2\/product_cat?post=36253"},{"taxonomy":"product_tag","embeddable":true,"href":"https:\/\/comprasyconsejos.store\/en\/wp-json\/wp\/v2\/product_tag?post=36253"}],"curies":[{"name":"wp","href":"https:\/\/api.w.org\/{rel}","templated":true}]}}