{"id":36256,"date":"2026-02-28T09:33:59","date_gmt":"2026-02-28T09:33:59","guid":{"rendered":"https:\/\/comprasyconsejos.store\/product\/kingspec-z5-1tb-portable-external-ssd-with-rgb-light-up-to-2100mb-s-zinc-alloy-housing-usb-3-2-gen2x2-interface-extreme-solid-state-hard-drives-compatible-with-phones\/"},"modified":"2026-02-28T09:34:00","modified_gmt":"2026-02-28T09:34:00","slug":"kingspec-z5-1tb-portable-external-ssd-with-rgb-light-up-to-2100mb-s-zinc-alloy-housing-usb-3-2-gen2x2-interface-extreme-solid-state-hard-drives-compatible-with-phones","status":"publish","type":"product","link":"https:\/\/comprasyconsejos.store\/en\/product\/kingspec-z5-1tb-portable-external-ssd-with-rgb-light-up-to-2100mb-s-zinc-alloy-housing-usb-3-2-gen2x2-interface-extreme-solid-state-hard-drives-compatible-with-phones\/","title":{"rendered":"Kingspec Z5 1TB Portable External SSD with RGB Light &#8211; Up to 2100MB\/s, Zinc Alloy Housing, USB 3.2 Gen2x2 Interface, Extreme Solid State Hard Drives, Compatible with Phones"},"content":{"rendered":"<p>Price: <span style=\"color:#b12704\"><del>\u20ac128.08<\/del> - \u20ac121.99<\/span><br \/><i><small>(as of Feb 28, 2026 09:33:59 UTC &#8211; <span class=\"wp_automatic_amazon_disclaimer\" title=\"Product prices and availability are accurate as of the date\/time indicated and are subject to change. Any price and availability information displayed on [relevant Amazon Site(s), as applicable] at the time of purchase will apply to the purchase of this product.\">Details<\/span>)<\/small><\/i><\/p>\n<p><a href=\"https:\/\/amazon.es\/dp\/B0CLV9H9LR?tag=man008-21\"><img decoding=\"async\" src=\"https:\/\/valvepress.s3.amazonaws.com\/imgs\/buy_now.png\"><\/a><br \/>\n<\/p>\n<p>                                             Product Description   <\/p>\n<p>                                                                                                       <img decoding=\"async\" alt=\"external ssd\" src=\"https:\/\/images-na.ssl-images-amazon.com\/images\/G\/01\/x-locale\/common\/grey-pixel.gif\" class=\"a-lazy-loaded\" data-src=\"https:\/\/m.media-amazon.com\/images\/S\/aplus-media-library-service-media\/6c635150-4ec2-471e-9957-43a16a2bfa80.__CR0,0,1464,600_PT0_SX1464_V1___.jpg\"><img decoding=\"async\" alt=\"external ssd\" src=\"https:\/\/m.media-amazon.com\/images\/S\/aplus-media-library-service-media\/6c635150-4ec2-471e-9957-43a16a2bfa80.__CR0,0,1464,600_PT0_SX1464_V1___.jpg\">                                               <\/p>\n<p>                                                                                                       <img decoding=\"async\" alt=\"portable ssd\" src=\"https:\/\/images-na.ssl-images-amazon.com\/images\/G\/01\/x-locale\/common\/grey-pixel.gif\" class=\"a-lazy-loaded\" data-src=\"https:\/\/m.media-amazon.com\/images\/S\/aplus-media-library-service-media\/0091bfe8-950c-4a3a-b3b2-c7a4f4742d03.__CR0,0,1464,600_PT0_SX1464_V1___.jpg\"><img decoding=\"async\" alt=\"portable ssd\" src=\"https:\/\/m.media-amazon.com\/images\/S\/aplus-media-library-service-media\/0091bfe8-950c-4a3a-b3b2-c7a4f4742d03.__CR0,0,1464,600_PT0_SX1464_V1___.jpg\">                                                                                    Rendimiento estelar con la interfaz USB 3.2 Gen2x2                                        <\/p>\n<p class=\"aplus-p2 aplus-module-2-description\"> Est\u00e1ndar de transferencia de alta velocidad USB 3.2 Gen2x2, velocidades de hasta 1850 MB\/s. Transfiere al instante pel\u00edculas blu-ray, v\u00eddeos 4K y juegos de gran tama\u00f1o en segundos. <\/p>\n<p>                                                                                                       <img decoding=\"async\" alt=\"portable ssd external\" src=\"https:\/\/images-na.ssl-images-amazon.com\/images\/G\/01\/x-locale\/common\/grey-pixel.gif\" class=\"a-lazy-loaded\" data-src=\"https:\/\/m.media-amazon.com\/images\/S\/aplus-media-library-service-media\/16242bcb-43b7-477a-95d5-c5da31b07c44.__CR0,0,1464,600_PT0_SX1464_V1___.jpg\"><img decoding=\"async\" alt=\"portable ssd external\" src=\"https:\/\/m.media-amazon.com\/images\/S\/aplus-media-library-service-media\/16242bcb-43b7-477a-95d5-c5da31b07c44.__CR0,0,1464,600_PT0_SX1464_V1___.jpg\">                                                                                    Selecci\u00f3n flexible de almacenamiento                                        <\/p>\n<p class=\"aplus-p2 aplus-module-2-description\"> La capacidad de almacenamiento masivo es de hasta 4TB, libera el espacio de tu ordenador y tel\u00e9fono andriod sin l\u00edmites. <\/p>\n<p>                                                                                                       <img decoding=\"async\" alt=\"1tb external ssd\" src=\"https:\/\/images-na.ssl-images-amazon.com\/images\/G\/01\/x-locale\/common\/grey-pixel.gif\" class=\"a-lazy-loaded\" data-src=\"https:\/\/m.media-amazon.com\/images\/S\/aplus-media-library-service-media\/aa73fc3a-e4d5-45fe-9773-8014aee6c408.__CR0,0,1464,600_PT0_SX1464_V1___.jpg\"><img decoding=\"async\" alt=\"1tb external ssd\" src=\"https:\/\/m.media-amazon.com\/images\/S\/aplus-media-library-service-media\/aa73fc3a-e4d5-45fe-9773-8014aee6c408.__CR0,0,1464,600_PT0_SX1464_V1___.jpg\">                                                                                    Dise\u00f1o LED RGB para juegos modernos                                        <\/p>\n<p class=\"aplus-p2 aplus-module-2-description\"> Dise\u00f1o inspirado en Cyberpunk, est\u00e9tica destacada para su ssd port\u00e1til, luz de respiraci\u00f3n de 128 colores que a\u00f1ade un toque de resplandor. <\/p>\n<p>                                                                                                       <img decoding=\"async\" alt=\"4tb ssd external\" src=\"https:\/\/images-na.ssl-images-amazon.com\/images\/G\/01\/x-locale\/common\/grey-pixel.gif\" class=\"a-lazy-loaded\" data-src=\"https:\/\/m.media-amazon.com\/images\/S\/aplus-media-library-service-media\/494ef7bb-b5b7-42a3-b2ae-094505b03261.__CR0,0,1464,600_PT0_SX1464_V1___.jpg\"><img decoding=\"async\" alt=\"4tb ssd external\" src=\"https:\/\/m.media-amazon.com\/images\/S\/aplus-media-library-service-media\/494ef7bb-b5b7-42a3-b2ae-094505b03261.__CR0,0,1464,600_PT0_SX1464_V1___.jpg\">                                                                                    Cuerpo de aleaci\u00f3n de zinc, disipaci\u00f3n de calor superior                                        <\/p>\n<p class=\"aplus-p2 aplus-module-2-description\"> El SSD externo KingSpec Z5 adopta un material de aleaci\u00f3n de zinc de primera calidad con disipador de calor estilo ROBO, mejora la disipaci\u00f3n del calor para mantener un rendimiento \u00f3ptimo. <\/p>\n<p>                                                                                                       <img decoding=\"async\" alt=\"2tb external ssd\" src=\"https:\/\/images-na.ssl-images-amazon.com\/images\/G\/01\/x-locale\/common\/grey-pixel.gif\" class=\"a-lazy-loaded\" data-src=\"https:\/\/m.media-amazon.com\/images\/S\/aplus-media-library-service-media\/2c25ba02-452e-4808-81ca-f0ce314a803e.__CR0,0,1464,600_PT0_SX1464_V1___.jpg\"><img decoding=\"async\" alt=\"2tb external ssd\" src=\"https:\/\/m.media-amazon.com\/images\/S\/aplus-media-library-service-media\/2c25ba02-452e-4808-81ca-f0ce314a803e.__CR0,0,1464,600_PT0_SX1464_V1___.jpg\">                                                                                    Una unidad, infinitas posibilidades                                        <\/p>\n<p class=\"aplus-p2 aplus-module-2-description\"> Amplia compatibilidad con port\u00e1tiles, televisores, c\u00e1maras, tel\u00e9fonos andriod y consolas de juegos PS4. <\/p>\n<h3 class=\"a-size-extra-large a-spacing-base a-text-center\"> KingSpec Z5 External SSD Description <\/h3>\n<p>                                                        Interface                                    USB 3.2 Gen2x2  20Gb\/s                                        Storage Capacity                                    up to 4TB                                        Product Size                                    104.7x40x10.7mm                                        NAND Flash                                    3D TLC                                        Sequential Read Speed Max.                                    2000-2100MB\/s (2TB)                                        Sequential Write Speed Max.                                    1750-1850MB\/s (2TB)                                        4K Ramdom Read Speed                                    58000 IOPS (2TB)                                        4K Ramdom Write Speed                                    65000 IOPS (2TB)                                        Compatible Devices                                    Decktop \/ Laptop \/ Android Phone \/ Playstation Consoles                  <\/p>\n<p> Product Dimensions                                            \u200f                                            :                                            \u200e                                            10.47 x 4 x 1.07 cm; 159 g   <br \/> Manufacturer                                            \u200f                                            :                                            \u200e                                            KingSpec   <br \/> ASIN                                            \u200f                                            :                                            \u200e                                            B0CLV9H9LR   <br \/> Item model number                                            \u200f                                            :                                            \u200e                                            Z5-1TB   <br \/> Country of origin                                            \u200f                                            :                                            \u200e                                            China   <br \/> Guaranteed software updates until                                            \u200f                                            :                                            \u200e                                            unknown   <br \/>  Customer reviews:                                                                                            4.5               4.5 out of 5 stars                                  (358)                                              var dpAcrHasRegisteredArcLinkClickAction;                    P.when(&#8216;A&#8217;, &#8216;ready&#8217;).execute(function(A) {                        if (dpAcrHasRegisteredArcLinkClickAction !== true) {                            dpAcrHasRegisteredArcLinkClickAction = true;                            A.declarative(                                &#8216;acrLink-click-metrics&#8217;, &#8216;click&#8217;,                                { \u00aballowLinkDefault\u00bb: true },                                function (event) {                                    if (window.ue) {                                        ue.count(\u00abacrLinkClickCount\u00bb, (ue.count(\u00abacrLinkClickCount\u00bb) || 0) + 1);                                    }                                }                            );                        }                    });                                             P.when(&#8216;A&#8217;, &#8216;cf&#8217;).execute(function(A) {                A.declarative(&#8216;acrStarsLink-click-metrics&#8217;, &#8216;click&#8217;, { \u00aballowLinkDefault\u00bb : true },  function(event){                    if(window.ue) {                        ue.count(\u00abacrStarsLinkWithPopoverClickCount\u00bb, (ue.count(\u00abacrStarsLinkWithPopoverClickCount\u00bb) || 0) + 1);                    }                });            });                          <\/p>\n<p>\u3010High Speed Data Transfer\u3011USB 3.2 Gen2x2 Type-C interface delivers ultra-high transfer speeds up to 2100MB\/s, which can improve labor efficiency in data transfer and storage of large amounts of data.<br \/>\u3010Stylish RGB Light Design\u3011The external solid state drive features 128 breathable colored lights that offer a unique look that makes you stand out at both work and entertainment.<br \/>Exceptional Durability: The zinc alloy shell is shock resistant and wear-resistant, and also improves heat dissipation to ensure optimal performance and durability of the product and reliably protect your data.<br \/>Versatile Usage: The external SSD compatible with console for mobile phone\/laptop\/TV\/PC\/playstation; Lightweight design allows to use on travel to meet mobile storage needs for home and professional office. NOTE: Not suitable for Apple iPhone and the transfer speed is only up to 10Gbps if used on Apple MacBook\/iMAC etc.<br \/>Trouble-Free Customer Support &#8211; Kingspec portable external SSD is backed by a 3-year warranty and lifetime technical support. You can enjoy the fun that Kingspec products bring without worries.<\/p>\n\n","protected":false},"excerpt":{"rendered":"<p> Product Description Rendimiento estelar con la interfaz USB 3.2 Gen2x2 Est\u00e1ndar de transferencia de alta<\/p>","protected":false},"featured_media":36257,"comment_status":"open","ping_status":"closed","template":"","meta":[],"product_brand":[],"product_cat":[76],"product_tag":[602,1515,5890,1516,4611,201,1519,4575,1476,1517,1470,6283,794,1514,1513,1522,6073,3121,1518,4676,1520,248,392,290,885,812,513,813,1521,133,7179],"class_list":{"0":"post-36256","1":"product","2":"type-product","3":"status-publish","4":"has-post-thumbnail","6":"product_cat-hdd-drive","7":"product_tag-1tb","8":"product_tag-1tb-hard-drive","9":"product_tag-2100mbs","10":"product_tag-2tb-hdd","11":"product_tag-alloy","12":"product_tag-compatible","13":"product_tag-desktop-hdd","14":"product_tag-drives","15":"product_tag-external","16":"product_tag-external-hard-drive","17":"product_tag-extreme","18":"product_tag-gen2x2","19":"product_tag-hard","20":"product_tag-hard-drive","21":"product_tag-hdd","22":"product_tag-hdd-price","23":"product_tag-housing","24":"product_tag-interface","25":"product_tag-internal-hard-drive","26":"product_tag-kingspec","27":"product_tag-laptop-hdd","28":"product_tag-light","29":"product_tag-phones","30":"product_tag-portable","31":"product_tag-rgb","32":"product_tag-solid","33":"product_tag-ssd","34":"product_tag-state","35":"product_tag-storage-hard-drive","36":"product_tag-usb","37":"product_tag-zinc","39":"first","40":"instock","41":"sale","42":"shipping-taxable","43":"product-type-external"},"_links":{"self":[{"href":"https:\/\/comprasyconsejos.store\/en\/wp-json\/wp\/v2\/product\/36256","targetHints":{"allow":["GET"]}}],"collection":[{"href":"https:\/\/comprasyconsejos.store\/en\/wp-json\/wp\/v2\/product"}],"about":[{"href":"https:\/\/comprasyconsejos.store\/en\/wp-json\/wp\/v2\/types\/product"}],"replies":[{"embeddable":true,"href":"https:\/\/comprasyconsejos.store\/en\/wp-json\/wp\/v2\/comments?post=36256"}],"version-history":[{"count":0,"href":"https:\/\/comprasyconsejos.store\/en\/wp-json\/wp\/v2\/product\/36256\/revisions"}],"wp:featuredmedia":[{"embeddable":true,"href":"https:\/\/comprasyconsejos.store\/en\/wp-json\/wp\/v2\/media\/36257"}],"wp:attachment":[{"href":"https:\/\/comprasyconsejos.store\/en\/wp-json\/wp\/v2\/media?parent=36256"}],"wp:term":[{"taxonomy":"product_brand","embeddable":true,"href":"https:\/\/comprasyconsejos.store\/en\/wp-json\/wp\/v2\/product_brand?post=36256"},{"taxonomy":"product_cat","embeddable":true,"href":"https:\/\/comprasyconsejos.store\/en\/wp-json\/wp\/v2\/product_cat?post=36256"},{"taxonomy":"product_tag","embeddable":true,"href":"https:\/\/comprasyconsejos.store\/en\/wp-json\/wp\/v2\/product_tag?post=36256"}],"curies":[{"name":"wp","href":"https:\/\/api.w.org\/{rel}","templated":true}]}}