{"id":36265,"date":"2026-02-28T10:56:05","date_gmt":"2026-02-28T10:56:05","guid":{"rendered":"https:\/\/comprasyconsejos.store\/product\/jonsbo-argb-ram-cooler-grey-with-rgb-2-pack-nc-3-argbx2\/"},"modified":"2026-02-28T10:56:06","modified_gmt":"2026-02-28T10:56:06","slug":"jonsbo-argb-ram-cooler-grey-with-rgb-2-pack-nc-3-argbx2","status":"publish","type":"product","link":"https:\/\/comprasyconsejos.store\/en\/product\/jonsbo-argb-ram-cooler-grey-with-rgb-2-pack-nc-3-argbx2\/","title":{"rendered":"Jonsbo ARGB RAM Cooler &#8211; Grey with RGB &#8211; 2 Pack NC-3 ARGBX2"},"content":{"rendered":"<p>Price: <span style=\"color:#b12704\">\u20ac18.78<\/span><br \/><i><small>(as of Feb 28, 2026 10:56:06 UTC &#8211; <span class=\"wp_automatic_amazon_disclaimer\" title=\"Product prices and availability are accurate as of the date\/time indicated and are subject to change. Any price and availability information displayed on [relevant Amazon Site(s), as applicable] at the time of purchase will apply to the purchase of this product.\">Details<\/span>)<\/small><\/i><\/p>\n<p><a href=\"https:\/\/amazon.es\/dp\/B08DP16NTK?tag=man008-21\"><img decoding=\"async\" src=\"https:\/\/valvepress.s3.amazonaws.com\/imgs\/buy_now.png\"><\/a><br \/>\n<\/p>\n<p>                                             Product Description   <\/p>\n<p>                                                  <img decoding=\"async\" alt=\"Jonsbo logo de\" src=\"https:\/\/images-na.ssl-images-amazon.com\/images\/G\/01\/x-locale\/common\/grey-pixel.gif\" class=\"a-lazy-loaded\" data-src=\"https:\/\/m.media-amazon.com\/images\/S\/aplus-media-library-service-media\/e7bd9796-de35-4d4a-8a95-d19ef7bf9ed7.__CR0,0,970,300_PT0_SX970_V1___.jpg\"><img decoding=\"async\" alt=\"Jonsbo logo de\" src=\"https:\/\/m.media-amazon.com\/images\/S\/aplus-media-library-service-media\/e7bd9796-de35-4d4a-8a95-d19ef7bf9ed7.__CR0,0,970,300_PT0_SX970_V1___.jpg\">  <\/p>\n<p>                                                  <img decoding=\"async\" alt=\"Jonsbo NC-3\" src=\"https:\/\/images-na.ssl-images-amazon.com\/images\/G\/01\/x-locale\/common\/grey-pixel.gif\" class=\"a-lazy-loaded\" data-src=\"https:\/\/m.media-amazon.com\/images\/S\/aplus-media-library-service-media\/81da692d-53fd-4053-9e6b-95d87c77e308.__CR0,0,800,800_PT0_SX300_V1___.jpg\"><img decoding=\"async\" alt=\"Jonsbo NC-3\" src=\"https:\/\/m.media-amazon.com\/images\/S\/aplus-media-library-service-media\/81da692d-53fd-4053-9e6b-95d87c77e308.__CR0,0,800,800_PT0_SX300_V1___.jpg\">  <\/p>\n<h3 class=\"a-spacing-mini\"> Jonsbo NC-3 2x ARGB-RAM cooler &#8211; plata <\/h3>\n<p> El NC-3 es un elegante refrigerador de RAM de Jonsbo. Los dos m\u00f3dulos para dos barras de RAM son f\u00e1ciles de montar, mejoran la refrigeraci\u00f3n y tambi\u00e9n est\u00e1n equipados con iluminaci\u00f3n RGB direccionable. La conexi\u00f3n se realiza a trav\u00e9s de un conector RGB de 3 pines (5VDG, 5V). <\/p>\n<p> En el env\u00edo se incluyen cuatro almohadillas t\u00e9rmicas y todo el material de montaje necesario para la instalaci\u00f3n. Se admiten todos los m\u00f3dulos DDR habituales con chips de memoria en ambas caras (doble cara). Para las barras en construcci\u00f3n de una sola cara, se deben utilizar almohadillas t\u00e9rmicas m\u00e1s gruesas &#8211; \u00e9stas no se incluyen en la entrega. <\/p>\n<p> Nota: Para utilizar las placas adaptadoras, todos los disipadores de calor originales existentes deben ser retirados de la barra de RAM a refrigerar <\/p>\n<h3 class=\"a-size-extra-large a-spacing-base a-text-center\"> Detalles t\u00e9cnicos <\/h3>\n<p>                                                        N\u00famero de m\u00f3dulos                                    2 piezas                                        Dimensiones                                    aprox. 141 x 8,5 x 43 mm (largo x ancho x alto)                                        peso                                    500g                                        Material                                    Aluminio, pl\u00e1stico                                        Color                                    plata                                        iluminaci\u00f3n                                    RGB, RGB de 3 pines (5VDG, 5V)                                        enlace                                    3 polos + 6 polos                                        Compatibilidad RAM                                    Todos los tipos de SDRAM (DDR \/ DDR2 \/ DDR3 \/ DDR4) con chips de memoria en ambos lados de la placa de circuito impreso (doble cara)                                        alcance de la entrega                                    2 refrigeradores de RAM, 4 topes t\u00e9rmicos, hardware de montaje                  <\/p>\n<p>                         Add To Basket  <\/p>\n<p>                             Customer Reviews  <\/p>\n<p>                    5.0 out of 5 stars  1  <\/p>\n<p>                    4.0 out of 5 stars  5  <\/p>\n<p>                    4.2 out of 5 stars  6  <\/p>\n<p>                    4.3 out of 5 stars  3  <\/p>\n<p>                \u2014            <\/p>\n<p>                             Price  <\/p>\n<p>                                    \u20ac20.85\u20ac20.85<br \/>\n                                            \u2014 no data<\/p>\n<p>                                            \u2014 no data<\/p>\n<p>                                            \u2014 no data<\/p>\n<p>                                            \u2014 no data<\/p>\n<p>                             Dimensiones<br \/>\n                                50 x 43 x 175,5 mm (L x B x H)               270 mm de altura total               ca. 141 x 8,5 x 43 mm                129 x 160 x 94 mm (ancho x alto x fondo)               266 x 17 x 9 mm (largo x ancho x alto)           <\/p>\n<p>                             Peso<br \/>\n                                120 g               150 g               114 g               ca. 971 g               69 g           <\/p>\n<p>                             Material<br \/>\n                                Aleaci\u00f3n de aluminio-magnesio, pl\u00e1stico                Aleaci\u00f3n de aluminio-magnesio, pl\u00e1stico                Aluminio, pl\u00e1stico               Cobre, aluminio, pl\u00e1stico               Aluminio, pl\u00e1stico           <\/p>\n<p>                             Color<br \/>\n                                Gris, Negro                Negro               plata               Negro, blanco lechoso               Schwarz           <\/p>\n<p>                             TDP<br \/>\n                                  no data<br \/>\n                                                              no data<br \/>\n                                                              no data<br \/>\n                                                            180 W                 no data<\/p>\n<p>                             Abanico<br \/>\n                                  no data<br \/>\n                                                              no data<br \/>\n                                                              no data<br \/>\n                                                            1x 120mm, 800 &#8211; 1500 U\/min, 36,7 &#8211; 88,5 m\u00b3\/h, 18,5 &#8211; 30,8 dB(A), 4-pin-PWM, 12 V                 no data<\/p>\n<p>                             Compatibilidad<br \/>\n                                  no data<br \/>\n                                                              no data<br \/>\n                                                              no data<br \/>\n                                                            Intel Socket: 775, 115x AMD Socket: FM2+, FM2, FM1, AM4, AM3+, AM3, AM2+, AM2                 no data<\/p>\n<p>                             Otros<br \/>\n                                Altura del soporte: de 36 a 166 mm | Conectores: 1x 3 pines 5VDG 1x SATA               Contenido del embalaje: 1 soporte, 2 varillas (125 mm), 2 soportes de goma con tornillos de fijaci\u00f3n               Compatibilidad con RAM: Todos los tipos de SDRAM (DDR \/ DDR2 \/ DDR3 \/ DDR4) con chips de memoria en ambos lados de la placa de circuito impreso (doble cara) | Volumen de suministro: 2 refrigeradores de RAM, 4 topes t\u00e9rmicos, material de montaje               Iluminaci\u00f3n RGB               Controlador RGB: control: 3x interruptores DIP, conexi\u00f3n: SATA (toma, alimentaci\u00f3n) | conexi\u00f3n: 1x RGB de 4 pines (12VGRB, 12V) (macho), 1x RGB de 4 pines (12VGRB, 12V) (hembra) | caracter\u00edsticas: controlador RGB integrado (opcional), banda magn\u00e9tica           <\/p>\n<p> Product Dimensions                                            \u200f                                            :                                            \u200e                                            14.1 x 8.5 x 4.3 cm; 220 g   <br \/> Manufacturer                                            \u200f                                            :                                            \u200e                                            Jonsbo   <br \/> ASIN                                            \u200f                                            :                                            \u200e                                            B08DP16NTK   <br \/> Item model number                                            \u200f                                            :                                            \u200e                                            NC-3ARGBX2   <br \/> Guaranteed software updates until                                            \u200f                                            :                                            \u200e                                            unknown   <br \/>  Customer reviews:                                                                                            4.2               4.2 out of 5 stars                                  (13)                                              var dpAcrHasRegisteredArcLinkClickAction;                    P.when(&#8216;A&#8217;, &#8216;ready&#8217;).execute(function(A) {                        if (dpAcrHasRegisteredArcLinkClickAction !== true) {                            dpAcrHasRegisteredArcLinkClickAction = true;                            A.declarative(                                &#8216;acrLink-click-metrics&#8217;, &#8216;click&#8217;,                                { \u00aballowLinkDefault\u00bb: true },                                function (event) {                                    if (window.ue) {                                        ue.count(\u00abacrLinkClickCount\u00bb, (ue.count(\u00abacrLinkClickCount\u00bb) || 0) + 1);                                    }                                }                            );                        }                    });                                             P.when(&#8216;A&#8217;, &#8216;cf&#8217;).execute(function(A) {                A.declarative(&#8216;acrStarsLink-click-metrics&#8217;, &#8216;click&#8217;, { \u00aballowLinkDefault\u00bb : true },  function(event){                    if(window.ue) {                        ue.count(\u00abacrStarsLinkWithPopoverClickCount\u00bb, (ue.count(\u00abacrStarsLinkWithPopoverClickCount\u00bb) || 0) + 1);                    }                });            });                          <\/p>\n<p>Unique style: the cooling is equipped with RGB lighting that makes the interior of your computer shine in millions of colors and gives it a unique style<br \/>&#8211; TEMPERATURE REDUCTION &#8211; The four pads included in the kit effectively improve your frame memory cooling, which is probably the best performance compared to basic cooling<br \/>Compatibility: all types (DDR) SDRAM (DDR \/ DDR2 \/ DDR3 \/ DDR4) with memory chips on both sides (reversible)<br \/>Easy installation: simply remove the bones from the computer frame, remove the original cooling, screw on the new NC-3 ARGBX2 and connect it to the power supply<br \/>Package Contents: 2 x Cooling, 4 x Thermal Pads, Mounting Elements<\/p>\n\n","protected":false},"excerpt":{"rendered":"<p> Product Description Jonsbo NC-3 2x ARGB-RAM cooler &#8211; plata El NC-3 es un elegante refrigerador<\/p>","protected":false},"featured_media":36266,"comment_status":"open","ping_status":"closed","template":"","meta":[],"product_brand":[],"product_cat":[77],"product_tag":[1480,1481,1568,10461,1668,1478,1479,1484,1482,204,10459,1483,10460,178,587,1487,885,1486],"class_list":{"0":"post-36265","1":"product","2":"type-product","3":"status-publish","4":"has-post-thumbnail","6":"product_cat-memory-ram","7":"product_tag-16gb-ram","8":"product_tag-32gb-ram","9":"product_tag-argb","10":"product_tag-argbx2","11":"product_tag-cooler","12":"product_tag-ddr4-ram","13":"product_tag-ddr5-ram","14":"product_tag-desktop-ram","15":"product_tag-gaming-ram","16":"product_tag-grey","17":"product_tag-jonsbo","18":"product_tag-laptop-ram","19":"product_tag-nc3","20":"product_tag-pack","21":"product_tag-ram","22":"product_tag-ram-price","23":"product_tag-rgb","24":"product_tag-rgb-ram","26":"first","27":"instock","28":"shipping-taxable","29":"product-type-external"},"_links":{"self":[{"href":"https:\/\/comprasyconsejos.store\/en\/wp-json\/wp\/v2\/product\/36265","targetHints":{"allow":["GET"]}}],"collection":[{"href":"https:\/\/comprasyconsejos.store\/en\/wp-json\/wp\/v2\/product"}],"about":[{"href":"https:\/\/comprasyconsejos.store\/en\/wp-json\/wp\/v2\/types\/product"}],"replies":[{"embeddable":true,"href":"https:\/\/comprasyconsejos.store\/en\/wp-json\/wp\/v2\/comments?post=36265"}],"version-history":[{"count":0,"href":"https:\/\/comprasyconsejos.store\/en\/wp-json\/wp\/v2\/product\/36265\/revisions"}],"wp:featuredmedia":[{"embeddable":true,"href":"https:\/\/comprasyconsejos.store\/en\/wp-json\/wp\/v2\/media\/36266"}],"wp:attachment":[{"href":"https:\/\/comprasyconsejos.store\/en\/wp-json\/wp\/v2\/media?parent=36265"}],"wp:term":[{"taxonomy":"product_brand","embeddable":true,"href":"https:\/\/comprasyconsejos.store\/en\/wp-json\/wp\/v2\/product_brand?post=36265"},{"taxonomy":"product_cat","embeddable":true,"href":"https:\/\/comprasyconsejos.store\/en\/wp-json\/wp\/v2\/product_cat?post=36265"},{"taxonomy":"product_tag","embeddable":true,"href":"https:\/\/comprasyconsejos.store\/en\/wp-json\/wp\/v2\/product_tag?post=36265"}],"curies":[{"name":"wp","href":"https:\/\/api.w.org\/{rel}","templated":true}]}}