{"id":36273,"date":"2026-02-28T11:03:25","date_gmt":"2026-02-28T11:03:25","guid":{"rendered":"https:\/\/comprasyconsejos.store\/product\/amd-ryzen-7-5800-xt-procesador-8-nucleos-16-hilos-desbloqueados-arquitectura-zen-3-cache-l2l3-de-36-mb-105w-tdp-frec-boost-hasta-4-8-ghz-socket-am4-ddr4-pcie-4-0-sin-disipador-incluido\/"},"modified":"2026-02-28T11:03:26","modified_gmt":"2026-02-28T11:03:26","slug":"amd-ryzen-7-5800-xt-procesador-8-nucleos-16-hilos-desbloqueados-arquitectura-zen-3-cache-l2l3-de-36-mb-105w-tdp-frec-boost-hasta-4-8-ghz-socket-am4-ddr4-pcie-4-0-sin-disipador-incluido","status":"publish","type":"product","link":"https:\/\/comprasyconsejos.store\/en\/product\/amd-ryzen-7-5800-xt-procesador-8-nucleos-16-hilos-desbloqueados-arquitectura-zen-3-cache-l2l3-de-36-mb-105w-tdp-frec-boost-hasta-4-8-ghz-socket-am4-ddr4-pcie-4-0-sin-disipador-incluido\/","title":{"rendered":"AMD Ryzen 7 5800 XT Procesador (8 n\u00facleos\/16 Hilos desbloqueados. Arquitectura Zen 3. Cach\u00e9 L2+L3 de 36 MB. 105W TDP. Frec Boost hasta 4.8 GHz. Socket AM4. DDR4 &#038; PCIe 4.0. Sin disipador Incluido"},"content":{"rendered":"<p>Price: <span style=\"color:#b12704\">\u20ac270.01<\/span><br \/><i><small>(as of Feb 28, 2026 11:03:25 UTC &#8211; <span class=\"wp_automatic_amazon_disclaimer\" title=\"Product prices and availability are accurate as of the date\/time indicated and are subject to change. Any price and availability information displayed on [relevant Amazon Site(s), as applicable] at the time of purchase will apply to the purchase of this product.\">Details<\/span>)<\/small><\/i><\/p>\n<p><a href=\"https:\/\/amazon.es\/dp\/B0FQPCQR1C?tag=man008-21\"><img decoding=\"async\" src=\"https:\/\/valvepress.s3.amazonaws.com\/imgs\/buy_now.png\"><\/a><br \/>\n<br \/>\n    <span>AMD Ryzen\u2122 7 5800 XT Procesador (8 n\u00facleos\/16 hilos desbloqueados. Arquitectura Zen 3. Cach\u00e9 L2+L3 de 36 MB. 105W TDP. Frecuencia Boost hasta 4,8 GHz. Socket AM4. DDR4 &#038; PCIe 4.0. Sin disipador incluido)<\/span>    <br \/> Language                                            \u200f                                            :                                            \u200e                                            English, English, English, English, English   <br \/> Product Dimensions                                            \u200f                                            :                                            \u200e                                            134 x 134 x 0.1 cm; 510 g   <br \/> Manufacturer                                            \u200f                                            :                                            \u200e                                            AMD   <br \/> ASIN                                            \u200f                                            :                                            \u200e                                            B0FQPCQR1C   <br \/> Item model number                                            \u200f                                            :                                            \u200e                                            100-100001582WOF   <br \/> Guaranteed software updates until                                            \u200f                                            :                                            \u200e                                            unknown   <\/p>\n<p>RELACI\u00d3N CALIDAD\/PRECIO INIGUALABLE \u2013 Con su plataforma AM4, compatibilidad con DDR4 y PCIe 4.0, el Ryzen 7 5800XT es perfecto para gamers y creadores de contenido que buscan potencia y rendimiento.<br \/>CARACTER\u00cdSTICAS AVANZADAS \u2013 Con un TDP de 105 W y 32 MB de cach\u00e9 L3, este procesador ofrece fiabilidad y un multitarea fluido.<br \/>8 n\u00facleos y 16 hilos \u2013 Frecuencias destacables (Base 3,8\u202fGHz \/ Boost 4,7\u202fGHz). Todos los n\u00facleos est\u00e1n desbloqueados para overclocking.<br \/>Compatibilidad con tarjetas gr\u00e1ficas dedicadas de \u00faltima generaci\u00f3n \u2013 Perfecto para gaming 1440p\/4K y creaci\u00f3n de contenidos.<br \/>Sin disipador incluido.<\/p>\n\n","protected":false},"excerpt":{"rendered":"<p> AMD Ryzen\u2122 7 5800 XT Procesador (8 n\u00facleos\/16 hilos desbloqueados. Arquitectura Zen 3. Cach\u00e9 L2+L3<\/p>","protected":false},"featured_media":36274,"comment_status":"open","ping_status":"closed","template":"","meta":[],"product_brand":[],"product_cat":[80],"product_tag":[4741,1662,530,1390,7768,1397,1727,1572,1396,535,10466,6671,10467,1391,818,4108,10465,1392,1393,9259,1389,8110,10464,624,4037,565,531,1394,1395,5021,1230,5075,8108],"class_list":{"0":"post-36273","1":"product","2":"type-product","3":"status-publish","4":"has-post-thumbnail","6":"product_cat-processors","7":"product_tag-105w","8":"product_tag-am4","9":"product_tag-amd","10":"product_tag-amd-ryzen-processor","11":"product_tag-arquitectura","12":"product_tag-best-processor","13":"product_tag-boost","14":"product_tag-cache","15":"product_tag-cpu-price","16":"product_tag-ddr4","17":"product_tag-desbloqueados","18":"product_tag-disipador","19":"product_tag-frec","20":"product_tag-gaming-cpu","21":"product_tag-ghz","22":"product_tag-hasta","23":"product_tag-hilos","24":"product_tag-i7-processor","25":"product_tag-i9-processor","26":"product_tag-incluido","27":"product_tag-intel-processor","28":"product_tag-l2l3","29":"product_tag-nucleos16","30":"product_tag-pcie","31":"product_tag-procesador","32":"product_tag-processor","33":"product_tag-ryzen","34":"product_tag-ryzen-7","35":"product_tag-ryzen-9","36":"product_tag-sin","37":"product_tag-socket","38":"product_tag-tdp","39":"product_tag-zen","41":"first","42":"instock","43":"shipping-taxable","44":"product-type-external"},"_links":{"self":[{"href":"https:\/\/comprasyconsejos.store\/en\/wp-json\/wp\/v2\/product\/36273","targetHints":{"allow":["GET"]}}],"collection":[{"href":"https:\/\/comprasyconsejos.store\/en\/wp-json\/wp\/v2\/product"}],"about":[{"href":"https:\/\/comprasyconsejos.store\/en\/wp-json\/wp\/v2\/types\/product"}],"replies":[{"embeddable":true,"href":"https:\/\/comprasyconsejos.store\/en\/wp-json\/wp\/v2\/comments?post=36273"}],"version-history":[{"count":0,"href":"https:\/\/comprasyconsejos.store\/en\/wp-json\/wp\/v2\/product\/36273\/revisions"}],"wp:featuredmedia":[{"embeddable":true,"href":"https:\/\/comprasyconsejos.store\/en\/wp-json\/wp\/v2\/media\/36274"}],"wp:attachment":[{"href":"https:\/\/comprasyconsejos.store\/en\/wp-json\/wp\/v2\/media?parent=36273"}],"wp:term":[{"taxonomy":"product_brand","embeddable":true,"href":"https:\/\/comprasyconsejos.store\/en\/wp-json\/wp\/v2\/product_brand?post=36273"},{"taxonomy":"product_cat","embeddable":true,"href":"https:\/\/comprasyconsejos.store\/en\/wp-json\/wp\/v2\/product_cat?post=36273"},{"taxonomy":"product_tag","embeddable":true,"href":"https:\/\/comprasyconsejos.store\/en\/wp-json\/wp\/v2\/product_tag?post=36273"}],"curies":[{"name":"wp","href":"https:\/\/api.w.org\/{rel}","templated":true}]}}