{"id":36278,"date":"2026-02-28T11:26:25","date_gmt":"2026-02-28T11:26:25","guid":{"rendered":"https:\/\/comprasyconsejos.store\/product\/lector-de-tarjetas-usb-adaptador-plano-6-en-1-lector-de-tarjetas-multiples-para-ordenador-portatil-camara-smartphone-transferencia-de-datos\/"},"modified":"2026-02-28T11:26:30","modified_gmt":"2026-02-28T11:26:30","slug":"lector-de-tarjetas-usb-adaptador-plano-6-en-1-lector-de-tarjetas-multiples-para-ordenador-portatil-camara-smartphone-transferencia-de-datos","status":"publish","type":"product","link":"https:\/\/comprasyconsejos.store\/en\/product\/lector-de-tarjetas-usb-adaptador-plano-6-en-1-lector-de-tarjetas-multiples-para-ordenador-portatil-camara-smartphone-transferencia-de-datos\/","title":{"rendered":"Lector de tarjetas USB, adaptador plano 6 en 1, lector de tarjetas m\u00faltiples, para ordenador port\u00e1til, c\u00e1mara, smartphone, transferencia de datos"},"content":{"rendered":"<p>Price: <span style=\"color:#b12704\">\u20ac8.42<\/span><br \/><i><small>(as of Feb 28, 2026 11:26:25 UTC &#8211; <span class=\"wp_automatic_amazon_disclaimer\" title=\"Product prices and availability are accurate as of the date\/time indicated and are subject to change. Any price and availability information displayed on [relevant Amazon Site(s), as applicable] at the time of purchase will apply to the purchase of this product.\">Details<\/span>)<\/small><\/i><\/p>\n<p><a href=\"https:\/\/amazon.es\/dp\/B0GHT53KJP?tag=man008-21\"><img decoding=\"async\" src=\"https:\/\/valvepress.s3.amazonaws.com\/imgs\/buy_now.png\"><\/a><br \/>\n<\/p>\n<p>                                             Product Description   <\/p>\n<p>                                                  <img decoding=\"async\" alt=\"Langlebige Verbindung\" src=\"https:\/\/images-na.ssl-images-amazon.com\/images\/G\/01\/x-locale\/common\/grey-pixel.gif\" class=\"a-lazy-loaded\" data-src=\"https:\/\/m.media-amazon.com\/images\/S\/aplus-media-library-service-media\/125a2b24-46c9-4bb8-9de8-7e5e37a086aa.__CR0,0,1600,1600_PT0_SX300_V1___.jpg\"><img decoding=\"async\" alt=\"Langlebige Verbindung\" src=\"https:\/\/m.media-amazon.com\/images\/S\/aplus-media-library-service-media\/125a2b24-46c9-4bb8-9de8-7e5e37a086aa.__CR0,0,1600,1600_PT0_SX300_V1___.jpg\">  <\/p>\n<h3 class=\"a-spacing-mini\"> Langlebige Verbindung <\/h3>\n<p> Dieser Kartenleser f\u00fcr den Computer integriert robuste leitf\u00e4hige Teile, die Signalst\u00f6rungen verringern und selbst bei t\u00e4glicher intensiver Nutzung in professionellen Umgebungen unterbrechungsfreie Konnektivit\u00e4t f\u00fcr Datei\u00fcbertragungen unterst\u00fctzen. <\/p>\n<p>                                                  <img decoding=\"async\" alt=\"Bequem mitnehmbar\" src=\"https:\/\/images-na.ssl-images-amazon.com\/images\/G\/01\/x-locale\/common\/grey-pixel.gif\" class=\"a-spacing-mini a-lazy-loaded\" data-src=\"https:\/\/m.media-amazon.com\/images\/S\/aplus-media-library-service-media\/0e7c67cc-07b8-483d-bad9-f63935750fa1.__CR0,0,1600,1600_PT0_SX300_V1___.jpg\"><img decoding=\"async\" alt=\"Bequem mitnehmbar\" src=\"https:\/\/m.media-amazon.com\/images\/S\/aplus-media-library-service-media\/0e7c67cc-07b8-483d-bad9-f63935750fa1.__CR0,0,1600,1600_PT0_SX300_V1___.jpg\">  <\/p>\n<h3 class=\"a-spacing-mini\"> Bequem mitnehmbar <\/h3>\n<p> Die kompakte Bauweise dieses Kartenlesers gew\u00e4hrleistet eine einfache Mitnahme. Er f\u00fcgt sich problemlos in jede Tasche ein, ohne aufzutragen, und ist somit perfekt f\u00fcr die mobile Fotografie geeignet. Erlaubt Fotografen den bequemen Zugriff und Transfer ihrer Dateien w\u00e4hrend Outdoor-Aktivit\u00e4ten oder bei der Erkundung neuer Orte. <\/p>\n<p> Der Speicherkarten-Adapter fungiert als Hub f\u00fcr verschiedene Ger\u00e4te, darunter Kameras, Telefone, Computer und Laptops, und bietet nahtlosen Datentransfer und Speichererweiterung in Outdoor-, Reise- und Fotografie-Szenarien. Sein schlankes Design sorgt f\u00fcr maximale Portabilit\u00e4t und macht ihn zu einem Werkzeug f\u00fcr Fotografen und Technikbegeisterte, die w\u00e4hrend ihrer Aktivit\u00e4ten auf zuverl\u00e4ssige Leistung angewiesen sind. Die Vielseitigkeit des Adapters erleichtert den Zugriff auf digitale Inhalte \u00fcber mehrere Ger\u00e4te hinweg. <\/p>\n<p> Spezifikation <\/p>\n<p> Produktname: Kartenleser <\/p>\n<p> Produktfarbe: Schwarz <\/p>\n<p> Produktmaterial: ABS <\/p>\n<p> Liste <\/p>\n<p> Kartenleser*1 <\/p>\n<p> Hinweis: <\/p>\n<p> Aufgrund unterschiedlicher Beleuchtungs- und Bildschirmeinstellungen kann die Farbe des Artikels geringf\u00fcgig vom Bild abweichen. <\/p>\n<p> Bitte erlauben Sie aufgrund unterschiedlicher manueller Messungen einen Gr\u00f6\u00dfenunterschied von 1-2 cm. <\/p>\n<p> Package Dimensions                                            \u200f                                            :                                            \u200e                                            16.8 x 8.3 x 2.3 cm; 60 g   <br \/> Manufacturer                                            \u200f                                            :                                            \u200e                                            Generisch   <br \/> ASIN                                            \u200f                                            :                                            \u200e                                            B0GHT53KJP   <br \/> Manufacturer reference                                            \u200f                                            :                                            \u200e                                            KHDI6QT7BBUINDKOQ5O   <br \/> Guaranteed software updates until                                            \u200f                                            :                                            \u200e                                            unknown   <\/p>\n<p>Alta durabilidad: este lector de tarjetas para ordenador cuenta con componentes conductores resistentes que minimizan la interferencia de la se\u00f1al y garantizan una transferencia de datos fiable con un uso frecuente en el negocio o en el hogar, lo que hace que el flujo de trabajo sea m\u00e1s eficiente y prolonga la vida \u00fatil del dispositivo.<br \/>Pr\u00e1ctico y port\u00e1til: este lector de tarjetas es ligero y compacto, cabe f\u00e1cilmente en cualquier bolsa de fotos o bolsa de viaje, por lo que es el compa\u00f1ero ideal para viajes. Ya sea que est\u00e9s de viaje, haciendo senderismo o haciendo turismo por la ciudad, permite una transferencia r\u00e1pida y f\u00e1cil de archivos desde la tarjeta de memoria sin a\u00f1adir peso ni volumen extra en el equipaje. Esto le permite mantener una visi\u00f3n completa de sus im\u00e1genes y centrarse en la fotograf\u00eda.<br \/>Chip de alta velocidad: gracias a los modernos chips de alta velocidad, este lector de tarjetas procesa fotos HD a la velocidad del rayo y transmite v\u00eddeos 4K sin problemas. El rendimiento fiable de lectura y escritura minimiza los retrasos en la transferencia de contenido multimedia para proyectos creativos de todo tipo.<br \/>M\u00faltiples usos: este lector de tarjetas admite m\u00faltiples tarjetas y permite transferencias de datos sin problemas entre la c\u00e1mara, el tel\u00e9fono inteligente y el ordenador sin necesidad de adaptadores adicionales. Esto lo hace ideal para los entusiastas de la fotograf\u00eda y el v\u00eddeo que necesitan acceso fiable a sus archivos mientras viajan o viajan.<br \/>Control de datos: equipado con un bloqueo protegido por contrase\u00f1a, el lector de tarjetas USB protege los archivos confidenciales y garantiza un acceso controlado. Esto le da tranquilidad durante las actividades al aire libre o en entornos profesionales donde la privacidad es fundamental.<\/p>\n\n","protected":false},"excerpt":{"rendered":"<p> Product Description Langlebige Verbindung Dieser Kartenleser f\u00fcr den Computer integriert robuste leitf\u00e4hige Teile, die Signalst\u00f6rungen<\/p>","protected":false},"featured_media":36279,"comment_status":"open","ping_status":"closed","template":"","meta":[],"product_brand":[],"product_cat":[47],"product_tag":[4152,4112,1399,7951,1411,1413,5321,1407,1409,1415,8016,6108,1416,3954,10468,1417,4217,1405,1897,5322,5327,133,1403],"class_list":{"0":"post-36278","1":"product","2":"type-product","3":"status-publish","4":"has-post-thumbnail","6":"product_cat-card-readers","7":"product_tag-adaptador","8":"product_tag-camara","9":"product_tag-card-reader","10":"product_tag-datos","11":"product_tag-fast-card-reader","12":"product_tag-laptop-card-reader","13":"product_tag-lector","14":"product_tag-memory-card-reader","15":"product_tag-micro-sd-card-reader","16":"product_tag-multi-card-reader","17":"product_tag-multiples","18":"product_tag-ordenador","19":"product_tag-otg-card-reader","20":"product_tag-para","21":"product_tag-plano","22":"product_tag-portable-card-reader","23":"product_tag-portatil","24":"product_tag-sd-card-reader","25":"product_tag-smartphone","26":"product_tag-tarjetas","27":"product_tag-transferencia","28":"product_tag-usb","29":"product_tag-usb-card-reader","31":"first","32":"instock","33":"shipping-taxable","34":"product-type-external"},"_links":{"self":[{"href":"https:\/\/comprasyconsejos.store\/en\/wp-json\/wp\/v2\/product\/36278","targetHints":{"allow":["GET"]}}],"collection":[{"href":"https:\/\/comprasyconsejos.store\/en\/wp-json\/wp\/v2\/product"}],"about":[{"href":"https:\/\/comprasyconsejos.store\/en\/wp-json\/wp\/v2\/types\/product"}],"replies":[{"embeddable":true,"href":"https:\/\/comprasyconsejos.store\/en\/wp-json\/wp\/v2\/comments?post=36278"}],"version-history":[{"count":0,"href":"https:\/\/comprasyconsejos.store\/en\/wp-json\/wp\/v2\/product\/36278\/revisions"}],"wp:featuredmedia":[{"embeddable":true,"href":"https:\/\/comprasyconsejos.store\/en\/wp-json\/wp\/v2\/media\/36279"}],"wp:attachment":[{"href":"https:\/\/comprasyconsejos.store\/en\/wp-json\/wp\/v2\/media?parent=36278"}],"wp:term":[{"taxonomy":"product_brand","embeddable":true,"href":"https:\/\/comprasyconsejos.store\/en\/wp-json\/wp\/v2\/product_brand?post=36278"},{"taxonomy":"product_cat","embeddable":true,"href":"https:\/\/comprasyconsejos.store\/en\/wp-json\/wp\/v2\/product_cat?post=36278"},{"taxonomy":"product_tag","embeddable":true,"href":"https:\/\/comprasyconsejos.store\/en\/wp-json\/wp\/v2\/product_tag?post=36278"}],"curies":[{"name":"wp","href":"https:\/\/api.w.org\/{rel}","templated":true}]}}