{"id":36293,"date":"2026-02-28T13:29:11","date_gmt":"2026-02-28T13:29:11","guid":{"rendered":"https:\/\/comprasyconsejos.store\/product\/geon-tickets-printer-80-mm-usb-lan-thermal-paper-80-mm-inkless-thermal-printer-automatic-cut-print-speed-200-mm-s-compatible-with-windows-zazoo\/"},"modified":"2026-02-28T13:29:15","modified_gmt":"2026-02-28T13:29:15","slug":"geon-tickets-printer-80-mm-usb-lan-thermal-paper-80-mm-inkless-thermal-printer-automatic-cut-print-speed-200-mm-s-compatible-with-windows-zazoo","status":"publish","type":"product","link":"https:\/\/comprasyconsejos.store\/en\/product\/geon-tickets-printer-80-mm-usb-lan-thermal-paper-80-mm-inkless-thermal-printer-automatic-cut-print-speed-200-mm-s-compatible-with-windows-zazoo\/","title":{"rendered":"GEON Tickets Printer 80 mm &#8211; USB + LAN &#8211; Thermal Paper 80 mm &#8211; Inkless Thermal Printer &#8211; Automatic Cut &#8211; Print Speed 200 mm\/s &#8211; Compatible with Windows &#8211; Zazoo"},"content":{"rendered":"<p>Price: <span style=\"color:#b12704\">\u20ac69.95<\/span><br \/><i><small>(as of Feb 28, 2026 13:29:11 UTC &#8211; <span class=\"wp_automatic_amazon_disclaimer\" title=\"Product prices and availability are accurate as of the date\/time indicated and are subject to change. Any price and availability information displayed on [relevant Amazon Site(s), as applicable] at the time of purchase will apply to the purchase of this product.\">Details<\/span>)<\/small><\/i><\/p>\n<p><a href=\"https:\/\/amazon.es\/dp\/B08768SNDB?tag=man008-21\"><img decoding=\"async\" src=\"https:\/\/valvepress.s3.amazonaws.com\/imgs\/buy_now.png\"><\/a><br \/>\n<\/p>\n<p>                                             From the brand   <\/p>\n<p>                                              <img decoding=\"async\" alt=\"\" src=\"https:\/\/images-na.ssl-images-amazon.com\/images\/G\/01\/x-locale\/common\/grey-pixel.gif\" class=\"a-lazy-loaded\" data-src=\"https:\/\/m.media-amazon.com\/images\/S\/aplus-media-library-service-media\/9c1cf331-5e1d-405a-a3fe-49203945a1b7.__CR0,0,1464,625_PT0_SX1464_V1___.png\"><img decoding=\"async\" alt=\"\" src=\"https:\/\/m.media-amazon.com\/images\/S\/aplus-media-library-service-media\/9c1cf331-5e1d-405a-a3fe-49203945a1b7.__CR0,0,1464,625_PT0_SX1464_V1___.png\">  <\/p>\n<p>                                              <img decoding=\"async\" alt=\"\" src=\"https:\/\/images-na.ssl-images-amazon.com\/images\/G\/01\/x-locale\/common\/grey-pixel.gif\" class=\"a-lazy-loaded\" data-src=\"https:\/\/m.media-amazon.com\/images\/S\/aplus-media-library-service-media\/1fffbf77-7f18-4e04-9c3b-da3d083bd615.__CR0,0,315,145_PT0_SX315_V1___.png\"><img decoding=\"async\" alt=\"\" src=\"https:\/\/m.media-amazon.com\/images\/S\/aplus-media-library-service-media\/1fffbf77-7f18-4e04-9c3b-da3d083bd615.__CR0,0,315,145_PT0_SX315_V1___.png\">  <\/p>\n<p> GEON nace en 1999 con un claro objetivo: servir \u00edntegramente a nuestros clientes ofreciendo altas prestaciones. Siempre nos hemos esforzado por evolucionar y adaptarnos a tus necesidades, extendiendo nuestro campo de acci\u00f3n a todos los sectores empresariales. <\/p>\n<p> Enfocamos nuestra capacidad, tiempo y experiencia en poner a tu disposici\u00f3n soluciones mediante servicios inform\u00e1ticos. <\/p>\n<p> \u00a1Somos la eficacia que tu empresa necesita! <\/p>\n<p>                                              <img decoding=\"async\" alt=\"\" src=\"https:\/\/images-na.ssl-images-amazon.com\/images\/G\/01\/x-locale\/common\/grey-pixel.gif\" class=\"a-lazy-loaded\" data-src=\"https:\/\/m.media-amazon.com\/images\/S\/aplus-media-library-service-media\/e0cacfd2-a133-451c-a548-0256ae848b7f.__CR0,0,362,453_PT0_SX362_V1___.png\"><img decoding=\"async\" alt=\"\" src=\"https:\/\/m.media-amazon.com\/images\/S\/aplus-media-library-service-media\/e0cacfd2-a133-451c-a548-0256ae848b7f.__CR0,0,362,453_PT0_SX362_V1___.png\">  <\/p>\n<h3> Variedad de art\u00edculos <\/h3>\n<p> Equipa tu comercio con nuestra variedad de tpv, caj\u00f3n portamonedas, impresora de tickets y mucho m\u00e1s. <\/p>\n<h3> Todo lo que necesitas <\/h3>\n<p>                                              <img decoding=\"async\" alt=\"\" src=\"https:\/\/images-na.ssl-images-amazon.com\/images\/G\/01\/x-locale\/common\/grey-pixel.gif\" class=\"a-lazy-loaded\" data-src=\"https:\/\/m.media-amazon.com\/images\/S\/aplus-media-library-service-media\/b0045040-6c1b-4e2d-8c7a-872193cb70c8.__CR0,0,362,453_PT0_SX362_V1___.png\"><img decoding=\"async\" alt=\"\" src=\"https:\/\/m.media-amazon.com\/images\/S\/aplus-media-library-service-media\/b0045040-6c1b-4e2d-8c7a-872193cb70c8.__CR0,0,362,453_PT0_SX362_V1___.png\">  <\/p>\n<h3> Alianzas estrat\u00e9gicas <\/h3>\n<p> Gracias a nuestra experiencia, hemos desarrollado alianzas con empresas colaboradoras relacionadas con servicios tecnol\u00f3gicos. <\/p>\n<h3> Papel T\u00e9rmico para Recibos <\/h3>\n<p>                                              <img decoding=\"async\" alt=\"\" src=\"https:\/\/images-na.ssl-images-amazon.com\/images\/G\/01\/x-locale\/common\/grey-pixel.gif\" class=\"a-lazy-loaded\" data-src=\"https:\/\/m.media-amazon.com\/images\/S\/aplus-media-library-service-media\/bdb615ad-f452-4694-b943-0b0629dde858.__CR0,0,362,453_PT0_SX362_V1___.png\"><img decoding=\"async\" alt=\"\" src=\"https:\/\/m.media-amazon.com\/images\/S\/aplus-media-library-service-media\/bdb615ad-f452-4694-b943-0b0629dde858.__CR0,0,362,453_PT0_SX362_V1___.png\">  <\/p>\n<h3> Pol\u00edtica de calidad <\/h3>\n<p> Trabajamos la comunicaci\u00f3n, determinaci\u00f3n, buena gesti\u00f3n, recursos propios, cumplimiento de plazos y mejora de procesos productivos. <\/p>\n<h3> Art\u00edculos de Mon\u00e9tica <\/h3>\n<p>                                                         \u00bfQu\u00e9 ventajas tiene un TPV?                                       <\/p>\n<p> Contar con un TPV en tu negocio supondr\u00e1 un ahorro de tiempo y mayor facilidad de gesti\u00f3n de todos los tr\u00e1mites de caja. Controla los procesos de gesti\u00f3n de operaciones, impresi\u00f3n de facturas, cobros con tarjeta o control de inventario entre otros. <\/p>\n<p>                                                         \u00bfEn qu\u00e9 nos diferenciamos?                                       <\/p>\n<p> Nuestra extensa experiencia junto con la especializaci\u00f3n en varios sectores nos han convertido en tu aliado inform\u00e1tico. Somos fabricantes de equipos y hardwares, as\u00ed como expertos en mantenimiento inform\u00e1tico, programaci\u00f3n a medida, dise\u00f1o web o marketing online. <\/p>\n<p> Product Dimensions                                            \u200f                                            :                                            \u200e                                            21.5 x 20 x 14.5 cm; 1.3 kg   <br \/> Manufacturer                                            \u200f                                            :                                            \u200e                                            GEON   <br \/> ASIN                                            \u200f                                            :                                            \u200e                                            B08768SNDB   <br \/> Item model number                                            \u200f                                            :                                            \u200e                                            4K-B5QC-L06L   <br \/> Country\/Region of Origin                                            \u200f                                            :                                            \u200e                                            China   <br \/> Guaranteed software updates until                                            \u200f                                            :                                            \u200e                                            unknown   <br \/>  Customer reviews:                                                                                            4.4               4.4 out of 5 stars                                  (38)                                              var dpAcrHasRegisteredArcLinkClickAction;                    P.when(&#8216;A&#8217;, &#8216;ready&#8217;).execute(function(A) {                        if (dpAcrHasRegisteredArcLinkClickAction !== true) {                            dpAcrHasRegisteredArcLinkClickAction = true;                            A.declarative(                                &#8216;acrLink-click-metrics&#8217;, &#8216;click&#8217;,                                { \u00aballowLinkDefault\u00bb: true },                                function (event) {                                    if (window.ue) {                                        ue.count(\u00abacrLinkClickCount\u00bb, (ue.count(\u00abacrLinkClickCount\u00bb) || 0) + 1);                                    }                                }                            );                        }                    });                                             P.when(&#8216;A&#8217;, &#8216;cf&#8217;).execute(function(A) {                A.declarative(&#8216;acrStarsLink-click-metrics&#8217;, &#8216;click&#8217;, { \u00aballowLinkDefault\u00bb : true },  function(event){                    if(window.ue) {                        ue.count(\u00abacrStarsLinkWithPopoverClickCount\u00bb, (ue.count(\u00abacrStarsLinkWithPopoverClickCount\u00bb) || 0) + 1);                    }                });            });                          <\/p>\n<p>80M THERMAL PAPER: Clear and professional printing. This 80mm thermal printer works with 80x80mm thermal paper, ideal for issuing crisp, professional receipts without the need for ink. Its direct printing technology makes it the best choice for those looking for a reliable and practical thermal printer. Perfect for any business that requires an agile and efficient ticket printer.<br \/>USB and stable ethernet connection: quick and versatile installation. Thanks to its USB and Ethernet interfaces, this thermal tickets printer adapts to multiple work environments. It offers fast, secure connection from multiple devices, making it easy to use as a business ticket printer. Ideal for modern outlets that require a reliable and professional ticket machine.<br \/>COMPATIBLE OPERATING SYSTEMS: Works with Windows. This 80mm tickets printer is fully compatible with operating systems such as Windows, allowing for easy and hassle-free integration. Whatever your environment, this thermal printer offers versatile solutions for any business that needs an efficient and convenient ticket printer.<br \/>AUTOMATIC CUTTING &#038; PRINTING SPEED: With a speed of 200mm\/s and automatic cutting system, this ticket printer speeds up your operations. Whether in restaurants, shops or supermarkets, this 80mm thermal printer guarantees uninterrupted efficiency, making it the ideal ticket printer to improve your customer service. (495 characters)<br \/>CONNECTABLE TO DRAWER HOLDER: Complete integration into your point of sale. With its dedicated connection port, this ticket printer can be easily linked to a cash drawer. Automate opening after every sale and improve cash management in your business. The business ticket printer that unites speed, connectivity and functionality in one device.<\/p>\n\n","protected":false},"excerpt":{"rendered":"<p> From the brand GEON nace en 1999 con un claro objetivo: servir \u00edntegramente a nuestros<\/p>","protected":false},"featured_media":36294,"comment_status":"open","ping_status":"closed","template":"","meta":[],"product_brand":[],"product_cat":[91],"product_tag":[1963,803,801,805,201,1959,800,10477,2912,791,10479,808,799,806,1965,1958,1962,807,802,198,2053,10478,133,537,804,10480],"class_list":{"0":"post-36293","1":"product","2":"type-product","3":"status-publish","4":"has-post-thumbnail","6":"product_cat-office-pcs","7":"product_tag-automatic","8":"product_tag-budget-office-pc","9":"product_tag-business-desktop-pc","10":"product_tag-compact-desktop-pc","11":"product_tag-compatible","12":"product_tag-cut","13":"product_tag-desktop-computer-for-office","14":"product_tag-geon","15":"product_tag-inkless","16":"product_tag-lan","17":"product_tag-mms","18":"product_tag-office-computer-setup","19":"product_tag-office-pc","20":"product_tag-office-pc-ssd","21":"product_tag-paper","22":"product_tag-print","23":"product_tag-printer","24":"product_tag-reliable-office-pc","25":"product_tag-small-office-pc","26":"product_tag-speed","27":"product_tag-thermal","28":"product_tag-tickets","29":"product_tag-usb","30":"product_tag-windows","31":"product_tag-windows-office-pc","32":"product_tag-zazoo","34":"first","35":"instock","36":"shipping-taxable","37":"product-type-external"},"_links":{"self":[{"href":"https:\/\/comprasyconsejos.store\/en\/wp-json\/wp\/v2\/product\/36293","targetHints":{"allow":["GET"]}}],"collection":[{"href":"https:\/\/comprasyconsejos.store\/en\/wp-json\/wp\/v2\/product"}],"about":[{"href":"https:\/\/comprasyconsejos.store\/en\/wp-json\/wp\/v2\/types\/product"}],"replies":[{"embeddable":true,"href":"https:\/\/comprasyconsejos.store\/en\/wp-json\/wp\/v2\/comments?post=36293"}],"version-history":[{"count":0,"href":"https:\/\/comprasyconsejos.store\/en\/wp-json\/wp\/v2\/product\/36293\/revisions"}],"wp:featuredmedia":[{"embeddable":true,"href":"https:\/\/comprasyconsejos.store\/en\/wp-json\/wp\/v2\/media\/36294"}],"wp:attachment":[{"href":"https:\/\/comprasyconsejos.store\/en\/wp-json\/wp\/v2\/media?parent=36293"}],"wp:term":[{"taxonomy":"product_brand","embeddable":true,"href":"https:\/\/comprasyconsejos.store\/en\/wp-json\/wp\/v2\/product_brand?post=36293"},{"taxonomy":"product_cat","embeddable":true,"href":"https:\/\/comprasyconsejos.store\/en\/wp-json\/wp\/v2\/product_cat?post=36293"},{"taxonomy":"product_tag","embeddable":true,"href":"https:\/\/comprasyconsejos.store\/en\/wp-json\/wp\/v2\/product_tag?post=36293"}],"curies":[{"name":"wp","href":"https:\/\/api.w.org\/{rel}","templated":true}]}}