{"id":36308,"date":"2026-02-28T14:28:57","date_gmt":"2026-02-28T14:28:57","guid":{"rendered":"https:\/\/comprasyconsejos.store\/product\/morostron-ordenador-portatil-w11-ultrabook-de-14-pulgadas-hasta-22-ghz-pantalla-ips-full-hd-1920-x-1080-4-gb-de-ram-192-gb-de-ram-192-gb-emmc-bateria-de-8000-mah-puertos-de-expansion\/"},"modified":"2026-02-28T14:28:59","modified_gmt":"2026-02-28T14:28:59","slug":"morostron-ordenador-portatil-w11-ultrabook-de-14-pulgadas-hasta-22-ghz-pantalla-ips-full-hd-1920-x-1080-4-gb-de-ram-192-gb-de-ram-192-gb-emmc-bateria-de-8000-mah-puertos-de-expansion","status":"publish","type":"product","link":"https:\/\/comprasyconsejos.store\/en\/product\/morostron-ordenador-portatil-w11-ultrabook-de-14-pulgadas-hasta-22-ghz-pantalla-ips-full-hd-1920-x-1080-4-gb-de-ram-192-gb-de-ram-192-gb-emmc-bateria-de-8000-mah-puertos-de-expansion\/","title":{"rendered":"Morostron Ordenador port\u00e1til W11 Ultrabook de 14 pulgadas (hasta 2,2 GHz), pantalla IPS Full HD (1920 x 1080), 4 GB de RAM, 192 GB de RAM, 192 GB eMMC, bater\u00eda de 8000 mAh, puertos de expansi\u00f3n"},"content":{"rendered":"<p>Price: <span style=\"color:#b12704\">\u20ac213.06<\/span><br \/><i><small>(as of Feb 28, 2026 14:28:57 UTC &#8211; <span class=\"wp_automatic_amazon_disclaimer\" title=\"Product prices and availability are accurate as of the date\/time indicated and are subject to change. Any price and availability information displayed on [relevant Amazon Site(s), as applicable] at the time of purchase will apply to the purchase of this product.\">Details<\/span>)<\/small><\/i><\/p>\n<p><a href=\"https:\/\/amazon.es\/dp\/B0DT3VH3VP?tag=man008-21\"><img decoding=\"async\" src=\"https:\/\/valvepress.s3.amazonaws.com\/imgs\/buy_now.png\"><\/a><br \/>\n<br \/>\n    <span>Informaci\u00f3n del producto: <br \/>Nombre del art\u00edculo: Morostron W11 loptop. <br \/>Modelo del art\u00edculo: blanco. <br \/>Pilas: 8000 Mh. <br \/>Peso del art\u00edculo: 3,7 lb <br \/>Color: gris. <br \/>Tama\u00f1o de la pantalla: 14 pulgadas. <br \/>Dimensiones del producto: 11,8 x 8,6 x 0,6 pulgadas. <br \/>Resoluci\u00f3n de la pantalla: 1920 x 1080 p\u00edxeles, IPS. <br \/>Procesador <br \/>Tipo de procesador: N3450 Apollo Lake, Quad Core. <br \/>Velocidad del procesador: 2,2 GHz. <br \/>Recuento del procesador: 4. <br \/>Tama\u00f1o de RAM: 4 GB. <br \/>Tipo de RAM: DDR4. <br \/>Tama\u00f1o del disco duro: 192 GB. <br \/>Descripci\u00f3n del disco duro: SSD <br \/>Red inal\u00e1mbrica: 2,4 G\/5 G WiFi de doble frecuencia. <br \/>Coprocesador gr\u00e1fico: HD Graphics 500. <br \/>Tipo de conectividad: Bluetooth, Wi-Fi. <\/p>\n<p>Embalaje del producto. <br \/>14.1&#8243; W11 loptop *1 <br \/>1 adaptador de corriente CC 12 V\/2 A. <br \/><\/span>    <br \/> Batteries                                            \u200f                                            :                                            \u200e                                            1 12V batteries required.   <br \/> Product Dimensions                                            \u200f                                            :                                            \u200e                                            32 x 23 x 1.5 cm; 2 kg   <br \/> Manufacturer                                            \u200f                                            :                                            \u200e                                            Morostron   <br \/> ASIN                                            \u200f                                            :                                            \u200e                                            B0DT3VH3VP   <br \/> Item model number                                            \u200f                                            :                                            \u200e                                            LeadBook T15   <br \/> Guaranteed software updates until                                            \u200f                                            :                                            \u200e                                            unknown   <br \/>  Customer reviews:                                                                                            1.0               1.0 out of 5 stars                                  (1)                                              var dpAcrHasRegisteredArcLinkClickAction;                    P.when(&#8216;A&#8217;, &#8216;ready&#8217;).execute(function(A) {                        if (dpAcrHasRegisteredArcLinkClickAction !== true) {                            dpAcrHasRegisteredArcLinkClickAction = true;                            A.declarative(                                &#8216;acrLink-click-metrics&#8217;, &#8216;click&#8217;,                                { \u00aballowLinkDefault\u00bb: true },                                function (event) {                                    if (window.ue) {                                        ue.count(\u00abacrLinkClickCount\u00bb, (ue.count(\u00abacrLinkClickCount\u00bb) || 0) + 1);                                    }                                }                            );                        }                    });                                             P.when(&#8216;A&#8217;, &#8216;cf&#8217;).execute(function(A) {                A.declarative(&#8216;acrStarsLink-click-metrics&#8217;, &#8216;click&#8217;, { \u00aballowLinkDefault\u00bb : true },  function(event){                    if(window.ue) {                        ue.count(\u00abacrStarsLinkWithPopoverClickCount\u00bb, (ue.count(\u00abacrStarsLinkWithPopoverClickCount\u00bb) || 0) + 1);                    }                });            });                          <\/p>\n<p>Configuraci\u00f3n potente: pre-instalado con el \u00faltimo sistema W11, equipado con el procesador Celeron Quad-Core y turbo frecuencia de hasta 2,2 GHz. Este port\u00e1til te brinda una experiencia segura, r\u00e1pida y m\u00e1s eficiente.<\/p>\n\n","protected":false},"excerpt":{"rendered":"<p> Informaci\u00f3n del producto: Nombre del art\u00edculo: Morostron W11 loptop. Modelo del art\u00edculo: blanco. Pilas: 8000<\/p>","protected":false},"featured_media":36309,"comment_status":"open","ping_status":"closed","template":"","meta":[],"product_brand":[],"product_cat":[87],"product_tag":[4028,557,555,569,1126,560,818,4108,703,550,556,2231,10485,6108,4109,4217,554,4828,4035,587,549,548,552,553,551,1214],"class_list":{"0":"post-36308","1":"product","2":"type-product","3":"status-publish","4":"has-post-thumbnail","6":"product_cat-ultrabook","7":"product_tag-bateria","8":"product_tag-best-ultrabook","9":"product_tag-business-ultrabook","10":"product_tag-emmc","11":"product_tag-expansion","12":"product_tag-full","13":"product_tag-ghz","14":"product_tag-hasta","15":"product_tag-ips","16":"product_tag-lightweight-ultrabook","17":"product_tag-long-battery-ultrabook","18":"product_tag-mah","19":"product_tag-morostron","20":"product_tag-ordenador","21":"product_tag-pantalla","22":"product_tag-portatil","23":"product_tag-premium-ultrabook","24":"product_tag-puertos","25":"product_tag-pulgadas","26":"product_tag-ram","27":"product_tag-slim-ultrabook","28":"product_tag-ultrabook","29":"product_tag-ultrabook-14-inch","30":"product_tag-ultrabook-i7","31":"product_tag-ultrabook-with-ssd","32":"product_tag-w11","34":"first","35":"instock","36":"shipping-taxable","37":"product-type-external"},"_links":{"self":[{"href":"https:\/\/comprasyconsejos.store\/en\/wp-json\/wp\/v2\/product\/36308","targetHints":{"allow":["GET"]}}],"collection":[{"href":"https:\/\/comprasyconsejos.store\/en\/wp-json\/wp\/v2\/product"}],"about":[{"href":"https:\/\/comprasyconsejos.store\/en\/wp-json\/wp\/v2\/types\/product"}],"replies":[{"embeddable":true,"href":"https:\/\/comprasyconsejos.store\/en\/wp-json\/wp\/v2\/comments?post=36308"}],"version-history":[{"count":0,"href":"https:\/\/comprasyconsejos.store\/en\/wp-json\/wp\/v2\/product\/36308\/revisions"}],"wp:featuredmedia":[{"embeddable":true,"href":"https:\/\/comprasyconsejos.store\/en\/wp-json\/wp\/v2\/media\/36309"}],"wp:attachment":[{"href":"https:\/\/comprasyconsejos.store\/en\/wp-json\/wp\/v2\/media?parent=36308"}],"wp:term":[{"taxonomy":"product_brand","embeddable":true,"href":"https:\/\/comprasyconsejos.store\/en\/wp-json\/wp\/v2\/product_brand?post=36308"},{"taxonomy":"product_cat","embeddable":true,"href":"https:\/\/comprasyconsejos.store\/en\/wp-json\/wp\/v2\/product_cat?post=36308"},{"taxonomy":"product_tag","embeddable":true,"href":"https:\/\/comprasyconsejos.store\/en\/wp-json\/wp\/v2\/product_tag?post=36308"}],"curies":[{"name":"wp","href":"https:\/\/api.w.org\/{rel}","templated":true}]}}