{"id":36317,"date":"2026-02-28T15:27:42","date_gmt":"2026-02-28T15:27:42","guid":{"rendered":"https:\/\/comprasyconsejos.store\/product\/lenovo-legion-5-gen-10-gaming-laptop-ai-15-1-wqxga-oled-intel-core-i7-13650hx-nvidia-geforce-rtx-5070-32gb-ram-1tb-ssd-wi-fi-7-no-operating-system-spanish-rgb-keyboard-black\/"},"modified":"2026-02-28T15:27:44","modified_gmt":"2026-02-28T15:27:44","slug":"lenovo-legion-5-gen-10-gaming-laptop-ai-15-1-wqxga-oled-intel-core-i7-13650hx-nvidia-geforce-rtx-5070-32gb-ram-1tb-ssd-wi-fi-7-no-operating-system-spanish-rgb-keyboard-black","status":"publish","type":"product","link":"https:\/\/comprasyconsejos.store\/en\/product\/lenovo-legion-5-gen-10-gaming-laptop-ai-15-1-wqxga-oled-intel-core-i7-13650hx-nvidia-geforce-rtx-5070-32gb-ram-1tb-ssd-wi-fi-7-no-operating-system-spanish-rgb-keyboard-black\/","title":{"rendered":"Lenovo Legion 5 Gen 10 Gaming Laptop AI 15.1&#8243; WQXGA OLED (Intel Core i7-13650HX, NVIDIA GeForce RTX 5070, 32GB RAM, 1TB SSD, Wi-Fi 7, No Operating System) Spanish RGB Keyboard \u2013 Black"},"content":{"rendered":"<p>Price: <span style=\"color:#b12704\"><del>\u20ac1,799.00<\/del> - \u20ac1,539.00<\/span><br \/><i><small>(as of Feb 28, 2026 15:27:42 UTC &#8211; <span class=\"wp_automatic_amazon_disclaimer\" title=\"Product prices and availability are accurate as of the date\/time indicated and are subject to change. Any price and availability information displayed on [relevant Amazon Site(s), as applicable] at the time of purchase will apply to the purchase of this product.\">Details<\/span>)<\/small><\/i><\/p>\n<p><a href=\"https:\/\/amazon.es\/dp\/B0F6Y55MWX?tag=man008-21\"><img decoding=\"async\" src=\"https:\/\/valvepress.s3.amazonaws.com\/imgs\/buy_now.png\"><\/a><br \/>\n<\/p>\n<p>                                             From the manufacturer   <\/p>\n<p>                                                                     Lenovo Legion 5i (15&#8243;, 10) &#8211;  Eleva tu juego                                            <img decoding=\"async\" alt=\"Anuncio publicitario del port\u00e1til para juegos Lenovo Legion 5i con efectos de iluminaci\u00f3n morados y azules, con im\u00e1genes del producto y accesorios para juegos.\" src=\"https:\/\/images-na.ssl-images-amazon.com\/images\/G\/01\/x-locale\/common\/grey-pixel.gif\" class=\"a-lazy-loaded\" data-src=\"https:\/\/m.media-amazon.com\/images\/S\/aplus-media-library-service-media\/b145a121-4612-4e5a-9f7e-c747403bf31a.__CR0,0,1464,600_PT0_SX1464_V1___.jpg\"><img decoding=\"async\" alt=\"Anuncio publicitario del port\u00e1til para juegos Lenovo Legion 5i con efectos de iluminaci\u00f3n morados y azules, con im\u00e1genes del producto y accesorios para juegos.\" src=\"https:\/\/m.media-amazon.com\/images\/S\/aplus-media-library-service-media\/b145a121-4612-4e5a-9f7e-c747403bf31a.__CR0,0,1464,600_PT0_SX1464_V1___.jpg\">                                               <\/p>\n<p>                                                                                                       <img decoding=\"async\" alt=\"Pantalla para port\u00e1til para juegos con combinaci\u00f3n de colores oscuros que muestra las especificaciones del producto en texto en espa\u00f1ol sobre un fondo degradado de color rojo p\u00farpura.\" src=\"https:\/\/images-na.ssl-images-amazon.com\/images\/G\/01\/x-locale\/common\/grey-pixel.gif\" class=\"a-lazy-loaded\" data-src=\"https:\/\/m.media-amazon.com\/images\/S\/aplus-media-library-service-media\/afa5369f-4f1b-4926-b823-37796209035b.__CR0,0,1464,600_PT0_SX1464_V1___.jpg\"><img decoding=\"async\" alt=\"Pantalla para port\u00e1til para juegos con combinaci\u00f3n de colores oscuros que muestra las especificaciones del producto en texto en espa\u00f1ol sobre un fondo degradado de color rojo p\u00farpura.\" src=\"https:\/\/m.media-amazon.com\/images\/S\/aplus-media-library-service-media\/afa5369f-4f1b-4926-b823-37796209035b.__CR0,0,1464,600_PT0_SX1464_V1___.jpg\">                                               <\/p>\n<p>                                                                                                                    <img decoding=\"async\" alt=\"aplus content image\" src=\"https:\/\/m.media-amazon.com\/images\/S\/aplus-media-library-service-media\/2065cf0b-c321-4a85-9063-01e5ab5ae8c8.__CR0,0,1464,600_PT0_SX1464_V1___.jpg\">                                                    <img decoding=\"async\" alt=\"Imagen promocional de un port\u00e1til Lenovo que muestra coloridos efectos de iluminaci\u00f3n degradada en el teclado sobre un fondo oscuro con texto superpuesto sobre un dise\u00f1o inteligente.\" src=\"https:\/\/m.media-amazon.com\/images\/S\/aplus-media-library-service-media\/7114bcd0-3a84-4be5-a902-baa8700303b1.__CR0,0,1464,600_PT0_SX1464_V1___.jpg\">                                                    <img decoding=\"async\" alt=\"Configuraci\u00f3n de juego con teclado verde iluminado y pantalla de port\u00e1til en un entorno oscuro, que muestra texto en espa\u00f1ol superpuesto.\" src=\"https:\/\/m.media-amazon.com\/images\/S\/aplus-media-library-service-media\/e0865ab3-dfb0-43d7-9b66-393f9e5cec04.__CR0,0,1464,600_PT0_SX1464_V1___.jpg\">                                                    <img decoding=\"async\" alt=\"Configuraci\u00f3n de juego con efectos de iluminaci\u00f3n de estilo ne\u00f3n azul y texto en espa\u00f1ol sobre c\u00f3mo jugar sin distracciones por ruido, con una pantalla de port\u00e1til en un entorno oscuro.\" src=\"https:\/\/m.media-amazon.com\/images\/S\/aplus-media-library-service-media\/720693ad-06fd-4933-a6bf-8fcedfcadf83.__CR0,0,1464,600_PT0_SX1464_V1___.jpg\">                                                    <img decoding=\"async\" alt=\"Port\u00e1til para juegos que muestra elementos de interfaz azules en la pantalla, que se muestra en un entorno oscuro con iluminaci\u00f3n ambiental. Material de marketing para el software del centro de control de Legion Space.\" src=\"https:\/\/m.media-amazon.com\/images\/S\/aplus-media-library-service-media\/6eeba8c1-5a17-4360-9f0e-39462ceb4da1.__CR0,0,1464,600_PT0_SX1464_V1___.jpg\"><br \/>\n                            1 Intel Core i7-13650HX <\/p>\n<p>                            2 Lenovo AI Engine+  <\/p>\n<p>                            3 NVIDIA GeForce RTX 5070 <\/p>\n<p>                            4 Legion Coldfront: Hyper <\/p>\n<p>                            5 Legion Space <\/p>\n<p>                                                                                                                    <img decoding=\"async\" alt=\"Pantalla port\u00e1til para juegos con tecnolog\u00eda de pantalla OLED, que muestra gr\u00e1ficos de juego vibrantes sobre un fondo oscuro con un teclado RGB visible.\" src=\"https:\/\/m.media-amazon.com\/images\/S\/aplus-media-library-service-media\/f9f395cb-b824-4d81-a289-530142f6e8a3.__CR0,0,1464,600_PT0_SX1464_V1___.jpg\">                                                    <img decoding=\"async\" alt=\"Rat\u00f3n para juegos con iluminaci\u00f3n LED azul sobre fondo oscuro con superposici\u00f3n de texto en espa\u00f1ol, con un dise\u00f1o de perfil delgado.\" src=\"https:\/\/m.media-amazon.com\/images\/S\/aplus-media-library-service-media\/d64d3304-a05a-45c5-8ab3-6110d0e1c4cb.__CR0,0,1464,600_PT0_SX1464_V1___.jpg\">                                                    <img decoding=\"async\" alt=\"aplus content image\" src=\"https:\/\/m.media-amazon.com\/images\/S\/aplus-media-library-service-media\/e54591c7-0115-4883-b892-a28bc987d84f.__CR0,0,1464,600_PT0_SX1464_V1___.jpg\">                                                    <img decoding=\"async\" alt=\"aplus content image\" src=\"https:\/\/m.media-amazon.com\/images\/S\/aplus-media-library-service-media\/368ca835-df00-4eca-a48d-e27cafb55bec.__CR0,0,1464,600_PT0_SX1464_V1___.jpg\">                                                    <img decoding=\"async\" alt=\"aplus content image\" src=\"https:\/\/m.media-amazon.com\/images\/S\/aplus-media-library-service-media\/e2117fcf-8f67-464e-bc49-5776169286e4.__CR0,0,1464,600_PT0_SX1464_V1___.jpg\"><br \/>\n                            1 Pantalla OLED <\/p>\n<p>                            2 Dise\u00f1o din\u00e1mico <\/p>\n<p>                            3 Teclado Legion TrueStrike <\/p>\n<p>                            4 Sonido envolvente <\/p>\n<p>                            5 PC Game Pass <\/p>\n<p>                                                                                                       <img decoding=\"async\" alt=\"Diagrama t\u00e9cnico que muestra los puertos numerados y las ranuras de conexi\u00f3n de un dispositivo negro, con texto de medidas y especificaciones detallado superpuesto.\" src=\"https:\/\/images-na.ssl-images-amazon.com\/images\/G\/01\/x-locale\/common\/grey-pixel.gif\" class=\"a-lazy-loaded\" data-src=\"https:\/\/m.media-amazon.com\/images\/S\/aplus-media-library-service-media\/5c69e86b-f8be-48f5-bc21-4b27da1ef378.__CR0,0,1464,600_PT0_SX1464_V1___.jpg\"><img decoding=\"async\" alt=\"Diagrama t\u00e9cnico que muestra los puertos numerados y las ranuras de conexi\u00f3n de un dispositivo negro, con texto de medidas y especificaciones detallado superpuesto.\" src=\"https:\/\/m.media-amazon.com\/images\/S\/aplus-media-library-service-media\/5c69e86b-f8be-48f5-bc21-4b27da1ef378.__CR0,0,1464,600_PT0_SX1464_V1___.jpg\">                                               <\/p>\n<h3 class=\"a-size-extra-large a-spacing-base a-text-center\"> Especificaciones especiales <\/h3>\n<p>                                                        Procesador                                    Intel Core i7-13650HX de 14 n\u00facleos                                        Categor\u00eda                                     Ordenador port\u00e1til PC con tecnolog\u00eda IA                                        Gr\u00e1ficos                                    NVIDIA GeForce RTX 5070 8 GB                                        Altavoces                                    Altavoces est\u00e9reo, 2 W x2, audio de HARMAN, optimizado con Nahimic Audio                                        C\u00e1mara                                    5.0MP con obturador electr\u00f3nico                                        Micr\u00f3fono                                    2x, Array                                        Bater\u00eda                                    80 Wh                                        Caracter\u00edsticas especiales                                     Chip de IA: LA1                                                         Pantalla                                    OLED WQXGA (2560&#215;1600) de 15,1&#8243;                                        Brillo de pantalla                                     500 nits                                        Tasa de refresco                                    165 Hz                                        Teclado                                    Retroiluminaci\u00f3n RGB de 24 zonas, en espa\u00f1ol                                        Conectividad                                    Wi-Fi 7 + Bluetooth 5.4                                        Puertos est\u00e1ndar                                    2 puertos USB-A (USB 5 Gbps\/USB 3.2 Gen 1), 1x USB-A (USB 5 Gbps \/ USB 3.2 Gen 1), siempre activo, 1x USB-C (USB 10 Gbps \/ USB 3.2 Gen 2), con USB PD 65-100 W y DisplayPort 2.1, 1x USB-C (USB 10 Gbps \/ USB 3.2 Gen 2), con DisplayPort 1.4, 1x HDMI 2.1, hasta 8K\/60Hz, 1 conector combinado para auriculares y micr\u00f3fono (3,5 mm), 1x Ethernet (RJ-45), 1x conector de alimentaci\u00f3n                                        Chip de seguridad                                    Firmware TPM 2.0 habilitado                     <\/p>\n<p> Package Dimensions                                            \u200f                                            :                                            \u200e                                            51.6 x 34.2 x 8.7 cm; 1.9 kg   <br \/> Manufacturer                                            \u200f                                            :                                            \u200e                                            Lenovo   <br \/> ASIN                                            \u200f                                            :                                            \u200e                                            B0F6Y55MWX   <br \/> Item model number                                            \u200f                                            :                                            \u200e                                            Legion 5 15IRX10   <br \/> Country of origin                                            \u200f                                            :                                            \u200e                                            China   <br \/> Guaranteed software updates until                                            \u200f                                            :                                            \u200e                                            unknown   <br \/>  Customer reviews:                                                                                            4.4               4.4 out of 5 stars                                  (38)                                              var dpAcrHasRegisteredArcLinkClickAction;                    P.when(&#8216;A&#8217;, &#8216;ready&#8217;).execute(function(A) {                        if (dpAcrHasRegisteredArcLinkClickAction !== true) {                            dpAcrHasRegisteredArcLinkClickAction = true;                            A.declarative(                                &#8216;acrLink-click-metrics&#8217;, &#8216;click&#8217;,                                { \u00aballowLinkDefault\u00bb: true },                                function (event) {                                    if (window.ue) {                                        ue.count(\u00abacrLinkClickCount\u00bb, (ue.count(\u00abacrLinkClickCount\u00bb) || 0) + 1);                                    }                                }                            );                        }                    });                                             P.when(&#8216;A&#8217;, &#8216;cf&#8217;).execute(function(A) {                A.declarative(&#8216;acrStarsLink-click-metrics&#8217;, &#8216;click&#8217;, { \u00aballowLinkDefault\u00bb : true },  function(event){                    if(window.ue) {                        ue.count(\u00abacrStarsLinkWithPopoverClickCount\u00bb, (ue.count(\u00abacrStarsLinkWithPopoverClickCount\u00bb) || 0) + 1);                    }                });            });                          <\/p>\n<p>Performance without limits: Enjoy top-tier gaming and productivity with Intel Core i7-13650HX and NVIDIA GeForce RTX 5070, boosting AI performance, enhancing your experience<br \/>Hyper-Real Images: The 15.1&#8243; OLED display, fast 165Hz refresh rate, 500 nits brightness and 100% DCI-P3 color gamut will amaze you with crisp, fluid images<br \/>EXPERIENCE QUIET GAMING &#8211; Hyper keeps your system cool with turbo fans, 3D heat ducts, and AI adjustment while Acoustic AI Sound Sync gives you uninterrupted performance<br \/>SMART DESIGN &#8211; Lenovo AI Engine+ lets you boost FPS, stream fluently, and explore any project with Lenovo AI Engine+ powered by Lenovo AI Core (LA1)<br \/>Power your game: Legion Space gives you AI-based multi-device experiences, device settings, viewing game libraries, access to exclusive deals, and connecting Legion accessories all in one place<\/p>\n\n","protected":false},"excerpt":{"rendered":"<p> From the manufacturer Lenovo Legion 5i (15&#8243;, 10) &#8211; Eleva tu juego 1 Intel Core<\/p>","protected":false},"featured_media":36318,"comment_status":"open","ping_status":"closed","template":"","meta":[],"product_brand":[],"product_cat":[84],"product_tag":[602,902,496,498,497,307,698,617,620,855,10487,562,518,159,5271,1054,502,503,504,499,500,501,505,821,884,4444,587,885,621,5273,513,1578,543,4036],"class_list":{"0":"post-36317","1":"product","2":"type-product","3":"status-publish","4":"has-post-thumbnail","6":"product_cat-apple-macbook","7":"product_tag-1tb","8":"product_tag-32gb","9":"product_tag-apple-macbook","10":"product_tag-apple-macbook-air","11":"product_tag-apple-macbook-pro","12":"product_tag-black","13":"product_tag-core","14":"product_tag-gaming","15":"product_tag-geforce","16":"product_tag-gen","17":"product_tag-i713650hx","18":"product_tag-intel","19":"product_tag-keyboard","20":"product_tag-laptop","21":"product_tag-legion","22":"product_tag-lenovo","23":"product_tag-macbook-13-inch","24":"product_tag-macbook-15-inch","25":"product_tag-macbook-16-inch","26":"product_tag-macbook-m1","27":"product_tag-macbook-m2","28":"product_tag-macbook-m3","29":"product_tag-macbook-price","30":"product_tag-nvidia","31":"product_tag-oled","32":"product_tag-operating","33":"product_tag-ram","34":"product_tag-rgb","35":"product_tag-rtx","36":"product_tag-spanish","37":"product_tag-ssd","38":"product_tag-system","39":"product_tag-wifi","40":"product_tag-wqxga","42":"first","43":"instock","44":"sale","45":"shipping-taxable","46":"product-type-external"},"_links":{"self":[{"href":"https:\/\/comprasyconsejos.store\/en\/wp-json\/wp\/v2\/product\/36317","targetHints":{"allow":["GET"]}}],"collection":[{"href":"https:\/\/comprasyconsejos.store\/en\/wp-json\/wp\/v2\/product"}],"about":[{"href":"https:\/\/comprasyconsejos.store\/en\/wp-json\/wp\/v2\/types\/product"}],"replies":[{"embeddable":true,"href":"https:\/\/comprasyconsejos.store\/en\/wp-json\/wp\/v2\/comments?post=36317"}],"version-history":[{"count":0,"href":"https:\/\/comprasyconsejos.store\/en\/wp-json\/wp\/v2\/product\/36317\/revisions"}],"wp:featuredmedia":[{"embeddable":true,"href":"https:\/\/comprasyconsejos.store\/en\/wp-json\/wp\/v2\/media\/36318"}],"wp:attachment":[{"href":"https:\/\/comprasyconsejos.store\/en\/wp-json\/wp\/v2\/media?parent=36317"}],"wp:term":[{"taxonomy":"product_brand","embeddable":true,"href":"https:\/\/comprasyconsejos.store\/en\/wp-json\/wp\/v2\/product_brand?post=36317"},{"taxonomy":"product_cat","embeddable":true,"href":"https:\/\/comprasyconsejos.store\/en\/wp-json\/wp\/v2\/product_cat?post=36317"},{"taxonomy":"product_tag","embeddable":true,"href":"https:\/\/comprasyconsejos.store\/en\/wp-json\/wp\/v2\/product_tag?post=36317"}],"curies":[{"name":"wp","href":"https:\/\/api.w.org\/{rel}","templated":true}]}}