{"id":36326,"date":"2026-02-28T16:49:04","date_gmt":"2026-02-28T16:49:04","guid":{"rendered":"https:\/\/comprasyconsejos.store\/product\/1-paquete-de-bateria-de-vuelo-inteligente-mini-3-de-3850-mah-51-minutos-de-tiempo-de-vuelo-maximo-bateria-de-repuesto-para-mini-4-pro-compatible-con-dji-mini-4-promini-3-promini-3\/"},"modified":"2026-02-28T16:49:05","modified_gmt":"2026-02-28T16:49:05","slug":"1-paquete-de-bateria-de-vuelo-inteligente-mini-3-de-3850-mah-51-minutos-de-tiempo-de-vuelo-maximo-bateria-de-repuesto-para-mini-4-pro-compatible-con-dji-mini-4-promini-3-promini-3","status":"publish","type":"product","link":"https:\/\/comprasyconsejos.store\/en\/product\/1-paquete-de-bateria-de-vuelo-inteligente-mini-3-de-3850-mah-51-minutos-de-tiempo-de-vuelo-maximo-bateria-de-repuesto-para-mini-4-pro-compatible-con-dji-mini-4-promini-3-promini-3\/","title":{"rendered":"1 paquete de bater\u00eda de vuelo inteligente Mini 3 de 3850 mAh (51 minutos de tiempo de vuelo m\u00e1ximo) Bater\u00eda de repuesto para Mini 4 Pro Compatible con DJI Mini 4 Pro,Mini 3 Pro,Mini 3"},"content":{"rendered":"<p>Price: <span style=\"color:#b12704\">\u20ac65.00<\/span><br \/><i><small>(as of Feb 28, 2026 16:49:04 UTC &#8211; <span class=\"wp_automatic_amazon_disclaimer\" title=\"Product prices and availability are accurate as of the date\/time indicated and are subject to change. Any price and availability information displayed on [relevant Amazon Site(s), as applicable] at the time of purchase will apply to the purchase of this product.\">Details<\/span>)<\/small><\/i><\/p>\n<p><a href=\"https:\/\/amazon.es\/dp\/B0DYP2KTBJ?tag=man008-21\"><img decoding=\"async\" src=\"https:\/\/valvepress.s3.amazonaws.com\/imgs\/buy_now.png\"><\/a><br \/>\n<\/p>\n<p>                                             Product Description   <\/p>\n<p>                                                                             <img decoding=\"async\" alt=\"aplus content image\" src=\"https:\/\/images-na.ssl-images-amazon.com\/images\/G\/01\/x-locale\/common\/grey-pixel.gif\" class=\"a-spacing-base a-lazy-loaded\" data-src=\"https:\/\/m.media-amazon.com\/images\/S\/aplus-media-library-service-media\/17bbab06-c5fa-427b-aed7-223ce53614ee.__CR0,0,970,600_PT0_SX970_V1___.png\"><img decoding=\"async\" alt=\"aplus content image\" src=\"https:\/\/m.media-amazon.com\/images\/S\/aplus-media-library-service-media\/17bbab06-c5fa-427b-aed7-223ce53614ee.__CR0,0,970,600_PT0_SX970_V1___.png\">                                                                    <\/p>\n<p>                                                                             <img decoding=\"async\" alt=\"aplus content image\" src=\"https:\/\/images-na.ssl-images-amazon.com\/images\/G\/01\/x-locale\/common\/grey-pixel.gif\" class=\"a-spacing-base a-lazy-loaded\" data-src=\"https:\/\/m.media-amazon.com\/images\/S\/aplus-media-library-service-media\/296f1dec-224c-44d3-9464-e61cb547dd04.__CR0,0,970,600_PT0_SX970_V1___.png\"><img decoding=\"async\" alt=\"aplus content image\" src=\"https:\/\/m.media-amazon.com\/images\/S\/aplus-media-library-service-media\/296f1dec-224c-44d3-9464-e61cb547dd04.__CR0,0,970,600_PT0_SX970_V1___.png\">                                                                    <\/p>\n<p>                                                                             <img decoding=\"async\" alt=\"aplus content image\" src=\"https:\/\/images-na.ssl-images-amazon.com\/images\/G\/01\/x-locale\/common\/grey-pixel.gif\" class=\"a-spacing-base a-lazy-loaded\" data-src=\"https:\/\/m.media-amazon.com\/images\/S\/aplus-media-library-service-media\/1451b12f-5745-4474-a738-eafd1e4a8ea4.__CR0,0,970,600_PT0_SX970_V1___.png\"><img decoding=\"async\" alt=\"aplus content image\" src=\"https:\/\/m.media-amazon.com\/images\/S\/aplus-media-library-service-media\/1451b12f-5745-4474-a738-eafd1e4a8ea4.__CR0,0,970,600_PT0_SX970_V1___.png\">                                                                    <\/p>\n<p>                                                                             <img decoding=\"async\" alt=\"aplus content image\" src=\"https:\/\/images-na.ssl-images-amazon.com\/images\/G\/01\/x-locale\/common\/grey-pixel.gif\" class=\"a-spacing-base a-lazy-loaded\" data-src=\"https:\/\/m.media-amazon.com\/images\/S\/aplus-media-library-service-media\/a224df4a-36d4-4000-bf37-bc2e49f16b8e.__CR0,0,970,600_PT0_SX970_V1___.png\"><img decoding=\"async\" alt=\"aplus content image\" src=\"https:\/\/m.media-amazon.com\/images\/S\/aplus-media-library-service-media\/a224df4a-36d4-4000-bf37-bc2e49f16b8e.__CR0,0,970,600_PT0_SX970_V1___.png\">                                                                    <\/p>\n<p>                                                                                                                                                                                                    Capacit\u00e0 nominale                                    7.38V,3850mAh,28.41Wh                                        Tipo di batteria                                    Polimeri di litio                                        Compatibilit\u00e0                                    DJI Mini 4 Pro,Mini 3 Pro,Mini 3                                        Contenuto della confezione                                    Batteria x1                  <\/p>\n<p>                         Add To Basket  <\/p>\n<p>                         Add To Basket  <\/p>\n<p>                             Customer Reviews  <\/p>\n<p>                    4.3 out of 5 stars  46  <\/p>\n<p>                    4.5 out of 5 stars  34  <\/p>\n<p>                             Price  <\/p>\n<p>                                    \u20ac129.99\u20ac129.99                  \u20ac148.45\u20ac148.45                    <\/p>\n<p>                             Capacit\u00e0 nominale<br \/>\n                                3850mAh               3850mAh                    <\/p>\n<p>                             Compatibilit\u00e0<br \/>\n                                DJI Mini 4 Pro,Mini 3 Pro,Mini 3               DJI Mini 4 Pro,Mini 3 Pro,Mini 3                    <\/p>\n<p>                             Contenuto della confezione<br \/>\n                                Batteria x2               Batteria x2+caricatore x1                    <\/p>\n<p> Batteries                                            \u200f                                            :                                            \u200e                                            1 AA batteries required. (included)   <br \/> Product Dimensions                                            \u200f                                            :                                            \u200e                                            5.85 x 3 x 8.5 cm; 150 g   <br \/> Manufacturer                                            \u200f                                            :                                            \u200e                                            ShenZhen JiaHengTongChuang Electronic Technology Co.,Ltd   <br \/> ASIN                                            \u200f                                            :                                            \u200e                                            B0DYP2KTBJ   <br \/> Guaranteed software updates until                                            \u200f                                            :                                            \u200e                                            unknown   <br \/>  Customer reviews:                                                                                            4.2               4.2 out of 5 stars                                  (65)                                              var dpAcrHasRegisteredArcLinkClickAction;                    P.when(&#8216;A&#8217;, &#8216;ready&#8217;).execute(function(A) {                        if (dpAcrHasRegisteredArcLinkClickAction !== true) {                            dpAcrHasRegisteredArcLinkClickAction = true;                            A.declarative(                                &#8216;acrLink-click-metrics&#8217;, &#8216;click&#8217;,                                { \u00aballowLinkDefault\u00bb: true },                                function (event) {                                    if (window.ue) {                                        ue.count(\u00abacrLinkClickCount\u00bb, (ue.count(\u00abacrLinkClickCount\u00bb) || 0) + 1);                                    }                                }                            );                        }                    });                                             P.when(&#8216;A&#8217;, &#8216;cf&#8217;).execute(function(A) {                A.declarative(&#8216;acrStarsLink-click-metrics&#8217;, &#8216;click&#8217;, { \u00aballowLinkDefault\u00bb : true },  function(event){                    if(window.ue) {                        ue.count(\u00abacrStarsLinkWithPopoverClickCount\u00bb, (ue.count(\u00abacrStarsLinkWithPopoverClickCount\u00bb) || 0) + 1);                    }                });            });                          <\/p>\n<p>FULLY COMPATIBLE &#8211; PoweLyt Mini 3 smart flight battery is fully compatible with DJI Mini 3, Mini 3 Pro, Mini 4 Pro drone, allowing you to fly without worry.<br \/>Battery specifications: battery type: polymer lithium-ion battery. Rated capacity: 3850mAh Rated Voltage: 7.38V Battery weight: about 130g<br \/>EXCELLENT ENDURANCE &#8211; With a capacity of up to 3850mAh, this battery has excellent performance and can significantly increase the drone&#8217;s endurance, providing up to about 47 minutes of flight time for the Mini 3 Pro and up to about 51 minutes of flight time for the Mini 3. Note: Actual flight time is affected by temperature, wind speed and other weather factors.<br \/>Safe &#038; Reliable Made of high-quality battery cells with multiple built-in protection mechanisms, including over-discharge, over-voltage, over-current, over-charge, and short-circuit protection, which have been extensively tested and certified to ensure safe use.<br \/>Package Content:1 x Mini 3\/Mini 3 Pro\/Mini 4 Pro Smart Flight Battery<\/p>\n\n","protected":false},"excerpt":{"rendered":"<p> Product Description Capacit\u00e0 nominale 7.38V,3850mAh,28.41Wh Tipo di batteria Polimeri di litio Compatibilit\u00e0 DJI Mini 4<\/p>","protected":false},"featured_media":36327,"comment_status":"open","ping_status":"closed","template":"","meta":[],"product_brand":[],"product_cat":[98],"product_tag":[4028,2845,201,3994,2358,2854,2852,2855,2853,2842,2844,2848,2846,2850,2838,2849,2839,2840,2843,4430,2231,9191,215,2851,4433,6038,3954,163,1215,2841,2847,6102,4030,4429],"class_list":{"0":"post-36326","1":"product","2":"type-product","3":"status-publish","4":"has-post-thumbnail","6":"product_cat-drones","7":"product_tag-bateria","8":"product_tag-beginner-drone","9":"product_tag-compatible","10":"product_tag-con","11":"product_tag-dji","12":"product_tag-dji-drone","13":"product_tag-dji-mavic","14":"product_tag-dji-mini-2","15":"product_tag-drone","16":"product_tag-drone-accessories","17":"product_tag-drone-battery","18":"product_tag-drone-gimbal","19":"product_tag-drone-propellers","20":"product_tag-drone-spare-parts","21":"product_tag-drone-with-camera","22":"product_tag-drones-under-200","23":"product_tag-foldable-drone","24":"product_tag-fpv-drone","25":"product_tag-hd-drone","26":"product_tag-inteligente","27":"product_tag-mah","28":"product_tag-maximo","29":"product_tag-mini","30":"product_tag-mini-drone","31":"product_tag-minutos","32":"product_tag-paquete","33":"product_tag-para","34":"product_tag-pro","35":"product_tag-promini","36":"product_tag-quadcopter","37":"product_tag-remote-control-drone","38":"product_tag-repuesto","39":"product_tag-tiempo","40":"product_tag-vuelo","42":"first","43":"instock","44":"shipping-taxable","45":"product-type-external"},"_links":{"self":[{"href":"https:\/\/comprasyconsejos.store\/en\/wp-json\/wp\/v2\/product\/36326","targetHints":{"allow":["GET"]}}],"collection":[{"href":"https:\/\/comprasyconsejos.store\/en\/wp-json\/wp\/v2\/product"}],"about":[{"href":"https:\/\/comprasyconsejos.store\/en\/wp-json\/wp\/v2\/types\/product"}],"replies":[{"embeddable":true,"href":"https:\/\/comprasyconsejos.store\/en\/wp-json\/wp\/v2\/comments?post=36326"}],"version-history":[{"count":0,"href":"https:\/\/comprasyconsejos.store\/en\/wp-json\/wp\/v2\/product\/36326\/revisions"}],"wp:featuredmedia":[{"embeddable":true,"href":"https:\/\/comprasyconsejos.store\/en\/wp-json\/wp\/v2\/media\/36327"}],"wp:attachment":[{"href":"https:\/\/comprasyconsejos.store\/en\/wp-json\/wp\/v2\/media?parent=36326"}],"wp:term":[{"taxonomy":"product_brand","embeddable":true,"href":"https:\/\/comprasyconsejos.store\/en\/wp-json\/wp\/v2\/product_brand?post=36326"},{"taxonomy":"product_cat","embeddable":true,"href":"https:\/\/comprasyconsejos.store\/en\/wp-json\/wp\/v2\/product_cat?post=36326"},{"taxonomy":"product_tag","embeddable":true,"href":"https:\/\/comprasyconsejos.store\/en\/wp-json\/wp\/v2\/product_tag?post=36326"}],"curies":[{"name":"wp","href":"https:\/\/api.w.org\/{rel}","templated":true}]}}