{"id":36338,"date":"2026-02-28T17:41:31","date_gmt":"2026-02-28T17:41:31","guid":{"rendered":"https:\/\/comprasyconsejos.store\/product\/displayport-1-4-cable-3mnylon-braided-connectors-dp-cable-support-8k60hz-4k144hz-120hz2k240hz-165hz-g-syncfreesync-32-4gbit-s-hdr10-hdcp-2-2-displayport-cable-for-gaming-monitor\/"},"modified":"2026-02-28T17:41:35","modified_gmt":"2026-02-28T17:41:35","slug":"displayport-1-4-cable-3mnylon-braided-connectors-dp-cable-support-8k60hz-4k144hz-120hz2k240hz-165hz-g-syncfreesync-32-4gbit-s-hdr10-hdcp-2-2-displayport-cable-for-gaming-monitor","status":"publish","type":"product","link":"https:\/\/comprasyconsejos.store\/en\/product\/displayport-1-4-cable-3mnylon-braided-connectors-dp-cable-support-8k60hz-4k144hz-120hz2k240hz-165hz-g-syncfreesync-32-4gbit-s-hdr10-hdcp-2-2-displayport-cable-for-gaming-monitor\/","title":{"rendered":"DisplayPort 1.4 Cable 3M,Nylon Braided Connectors DP Cable Support 8K@60Hz 4K@144Hz\/120Hz,2K@240Hz\/165Hz G-Sync&#038;FreeSync\/32.4Gbit\/s\/HDR10\/HDCP 2.2 DisplayPort Cable for Gaming Monitor"},"content":{"rendered":"<p>Price: <span style=\"color:#b12704\">\u20ac7.59<\/span><br \/><i><small>(as of Feb 28, 2026 17:41:31 UTC &#8211; <span class=\"wp_automatic_amazon_disclaimer\" title=\"Product prices and availability are accurate as of the date\/time indicated and are subject to change. Any price and availability information displayed on [relevant Amazon Site(s), as applicable] at the time of purchase will apply to the purchase of this product.\">Details<\/span>)<\/small><\/i><\/p>\n<p><a href=\"https:\/\/amazon.es\/dp\/B0D4LX6Q8C?tag=man008-21\"><img decoding=\"async\" src=\"https:\/\/valvepress.s3.amazonaws.com\/imgs\/buy_now.png\"><\/a><br \/>\n<\/p>\n<p>                                             From the brand   <\/p>\n<p>                                              <img decoding=\"async\" alt=\" lalasis\" src=\"https:\/\/images-na.ssl-images-amazon.com\/images\/G\/01\/x-locale\/common\/grey-pixel.gif\" class=\"a-lazy-loaded\" data-src=\"https:\/\/m.media-amazon.com\/images\/S\/aplus-media-library-service-media\/9052b6c3-f943-4225-a7b1-a29935ddc62d.__CR0,0,1464,625_PT0_SX1464_V1___.jpg\"><img decoding=\"async\" alt=\" lalasis\" src=\"https:\/\/m.media-amazon.com\/images\/S\/aplus-media-library-service-media\/9052b6c3-f943-4225-a7b1-a29935ddc62d.__CR0,0,1464,625_PT0_SX1464_V1___.jpg\">  <\/p>\n<p>                                              <img decoding=\"async\" alt=\"\" src=\"https:\/\/images-na.ssl-images-amazon.com\/images\/G\/01\/x-locale\/common\/grey-pixel.gif\" class=\"a-lazy-loaded\" data-src=\"https:\/\/m.media-amazon.com\/images\/S\/aplus-media-library-service-media\/67984df2-e3de-4081-b3b7-e9974b0cfbd8.__CR0,0,315,145_PT0_SX315_V1___.jpg\"><img decoding=\"async\" alt=\"\" src=\"https:\/\/m.media-amazon.com\/images\/S\/aplus-media-library-service-media\/67984df2-e3de-4081-b3b7-e9974b0cfbd8.__CR0,0,315,145_PT0_SX315_V1___.jpg\">  <\/p>\n<p>lalasis Siempre hemos estado creando accesorios y electr\u00f3nica de consumo. Comprometidos con la creaci\u00f3n de productos duraderos y de alta calidad, prestamos atenci\u00f3n a cada detalle, desde la selecci\u00f3n de materiales hasta la apariencia del producto.Adem\u00e1s, estamos comprometidos a brindar a los clientes productos de alta calidad, dise\u00f1os amigables y servicios de primera clase.     <\/p>\n<h3> m\u00e1s popular <\/h3>\n<h3> Recomendado para ti <\/h3>\n<h3> Recomendado para ti <\/h3>\n<p> Package Dimensions                                            \u200f                                            :                                            \u200e                                            23.5 x 15.3 x 1.6 cm; 100 g   <br \/> Date First Available                                            \u200f                                            :                                            \u200e                                            20 May 2024   <br \/> Manufacturer                                            \u200f                                            :                                            \u200e                                            Dongguan Pengqiao Photoelectric Technology Co.,Ltd.   <br \/> ASIN                                            \u200f                                            :                                            \u200e                                            B0D4LX6Q8C   <br \/> Item model number                                            \u200f                                            :                                            \u200e                                            RM-DP1.4   <br \/> Country of origin                                            \u200f                                            :                                            \u200e                                            China   <br \/>       Best Sellers Rank:  210 in DisplayPort Cables       <br \/>  Customer reviews:                                                                                            4.6               4.6 out of 5 stars                                  (148)                                              var dpAcrHasRegisteredArcLinkClickAction;                    P.when(&#8216;A&#8217;, &#8216;ready&#8217;).execute(function(A) {                        if (dpAcrHasRegisteredArcLinkClickAction !== true) {                            dpAcrHasRegisteredArcLinkClickAction = true;                            A.declarative(                                &#8216;acrLink-click-metrics&#8217;, &#8216;click&#8217;,                                { \u00aballowLinkDefault\u00bb: true },                                function (event) {                                    if (window.ue) {                                        ue.count(\u00abacrLinkClickCount\u00bb, (ue.count(\u00abacrLinkClickCount\u00bb) || 0) + 1);                                    }                                }                            );                        }                    });                                             P.when(&#8216;A&#8217;, &#8216;cf&#8217;).execute(function(A) {                A.declarative(&#8216;acrStarsLink-click-metrics&#8217;, &#8216;click&#8217;, { \u00aballowLinkDefault\u00bb : true },  function(event){                    if(window.ue) {                        ue.count(\u00abacrStarsLinkWithPopoverClickCount\u00bb, (ue.count(\u00abacrStarsLinkWithPopoverClickCount\u00bb) || 0) + 1);                    }                });            });                          <\/p>\n<p>\u3010DisplayPort 1.4 Cable\u3011The DisplayPort 1.4 cable supports transmission speeds up to 32.4Gbps bandwidth, refresh rates up to 8K@60Hz,5K@60Hz,4K@144Hz,4K@60Hz,2K@240Hz,2K@165Hz,backward compatible with DisplayPort 1.3\/1.1. 2\/1.1 . Applicable for the latest SAMSUNG Odyssey G9 &#038; G7 49 inch monitors.<br \/>\u3010Plug and Play and Wide Compatibility\u3011The DisplayPort cable is plug-and-play, simply connect your DisplayPort equipped desktop\/laptop directly to your DisplayPort-equipped HDTV\/display\/projector, compatible with Samsung,Dell,LG,HP,Acer displays. . Supports DP,DP++ and DisplayPort++,supports RTX 4090-2060 GTX 1660-980,AMD RX 6900 XT-5500 XT RX 590,etc.<br \/>\u3010Ultra HD 8K@60Hz\u3011DisplayPort cable resolution is up to 8K(7680&#215;4320)@60Hz,4K(3840&#215;2160)@144Hz and 2K@165Hz stable transmission, high speed transmission without signal loss, HDR 4:4:4 color format, ideal for large-scale FPS. Ultra high definition games and video games HD video streaming. With the high refresh rate of 4K@144Hz and 2K@240Hz, you can clearly perceive the enemy&#8217;s movements.<br \/>\u3010Excellent Anti-Interference Ability\u301130AWG tinned copper DisplayPort cable ensures uninterrupted transmission. The high-quality aluminum alloy housing is durable and the DisplayPort 1.4 cable can transmit stable audio and video signals. Metal connectors won&#8217;t degrade or become less conductive over time and there&#8217;s no risk of the coating coming off, giving you a durable DisplayPort to DisplayPort cable.<br \/>\u3010Super High Quality Material\u3011High quality nylon braided jacket Tested to over 30,000 bends, the sturdy nylon braided material and metal connectors of the 3m DisplayPort cable ensure superior durability and functionality under heavy use, giving you a durable DisplayPort to DisplayPort cable for superior audio and video transmission. If you have any questions, please feel free to contact us.<\/p>\n\n","protected":false},"excerpt":{"rendered":"<p> From the brand lalasis Siempre hemos estado creando accesorios y electr\u00f3nica de consumo. Comprometidos con<\/p>","protected":false},"featured_media":36339,"comment_status":"open","ping_status":"closed","template":"","meta":[],"product_brand":[],"product_cat":[69],"product_tag":[10494,10495,2063,220,182,2047,3774,1099,2044,617,10496,2052,2037,844,2054,2046,2049,1098,2050,2042,2040],"class_list":{"0":"post-36338","1":"product","2":"type-product","3":"status-publish","4":"has-post-thumbnail","6":"product_cat-cables-adapters","7":"product_tag-3mnylon","8":"product_tag-4k144hz120hz2k240hz165hz","9":"product_tag-8k60hz","10":"product_tag-braided","11":"product_tag-cable","12":"product_tag-charging-cable","13":"product_tag-connectors","14":"product_tag-displayport","15":"product_tag-displayport-cable","16":"product_tag-gaming","17":"product_tag-gsyncfreesync32-4gbitshdr10hdcp","18":"product_tag-hdmi-adapter","19":"product_tag-hdmi-cable","20":"product_tag-monitor","21":"product_tag-multiport-adapter","22":"product_tag-network-cable","23":"product_tag-power-cable","24":"product_tag-support","25":"product_tag-usb-adapter","26":"product_tag-usb-c-cable","27":"product_tag-usb-cable","29":"first","30":"instock","31":"shipping-taxable","32":"product-type-external"},"_links":{"self":[{"href":"https:\/\/comprasyconsejos.store\/en\/wp-json\/wp\/v2\/product\/36338","targetHints":{"allow":["GET"]}}],"collection":[{"href":"https:\/\/comprasyconsejos.store\/en\/wp-json\/wp\/v2\/product"}],"about":[{"href":"https:\/\/comprasyconsejos.store\/en\/wp-json\/wp\/v2\/types\/product"}],"replies":[{"embeddable":true,"href":"https:\/\/comprasyconsejos.store\/en\/wp-json\/wp\/v2\/comments?post=36338"}],"version-history":[{"count":0,"href":"https:\/\/comprasyconsejos.store\/en\/wp-json\/wp\/v2\/product\/36338\/revisions"}],"wp:featuredmedia":[{"embeddable":true,"href":"https:\/\/comprasyconsejos.store\/en\/wp-json\/wp\/v2\/media\/36339"}],"wp:attachment":[{"href":"https:\/\/comprasyconsejos.store\/en\/wp-json\/wp\/v2\/media?parent=36338"}],"wp:term":[{"taxonomy":"product_brand","embeddable":true,"href":"https:\/\/comprasyconsejos.store\/en\/wp-json\/wp\/v2\/product_brand?post=36338"},{"taxonomy":"product_cat","embeddable":true,"href":"https:\/\/comprasyconsejos.store\/en\/wp-json\/wp\/v2\/product_cat?post=36338"},{"taxonomy":"product_tag","embeddable":true,"href":"https:\/\/comprasyconsejos.store\/en\/wp-json\/wp\/v2\/product_tag?post=36338"}],"curies":[{"name":"wp","href":"https:\/\/api.w.org\/{rel}","templated":true}]}}