{"id":36341,"date":"2026-02-28T17:44:20","date_gmt":"2026-02-28T17:44:20","guid":{"rendered":"https:\/\/comprasyconsejos.store\/product\/e02-thermal-camera-superir-ir-resolution-240x240-with-visible-camera-handheld-thermal-imaging-camera-with-laser-pointer20hz-image-rate-20c-to-400c\/"},"modified":"2026-02-28T17:44:23","modified_gmt":"2026-02-28T17:44:23","slug":"e02-thermal-camera-superir-ir-resolution-240x240-with-visible-camera-handheld-thermal-imaging-camera-with-laser-pointer20hz-image-rate-20c-to-400c","status":"publish","type":"product","link":"https:\/\/comprasyconsejos.store\/en\/product\/e02-thermal-camera-superir-ir-resolution-240x240-with-visible-camera-handheld-thermal-imaging-camera-with-laser-pointer20hz-image-rate-20c-to-400c\/","title":{"rendered":"E02 Thermal Camera, SuperIR IR Resolution 240&#215;240 with Visible Camera, Handheld Thermal Imaging Camera with Laser Pointer,20Hz Image Rate, -20\u00b0C to 400\u00b0C"},"content":{"rendered":"<p>Price: <span style=\"color:#b12704\"><del>\u20ac239.00<\/del> - \u20ac194.00<\/span><br \/><i><small>(as of Feb 28, 2026 17:44:20 UTC &#8211; <span class=\"wp_automatic_amazon_disclaimer\" title=\"Product prices and availability are accurate as of the date\/time indicated and are subject to change. Any price and availability information displayed on [relevant Amazon Site(s), as applicable] at the time of purchase will apply to the purchase of this product.\">Details<\/span>)<\/small><\/i><\/p>\n<p><a href=\"https:\/\/amazon.es\/dp\/B0CP99QBVJ?tag=man008-21\"><img decoding=\"async\" src=\"https:\/\/valvepress.s3.amazonaws.com\/imgs\/buy_now.png\"><\/a><br \/>\n<\/p>\n<p>                                             From the brand   <\/p>\n<p>                                              <img decoding=\"async\" alt=\"Visualizaci\u00f3n de c\u00e1maras termogr\u00e1ficas port\u00e1tiles. Varias unidades con pantallas coloridas que muestran se\u00f1ales de calor. Montado sobre un soporte negro con una unidad adicional.\" src=\"https:\/\/images-na.ssl-images-amazon.com\/images\/G\/01\/x-locale\/common\/grey-pixel.gif\" class=\"a-lazy-loaded\" data-src=\"https:\/\/m.media-amazon.com\/images\/S\/aplus-media-library-service-media\/e8e1a07d-f17f-4363-940c-23ca9a06b7d5.__CR0,0,1464,625_PT0_SX1464_V1___.jpg\"><img decoding=\"async\" alt=\"Visualizaci\u00f3n de c\u00e1maras termogr\u00e1ficas port\u00e1tiles. Varias unidades con pantallas coloridas que muestran se\u00f1ales de calor. Montado sobre un soporte negro con una unidad adicional.\" src=\"https:\/\/m.media-amazon.com\/images\/S\/aplus-media-library-service-media\/e8e1a07d-f17f-4363-940c-23ca9a06b7d5.__CR0,0,1464,625_PT0_SX1464_V1___.jpg\">  <\/p>\n<p>                                              <img decoding=\"async\" alt=\"\" src=\"https:\/\/images-na.ssl-images-amazon.com\/images\/G\/01\/x-locale\/common\/grey-pixel.gif\" class=\"a-lazy-loaded\" data-src=\"https:\/\/m.media-amazon.com\/images\/S\/aplus-media-library-service-media\/5c54a816-33b7-49ac-948c-4c451a9e3410.__CR0,0,315,145_PT0_SX315_V1___.png\"><img decoding=\"async\" alt=\"\" src=\"https:\/\/m.media-amazon.com\/images\/S\/aplus-media-library-service-media\/5c54a816-33b7-49ac-948c-4c451a9e3410.__CR0,0,315,145_PT0_SX315_V1___.png\">  <\/p>\n<p> HIKMICRO invierte m\u00e1s del 15% de sus ventas anuales en investigaci\u00f3n y desarrollo y cuenta con un completo sistema interno de dise\u00f1o y fabricaci\u00f3n. Las instalaciones de producci\u00f3n de 10.000 m\u00b2 tienen una capacidad de producci\u00f3n anual de 10.000.000 sensores y 1.500.000 productos t\u00e9rmicos. <\/p>\n<p>                                              <img decoding=\"async\" alt=\"que muestra las estad\u00edsticas de ventas mundiales. El texto dice: \u00abEn marzo de 2025, se vendieron m\u00e1s de 1,7 millones de unidades en todo el mundo con fines de innovaci\u00f3n\u00bb. A continuaci\u00f3n, se muestran \u00abm\u00e1s de 110\u00bb pa\u00edses afectados, con banderas\" src=\"https:\/\/images-na.ssl-images-amazon.com\/images\/G\/01\/x-locale\/common\/grey-pixel.gif\" class=\"a-lazy-loaded\" data-src=\"https:\/\/m.media-amazon.com\/images\/S\/aplus-media-library-service-media\/559907df-ce15-4e30-be37-52843619c9fa.__CR0,0,362,453_PT0_SX362_V1___.jpg\"><img decoding=\"async\" alt=\"que muestra las estad\u00edsticas de ventas mundiales. El texto dice: \u00abEn marzo de 2025, se vendieron m\u00e1s de 1,7 millones de unidades en todo el mundo con fines de innovaci\u00f3n\u00bb. A continuaci\u00f3n, se muestran \u00abm\u00e1s de 110\u00bb pa\u00edses afectados, con banderas\" src=\"https:\/\/m.media-amazon.com\/images\/S\/aplus-media-library-service-media\/559907df-ce15-4e30-be37-52843619c9fa.__CR0,0,362,453_PT0_SX362_V1___.jpg\">  <\/p>\n<p>                                              <img decoding=\"async\" alt=\"Imagen compuesta que muestra logotipos de sitios web y publicaciones relacionados con la tecnolog\u00eda: T&amp;amp;D World, Structure Tech, Digital Camera World, The Gadgeteer\" src=\"https:\/\/images-na.ssl-images-amazon.com\/images\/G\/01\/x-locale\/common\/grey-pixel.gif\" class=\"a-lazy-loaded\" data-src=\"https:\/\/m.media-amazon.com\/images\/S\/aplus-media-library-service-media\/8082bacc-a572-4bb9-975c-8cc2e8d5d617.__CR0,0,362,453_PT0_SX362_V1___.jpg\"><img decoding=\"async\" alt=\"Imagen compuesta que muestra logotipos de sitios web y publicaciones relacionados con la tecnolog\u00eda: T&amp;amp;D World, Structure Tech, Digital Camera World, The Gadgeteer\" src=\"https:\/\/m.media-amazon.com\/images\/S\/aplus-media-library-service-media\/8082bacc-a572-4bb9-975c-8cc2e8d5d617.__CR0,0,362,453_PT0_SX362_V1___.jpg\">  <\/p>\n<h3> Eco Lite Term\u00f3metro <\/h3>\n<p class=\"apm-brand-story-stores-link\">\n<h3> MiniE <\/h3>\n<p>                                              <img decoding=\"async\" alt=\"\" src=\"https:\/\/images-na.ssl-images-amazon.com\/images\/G\/01\/x-locale\/common\/grey-pixel.gif\" class=\"a-lazy-loaded\" data-src=\"https:\/\/m.media-amazon.com\/images\/S\/aplus-media-library-service-media\/ed4c2e5d-c88a-40d7-8d16-2c1197f414ff.__CR50,0,400,500_PT0_SX362_V1___.jpg\"><img decoding=\"async\" alt=\"\" src=\"https:\/\/m.media-amazon.com\/images\/S\/aplus-media-library-service-media\/ed4c2e5d-c88a-40d7-8d16-2c1197f414ff.__CR50,0,400,500_PT0_SX362_V1___.jpg\">  <\/p>\n<h3> D01 <\/h3>\n<h3> SERIE PORT\u00c1TIL <\/h3>\n<p class=\"apm-brand-story-stores-link\">\n<h3> Mini2W <\/h3>\n<p class=\"apm-brand-story-stores-link\">\n<h3> SERIE MINI  <\/h3>\n<p class=\"apm-brand-story-stores-link\">\n<p>                                              <img decoding=\"async\" alt=\"\" src=\"https:\/\/images-na.ssl-images-amazon.com\/images\/G\/01\/x-locale\/common\/grey-pixel.gif\" class=\"a-lazy-loaded\" data-src=\"https:\/\/m.media-amazon.com\/images\/S\/aplus-media-library-service-media\/fb5d4650-519c-49c2-bfad-5b5331fc8c24.__CR0,23,463,579_PT0_SX362_V1___.jpg\"><img decoding=\"async\" alt=\"\" src=\"https:\/\/m.media-amazon.com\/images\/S\/aplus-media-library-service-media\/fb5d4650-519c-49c2-bfad-5b5331fc8c24.__CR0,23,463,579_PT0_SX362_V1___.jpg\">  <\/p>\n<h3> B10S <\/h3>\n<h3> SERIE PORT\u00c1TIL <\/h3>\n<p class=\"apm-brand-story-stores-link\">\n<p>                                              <img decoding=\"async\" alt=\"\" src=\"https:\/\/images-na.ssl-images-amazon.com\/images\/G\/01\/x-locale\/common\/grey-pixel.gif\" class=\"a-lazy-loaded\" data-src=\"https:\/\/m.media-amazon.com\/images\/S\/aplus-media-library-service-media\/cc7ea9ef-20a0-451b-b2e4-dde096236aa7.__CR108,0,863,1080_PT0_SX362_V1___.jpg\"><img decoding=\"async\" alt=\"\" src=\"https:\/\/m.media-amazon.com\/images\/S\/aplus-media-library-service-media\/cc7ea9ef-20a0-451b-b2e4-dde096236aa7.__CR108,0,863,1080_PT0_SX362_V1___.jpg\">  <\/p>\n<h3> PocketC <\/h3>\n<h3> SERIE POCKET <\/h3>\n<p class=\"apm-brand-story-stores-link\">\n<p> Batteries                                            \u200f                                            :                                            \u200e                                            1 Lithium Metal batteries required. (included)   <br \/> Product Dimensions                                            \u200f                                            :                                            \u200e                                            6 x 3 x 2 cm; 400 g   <br \/> Date First Available                                            \u200f                                            :                                            \u200e                                            23 May 2024   <br \/> Manufacturer                                            \u200f                                            :                                            \u200e                                            HIKMICRO   <br \/> ASIN                                            \u200f                                            :                                            \u200e                                            B0CP99QBVJ   <br \/> Item model number                                            \u200f                                            :                                            \u200e                                            E02   <br \/>       Best Sellers Rank:  2,240 in Industrial &#038; Scientific (See Top 100 in Industrial &#038; Scientific)    4 in Thermal Imagers      <br \/>  Customer reviews:                                                                                            4.5               4.5 out of 5 stars                                  (658)                                              var dpAcrHasRegisteredArcLinkClickAction;                    P.when(&#8216;A&#8217;, &#8216;ready&#8217;).execute(function(A) {                        if (dpAcrHasRegisteredArcLinkClickAction !== true) {                            dpAcrHasRegisteredArcLinkClickAction = true;                            A.declarative(                                &#8216;acrLink-click-metrics&#8217;, &#8216;click&#8217;,                                { \u00aballowLinkDefault\u00bb: true },                                function (event) {                                    if (window.ue) {                                        ue.count(\u00abacrLinkClickCount\u00bb, (ue.count(\u00abacrLinkClickCount\u00bb) || 0) + 1);                                    }                                }                            );                        }                    });                                             P.when(&#8216;A&#8217;, &#8216;cf&#8217;).execute(function(A) {                A.declarative(&#8216;acrStarsLink-click-metrics&#8217;, &#8216;click&#8217;, { \u00aballowLinkDefault\u00bb : true },  function(event){                    if(window.ue) {                        ue.count(\u00abacrStarsLinkWithPopoverClickCount\u00bb, (ue.count(\u00abacrStarsLinkWithPopoverClickCount\u00bb) || 0) + 1);                    }                });            });                          <\/p>\n<p>[Enhanced Image Quality] Thanks to HIKMICRO SuperIR image enhancement technology, HIKMICRO E02 infrared camera improves thermal resolution from 96 x 96 (9216 pixels) to 240 x 240 (57600 pixels). The device features a built-in IR camera, 0.3MP visible camera and with a NETD < 50mK, with its 20Hz image rate, you can enjoy a smooth experience during live viewing and image capture.<br \/>[Smarter Inspections with SuperScene] The E02 thermal camera features HIKMICRO&#8217;s SuperScene technology, which uses deep learning to detect issues like water leaks and poor insulation. Designed for beginners, it simplifies inspections and saves time\u2014making home checks faster, easier, and more reliable, even without prior experience.<br \/>[Accurate Temperature Readings] The E02 thermal imager can detect temperature differences as small as 0.05\u2103, and the accuracy of the discrepancy in temperature readings is only \u00b12%. In addition, the thermal imager allows you to adjust the emissivity depending on the material being tested and the distance to the objects, ensuring accurate temperature measurements for various substances such as cement, brick and others.<br \/>[Thermographic Features] (1) The E02 thermal imager offers a wide measurement range from -20\u00b0C to 400\u00b0C. (2) Three-point temperature measurement (center, hot spot, cold spot) quickly displays temperature, and high temperature alarm helps detect uneven areas. (3) Enable blending mode and select the most suitable color palette from four options; you can get clear scene contours for distinct thermal images.<br \/>[Ideal for detecting thermal problems] The HIKMICRO E02 thermal camera is an essential tool for homeowners and handymen. It can detect various thermal anomalies, including lack of insulation, air leaks, water damage, HVAC problems, and automotive, electrical and mechanical failures. The E02 is easy to use and suitable for everyday use.<br \/>[Compact Design &#038; Easy to Use] With a lightweight and compact design, the E02 fits easily into any tool bag. The operation interface is simple and easy to use, and you can easily adjust settings such as picture mode, temperature range, emissivity and distance through the buttons. At the same time, it has a battery life of up to 8 hours, and the built-in 4GB memory card is enough to store 3,000 thermal images.<br \/>[Hassle-free Warranty] 2 years for the battery\/3 years for the whole device\/10 years for the sensor. Lifetime firmware updates and technical support; Local recalibration service after purchase for your convenience. Package Contents: Thermal Camera*1, USB A to USB C Cable*1, Quick Start Guide*1 and Calibration Certificate*1.<\/p>\n\n","protected":false},"excerpt":{"rendered":"<p> From the brand HIKMICRO invierte m\u00e1s del 15% de sus ventas anuales en investigaci\u00f3n y<\/p>","protected":false},"featured_media":36342,"comment_status":"open","ping_status":"closed","template":"","meta":[],"product_brand":[],"product_cat":[67],"product_tag":[4648,10499,10501,2039,681,2045,2034,10497,2490,2043,2038,3128,8477,1978,10500,1794,2196,10498,2053,2035,2036,2033,2041,2048,2728],"class_list":{"0":"post-36341","1":"product","2":"type-product","3":"status-publish","4":"has-post-thumbnail","6":"product_cat-thermal-paste","7":"product_tag-20c","8":"product_tag-240x240","9":"product_tag-400c","10":"product_tag-best-thermal-paste","11":"product_tag-camera","12":"product_tag-cpu-cooling-paste","13":"product_tag-cpu-thermal-paste","14":"product_tag-e02","15":"product_tag-handheld","16":"product_tag-heat-sink-paste","17":"product_tag-high-performance-thermal-paste","18":"product_tag-image","19":"product_tag-imaging","20":"product_tag-laser","21":"product_tag-pointer20hz","22":"product_tag-rate","23":"product_tag-resolution","24":"product_tag-superir","25":"product_tag-thermal","26":"product_tag-thermal-compound","27":"product_tag-thermal-grease","28":"product_tag-thermal-paste","29":"product_tag-thermal-paste-for-gaming-pc","30":"product_tag-thermal-paste-price","31":"product_tag-visible","33":"first","34":"instock","35":"sale","36":"shipping-taxable","37":"product-type-external"},"_links":{"self":[{"href":"https:\/\/comprasyconsejos.store\/en\/wp-json\/wp\/v2\/product\/36341","targetHints":{"allow":["GET"]}}],"collection":[{"href":"https:\/\/comprasyconsejos.store\/en\/wp-json\/wp\/v2\/product"}],"about":[{"href":"https:\/\/comprasyconsejos.store\/en\/wp-json\/wp\/v2\/types\/product"}],"replies":[{"embeddable":true,"href":"https:\/\/comprasyconsejos.store\/en\/wp-json\/wp\/v2\/comments?post=36341"}],"version-history":[{"count":0,"href":"https:\/\/comprasyconsejos.store\/en\/wp-json\/wp\/v2\/product\/36341\/revisions"}],"wp:featuredmedia":[{"embeddable":true,"href":"https:\/\/comprasyconsejos.store\/en\/wp-json\/wp\/v2\/media\/36342"}],"wp:attachment":[{"href":"https:\/\/comprasyconsejos.store\/en\/wp-json\/wp\/v2\/media?parent=36341"}],"wp:term":[{"taxonomy":"product_brand","embeddable":true,"href":"https:\/\/comprasyconsejos.store\/en\/wp-json\/wp\/v2\/product_brand?post=36341"},{"taxonomy":"product_cat","embeddable":true,"href":"https:\/\/comprasyconsejos.store\/en\/wp-json\/wp\/v2\/product_cat?post=36341"},{"taxonomy":"product_tag","embeddable":true,"href":"https:\/\/comprasyconsejos.store\/en\/wp-json\/wp\/v2\/product_tag?post=36341"}],"curies":[{"name":"wp","href":"https:\/\/api.w.org\/{rel}","templated":true}]}}