{"id":36347,"date":"2026-02-28T18:19:47","date_gmt":"2026-02-28T18:19:47","guid":{"rendered":"https:\/\/comprasyconsejos.store\/product\/thermalright-aqua-elite-360-v3-liquid-cpu-cooler-360-rows-cooling-3-x-120mm-pwm-fans-s-fdb-bearings-for-amd-am4-am5-intel-lga1150-1151-1200-2011-1700-1851-cools-ador\/"},"modified":"2026-02-28T18:19:49","modified_gmt":"2026-02-28T18:19:49","slug":"thermalright-aqua-elite-360-v3-liquid-cpu-cooler-360-rows-cooling-3-x-120mm-pwm-fans-s-fdb-bearings-for-amd-am4-am5-intel-lga1150-1151-1200-2011-1700-1851-cools-ador","status":"publish","type":"product","link":"https:\/\/comprasyconsejos.store\/en\/product\/thermalright-aqua-elite-360-v3-liquid-cpu-cooler-360-rows-cooling-3-x-120mm-pwm-fans-s-fdb-bearings-for-amd-am4-am5-intel-lga1150-1151-1200-2011-1700-1851-cools-ador\/","title":{"rendered":"Thermalright AQUA ELITE 360 V3 Liquid CPU Cooler, 360 Rows Cooling, 3 x 120mm PWM Fans, S-FDB Bearings, for AMD\/AM4\/AM5, Intel LGA1150\/1151\/1200\/2011\/1700\/1851, Cools ador"},"content":{"rendered":"<p>Price: <span style=\"color:#b12704\">\u20ac58.39<\/span><br \/><i><small>(as of Feb 28, 2026 18:19:47 UTC &#8211; <span class=\"wp_automatic_amazon_disclaimer\" title=\"Product prices and availability are accurate as of the date\/time indicated and are subject to change. Any price and availability information displayed on [relevant Amazon Site(s), as applicable] at the time of purchase will apply to the purchase of this product.\">Details<\/span>)<\/small><\/i><\/p>\n<p><a href=\"https:\/\/amazon.es\/dp\/B0CCP8J7BF?tag=man008-21\"><img decoding=\"async\" src=\"https:\/\/valvepress.s3.amazonaws.com\/imgs\/buy_now.png\"><\/a><br \/>\n<\/p>\n<p>                                             Product Description   <\/p>\n<p>                                                                             <img decoding=\"async\" alt=\"aqua elite arg v3 - - ordenador todo en uno - -\" src=\"https:\/\/images-na.ssl-images-amazon.com\/images\/G\/01\/x-locale\/common\/grey-pixel.gif\" class=\"a-spacing-base a-lazy-loaded\" data-src=\"https:\/\/m.media-amazon.com\/images\/S\/aplus-media-library-service-media\/8fb43e88-bbb8-430c-8a75-cc1420b2f784.__CR0,0,970,600_PT0_SX970_V1___.jpg\"><img decoding=\"async\" alt=\"aqua elite arg v3 - - ordenador todo en uno - -\" src=\"https:\/\/m.media-amazon.com\/images\/S\/aplus-media-library-service-media\/8fb43e88-bbb8-430c-8a75-cc1420b2f784.__CR0,0,970,600_PT0_SX970_V1___.jpg\">                                                                    <\/p>\n<p>                                                                             <img decoding=\"async\" alt=\"con iluminaci\u00f3n RGB en dise\u00f1o de apertura. El texto alem\u00e1n habla sobre el rendimiento y el dise\u00f1o, y menciona las microaletas y un enfriador grande para la gesti\u00f3n t\u00e9rmica\" src=\"https:\/\/images-na.ssl-images-amazon.com\/images\/G\/01\/x-locale\/common\/grey-pixel.gif\" class=\"a-spacing-base a-lazy-loaded\" data-src=\"https:\/\/m.media-amazon.com\/images\/S\/aplus-media-library-service-media\/ecb2daf4-263f-4e7f-9f3f-01ef0370263b.__CR0,0,970,600_PT0_SX970_V1___.jpg\"><img decoding=\"async\" alt=\"con iluminaci\u00f3n RGB en dise\u00f1o de apertura. El texto alem\u00e1n habla sobre el rendimiento y el dise\u00f1o, y menciona las microaletas y un enfriador grande para la gesti\u00f3n t\u00e9rmica\" src=\"https:\/\/m.media-amazon.com\/images\/S\/aplus-media-library-service-media\/ecb2daf4-263f-4e7f-9f3f-01ef0370263b.__CR0,0,970,600_PT0_SX970_V1___.jpg\">                                                                    <\/p>\n<p>                                                                             <img decoding=\"async\" alt=\"Componente de ordenador cuadrado con iluminaci\u00f3n RGB. El texto indica que es un bloque de agua y un ventilador con iluminaci\u00f3n RGB direccionable, controlable mediante software\" src=\"https:\/\/images-na.ssl-images-amazon.com\/images\/G\/01\/x-locale\/common\/grey-pixel.gif\" class=\"a-spacing-base a-lazy-loaded\" data-src=\"https:\/\/m.media-amazon.com\/images\/S\/aplus-media-library-service-media\/d8184a97-370d-428c-a12d-81dc10d9a992.__CR0,0,970,600_PT0_SX970_V1___.jpg\"><img decoding=\"async\" alt=\"Componente de ordenador cuadrado con iluminaci\u00f3n RGB. El texto indica que es un bloque de agua y un ventilador con iluminaci\u00f3n RGB direccionable, controlable mediante software\" src=\"https:\/\/m.media-amazon.com\/images\/S\/aplus-media-library-service-media\/d8184a97-370d-428c-a12d-81dc10d9a992.__CR0,0,970,600_PT0_SX970_V1___.jpg\">                                                                    <\/p>\n<p>                                                                             <img decoding=\"async\" alt=\"un conjunto de reproductores de CD con un reproductor de CD\" src=\"https:\/\/images-na.ssl-images-amazon.com\/images\/G\/01\/x-locale\/common\/grey-pixel.gif\" class=\"a-spacing-base a-lazy-loaded\" data-src=\"https:\/\/m.media-amazon.com\/images\/S\/aplus-media-library-service-media\/fd6a2717-fafa-445e-983a-a9c842f2b6a4.__CR0,0,970,600_PT0_SX970_V1___.jpg\"><img decoding=\"async\" alt=\"un conjunto de reproductores de CD con un reproductor de CD\" src=\"https:\/\/m.media-amazon.com\/images\/S\/aplus-media-library-service-media\/fd6a2717-fafa-445e-983a-a9c842f2b6a4.__CR0,0,970,600_PT0_SX970_V1___.jpg\">                                                                    <\/p>\n<p>                                                                             <img decoding=\"async\" alt=\"Sistema de refrigeraci\u00f3n para ordenadores con ventiladores RGB y un bloque de agua. Cuenta con coloridos efectos de iluminaci\u00f3n y un dise\u00f1o elegante. Se ve el nombre del producto \u00abAQUA ELITE 360 ARGB V3\" src=\"https:\/\/images-na.ssl-images-amazon.com\/images\/G\/01\/x-locale\/common\/grey-pixel.gif\" class=\"a-spacing-base a-lazy-loaded\" data-src=\"https:\/\/m.media-amazon.com\/images\/S\/aplus-media-library-service-media\/04deef2f-ac94-45b3-98f7-121dd5b7c2e7.__CR0,0,970,600_PT0_SX970_V1___.jpg\"><img decoding=\"async\" alt=\"Sistema de refrigeraci\u00f3n para ordenadores con ventiladores RGB y un bloque de agua. Cuenta con coloridos efectos de iluminaci\u00f3n y un dise\u00f1o elegante. Se ve el nombre del producto \u00abAQUA ELITE 360 ARGB V3\" src=\"https:\/\/m.media-amazon.com\/images\/S\/aplus-media-library-service-media\/04deef2f-ac94-45b3-98f7-121dd5b7c2e7.__CR0,0,970,600_PT0_SX970_V1___.jpg\">                                                                    <\/p>\n<p>                                                                             <img decoding=\"async\" alt=\"el mejor ordenador para tu PC\" src=\"https:\/\/images-na.ssl-images-amazon.com\/images\/G\/01\/x-locale\/common\/grey-pixel.gif\" class=\"a-spacing-base a-lazy-loaded\" data-src=\"https:\/\/m.media-amazon.com\/images\/S\/aplus-media-library-service-media\/4b7b3f78-c932-40d1-b0c0-fa9ce6470d07.__CR0,0,970,600_PT0_SX970_V1___.jpg\"><img decoding=\"async\" alt=\"el mejor ordenador para tu PC\" src=\"https:\/\/m.media-amazon.com\/images\/S\/aplus-media-library-service-media\/4b7b3f78-c932-40d1-b0c0-fa9ce6470d07.__CR0,0,970,600_PT0_SX970_V1___.jpg\">                                                                    <\/p>\n<p> Product Dimensions                                            \u200f                                            :                                            \u200e                                            11.99 x 2.69 x 27 cm; 2.3 kg   <br \/> Manufacturer                                            \u200f                                            :                                            \u200e                                            Thermalright   <br \/> ASIN                                            \u200f                                            :                                            \u200e                                            B0CCP8J7BF   <br \/> Manufacturer reference                                            \u200f                                            :                                            \u200e                                            AE 360 V3-D5   <br \/> Country\/Region of Origin                                            \u200f                                            :                                            \u200e                                            China   <br \/> Guaranteed software updates until                                            \u200f                                            :                                            \u200e                                            unknown   <br \/>  Customer reviews:                                                                                            4.7               4.7 out of 5 stars                                  (106)                                              var dpAcrHasRegisteredArcLinkClickAction;                    P.when(&#8216;A&#8217;, &#8216;ready&#8217;).execute(function(A) {                        if (dpAcrHasRegisteredArcLinkClickAction !== true) {                            dpAcrHasRegisteredArcLinkClickAction = true;                            A.declarative(                                &#8216;acrLink-click-metrics&#8217;, &#8216;click&#8217;,                                { \u00aballowLinkDefault\u00bb: true },                                function (event) {                                    if (window.ue) {                                        ue.count(\u00abacrLinkClickCount\u00bb, (ue.count(\u00abacrLinkClickCount\u00bb) || 0) + 1);                                    }                                }                            );                        }                    });                                             P.when(&#8216;A&#8217;, &#8216;cf&#8217;).execute(function(A) {                A.declarative(&#8216;acrStarsLink-click-metrics&#8217;, &#8216;click&#8217;, { \u00aballowLinkDefault\u00bb : true },  function(event){                    if(window.ue) {                        ue.count(\u00abacrStarsLinkWithPopoverClickCount\u00bb, (ue.count(\u00abacrStarsLinkWithPopoverClickCount\u00bb) || 0) + 1);                    }                });            });                          <\/p>\n<p>\u3010Better Cooling\u3011 The cooler uses the fourth generation of pump head + size 360 rows cold black aluminum heat sink plate + prepared protection mesh water pipe + standard configuration 120mm ARGB fan, to achieve low vibration, high heat dissipation, low evaporation, high service life of the monoblock water cooling unit.<\/p>\n\n","protected":false},"excerpt":{"rendered":"<p> Product Description Product Dimensions \u200f : \u200e 11.99 x 2.69 x 27 cm; 2.3 kg<\/p>","protected":false},"featured_media":36348,"comment_status":"open","ping_status":"closed","template":"","meta":[],"product_brand":[],"product_cat":[66],"product_tag":[1381,10508,2008,10505,10503,3891,2010,1668,989,10507,598,2002,2014,1997,2016,1377,1378,562,2006,10506,677,1999,2023,2012,2004,10504,2025,2017],"class_list":{"0":"post-36347","1":"product","2":"type-product","3":"status-publish","4":"has-post-thumbnail","6":"product_cat-cpu-fan","7":"product_tag-120mm","8":"product_tag-ador","9":"product_tag-amd-cpu-cooler","10":"product_tag-amdam4am5","11":"product_tag-aqua","12":"product_tag-bearings","13":"product_tag-best-cpu-fan","14":"product_tag-cooler","15":"product_tag-cooling","16":"product_tag-cools","17":"product_tag-cpu","18":"product_tag-cpu-air-cooler","19":"product_tag-cpu-cooling-fan","20":"product_tag-cpu-fan","21":"product_tag-cpu-fan-price","22":"product_tag-elite","23":"product_tag-fans","24":"product_tag-intel","25":"product_tag-intel-cpu-fan","26":"product_tag-lga115011511200201117001851","27":"product_tag-liquid","28":"product_tag-processor-fan","29":"product_tag-pwm","30":"product_tag-quiet-cpu-cooler","31":"product_tag-rgb-cpu-cooler","32":"product_tag-rows","33":"product_tag-sfdb","34":"product_tag-thermalright","36":"first","37":"instock","38":"shipping-taxable","39":"product-type-external"},"_links":{"self":[{"href":"https:\/\/comprasyconsejos.store\/en\/wp-json\/wp\/v2\/product\/36347","targetHints":{"allow":["GET"]}}],"collection":[{"href":"https:\/\/comprasyconsejos.store\/en\/wp-json\/wp\/v2\/product"}],"about":[{"href":"https:\/\/comprasyconsejos.store\/en\/wp-json\/wp\/v2\/types\/product"}],"replies":[{"embeddable":true,"href":"https:\/\/comprasyconsejos.store\/en\/wp-json\/wp\/v2\/comments?post=36347"}],"version-history":[{"count":0,"href":"https:\/\/comprasyconsejos.store\/en\/wp-json\/wp\/v2\/product\/36347\/revisions"}],"wp:featuredmedia":[{"embeddable":true,"href":"https:\/\/comprasyconsejos.store\/en\/wp-json\/wp\/v2\/media\/36348"}],"wp:attachment":[{"href":"https:\/\/comprasyconsejos.store\/en\/wp-json\/wp\/v2\/media?parent=36347"}],"wp:term":[{"taxonomy":"product_brand","embeddable":true,"href":"https:\/\/comprasyconsejos.store\/en\/wp-json\/wp\/v2\/product_brand?post=36347"},{"taxonomy":"product_cat","embeddable":true,"href":"https:\/\/comprasyconsejos.store\/en\/wp-json\/wp\/v2\/product_cat?post=36347"},{"taxonomy":"product_tag","embeddable":true,"href":"https:\/\/comprasyconsejos.store\/en\/wp-json\/wp\/v2\/product_tag?post=36347"}],"curies":[{"name":"wp","href":"https:\/\/api.w.org\/{rel}","templated":true}]}}