{"id":36350,"date":"2026-02-28T18:26:37","date_gmt":"2026-02-28T18:26:37","guid":{"rendered":"https:\/\/comprasyconsejos.store\/product\/eyesen-ultra-thin-portable-mobile-film-scanner-with-12inch-x-9inch-led-light-panel-turn-your-negatives-and-35mm-slides-into-digital-photos-with-your-smartphone\/"},"modified":"2026-02-28T18:26:39","modified_gmt":"2026-02-28T18:26:39","slug":"eyesen-ultra-thin-portable-mobile-film-scanner-with-12inch-x-9inch-led-light-panel-turn-your-negatives-and-35mm-slides-into-digital-photos-with-your-smartphone","status":"publish","type":"product","link":"https:\/\/comprasyconsejos.store\/en\/product\/eyesen-ultra-thin-portable-mobile-film-scanner-with-12inch-x-9inch-led-light-panel-turn-your-negatives-and-35mm-slides-into-digital-photos-with-your-smartphone\/","title":{"rendered":"eyesen Ultra-thin Portable Mobile Film Scanner with 12inch x 9inch LED Light Panel, Turn Your Negatives and 35mm Slides into Digital Photos with Your Smartphone"},"content":{"rendered":"<p>Price: <span style=\"color:#b12704\">\u20ac22.99<\/span><br \/><i><small>(as of Feb 28, 2026 18:26:37 UTC &#8211; <span class=\"wp_automatic_amazon_disclaimer\" title=\"Product prices and availability are accurate as of the date\/time indicated and are subject to change. Any price and availability information displayed on [relevant Amazon Site(s), as applicable] at the time of purchase will apply to the purchase of this product.\">Details<\/span>)<\/small><\/i><\/p>\n<p><a href=\"https:\/\/amazon.es\/dp\/B09QKPKJCS?tag=man008-21\"><img decoding=\"async\" src=\"https:\/\/valvepress.s3.amazonaws.com\/imgs\/buy_now.png\"><\/a><br \/>\n<\/p>\n<p>                                             Product Description   <\/p>\n<p>                                                                             <img decoding=\"async\" alt=\"1\" src=\"https:\/\/images-na.ssl-images-amazon.com\/images\/G\/01\/x-locale\/common\/grey-pixel.gif\" class=\"a-spacing-base a-lazy-loaded\" data-src=\"https:\/\/m.media-amazon.com\/images\/S\/aplus-media-library-service-media\/958fff3f-12a6-48f4-8d0c-ce81e01cd4d5.__CR0,305,1600,990_PT0_SX970_V1___.jpg\"><img decoding=\"async\" alt=\"1\" src=\"https:\/\/m.media-amazon.com\/images\/S\/aplus-media-library-service-media\/958fff3f-12a6-48f4-8d0c-ce81e01cd4d5.__CR0,305,1600,990_PT0_SX970_V1___.jpg\">                                         <\/p>\n<h3 class=\"a-spacing-mini\"> Iluminado en tus recuerdos aqu\u00ed <\/h3>\n<p class=\"a-spacing-base\"> Este esc\u00e1ner de diapositivas de panel LED puede digitalizar f\u00e1cilmente sus recuerdos, capturados en cada momento, todo desde la comodidad de su tel\u00e9fono inteligente. Haga sus diapositiva antiguas en JPG digital.Para proteger sus valiosos negativa contra las influencias externas. <\/p>\n<p>                                                                             <img decoding=\"async\" alt=\"1\" src=\"https:\/\/images-na.ssl-images-amazon.com\/images\/G\/01\/x-locale\/common\/grey-pixel.gif\" class=\"a-spacing-base a-lazy-loaded\" data-src=\"https:\/\/m.media-amazon.com\/images\/S\/aplus-media-library-service-media\/d329225a-69b4-4238-8c14-c2ed170a24a0.__CR0,0,970,600_PT0_SX970_V1___.jpg\"><img decoding=\"async\" alt=\"1\" src=\"https:\/\/m.media-amazon.com\/images\/S\/aplus-media-library-service-media\/d329225a-69b4-4238-8c14-c2ed170a24a0.__CR0,0,970,600_PT0_SX970_V1___.jpg\">                                         <\/p>\n<h3 class=\"a-spacing-mini\"> F\u00e1cil de usar <\/h3>\n<p class=\"a-spacing-base\"> Luz fluorescente blanca brillante con superficie iluminada de doble capa. Para que pueda ver los negativos y  diapositivas coloc\u00e1ndola sobre ella. Escanee pel\u00edculas con otros softwares (aplicaci\u00f3n SlideScan: escaneo de diapositivas de fotos; aplicaci\u00f3n FilmBox: escaneo de negativos de pel\u00edcula) y guarde fotograf\u00edas en su tel\u00e9fono .Registra los hermosos momentos. <\/p>\n<p>                                                                             <img decoding=\"async\" alt=\"2\" src=\"https:\/\/images-na.ssl-images-amazon.com\/images\/G\/01\/x-locale\/common\/grey-pixel.gif\" class=\"a-spacing-base a-lazy-loaded\" data-src=\"https:\/\/m.media-amazon.com\/images\/S\/aplus-media-library-service-media\/49340984-b072-4ae3-90ce-0e0631b9472b.__CR0,0,970,600_PT0_SX970_V1___.jpg\"><img decoding=\"async\" alt=\"2\" src=\"https:\/\/m.media-amazon.com\/images\/S\/aplus-media-library-service-media\/49340984-b072-4ae3-90ce-0e0631b9472b.__CR0,0,970,600_PT0_SX970_V1___.jpg\">                                                                    <\/p>\n<p>                                                                      <img decoding=\"async\" alt=\"1\" src=\"https:\/\/images-na.ssl-images-amazon.com\/images\/G\/01\/x-locale\/common\/grey-pixel.gif\" class=\"a-spacing-mini a-lazy-loaded\" data-src=\"https:\/\/m.media-amazon.com\/images\/S\/aplus-media-library-service-media\/784d8ab3-dad7-4fdb-87ee-98de0fb14d52.__CR0,0,300,300_PT0_SX300_V1___.jpg\"><img decoding=\"async\" alt=\"1\" src=\"https:\/\/m.media-amazon.com\/images\/S\/aplus-media-library-service-media\/784d8ab3-dad7-4fdb-87ee-98de0fb14d52.__CR0,0,300,300_PT0_SX300_V1___.jpg\">  <\/p>\n<h3 class=\"a-spacing-mini\"> L\u00e1mpara de larga duraci\u00f3n <\/h3>\n<p class=\"a-spacing-base\"> Utilice una fuente de alimentaci\u00f3n de 5 V CC, como una computadora, un adaptador USB o incluso una fuente de alimentaci\u00f3n m\u00f3vil. (Adaptador de 5 V no incluido) Temperatura de color del LED: blanco (10000-12000 K). UTILIZAR M\u00e1s de 10000 horas.con \u00edndice de reproducci\u00f3n del color (CRI) de 88, logrando as\u00ed un color extremadamente preciso para la reproducci\u00f3n fotogr\u00e1fica e inspecci\u00f3n de originales. <\/p>\n<p>                                                                      <img decoding=\"async\" alt=\"1\" src=\"https:\/\/images-na.ssl-images-amazon.com\/images\/G\/01\/x-locale\/common\/grey-pixel.gif\" class=\"a-spacing-mini a-lazy-loaded\" data-src=\"https:\/\/m.media-amazon.com\/images\/S\/aplus-media-library-service-media\/d51acf5a-aa42-400b-ab4d-d57a73bef1f1.__CR0,0,300,300_PT0_SX300_V1___.jpg\"><img decoding=\"async\" alt=\"1\" src=\"https:\/\/m.media-amazon.com\/images\/S\/aplus-media-library-service-media\/d51acf5a-aa42-400b-ab4d-d57a73bef1f1.__CR0,0,300,300_PT0_SX300_V1___.jpg\">  <\/p>\n<h3 class=\"a-spacing-mini\"> Tres etapas Intensidad regulable bombilla de luz diurna placa  <\/h3>\n<p class=\"a-spacing-base\"> El brillo de la luz se puede ajustar en 3 niveles, y el <\/p>\n<p class=\"a-spacing-base\"> El brillo se puede cambiar seg\u00fan sus necesidades. Las luces LED en ambos lados hacia arriba y hacia abajo hacen que la iluminaci\u00f3n sea m\u00e1s uniforme, lo que puede restaurar el efecto m\u00e1s realista de un objeto. La fuente de luz es suave. Tambi\u00e9n se puede utilizar para examinar la fuente de luz de algunos productos espec\u00edficos. <\/p>\n<p>                                                                      <img decoding=\"async\" alt=\"4\" src=\"https:\/\/images-na.ssl-images-amazon.com\/images\/G\/01\/x-locale\/common\/grey-pixel.gif\" class=\"a-spacing-mini a-lazy-loaded\" data-src=\"https:\/\/m.media-amazon.com\/images\/S\/aplus-media-library-service-media\/126a2582-bd25-4e78-8e3a-850a5537bdc9.__CR0,0,300,300_PT0_SX300_V1___.jpg\"><img decoding=\"async\" alt=\"4\" src=\"https:\/\/m.media-amazon.com\/images\/S\/aplus-media-library-service-media\/126a2582-bd25-4e78-8e3a-850a5537bdc9.__CR0,0,300,300_PT0_SX300_V1___.jpg\">  <\/p>\n<h3 class=\"a-spacing-mini\"> Dise\u00f1o de protecci\u00f3n de la vista <\/h3>\n<p class=\"a-spacing-base\"> La placa acr\u00edlica hace que el navegador no se raye f\u00e1cilmente. Est\u00e1 hecho de material de placa de gu\u00eda de luz profesional. Utilice una fuente de luz LED de c\u00e1todo fr\u00edo, baja salida de calor. <\/p>\n<p>                                                                      <img decoding=\"async\" alt=\"6\" src=\"https:\/\/images-na.ssl-images-amazon.com\/images\/G\/01\/x-locale\/common\/grey-pixel.gif\" class=\"a-spacing-mini a-lazy-loaded\" data-src=\"https:\/\/m.media-amazon.com\/images\/S\/aplus-media-library-service-media\/130e6ebf-9e1e-4843-996c-bd1d26db59f6.__CR0,0,300,300_PT0_SX300_V1___.jpg\"><img decoding=\"async\" alt=\"6\" src=\"https:\/\/m.media-amazon.com\/images\/S\/aplus-media-library-service-media\/130e6ebf-9e1e-4843-996c-bd1d26db59f6.__CR0,0,300,300_PT0_SX300_V1___.jpg\">  <\/p>\n<h3 class=\"a-spacing-mini\"> Superplana Port\u00e1til y de buena calidad <\/h3>\n<p class=\"a-spacing-base\"> Construcci\u00f3n altamente port\u00e1til Marco ultradelgado de 0.23 \u00ab, peso: 520g. El marco tiene una escala de medici\u00f3n precisa, lo que facilita la visualizaci\u00f3n del valor de medici\u00f3n. <\/p>\n<p>                                                                    <img decoding=\"async\" alt=\"\" src=\"https:\/\/images-na.ssl-images-amazon.com\/images\/G\/01\/x-locale\/common\/grey-pixel.gif\" class=\"a-lazy-loaded\" data-src=\"https:\/\/m.media-amazon.com\/images\/S\/aplus-media-library-service-media\/784d8ab3-dad7-4fdb-87ee-98de0fb14d52.__CR0,0,300,300_PT0_SX300_V1___.jpg\"><img decoding=\"async\" alt=\"\" src=\"https:\/\/m.media-amazon.com\/images\/S\/aplus-media-library-service-media\/784d8ab3-dad7-4fdb-87ee-98de0fb14d52.__CR0,0,300,300_PT0_SX300_V1___.jpg\">   <\/p>\n<p>                                                                    <img decoding=\"async\" alt=\"\" src=\"https:\/\/images-na.ssl-images-amazon.com\/images\/G\/01\/x-locale\/common\/grey-pixel.gif\" class=\"a-lazy-loaded\" data-src=\"https:\/\/m.media-amazon.com\/images\/S\/aplus-media-library-service-media\/d51acf5a-aa42-400b-ab4d-d57a73bef1f1.__CR0,0,300,300_PT0_SX300_V1___.jpg\"><img decoding=\"async\" alt=\"\" src=\"https:\/\/m.media-amazon.com\/images\/S\/aplus-media-library-service-media\/d51acf5a-aa42-400b-ab4d-d57a73bef1f1.__CR0,0,300,300_PT0_SX300_V1___.jpg\">   <\/p>\n<p>                                                                    <img decoding=\"async\" alt=\"\" src=\"https:\/\/images-na.ssl-images-amazon.com\/images\/G\/01\/x-locale\/common\/grey-pixel.gif\" class=\"a-lazy-loaded\" data-src=\"https:\/\/m.media-amazon.com\/images\/S\/aplus-media-library-service-media\/126a2582-bd25-4e78-8e3a-850a5537bdc9.__CR0,0,300,300_PT0_SX300_V1___.jpg\"><img decoding=\"async\" alt=\"\" src=\"https:\/\/m.media-amazon.com\/images\/S\/aplus-media-library-service-media\/126a2582-bd25-4e78-8e3a-850a5537bdc9.__CR0,0,300,300_PT0_SX300_V1___.jpg\">   <\/p>\n<p>                                                                    <img decoding=\"async\" alt=\"\" src=\"https:\/\/images-na.ssl-images-amazon.com\/images\/G\/01\/x-locale\/common\/grey-pixel.gif\" class=\"a-lazy-loaded\" data-src=\"https:\/\/m.media-amazon.com\/images\/S\/aplus-media-library-service-media\/130e6ebf-9e1e-4843-996c-bd1d26db59f6.__CR0,0,300,300_PT0_SX300_V1___.jpg\"><img decoding=\"async\" alt=\"\" src=\"https:\/\/m.media-amazon.com\/images\/S\/aplus-media-library-service-media\/130e6ebf-9e1e-4843-996c-bd1d26db59f6.__CR0,0,300,300_PT0_SX300_V1___.jpg\">   <\/p>\n<p>                                                  <img decoding=\"async\" alt=\"1\" src=\"https:\/\/images-na.ssl-images-amazon.com\/images\/G\/01\/x-locale\/common\/grey-pixel.gif\" class=\"a-spacing-mini a-lazy-loaded\" data-src=\"https:\/\/m.media-amazon.com\/images\/S\/aplus-media-library-service-media\/50609bd9-9d12-4685-a886-625a4caa0a30.__CR0,0,800,800_PT0_SX300_V1___.jpg\"><img decoding=\"async\" alt=\"1\" src=\"https:\/\/m.media-amazon.com\/images\/S\/aplus-media-library-service-media\/50609bd9-9d12-4685-a886-625a4caa0a30.__CR0,0,800,800_PT0_SX300_V1___.jpg\">  <\/p>\n<h3 class=\"a-spacing-mini\"> Usos m\u00faltiples <\/h3>\n<p> Esta caja de luz de panel LED se puede utilizar como plataforma de inspecci\u00f3n para algunos productos precisos, como ilustraciones, calcos, caligraf\u00eda, relieve, letras y m\u00e1s. \u00a1Un gran regalo para ni\u00f1os y adultos por igual! <\/p>\n<p>                                                                             <img decoding=\"async\" alt=\"2\" src=\"https:\/\/images-na.ssl-images-amazon.com\/images\/G\/01\/x-locale\/common\/grey-pixel.gif\" class=\"a-spacing-base a-lazy-loaded\" data-src=\"https:\/\/m.media-amazon.com\/images\/S\/aplus-media-library-service-media\/c14a2ac5-c615-4654-8b21-e45f27d40923.__CR0,0,970,600_PT0_SX970_V1___.jpg\"><img decoding=\"async\" alt=\"2\" src=\"https:\/\/m.media-amazon.com\/images\/S\/aplus-media-library-service-media\/c14a2ac5-c615-4654-8b21-e45f27d40923.__CR0,0,970,600_PT0_SX970_V1___.jpg\">                                                                    <\/p>\n<p>                         Add To Basket  <\/p>\n<p>                             Customer Reviews  <\/p>\n<p>                    3.3 out of 5 stars  18  <\/p>\n<p>                    3.5 out of 5 stars  20  <\/p>\n<p>                    3.7 out of 5 stars  344  <\/p>\n<p>                    3.2 out of 5 stars  475  <\/p>\n<p>                    3.4 out of 5 stars  308  <\/p>\n<p>                \u2014         <\/p>\n<p>                             Price  <\/p>\n<p>                                            \u2014 no data<\/p>\n<p>                                            \u2014 no data<br \/>\n                                                       \u20ac66.99\u20ac66.99<br \/>\n                                            \u2014 no data<\/p>\n<p>                                            \u2014 no data<\/p>\n<p>                                            \u2014 no data<\/p>\n<p>                             Farbe<br \/>\n                                Verde               Negro               Negro               Plata               Plata               Gris        <\/p>\n<p>                             Resoluci\u00f3n<br \/>\n                                14\/22 Mega Pixel               14\/22 Mega Pixel               5\/10 Mega Pixel               1080P(1440*1080 20fps)               1080P(1440*1080 20fps)               1080P(1440*1080 20fps)        <\/p>\n<p>                             Display<br \/>\n                                Color 3.5\u301eTFT LCD                Color 3.5\u301eTFT LCD                Color 2.4\u301eTFT LCD               Color 2.4\u301eTFT LCD               Color 2.4\u301eTFT LCD               Color 2.4\u301eTFT LCD        <\/p>\n<p>                             Tipos de pel\u00edcula \/ negativos admitidos<br \/>\n                                135mm, 126, 110, Super 8, 8mm Diapositives et N\u00e9gatifs               135mm, 126, 110, Super 8, 8mm Diapositives et N\u00e9gatifs               35mm\/135 Diapositives et N\u00e9gatifs               8mm and Super 8 Movi(9&#8243;,7&#8243;,5&#8243;e 3&#8243;)               8mm and Super 8 Movi(5&#8243;e 3&#8243;)               8mm and Super 8 Movi(5&#8243;e 3&#8243;)        <\/p>\n<p>                             M\u00e9todo de escaneo<br \/>\n                                Single photo(JPG)                Single photo(JPG)                Single photo(JPG)                Video(MPEG 4)               Video(MPEG 4)               Video(MPEG 4)        <\/p>\n<p>                             Tarjeta SD de 32 GB incluida<br \/>\n                                  no data<br \/>\n                                                              no data<br \/>\n                                                              no data<\/p>\n<p>                                              \u2713<\/p>\n<p>                                              \u2713<\/p>\n<p>                                              \u2713<\/p>\n<p>                             Independiente, no se requiere software  <\/p>\n<p>                                              \u2713<\/p>\n<p>                                              \u2713<\/p>\n<p>                                              \u2713<\/p>\n<p>                                              \u2713<\/p>\n<p>                                              \u2713<\/p>\n<p>                                              \u2713<\/p>\n<p>                             TV Out  <\/p>\n<p>                                              \u2713<\/p>\n<p>                                              \u2713<\/p>\n<p>                                              \u2713<\/p>\n<p>                                              \u2713<\/p>\n<p>                                              \u2713<\/p>\n<p>                                              \u2713<\/p>\n<p>                             Conexi\u00f3n inal\u00e1mbrica WiFi  <\/p>\n<p>                                              \u2713<br \/>\n                                                          no data<br \/>\n                                                              no data<br \/>\n                                                              no data<br \/>\n                                                              no data<br \/>\n                                                              no data<\/p>\n<p> Product Dimensions                                            \u200f                                            :                                            \u200e                                            34.04 x 24.89 x 0.51 cm; 700 g   <br \/> Manufacturer                                            \u200f                                            :                                            \u200e                                            eyesen   <br \/> ASIN                                            \u200f                                            :                                            \u200e                                            B09QKPKJCS   <br \/> Item model number                                            \u200f                                            :                                            \u200e                                            C401   <br \/> Country\/Region of Origin                                            \u200f                                            :                                            \u200e                                            China   <br \/> Guaranteed software updates until                                            \u200f                                            :                                            \u200e                                            unknown   <br \/>  Customer reviews:                                                                                            4.1               4.1 out of 5 stars                                  (53)                                              var dpAcrHasRegisteredArcLinkClickAction;                    P.when(&#8216;A&#8217;, &#8216;ready&#8217;).execute(function(A) {                        if (dpAcrHasRegisteredArcLinkClickAction !== true) {                            dpAcrHasRegisteredArcLinkClickAction = true;                            A.declarative(                                &#8216;acrLink-click-metrics&#8217;, &#8216;click&#8217;,                                { \u00aballowLinkDefault\u00bb: true },                                function (event) {                                    if (window.ue) {                                        ue.count(\u00abacrLinkClickCount\u00bb, (ue.count(\u00abacrLinkClickCount\u00bb) || 0) + 1);                                    }                                }                            );                        }                    });                                             P.when(&#8216;A&#8217;, &#8216;cf&#8217;).execute(function(A) {                A.declarative(&#8216;acrStarsLink-click-metrics&#8217;, &#8216;click&#8217;, { \u00aballowLinkDefault\u00bb : true },  function(event){                    if(window.ue) {                        ue.count(\u00abacrStarsLinkWithPopoverClickCount\u00bb, (ue.count(\u00abacrStarsLinkWithPopoverClickCount\u00bb) || 0) + 1);                    }                });            });                          <\/p>\n<p>Backlight with ultra-thin LED panel Color temperature: White (10,000-12,000K); This light panel provides the perfect backlight for film negatives, scanned slides and more, providing the ideal brightness to capture and digitize your favorite slides and negatives; Easy to carry with a touch switch design, just touch the switch to turn the light on or off.<br \/>Mobile scanning software: it is the perfect lightbox for converting slides and negatives into JPG digital images; works with SlideScan (for scanning slideshows) or FilmBox applications (for scanning film negatives).<br \/>Maximize efficiency: It is lightweight, large and has a robust surface for optimal scanning quality with a professional luminous pad. It can hold more negatives at the same time; just place the slides or film negatives side by side to turn slides into digital photos, film negatives into digital photos, and easily capture multiple images at once with your favorite scanning app.<br \/>SUPERIOR EASE OF USE: Can be used as a lightbox for tracing, sketching, outlining, calligraphy and more; its simple setup is perfect for kids and adults. The panel frame with precise measuring scale makes it easy to display the measurement data.<br \/>Product Description Display Area: 12 x 9 inches (A4 size: 297 x 210 mm) Overall Size: L 340 mm x H: 249 mm x 6 mm; Net Weight: 520 g; Power: 4.5 Watts, USB cable included; Powered by a 5V power adapter CC, like a computer, a USB adapter or even a mobile power supply; NOTE: This product is a backlight for scanning, not an electronic device.<\/p>\n\n","protected":false},"excerpt":{"rendered":"<p> Product Description Iluminado en tus recuerdos aqu\u00ed Este esc\u00e1ner de diapositivas de panel LED puede<\/p>","protected":false},"featured_media":36351,"comment_status":"open","ping_status":"closed","template":"","meta":[],"product_brand":[],"product_cat":[60],"product_tag":[1242,5511,10510,1990,1865,1982,10509,1989,2804,1983,1986,428,248,1275,4449,1987,1033,1984,4169,290,1985,840,1991,6457,1897,10511,845,1988],"class_list":{"0":"post-36350","1":"product","2":"type-product","3":"status-publish","4":"has-post-thumbnail","6":"product_cat-scanners","7":"product_tag-12inch","8":"product_tag-35mm","9":"product_tag-9inch","10":"product_tag-best-scanner","11":"product_tag-digital","12":"product_tag-document-scanner","13":"product_tag-eyesen","14":"product_tag-fast-document-scanner","15":"product_tag-film","16":"product_tag-flatbed-scanner","17":"product_tag-high-resolution-scanner","18":"product_tag-led","19":"product_tag-light","20":"product_tag-mobile","21":"product_tag-negatives","22":"product_tag-office-scanner","23":"product_tag-panel","24":"product_tag-photo-scanner","25":"product_tag-photos","26":"product_tag-portable","27":"product_tag-portable-scanner","28":"product_tag-scanner","29":"product_tag-scanner-price","30":"product_tag-slides","31":"product_tag-smartphone","32":"product_tag-turn","33":"product_tag-ultrathin","34":"product_tag-usb-scanner","36":"first","37":"instock","38":"shipping-taxable","39":"product-type-external"},"_links":{"self":[{"href":"https:\/\/comprasyconsejos.store\/en\/wp-json\/wp\/v2\/product\/36350","targetHints":{"allow":["GET"]}}],"collection":[{"href":"https:\/\/comprasyconsejos.store\/en\/wp-json\/wp\/v2\/product"}],"about":[{"href":"https:\/\/comprasyconsejos.store\/en\/wp-json\/wp\/v2\/types\/product"}],"replies":[{"embeddable":true,"href":"https:\/\/comprasyconsejos.store\/en\/wp-json\/wp\/v2\/comments?post=36350"}],"version-history":[{"count":0,"href":"https:\/\/comprasyconsejos.store\/en\/wp-json\/wp\/v2\/product\/36350\/revisions"}],"wp:featuredmedia":[{"embeddable":true,"href":"https:\/\/comprasyconsejos.store\/en\/wp-json\/wp\/v2\/media\/36351"}],"wp:attachment":[{"href":"https:\/\/comprasyconsejos.store\/en\/wp-json\/wp\/v2\/media?parent=36350"}],"wp:term":[{"taxonomy":"product_brand","embeddable":true,"href":"https:\/\/comprasyconsejos.store\/en\/wp-json\/wp\/v2\/product_brand?post=36350"},{"taxonomy":"product_cat","embeddable":true,"href":"https:\/\/comprasyconsejos.store\/en\/wp-json\/wp\/v2\/product_cat?post=36350"},{"taxonomy":"product_tag","embeddable":true,"href":"https:\/\/comprasyconsejos.store\/en\/wp-json\/wp\/v2\/product_tag?post=36350"}],"curies":[{"name":"wp","href":"https:\/\/api.w.org\/{rel}","templated":true}]}}