{"id":36356,"date":"2026-02-28T19:12:02","date_gmt":"2026-02-28T19:12:02","guid":{"rendered":"https:\/\/comprasyconsejos.store\/product\/canon-imageprograf-pro-300-inkjet-printer-black\/"},"modified":"2026-02-28T19:12:03","modified_gmt":"2026-02-28T19:12:03","slug":"canon-imageprograf-pro-300-inkjet-printer-black","status":"publish","type":"product","link":"https:\/\/comprasyconsejos.store\/en\/product\/canon-imageprograf-pro-300-inkjet-printer-black\/","title":{"rendered":"Canon imagePROGRAF PRO-300 &#8211; Inkjet Printer Black"},"content":{"rendered":"<p>Price: <span style=\"color:#b12704\"><del>\u20ac900.00<\/del> - \u20ac756.44<\/span><br \/><i><small>(as of Feb 28, 2026 19:12:02 UTC &#8211; <span class=\"wp_automatic_amazon_disclaimer\" title=\"Product prices and availability are accurate as of the date\/time indicated and are subject to change. Any price and availability information displayed on [relevant Amazon Site(s), as applicable] at the time of purchase will apply to the purchase of this product.\">Details<\/span>)<\/small><\/i><\/p>\n<p><a href=\"https:\/\/amazon.es\/dp\/B08CRVVZTH?tag=man008-21\"><img decoding=\"async\" src=\"https:\/\/valvepress.s3.amazonaws.com\/imgs\/buy_now.png\"><\/a><br \/>\n<\/p>\n<p>                                             From the manufacturer   <\/p>\n<p>                                                  <img decoding=\"async\" alt=\" \" src=\"https:\/\/images-na.ssl-images-amazon.com\/images\/G\/01\/x-locale\/common\/grey-pixel.gif\" class=\"a-lazy-loaded\" data-src=\"https:\/\/m.media-amazon.com\/images\/S\/aplus-media-library-service-media\/209fb6d3-a6f2-4f4b-b411-35cfb0bf6279.__CR1,0,2748,850_PT0_SX970_V1___.jpg\"><img decoding=\"async\" alt=\" \" src=\"https:\/\/m.media-amazon.com\/images\/S\/aplus-media-library-service-media\/209fb6d3-a6f2-4f4b-b411-35cfb0bf6279.__CR1,0,2748,850_PT0_SX970_V1___.jpg\">  <\/p>\n<p>                                                  <img decoding=\"async\" alt=\" \" src=\"https:\/\/images-na.ssl-images-amazon.com\/images\/G\/01\/x-locale\/common\/grey-pixel.gif\" class=\"a-lazy-loaded\" data-src=\"https:\/\/m.media-amazon.com\/images\/S\/aplus-media-library-service-media\/49630bee-4229-4ea4-96cd-6a629431c342.__CR0,0,600,600_PT0_SX300_V1___.jpg\"><img decoding=\"async\" alt=\" \" src=\"https:\/\/m.media-amazon.com\/images\/S\/aplus-media-library-service-media\/49630bee-4229-4ea4-96cd-6a629431c342.__CR0,0,600,600_PT0_SX300_V1___.jpg\">  <\/p>\n<h3 class=\"a-spacing-mini\"> Dise\u00f1o compacto, gran potencial <\/h3>\n<p> Esta elegante y compacta impresora A3+, m\u00e1s peque\u00f1a que la PIXMA PRO-10S, es el elemento principal de tu producci\u00f3n creativa y adem\u00e1s puede conectarse f\u00e1cilmente a tu PC o Mac mediante Wi-Fi o Ethernet. <\/p>\n<p>                                                                      <img decoding=\"async\" alt=\" \" src=\"https:\/\/images-na.ssl-images-amazon.com\/images\/G\/01\/x-locale\/common\/grey-pixel.gif\" class=\"a-spacing-mini a-lazy-loaded\" data-src=\"https:\/\/m.media-amazon.com\/images\/S\/aplus-media-library-service-media\/7081fc6a-c3e9-40c7-a5fb-af05636885d0.__CR0,0,600,600_PT0_SX300_V1___.jpg\"><img decoding=\"async\" alt=\" \" src=\"https:\/\/m.media-amazon.com\/images\/S\/aplus-media-library-service-media\/7081fc6a-c3e9-40c7-a5fb-af05636885d0.__CR0,0,600,600_PT0_SX300_V1___.jpg\">  <\/p>\n<h3 class=\"a-spacing-mini\"> Impresi\u00f3n con calidad de estudio sin cambio de tinta <\/h3>\n<p class=\"a-spacing-base\"> Consigue resultados profesionales en una amplia variedad de soportes de hasta A3+ y en tiempo r\u00e9cord gracias a no tener que cambiar de tinta. <\/p>\n<p>                                                                      <img decoding=\"async\" alt=\" \" src=\"https:\/\/images-na.ssl-images-amazon.com\/images\/G\/01\/x-locale\/common\/grey-pixel.gif\" class=\"a-spacing-mini a-lazy-loaded\" data-src=\"https:\/\/m.media-amazon.com\/images\/S\/aplus-media-library-service-media\/520b2a5e-f06d-4d0d-a306-8c07fb1834d7.__CR0,0,600,600_PT0_SX300_V1___.png\"><img decoding=\"async\" alt=\" \" src=\"https:\/\/m.media-amazon.com\/images\/S\/aplus-media-library-service-media\/520b2a5e-f06d-4d0d-a306-8c07fb1834d7.__CR0,0,600,600_PT0_SX300_V1___.png\">  <\/p>\n<h3 class=\"a-spacing-mini\"> Imprime sin bordes en una amplia variedad de soportes <\/h3>\n<p class=\"a-spacing-base\"> Imprime sin bordes en papeles con brillo o de acabado art\u00edstico, as\u00ed como im\u00e1genes panor\u00e1micas con longitudes personalizadas de hasta 990,60 mm. <\/p>\n<p>                                                                      <img decoding=\"async\" alt=\" \" src=\"https:\/\/images-na.ssl-images-amazon.com\/images\/G\/01\/x-locale\/common\/grey-pixel.gif\" class=\"a-spacing-mini a-lazy-loaded\" data-src=\"https:\/\/m.media-amazon.com\/images\/S\/aplus-media-library-service-media\/bc599067-b239-40d7-bdf2-75a68844823f.__CR0,0,600,600_PT0_SX300_V1___.jpg\"><img decoding=\"async\" alt=\" \" src=\"https:\/\/m.media-amazon.com\/images\/S\/aplus-media-library-service-media\/bc599067-b239-40d7-bdf2-75a68844823f.__CR0,0,600,600_PT0_SX300_V1___.jpg\">  <\/p>\n<h3 class=\"a-spacing-mini\"> Gama de colores mejorada para una mayor profundidad <\/h3>\n<p class=\"a-spacing-base\"> Gracias a las 10 tintas de pigmento LUCIA PRO, la impresora ofrece un color excepcional con una tinta Chroma Optimizer espec\u00edfica para reducir el efecto metalizado y ofrecer una superioridad tonal sorprendente. <\/p>\n<p>                                                                      <img decoding=\"async\" alt=\" \" src=\"https:\/\/images-na.ssl-images-amazon.com\/images\/G\/01\/x-locale\/common\/grey-pixel.gif\" class=\"a-spacing-mini a-lazy-loaded\" data-src=\"https:\/\/m.media-amazon.com\/images\/S\/aplus-media-library-service-media\/854dcfb6-8c41-4958-b079-1035ff28fc62.__CR0,0,600,600_PT0_SX300_V1___.jpg\"><img decoding=\"async\" alt=\" \" src=\"https:\/\/m.media-amazon.com\/images\/S\/aplus-media-library-service-media\/854dcfb6-8c41-4958-b079-1035ff28fc62.__CR0,0,600,600_PT0_SX300_V1___.jpg\">  <\/p>\n<h3 class=\"a-spacing-mini\"> Calidad de impresi\u00f3n en blanco y negro excepcional <\/h3>\n<p class=\"a-spacing-base\"> La tinta negra mate de la imagePROGRAF PRO-300 permite imprimir im\u00e1genes en blanco y negro con una mayor expresividad y unos negros m\u00e1s profundos e intensos en papel de acabado art\u00edstico. <\/p>\n<p>                                                                    <img decoding=\"async\" alt=\"\" src=\"https:\/\/images-na.ssl-images-amazon.com\/images\/G\/01\/x-locale\/common\/grey-pixel.gif\" class=\"a-lazy-loaded\" data-src=\"https:\/\/m.media-amazon.com\/images\/S\/aplus-media-library-service-media\/7081fc6a-c3e9-40c7-a5fb-af05636885d0.__CR0,0,600,600_PT0_SX300_V1___.jpg\"><img decoding=\"async\" alt=\"\" src=\"https:\/\/m.media-amazon.com\/images\/S\/aplus-media-library-service-media\/7081fc6a-c3e9-40c7-a5fb-af05636885d0.__CR0,0,600,600_PT0_SX300_V1___.jpg\">   <\/p>\n<p>                                                                    <img decoding=\"async\" alt=\"\" src=\"https:\/\/images-na.ssl-images-amazon.com\/images\/G\/01\/x-locale\/common\/grey-pixel.gif\" class=\"a-lazy-loaded\" data-src=\"https:\/\/m.media-amazon.com\/images\/S\/aplus-media-library-service-media\/520b2a5e-f06d-4d0d-a306-8c07fb1834d7.__CR0,0,600,600_PT0_SX300_V1___.png\"><img decoding=\"async\" alt=\"\" src=\"https:\/\/m.media-amazon.com\/images\/S\/aplus-media-library-service-media\/520b2a5e-f06d-4d0d-a306-8c07fb1834d7.__CR0,0,600,600_PT0_SX300_V1___.png\">   <\/p>\n<p>                                                                    <img decoding=\"async\" alt=\"\" src=\"https:\/\/images-na.ssl-images-amazon.com\/images\/G\/01\/x-locale\/common\/grey-pixel.gif\" class=\"a-lazy-loaded\" data-src=\"https:\/\/m.media-amazon.com\/images\/S\/aplus-media-library-service-media\/bc599067-b239-40d7-bdf2-75a68844823f.__CR0,0,600,600_PT0_SX300_V1___.jpg\"><img decoding=\"async\" alt=\"\" src=\"https:\/\/m.media-amazon.com\/images\/S\/aplus-media-library-service-media\/bc599067-b239-40d7-bdf2-75a68844823f.__CR0,0,600,600_PT0_SX300_V1___.jpg\">   <\/p>\n<p>                                                                    <img decoding=\"async\" alt=\"\" src=\"https:\/\/images-na.ssl-images-amazon.com\/images\/G\/01\/x-locale\/common\/grey-pixel.gif\" class=\"a-lazy-loaded\" data-src=\"https:\/\/m.media-amazon.com\/images\/S\/aplus-media-library-service-media\/854dcfb6-8c41-4958-b079-1035ff28fc62.__CR0,0,600,600_PT0_SX300_V1___.jpg\"><img decoding=\"async\" alt=\"\" src=\"https:\/\/m.media-amazon.com\/images\/S\/aplus-media-library-service-media\/854dcfb6-8c41-4958-b079-1035ff28fc62.__CR0,0,600,600_PT0_SX300_V1___.jpg\">   <\/p>\n<p>                         Add To Basket  <\/p>\n<p>                             Customer Reviews  <\/p>\n<p>                    4.0 out of 5 stars  206  <\/p>\n<p>                    4.4 out of 5 stars  140  <\/p>\n<p>                    5.0 out of 5 stars  1  <\/p>\n<p>                             Price  <\/p>\n<p>                                            \u2014 no data<br \/>\n                                                       \u20ac756.44\u20ac756.44<br \/>\n                                            \u2014 no data<\/p>\n<p>                             Funciones disponibles<br \/>\n                                Impresi\u00f3n foto A3+ (13&#8243;)               Impresi\u00f3n foto A3+ (13&#8243;)               Impresi\u00f3n foto A2+ (17&#8243;)                 <\/p>\n<p>                             Sistema de tintas<br \/>\n                                Colorante               Pigmento               Pigmento                 <\/p>\n<p>                             Tecnolog\u00eda de impresi\u00f3n<br \/>\n                                8 tintas ChromaLife100+                10 tintas LUCIA PRO               12 tintas LUCIA PRO                 <\/p>\n<p>                             Dep\u00f3sito de mantenimiento<br \/>\n                                &#8211;  no data<br \/>\n                                                            &#8211;  no data<br \/>\n                                                            Compatible                 <\/p>\n<p>                             Impresi\u00f3n sin bordes<br \/>\n                                Solo soportes con brillo               Soportes para FA y con brillo               Soportes para FA y con brillo                 <\/p>\n<p>                             Pantalla<br \/>\n                                &#8211;  no data<br \/>\n                                                            Pantalla LCD de 3&#8243;               Pantalla LCD de 3&#8243;                 <\/p>\n<p>                             Software \/ Aplicaciones<br \/>\n                                Print Studio Pro               Professional Print &amp; Layout               Professional Print &amp; Layout                 <\/p>\n<p>                             Dimensiones (An. x Pr. x Al.)<br \/>\n                                689 x 385 x 215 mm               639 x 379 x 200 mm               723 x 433 x 285 mm                 <\/p>\n<p>                             Peso<br \/>\n                                19,7 kg               14,4 kg               32 kg                 <\/p>\n<p>                             Cartuchos de tinta compatibles<br \/>\n                                CLI-42               PFI-300               PFI-1000                 <\/p>\n<p> Batteries                                            \u200f                                            :                                            \u200e                                            1 Lithium Ion batteries required.   <br \/> Is discontinued by manufacturer                                            \u200f                                            :                                            \u200e                                            No   <br \/> Language                                            \u200f                                            :                                            \u200e                                            German   <br \/> Product Dimensions                                            \u200f                                            :                                            \u200e                                            10 x 48 x 50 cm; 14.4 kg   <br \/> Manufacturer                                            \u200f                                            :                                            \u200e                                            Canon   <br \/> ASIN                                            \u200f                                            :                                            \u200e                                            B08CRVVZTH   <br \/> Item model number                                            \u200f                                            :                                            \u200e                                            4278C009   <br \/>  Customer reviews:                                                                                            4.4               4.4 out of 5 stars                                  (140)                                              var dpAcrHasRegisteredArcLinkClickAction;                    P.when(&#8216;A&#8217;, &#8216;ready&#8217;).execute(function(A) {                        if (dpAcrHasRegisteredArcLinkClickAction !== true) {                            dpAcrHasRegisteredArcLinkClickAction = true;                            A.declarative(                                &#8216;acrLink-click-metrics&#8217;, &#8216;click&#8217;,                                { \u00aballowLinkDefault\u00bb: true },                                function (event) {                                    if (window.ue) {                                        ue.count(\u00abacrLinkClickCount\u00bb, (ue.count(\u00abacrLinkClickCount\u00bb) || 0) + 1);                                    }                                }                            );                        }                    });                                             P.when(&#8216;A&#8217;, &#8216;cf&#8217;).execute(function(A) {                A.declarative(&#8216;acrStarsLink-click-metrics&#8217;, &#8216;click&#8217;, { \u00aballowLinkDefault\u00bb : true },  function(event){                    if(window.ue) {                        ue.count(\u00abacrStarsLinkWithPopoverClickCount\u00bb, (ue.count(\u00abacrStarsLinkWithPopoverClickCount\u00bb) || 0) + 1);                    }                });            });                          <\/p>\n<p>Take your printing to another level with a professional A3+ printer that inspires confidence and always delivers rich, vivid, and excellent studio-quality prints<br \/>Thanks to the 10 LUCIA PRO pigment inks, it delivers a suitable colour with a specific Chroma Optimizer ink that reduces the metallic effect and offers a striking tonal superiority<br \/>Print borderless on glossy or artistic finish papers as well as panoramic images with custom lengths up to 39&#8243; (990.6mm)<br \/>3-inch color LCD menu display; Quickly navigate printer&#8217;s menus and functions thanks to a clear, bright display that allows you to instantly monitor functions, ink levels, and paper settings<br \/>The imagePROGRAF PRO-300&#8217;s matte black ink allows you to print black and white images with greater expressiveness and deeper, more intense blacks on artistic finish paper<\/p>\n\n","protected":false},"excerpt":{"rendered":"<p> From the manufacturer Dise\u00f1o compacto, gran potencial Esta elegante y compacta impresora A3+, m\u00e1s peque\u00f1a<\/p>","protected":false},"featured_media":36357,"comment_status":"open","ping_status":"closed","template":"","meta":[],"product_brand":[],"product_cat":[57],"product_tag":[2140,307,2184,2134,2126,2129,10513,1953,1961,2145,2142,2143,2132,1962,10514,2136],"class_list":{"0":"post-36356","1":"product","2":"type-product","3":"status-publish","4":"has-post-thumbnail","6":"product_cat-inkjet-printers","7":"product_tag-best-inkjet-printer","8":"product_tag-black","9":"product_tag-canon","10":"product_tag-cheap-inkjet-printer","11":"product_tag-color-inkjet-printer","12":"product_tag-home-inkjet-printer","13":"product_tag-imageprograf","14":"product_tag-ink-tank-printer","15":"product_tag-inkjet","16":"product_tag-inkjet-printer","17":"product_tag-inkjet-printer-price","18":"product_tag-office-inkjet-printer","19":"product_tag-photo-inkjet-printer","20":"product_tag-printer","21":"product_tag-pro300","22":"product_tag-wireless-inkjet-printer","24":"first","25":"instock","26":"sale","27":"shipping-taxable","28":"product-type-external"},"_links":{"self":[{"href":"https:\/\/comprasyconsejos.store\/en\/wp-json\/wp\/v2\/product\/36356","targetHints":{"allow":["GET"]}}],"collection":[{"href":"https:\/\/comprasyconsejos.store\/en\/wp-json\/wp\/v2\/product"}],"about":[{"href":"https:\/\/comprasyconsejos.store\/en\/wp-json\/wp\/v2\/types\/product"}],"replies":[{"embeddable":true,"href":"https:\/\/comprasyconsejos.store\/en\/wp-json\/wp\/v2\/comments?post=36356"}],"version-history":[{"count":0,"href":"https:\/\/comprasyconsejos.store\/en\/wp-json\/wp\/v2\/product\/36356\/revisions"}],"wp:featuredmedia":[{"embeddable":true,"href":"https:\/\/comprasyconsejos.store\/en\/wp-json\/wp\/v2\/media\/36357"}],"wp:attachment":[{"href":"https:\/\/comprasyconsejos.store\/en\/wp-json\/wp\/v2\/media?parent=36356"}],"wp:term":[{"taxonomy":"product_brand","embeddable":true,"href":"https:\/\/comprasyconsejos.store\/en\/wp-json\/wp\/v2\/product_brand?post=36356"},{"taxonomy":"product_cat","embeddable":true,"href":"https:\/\/comprasyconsejos.store\/en\/wp-json\/wp\/v2\/product_cat?post=36356"},{"taxonomy":"product_tag","embeddable":true,"href":"https:\/\/comprasyconsejos.store\/en\/wp-json\/wp\/v2\/product_tag?post=36356"}],"curies":[{"name":"wp","href":"https:\/\/api.w.org\/{rel}","templated":true}]}}