{"id":36374,"date":"2026-02-28T21:35:33","date_gmt":"2026-02-28T21:35:33","guid":{"rendered":"https:\/\/comprasyconsejos.store\/product\/4k-digital-camera-72mp-autofocus-vlog-photo-camera-18x-digital-zoom-focus-2-8-flip-screen-270-compact-digital-camera-with-64gb-card-and-battery-for-beginners-teens\/"},"modified":"2026-02-28T21:35:33","modified_gmt":"2026-02-28T21:35:33","slug":"4k-digital-camera-72mp-autofocus-vlog-photo-camera-18x-digital-zoom-focus-2-8-flip-screen-270-compact-digital-camera-with-64gb-card-and-battery-for-beginners-teens","status":"publish","type":"product","link":"https:\/\/comprasyconsejos.store\/en\/product\/4k-digital-camera-72mp-autofocus-vlog-photo-camera-18x-digital-zoom-focus-2-8-flip-screen-270-compact-digital-camera-with-64gb-card-and-battery-for-beginners-teens\/","title":{"rendered":"4K Digital Camera, 72MP Autofocus Vlog Photo Camera 18X Digital Zoom Focus, 2.8&#8243; Flip Screen 270\u00b0 Compact Digital Camera with 64GB Card and Battery for Beginners, Teens"},"content":{"rendered":"<p>Price: <span style=\"color:#b12704\">\u20ac59.99<\/span><br \/><i><small>(as of Feb 28, 2026 21:35:33 UTC &#8211; <span class=\"wp_automatic_amazon_disclaimer\" title=\"Product prices and availability are accurate as of the date\/time indicated and are subject to change. Any price and availability information displayed on [relevant Amazon Site(s), as applicable] at the time of purchase will apply to the purchase of this product.\">Details<\/span>)<\/small><\/i><\/p>\n<p><a href=\"https:\/\/amazon.es\/dp\/B0G12X5YS1?tag=man008-21\"><img decoding=\"async\" src=\"https:\/\/valvepress.s3.amazonaws.com\/imgs\/buy_now.png\"><\/a><br \/>\n<\/p>\n<p>                                             Product Description   <\/p>\n<p>                                                                                                       <img decoding=\"async\" alt=\"aplus content image\" src=\"https:\/\/images-na.ssl-images-amazon.com\/images\/G\/01\/x-locale\/common\/grey-pixel.gif\" class=\"a-lazy-loaded\" data-src=\"https:\/\/m.media-amazon.com\/images\/S\/aplus-media-library-service-media\/d4d57e5d-87b5-4ec6-8d86-e928e5a6def6.__CR0,0,1464,600_PT0_SX1464_V1___.jpg\"><img decoding=\"async\" alt=\"aplus content image\" src=\"https:\/\/m.media-amazon.com\/images\/S\/aplus-media-library-service-media\/d4d57e5d-87b5-4ec6-8d86-e928e5a6def6.__CR0,0,1464,600_PT0_SX1464_V1___.jpg\">                                               <\/p>\n<p>                                                                                                                <img decoding=\"async\" alt=\"El texto dice \u00abC\u00e1mara digital 4K para fotograf\u00eda\u00bb. Collage de marketing que muestra a personas usando la c\u00e1mara al aire libre, incluidas escenas de playa y fotograf\u00edas de estilos de vida.\" src=\"https:\/\/m.media-amazon.com\/images\/S\/aplus-media-library-service-media\/64b06575-0e02-414f-a73c-a857e9c5632f.__CR0,0,1464,600_PT0_SX1464_V1___.jpg\">                                                    <img decoding=\"async\" alt=\"aplus content image\" src=\"https:\/\/m.media-amazon.com\/images\/S\/aplus-media-library-service-media\/e284f493-cbd7-48f1-9abe-f894a099f8ff.__CR0,0,1464,600_PT0_SX1464_V1___.jpg\">                                                    <img decoding=\"async\" alt=\"aplus content image\" src=\"https:\/\/m.media-amazon.com\/images\/S\/aplus-media-library-service-media\/dc83ef2c-b0da-40e2-b55a-73cbc3843494.__CR0,0,1464,600_PT0_SX1464_V1___.jpg\"><br \/>\n                            1 C\u00e1mara Digital 4K <\/p>\n<p>                            2 Enfoque autom\u00e1tico <\/p>\n<p>                            3 Zoom Digital 18X <\/p>\n<p>                                                                                                                  <img decoding=\"async\" alt=\"Varias im\u00e1genes de estilo de vida dispuestas horizontalmente que muestran escenas de playa al aire libre con luz solar y agua.\" src=\"https:\/\/m.media-amazon.com\/images\/S\/aplus-media-library-service-media\/ad253c73-24bd-444a-9700-c7d335be8724.__CR0,0,1464,600_PT0_SX1464_V1___.jpg\">                                                    <img decoding=\"async\" alt=\"aplus content image\" src=\"https:\/\/m.media-amazon.com\/images\/S\/aplus-media-library-service-media\/b19247be-b283-4c7e-b1cf-ab6c19b44ead.__CR0,0,1464,600_PT0_SX1464_V1___.jpg\">                                                    <img decoding=\"async\" alt=\"El texto dice \u00abFlash Light\u00bb. Serie de im\u00e1genes de demostraci\u00f3n que muestran c\u00f3mo la fotograf\u00eda con flash afecta al brillo y la exposici\u00f3n de la imagen en interiores.\" src=\"https:\/\/m.media-amazon.com\/images\/S\/aplus-media-library-service-media\/84e28397-2d9f-44a0-9fb6-bae046020246.__CR0,0,1464,600_PT0_SX1464_V1___.jpg\">                                                    <img decoding=\"async\" alt=\"aplus content image\" src=\"https:\/\/m.media-amazon.com\/images\/S\/aplus-media-library-service-media\/3275f64b-ecb8-4660-9b6e-67960ef2029c.__CR0,0,1464,600_PT0_SX1464_V1___.jpg\"><br \/>\n                            1 Pantalla abatible 270\u00b0 <\/p>\n<p>                            2 Estabilizador de Imagen <\/p>\n<p>                            3 Luz de relleno <\/p>\n<p>                            4 Filtro creativo <\/p>\n<p>                                                                                                       <img decoding=\"async\" alt=\"aplus content image\" src=\"https:\/\/images-na.ssl-images-amazon.com\/images\/G\/01\/x-locale\/common\/grey-pixel.gif\" class=\"a-lazy-loaded\" data-src=\"https:\/\/m.media-amazon.com\/images\/S\/aplus-media-library-service-media\/94296bde-2cbe-4544-aca9-0d5db8753f2a.__CR0,0,1464,600_PT0_SX1464_V1___.jpg\"><img decoding=\"async\" alt=\"aplus content image\" src=\"https:\/\/m.media-amazon.com\/images\/S\/aplus-media-library-service-media\/94296bde-2cbe-4544-aca9-0d5db8753f2a.__CR0,0,1464,600_PT0_SX1464_V1___.jpg\">                                               <\/p>\n<p>                                                                                <img decoding=\"async\" alt=\"aplus content image\" src=\"https:\/\/m.media-amazon.com\/images\/S\/aplus-media-library-service-media\/d20a369f-8132-4c68-a18c-35dfb9cd2758.__CR0,0,1464,600_PT0_SX1464_V1___.jpg\">                                                    <img decoding=\"async\" alt=\"aplus content image\" src=\"https:\/\/m.media-amazon.com\/images\/S\/aplus-media-library-service-media\/04a8a278-cfb3-4e16-bc99-1a673e8a80d1.__CR0,0,1464,600_PT0_SX1464_V1___.jpg\">                                                    <img decoding=\"async\" alt=\"aplus content image\" src=\"https:\/\/m.media-amazon.com\/images\/S\/aplus-media-library-service-media\/97bd03f5-3b7b-4438-92e6-68ab3a648e4e.__CR0,0,1464,600_PT0_SX1464_V1___.jpg\">                                                    <img decoding=\"async\" alt=\"aplus content image\" src=\"https:\/\/m.media-amazon.com\/images\/S\/aplus-media-library-service-media\/b735a5d3-994b-45ec-a8f0-e751fc262740.__CR0,0,1464,600_PT0_SX1464_V1___.jpg\">                   <\/p>\n<p>                       1 Temporizador          2 Time-Lapse          3 Disparo continuo          4 Grabaci\u00f3n en bucle                  <\/p>\n<p>                                                                                                       <img decoding=\"async\" alt=\"aplus content image\" src=\"https:\/\/images-na.ssl-images-amazon.com\/images\/G\/01\/x-locale\/common\/grey-pixel.gif\" class=\"a-lazy-loaded\" data-src=\"https:\/\/m.media-amazon.com\/images\/S\/aplus-media-library-service-media\/24d01cd8-8236-4f1d-a7c7-fd24b3bbd438.__CR0,0,1464,600_PT0_SX1464_V1___.jpg\"><img decoding=\"async\" alt=\"aplus content image\" src=\"https:\/\/m.media-amazon.com\/images\/S\/aplus-media-library-service-media\/24d01cd8-8236-4f1d-a7c7-fd24b3bbd438.__CR0,0,1464,600_PT0_SX1464_V1___.jpg\">                                               <\/p>\n<p> Batteries                                            \u200f                                            :                                            \u200e                                            1 A batteries required. (included)   <br \/> Product Dimensions                                            \u200f                                            :                                            \u200e                                            7.8 x 15 x 13.8 cm; 400 g   <br \/> Date First Available                                            \u200f                                            :                                            \u200e                                            6 Nov. 2025   <br \/> Manufacturer                                            \u200f                                            :                                            \u200e                                            FIREFOTO   <br \/> ASIN                                            \u200f                                            :                                            \u200e                                            B0G12X5YS1   <br \/> Item model number                                            \u200f                                            :                                            \u200e                                            AC18AA   <br \/> Country of origin                                            \u200f                                            :                                            \u200e                                            China   <br \/> Guaranteed software updates until                                            \u200f                                            :                                            \u200e                                            unknown   <br \/>       Best Sellers Rank:  21,958 in Electronics (See Top 100 in Electronics)    272 in All-in-One Digital Cameras      <br \/>  Customer reviews:                                                                                            4.1               4.1 out of 5 stars                                  (45)                                              var dpAcrHasRegisteredArcLinkClickAction;                    P.when(&#8216;A&#8217;, &#8216;ready&#8217;).execute(function(A) {                        if (dpAcrHasRegisteredArcLinkClickAction !== true) {                            dpAcrHasRegisteredArcLinkClickAction = true;                            A.declarative(                                &#8216;acrLink-click-metrics&#8217;, &#8216;click&#8217;,                                { \u00aballowLinkDefault\u00bb: true },                                function (event) {                                    if (window.ue) {                                        ue.count(\u00abacrLinkClickCount\u00bb, (ue.count(\u00abacrLinkClickCount\u00bb) || 0) + 1);                                    }                                }                            );                        }                    });                                             P.when(&#8216;A&#8217;, &#8216;cf&#8217;).execute(function(A) {                A.declarative(&#8216;acrStarsLink-click-metrics&#8217;, &#8216;click&#8217;, { \u00aballowLinkDefault\u00bb : true },  function(event){                    if(window.ue) {                        ue.count(\u00abacrStarsLinkWithPopoverClickCount\u00bb, (ue.count(\u00abacrStarsLinkWithPopoverClickCount\u00bb) || 0) + 1);                    }                });            });                          <\/p>\n<p>\u30104K Digital Camera with 64GB Card\u3011This digital camera records 4K\/30fps HD video and takes 72MP high-resolution photos, so you can easily capture life&#8217;s most beautiful moments. The included 64GB memory card lets you start creating content right away without needing to purchase additional storage. It&#8217;s perfect for vloggers and travelers who enjoy capturing the beauty of life!<br \/>\u3010Auto Focus &#038; 18X Digital Zoom\u3011This travel camera features 18x digital zoom (no optical zoom). Simply move the W\/T button to zoom in or out and easily capture faraway landscapes. Pressing the camera button halfway through, autofocus is activated and the built-in anti-shake function allows you to take sharp and stable photos even on the go. It is perfect for capturing the best moments of travel, weddings and parties<br \/>\u3010270\u00b0 Flip Screen &#038; Webcam Function\u3011This mini camera features a 2.8 inch 270\u00b0 flip screen, which allows you to get a variety of shooting angles, whether from above, from below or for selfies. With the included USB cable, it quickly transforms into an HD webcam for crystal clear live streams to YouTube\/Facebook or video calls with friends and family. You can also transfer photos and videos to your computer to share your experiences with your family anytime and anywhere<br \/>\u3010Versatile &#038; Creative Camera\u3011This 4K blogging camera offers various functions, such as fast camera video, selfies, continuous shooting and recording while charging. A built-in fill light allows for crisp black and white photos even in low-light conditions. Experiment with nine artistic filters to add creativity and interest to your photos. Whether you are a travel photographer, vlogger or nature lover, this camera fits your various needs<br \/>\u3010COMPLETE STARTER KIT &#038; AFTER-SALES SERVICE\u3011This portable digital camera includes everything you need: battery, 64GB card, USB-C cable, cleaning cloth, hand strap and instruction manual, making it easy to use even for beginners. Weighing only 370g, it&#8217;s perfect for taking with you everywhere. Capture the beauty of life anytime, anywhere. In addition, we provide 1 year warranty and excellent after-sales service. If you have any questions about this compact camera, please contact us<\/p>\n\n","protected":false},"excerpt":{"rendered":"<p> Product Description 1 C\u00e1mara Digital 4K 2 Enfoque autom\u00e1tico 3 Zoom Digital 18X 1 Pantalla<\/p>","protected":false},"featured_media":36375,"comment_status":"open","ping_status":"closed","template":"","meta":[],"product_brand":[],"product_cat":[96],"product_tag":[1913,568,10520,1858,2648,292,1917,681,1859,1861,1420,1004,1865,1854,1855,1871,3072,1856,2194,1863,1860,842,1874,1862,1857,1872,1135],"class_list":{"0":"post-36374","1":"product","2":"type-product","3":"status-publish","4":"has-post-thumbnail","6":"product_cat-photo-video","7":"product_tag-18x","8":"product_tag-64gb","9":"product_tag-72mp","10":"product_tag-action-cameras","11":"product_tag-autofocus","12":"product_tag-battery","13":"product_tag-beginners","14":"product_tag-camera","15":"product_tag-camera-accessories","16":"product_tag-camera-lenses","17":"product_tag-card","18":"product_tag-compact","19":"product_tag-digital","20":"product_tag-digital-cameras","21":"product_tag-dslr-cameras","22":"product_tag-flip","23":"product_tag-focus","24":"product_tag-mirrorless-cameras","25":"product_tag-photo","26":"product_tag-photo-equipment","27":"product_tag-professional-camera","28":"product_tag-screen","29":"product_tag-teens","30":"product_tag-tripods","31":"product_tag-video-cameras","32":"product_tag-vlog","33":"product_tag-zoom","35":"first","36":"instock","37":"shipping-taxable","38":"product-type-external"},"_links":{"self":[{"href":"https:\/\/comprasyconsejos.store\/en\/wp-json\/wp\/v2\/product\/36374","targetHints":{"allow":["GET"]}}],"collection":[{"href":"https:\/\/comprasyconsejos.store\/en\/wp-json\/wp\/v2\/product"}],"about":[{"href":"https:\/\/comprasyconsejos.store\/en\/wp-json\/wp\/v2\/types\/product"}],"replies":[{"embeddable":true,"href":"https:\/\/comprasyconsejos.store\/en\/wp-json\/wp\/v2\/comments?post=36374"}],"version-history":[{"count":0,"href":"https:\/\/comprasyconsejos.store\/en\/wp-json\/wp\/v2\/product\/36374\/revisions"}],"wp:featuredmedia":[{"embeddable":true,"href":"https:\/\/comprasyconsejos.store\/en\/wp-json\/wp\/v2\/media\/36375"}],"wp:attachment":[{"href":"https:\/\/comprasyconsejos.store\/en\/wp-json\/wp\/v2\/media?parent=36374"}],"wp:term":[{"taxonomy":"product_brand","embeddable":true,"href":"https:\/\/comprasyconsejos.store\/en\/wp-json\/wp\/v2\/product_brand?post=36374"},{"taxonomy":"product_cat","embeddable":true,"href":"https:\/\/comprasyconsejos.store\/en\/wp-json\/wp\/v2\/product_cat?post=36374"},{"taxonomy":"product_tag","embeddable":true,"href":"https:\/\/comprasyconsejos.store\/en\/wp-json\/wp\/v2\/product_tag?post=36374"}],"curies":[{"name":"wp","href":"https:\/\/api.w.org\/{rel}","templated":true}]}}