{"id":36377,"date":"2026-02-28T22:44:00","date_gmt":"2026-02-28T22:44:00","guid":{"rendered":"https:\/\/comprasyconsejos.store\/product\/daydayup-funda-compatible-con-nintendo-switch-2-consola-funda-de-transporte-dura-para-nintendo-switch-2-funda-protectora-con-almacenamiento-para-20-juegos-consola-y-accesorios-color\/"},"modified":"2026-02-28T22:44:01","modified_gmt":"2026-02-28T22:44:01","slug":"daydayup-funda-compatible-con-nintendo-switch-2-consola-funda-de-transporte-dura-para-nintendo-switch-2-funda-protectora-con-almacenamiento-para-20-juegos-consola-y-accesorios-color","status":"publish","type":"product","link":"https:\/\/comprasyconsejos.store\/en\/product\/daydayup-funda-compatible-con-nintendo-switch-2-consola-funda-de-transporte-dura-para-nintendo-switch-2-funda-protectora-con-almacenamiento-para-20-juegos-consola-y-accesorios-color\/","title":{"rendered":"daydayup Funda Compatible con Nintendo Switch 2 Consola, Funda de Transporte Dura para Nintendo Switch 2, Funda Protectora con Almacenamiento para 20 Juegos, Consola y Accesorios, Color"},"content":{"rendered":"<p>Price: <span style=\"color:#b12704\"><del>\u20ac14.43<\/del> - \u20ac13.70<\/span><br \/><i><small>(as of Feb 28, 2026 22:44:00 UTC &#8211; <span class=\"wp_automatic_amazon_disclaimer\" title=\"Product prices and availability are accurate as of the date\/time indicated and are subject to change. Any price and availability information displayed on [relevant Amazon Site(s), as applicable] at the time of purchase will apply to the purchase of this product.\">Details<\/span>)<\/small><\/i><\/p>\n<p><a href=\"https:\/\/amazon.es\/dp\/B0DRX5SZQZ?tag=man008-21\"><img decoding=\"async\" src=\"https:\/\/valvepress.s3.amazonaws.com\/imgs\/buy_now.png\"><\/a><br \/>\n<\/p>\n<p>                                             Product Description   <\/p>\n<p>                                                                                                       <img decoding=\"async\" alt=\"de la empresa Daydayup con dise\u00f1o triangular blanco sobre fondo azul. El texto en espa\u00f1ol que aparece a continuaci\u00f3n describe 12 a\u00f1os de producci\u00f3n de accesorios de juego premium para Nintendo Switch\" src=\"https:\/\/images-na.ssl-images-amazon.com\/images\/G\/01\/x-locale\/common\/grey-pixel.gif\" class=\"a-lazy-loaded\" data-src=\"https:\/\/m.media-amazon.com\/images\/S\/aplus-media-library-service-media\/c0aff5bd-e7e3-4e82-89a2-69a8a20f65a4.__CR0,0,1464,600_PT0_SX1464_V1___.png\"><img decoding=\"async\" alt=\"de la empresa Daydayup con dise\u00f1o triangular blanco sobre fondo azul. El texto en espa\u00f1ol que aparece a continuaci\u00f3n describe 12 a\u00f1os de producci\u00f3n de accesorios de juego premium para Nintendo Switch\" src=\"https:\/\/m.media-amazon.com\/images\/S\/aplus-media-library-service-media\/c0aff5bd-e7e3-4e82-89a2-69a8a20f65a4.__CR0,0,1464,600_PT0_SX1464_V1___.png\">                                               <\/p>\n<p>                                                                                                       <img decoding=\"async\" alt=\"Secci\u00f3n de rese\u00f1as de clientes que muestra m\u00faltiples valoraciones y rese\u00f1as de productos. Muestra las puntuaciones por estrellas, el recuento de rese\u00f1as y las im\u00e1genes en miniatura de varios dispositivos y accesorios electr\u00f3nicos\" src=\"https:\/\/images-na.ssl-images-amazon.com\/images\/G\/01\/x-locale\/common\/grey-pixel.gif\" class=\"a-lazy-loaded\" data-src=\"https:\/\/m.media-amazon.com\/images\/S\/aplus-media-library-service-media\/a42947d9-70d6-43b4-a502-7b25e9eaded8.__CR0,0,1464,600_PT0_SX1464_V1___.png\"><img decoding=\"async\" alt=\"Secci\u00f3n de rese\u00f1as de clientes que muestra m\u00faltiples valoraciones y rese\u00f1as de productos. Muestra las puntuaciones por estrellas, el recuento de rese\u00f1as y las im\u00e1genes en miniatura de varios dispositivos y accesorios electr\u00f3nicos\" src=\"https:\/\/m.media-amazon.com\/images\/S\/aplus-media-library-service-media\/a42947d9-70d6-43b4-a502-7b25e9eaded8.__CR0,0,1464,600_PT0_SX1464_V1___.png\">                                               <\/p>\n<p>                                                                                                       <img decoding=\"async\" alt=\"para Nintendo Switch 2 modelo 2025. Exterior r\u00edgido con asa, junto con ilustraciones de la consola y sus tama\u00f1os de pantalla.\" src=\"https:\/\/images-na.ssl-images-amazon.com\/images\/G\/01\/x-locale\/common\/grey-pixel.gif\" class=\"a-lazy-loaded\" data-src=\"https:\/\/m.media-amazon.com\/images\/S\/aplus-media-library-service-media\/9dcf1ee1-985f-48d8-8645-aab62a7ed717.__CR0,0,1464,600_PT0_SX1464_V1___.png\"><img decoding=\"async\" alt=\"para Nintendo Switch 2 modelo 2025. Exterior r\u00edgido con asa, junto con ilustraciones de la consola y sus tama\u00f1os de pantalla.\" src=\"https:\/\/m.media-amazon.com\/images\/S\/aplus-media-library-service-media\/9dcf1ee1-985f-48d8-8645-aab62a7ed717.__CR0,0,1464,600_PT0_SX1464_V1___.png\">                                               <\/p>\n<p>                                                                                                       <img decoding=\"async\" alt=\"para Nintendo Switch OLED en negro. La funda cuenta con una iluminaci\u00f3n LED azul en el borde inferior. La imagen insertada muestra la carcasa cerrada con la pantalla Switch visible a trav\u00e9s de una ventana transparente\" src=\"https:\/\/images-na.ssl-images-amazon.com\/images\/G\/01\/x-locale\/common\/grey-pixel.gif\" class=\"a-lazy-loaded\" data-src=\"https:\/\/m.media-amazon.com\/images\/S\/aplus-media-library-service-media\/715cd461-c6fd-48e2-8a0c-c7e07be13ca0.__CR0,0,1464,600_PT0_SX1464_V1___.png\"><img decoding=\"async\" alt=\"para Nintendo Switch OLED en negro. La funda cuenta con una iluminaci\u00f3n LED azul en el borde inferior. La imagen insertada muestra la carcasa cerrada con la pantalla Switch visible a trav\u00e9s de una ventana transparente\" src=\"https:\/\/m.media-amazon.com\/images\/S\/aplus-media-library-service-media\/715cd461-c6fd-48e2-8a0c-c7e07be13ca0.__CR0,0,1464,600_PT0_SX1464_V1___.png\">                                               <\/p>\n<p>                                                                                                       <img decoding=\"async\" alt=\"Comparaci\u00f3n de dos joysticks de controladores de juegos. La izquierda muestra una cabeza de joystick de nylon lisa. La derecha muestra un joystick met\u00e1lico con estr\u00edas visibles. Los paneles inferiores resaltan la disposici\u00f3n de los botones.\" src=\"https:\/\/images-na.ssl-images-amazon.com\/images\/G\/01\/x-locale\/common\/grey-pixel.gif\" class=\"a-lazy-loaded\" data-src=\"https:\/\/m.media-amazon.com\/images\/S\/aplus-media-library-service-media\/59607a21-a855-4c46-8ba4-3a27ce7be000.__CR0,0,1464,600_PT0_SX1464_V1___.png\"><img decoding=\"async\" alt=\"Comparaci\u00f3n de dos joysticks de controladores de juegos. La izquierda muestra una cabeza de joystick de nylon lisa. La derecha muestra un joystick met\u00e1lico con estr\u00edas visibles. Los paneles inferiores resaltan la disposici\u00f3n de los botones.\" src=\"https:\/\/m.media-amazon.com\/images\/S\/aplus-media-library-service-media\/59607a21-a855-4c46-8ba4-3a27ce7be000.__CR0,0,1464,600_PT0_SX1464_V1___.png\">                                               <\/p>\n<p>                                                                                  <img decoding=\"async\" alt=\"Funda de transporte de gran capacidad para accesorios de juego. La funda abierta muestra compartimentos organizados para guardar la consola, los controladores, los cables y otros perif\u00e9ricos. En el lado izquierdo se muestran los iconos individuales de los accesorios.\" src=\"https:\/\/m.media-amazon.com\/images\/S\/aplus-media-library-service-media\/6e7c5b39-bdc9-4411-bbba-4d224d303452.__CR0,0,1464,600_PT0_SX1464_V1___.png\">       <\/p>\n<p>                                                                                  <img decoding=\"async\" alt=\"en una funda protectora negra. La funda presenta un dise\u00f1o de solapa \u00fanico para facilitar el acceso al bot\u00f3n de encendido, con una pantalla colorida visible\" src=\"https:\/\/m.media-amazon.com\/images\/S\/aplus-media-library-service-media\/a9a4c125-aaaa-4e4f-8238-3bdb1b839739.__CR0,0,1464,600_PT0_SX1464_V1___.png\">       <\/p>\n<p>                                                                                  <img decoding=\"async\" alt=\"para Nintendo Switch OLED, con un suave forro interior que cubre la pantalla. La funda tiene compartimentos moldeados para la consola y los controladores.\" src=\"https:\/\/m.media-amazon.com\/images\/S\/aplus-media-library-service-media\/9b127217-e552-40ec-8ba1-f45b70c86d3f.__CR0,0,1464,600_PT0_SX1464_V1___.png\">       <\/p>\n<p>                                                                                  <img decoding=\"async\" alt=\"con asa. El primer plano muestra una superficie texturizada y un agarre robusto. La imagen insertada demuestra que se puede transportar f\u00e1cilmente\" src=\"https:\/\/m.media-amazon.com\/images\/S\/aplus-media-library-service-media\/c5d08e7d-d380-4c3c-932d-f56b78898b1b.__CR0,0,1464,600_PT0_SX1464_V1___.png\">       <\/p>\n<p>                                                                                  <img decoding=\"async\" alt=\"Primer plano de una superficie texturizada negra con formas cuadradas y curvas con contornos azules, que posiblemente representen tiras de cierre de velcro\" src=\"https:\/\/m.media-amazon.com\/images\/S\/aplus-media-library-service-media\/95c0c341-ba61-4f7a-84d2-6a51874b653f.__CR0,0,1464,600_PT0_SX1464_V1___.png\">       <\/p>\n<p>                                                                                                       <img decoding=\"async\" alt=\"Hombre jugando videojuegos en una gran pantalla de TV que muestra personajes coloridos. Altavoz port\u00e1til negro visible en primer plano. Decoraci\u00f3n de sala de estar con planta y l\u00e1mpara.\" src=\"https:\/\/images-na.ssl-images-amazon.com\/images\/G\/01\/x-locale\/common\/grey-pixel.gif\" class=\"a-lazy-loaded\" data-src=\"https:\/\/m.media-amazon.com\/images\/S\/aplus-media-library-service-media\/a324189a-545e-4cea-bc4b-09b723f07b99.__CR0,0,1464,600_PT0_SX1464_V1___.png\"><img decoding=\"async\" alt=\"Hombre jugando videojuegos en una gran pantalla de TV que muestra personajes coloridos. Altavoz port\u00e1til negro visible en primer plano. Decoraci\u00f3n de sala de estar con planta y l\u00e1mpara.\" src=\"https:\/\/m.media-amazon.com\/images\/S\/aplus-media-library-service-media\/a324189a-545e-4cea-bc4b-09b723f07b99.__CR0,0,1464,600_PT0_SX1464_V1___.png\">                                               <\/p>\n<p> Package Dimensions                                            \u200f                                            :                                            \u200e                                            29.5 x 14.5 x 7.5 cm; 328.85 g   <br \/> ASIN                                            \u200f                                            :                                            \u200e                                            B0DRX5SZQZ   <br \/> Item model number                                            \u200f                                            :                                            \u200e                                            BT-CASE   <br \/>       Best Sellers Rank:  75 in Videogames (See Top 100 in Videogames)    1 in Nintendo DS Cases   1 in Nintendo 3DS &#038; 2DS Cases   1 in Nintendo Switch Cases      <br \/>  Customer reviews:                                                                                            4.7               4.7 out of 5 stars                                  (35,099)                                              var dpAcrHasRegisteredArcLinkClickAction;                    P.when(&#8216;A&#8217;, &#8216;ready&#8217;).execute(function(A) {                        if (dpAcrHasRegisteredArcLinkClickAction !== true) {                            dpAcrHasRegisteredArcLinkClickAction = true;                            A.declarative(                                &#8216;acrLink-click-metrics&#8217;, &#8216;click&#8217;,                                { \u00aballowLinkDefault\u00bb: true },                                function (event) {                                    if (window.ue) {                                        ue.count(\u00abacrLinkClickCount\u00bb, (ue.count(\u00abacrLinkClickCount\u00bb) || 0) + 1);                                    }                                }                            );                        }                    });                                             P.when(&#8216;A&#8217;, &#8216;cf&#8217;).execute(function(A) {                A.declarative(&#8216;acrStarsLink-click-metrics&#8217;, &#8216;click&#8217;, { \u00aballowLinkDefault\u00bb : true },  function(event){                    if(window.ue) {                        ue.count(\u00abacrStarsLinkWithPopoverClickCount\u00bb, (ue.count(\u00abacrStarsLinkWithPopoverClickCount\u00bb) || 0) + 1);                    }                });            });                          <\/p>\n<p>High Quality Case for Switch 2 &#8211; High quality and durable hard shell protects your for Switch 2 from scratches. Hook and loop fasteners secure the Switch 2 inside the case (we have the velcro closures instead of two elastic bands for easy packing and removing the switch with the velcro straps) so you can hold your Switch more stable and comfortable when traveling or not playing Switch 2.<br \/>UNIQUE ZIPPER HEAD DESIGN &#8211; We use high quality nylon zipper head, not like the other switch 2 case, the iron zipper head will scratch your precious switch (we show this contrast in the fifth picture). The zipper ensures that your small items will not fall out<br \/>Large Storage A large mesh zipper pocket provides secure storage space for some small Nintendo Switch accessories such as small charger, charging cable, slim power bank, headphones and 2 extra Joy-Cons, easier to close and easier to carry. It also builds with 20 game card slots, allowing you to carry and change your favorite games anytime, anywhere.<br \/>Multiple Protection Our carrying case is large on the inside but small on the outside. It is strong enough for great daily protection. Designed to make your new Switch 2 console even more portable and easy to carry<br \/>Service:If you are not completely satisfied with our case, please contact us. Hestia Goods adheres to high quality products and services for this purpose<\/p>\n\n","protected":false},"excerpt":{"rendered":"<p> Product Description Package Dimensions \u200f : \u200e 29.5 x 14.5 x 7.5 cm; 328.85 g<\/p>","protected":false},"featured_media":36378,"comment_status":"open","ping_status":"closed","template":"","meta":[],"product_brand":[],"product_cat":[61],"product_tag":[7930,4304,312,201,3994,3981,1880,10521,10522,5000,1881,1875,1883,1884,4440,2685,1878,3954,1876,5006,1062,5222,1879,1882,1877],"class_list":{"0":"post-36377","1":"product","2":"type-product","3":"status-publish","4":"has-post-thumbnail","6":"product_cat-games-entertainment","7":"product_tag-accesorios","8":"product_tag-almacenamiento","9":"product_tag-color","10":"product_tag-compatible","11":"product_tag-con","12":"product_tag-consola","13":"product_tag-console-games","14":"product_tag-daydayup","15":"product_tag-dura","16":"product_tag-funda","17":"product_tag-gaming-accessories","18":"product_tag-gaming-consoles","19":"product_tag-gaming-controllers","20":"product_tag-home-gaming-system","21":"product_tag-juegos","22":"product_tag-nintendo","23":"product_tag-nintendo-console","24":"product_tag-para","25":"product_tag-playstation-console","26":"product_tag-protectora","27":"product_tag-switch","28":"product_tag-transporte","29":"product_tag-video-games","30":"product_tag-vr-headset","31":"product_tag-xbox-console","33":"first","34":"instock","35":"sale","36":"shipping-taxable","37":"product-type-external"},"_links":{"self":[{"href":"https:\/\/comprasyconsejos.store\/en\/wp-json\/wp\/v2\/product\/36377","targetHints":{"allow":["GET"]}}],"collection":[{"href":"https:\/\/comprasyconsejos.store\/en\/wp-json\/wp\/v2\/product"}],"about":[{"href":"https:\/\/comprasyconsejos.store\/en\/wp-json\/wp\/v2\/types\/product"}],"replies":[{"embeddable":true,"href":"https:\/\/comprasyconsejos.store\/en\/wp-json\/wp\/v2\/comments?post=36377"}],"version-history":[{"count":0,"href":"https:\/\/comprasyconsejos.store\/en\/wp-json\/wp\/v2\/product\/36377\/revisions"}],"wp:featuredmedia":[{"embeddable":true,"href":"https:\/\/comprasyconsejos.store\/en\/wp-json\/wp\/v2\/media\/36378"}],"wp:attachment":[{"href":"https:\/\/comprasyconsejos.store\/en\/wp-json\/wp\/v2\/media?parent=36377"}],"wp:term":[{"taxonomy":"product_brand","embeddable":true,"href":"https:\/\/comprasyconsejos.store\/en\/wp-json\/wp\/v2\/product_brand?post=36377"},{"taxonomy":"product_cat","embeddable":true,"href":"https:\/\/comprasyconsejos.store\/en\/wp-json\/wp\/v2\/product_cat?post=36377"},{"taxonomy":"product_tag","embeddable":true,"href":"https:\/\/comprasyconsejos.store\/en\/wp-json\/wp\/v2\/product_tag?post=36377"}],"curies":[{"name":"wp","href":"https:\/\/api.w.org\/{rel}","templated":true}]}}