{"id":36380,"date":"2026-02-28T23:32:48","date_gmt":"2026-02-28T23:32:48","guid":{"rendered":"https:\/\/comprasyconsejos.store\/product\/doogee-n55-mobile-phone-6-56-inches-hd-90hz-android-14-smartphone-with-9gb-ram-128gb-rom-octa-core-free-mobile-phones-dual-4g-nano-sim-phone-5150mah-face-unlock-natural\/"},"modified":"2026-02-28T23:32:51","modified_gmt":"2026-02-28T23:32:51","slug":"doogee-n55-mobile-phone-6-56-inches-hd-90hz-android-14-smartphone-with-9gb-ram-128gb-rom-octa-core-free-mobile-phones-dual-4g-nano-sim-phone-5150mah-face-unlock-natural","status":"publish","type":"product","link":"https:\/\/comprasyconsejos.store\/en\/product\/doogee-n55-mobile-phone-6-56-inches-hd-90hz-android-14-smartphone-with-9gb-ram-128gb-rom-octa-core-free-mobile-phones-dual-4g-nano-sim-phone-5150mah-face-unlock-natural\/","title":{"rendered":"DOOGEE N55 Mobile Phone 6.56 Inches HD+ 90Hz, Android 14 Smartphone with 9GB RAM + 128GB ROM, Octa-Core Free Mobile Phones, Dual 4G Nano SIM Phone, 5150mAh, Face Unlock, Natural"},"content":{"rendered":"<p>Price: <span style=\"color:#b12704\">\u20ac89.99<\/span><br \/><i><small>(as of Feb 28, 2026 23:32:48 UTC &#8211; <span class=\"wp_automatic_amazon_disclaimer\" title=\"Product prices and availability are accurate as of the date\/time indicated and are subject to change. Any price and availability information displayed on [relevant Amazon Site(s), as applicable] at the time of purchase will apply to the purchase of this product.\">Details<\/span>)<\/small><\/i><\/p>\n<p><a href=\"https:\/\/amazon.es\/dp\/B0D83MFV8Q?tag=man008-21\"><img decoding=\"async\" src=\"https:\/\/valvepress.s3.amazonaws.com\/imgs\/buy_now.png\"><\/a><br \/>\n<\/p>\n<p>                                             Product Description   <\/p>\n<p>                                                                            <img decoding=\"async\" alt=\"Anuncio en pantalla para tel\u00e9fonos inteligentes que muestra una pantalla IPS HD+ de 90 Hz de 6,56 pulgadas con imagen de un glaciar y texto en espa\u00f1ol que describe las caracter\u00edsticas de la pantalla con\" src=\"https:\/\/m.media-amazon.com\/images\/S\/aplus-media-library-service-media\/1aa81f08-0715-40e1-ba89-3e1b5c07da64.__CR0,0,1464,600_PT0_SX1464_V1___.jpg\">                                                    <img decoding=\"async\" alt=\"Gr\u00e1fico de compatibilidad con streaming digital con una ilustraci\u00f3n de un drag\u00f3n azul y los logotipos de YouTube, Amazon y Hulu a continuaci\u00f3n. El texto indica que es compatible con Widevine L1.\" src=\"https:\/\/m.media-amazon.com\/images\/S\/aplus-media-library-service-media\/24cec5fe-bef6-4851-be1a-cc39c2f6b816.__CR0,0,1464,600_PT0_SX1464_V1___.jpg\">                           <\/p>\n<p>                       1 6.56&#8243; HD+ 90Hz          2 Widevine L1 Soporte                            <\/p>\n<p>                                                                              <img decoding=\"async\" alt=\"para tel\u00e9fonos inteligentes que destaca la capacidad de la bater\u00eda de 5150 mAh. Los iconos muestran funciones como el tiempo de espera, la reproducci\u00f3n de m\u00fasica y la duraci\u00f3n de la visualizaci\u00f3n del v\u00eddeo\" src=\"https:\/\/m.media-amazon.com\/images\/S\/aplus-media-library-service-media\/57310565-d4cd-4c31-b56e-8071203e8a79.__CR0,0,1464,600_PT0_SX1464_V1___.jpg\">                                                    <img decoding=\"async\" alt=\"Smartphone que muestra varias miniaturas de im\u00e1genes y muestra contenido diverso. El texto indica 4 GB+5 GB de RAM, 128 GB de ROM\" src=\"https:\/\/m.media-amazon.com\/images\/S\/aplus-media-library-service-media\/24f74824-e9c8-4bdb-8cb9-474a344b224a.__CR0,0,1464,600_PT0_SX1464_V1___.jpg\">                                                    <img decoding=\"async\" alt=\"Varias pantallas de tel\u00e9fonos inteligentes muestran las funciones de la interfaz de Android 14 y muestran varios dise\u00f1os de aplicaciones y funcionalidades del sistema en espa\u00f1ol.\" src=\"https:\/\/m.media-amazon.com\/images\/S\/aplus-media-library-service-media\/75704e57-faa9-4f22-a9b0-614baaeb8cc6.__CR0,0,1464,600_PT0_SX1464_V1___.jpg\">                       <\/p>\n<p>                       1 Bater\u00eda de 5150mAh          2 9GB RAM + 128GB ROM          3 Android 14                       <\/p>\n<p>                                                                                                       <img decoding=\"async\" alt=\"Tres maquetas de interfaces de tel\u00e9fonos inteligentes que muestran el sistema de navegaci\u00f3n, los mapas y las funciones de montaje de dispositivos con etiquetas de texto en espa\u00f1ol\" src=\"https:\/\/images-na.ssl-images-amazon.com\/images\/G\/01\/x-locale\/common\/grey-pixel.gif\" class=\"a-lazy-loaded\" data-src=\"https:\/\/m.media-amazon.com\/images\/S\/aplus-media-library-service-media\/93aa94cb-e4bf-4077-9211-67f5587bafe2.__CR0,0,1464,600_PT0_SX1464_V1___.jpg\"><img decoding=\"async\" alt=\"Tres maquetas de interfaces de tel\u00e9fonos inteligentes que muestran el sistema de navegaci\u00f3n, los mapas y las funciones de montaje de dispositivos con etiquetas de texto en espa\u00f1ol\" src=\"https:\/\/m.media-amazon.com\/images\/S\/aplus-media-library-service-media\/93aa94cb-e4bf-4077-9211-67f5587bafe2.__CR0,0,1464,600_PT0_SX1464_V1___.jpg\">                                               <\/p>\n<p>                                                                                                       <img decoding=\"async\" alt=\"del protector de pantalla para tel\u00e9fonos inteligentes que muestra m\u00faltiples funciones de protecci\u00f3n y pasos de instalaci\u00f3n con maquetas de dispositivos\" src=\"https:\/\/images-na.ssl-images-amazon.com\/images\/G\/01\/x-locale\/common\/grey-pixel.gif\" class=\"a-lazy-loaded\" data-src=\"https:\/\/m.media-amazon.com\/images\/S\/aplus-media-library-service-media\/cd2ee3c1-3217-4ba4-ba42-0340f84e665f.__CR0,0,1464,600_PT0_SX1464_V1___.jpg\"><img decoding=\"async\" alt=\"del protector de pantalla para tel\u00e9fonos inteligentes que muestra m\u00faltiples funciones de protecci\u00f3n y pasos de instalaci\u00f3n con maquetas de dispositivos\" src=\"https:\/\/m.media-amazon.com\/images\/S\/aplus-media-library-service-media\/cd2ee3c1-3217-4ba4-ba42-0340f84e665f.__CR0,0,1464,600_PT0_SX1464_V1___.jpg\">                                               <\/p>\n<p>                                                                                                                                                                                                                                                                                                                                                                                                          Product Model                                    DOOGEE N55                                        Pantalla                                    Pantalla IPS Waterdrop de 6,56&#8243;                                        Memoria                                    9GB RAM (4+5) + 128GB ROM \/ 1TB TF Card                                        Sistema Operativo                                    Android 14                                        Bater\u00eda                                    5150mAh                                        C\u00e1mara                                    13MP Trasera + 8MP Frontal                                        Modo de Disparo:                                    HDR, V\u00eddeo, Imagen, Modo Pro, C\u00f3digo QR, Marca de agua, Belleza, Retrato, Panorama, Filtro, Modo nocturno, Nota de audio, Smile Shutter                                        Frecuencia de Actualizaci\u00f3n                                    90Hz                                                         Widevine L1                                    Soporte                                        Network                                    GSM:B2\/3\/5\/8   &#8211;    WCDMAB\uff1a1\/2\/4\/5\/8      &#8211;      TDD:38\/40\/41      &#8211;     FDD:B1\/2\/3\/4\/5\/7\/8\/18\/19\/20\/25\/26\/28A\/28B\/66                                        Resoluci\u00f3n                                    720*1612 HD+                                        OTG                                    Soporte                                        Interfaz del cargador                                    Tipo-C                                        Sensor de Gravedad                                    Soporte                                        Sensor de Distancia                                    Soporte                                        Sensor de Luz Ambiental                                    Soporte                     <\/p>\n<p> Batteries                                            \u200f                                            :                                            \u200e                                            1 Lithium Polymer batteries required. (included)   <br \/> Package Dimensions                                            \u200f                                            :                                            \u200e                                            19.4 x 10.4 x 5.15 cm; 262 g   <br \/> Manufacturer                                            \u200f                                            :                                            \u200e                                            DOOGEE   <br \/> ASIN                                            \u200f                                            :                                            \u200e                                            B0D83MFV8Q   <br \/> Item model number                                            \u200f                                            :                                            \u200e                                            N55   <br \/> Guaranteed software updates until                                            \u200f                                            :                                            \u200e                                            unknown   <br \/>  Customer reviews:                                                                                            4.6               4.6 out of 5 stars                                  (4)                                              var dpAcrHasRegisteredArcLinkClickAction;                    P.when(&#8216;A&#8217;, &#8216;ready&#8217;).execute(function(A) {                        if (dpAcrHasRegisteredArcLinkClickAction !== true) {                            dpAcrHasRegisteredArcLinkClickAction = true;                            A.declarative(                                &#8216;acrLink-click-metrics&#8217;, &#8216;click&#8217;,                                { \u00aballowLinkDefault\u00bb: true },                                function (event) {                                    if (window.ue) {                                        ue.count(\u00abacrLinkClickCount\u00bb, (ue.count(\u00abacrLinkClickCount\u00bb) || 0) + 1);                                    }                                }                            );                        }                    });                                             P.when(&#8216;A&#8217;, &#8216;cf&#8217;).execute(function(A) {                A.declarative(&#8216;acrStarsLink-click-metrics&#8217;, &#8216;click&#8217;, { \u00aballowLinkDefault\u00bb : true },  function(event){                    if(window.ue) {                        ue.count(\u00abacrStarsLinkWithPopoverClickCount\u00bb, (ue.count(\u00abacrStarsLinkWithPopoverClickCount\u00bb) || 0) + 1);                    }                });            });                          <\/p>\n<p>\u30106.56 inch 90Hz Waterdrop HD+ Display\u3011The N55 mobile phone is equipped with a 6.56 inch HD+ Waterdrop screen and a 90Hz refresh rate, which supports a maximum brightness of 350 nits, giving you a wider field of view and effects and more impressive images. Whether you are watching HD movies, exploring photos, playing games or watching live streams, the mobile can provide a more comfortable user experience.<br \/>\u3010Latest Android 14.0 &#038; Dual 4G LTE System\u3011DOOGEE n55 smartphone equipped with the latest Android 14 operating system, not only supports more apps and functions, but also makes your phone more efficient and stable, allowing you to enjoy a worry-free user experience. In addition, the android phone also supports dual SIM and dual standby mode, allowing you to freely switch between two 4G nano SIM cards for home or work use.<br \/>\u3010Powerful 9GB RAM + 128GB ROM &#038; Octa-Core\u3011 DOOGEE N55 mobile phones come with a base 4GB RAM (virtual expandable ram 5GB) and 128GB ROM (expandable up to TF 1TB), allowing you to enjoy fast application performance and smooth multitasking. Whether you are gaming, listening to music, watching movies or working, it can easily meet your needs.<br \/>\u30105150mAh Large Capacity Battery\u3011 The cheap and good DOOGEE N55 series phones feature a 5150mAh large capacity battery, which allows you to play all day without worrying about running out of power. In addition, the cell phone also supports 10W fast charging, which can charge up to 80% in an hour, making it more convenient and time-saving.<br \/>\u3010Face Unlock &#038; Widevine L1 Support\u3011 The doogee n55 free mobile phones and smartphones has a sophisticated and elegant appearance, it is compatible with Widevine L1, which allows you to watch high definition videos 1080P and above. In addition, N55 phone comes with 13MP + 8MP camera, supports face unlock, which is very suitable to use as a main phone or as a backup phone.<\/p>\n\n","protected":false},"excerpt":{"rendered":"<p> Product Description 1 6.56&#8243; HD+ 90Hz 2 Widevine L1 Soporte 1 Bater\u00eda de 5150mAh 2<\/p>","protected":false},"featured_media":36381,"comment_status":"open","ping_status":"closed","template":"","meta":[],"product_brand":[],"product_cat":[100],"product_tag":[700,5823,1890,833,10523,391,1891,1896,1893,6113,298,841,2537,1611,1892,1889,1275,1888,9212,1205,985,659,230,392,587,913,2827,1897,1894,1895,1588,1061],"class_list":{"0":"post-36380","1":"product","2":"type-product","3":"status-publish","4":"has-post-thumbnail","6":"product_cat-smartphones","7":"product_tag-128gb","8":"product_tag-5150mah","9":"product_tag-5g-smartphones","10":"product_tag-90hz","11":"product_tag-9gb","12":"product_tag-android","13":"product_tag-android-phones","14":"product_tag-best-smartphones","15":"product_tag-budget-smartphones","16":"product_tag-doogee","17":"product_tag-dual","18":"product_tag-face","19":"product_tag-free","20":"product_tag-inches","21":"product_tag-iphone-smartphones","22":"product_tag-latest-smartphones","23":"product_tag-mobile","24":"product_tag-mobile-phones","25":"product_tag-n55","26":"product_tag-nano","27":"product_tag-natural","28":"product_tag-octacore","29":"product_tag-phone","30":"product_tag-phones","31":"product_tag-ram","32":"product_tag-rom","33":"product_tag-sim","34":"product_tag-smartphone","35":"product_tag-smartphone-deals","36":"product_tag-smartphone-price","37":"product_tag-smartphones","38":"product_tag-unlock","40":"first","41":"instock","42":"shipping-taxable","43":"product-type-external"},"_links":{"self":[{"href":"https:\/\/comprasyconsejos.store\/en\/wp-json\/wp\/v2\/product\/36380","targetHints":{"allow":["GET"]}}],"collection":[{"href":"https:\/\/comprasyconsejos.store\/en\/wp-json\/wp\/v2\/product"}],"about":[{"href":"https:\/\/comprasyconsejos.store\/en\/wp-json\/wp\/v2\/types\/product"}],"replies":[{"embeddable":true,"href":"https:\/\/comprasyconsejos.store\/en\/wp-json\/wp\/v2\/comments?post=36380"}],"version-history":[{"count":0,"href":"https:\/\/comprasyconsejos.store\/en\/wp-json\/wp\/v2\/product\/36380\/revisions"}],"wp:featuredmedia":[{"embeddable":true,"href":"https:\/\/comprasyconsejos.store\/en\/wp-json\/wp\/v2\/media\/36381"}],"wp:attachment":[{"href":"https:\/\/comprasyconsejos.store\/en\/wp-json\/wp\/v2\/media?parent=36380"}],"wp:term":[{"taxonomy":"product_brand","embeddable":true,"href":"https:\/\/comprasyconsejos.store\/en\/wp-json\/wp\/v2\/product_brand?post=36380"},{"taxonomy":"product_cat","embeddable":true,"href":"https:\/\/comprasyconsejos.store\/en\/wp-json\/wp\/v2\/product_cat?post=36380"},{"taxonomy":"product_tag","embeddable":true,"href":"https:\/\/comprasyconsejos.store\/en\/wp-json\/wp\/v2\/product_tag?post=36380"}],"curies":[{"name":"wp","href":"https:\/\/api.w.org\/{rel}","templated":true}]}}