{"id":36385,"date":"2026-03-01T00:16:29","date_gmt":"2026-03-01T00:16:29","guid":{"rendered":"https:\/\/comprasyconsejos.store\/product\/ugreen-m-2-nvme-usb-c-3-2-gen-2-ssd-enclosure-10gbps-pcie-hard-drive-enclosure-case-support-uasp-and-trim-compatible-with-4tb-m-mb-key-2230-2242-2260-2280-not-compatible-with-sata\/"},"modified":"2026-03-01T00:16:30","modified_gmt":"2026-03-01T00:16:30","slug":"ugreen-m-2-nvme-usb-c-3-2-gen-2-ssd-enclosure-10gbps-pcie-hard-drive-enclosure-case-support-uasp-and-trim-compatible-with-4tb-m-mb-key-2230-2242-2260-2280-not-compatible-with-sata","status":"publish","type":"product","link":"https:\/\/comprasyconsejos.store\/en\/product\/ugreen-m-2-nvme-usb-c-3-2-gen-2-ssd-enclosure-10gbps-pcie-hard-drive-enclosure-case-support-uasp-and-trim-compatible-with-4tb-m-mb-key-2230-2242-2260-2280-not-compatible-with-sata\/","title":{"rendered":"UGREEN M.2 NVMe USB C 3.2 Gen 2 SSD Enclosure, 10Gbps PCIe Hard Drive Enclosure Case Support UASP and Trim, Compatible with 4TB M\/M+B Key 2230\/2242\/2260\/2280 (Not Compatible with SATA)"},"content":{"rendered":"<p>Price: <span style=\"color:#b12704\"><del>\u20ac22.99<\/del> - \u20ac16.09<\/span><br \/><i><small>(as of Mar 01, 2026 00:16:29 UTC &#8211; <span class=\"wp_automatic_amazon_disclaimer\" title=\"Product prices and availability are accurate as of the date\/time indicated and are subject to change. Any price and availability information displayed on [relevant Amazon Site(s), as applicable] at the time of purchase will apply to the purchase of this product.\">Details<\/span>)<\/small><\/i><\/p>\n<p><a href=\"https:\/\/amazon.es\/dp\/B0D53K7HK9?tag=man008-21\"><img decoding=\"async\" src=\"https:\/\/valvepress.s3.amazonaws.com\/imgs\/buy_now.png\"><\/a><br \/>\n<\/p>\n<p>                                             Product Description   <\/p>\n<p>The video showcases the product in use.The video guides you through product setup.The video compares multiple products.The video shows the product being unpacked. Carcasa SSD M.2 NVMe Merchant video<\/p>\n<p>                                                                                  <img decoding=\"async\" alt=\"Diagrama de compatibilidad del hardware de la computadora que muestra las conexiones SSD NVMe M.2 y las opciones de interfaz PCIe con especificaciones t\u00e9cnicas\" src=\"https:\/\/m.media-amazon.com\/images\/S\/aplus-media-library-service-media\/2b57a80c-ddad-44a4-bc3f-baf2b705b2ab.__CR0,0,1464,600_PT0_SX1464_V1___.jpg\">       <\/p>\n<p>                                                                                  <img decoding=\"async\" alt=\"Diagrama de compatibilidad que muestra tres SSD M.2. Dos est\u00e1n etiquetadas como \u00abSATA M.2\u00bb y una como \u00abSATA M.2\u00bb. El mensaje de advertencia indica que \u00abNO ES COMPATIBLE\u00bb\" src=\"https:\/\/m.media-amazon.com\/images\/S\/aplus-media-library-service-media\/22f3c0dd-2719-42ed-86e4-840a3b352303.__CR0,0,1464,600_PT0_SX1464_V1___.jpg\">       <\/p>\n<h3>\n<p class=\"aplus-question aplus-p1\"> \u00bfQu\u00e9 pasa si no se reconoce mi disco duro? <\/p>\n<\/h3>\n<p class=\"aplus-answer aplus-p2\"> 1. Primero, confirme si su disco duro es un SSD de tipo NVME; <\/p>\n<p class=\"aplus-answer aplus-p2\"> 2. Confirme si el formato del disco duro es consistente con el formato de disco duro compatible con el sistema. Windows admite NTFS\/exFAT\/FAT32, y Linux y MacOS admiten exFAT. <\/p>\n<h3>\n<p class=\"aplus-question aplus-p1\"> \u00bfQu\u00e9 debo hacer si el disco duro y el tipo de archivo son compatibles pero a\u00fan as\u00ed no se pueden reconocer? <\/p>\n<\/h3>\n<p class=\"aplus-answer aplus-p2\"> Confirme que la interfaz SSD est\u00e9 conectada a la caja del disco duro, haga una copia de seguridad de los datos y luego particione y formatee el disco duro. <\/p>\n<h3>\n<p class=\"aplus-question aplus-p1\"> \u00bfPor qu\u00e9 mi computadora no puede leer el disco duro? <\/p>\n<\/h3>\n<p class=\"aplus-answer aplus-p2\"> Si est\u00e1 utilizando una computadora de escritorio, se recomienda que la conecte al puerto USB en la parte posterior del host; Confirme si su computadora admite el tama\u00f1o de su disco duro. <\/p>\n<p>                                                                                                       <img decoding=\"async\" alt=\"Dispositivo de almacenamiento port\u00e1til con cable USB, que se muestra junto a los iconos de varios sistemas operativos, incluidos Windows, macOS, Linux y Chrome OS, lo que sugiere compatibilidad multiplataforma\" src=\"https:\/\/images-na.ssl-images-amazon.com\/images\/G\/01\/x-locale\/common\/grey-pixel.gif\" class=\"a-lazy-loaded\" data-src=\"https:\/\/m.media-amazon.com\/images\/S\/aplus-media-library-service-media\/9654653b-ac2e-4bbe-9b7a-38a99adfb244.__CR0,0,1464,600_PT0_SX1464_V1___.jpg\"><img decoding=\"async\" alt=\"Dispositivo de almacenamiento port\u00e1til con cable USB, que se muestra junto a los iconos de varios sistemas operativos, incluidos Windows, macOS, Linux y Chrome OS, lo que sugiere compatibilidad multiplataforma\" src=\"https:\/\/m.media-amazon.com\/images\/S\/aplus-media-library-service-media\/9654653b-ac2e-4bbe-9b7a-38a99adfb244.__CR0,0,1464,600_PT0_SX1464_V1___.jpg\">                                               <\/p>\n<p>                                                                                  <img decoding=\"async\" alt=\"Ilustraci\u00f3n digital de una estructura brillante en forma de cubo con texto superpuesto que menciona USB, UASP\" src=\"https:\/\/m.media-amazon.com\/images\/S\/aplus-media-library-service-media\/b08f8d7f-fd15-46af-b67d-7993e9ab739b.__CR0,0,1464,600_PT0_SX1464_V1___.jpg\">       <\/p>\n<p>                                                                                  <img decoding=\"async\" alt=\"que muestra estad\u00edsticas y gr\u00e1ficos de transferencia de datos, con un dispositivo externo conectado por cable. La pantalla muestra las m\u00e9tricas de rendimiento en espa\u00f1ol.\" src=\"https:\/\/m.media-amazon.com\/images\/S\/aplus-media-library-service-media\/93ee068a-f193-4dd8-bd4c-34f0ada95e0c.__CR0,0,1464,600_PT0_SX1464_V1___.jpg\">       <\/p>\n<p>                                                                                  <img decoding=\"async\" alt=\"Diagrama t\u00e9cnico que muestra el rendimiento de disipaci\u00f3n de calor con efectos de luz azul y el gr\u00e1fico de temperatura adjunto\" src=\"https:\/\/m.media-amazon.com\/images\/S\/aplus-media-library-service-media\/15fb145b-94b0-4fb9-a412-34170150d734.__CR0,0,1464,600_PT0_SX1464_V1___.jpg\">       <\/p>\n<p>                                                                                  <img decoding=\"async\" alt=\"Dispositivo port\u00e1til plateado con conexi\u00f3n USB que se muestra sobre un fondo oscuro con un indicador de tiempo circular que muestra \u00ab15 minutos\u00bb en iluminaci\u00f3n azul\" src=\"https:\/\/m.media-amazon.com\/images\/S\/aplus-media-library-service-media\/69d5840b-ce9b-4607-9ced-7d3239320611.__CR0,0,1464,600_PT0_SX1464_V1___.jpg\">       <\/p>\n<p>                                                                                  <img decoding=\"async\" alt=\"Diagrama de dimensiones del producto que muestra un dispositivo delgado y compacto con medidas en mil\u00edmetros junto con una demostraci\u00f3n de uso.\" src=\"https:\/\/m.media-amazon.com\/images\/S\/aplus-media-library-service-media\/850d3b18-9cf6-4601-b6f4-ada9a833ae4e.__CR0,0,1464,600_PT0_SX1464_V1___.jpg\">       <\/p>\n<h3 class=\"a-text-center aplus-h1 a-text-bold\"> Case Nvme <\/h3>\n<p>                         Add To Basket  <\/p>\n<p>                         Add To Basket  <\/p>\n<p>                         Add To Basket  <\/p>\n<p>                         Add To Basket  <\/p>\n<p>                         Add To Basket  <\/p>\n<p>                         Add To Basket  <\/p>\n<p>                         Add To Basket  <\/p>\n<p>                                     Customer Reviews  <\/p>\n<p>                    4.4 out of 5 stars  3,360  <\/p>\n<p>                    4.6 out of 5 stars  14,698  <\/p>\n<p>                    4.4 out of 5 stars  702  <\/p>\n<p>                    4.6 out of 5 stars  2,609  <\/p>\n<p>                    4.5 out of 5 stars  593  <\/p>\n<p>                    4.3 out of 5 stars  346  <\/p>\n<p>                    4.1 out of 5 stars  1,150  <\/p>\n<p>                                     Price  <\/p>\n<p>                                                        \u20ac16.09\u20ac16.09     <\/p>\n<p>                                                        \u20ac20.99\u20ac20.99     <\/p>\n<p>                                                        \u20ac89.99\u20ac89.99     <\/p>\n<p>                                                        \u20ac23.99\u20ac23.99     <\/p>\n<p>                                                        \u20ac39.19\u20ac39.19     <\/p>\n<p>                                                        \u20ac29.99\u20ac29.99     <\/p>\n<p>                                                        \u20ac109.99\u20ac109.99     <\/p>\n<p>                                      Disco Duro   <\/p>\n<p>                                                NVMe di M.2     <\/p>\n<p>                                                NVMe di M.2     <\/p>\n<p>                                                NVMe di M.2     <\/p>\n<p>                                                NVMe di M.2     <\/p>\n<p>                                                NVMe &amp; SATA    <\/p>\n<p>                                                NVMe &amp; SATA    <\/p>\n<p>                                                NVMe di M.2     <\/p>\n<p>                                      Interfaz de M.2   <\/p>\n<p>                                                M-key, M&amp;B-key     <\/p>\n<p>                                                M-key, M&amp;B-key     <\/p>\n<p>                                                M-key, M&amp;B-key     <\/p>\n<p>                                                M-key, M&amp;B-key     <\/p>\n<p>                                                M-key, M&amp;B-key     <\/p>\n<p>                                                M-key, M&amp;B-key     <\/p>\n<p>                                                M-key, M&amp;B-key     <\/p>\n<p>                                      19 \/ 5,000 Tama\u00f1o de SSD  <\/p>\n<p>                                                2230\/2242\/2260\/2280     <\/p>\n<p>                                                2230\/2242\/2260\/2280     <\/p>\n<p>                                                2230\/2242\/2260\/2280     <\/p>\n<p>                                                2230\/2242\/2260\/2280     <\/p>\n<p>                                                2230\/2242\/2260\/2280     <\/p>\n<p>                                                2230\/2242\/2260\/2280     <\/p>\n<p>                                                2230\/2242\/2260\/2280     <\/p>\n<p>                                      Velocidad   <\/p>\n<p>                                                10Gbps     <\/p>\n<p>                                                10Gbps     <\/p>\n<p>                                                40Gbps     <\/p>\n<p>                                                10Gbps    <\/p>\n<p>                                                20Gbps     <\/p>\n<p>                                                20Gbps     <\/p>\n<p>                                                40Gbps    <\/p>\n<p>                                     Cable USB C-USB C  <\/p>\n<p>                                                30CM    <\/p>\n<p>                                                25CM    <\/p>\n<p>                                                \/    <\/p>\n<p>                                                25CM    <\/p>\n<p>                                                30CM    <\/p>\n<p>                                                30CM    <\/p>\n<p>                                                25CM    <\/p>\n<p>                                     Cable USB C-USB A  <\/p>\n<p>                                                \/    <\/p>\n<p>                                                25CM    <\/p>\n<p>                                                30CM    <\/p>\n<p>                                                25CM    <\/p>\n<p>                                                \/    <\/p>\n<p>                                                \/    <\/p>\n<p>                                                25CM    <\/p>\n<p> Product Dimensions                                            \u200f                                            :                                            \u200e                                            12 x 3.8 x 1.3 cm; 93 g   <br \/> Manufacturer                                            \u200f                                            :                                            \u200e                                            Ugreen Group Limited   <br \/> ASIN                                            \u200f                                            :                                            \u200e                                            B0D53K7HK9   <br \/> Item model number                                            \u200f                                            :                                            \u200e                                            35267   <br \/> Country\/Region of Origin                                            \u200f                                            :                                            \u200e                                            China   <br \/> Guaranteed software updates until                                            \u200f                                            :                                            \u200e                                            unknown   <br \/>  Customer reviews:                                                                                            4.4               4.4 out of 5 stars                                  (3,360)                                              var dpAcrHasRegisteredArcLinkClickAction;                    P.when(&#8216;A&#8217;, &#8216;ready&#8217;).execute(function(A) {                        if (dpAcrHasRegisteredArcLinkClickAction !== true) {                            dpAcrHasRegisteredArcLinkClickAction = true;                            A.declarative(                                &#8216;acrLink-click-metrics&#8217;, &#8216;click&#8217;,                                { \u00aballowLinkDefault\u00bb: true },                                function (event) {                                    if (window.ue) {                                        ue.count(\u00abacrLinkClickCount\u00bb, (ue.count(\u00abacrLinkClickCount\u00bb) || 0) + 1);                                    }                                }                            );                        }                    });                                             P.when(&#8216;A&#8217;, &#8216;cf&#8217;).execute(function(A) {                A.declarative(&#8216;acrStarsLink-click-metrics&#8217;, &#8216;click&#8217;, { \u00aballowLinkDefault\u00bb : true },  function(event){                    if(window.ue) {                        ue.count(\u00abacrStarsLinkWithPopoverClickCount\u00bb, (ue.count(\u00abacrStarsLinkWithPopoverClickCount\u00bb) || 0) + 1);                    }                });            });                          <\/p>\n<p>[Wide Compatibility] M.2 SSD enclosure compatible with M-Key and M&#038;B-Key NVMe PCIe disks in sizes 2230\/2242\/2260\/2280 (less than 5mm). Works with Windows, Linux and macOS. Ideal as external storage to easily expand the capacity of your laptop or computer. (Note: Not compatible with SATA\/NGFF SSD)<br \/>[Ultra-fast Transfer] USB 3.2 Gen 2 Type-C interface for transfer speeds up to 10Gbps. Perfect for transferring 4K videos, photos, games or large amounts of data in seconds. Supports up to 4TB drives, ideal for backup, video editing and gaming.<br \/>[Smart Protection] Smart chip compatible with UASP, SMART and TRIM ensures safe and fast data transmission. 12V surge protection and automatic sleep mode after 10 minutes of inactivity to save power and extend the life of the drive.<br \/>[Efficient Dissipation] Made of aluminum alloy with silicone thermal paste for optimal heat dissipation, keeping the hard drive in safe condition even during prolonged transfers. Operating temperatures between 0\u00b0C and 45\u00b0C are normal and safe.<br \/>[Portable &#038; Easy to Use] Plug &#038; play, no drivers or software needed. Includes USB-C cable to connect to any compatible device. Compact and lightweight design (119 x 37 x 12 mm), perfect for work, travel or meetings.<\/p>\n\n","protected":false},"excerpt":{"rendered":"<p> Product Description The video showcases the product in use.The video guides you through product setup.The<\/p>","protected":false},"featured_media":36386,"comment_status":"open","ping_status":"closed","template":"","meta":[],"product_brand":[],"product_cat":[81],"product_tag":[1754,1455,2957,1457,1468,994,201,795,2374,1461,855,794,984,1119,1459,10526,822,1452,624,1465,1646,1463,513,1466,1098,10525,6393,3784,133],"class_list":{"0":"post-36385","1":"product","2":"type-product","3":"status-publish","4":"has-post-thumbnail","6":"product_cat-ssd-drive","7":"product_tag-10gbps","8":"product_tag-1tb-ssd","9":"product_tag-4tb","10":"product_tag-512gb-ssd","11":"product_tag-best-ssd","12":"product_tag-case","13":"product_tag-compatible","14":"product_tag-drive","15":"product_tag-enclosure","16":"product_tag-gaming-ssd","17":"product_tag-gen","18":"product_tag-hard","19":"product_tag-key","20":"product_tag-m-2","21":"product_tag-m-2-ssd","22":"product_tag-mmb","23":"product_tag-nvme","24":"product_tag-nvme-ssd","25":"product_tag-pcie","26":"product_tag-portable-ssd","27":"product_tag-sata","28":"product_tag-sata-ssd","29":"product_tag-ssd","30":"product_tag-ssd-price","31":"product_tag-support","32":"product_tag-trim","33":"product_tag-uasp","34":"product_tag-ugreen","35":"product_tag-usb","37":"first","38":"instock","39":"sale","40":"shipping-taxable","41":"product-type-external"},"_links":{"self":[{"href":"https:\/\/comprasyconsejos.store\/en\/wp-json\/wp\/v2\/product\/36385","targetHints":{"allow":["GET"]}}],"collection":[{"href":"https:\/\/comprasyconsejos.store\/en\/wp-json\/wp\/v2\/product"}],"about":[{"href":"https:\/\/comprasyconsejos.store\/en\/wp-json\/wp\/v2\/types\/product"}],"replies":[{"embeddable":true,"href":"https:\/\/comprasyconsejos.store\/en\/wp-json\/wp\/v2\/comments?post=36385"}],"version-history":[{"count":0,"href":"https:\/\/comprasyconsejos.store\/en\/wp-json\/wp\/v2\/product\/36385\/revisions"}],"wp:featuredmedia":[{"embeddable":true,"href":"https:\/\/comprasyconsejos.store\/en\/wp-json\/wp\/v2\/media\/36386"}],"wp:attachment":[{"href":"https:\/\/comprasyconsejos.store\/en\/wp-json\/wp\/v2\/media?parent=36385"}],"wp:term":[{"taxonomy":"product_brand","embeddable":true,"href":"https:\/\/comprasyconsejos.store\/en\/wp-json\/wp\/v2\/product_brand?post=36385"},{"taxonomy":"product_cat","embeddable":true,"href":"https:\/\/comprasyconsejos.store\/en\/wp-json\/wp\/v2\/product_cat?post=36385"},{"taxonomy":"product_tag","embeddable":true,"href":"https:\/\/comprasyconsejos.store\/en\/wp-json\/wp\/v2\/product_tag?post=36385"}],"curies":[{"name":"wp","href":"https:\/\/api.w.org\/{rel}","templated":true}]}}