{"id":36391,"date":"2026-03-01T01:37:03","date_gmt":"2026-03-01T01:37:03","guid":{"rendered":"https:\/\/comprasyconsejos.store\/product\/timetec-16gb-kit2x8gb-compatible-for-apple-ddr3l-1600mhz-for-early-mid-late-mac-book-pro2011-2012-imac2011-2015-mac-mini2011-2012-mac-ram\/"},"modified":"2026-03-01T01:37:03","modified_gmt":"2026-03-01T01:37:03","slug":"timetec-16gb-kit2x8gb-compatible-for-apple-ddr3l-1600mhz-for-early-mid-late-mac-book-pro2011-2012-imac2011-2015-mac-mini2011-2012-mac-ram","status":"publish","type":"product","link":"https:\/\/comprasyconsejos.store\/en\/product\/timetec-16gb-kit2x8gb-compatible-for-apple-ddr3l-1600mhz-for-early-mid-late-mac-book-pro2011-2012-imac2011-2015-mac-mini2011-2012-mac-ram\/","title":{"rendered":"Timetec 16GB Kit(2x8GB) Compatible for Apple DDR3L 1600MHz for Early\/Mid\/Late Mac Book Pro(2011-2012), iMac(2011-2015), Mac Mini(2011-2012) Mac RAM"},"content":{"rendered":"<p>Price: <span style=\"color:#b12704\">\u20ac49.99<\/span><br \/><i><small>(as of Mar 01, 2026 01:37:03 UTC &#8211; <span class=\"wp_automatic_amazon_disclaimer\" title=\"Product prices and availability are accurate as of the date\/time indicated and are subject to change. Any price and availability information displayed on [relevant Amazon Site(s), as applicable] at the time of purchase will apply to the purchase of this product.\">Details<\/span>)<\/small><\/i><\/p>\n<p><a href=\"https:\/\/amazon.es\/dp\/B07431W7V3?tag=man008-21\"><img decoding=\"async\" src=\"https:\/\/valvepress.s3.amazonaws.com\/imgs\/buy_now.png\"><\/a><br \/>\n<\/p>\n<p>                                             Product Description   <\/p>\n<p>The video showcases the product in use.The video guides you through product setup.The video compares multiple products.The video shows the product being unpacked.<\/p>\n<h3 class=\"aplus-h1 aplus-module-1-heading a-text-bold\"> Calidad Asegurada, Velocidad R\u00e1pida, Alto Rendimiento <\/h3>\n<p class=\"aplus-p2 aplus-module-1-description\"> Todos los m\u00f3dulos de Timetec est\u00e1n fabricados con estricta selecci\u00f3n de chips IC de primera calidad, ofreciendo un alto potencial de rendimiento para garantizar una excelente estabilidad, respaldados por el avanzado programa de reemplazo de Timetec. Todos los m\u00f3dulos de memoria est\u00e1n dise\u00f1ados para funcionar incluso en los entornos m\u00e1s extremos y sometidos a rigurosos procesos para asegurar que cada m\u00f3dulo cumpla con nuestros exigentes est\u00e1ndares de rendimiento. <\/p>\n<p>                                           <img decoding=\"async\" alt=\"listing3\" src=\"https:\/\/images-na.ssl-images-amazon.com\/images\/G\/01\/x-locale\/common\/grey-pixel.gif\" class=\"a-lazy-loaded\" data-src=\"https:\/\/m.media-amazon.com\/images\/S\/aplus-media-library-service-media\/7dd1331b-f993-47de-a570-5a1550c16b3b.__CR0,375,3000,2250_PT0_SX800_V1___.jpg\"><img decoding=\"async\" alt=\"listing3\" src=\"https:\/\/m.media-amazon.com\/images\/S\/aplus-media-library-service-media\/7dd1331b-f993-47de-a570-5a1550c16b3b.__CR0,375,3000,2250_PT0_SX800_V1___.jpg\">          <\/p>\n<h3 class=\"a-size-extra-large a-spacing-base a-text-center\"> Especificaciones <\/h3>\n<p>                                                        Tipo de M\u00f3dulo                                    DDR3 SODIMM No-ECC Sin B\u00fafer                                        Frecuencia                                    1600MHz ( PC3L-12800 \/ PC3-12800 \/ PC3L-12800S \/ PC3-12800S )                                        Latencia CAS                                    CL11                                        Capacidad                                    4GB \/ 8GB                                         Voltaje                                    1.35V \/ 1.5V                                        Pines                                    204 Pines                                        Dimensiones                                    30(H) x 67.6(L)mm                  <\/p>\n<p>                                                                     Lista de Compatibilidad                                            <img decoding=\"async\" alt=\"NP6 C list\" src=\"https:\/\/images-na.ssl-images-amazon.com\/images\/G\/01\/x-locale\/common\/grey-pixel.gif\" class=\"a-lazy-loaded\" data-src=\"https:\/\/m.media-amazon.com\/images\/S\/aplus-media-library-service-media\/8382cdc8-8e29-43a9-9e29-8cb1ec220299.__CR0,0,1464,600_PT0_SX1464_V1___.jpg\"><img decoding=\"async\" alt=\"NP6 C list\" src=\"https:\/\/m.media-amazon.com\/images\/S\/aplus-media-library-service-media\/8382cdc8-8e29-43a9-9e29-8cb1ec220299.__CR0,0,1464,600_PT0_SX1464_V1___.jpg\">                                               <\/p>\n<p>                                                                                                       <img decoding=\"async\" alt=\"DDR3 Mac\" src=\"https:\/\/images-na.ssl-images-amazon.com\/images\/G\/01\/x-locale\/common\/grey-pixel.gif\" class=\"a-lazy-loaded\" data-src=\"https:\/\/m.media-amazon.com\/images\/S\/aplus-media-library-service-media\/c84751e1-4576-4150-b653-c497adc804a6.__CR0,0,1464,600_PT0_SX1464_V1___.jpg\"><img decoding=\"async\" alt=\"DDR3 Mac\" src=\"https:\/\/m.media-amazon.com\/images\/S\/aplus-media-library-service-media\/c84751e1-4576-4150-b653-c497adc804a6.__CR0,0,1464,600_PT0_SX1464_V1___.jpg\">                                                                                    Aumentar la Multitarea                                        <\/p>\n<p class=\"aplus-p2 aplus-module-2-description\"> La memoria Timetec est\u00e1 dise\u00f1ada para maximizar la efectividad y eficiencia de tu sistema Mac y aumentar las capacidades de multitarea de tu Mac. <\/p>\n<p>                                                                                                       <img decoding=\"async\" alt=\"DDR3 Mac\" src=\"https:\/\/images-na.ssl-images-amazon.com\/images\/G\/01\/x-locale\/common\/grey-pixel.gif\" class=\"a-lazy-loaded\" data-src=\"https:\/\/m.media-amazon.com\/images\/S\/aplus-media-library-service-media\/e71e6454-5126-4ec8-9cb8-0e7f94031ba1.__CR0,0,1464,600_PT0_SX1464_V1___.jpg\"><img decoding=\"async\" alt=\"DDR3 Mac\" src=\"https:\/\/m.media-amazon.com\/images\/S\/aplus-media-library-service-media\/e71e6454-5126-4ec8-9cb8-0e7f94031ba1.__CR0,0,1464,600_PT0_SX1464_V1___.jpg\">                                                                                    Instalaci\u00f3n F\u00e1cil                                        <\/p>\n<p class=\"aplus-p2 aplus-module-2-description\"> Con solo un destornillador y el manual de usuario, puedes actualizar tu sistema Mac en casa en unos pocos minutos gracias al dise\u00f1o f\u00e1cil de conectar y usar. <\/p>\n<p>                                                                                                       <img decoding=\"async\" alt=\"DDR3 Mac\" src=\"https:\/\/images-na.ssl-images-amazon.com\/images\/G\/01\/x-locale\/common\/grey-pixel.gif\" class=\"a-lazy-loaded\" data-src=\"https:\/\/m.media-amazon.com\/images\/S\/aplus-media-library-service-media\/eb990b63-99aa-4314-868f-d379b128dce5.__CR0,0,1464,600_PT0_SX1464_V1___.jpg\"><img decoding=\"async\" alt=\"DDR3 Mac\" src=\"https:\/\/m.media-amazon.com\/images\/S\/aplus-media-library-service-media\/eb990b63-99aa-4314-868f-d379b128dce5.__CR0,0,1464,600_PT0_SX1464_V1___.jpg\">                                                                                    IC Seleccionado Estr\u00edctamente                                        <\/p>\n<p class=\"aplus-p2 aplus-module-2-description\"> La memoria Timetec utiliza \u00fanicamente IC de alta calidad que est\u00e1n dise\u00f1ados para maximizar la efectividad. <\/p>\n<p> Is discontinued by manufacturer                                            \u200f                                            :                                            \u200e                                            No   <br \/> Product Dimensions                                            \u200f                                            :                                            \u200e                                            9.5 x 0.6 x 4.5 cm; 20 g   <br \/> Manufacturer                                            \u200f                                            :                                            \u200e                                            Timetec   <br \/> ASIN                                            \u200f                                            :                                            \u200e                                            B07431W7V3   <br \/> Item model number                                            \u200f                                            :                                            \u200e                                            16GB Kit (2x8GB)   <br \/> Country of origin                                            \u200f                                            :                                            \u200e                                            Taiwan   <br \/> Guaranteed software updates until                                            \u200f                                            :                                            \u200e                                            unknown   <br \/>  Customer reviews:                                                                                            4.7               4.7 out of 5 stars                                  (7,194)                                              var dpAcrHasRegisteredArcLinkClickAction;                    P.when(&#8216;A&#8217;, &#8216;ready&#8217;).execute(function(A) {                        if (dpAcrHasRegisteredArcLinkClickAction !== true) {                            dpAcrHasRegisteredArcLinkClickAction = true;                            A.declarative(                                &#8216;acrLink-click-metrics&#8217;, &#8216;click&#8217;,                                { \u00aballowLinkDefault\u00bb: true },                                function (event) {                                    if (window.ue) {                                        ue.count(\u00abacrLinkClickCount\u00bb, (ue.count(\u00abacrLinkClickCount\u00bb) || 0) + 1);                                    }                                }                            );                        }                    });                                             P.when(&#8216;A&#8217;, &#8216;cf&#8217;).execute(function(A) {                A.declarative(&#8216;acrStarsLink-click-metrics&#8217;, &#8216;click&#8217;, { \u00aballowLinkDefault\u00bb : true },  function(event){                    if(window.ue) {                        ue.count(\u00abacrStarsLinkWithPopoverClickCount\u00bb, (ue.count(\u00abacrStarsLinkWithPopoverClickCount\u00bb) || 0) + 1);                    }                });            });                          <\/p>\n<p>DDR3L 1600MHz PC3L-12800 204-Pin Unbuffered Non-ECC 1.35V CL11 Dual Rank 2Rx8 Based on 512&#215;8 Module Size: 16GB KIT (2x8GB Modules) Package: 2 x 8GB<\/p>\n\n","protected":false},"excerpt":{"rendered":"<p> Product Description The video showcases the product in use.The video guides you through product setup.The<\/p>","protected":false},"featured_media":36392,"comment_status":"open","ping_status":"closed","template":"","meta":[],"product_brand":[],"product_cat":[77],"product_tag":[1734,509,1480,1481,175,1735,201,1733,1478,1479,1484,10530,1482,10532,1732,1483,774,10533,10531,587,1487,1486,1724],"class_list":{"0":"post-36391","1":"product","2":"type-product","3":"status-publish","4":"has-post-thumbnail","6":"product_cat-memory-ram","7":"product_tag-1600mhz","8":"product_tag-16gb","9":"product_tag-16gb-ram","10":"product_tag-32gb-ram","11":"product_tag-apple","12":"product_tag-book","13":"product_tag-compatible","14":"product_tag-ddr3l","15":"product_tag-ddr4-ram","16":"product_tag-ddr5-ram","17":"product_tag-desktop-ram","18":"product_tag-earlymidlate","19":"product_tag-gaming-ram","20":"product_tag-imac20112015","21":"product_tag-kit2x8gb","22":"product_tag-laptop-ram","23":"product_tag-mac","24":"product_tag-mini20112012","25":"product_tag-pro20112012","26":"product_tag-ram","27":"product_tag-ram-price","28":"product_tag-rgb-ram","29":"product_tag-timetec","31":"first","32":"instock","33":"shipping-taxable","34":"product-type-external"},"_links":{"self":[{"href":"https:\/\/comprasyconsejos.store\/en\/wp-json\/wp\/v2\/product\/36391","targetHints":{"allow":["GET"]}}],"collection":[{"href":"https:\/\/comprasyconsejos.store\/en\/wp-json\/wp\/v2\/product"}],"about":[{"href":"https:\/\/comprasyconsejos.store\/en\/wp-json\/wp\/v2\/types\/product"}],"replies":[{"embeddable":true,"href":"https:\/\/comprasyconsejos.store\/en\/wp-json\/wp\/v2\/comments?post=36391"}],"version-history":[{"count":0,"href":"https:\/\/comprasyconsejos.store\/en\/wp-json\/wp\/v2\/product\/36391\/revisions"}],"wp:featuredmedia":[{"embeddable":true,"href":"https:\/\/comprasyconsejos.store\/en\/wp-json\/wp\/v2\/media\/36392"}],"wp:attachment":[{"href":"https:\/\/comprasyconsejos.store\/en\/wp-json\/wp\/v2\/media?parent=36391"}],"wp:term":[{"taxonomy":"product_brand","embeddable":true,"href":"https:\/\/comprasyconsejos.store\/en\/wp-json\/wp\/v2\/product_brand?post=36391"},{"taxonomy":"product_cat","embeddable":true,"href":"https:\/\/comprasyconsejos.store\/en\/wp-json\/wp\/v2\/product_cat?post=36391"},{"taxonomy":"product_tag","embeddable":true,"href":"https:\/\/comprasyconsejos.store\/en\/wp-json\/wp\/v2\/product_tag?post=36391"}],"curies":[{"name":"wp","href":"https:\/\/api.w.org\/{rel}","templated":true}]}}