{"id":36429,"date":"2026-03-01T05:44:38","date_gmt":"2026-03-01T05:44:38","guid":{"rendered":"https:\/\/comprasyconsejos.store\/product\/tablet-10-inch-android-14-tablets-22gb-ram128gb-rom-octa-core-tablets-5g-wifi-8000-mah-1tb-tf-tablet-with-keyboard-and-mouse-grey\/"},"modified":"2026-03-01T05:44:43","modified_gmt":"2026-03-01T05:44:43","slug":"tablet-10-inch-android-14-tablets-22gb-ram128gb-rom-octa-core-tablets-5g-wifi-8000-mah-1tb-tf-tablet-with-keyboard-and-mouse-grey","status":"publish","type":"product","link":"https:\/\/comprasyconsejos.store\/en\/product\/tablet-10-inch-android-14-tablets-22gb-ram128gb-rom-octa-core-tablets-5g-wifi-8000-mah-1tb-tf-tablet-with-keyboard-and-mouse-grey\/","title":{"rendered":"Tablet 10 Inch Android 14 Tablets, 22GB Ram+128GB ROM Octa-Core Tablets 5G WiFi, 8000 mAh, (1TB TF) Tablet with Keyboard and Mouse- Grey"},"content":{"rendered":"<p>Price: <span style=\"color:#b12704\">\u20ac95.29<\/span><br \/><i><small>(as of Mar 01, 2026 05:44:38 UTC &#8211; <span class=\"wp_automatic_amazon_disclaimer\" title=\"Product prices and availability are accurate as of the date\/time indicated and are subject to change. Any price and availability information displayed on [relevant Amazon Site(s), as applicable] at the time of purchase will apply to the purchase of this product.\">Details<\/span>)<\/small><\/i><\/p>\n<p><a href=\"https:\/\/amazon.es\/dp\/B0DBPVLTKZ?tag=man008-21\"><img decoding=\"async\" src=\"https:\/\/valvepress.s3.amazonaws.com\/imgs\/buy_now.png\"><\/a><br \/>\n<\/p>\n<p>                                             From the brand   <\/p>\n<p>                                              <img decoding=\"async\" alt=\"una habitaci\u00f3n futurista con un suelo y luces futuristas\" src=\"https:\/\/images-na.ssl-images-amazon.com\/images\/G\/01\/x-locale\/common\/grey-pixel.gif\" class=\"a-lazy-loaded\" data-src=\"https:\/\/m.media-amazon.com\/images\/S\/aplus-media-library-service-media\/d224d807-2ff8-4a4a-af10-ded5c42ee13b.__CR0,0,1464,625_PT0_SX1464_V1___.jpg\"><img decoding=\"async\" alt=\"una habitaci\u00f3n futurista con un suelo y luces futuristas\" src=\"https:\/\/m.media-amazon.com\/images\/S\/aplus-media-library-service-media\/d224d807-2ff8-4a4a-af10-ded5c42ee13b.__CR0,0,1464,625_PT0_SX1464_V1___.jpg\">  <\/p>\n<p>                                              <img decoding=\"async\" alt=\"\" src=\"https:\/\/images-na.ssl-images-amazon.com\/images\/G\/01\/x-locale\/common\/grey-pixel.gif\" class=\"a-lazy-loaded\" data-src=\"https:\/\/m.media-amazon.com\/images\/S\/aplus-media-library-service-media\/bb641025-9103-4a1c-b5a0-d66b5d72c223.__CR0,0,724,333_PT0_SX315_V1___.jpg\"><img decoding=\"async\" alt=\"\" src=\"https:\/\/m.media-amazon.com\/images\/S\/aplus-media-library-service-media\/bb641025-9103-4a1c-b5a0-d66b5d72c223.__CR0,0,724,333_PT0_SX315_V1___.jpg\">  <\/p>\n<p> Sobre Nosotros: <\/p>\n<p> FEZAWIO es una empresa de alta tecnolog\u00eda centrada en la producci\u00f3n de tabletas Android. <\/p>\n<p> Estamos comprometidos a crear tabletas m\u00e1s rentables y mejorar la calidad y usabilidad del producto. Nuestra visi\u00f3n es proporcionar tabletas asequibles y funcionales para todas las familias y entusiastas de la electr\u00f3nica. <\/p>\n<h3> Tabletas F11 Android 14 <\/h3>\n<h3> Tabletas F10 Android 14 <\/h3>\n<p>                                              <img decoding=\"async\" alt=\"Colorida ilustraci\u00f3n 3D que muestra una tableta, una computadora port\u00e1til y una caja de regalo con confeti sobre un fondo rosa. Escribe \u00abfezawio\u00bb\" src=\"https:\/\/images-na.ssl-images-amazon.com\/images\/G\/01\/x-locale\/common\/grey-pixel.gif\" class=\"a-lazy-loaded\" data-src=\"https:\/\/m.media-amazon.com\/images\/S\/aplus-media-library-service-media\/1c71fe75-49ce-44e8-bf9f-b14ca94318c6.__CR0,0,724,906_PT0_SX362_V1___.jpg\"><img decoding=\"async\" alt=\"Colorida ilustraci\u00f3n 3D que muestra una tableta, una computadora port\u00e1til y una caja de regalo con confeti sobre un fondo rosa. Escribe \u00abfezawio\u00bb\" src=\"https:\/\/m.media-amazon.com\/images\/S\/aplus-media-library-service-media\/1c71fe75-49ce-44e8-bf9f-b14ca94318c6.__CR0,0,724,906_PT0_SX362_V1___.jpg\">  <\/p>\n<p>                                              <img decoding=\"async\" alt=\"de tapa dura de color verde menta sobre fondo blanco, que muestra un dise\u00f1o minimalista con sutiles elementos de marca\" src=\"https:\/\/images-na.ssl-images-amazon.com\/images\/G\/01\/x-locale\/common\/grey-pixel.gif\" class=\"a-lazy-loaded\" data-src=\"https:\/\/m.media-amazon.com\/images\/S\/aplus-media-library-service-media\/89a00ab9-4ae1-45d0-9373-845493824fb1.__CR0,0,724,906_PT0_SX362_V1___.jpg\"><img decoding=\"async\" alt=\"de tapa dura de color verde menta sobre fondo blanco, que muestra un dise\u00f1o minimalista con sutiles elementos de marca\" src=\"https:\/\/m.media-amazon.com\/images\/S\/aplus-media-library-service-media\/89a00ab9-4ae1-45d0-9373-845493824fb1.__CR0,0,724,906_PT0_SX362_V1___.jpg\">  <\/p>\n<p>                                              <img decoding=\"async\" alt=\"Persona con una chaqueta rosa de gran tama\u00f1o y accesorios coloridos sentada en una silla sobre un fondo verde, sosteniendo una manzana verde y un libro morado\" src=\"https:\/\/images-na.ssl-images-amazon.com\/images\/G\/01\/x-locale\/common\/grey-pixel.gif\" class=\"a-lazy-loaded\" data-src=\"https:\/\/m.media-amazon.com\/images\/S\/aplus-media-library-service-media\/64e0c956-282d-4595-8eef-3d1bcd449c29.__CR0,0,724,906_PT0_SX362_V1___.jpg\"><img decoding=\"async\" alt=\"Persona con una chaqueta rosa de gran tama\u00f1o y accesorios coloridos sentada en una silla sobre un fondo verde, sosteniendo una manzana verde y un libro morado\" src=\"https:\/\/m.media-amazon.com\/images\/S\/aplus-media-library-service-media\/64e0c956-282d-4595-8eef-3d1bcd449c29.__CR0,0,724,906_PT0_SX362_V1___.jpg\">  <\/p>\n<p>                                              <img decoding=\"async\" alt=\"Funda o cartera para tableta de aspecto profesional en color oscuro que se usa sentado, lo que demuestra su funcionalidad empresarial\" src=\"https:\/\/images-na.ssl-images-amazon.com\/images\/G\/01\/x-locale\/common\/grey-pixel.gif\" class=\"a-lazy-loaded\" data-src=\"https:\/\/m.media-amazon.com\/images\/S\/aplus-media-library-service-media\/b5ae4531-ae53-4d18-ae7b-53efa8e93229.__CR0,0,724,906_PT0_SX362_V1___.jpg\"><img decoding=\"async\" alt=\"Funda o cartera para tableta de aspecto profesional en color oscuro que se usa sentado, lo que demuestra su funcionalidad empresarial\" src=\"https:\/\/m.media-amazon.com\/images\/S\/aplus-media-library-service-media\/b5ae4531-ae53-4d18-ae7b-53efa8e93229.__CR0,0,724,906_PT0_SX362_V1___.jpg\">  <\/p>\n<p>                                              <img decoding=\"async\" alt=\"sobre mesa con decoraciones navide\u00f1as. Persona con un su\u00e9ter festivo que sostiene una taza, haciendo un gesto hacia la pantalla durante la videollamada\" src=\"https:\/\/images-na.ssl-images-amazon.com\/images\/G\/01\/x-locale\/common\/grey-pixel.gif\" class=\"a-lazy-loaded\" data-src=\"https:\/\/m.media-amazon.com\/images\/S\/aplus-media-library-service-media\/f1447947-149d-44d8-8586-9fb43fd54850.__CR0,0,724,906_PT0_SX362_V1___.jpg\"><img decoding=\"async\" alt=\"sobre mesa con decoraciones navide\u00f1as. Persona con un su\u00e9ter festivo que sostiene una taza, haciendo un gesto hacia la pantalla durante la videollamada\" src=\"https:\/\/m.media-amazon.com\/images\/S\/aplus-media-library-service-media\/f1447947-149d-44d8-8586-9fb43fd54850.__CR0,0,724,906_PT0_SX362_V1___.jpg\">  <\/p>\n<p> Batteries                                            \u200f                                            :                                            \u200e                                            1 A batteries required. (included)   <br \/> Product Dimensions                                            \u200f                                            :                                            \u200e                                            26 x 17 x 1 cm; 1.32 kg   <br \/> Manufacturer                                            \u200f                                            :                                            \u200e                                            fezawio   <br \/> ASIN                                            \u200f                                            :                                            \u200e                                            B0DBPVLTKZ   <br \/> Item model number                                            \u200f                                            :                                            \u200e                                            F10   <br \/> Country of origin                                            \u200f                                            :                                            \u200e                                            China   <br \/> Guaranteed software updates until                                            \u200f                                            :                                            \u200e                                            unknown   <br \/>  Customer reviews:                                                                                            4.2               4.2 out of 5 stars                                  (182)                                              var dpAcrHasRegisteredArcLinkClickAction;                    P.when(&#8216;A&#8217;, &#8216;ready&#8217;).execute(function(A) {                        if (dpAcrHasRegisteredArcLinkClickAction !== true) {                            dpAcrHasRegisteredArcLinkClickAction = true;                            A.declarative(                                &#8216;acrLink-click-metrics&#8217;, &#8216;click&#8217;,                                { \u00aballowLinkDefault\u00bb: true },                                function (event) {                                    if (window.ue) {                                        ue.count(\u00abacrLinkClickCount\u00bb, (ue.count(\u00abacrLinkClickCount\u00bb) || 0) + 1);                                    }                                }                            );                        }                    });                                             P.when(&#8216;A&#8217;, &#8216;cf&#8217;).execute(function(A) {                A.declarative(&#8216;acrStarsLink-click-metrics&#8217;, &#8216;click&#8217;, { \u00aballowLinkDefault\u00bb : true },  function(event){                    if(window.ue) {                        ue.count(\u00abacrStarsLinkWithPopoverClickCount\u00bb, (ue.count(\u00abacrStarsLinkWithPopoverClickCount\u00bb) || 0) + 1);                    }                });            });                          <\/p>\n<p>\u3010Why Choose The Latest Android 14 System\u3011The F10 tablet is well equipped with the advanced Android 14 operating system, which gives you a series of cutting-edge functions and continuous updates. Android 14 tablets have introduced new privacy and security features aimed at optimizing the overall user experience of tablets. In terms of security, they are reinforced layer by layer to create a worry-free digital environment for you. Meet your various needs and enjoy a smooth, convenient and safe journey on a tablet.<br \/>\u301022GB + 128GB Super Large Memory + 1TB Scalable\u3011F10 is equipped with an extremely excellent memory combination. 22GB of operating memory and 128GB of fuselage storage, 22GB of internal storage and 128GB of fuselage storage space provide enough storage space for all kinds of files, photos, videos and applications. In addition, it has extra support to expand to 1TB of storage space, which means you hardly need to worry about lack of storage space, it&#8217;s like a portable smart treasure. Enjoy an unbridled digital life.<br \/>\u3010Widevine L1 + 1280 * 800 HD IPS+5MP + 8MP Camera\u3011The tablet also uses L1 widescreen technology to provide the highest level of security through effective hardware protection to prevent raw data leakage. l1-certified devices can stream high-quality content streaming. This 10-inch tablet is equipped with a high-definition ips display with a resolution of 1280 x 800, as well as a 5-megapixel front camera and an 8-megapixel rear camera. Whether communicating with family and friends or teleworking meetings, it makes you feel as real and intimate as face to face.<br \/>\u3010Better Network Connection &#8211; 5G WIFI and Bluetooth 5.0\u3011Thanks to the 2.4G\/5G dual-frequency WIFI wireless transmission, the feizawio tablet allows you to have a stable WIFI connection that allows you to watch videos, shop online, download apps or make video calls smoothly anytime and anywhere. The tablet integrates Bluetooth 5.0 and connects Bluetooth headphones, Bluetooth keyboards and other Bluetooth devices more stably and quickly via Bluetooth 5.0. Enjoy the convenience and fun that mobile phone provides.<br \/>\u3010Packing List\u3011 F10 tablet computer, protective case, protective film, mouse, Bluetooth keyboard, etc. This split tablet is a high-quality choice for both studying and living.<\/p>\n\n","protected":false},"excerpt":{"rendered":"<p> From the brand Sobre Nosotros: FEZAWIO es una empresa de alta tecnolog\u00eda centrada en la<\/p>","protected":false},"featured_media":36430,"comment_status":"open","ping_status":"closed","template":"","meta":[],"product_brand":[],"product_cat":[93],"product_tag":[651,602,7064,391,646,648,650,655,204,584,518,2231,767,659,2424,913,647,157,652,653,649,654,917,543],"class_list":{"0":"post-36429","1":"product","2":"type-product","3":"status-publish","4":"has-post-thumbnail","6":"product_cat-android-tablets","7":"product_tag-10-inch-tablet","8":"product_tag-1tb","9":"product_tag-22gb","10":"product_tag-android","11":"product_tag-android-tablet","12":"product_tag-best-android-tablet","13":"product_tag-budget-android-tablet","14":"product_tag-gaming-tablet","15":"product_tag-grey","16":"product_tag-inch","17":"product_tag-keyboard","18":"product_tag-mah","19":"product_tag-mouse","20":"product_tag-octacore","21":"product_tag-ram128gb","22":"product_tag-rom","23":"product_tag-samsung-android-tablet","24":"product_tag-tablet","25":"product_tag-tablet-for-kids","26":"product_tag-tablet-for-study","27":"product_tag-tablet-with-sim","28":"product_tag-tablet-with-stylus","29":"product_tag-tablets","30":"product_tag-wifi","32":"first","33":"instock","34":"shipping-taxable","35":"product-type-external"},"_links":{"self":[{"href":"https:\/\/comprasyconsejos.store\/en\/wp-json\/wp\/v2\/product\/36429","targetHints":{"allow":["GET"]}}],"collection":[{"href":"https:\/\/comprasyconsejos.store\/en\/wp-json\/wp\/v2\/product"}],"about":[{"href":"https:\/\/comprasyconsejos.store\/en\/wp-json\/wp\/v2\/types\/product"}],"replies":[{"embeddable":true,"href":"https:\/\/comprasyconsejos.store\/en\/wp-json\/wp\/v2\/comments?post=36429"}],"version-history":[{"count":0,"href":"https:\/\/comprasyconsejos.store\/en\/wp-json\/wp\/v2\/product\/36429\/revisions"}],"wp:featuredmedia":[{"embeddable":true,"href":"https:\/\/comprasyconsejos.store\/en\/wp-json\/wp\/v2\/media\/36430"}],"wp:attachment":[{"href":"https:\/\/comprasyconsejos.store\/en\/wp-json\/wp\/v2\/media?parent=36429"}],"wp:term":[{"taxonomy":"product_brand","embeddable":true,"href":"https:\/\/comprasyconsejos.store\/en\/wp-json\/wp\/v2\/product_brand?post=36429"},{"taxonomy":"product_cat","embeddable":true,"href":"https:\/\/comprasyconsejos.store\/en\/wp-json\/wp\/v2\/product_cat?post=36429"},{"taxonomy":"product_tag","embeddable":true,"href":"https:\/\/comprasyconsejos.store\/en\/wp-json\/wp\/v2\/product_tag?post=36429"}],"curies":[{"name":"wp","href":"https:\/\/api.w.org\/{rel}","templated":true}]}}