{"id":36477,"date":"2026-03-01T08:37:05","date_gmt":"2026-03-01T08:37:05","guid":{"rendered":"https:\/\/comprasyconsejos.store\/product\/netumscan-wireless-2d-barcode-scanner-portable-barcode-reader-scan-qr-pdf417-datamatrix-maxicode-for-pc-pc-computer-nsl8\/"},"modified":"2026-03-01T08:37:06","modified_gmt":"2026-03-01T08:37:06","slug":"netumscan-wireless-2d-barcode-scanner-portable-barcode-reader-scan-qr-pdf417-datamatrix-maxicode-for-pc-pc-computer-nsl8","status":"publish","type":"product","link":"https:\/\/comprasyconsejos.store\/en\/product\/netumscan-wireless-2d-barcode-scanner-portable-barcode-reader-scan-qr-pdf417-datamatrix-maxicode-for-pc-pc-computer-nsl8\/","title":{"rendered":"NetumScan Wireless 2D Barcode Scanner &#8211; Portable Barcode Reader Scan QR PDF417 DataMatrix Maxicode for PC PC Computer NSL8"},"content":{"rendered":"<p>Price: <span style=\"color:#b12704\">\u20ac42.99<\/span><br \/><i><small>(as of Mar 01, 2026 08:37:05 UTC &#8211; <span class=\"wp_automatic_amazon_disclaimer\" title=\"Product prices and availability are accurate as of the date\/time indicated and are subject to change. Any price and availability information displayed on [relevant Amazon Site(s), as applicable] at the time of purchase will apply to the purchase of this product.\">Details<\/span>)<\/small><\/i><\/p>\n<p><a href=\"https:\/\/amazon.es\/dp\/B07ZYJJJB3?tag=man008-21\"><img decoding=\"async\" src=\"https:\/\/valvepress.s3.amazonaws.com\/imgs\/buy_now.png\"><\/a><br \/>\n<\/p>\n<p>                                             From the brand   <\/p>\n<p>                                              <img decoding=\"async\" alt=\"\" src=\"https:\/\/images-na.ssl-images-amazon.com\/images\/G\/01\/x-locale\/common\/grey-pixel.gif\" class=\"a-lazy-loaded\" data-src=\"https:\/\/m.media-amazon.com\/images\/S\/aplus-media-library-service-media\/fd76c642-61ae-43d1-a3e5-2d780bd44a7c.__CR0,0,1464,625_PT0_SX1464_V1___.jpg\"><img decoding=\"async\" alt=\"\" src=\"https:\/\/m.media-amazon.com\/images\/S\/aplus-media-library-service-media\/fd76c642-61ae-43d1-a3e5-2d780bd44a7c.__CR0,0,1464,625_PT0_SX1464_V1___.jpg\">  <\/p>\n<h3> Tecnolog\u00eda Inteligente <\/h3>\n<p> El escaneo inteligente y la conexi\u00f3n sin fisuras hacen que el trabajo y la vida sean m\u00e1s f\u00e1ciles. <\/p>\n<p>                                              <img decoding=\"async\" alt=\"\" src=\"https:\/\/images-na.ssl-images-amazon.com\/images\/G\/01\/x-locale\/common\/grey-pixel.gif\" class=\"a-lazy-loaded\" data-src=\"https:\/\/m.media-amazon.com\/images\/S\/aplus-media-library-service-media\/c0a25389-8a0c-4563-9033-0e13f8741400.__CR0,0,315,145_PT0_SX315_V1___.jpg\"><img decoding=\"async\" alt=\"\" src=\"https:\/\/m.media-amazon.com\/images\/S\/aplus-media-library-service-media\/c0a25389-8a0c-4563-9033-0e13f8741400.__CR0,0,315,145_PT0_SX315_V1___.jpg\">  <\/p>\n<p> NetumScan se enfoca en tecnolog\u00eda de reconocimiento inteligente y le proporciona esc\u00e1neres de c\u00f3digos de barras, impresoras, c\u00e1maras para documentos y esc\u00e1neres de microchips para mascotas, satisfaciendo las necesidades tanto de operaciones comerciales como de la vida familiar. <\/p>\n<p> La gesti\u00f3n eficiente de datos facilita el trabajo, NetumScan puede ayudarle con un rendimiento preciso y estable. <\/p>\n<h3> NetumScan <\/h3>\n<h3> NetumScan <\/h3>\n<h3> NetumScan <\/h3>\n<h3> NetumScan <\/h3>\n<p> Batteries                                            \u200f                                            :                                            \u200e                                            1 Lithium Ion batteries required. (included)   <br \/> Product Dimensions                                            \u200f                                            :                                            \u200e                                            9.6 x 6.6 x 17 cm; 200 g   <br \/> Manufacturer                                            \u200f                                            :                                            \u200e                                            NetumScan   <br \/> ASIN                                            \u200f                                            :                                            \u200e                                            B07ZYJJJB3   <br \/> Item model number                                            \u200f                                            :                                            \u200e                                            NSL8   <br \/> Country of origin                                            \u200f                                            :                                            \u200e                                            China   <br \/>  Customer reviews:                                                                                            4.2               4.2 out of 5 stars                                  (363)                                              var dpAcrHasRegisteredArcLinkClickAction;                    P.when(&#8216;A&#8217;, &#8216;ready&#8217;).execute(function(A) {                        if (dpAcrHasRegisteredArcLinkClickAction !== true) {                            dpAcrHasRegisteredArcLinkClickAction = true;                            A.declarative(                                &#8216;acrLink-click-metrics&#8217;, &#8216;click&#8217;,                                { \u00aballowLinkDefault\u00bb: true },                                function (event) {                                    if (window.ue) {                                        ue.count(\u00abacrLinkClickCount\u00bb, (ue.count(\u00abacrLinkClickCount\u00bb) || 0) + 1);                                    }                                }                            );                        }                    });                                             P.when(&#8216;A&#8217;, &#8216;cf&#8217;).execute(function(A) {                A.declarative(&#8216;acrStarsLink-click-metrics&#8217;, &#8216;click&#8217;, { \u00aballowLinkDefault\u00bb : true },  function(event){                    if(window.ue) {                        ue.count(\u00abacrStarsLinkWithPopoverClickCount\u00bb, (ue.count(\u00abacrStarsLinkWithPopoverClickCount\u00bb) || 0) + 1);                    }                });            });                          <\/p>\n<p>2D: PDF417, QR code, data matrix. The barcode reader has more than 100 configuration options, allowing you to add prefix and suffix codes, or delete start\/end characters. You can even add keys\/keyboard combinations to the scan operation.<br \/>The CMOS optical image scanning technology that is independently researched and developed can identify the screen code, incomplete code and fuzzy code, etc., effectively compensate for the problem that the laser scanner cannot identify the screen code.<br \/>Compatible with Windows, Mac and Linux; Works with Quickbook, Word, Excel, Novell and all common software.<br \/>Portable laser barcode scanner capable of saving up to 3000 codes; ideal for business, retail and warehouse operations.<br \/>2.4G wireless communication provides 50-100 meters of effective communication; It can capture 1D, 2D codes on labels, paper and mobile phone or computer screens easily, sensitive and accurate. 3 reading modes: manual shooting mode, automatic detection mode, cotinuo mode.<\/p>\n\n","protected":false},"excerpt":{"rendered":"<p> From the brand Tecnolog\u00eda Inteligente El escaneo inteligente y la conexi\u00f3n sin fisuras hacen que<\/p>","protected":false},"featured_media":36478,"comment_status":"open","ping_status":"closed","template":"","meta":[],"product_brand":[],"product_cat":[60],"product_tag":[3126,1990,539,10571,1982,1989,1983,1986,10572,10570,10573,1987,6856,1984,290,1985,1421,3475,840,1991,1988,226],"class_list":{"0":"post-36477","1":"product","2":"type-product","3":"status-publish","4":"has-post-thumbnail","6":"product_cat-scanners","7":"product_tag-barcode","8":"product_tag-best-scanner","9":"product_tag-computer","10":"product_tag-datamatrix","11":"product_tag-document-scanner","12":"product_tag-fast-document-scanner","13":"product_tag-flatbed-scanner","14":"product_tag-high-resolution-scanner","15":"product_tag-maxicode","16":"product_tag-netumscan","17":"product_tag-nsl8","18":"product_tag-office-scanner","19":"product_tag-pdf417","20":"product_tag-photo-scanner","21":"product_tag-portable","22":"product_tag-portable-scanner","23":"product_tag-reader","24":"product_tag-scan","25":"product_tag-scanner","26":"product_tag-scanner-price","27":"product_tag-usb-scanner","28":"product_tag-wireless","30":"first","31":"instock","32":"shipping-taxable","33":"product-type-external"},"_links":{"self":[{"href":"https:\/\/comprasyconsejos.store\/en\/wp-json\/wp\/v2\/product\/36477","targetHints":{"allow":["GET"]}}],"collection":[{"href":"https:\/\/comprasyconsejos.store\/en\/wp-json\/wp\/v2\/product"}],"about":[{"href":"https:\/\/comprasyconsejos.store\/en\/wp-json\/wp\/v2\/types\/product"}],"replies":[{"embeddable":true,"href":"https:\/\/comprasyconsejos.store\/en\/wp-json\/wp\/v2\/comments?post=36477"}],"version-history":[{"count":0,"href":"https:\/\/comprasyconsejos.store\/en\/wp-json\/wp\/v2\/product\/36477\/revisions"}],"wp:featuredmedia":[{"embeddable":true,"href":"https:\/\/comprasyconsejos.store\/en\/wp-json\/wp\/v2\/media\/36478"}],"wp:attachment":[{"href":"https:\/\/comprasyconsejos.store\/en\/wp-json\/wp\/v2\/media?parent=36477"}],"wp:term":[{"taxonomy":"product_brand","embeddable":true,"href":"https:\/\/comprasyconsejos.store\/en\/wp-json\/wp\/v2\/product_brand?post=36477"},{"taxonomy":"product_cat","embeddable":true,"href":"https:\/\/comprasyconsejos.store\/en\/wp-json\/wp\/v2\/product_cat?post=36477"},{"taxonomy":"product_tag","embeddable":true,"href":"https:\/\/comprasyconsejos.store\/en\/wp-json\/wp\/v2\/product_tag?post=36477"}],"curies":[{"name":"wp","href":"https:\/\/api.w.org\/{rel}","templated":true}]}}