{"id":36486,"date":"2026-03-01T08:55:07","date_gmt":"2026-03-01T08:55:07","guid":{"rendered":"https:\/\/comprasyconsejos.store\/product\/pristar-d210-thermal-printer-a4-wireless-portable-printer-for-travel-office-and-home-tattoo-thermocopier-compatible-with-ios-android-smartphones-and-laptop-white\/"},"modified":"2026-03-01T08:55:14","modified_gmt":"2026-03-01T08:55:14","slug":"pristar-d210-thermal-printer-a4-wireless-portable-printer-for-travel-office-and-home-tattoo-thermocopier-compatible-with-ios-android-smartphones-and-laptop-white","status":"publish","type":"product","link":"https:\/\/comprasyconsejos.store\/en\/product\/pristar-d210-thermal-printer-a4-wireless-portable-printer-for-travel-office-and-home-tattoo-thermocopier-compatible-with-ios-android-smartphones-and-laptop-white\/","title":{"rendered":"Pristar D210 Thermal Printer A4, Wireless Portable Printer for Travel, Office and Home, Tattoo Thermocopier Compatible with iOS\/Android Smartphones and Laptop, White"},"content":{"rendered":"<p>Price: <span style=\"color:#b12704\">\u20ac13.99<\/span><br \/><i><small>(as of Mar 01, 2026 08:55:07 UTC &#8211; <span class=\"wp_automatic_amazon_disclaimer\" title=\"Product prices and availability are accurate as of the date\/time indicated and are subject to change. Any price and availability information displayed on [relevant Amazon Site(s), as applicable] at the time of purchase will apply to the purchase of this product.\">Details<\/span>)<\/small><\/i><\/p>\n<p><a href=\"https:\/\/amazon.es\/dp\/B0DWMXTH2P?tag=man008-21\"><img decoding=\"async\" src=\"https:\/\/valvepress.s3.amazonaws.com\/imgs\/buy_now.png\"><\/a><br \/>\n<\/p>\n<p>                                             From the brand   <\/p>\n<p>                                              <img decoding=\"async\" alt=\"\" src=\"https:\/\/images-na.ssl-images-amazon.com\/images\/G\/01\/x-locale\/common\/grey-pixel.gif\" class=\"a-lazy-loaded\" data-src=\"https:\/\/m.media-amazon.com\/images\/S\/aplus-media-library-service-media\/8d5c5823-81a9-41ca-9d00-97043c992c31.__CR0,0,1464,625_PT0_SX1464_V1___.jpg\"><img decoding=\"async\" alt=\"\" src=\"https:\/\/m.media-amazon.com\/images\/S\/aplus-media-library-service-media\/8d5c5823-81a9-41ca-9d00-97043c992c31.__CR0,0,1464,625_PT0_SX1464_V1___.jpg\">  <\/p>\n<p>                                              <img decoding=\"async\" alt=\"\" src=\"https:\/\/images-na.ssl-images-amazon.com\/images\/G\/01\/x-locale\/common\/grey-pixel.gif\" class=\"a-lazy-loaded\" data-src=\"https:\/\/m.media-amazon.com\/images\/S\/aplus-media-library-service-media\/b21ce625-a0b9-4b75-8fbb-60b1247a9f19.__CR0,0,315,145_PT0_SX315_V1___.png\"><img decoding=\"async\" alt=\"\" src=\"https:\/\/m.media-amazon.com\/images\/S\/aplus-media-library-service-media\/b21ce625-a0b9-4b75-8fbb-60b1247a9f19.__CR0,0,315,145_PT0_SX315_V1___.png\">  <\/p>\n<p> Pristar no es solo una marca, sino un equipo de personas apasionadas y creativas. <\/p>\n<p> En menos de cinco a\u00f1os, hemos ampliado r\u00e1pidamente nuestra gama de productos para cubrir los mercados estadounidense y asi\u00e1tico con una l\u00ednea de producci\u00f3n profesional, excelente calidad del producto, econom\u00eda y servicio f\u00e1cil de usar. <\/p>\n<p> Siempre estamos a su disposici\u00f3n cuando y donde nos necesite. <\/p>\n<h3> Compatible con impresoras t\u00e9rmicas D210 <\/h3>\n<p>                                              <img decoding=\"async\" alt=\"Persona sentada en el asiento del avi\u00f3n que utiliza una impresora port\u00e1til, con el documento impreso visible en la bandeja.\" src=\"https:\/\/images-na.ssl-images-amazon.com\/images\/G\/01\/x-locale\/common\/grey-pixel.gif\" class=\"a-lazy-loaded\" data-src=\"https:\/\/m.media-amazon.com\/images\/S\/aplus-media-library-service-media\/14a273bd-e62d-483d-b98f-6410ea7cdd8b.__CR0,0,362,453_PT0_SX362_V1___.jpg\"><img decoding=\"async\" alt=\"Persona sentada en el asiento del avi\u00f3n que utiliza una impresora port\u00e1til, con el documento impreso visible en la bandeja.\" src=\"https:\/\/m.media-amazon.com\/images\/S\/aplus-media-library-service-media\/14a273bd-e62d-483d-b98f-6410ea7cdd8b.__CR0,0,362,453_PT0_SX362_V1___.jpg\">  <\/p>\n<p>                                              <img decoding=\"async\" alt=\"Ambiente de oficina con una persona con camisa abotonada a rayas que trabaja en una computadora port\u00e1til con documentos extendidos sobre el escritorio.\" src=\"https:\/\/images-na.ssl-images-amazon.com\/images\/G\/01\/x-locale\/common\/grey-pixel.gif\" class=\"a-lazy-loaded\" data-src=\"https:\/\/m.media-amazon.com\/images\/S\/aplus-media-library-service-media\/9869072f-5fb7-4228-b3b0-6e9838a01783.__CR0,0,362,453_PT0_SX362_V1___.jpg\"><img decoding=\"async\" alt=\"Ambiente de oficina con una persona con camisa abotonada a rayas que trabaja en una computadora port\u00e1til con documentos extendidos sobre el escritorio.\" src=\"https:\/\/m.media-amazon.com\/images\/S\/aplus-media-library-service-media\/9869072f-5fb7-4228-b3b0-6e9838a01783.__CR0,0,362,453_PT0_SX362_V1___.jpg\">  <\/p>\n<p>                                              <img decoding=\"async\" alt=\"aplus content image\" src=\"https:\/\/images-na.ssl-images-amazon.com\/images\/G\/01\/x-locale\/common\/grey-pixel.gif\" class=\"a-lazy-loaded\" data-src=\"https:\/\/m.media-amazon.com\/images\/S\/aplus-media-library-service-media\/f3d14bf4-bf5c-4535-9880-bf98f2ce51b0.__CR0,0,362,453_PT0_SX362_V1___.jpg\"><img decoding=\"async\" alt=\"aplus content image\" src=\"https:\/\/m.media-amazon.com\/images\/S\/aplus-media-library-service-media\/f3d14bf4-bf5c-4535-9880-bf98f2ce51b0.__CR0,0,362,453_PT0_SX362_V1___.jpg\">  <\/p>\n<p>                                              <img decoding=\"async\" alt=\"aplus content image\" src=\"https:\/\/images-na.ssl-images-amazon.com\/images\/G\/01\/x-locale\/common\/grey-pixel.gif\" class=\"a-lazy-loaded\" data-src=\"https:\/\/m.media-amazon.com\/images\/S\/aplus-media-library-service-media\/ce087e4f-8645-47be-9a58-f67467772e10.__CR0,0,362,453_PT0_SX362_V1___.jpg\"><img decoding=\"async\" alt=\"aplus content image\" src=\"https:\/\/m.media-amazon.com\/images\/S\/aplus-media-library-service-media\/ce087e4f-8645-47be-9a58-f67467772e10.__CR0,0,362,453_PT0_SX362_V1___.jpg\">  <\/p>\n<p> Batteries                                            \u200f                                            :                                            \u200e                                            1 Lithium Ion batteries required. (included)   <br \/> Product Dimensions                                            \u200f                                            :                                            \u200e                                            8.07 x 26.2 x 4.68 cm; 990 g   <br \/> Manufacturer                                            \u200f                                            :                                            \u200e                                            Pristar   <br \/> ASIN                                            \u200f                                            :                                            \u200e                                            B0DWMXTH2P   <br \/> Item model number                                            \u200f                                            :                                            \u200e                                            D210-WH   <br \/> Guaranteed software updates until                                            \u200f                                            :                                            \u200e                                            unknown   <br \/>  Customer reviews:                                                                                            4.3               4.3 out of 5 stars                                  (94)                                              var dpAcrHasRegisteredArcLinkClickAction;                    P.when(&#8216;A&#8217;, &#8216;ready&#8217;).execute(function(A) {                        if (dpAcrHasRegisteredArcLinkClickAction !== true) {                            dpAcrHasRegisteredArcLinkClickAction = true;                            A.declarative(                                &#8216;acrLink-click-metrics&#8217;, &#8216;click&#8217;,                                { \u00aballowLinkDefault\u00bb: true },                                function (event) {                                    if (window.ue) {                                        ue.count(\u00abacrLinkClickCount\u00bb, (ue.count(\u00abacrLinkClickCount\u00bb) || 0) + 1);                                    }                                }                            );                        }                    });                                             P.when(&#8216;A&#8217;, &#8216;cf&#8217;).execute(function(A) {                A.declarative(&#8216;acrStarsLink-click-metrics&#8217;, &#8216;click&#8217;, { \u00aballowLinkDefault\u00bb : true },  function(event){                    if(window.ue) {                        ue.count(\u00abacrStarsLinkWithPopoverClickCount\u00bb, (ue.count(\u00abacrStarsLinkWithPopoverClickCount\u00bb) || 0) + 1);                    }                });            });                          <\/p>\n<p>Portable &#038; Long Battery Life: This A4 thermal printer is compact and weighs only 700g. It can be easily stored in a backpack or briefcase. The D210 portable thermal printer features a 2600mAh rechargeable lithium battery, which delivers up to 2 hours of continuous operation and 360 printed sheets per charge. With a standby time of up to 30 days, this wireless portable printer is an indispensable companion for you on the go<br \/>\u3010High Compatibility\u3011The A4 D210 portable printer is compatible with mobile devices and computers. For Android and iOS, use the \u00abMarklife\u00bb app to connect via Bluetooth. For PC (Windows\/MacOS), connect the printer with USB cable and download the driver. (Note: Bluetooth only supports \u00abMarklife\u00bb APP on smartphones\/tablets)<br \/>Inkless thermal printing technology: Thanks to direct thermal technology, this inkless printer is more environmentally friendly. D210 portable printer supports A4 thermal paper and tattoo transfer paper. This dual function makes it ideal for both office workers and tattoo enthusiasts. (Note: Does not support normal copy paper)<br \/>Versatile applications: The A4 thermal printer processes formats such as Word, Excel, PPT, TXT and JPG. Whether in the car, at home, outdoors or traveling, print contracts, lists, invoices, labels or documents needed at any time. In addition, the D210 thermal printer is also compatible with tattoo transfer paper and, as a tattoo thermocopier, meets the demands of art tattoo enthusiasts<br \/>Portable A4 Thermal Printer: This wireless Bluetooth printer is suitable for \u00abPristar A4 Thermal Paper\u00bb. Note: Only print in black and white. Package Contents: D210 printer, 1 roll of A4 thermal paper, 5 sheets tattoo transfer paper, USB cable, user manual. (Note: Charging plug is not included)<\/p>\n\n","protected":false},"excerpt":{"rendered":"<p> From the brand Pristar no es solo una marca, sino un equipo de personas apasionadas<\/p>","protected":false},"featured_media":36487,"comment_status":"open","ping_status":"closed","template":"","meta":[],"product_brand":[],"product_cat":[59],"product_tag":[1946,1954,201,10577,626,1951,1953,10580,159,1948,585,1950,290,1962,1955,1949,10576,1588,10578,2053,10579,240,205,1952,226,1947],"class_list":{"0":"post-36486","1":"product","2":"type-product","3":"status-publish","4":"has-post-thumbnail","6":"product_cat-printers-all-in-one","7":"product_tag-all-in-one-printer","8":"product_tag-best-all-in-one-printer","9":"product_tag-compatible","10":"product_tag-d210","11":"product_tag-home","12":"product_tag-home-printer","13":"product_tag-ink-tank-printer","14":"product_tag-iosandroid","15":"product_tag-laptop","16":"product_tag-multifunction-printer","17":"product_tag-office","18":"product_tag-office-printer","19":"product_tag-portable","20":"product_tag-printer","21":"product_tag-printer-price","22":"product_tag-printer-scanner-copier","23":"product_tag-pristar","24":"product_tag-smartphones","25":"product_tag-tattoo","26":"product_tag-thermal","27":"product_tag-thermocopier","28":"product_tag-travel","29":"product_tag-white","30":"product_tag-wifi-printer","31":"product_tag-wireless","32":"product_tag-wireless-printer","34":"first","35":"instock","36":"shipping-taxable","37":"product-type-external"},"_links":{"self":[{"href":"https:\/\/comprasyconsejos.store\/en\/wp-json\/wp\/v2\/product\/36486","targetHints":{"allow":["GET"]}}],"collection":[{"href":"https:\/\/comprasyconsejos.store\/en\/wp-json\/wp\/v2\/product"}],"about":[{"href":"https:\/\/comprasyconsejos.store\/en\/wp-json\/wp\/v2\/types\/product"}],"replies":[{"embeddable":true,"href":"https:\/\/comprasyconsejos.store\/en\/wp-json\/wp\/v2\/comments?post=36486"}],"version-history":[{"count":0,"href":"https:\/\/comprasyconsejos.store\/en\/wp-json\/wp\/v2\/product\/36486\/revisions"}],"wp:featuredmedia":[{"embeddable":true,"href":"https:\/\/comprasyconsejos.store\/en\/wp-json\/wp\/v2\/media\/36487"}],"wp:attachment":[{"href":"https:\/\/comprasyconsejos.store\/en\/wp-json\/wp\/v2\/media?parent=36486"}],"wp:term":[{"taxonomy":"product_brand","embeddable":true,"href":"https:\/\/comprasyconsejos.store\/en\/wp-json\/wp\/v2\/product_brand?post=36486"},{"taxonomy":"product_cat","embeddable":true,"href":"https:\/\/comprasyconsejos.store\/en\/wp-json\/wp\/v2\/product_cat?post=36486"},{"taxonomy":"product_tag","embeddable":true,"href":"https:\/\/comprasyconsejos.store\/en\/wp-json\/wp\/v2\/product_tag?post=36486"}],"curies":[{"name":"wp","href":"https:\/\/api.w.org\/{rel}","templated":true}]}}