{"id":36515,"date":"2026-03-01T10:33:32","date_gmt":"2026-03-01T10:33:32","guid":{"rendered":"https:\/\/comprasyconsejos.store\/product\/dji-power-1000-v2-portable-power-station-1024wh-lfp-battery-2600w-output-0-to-80-recharge-in-37-minutes-home-electric-generator-motorhomes-off-grid\/"},"modified":"2026-03-01T10:33:32","modified_gmt":"2026-03-01T10:33:32","slug":"dji-power-1000-v2-portable-power-station-1024wh-lfp-battery-2600w-output-0-to-80-recharge-in-37-minutes-home-electric-generator-motorhomes-off-grid","status":"publish","type":"product","link":"https:\/\/comprasyconsejos.store\/en\/product\/dji-power-1000-v2-portable-power-station-1024wh-lfp-battery-2600w-output-0-to-80-recharge-in-37-minutes-home-electric-generator-motorhomes-off-grid\/","title":{"rendered":"DJI Power 1000 V2 Portable Power Station, 1024WH LFP Battery, 2600W Output, 0% to 80% Recharge in 37 Minutes, Home Electric Generator, Motorhomes, Off-Grid"},"content":{"rendered":"<p>Price: <span style=\"color:#b12704\"><del>\u20ac699.00<\/del> - \u20ac649.00<\/span><br \/><i><small>(as of Mar 01, 2026 10:33:32 UTC &#8211; <span class=\"wp_automatic_amazon_disclaimer\" title=\"Product prices and availability are accurate as of the date\/time indicated and are subject to change. Any price and availability information displayed on [relevant Amazon Site(s), as applicable] at the time of purchase will apply to the purchase of this product.\">Details<\/span>)<\/small><\/i><\/p>\n<p><a href=\"https:\/\/amazon.es\/dp\/B0FC67CQJH?tag=man008-21\"><img decoding=\"async\" src=\"https:\/\/valvepress.s3.amazonaws.com\/imgs\/buy_now.png\"><\/a><br \/>\n<\/p>\n<p>                                             From the brand   <\/p>\n<p>                                              <img decoding=\"async\" alt=\"Fotograf\u00eda panor\u00e1mica del paisaje que muestra una vasta pradera o pradera verde que se extiende hasta monta\u00f1as distantes bajo un cielo nublado.\" src=\"https:\/\/images-na.ssl-images-amazon.com\/images\/G\/01\/x-locale\/common\/grey-pixel.gif\" class=\"a-lazy-loaded\" data-src=\"https:\/\/m.media-amazon.com\/images\/S\/aplus-media-library-service-media\/9641c3f1-06f7-4e2a-8172-779a49e156c8.__CR0,0,2928,1250_PT0_SX1464_V1___.jpg\"><img decoding=\"async\" alt=\"Fotograf\u00eda panor\u00e1mica del paisaje que muestra una vasta pradera o pradera verde que se extiende hasta monta\u00f1as distantes bajo un cielo nublado.\" src=\"https:\/\/m.media-amazon.com\/images\/S\/aplus-media-library-service-media\/9641c3f1-06f7-4e2a-8172-779a49e156c8.__CR0,0,2928,1250_PT0_SX1464_V1___.jpg\">  <\/p>\n<p>                                              <img decoding=\"async\" alt=\"aplus content image\" src=\"https:\/\/images-na.ssl-images-amazon.com\/images\/G\/01\/x-locale\/common\/grey-pixel.gif\" class=\"a-lazy-loaded\" data-src=\"https:\/\/m.media-amazon.com\/images\/S\/aplus-media-library-service-media\/beb4712c-c022-4a75-a5dc-c9928c3b3a5a.__CR0,0,362,453_PT0_SX362_V1___.jpg\"><img decoding=\"async\" alt=\"aplus content image\" src=\"https:\/\/m.media-amazon.com\/images\/S\/aplus-media-library-service-media\/beb4712c-c022-4a75-a5dc-c9928c3b3a5a.__CR0,0,362,453_PT0_SX362_V1___.jpg\">  <\/p>\n<h3> DJI Power 1000 V2 <\/h3>\n<p class=\"apm-brand-story-stores-link\">\n<h3> DJI Power 2000 <\/h3>\n<p class=\"apm-brand-story-stores-link\">\n<h3> Estaci\u00f3n de energ\u00eda <\/h3>\n<p class=\"apm-brand-story-stores-link\">\n<h3> Estaci\u00f3n de energ\u00eda solar <\/h3>\n<p class=\"apm-brand-story-stores-link\">\n<h3> Carga de coche y expansi\u00f3n <\/h3>\n<p class=\"apm-brand-story-stores-link\">\n<h3> DJI Power 1000 <\/h3>\n<p class=\"apm-brand-story-stores-link\">\n<h3> Energ\u00eda de emergencia <\/h3>\n<p class=\"apm-brand-story-stores-link\">\n<h3> Carga r\u00e1pida de drones DJI <\/h3>\n<p class=\"apm-brand-story-stores-link\">\n<h3> Viaje por carretera <\/h3>\n<p class=\"apm-brand-story-stores-link\">\n<h3> Accesorios Power Core <\/h3>\n<p class=\"apm-brand-story-stores-link\">\n<p>                                              <img decoding=\"async\" alt=\"\" src=\"https:\/\/images-na.ssl-images-amazon.com\/images\/G\/01\/x-locale\/common\/grey-pixel.gif\" class=\"a-lazy-loaded\" data-src=\"https:\/\/m.media-amazon.com\/images\/S\/aplus-media-library-service-media\/eb2443ba-a1f5-4925-9ecf-ee989de7e3c2.__CR0,0,362,453_PT0_SX362_V1___.jpg\"><img decoding=\"async\" alt=\"\" src=\"https:\/\/m.media-amazon.com\/images\/S\/aplus-media-library-service-media\/eb2443ba-a1f5-4925-9ecf-ee989de7e3c2.__CR0,0,362,453_PT0_SX362_V1___.jpg\">  <\/p>\n<p>Power like never before: DJI Power 1000 V2 is a high-capacity solar generator that powers 99% [11] of appliances such as kettles, cookers, projectors, saws and drills, ideal for camping, DIY and outdoor work.<br \/>FAST CHARGING WITHOUT RESTRICTIONS &#8211; The DJI Power 1000 V2 portable power station recharges to 80% in just 37 minutes [3], so you&#8217;re always ready for road trips or emergency backup power without long waits.<br \/>Uncompromised Safety, Anywhere &#8211; This power station features a 1024Wh LFP battery, intelligent BMS and fireproof housing, to ensure safety in harsh conditions with a 10-year lifespan. [6]<br \/>QUIET AND COMFORT FOR A RESTFUL NIGHT&#8217;S SLEEP \u2013 The DJI outdoor quiet generator operates at as little as 26 dB [10], reducing nighttime noise for uninterrupted sleep while charging devices.<br \/>Power your passion with a surpassing design: This portable generator offers two 140W [14] USB-C ports (280W total), 40% more than typical two 100W USB-C configurations. Keep pace while creating content.<br \/>Instantly reliable backup: DJI battery generator for home use features uninterrupted UPS with a switching time of 10ms [9], so you keep your devices running smoothly during unexpected blackouts.<br \/>READY TO FLY FASTER &#8211; This outdoor generator allows for super-fast SDC charging [13] of select DJI drone batteries [20] for easy take-off in 30 minutes, ideal for all-day filming.<br \/>Long-term protection: This electric generator comes with a 3-year warranty, expandable to 5 years [17] with quick registration, for long-term peace of mind and reliable support for years.<br \/>Includes DJI Power 1000 V2 and a DJI Power AC power cord, which provides high power output and fast mains charging. The 5-year warranty makes it ideal for basic home and outdoor use.<br \/>Tips: Due to logistics regulations, please use the original product packaging when sending a power station. It is advisable to keep the original packaging during the refund period of the product.<\/p>\n\n","protected":false},"excerpt":{"rendered":"<p> From the brand DJI Power 1000 V2 DJI Power 2000 Estaci\u00f3n de energ\u00eda Estaci\u00f3n de<\/p>","protected":false},"featured_media":36516,"comment_status":"open","ping_status":"closed","template":"","meta":[],"product_brand":[],"product_cat":[79],"product_tag":[8621,10591,1488,1490,1495,292,1499,1500,2358,1607,1494,8628,626,10590,7014,1492,10592,10593,1259,1498,290,143,1485,824,8470,156],"class_list":{"0":"post-36515","1":"product","2":"type-product","3":"status-publish","4":"has-post-thumbnail","6":"product_cat-pc-power-supply-unit","7":"product_tag-1024wh","8":"product_tag-2600w","9":"product_tag-650w-psu","10":"product_tag-750w-psu","11":"product_tag-80-plus-gold-psu","12":"product_tag-battery","13":"product_tag-best-psu","14":"product_tag-computer-power-unit","15":"product_tag-dji","16":"product_tag-electric","17":"product_tag-gaming-power-supply","18":"product_tag-generator","19":"product_tag-home","20":"product_tag-lfp","21":"product_tag-minutes","22":"product_tag-modular-psu","23":"product_tag-motorhomes","24":"product_tag-offgrid","25":"product_tag-output","26":"product_tag-pc-power-supply-price","27":"product_tag-portable","28":"product_tag-power","29":"product_tag-power-supply","30":"product_tag-psu","31":"product_tag-recharge","32":"product_tag-station","34":"first","35":"instock","36":"sale","37":"shipping-taxable","38":"product-type-external"},"_links":{"self":[{"href":"https:\/\/comprasyconsejos.store\/en\/wp-json\/wp\/v2\/product\/36515","targetHints":{"allow":["GET"]}}],"collection":[{"href":"https:\/\/comprasyconsejos.store\/en\/wp-json\/wp\/v2\/product"}],"about":[{"href":"https:\/\/comprasyconsejos.store\/en\/wp-json\/wp\/v2\/types\/product"}],"replies":[{"embeddable":true,"href":"https:\/\/comprasyconsejos.store\/en\/wp-json\/wp\/v2\/comments?post=36515"}],"version-history":[{"count":0,"href":"https:\/\/comprasyconsejos.store\/en\/wp-json\/wp\/v2\/product\/36515\/revisions"}],"wp:featuredmedia":[{"embeddable":true,"href":"https:\/\/comprasyconsejos.store\/en\/wp-json\/wp\/v2\/media\/36516"}],"wp:attachment":[{"href":"https:\/\/comprasyconsejos.store\/en\/wp-json\/wp\/v2\/media?parent=36515"}],"wp:term":[{"taxonomy":"product_brand","embeddable":true,"href":"https:\/\/comprasyconsejos.store\/en\/wp-json\/wp\/v2\/product_brand?post=36515"},{"taxonomy":"product_cat","embeddable":true,"href":"https:\/\/comprasyconsejos.store\/en\/wp-json\/wp\/v2\/product_cat?post=36515"},{"taxonomy":"product_tag","embeddable":true,"href":"https:\/\/comprasyconsejos.store\/en\/wp-json\/wp\/v2\/product_tag?post=36515"}],"curies":[{"name":"wp","href":"https:\/\/api.w.org\/{rel}","templated":true}]}}