{"id":36532,"date":"2026-03-01T11:16:02","date_gmt":"2026-03-01T11:16:02","guid":{"rendered":"https:\/\/comprasyconsejos.store\/product\/lector-de-tarjetas-usb-adaptador-delgado-6-en-1-adaptador-de-tarjeta-de-memoria-de-transmision-rapida-fotografia-de-ordenador-portatil-camara-de-telefono-de-ordenador-transferencia-de-ar\/"},"modified":"2026-03-01T11:16:05","modified_gmt":"2026-03-01T11:16:05","slug":"lector-de-tarjetas-usb-adaptador-delgado-6-en-1-adaptador-de-tarjeta-de-memoria-de-transmision-rapida-fotografia-de-ordenador-portatil-camara-de-telefono-de-ordenador-transferencia-de-ar","status":"publish","type":"product","link":"https:\/\/comprasyconsejos.store\/en\/product\/lector-de-tarjetas-usb-adaptador-delgado-6-en-1-adaptador-de-tarjeta-de-memoria-de-transmision-rapida-fotografia-de-ordenador-portatil-camara-de-telefono-de-ordenador-transferencia-de-ar\/","title":{"rendered":"Lector de tarjetas USB \u2013 Adaptador delgado 6 en 1, adaptador de tarjeta de memoria de transmisi\u00f3n r\u00e1pida, fotograf\u00eda de ordenador port\u00e1til, c\u00e1mara de tel\u00e9fono de ordenador, transferencia de archivos"},"content":{"rendered":"<p>Price: <span style=\"color:#b12704\">\u20ac8.39<\/span><br \/><i><small>(as of Mar 01, 2026 11:16:02 UTC &#8211; <span class=\"wp_automatic_amazon_disclaimer\" title=\"Product prices and availability are accurate as of the date\/time indicated and are subject to change. Any price and availability information displayed on [relevant Amazon Site(s), as applicable] at the time of purchase will apply to the purchase of this product.\">Details<\/span>)<\/small><\/i><\/p>\n<p><a href=\"https:\/\/amazon.es\/dp\/B0GHQV7F5Q?tag=man008-21\"><img decoding=\"async\" src=\"https:\/\/valvepress.s3.amazonaws.com\/imgs\/buy_now.png\"><\/a><br \/>\n<\/p>\n<p>                                             Product Description   <\/p>\n<h3 class=\"a-spacing-mini\"> Lector de Tarjetas USB <\/h3>\n<p>                                          <img decoding=\"async\" alt=\"Lector de Tarjetas USB\" src=\"https:\/\/images-na.ssl-images-amazon.com\/images\/G\/01\/x-locale\/common\/grey-pixel.gif\" class=\"a-spacing-base a-lazy-loaded\" data-src=\"https:\/\/m.media-amazon.com\/images\/S\/aplus-media-library-service-media\/095f7f21-184e-42b6-80ca-fff3c1cbf23d.__CR0,0,970,600_PT0_SX970_V1___.jpg\"><img decoding=\"async\" alt=\"Lector de Tarjetas USB\" src=\"https:\/\/m.media-amazon.com\/images\/S\/aplus-media-library-service-media\/095f7f21-184e-42b6-80ca-fff3c1cbf23d.__CR0,0,970,600_PT0_SX970_V1___.jpg\">                                                                    <\/p>\n<p> El adaptador multicard act\u00faa como un convertidor para transferir archivos de manera entre varios dispositivos, como c\u00e1maras, computadoras y port\u00e1tiles. Su dise\u00f1o delgado garantiza la portabilidad, lo que lo convierte en un compa\u00f1ero ideal para actividades al aire , viajes y proyectos fotogr\u00e1ficos. Este adaptador es compatible con m\u00faltiples formatos de tarjetas, mejorando la comodidad al gestionar archivos en diferentes dispositivos. <\/p>\n<p> Especificaci\u00f3n <\/p>\n<p> Nombre del producto: Lector de tarjetas <\/p>\n<p> Color del producto: negro <\/p>\n<p> Material del producto: ABS <\/p>\n<p> Lista <\/p>\n<p> Lector de tarjetas*1 <\/p>\n<p> Nota: <\/p>\n<p> Debido a las diferentes configuraciones de iluminaci\u00f3n y pantalla, el color del art\u00edculo puede ser ligeramente diferente al de la imagen. <\/p>\n<p> Debido a las diferentes medidas manuales, permita una diferencia de tama\u00f1o de 1-2 cm. <\/p>\n<p> Package Dimensions                                            \u200f                                            :                                            \u200e                                            16.8 x 8.3 x 2.3 cm; 60 g   <br \/> Manufacturer                                            \u200f                                            :                                            \u200e                                            Generisch   <br \/> ASIN                                            \u200f                                            :                                            \u200e                                            B0GHQV7F5Q   <br \/> Manufacturer reference                                            \u200f                                            :                                            \u200e                                            VSXDLT0QH27ICP3MJ9E   <br \/> Guaranteed software updates until                                            \u200f                                            :                                            \u200e                                            unknown   <\/p>\n<p>Adaptador de tarjeta de memoria 6 en 1: soporta m\u00faltiples tipos de tarjetas, incluyendo , TF y m\u00e1s, y ofrece compatibilidad universal para port\u00e1tiles, ordenadores, tel\u00e9fonos y c\u00e1maras<br \/>Dise\u00f1o delgado y compacto: el dise\u00f1o ligero y port\u00e1til permite un f\u00e1cil almacenamiento en , o juegos de c\u00e1mara, perfecto para viajes y fotograf\u00eda al aire libre<br \/>Transferencia de archivos de alta velocidad: transfiere fotos, videos y archivos entre dispositivos de manera eficiente y r\u00e1pida, ahorrando tiempo a fot\u00f3grafos y profesionales<br \/>Compatibilidad vers\u00e1til de dispositivos: funciona a la perfecci\u00f3n con ordenadores port\u00e1tiles, tabletas, c\u00e1maras y tel\u00e9fonos inteligentes, y es compatible con uso personal y profesional<br \/>Ideal para uso al aire libre y viajes: compacto y f\u00e1cil de transportar, lo que permite a los fot\u00f3grafos y viajeros acceder y transferir archivos desde cualquier lugar<\/p>\n\n","protected":false},"excerpt":{"rendered":"<p> Product Description Lector de Tarjetas USB El adaptador multicard act\u00faa como un convertidor para transferir<\/p>","protected":false},"featured_media":36533,"comment_status":"open","ping_status":"closed","template":"","meta":[],"product_brand":[],"product_cat":[47],"product_tag":[4152,8019,4112,1399,5559,1411,9811,1413,5321,3992,1407,1409,1415,6108,1416,1417,4217,5328,1405,5783,5322,4816,5327,10603,133,1403],"class_list":{"0":"post-36532","1":"product","2":"type-product","3":"status-publish","4":"has-post-thumbnail","6":"product_cat-card-readers","7":"product_tag-adaptador","8":"product_tag-archivos","9":"product_tag-camara","10":"product_tag-card-reader","11":"product_tag-delgado","12":"product_tag-fast-card-reader","13":"product_tag-fotografia","14":"product_tag-laptop-card-reader","15":"product_tag-lector","16":"product_tag-memoria","17":"product_tag-memory-card-reader","18":"product_tag-micro-sd-card-reader","19":"product_tag-multi-card-reader","20":"product_tag-ordenador","21":"product_tag-otg-card-reader","22":"product_tag-portable-card-reader","23":"product_tag-portatil","24":"product_tag-rapida","25":"product_tag-sd-card-reader","26":"product_tag-tarjeta","27":"product_tag-tarjetas","28":"product_tag-telefono","29":"product_tag-transferencia","30":"product_tag-transmision","31":"product_tag-usb","32":"product_tag-usb-card-reader","34":"first","35":"instock","36":"shipping-taxable","37":"product-type-external"},"_links":{"self":[{"href":"https:\/\/comprasyconsejos.store\/en\/wp-json\/wp\/v2\/product\/36532","targetHints":{"allow":["GET"]}}],"collection":[{"href":"https:\/\/comprasyconsejos.store\/en\/wp-json\/wp\/v2\/product"}],"about":[{"href":"https:\/\/comprasyconsejos.store\/en\/wp-json\/wp\/v2\/types\/product"}],"replies":[{"embeddable":true,"href":"https:\/\/comprasyconsejos.store\/en\/wp-json\/wp\/v2\/comments?post=36532"}],"version-history":[{"count":0,"href":"https:\/\/comprasyconsejos.store\/en\/wp-json\/wp\/v2\/product\/36532\/revisions"}],"wp:featuredmedia":[{"embeddable":true,"href":"https:\/\/comprasyconsejos.store\/en\/wp-json\/wp\/v2\/media\/36533"}],"wp:attachment":[{"href":"https:\/\/comprasyconsejos.store\/en\/wp-json\/wp\/v2\/media?parent=36532"}],"wp:term":[{"taxonomy":"product_brand","embeddable":true,"href":"https:\/\/comprasyconsejos.store\/en\/wp-json\/wp\/v2\/product_brand?post=36532"},{"taxonomy":"product_cat","embeddable":true,"href":"https:\/\/comprasyconsejos.store\/en\/wp-json\/wp\/v2\/product_cat?post=36532"},{"taxonomy":"product_tag","embeddable":true,"href":"https:\/\/comprasyconsejos.store\/en\/wp-json\/wp\/v2\/product_tag?post=36532"}],"curies":[{"name":"wp","href":"https:\/\/api.w.org\/{rel}","templated":true}]}}