{"id":36538,"date":"2026-03-01T11:29:10","date_gmt":"2026-03-01T11:29:10","guid":{"rendered":"https:\/\/comprasyconsejos.store\/product\/razer-ornata-v3-low-profile-gaming-keyboard-mecha-membrane-hybrid-switch-uv-coated-keycaps-soft-touch-magnetic-wrist-rest-rgb-chroma-qwerty-es-keyboard-black\/"},"modified":"2026-03-01T11:29:11","modified_gmt":"2026-03-01T11:29:11","slug":"razer-ornata-v3-low-profile-gaming-keyboard-mecha-membrane-hybrid-switch-uv-coated-keycaps-soft-touch-magnetic-wrist-rest-rgb-chroma-qwerty-es-keyboard-black","status":"publish","type":"product","link":"https:\/\/comprasyconsejos.store\/en\/product\/razer-ornata-v3-low-profile-gaming-keyboard-mecha-membrane-hybrid-switch-uv-coated-keycaps-soft-touch-magnetic-wrist-rest-rgb-chroma-qwerty-es-keyboard-black\/","title":{"rendered":"Razer Ornata V3 &#8211; Low Profile Gaming Keyboard (Mecha Membrane Hybrid Switch, UV Coated Keycaps, Soft Touch Magnetic Wrist Rest, RGB Chroma) QWERTY ES Keyboard | Black"},"content":{"rendered":"<p>Price: <span style=\"color:#b12704\"><del>\u20ac89.99<\/del> - \u20ac69.99<\/span><br \/><i><small>(as of Mar 01, 2026 11:29:10 UTC &#8211; <span class=\"wp_automatic_amazon_disclaimer\" title=\"Product prices and availability are accurate as of the date\/time indicated and are subject to change. Any price and availability information displayed on [relevant Amazon Site(s), as applicable] at the time of purchase will apply to the purchase of this product.\">Details<\/span>)<\/small><\/i><\/p>\n<p><a href=\"https:\/\/amazon.es\/dp\/B09X6G5VQC?tag=man008-21\"><img decoding=\"async\" src=\"https:\/\/valvepress.s3.amazonaws.com\/imgs\/buy_now.png\"><\/a><br \/>\n<\/p>\n<p>                                             From the manufacturer   <\/p>\n<p>                                                                             <img decoding=\"async\" alt=\"x\" src=\"https:\/\/images-na.ssl-images-amazon.com\/images\/G\/01\/x-locale\/common\/grey-pixel.gif\" class=\"a-spacing-base a-lazy-loaded\" data-src=\"https:\/\/m.media-amazon.com\/images\/S\/aplus-media-library-service-media\/4cc63cfb-658f-441a-bb34-2f0c47eccf5f.__CR0,0,970,600_PT0_SX970_V1___.jpg\"><img decoding=\"async\" alt=\"x\" src=\"https:\/\/m.media-amazon.com\/images\/S\/aplus-media-library-service-media\/4cc63cfb-658f-441a-bb34-2f0c47eccf5f.__CR0,0,970,600_PT0_SX970_V1___.jpg\">                                                                    <\/p>\n<p class=\"apm-text-center\">\n                                                      <img decoding=\"async\" alt=\"x\" src=\"https:\/\/images-na.ssl-images-amazon.com\/images\/G\/01\/x-locale\/common\/grey-pixel.gif\" class=\"a-spacing-mini a-lazy-loaded\" data-src=\"https:\/\/m.media-amazon.com\/images\/S\/aplus-media-library-service-media\/2e732d7b-1e58-4000-95a0-e76d395957b9.__CR0,0,1024,1024_PT0_SX300_V1___.jpg\"><img decoding=\"async\" alt=\"x\" src=\"https:\/\/m.media-amazon.com\/images\/S\/aplus-media-library-service-media\/2e732d7b-1e58-4000-95a0-e76d395957b9.__CR0,0,1024,1024_PT0_SX300_V1___.jpg\">  <\/p>\n<p>                                                    Teclas de perfil bajo para una experiencia de juego ergon\u00f3mica                                       <\/p>\n<p> Con tapas de teclas m\u00e1s delgadas e interruptores m\u00e1s cortos, disfruta de una posici\u00f3n natural de la mano que permite largas horas de uso con poca tensi\u00f3n. <\/p>\n<p class=\"apm-text-center\">\n                                                      <img decoding=\"async\" alt=\"x\" src=\"https:\/\/images-na.ssl-images-amazon.com\/images\/G\/01\/x-locale\/common\/grey-pixel.gif\" class=\"a-spacing-mini a-lazy-loaded\" data-src=\"https:\/\/m.media-amazon.com\/images\/S\/aplus-media-library-service-media\/cc811267-1a65-4bad-937b-a1c6740e0ab3.__CR0,0,1024,1024_PT0_SX300_V1___.jpg\"><img decoding=\"async\" alt=\"x\" src=\"https:\/\/m.media-amazon.com\/images\/S\/aplus-media-library-service-media\/cc811267-1a65-4bad-937b-a1c6740e0ab3.__CR0,0,1024,1024_PT0_SX300_V1___.jpg\">  <\/p>\n<p>                                                    Interruptores Razer Mecha-Membrane para una pulsaci\u00f3n r\u00e1pida con un tacto suave y acolchado                                       <\/p>\n<p> Combinando la respuesta r\u00e1pida y chasqueante de un conmutador mec\u00e1nico con la sensaci\u00f3n familiar de un teclado convencional, cada pulsaci\u00f3n que realice ser\u00e1 tan satisfactoria como precisa. <\/p>\n<p class=\"apm-text-center\">\n                                                      <img decoding=\"async\" alt=\"x\" src=\"https:\/\/images-na.ssl-images-amazon.com\/images\/G\/01\/x-locale\/common\/grey-pixel.gif\" class=\"a-spacing-mini a-lazy-loaded\" data-src=\"https:\/\/m.media-amazon.com\/images\/S\/aplus-media-library-service-media\/677d0589-4845-4a44-be4e-55effe647d73.__CR0,0,1024,1024_PT0_SX300_V1___.jpg\"><img decoding=\"async\" alt=\"x\" src=\"https:\/\/m.media-amazon.com\/images\/S\/aplus-media-library-service-media\/677d0589-4845-4a44-be4e-55effe647d73.__CR0,0,1024,1024_PT0_SX300_V1___.jpg\">  <\/p>\n<p>                                                    Tapas con revestimiento UV para una mayor resistencia a la decoloraci\u00f3n y los ara\u00f1azos                                       <\/p>\n<p> M\u00e1s duraderas que las teclas normales, el revestimiento UV garantiza unas lega\u00f1as m\u00e1s resistentes a la decoloraci\u00f3n y una mayor protecci\u00f3n contra el desgaste por el uso frecuente. <\/p>\n<p class=\"apm-text-center\">\n                                                      <img decoding=\"async\" alt=\"x\" src=\"https:\/\/images-na.ssl-images-amazon.com\/images\/G\/01\/x-locale\/common\/grey-pixel.gif\" class=\"a-spacing-mini a-lazy-loaded\" data-src=\"https:\/\/m.media-amazon.com\/images\/S\/aplus-media-library-service-media\/9ea2341e-9175-4b03-96e1-f64273b6127d.__CR0,0,1024,1024_PT0_SX300_V1___.jpg\"><img decoding=\"async\" alt=\"x\" src=\"https:\/\/m.media-amazon.com\/images\/S\/aplus-media-library-service-media\/9ea2341e-9175-4b03-96e1-f64273b6127d.__CR0,0,1024,1024_PT0_SX300_V1___.jpg\">  <\/p>\n<p>                                                    Teclas multimedia dedicadas y retroiluminadas para un control m\u00e1s c\u00f3modo                                       <\/p>\n<p> Config\u00farelas para pausar, reproducir, saltar y ajustar todo, desde el brillo hasta el volumen <\/p>\n<p> lo \u00faltimo en comodidad mientras disfruta de su entretenimiento. <\/p>\n<p class=\"apm-text-center\">\n                                                      <img decoding=\"async\" alt=\"x\" src=\"https:\/\/images-na.ssl-images-amazon.com\/images\/G\/01\/x-locale\/common\/grey-pixel.gif\" class=\"a-spacing-mini a-lazy-loaded\" data-src=\"https:\/\/m.media-amazon.com\/images\/S\/aplus-media-library-service-media\/8893cbe7-b46a-4932-b538-5569b06867f3.__CR0,0,1024,1024_PT0_SX300_V1___.jpg\"><img decoding=\"async\" alt=\"x\" src=\"https:\/\/m.media-amazon.com\/images\/S\/aplus-media-library-service-media\/8893cbe7-b46a-4932-b538-5569b06867f3.__CR0,0,1024,1024_PT0_SX300_V1___.jpg\">  <\/p>\n<p>                                                    Reposamu\u00f1ecas magn\u00e9tico de tacto suave para un mayor apoyo en los juegos                                       <\/p>\n<p> Dise\u00f1ado para acoplarse perfectamente al teclado, el reposamu\u00f1ecas de tacto suave ofrece una gran comodidad y apoyo para las mu\u00f1ecas. <\/p>\n<p> especialmente vital para largos periodos de uso. <\/p>\n<p class=\"apm-text-center\">\n                                                      <img decoding=\"async\" alt=\"x\" src=\"https:\/\/images-na.ssl-images-amazon.com\/images\/G\/01\/x-locale\/common\/grey-pixel.gif\" class=\"a-spacing-mini a-lazy-loaded\" data-src=\"https:\/\/m.media-amazon.com\/images\/S\/aplus-media-library-service-media\/c3b548b1-9d0a-4615-871c-593dc3e04bdd.__CR0,0,1024,1024_PT0_SX300_V1___.jpg\"><img decoding=\"async\" alt=\"x\" src=\"https:\/\/m.media-amazon.com\/images\/S\/aplus-media-library-service-media\/c3b548b1-9d0a-4615-871c-593dc3e04bdd.__CR0,0,1024,1024_PT0_SX300_V1___.jpg\">  <\/p>\n<p>                                                    10 zonas de iluminaci\u00f3n Razer Chroma RGB para una iluminaci\u00f3n personalizable                                       <\/p>\n<p> Con 16,8 millones de colores y un conjunto de efectos para elegir, personaliza el teclado y accede a efectos de iluminaci\u00f3n din\u00e1micos para cientos de juegos integrados en Chroma. <\/p>\n<p>                                                  <img decoding=\"async\" alt=\"x\" src=\"https:\/\/images-na.ssl-images-amazon.com\/images\/G\/01\/x-locale\/common\/grey-pixel.gif\" class=\"a-lazy-loaded\" data-src=\"https:\/\/m.media-amazon.com\/images\/S\/aplus-media-library-service-media\/605e6301-85d9-4f06-b705-dd470e435fa4.__CR0,0,970,300_PT0_SX970_V1___.jpg\"><img decoding=\"async\" alt=\"x\" src=\"https:\/\/m.media-amazon.com\/images\/S\/aplus-media-library-service-media\/605e6301-85d9-4f06-b705-dd470e435fa4.__CR0,0,970,300_PT0_SX970_V1___.jpg\">  <\/p>\n<p> Product Dimensions                                            \u200f                                            :                                            \u200e                                            19.69 x 10.8 x 1.91 cm; 1.43 kg   <br \/> Manufacturer                                            \u200f                                            :                                            \u200e                                            Razer   <br \/> ASIN                                            \u200f                                            :                                            \u200e                                            B09X6G5VQC   <br \/> Item model number                                            \u200f                                            :                                            \u200e                                            RZ03-04461100-R311   <br \/> Country of origin                                            \u200f                                            :                                            \u200e                                            China   <br \/> Guaranteed software updates until                                            \u200f                                            :                                            \u200e                                            unknown   <br \/>  Customer reviews:                                                                                            4.5               4.5 out of 5 stars                                  (587)                                              var dpAcrHasRegisteredArcLinkClickAction;                    P.when(&#8216;A&#8217;, &#8216;ready&#8217;).execute(function(A) {                        if (dpAcrHasRegisteredArcLinkClickAction !== true) {                            dpAcrHasRegisteredArcLinkClickAction = true;                            A.declarative(                                &#8216;acrLink-click-metrics&#8217;, &#8216;click&#8217;,                                { \u00aballowLinkDefault\u00bb: true },                                function (event) {                                    if (window.ue) {                                        ue.count(\u00abacrLinkClickCount\u00bb, (ue.count(\u00abacrLinkClickCount\u00bb) || 0) + 1);                                    }                                }                            );                        }                    });                                             P.when(&#8216;A&#8217;, &#8216;cf&#8217;).execute(function(A) {                A.declarative(&#8216;acrStarsLink-click-metrics&#8217;, &#8216;click&#8217;, { \u00aballowLinkDefault\u00bb : true },  function(event){                    if(window.ue) {                        ue.count(\u00abacrStarsLinkWithPopoverClickCount\u00bb, (ue.count(\u00abacrStarsLinkWithPopoverClickCount\u00bb) || 0) + 1);                    }                });            });                          <\/p>\n<p>Low-profile keys for an ergonomic gaming experience Thinner keys and shorter switches allow you to place hands more naturally and enjoy many hours of use with minimal pressure.<br \/>Razer Mechanical Membrane Switches for keystrokes with click sound and soft cushioned touch by fusing the click sound of a mechanical switch with the familiar feel of a conventional keyboard, every keystroke is as pleasant as it is accurate.<br \/>UV coated keys for greater resistance to wear and scratches, the UV coating makes them more durable than normal keys, ensures that the inscriptions do not wear out and offers greater protection against deterioration caused by frequent use.<br \/>Dedicated multimedia keys with backlight for convenient control Set them to pause, play and skip, and adjust everything from brightness to volume: the ultimate convenience for you to enjoy entertainment.<br \/>Soft Magnetic Wrist Rest for Extended Gaming Designed to fit snugly on the keyboard, the soft wrist rest provides great support and comfort, essential for extended periods of use.<\/p>\n\n","protected":false},"excerpt":{"rendered":"<p> From the manufacturer Teclas de perfil bajo para una experiencia de juego ergon\u00f3mica Con tapas<\/p>","protected":false},"featured_media":36539,"comment_status":"open","ping_status":"closed","template":"","meta":[],"product_brand":[],"product_cat":[49],"product_tag":[746,307,743,949,10605,747,617,740,3054,518,887,238,10604,739,3412,744,7224,3411,858,940,951,885,742,745,3085,1062,515,741,950],"class_list":{"0":"post-36538","1":"product","2":"type-product","3":"status-publish","4":"has-post-thumbnail","6":"product_cat-keyboards","7":"product_tag-backlit-keyboard","8":"product_tag-black","9":"product_tag-bluetooth-keyboard","10":"product_tag-chroma","11":"product_tag-coated","12":"product_tag-compact-keyboard","13":"product_tag-gaming","14":"product_tag-gaming-keyboard","15":"product_tag-hybrid","16":"product_tag-keyboard","17":"product_tag-keycaps","18":"product_tag-magnetic","19":"product_tag-mecha","20":"product_tag-mechanical-keyboard","21":"product_tag-membrane","22":"product_tag-office-keyboard","23":"product_tag-ornata","24":"product_tag-profile","25":"product_tag-qwerty","26":"product_tag-razer","27":"product_tag-rest","28":"product_tag-rgb","29":"product_tag-rgb-keyboard","30":"product_tag-silent-keyboard","31":"product_tag-soft","32":"product_tag-switch","33":"product_tag-touch","34":"product_tag-wireless-keyboard","35":"product_tag-wrist","37":"first","38":"instock","39":"sale","40":"shipping-taxable","41":"product-type-external"},"_links":{"self":[{"href":"https:\/\/comprasyconsejos.store\/en\/wp-json\/wp\/v2\/product\/36538","targetHints":{"allow":["GET"]}}],"collection":[{"href":"https:\/\/comprasyconsejos.store\/en\/wp-json\/wp\/v2\/product"}],"about":[{"href":"https:\/\/comprasyconsejos.store\/en\/wp-json\/wp\/v2\/types\/product"}],"replies":[{"embeddable":true,"href":"https:\/\/comprasyconsejos.store\/en\/wp-json\/wp\/v2\/comments?post=36538"}],"version-history":[{"count":0,"href":"https:\/\/comprasyconsejos.store\/en\/wp-json\/wp\/v2\/product\/36538\/revisions"}],"wp:featuredmedia":[{"embeddable":true,"href":"https:\/\/comprasyconsejos.store\/en\/wp-json\/wp\/v2\/media\/36539"}],"wp:attachment":[{"href":"https:\/\/comprasyconsejos.store\/en\/wp-json\/wp\/v2\/media?parent=36538"}],"wp:term":[{"taxonomy":"product_brand","embeddable":true,"href":"https:\/\/comprasyconsejos.store\/en\/wp-json\/wp\/v2\/product_brand?post=36538"},{"taxonomy":"product_cat","embeddable":true,"href":"https:\/\/comprasyconsejos.store\/en\/wp-json\/wp\/v2\/product_cat?post=36538"},{"taxonomy":"product_tag","embeddable":true,"href":"https:\/\/comprasyconsejos.store\/en\/wp-json\/wp\/v2\/product_tag?post=36538"}],"curies":[{"name":"wp","href":"https:\/\/api.w.org\/{rel}","templated":true}]}}