{"id":36556,"date":"2026-03-01T12:07:30","date_gmt":"2026-03-01T12:07:30","guid":{"rendered":"https:\/\/comprasyconsejos.store\/product\/doogee-u11-pro-android-16-tablet-for-children-30gb-256gb-2tb-tf-tablet-11-inches-90hz-childrens-tablet-with-keyboard-and-pencil-and-case-and-mouse-8580mah-widevine-l1-wifi-5-13mp5mp-face-id\/"},"modified":"2026-03-01T12:07:32","modified_gmt":"2026-03-01T12:07:32","slug":"doogee-u11-pro-android-16-tablet-for-children-30gb-256gb-2tb-tf-tablet-11-inches-90hz-childrens-tablet-with-keyboard-and-pencil-and-case-and-mouse-8580mah-widevine-l1-wifi-5-13mp5mp-face-id","status":"publish","type":"product","link":"https:\/\/comprasyconsejos.store\/en\/product\/doogee-u11-pro-android-16-tablet-for-children-30gb-256gb-2tb-tf-tablet-11-inches-90hz-childrens-tablet-with-keyboard-and-pencil-and-case-and-mouse-8580mah-widevine-l1-wifi-5-13mp5mp-face-id\/","title":{"rendered":"DOOGEE U11 Pro Android 16 Tablet for Children, 30GB+ 256GB\/2TB TF Tablet 11 Inches 90Hz, Children&#8217;s Tablet with Keyboard and Pencil and Case and Mouse, 8580mAh\/Widevine L1\/WiFi 5\/13MP+5MP\/ Face ID"},"content":{"rendered":"<p>Price: <span style=\"color:#b12704\"><del>\u20ac209.99<\/del> - \u20ac159.99<\/span><br \/><i><small>(as of Mar 01, 2026 12:07:30 UTC &#8211; <span class=\"wp_automatic_amazon_disclaimer\" title=\"Product prices and availability are accurate as of the date\/time indicated and are subject to change. Any price and availability information displayed on [relevant Amazon Site(s), as applicable] at the time of purchase will apply to the purchase of this product.\">Details<\/span>)<\/small><\/i><\/p>\n<p><a href=\"https:\/\/amazon.es\/dp\/B0DZCV9J1S?tag=man008-21\"><img decoding=\"async\" src=\"https:\/\/valvepress.s3.amazonaws.com\/imgs\/buy_now.png\"><\/a><br \/>\n<\/p>\n<p>                                             From the brand   <\/p>\n<p>                                              <img decoding=\"async\" alt=\"Captura de pantalla de los resultados de b\u00fasqueda o las m\u00e9tricas de Google con el encabezado \u00abTOP 1\u00bb y los datos estad\u00edsticos mostrados en una interfaz azul.\" src=\"https:\/\/images-na.ssl-images-amazon.com\/images\/G\/01\/x-locale\/common\/grey-pixel.gif\" class=\"a-lazy-loaded\" data-src=\"https:\/\/m.media-amazon.com\/images\/S\/aplus-media-library-service-media\/9d77e7f5-62c5-42c8-a7b4-6b473c2cc478.__CR0,0,1464,625_PT0_SX1464_V1___.jpg\"><img decoding=\"async\" alt=\"Captura de pantalla de los resultados de b\u00fasqueda o las m\u00e9tricas de Google con el encabezado \u00abTOP 1\u00bb y los datos estad\u00edsticos mostrados en una interfaz azul.\" src=\"https:\/\/m.media-amazon.com\/images\/S\/aplus-media-library-service-media\/9d77e7f5-62c5-42c8-a7b4-6b473c2cc478.__CR0,0,1464,625_PT0_SX1464_V1___.jpg\">  <\/p>\n<p>                                              <img decoding=\"async\" alt=\"\" src=\"https:\/\/images-na.ssl-images-amazon.com\/images\/G\/01\/x-locale\/common\/grey-pixel.gif\" class=\"a-lazy-loaded\" data-src=\"https:\/\/m.media-amazon.com\/images\/S\/aplus-media-library-service-media\/719dc4e0-3cff-4240-90a9-c193e8fd7053.__CR0,0,362,453_PT0_SX362_V1___.jpg\"><img decoding=\"async\" alt=\"\" src=\"https:\/\/m.media-amazon.com\/images\/S\/aplus-media-library-service-media\/719dc4e0-3cff-4240-90a9-c193e8fd7053.__CR0,0,362,453_PT0_SX362_V1___.jpg\">  <\/p>\n<h3> DOOGEE&#8211;OFFICIAL <\/h3>\n<p> La creencia de Doogee es crear un tel\u00e9fono m\u00f3vil que siempre sea impermeable, siempre duradero. <\/p>\n<p>                                              <img decoding=\"async\" alt=\"aplus content image\" src=\"https:\/\/images-na.ssl-images-amazon.com\/images\/G\/01\/x-locale\/common\/grey-pixel.gif\" class=\"a-lazy-loaded\" data-src=\"https:\/\/m.media-amazon.com\/images\/S\/aplus-media-library-service-media\/6055844f-23f4-4c4d-b3b3-7e71b3620287.__CR1,0,1199,1500_PT0_SX362_V1___.jpg\"><img decoding=\"async\" alt=\"aplus content image\" src=\"https:\/\/m.media-amazon.com\/images\/S\/aplus-media-library-service-media\/6055844f-23f4-4c4d-b3b3-7e71b3620287.__CR1,0,1199,1500_PT0_SX362_V1___.jpg\">  <\/p>\n<h3> U11Pro Tablet 11\u00bb Edici\u00f3n VIP <\/h3>\n<h3> U11Pro Tablet 11 Pulgadas 30GB <\/h3>\n<h3> U11 Tablet 11\u00bb Edici\u00f3n VIP  <\/h3>\n<p>                                              <img decoding=\"async\" alt=\"El texto dice \u00abDOOGEE\u00bb. Vistas m\u00faltiples de una tableta o dispositivo electr\u00f3nico de color azul claro mientras se sostiene y se muestra.\" src=\"https:\/\/images-na.ssl-images-amazon.com\/images\/G\/01\/x-locale\/common\/grey-pixel.gif\" class=\"a-lazy-loaded\" data-src=\"https:\/\/m.media-amazon.com\/images\/S\/aplus-media-library-service-media\/40ffada8-7ba5-40cd-af74-0f35bf85621c.__CR0,0,362,453_PT0_SX362_V1___.jpg\"><img decoding=\"async\" alt=\"El texto dice \u00abDOOGEE\u00bb. Vistas m\u00faltiples de una tableta o dispositivo electr\u00f3nico de color azul claro mientras se sostiene y se muestra.\" src=\"https:\/\/m.media-amazon.com\/images\/S\/aplus-media-library-service-media\/40ffada8-7ba5-40cd-af74-0f35bf85621c.__CR0,0,362,453_PT0_SX362_V1___.jpg\">  <\/p>\n<p>                                              <img decoding=\"async\" alt=\"aplus content image\" src=\"https:\/\/images-na.ssl-images-amazon.com\/images\/G\/01\/x-locale\/common\/grey-pixel.gif\" class=\"a-lazy-loaded\" data-src=\"https:\/\/m.media-amazon.com\/images\/S\/aplus-media-library-service-media\/96d488a3-fe44-4ec0-b791-119ae7c70dda.__CR0,0,362,453_PT0_SX362_V1___.jpg\"><img decoding=\"async\" alt=\"aplus content image\" src=\"https:\/\/m.media-amazon.com\/images\/S\/aplus-media-library-service-media\/96d488a3-fe44-4ec0-b791-119ae7c70dda.__CR0,0,362,453_PT0_SX362_V1___.jpg\">  <\/p>\n<p>                                              <img decoding=\"async\" alt=\"aplus content image\" src=\"https:\/\/images-na.ssl-images-amazon.com\/images\/G\/01\/x-locale\/common\/grey-pixel.gif\" class=\"a-lazy-loaded\" data-src=\"https:\/\/m.media-amazon.com\/images\/S\/aplus-media-library-service-media\/38ec6977-f53c-4366-b2c5-09c5098f84a4.__CR0,0,879,1100_PT0_SX362_V1___.jpg\"><img decoding=\"async\" alt=\"aplus content image\" src=\"https:\/\/m.media-amazon.com\/images\/S\/aplus-media-library-service-media\/38ec6977-f53c-4366-b2c5-09c5098f84a4.__CR0,0,879,1100_PT0_SX362_V1___.jpg\">  <\/p>\n<p>                                              <img decoding=\"async\" alt=\"aplus content image\" src=\"https:\/\/images-na.ssl-images-amazon.com\/images\/G\/01\/x-locale\/common\/grey-pixel.gif\" class=\"a-lazy-loaded\" data-src=\"https:\/\/m.media-amazon.com\/images\/S\/aplus-media-library-service-media\/60e7924d-b829-4ec5-82ff-15d93f4a9d41.__CR0,0,362,453_PT0_SX362_V1___.jpg\"><img decoding=\"async\" alt=\"aplus content image\" src=\"https:\/\/m.media-amazon.com\/images\/S\/aplus-media-library-service-media\/60e7924d-b829-4ec5-82ff-15d93f4a9d41.__CR0,0,362,453_PT0_SX362_V1___.jpg\">  <\/p>\n<p>                                              <img decoding=\"async\" alt=\"aplus content image\" src=\"https:\/\/images-na.ssl-images-amazon.com\/images\/G\/01\/x-locale\/common\/grey-pixel.gif\" class=\"a-lazy-loaded\" data-src=\"https:\/\/m.media-amazon.com\/images\/S\/aplus-media-library-service-media\/1579b9db-dd0a-4c63-93eb-25e9b9cd9609.__CR1,0,1598,2000_PT0_SX362_V1___.jpg\"><img decoding=\"async\" alt=\"aplus content image\" src=\"https:\/\/m.media-amazon.com\/images\/S\/aplus-media-library-service-media\/1579b9db-dd0a-4c63-93eb-25e9b9cd9609.__CR1,0,1598,2000_PT0_SX362_V1___.jpg\">  <\/p>\n<p>                                              <img decoding=\"async\" alt=\"aplus content image\" src=\"https:\/\/images-na.ssl-images-amazon.com\/images\/G\/01\/x-locale\/common\/grey-pixel.gif\" class=\"a-lazy-loaded\" data-src=\"https:\/\/m.media-amazon.com\/images\/S\/aplus-media-library-service-media\/8242e93a-e279-4068-9749-eefb411aae03.__CR1,0,999,1250_PT0_SX362_V1___.jpg\"><img decoding=\"async\" alt=\"aplus content image\" src=\"https:\/\/m.media-amazon.com\/images\/S\/aplus-media-library-service-media\/8242e93a-e279-4068-9749-eefb411aae03.__CR1,0,999,1250_PT0_SX362_V1___.jpg\">  <\/p>\n<p>                                              <img decoding=\"async\" alt=\"aplus content image\" src=\"https:\/\/images-na.ssl-images-amazon.com\/images\/G\/01\/x-locale\/common\/grey-pixel.gif\" class=\"a-lazy-loaded\" data-src=\"https:\/\/m.media-amazon.com\/images\/S\/aplus-media-library-service-media\/eae91f97-c802-456b-9616-eed84c5d8639.__CR0,0,362,453_PT0_SX362_V1___.jpg\"><img decoding=\"async\" alt=\"aplus content image\" src=\"https:\/\/m.media-amazon.com\/images\/S\/aplus-media-library-service-media\/eae91f97-c802-456b-9616-eed84c5d8639.__CR0,0,362,453_PT0_SX362_V1___.jpg\">  <\/p>\n<p>                                                         Nuestro comienzo?                                       <\/p>\n<p> DOOGEE se fund\u00f3 en marzo de 2013, la creencia de DOOGEE es crear un tel\u00e9fono m\u00f3vil que sea resistente al agua para siempre y que nunca se da\u00f1e. <\/p>\n<p>                                                         \u00bfPor qu\u00e9 usar Doogee?                                       <\/p>\n<p> Para ofrecer la experiencia perfecta a cada usuario, nos dedicamos a defender \u00abCALIDAD, EXPERIENCIA\u00bb. <\/p>\n<p>                                                         \u00bfQu\u00e9 podemos proporcionar?                                       <\/p>\n<p> Para ofrecer la experiencia perfecta a cada usuario, especialmente en la calidad, todos los productos de DOOGEE deben pasar por el proceso de pruebas de alto nivel e inspecci\u00f3n de calidad de alta tecnolog\u00eda. <\/p>\n<p>                                              <img decoding=\"async\" alt=\"El texto dice \u00abDOOGEE\u00bb y \u00abOSAR POR OSAR\u00bb. Material de marketing en espa\u00f1ol que describe los tel\u00e9fonos inteligentes y el liderazgo de la industria, con texto blanco sobre fondo oscuro.\" src=\"https:\/\/images-na.ssl-images-amazon.com\/images\/G\/01\/x-locale\/common\/grey-pixel.gif\" class=\"a-lazy-loaded\" data-src=\"https:\/\/m.media-amazon.com\/images\/S\/aplus-media-library-service-media\/037a2a2c-208e-4d17-8a2e-e87bc5f29d48.__CR0,0,362,453_PT0_SX362_V1___.jpg\"><img decoding=\"async\" alt=\"El texto dice \u00abDOOGEE\u00bb y \u00abOSAR POR OSAR\u00bb. Material de marketing en espa\u00f1ol que describe los tel\u00e9fonos inteligentes y el liderazgo de la industria, con texto blanco sobre fondo oscuro.\" src=\"https:\/\/m.media-amazon.com\/images\/S\/aplus-media-library-service-media\/037a2a2c-208e-4d17-8a2e-e87bc5f29d48.__CR0,0,362,453_PT0_SX362_V1___.jpg\">  <\/p>\n<p>                                              <img decoding=\"async\" alt=\"El texto dice \u00abDOOGEE\u00bb, \u00ab\u00bfPor qu\u00e9 elegir DOOGEE?\u00bb , &amp;#39;Resistente al agua, a los golpes y al polvo&amp;#39;, &amp;#39;Bater\u00eda de larga duraci\u00f3n&amp;#39;, &amp;#39;Apariencia personalizada&amp;#39;. Las caracter\u00edsticas del producto se muestran con iconos.\" src=\"https:\/\/images-na.ssl-images-amazon.com\/images\/G\/01\/x-locale\/common\/grey-pixel.gif\" class=\"a-lazy-loaded\" data-src=\"https:\/\/m.media-amazon.com\/images\/S\/aplus-media-library-service-media\/247573ce-557e-4e50-8905-98122baf9583.__CR0,0,362,453_PT0_SX362_V1___.jpg\"><img decoding=\"async\" alt=\"El texto dice \u00abDOOGEE\u00bb, \u00ab\u00bfPor qu\u00e9 elegir DOOGEE?\u00bb , &amp;#39;Resistente al agua, a los golpes y al polvo&amp;#39;, &amp;#39;Bater\u00eda de larga duraci\u00f3n&amp;#39;, &amp;#39;Apariencia personalizada&amp;#39;. Las caracter\u00edsticas del producto se muestran con iconos.\" src=\"https:\/\/m.media-amazon.com\/images\/S\/aplus-media-library-service-media\/247573ce-557e-4e50-8905-98122baf9583.__CR0,0,362,453_PT0_SX362_V1___.jpg\">  <\/p>\n<p>                                              <img decoding=\"async\" alt=\"aplus content image\" src=\"https:\/\/images-na.ssl-images-amazon.com\/images\/G\/01\/x-locale\/common\/grey-pixel.gif\" class=\"a-lazy-loaded\" data-src=\"https:\/\/m.media-amazon.com\/images\/S\/aplus-media-library-service-media\/0970e9b2-0123-49f4-ac28-50da520116af.__CR0,0,362,453_PT0_SX362_V1___.jpg\"><img decoding=\"async\" alt=\"aplus content image\" src=\"https:\/\/m.media-amazon.com\/images\/S\/aplus-media-library-service-media\/0970e9b2-0123-49f4-ac28-50da520116af.__CR0,0,362,453_PT0_SX362_V1___.jpg\">  <\/p>\n<p>                                              <img decoding=\"async\" alt=\"aplus content image\" src=\"https:\/\/images-na.ssl-images-amazon.com\/images\/G\/01\/x-locale\/common\/grey-pixel.gif\" class=\"a-lazy-loaded\" data-src=\"https:\/\/m.media-amazon.com\/images\/S\/aplus-media-library-service-media\/943cc552-36d9-46ac-9f7c-215e05d6bc63.__CR0,0,362,453_PT0_SX362_V1___.jpg\"><img decoding=\"async\" alt=\"aplus content image\" src=\"https:\/\/m.media-amazon.com\/images\/S\/aplus-media-library-service-media\/943cc552-36d9-46ac-9f7c-215e05d6bc63.__CR0,0,362,453_PT0_SX362_V1___.jpg\">  <\/p>\n<p> Batteries                                            \u200f                                            :                                            \u200e                                            2 C batteries required. (included)   <br \/> Package Dimensions                                            \u200f                                            :                                            \u200e                                            30 x 21.4 x 6.8 cm; 537 g   <br \/> Manufacturer                                            \u200f                                            :                                            \u200e                                            DOOGEE   <br \/> ASIN                                            \u200f                                            :                                            \u200e                                            B0DZCV9J1S   <br \/> Item model number                                            \u200f                                            :                                            \u200e                                            U11PRO-V   <br \/> Country of origin                                            \u200f                                            :                                            \u200e                                            China   <br \/> Guaranteed software updates until                                            \u200f                                            :                                            \u200e                                            unknown   <br \/>  Customer reviews:                                                                                            4.5               4.5 out of 5 stars                                  (263)                                              var dpAcrHasRegisteredArcLinkClickAction;                    P.when(&#8216;A&#8217;, &#8216;ready&#8217;).execute(function(A) {                        if (dpAcrHasRegisteredArcLinkClickAction !== true) {                            dpAcrHasRegisteredArcLinkClickAction = true;                            A.declarative(                                &#8216;acrLink-click-metrics&#8217;, &#8216;click&#8217;,                                { \u00aballowLinkDefault\u00bb: true },                                function (event) {                                    if (window.ue) {                                        ue.count(\u00abacrLinkClickCount\u00bb, (ue.count(\u00abacrLinkClickCount\u00bb) || 0) + 1);                                    }                                }                            );                        }                    });                                             P.when(&#8216;A&#8217;, &#8216;cf&#8217;).execute(function(A) {                A.declarative(&#8216;acrStarsLink-click-metrics&#8217;, &#8216;click&#8217;, { \u00aballowLinkDefault\u00bb : true },  function(event){                    if(window.ue) {                        ue.count(\u00abacrStarsLinkWithPopoverClickCount\u00bb, (ue.count(\u00abacrStarsLinkWithPopoverClickCount\u00bb) || 0) + 1);                    }                });            });                          <\/p>\n<p>\u3010All-in-One Pack with Accessories\u3011The package includes everything you need: tablet with keyboard, stylus, mouse and protective case, ready to use from day one. Its compatibility and practicality make it an excellent choice as a tablet for kids, tablet pc or large tablet for the whole family. Among cheap and good tablets, the DOOGEE U11 Pro stands out for versatility, power and a value that is hard to beat.<br \/>\u3010Gemini AI &#038; Octa Core T7200 Android 16 Tablet\u3011 The 11-inch DOOGEE U11 Pro Android 16 tablet integrates the advanced Gemini AI, which optimizes the system for greater safety, battery life and smooth navigation. With the powerful Unisoc T7200 Octa-Core processor, it allows you to run multiple apps at the same time, play lag-free and work steadily. It is perfect as both office tablet pc and 11 inch kids tablet at home.<br \/>\u301030GB RAM + 256GB ROM \/ 2TB TF\u3011This DOOGEE tablet is equipped with 30GB RAM (6GB physical + 24GB virtual) and 256GB internal storage, expandable up to 2TB via TF card. It offers enough space for apps, documents, videos and photos. The intelligent management system keeps the device agile and prevents slowdowns even with a large number of files. It is one of the most complete cheap tablets, combining capacity, power and competitive price.<br \/>\u30108580mAh Battery + 7.9mm Metal Design\u3011The cheap and good 11-inch tablet incorporates a 8580mAh battery, offering long battery life for studying, watching movies, reading or working throughout the day. Its sleek ultra-thin metal design at only 7.9mm makes it lightweight and easy to carry. In addition, it has OTG function, which allows you to charge other devices, acting as a tablet with case and powerbank in a single, versatile and resistant device.<br \/>\u301090Hz Display + Widevine L1 &#038; 13MP Camera\u3011Equipped with an 11-inch screen and 90Hz refresh rate, this android tablet offers fluid images, vivid colors and a level of detail ideal for series, games or studio. With Widevine L1, you&#8217;ll enjoy Netflix, Prime Video, and other content in Full HD. Its cameras, 13MP rear and 5MP front, allow for crisp photos and clear video calls. An excellent choice if you are looking for the best quality tablet available.<br \/>\u3010Full Connectivity + Immersive Audio\u3011DOOGEE cheap tablet supports dual 2.4G\/5G WiFi, fast face unlock, 3.5mm jack and dual hi-fi speakers, delivering immersive sound and more stable connections. It is perfect as a 10-inch tablet for online classes and entertainment, or as a tablet with keyboard and mouse for telecommuting. Its balanced design ensures a smooth experience both at home and in the office.<\/p>\n\n","protected":false},"excerpt":{"rendered":"<p> From the brand DOOGEE&#8211;OFFICIAL La creencia de Doogee es crear un tel\u00e9fono m\u00f3vil que siempre<\/p>","protected":false},"featured_media":36557,"comment_status":"open","ping_status":"closed","template":"","meta":[],"product_brand":[],"product_cat":[93],"product_tag":[651,10615,6426,10618,10616,833,391,646,648,650,994,6722,6117,6113,841,655,1611,518,10617,767,1178,163,647,157,652,653,649,654,6721],"class_list":{"0":"post-36556","1":"product","2":"type-product","3":"status-publish","4":"has-post-thumbnail","6":"product_cat-android-tablets","7":"product_tag-10-inch-tablet","8":"product_tag-256gb2tb","9":"product_tag-30gb","10":"product_tag-513mp5mp","11":"product_tag-8580mahwidevine","12":"product_tag-90hz","13":"product_tag-android","14":"product_tag-android-tablet","15":"product_tag-best-android-tablet","16":"product_tag-budget-android-tablet","17":"product_tag-case","18":"product_tag-children","19":"product_tag-childrens","20":"product_tag-doogee","21":"product_tag-face","22":"product_tag-gaming-tablet","23":"product_tag-inches","24":"product_tag-keyboard","25":"product_tag-l1wifi","26":"product_tag-mouse","27":"product_tag-pencil","28":"product_tag-pro","29":"product_tag-samsung-android-tablet","30":"product_tag-tablet","31":"product_tag-tablet-for-kids","32":"product_tag-tablet-for-study","33":"product_tag-tablet-with-sim","34":"product_tag-tablet-with-stylus","35":"product_tag-u11","37":"first","38":"instock","39":"sale","40":"shipping-taxable","41":"product-type-external"},"_links":{"self":[{"href":"https:\/\/comprasyconsejos.store\/en\/wp-json\/wp\/v2\/product\/36556","targetHints":{"allow":["GET"]}}],"collection":[{"href":"https:\/\/comprasyconsejos.store\/en\/wp-json\/wp\/v2\/product"}],"about":[{"href":"https:\/\/comprasyconsejos.store\/en\/wp-json\/wp\/v2\/types\/product"}],"replies":[{"embeddable":true,"href":"https:\/\/comprasyconsejos.store\/en\/wp-json\/wp\/v2\/comments?post=36556"}],"version-history":[{"count":0,"href":"https:\/\/comprasyconsejos.store\/en\/wp-json\/wp\/v2\/product\/36556\/revisions"}],"wp:featuredmedia":[{"embeddable":true,"href":"https:\/\/comprasyconsejos.store\/en\/wp-json\/wp\/v2\/media\/36557"}],"wp:attachment":[{"href":"https:\/\/comprasyconsejos.store\/en\/wp-json\/wp\/v2\/media?parent=36556"}],"wp:term":[{"taxonomy":"product_brand","embeddable":true,"href":"https:\/\/comprasyconsejos.store\/en\/wp-json\/wp\/v2\/product_brand?post=36556"},{"taxonomy":"product_cat","embeddable":true,"href":"https:\/\/comprasyconsejos.store\/en\/wp-json\/wp\/v2\/product_cat?post=36556"},{"taxonomy":"product_tag","embeddable":true,"href":"https:\/\/comprasyconsejos.store\/en\/wp-json\/wp\/v2\/product_tag?post=36556"}],"curies":[{"name":"wp","href":"https:\/\/api.w.org\/{rel}","templated":true}]}}