{"id":36562,"date":"2026-03-01T12:24:08","date_gmt":"2026-03-01T12:24:08","guid":{"rendered":"https:\/\/comprasyconsejos.store\/product\/acer-travelmate-p4-tmp414-51-laptop-14-inch-full-hd-ips-led-lcd-laptop-intel-core-i5-1135g7-8gb-ram-512gb-ssd-intel-iris-x-graphics-comfyview-windows-10-pro-laptop-pc-black\/"},"modified":"2026-03-01T12:24:09","modified_gmt":"2026-03-01T12:24:09","slug":"acer-travelmate-p4-tmp414-51-laptop-14-inch-full-hd-ips-led-lcd-laptop-intel-core-i5-1135g7-8gb-ram-512gb-ssd-intel-iris-x-graphics-comfyview-windows-10-pro-laptop-pc-black","status":"publish","type":"product","link":"https:\/\/comprasyconsejos.store\/en\/product\/acer-travelmate-p4-tmp414-51-laptop-14-inch-full-hd-ips-led-lcd-laptop-intel-core-i5-1135g7-8gb-ram-512gb-ssd-intel-iris-x-graphics-comfyview-windows-10-pro-laptop-pc-black\/","title":{"rendered":"Acer TravelMate P4 TMP414-51 \u2013 Laptop 14 Inch Full HD IPS LED LCD, Laptop (Intel Core i5-1135G7, 8GB RAM, 512GB SSD, Intel Iris X Graphics, ComfyView, Windows 10 Pro), Laptop PC Black"},"content":{"rendered":"<p>Price: <span style=\"color:#b12704\">\u20ac829.39<\/span><br \/><i><small>(as of Mar 01, 2026 12:24:08 UTC &#8211; <span class=\"wp_automatic_amazon_disclaimer\" title=\"Product prices and availability are accurate as of the date\/time indicated and are subject to change. Any price and availability information displayed on [relevant Amazon Site(s), as applicable] at the time of purchase will apply to the purchase of this product.\">Details<\/span>)<\/small><\/i><\/p>\n<p><a href=\"https:\/\/amazon.es\/dp\/B09DGQJXW2?tag=man008-21\"><img decoding=\"async\" src=\"https:\/\/valvepress.s3.amazonaws.com\/imgs\/buy_now.png\"><\/a><br \/>\n<\/p>\n<p>                                             From the manufacturer   <\/p>\n<p>                                                                                                       <img decoding=\"async\" alt=\"Travelmate\" src=\"https:\/\/images-na.ssl-images-amazon.com\/images\/G\/01\/x-locale\/common\/grey-pixel.gif\" class=\"a-lazy-loaded\" data-src=\"https:\/\/m.media-amazon.com\/images\/S\/aplus-media-library-service-media\/6d40d763-c52c-4997-8ab4-65c59b72e859.__CR0,0,1464,600_PT0_SX1464_V1___.jpg\"><img decoding=\"async\" alt=\"Travelmate\" src=\"https:\/\/m.media-amazon.com\/images\/S\/aplus-media-library-service-media\/6d40d763-c52c-4997-8ab4-65c59b72e859.__CR0,0,1464,600_PT0_SX1464_V1___.jpg\">                                                                                    TRAVELMATE P4 TMP414-51                                                                                       <\/p>\n<p>                                                                                                       <img decoding=\"async\" alt=\"1\" src=\"https:\/\/images-na.ssl-images-amazon.com\/images\/G\/01\/x-locale\/common\/grey-pixel.gif\" class=\"a-lazy-loaded\" data-src=\"https:\/\/m.media-amazon.com\/images\/S\/aplus-media-library-service-media\/3cae4e28-ec76-45ae-a0e2-72554d34f6ca.__CR0,15,2560,1049_PT0_SX1464_V1___.jpg\"><img decoding=\"async\" alt=\"1\" src=\"https:\/\/m.media-amazon.com\/images\/S\/aplus-media-library-service-media\/3cae4e28-ec76-45ae-a0e2-72554d34f6ca.__CR0,15,2560,1049_PT0_SX1464_V1___.jpg\">                                                                                    PROCESAMIENTO POTENTE                                        <\/p>\n<p class=\"aplus-p2 aplus-module-2-description\"> La multitarea es m\u00e1s eficiente en este PC port\u00e1til con memoria RAM de 8 GB (ampliable hasta 32 GB), tarjeta gr\u00e1fica UMA Intel Iris X\u1d49, disco SSD de 512 GB y procesador Intel Core i5-1135G7. <\/p>\n<p>                                                                                                       <img decoding=\"async\" alt=\"1\" src=\"https:\/\/images-na.ssl-images-amazon.com\/images\/G\/01\/x-locale\/common\/grey-pixel.gif\" class=\"a-lazy-loaded\" data-src=\"https:\/\/m.media-amazon.com\/images\/S\/aplus-media-library-service-media\/688fef71-4668-457e-bf58-de2201431918.__CR213,226,2133,874_PT0_SX1464_V1___.jpg\"><img decoding=\"async\" alt=\"1\" src=\"https:\/\/m.media-amazon.com\/images\/S\/aplus-media-library-service-media\/688fef71-4668-457e-bf58-de2201431918.__CR213,226,2133,874_PT0_SX1464_V1___.jpg\">                                                                                    PANTALLA IPS FULL HD                                        <\/p>\n<p class=\"aplus-p2 aplus-module-2-description\"> Gracias al estrecho borde y la gran relaci\u00f3n pantalla-cuerpo, puedes disfrutar de una pantalla LED Full HD de 14 pulgadas con colores vivos; Acer ComfyView reduce los reflejos para proporcionar comodidad a tus ojos. <\/p>\n<p>                                                                                                       <img decoding=\"async\" alt=\"1\" src=\"https:\/\/images-na.ssl-images-amazon.com\/images\/G\/01\/x-locale\/common\/grey-pixel.gif\" class=\"a-lazy-loaded\" data-src=\"https:\/\/m.media-amazon.com\/images\/S\/aplus-media-library-service-media\/ed9d4edb-599d-4fe5-97c4-246679a8900b.__CR0,0,1464,600_PT0_SX1464_V1___.jpg\"><img decoding=\"async\" alt=\"1\" src=\"https:\/\/m.media-amazon.com\/images\/S\/aplus-media-library-service-media\/ed9d4edb-599d-4fe5-97c4-246679a8900b.__CR0,0,1464,600_PT0_SX1464_V1___.jpg\">                                                                                    COMUNICACI\u00d3N R\u00c1PIDA                                        <\/p>\n<p class=\"aplus-p2 aplus-module-2-description\"> El Wi-Fi 6 de doble banda (802.11ax) mejora el rendimiento de la red hasta 3 veces m\u00e1s y reduce la latencia hasta un 75% en comparaci\u00f3n con el Wi-Fi 5 (802.11ac). <\/p>\n<p>                                                                                                       <img decoding=\"async\" alt=\"1\" src=\"https:\/\/images-na.ssl-images-amazon.com\/images\/G\/01\/x-locale\/common\/grey-pixel.gif\" class=\"a-lazy-loaded\" data-src=\"https:\/\/m.media-amazon.com\/images\/S\/aplus-media-library-service-media\/4a82ad26-e40f-4c67-b300-ca246a2579a1.__CR0,15,2560,1049_PT0_SX1464_V1___.jpg\"><img decoding=\"async\" alt=\"1\" src=\"https:\/\/m.media-amazon.com\/images\/S\/aplus-media-library-service-media\/4a82ad26-e40f-4c67-b300-ca246a2579a1.__CR0,15,2560,1049_PT0_SX1464_V1___.jpg\">                                                                                    SEGURIDAD ROBUSTA                                        <\/p>\n<p class=\"aplus-p2 aplus-module-2-description\"> El m\u00f3dulo de plataforma segura (TPM) 2.0 a nivel de hardware es un potente chip antimanipulaci\u00f3n que comprueba si hay indicios de intrusi\u00f3n durante el arranque del sistema. <\/p>\n<p> Batteries                                            \u200f                                            :                                            \u200e                                            1 Lithium Ion batteries required. (included)   <br \/> Language                                            \u200f                                            :                                            \u200e                                            English, English, English, English, Spanish   <br \/> Product Dimensions                                            \u200f                                            :                                            \u200e                                            23.6 x 32.5 x 1.82 cm; 1.4 kg   <br \/> Manufacturer                                            \u200f                                            :                                            \u200e                                            Acer   <br \/> ASIN                                            \u200f                                            :                                            \u200e                                            B09DGQJXW2   <br \/> Item model number                                            \u200f                                            :                                            \u200e                                            NX.VPBEB.002   <br \/> Country of origin                                            \u200f                                            :                                            \u200e                                            China   <br \/> Guaranteed software updates until                                            \u200f                                            :                                            \u200e                                            unknown   <br \/>  Customer reviews:                                                                                            3.9               3.9 out of 5 stars                                  (47)                                              var dpAcrHasRegisteredArcLinkClickAction;                    P.when(&#8216;A&#8217;, &#8216;ready&#8217;).execute(function(A) {                        if (dpAcrHasRegisteredArcLinkClickAction !== true) {                            dpAcrHasRegisteredArcLinkClickAction = true;                            A.declarative(                                &#8216;acrLink-click-metrics&#8217;, &#8216;click&#8217;,                                { \u00aballowLinkDefault\u00bb: true },                                function (event) {                                    if (window.ue) {                                        ue.count(\u00abacrLinkClickCount\u00bb, (ue.count(\u00abacrLinkClickCount\u00bb) || 0) + 1);                                    }                                }                            );                        }                    });                                             P.when(&#8216;A&#8217;, &#8216;cf&#8217;).execute(function(A) {                A.declarative(&#8216;acrStarsLink-click-metrics&#8217;, &#8216;click&#8217;, { \u00aballowLinkDefault\u00bb : true },  function(event){                    if(window.ue) {                        ue.count(\u00abacrStarsLinkWithPopoverClickCount\u00bb, (ue.count(\u00abacrStarsLinkWithPopoverClickCount\u00bb) || 0) + 1);                    }                });            });                          <\/p>\n<p>POWERFUL PROCESSING &#8211; Multitasking is more efficient on this notebook PC with 8GB RAM (expandable up to 32GB), UMA Intel Iris X Graphics, 512GB SSD and Intel Core i5-1135G7 processor<br \/>FULL HD IPS SCREEN: Thanks to the narrow edge and great screen-to-body ratio, you can enjoy a 14-inch Full HD LED display with vivid colors; Acer ComfyView reduces glare to provide comfort to your eyes<br \/>FAST COMMUNICATION: Dual-band Wi-Fi 6 (802.11ax) improves network performance up to 3x longer and reduces latency by up to 75% compared to Wi-Fi 5 (802.11ac)<br \/>ROBUST SECURITY: Hardware-level Secure Platform Module (TPM) 2.0 is a powerful anti-tamper chip that checks for signs of intrusion during system boot<br \/>ACER TRAVELMATE P4: The Acer laptop range with sleek design, a powerful processor, wide variety of ports (USB-C, USB 3.2, Thunderbolt 4) and plenty of space for all your projects<\/p>\n\n","protected":false},"excerpt":{"rendered":"<p> From the manufacturer TRAVELMATE P4 TMP414-51 PROCESAMIENTO POTENTE La multitarea es m\u00e1s eficiente en este<\/p>","protected":false},"featured_media":36563,"comment_status":"open","ping_status":"closed","template":"","meta":[],"product_brand":[],"product_cat":[87],"product_tag":[536,622,558,557,307,555,10621,698,560,644,9246,584,562,703,3557,159,1186,428,550,556,554,163,587,549,513,10620,10619,548,552,553,551,537],"class_list":{"0":"post-36562","1":"product","2":"type-product","3":"status-publish","4":"has-post-thumbnail","6":"product_cat-ultrabook","7":"product_tag-512gb","8":"product_tag-8gb","9":"product_tag-acer","10":"product_tag-best-ultrabook","11":"product_tag-black","12":"product_tag-business-ultrabook","13":"product_tag-comfyview","14":"product_tag-core","15":"product_tag-full","16":"product_tag-graphics","17":"product_tag-i51135g7","18":"product_tag-inch","19":"product_tag-intel","20":"product_tag-ips","21":"product_tag-iris","22":"product_tag-laptop","23":"product_tag-lcd","24":"product_tag-led","25":"product_tag-lightweight-ultrabook","26":"product_tag-long-battery-ultrabook","27":"product_tag-premium-ultrabook","28":"product_tag-pro","29":"product_tag-ram","30":"product_tag-slim-ultrabook","31":"product_tag-ssd","32":"product_tag-tmp41451","33":"product_tag-travelmate","34":"product_tag-ultrabook","35":"product_tag-ultrabook-14-inch","36":"product_tag-ultrabook-i7","37":"product_tag-ultrabook-with-ssd","38":"product_tag-windows","40":"first","41":"instock","42":"shipping-taxable","43":"product-type-external"},"_links":{"self":[{"href":"https:\/\/comprasyconsejos.store\/en\/wp-json\/wp\/v2\/product\/36562","targetHints":{"allow":["GET"]}}],"collection":[{"href":"https:\/\/comprasyconsejos.store\/en\/wp-json\/wp\/v2\/product"}],"about":[{"href":"https:\/\/comprasyconsejos.store\/en\/wp-json\/wp\/v2\/types\/product"}],"replies":[{"embeddable":true,"href":"https:\/\/comprasyconsejos.store\/en\/wp-json\/wp\/v2\/comments?post=36562"}],"version-history":[{"count":0,"href":"https:\/\/comprasyconsejos.store\/en\/wp-json\/wp\/v2\/product\/36562\/revisions"}],"wp:featuredmedia":[{"embeddable":true,"href":"https:\/\/comprasyconsejos.store\/en\/wp-json\/wp\/v2\/media\/36563"}],"wp:attachment":[{"href":"https:\/\/comprasyconsejos.store\/en\/wp-json\/wp\/v2\/media?parent=36562"}],"wp:term":[{"taxonomy":"product_brand","embeddable":true,"href":"https:\/\/comprasyconsejos.store\/en\/wp-json\/wp\/v2\/product_brand?post=36562"},{"taxonomy":"product_cat","embeddable":true,"href":"https:\/\/comprasyconsejos.store\/en\/wp-json\/wp\/v2\/product_cat?post=36562"},{"taxonomy":"product_tag","embeddable":true,"href":"https:\/\/comprasyconsejos.store\/en\/wp-json\/wp\/v2\/product_tag?post=36562"}],"curies":[{"name":"wp","href":"https:\/\/api.w.org\/{rel}","templated":true}]}}