{"id":36571,"date":"2026-03-01T12:37:03","date_gmt":"2026-03-01T12:37:03","guid":{"rendered":"https:\/\/comprasyconsejos.store\/product\/iniu-240w-usb-c-cable-fast-charging-2-pack-2m-pd3-0-usb-c-to-usb-c-cable-nylon-fast-charging-type-c-cable-for-iphone-16-15-pro-max-macbook-ipad-note20-pixel-7-dell-laptop-steam-deck-samsung\/"},"modified":"2026-03-01T12:37:05","modified_gmt":"2026-03-01T12:37:05","slug":"iniu-240w-usb-c-cable-fast-charging-2-pack-2m-pd3-0-usb-c-to-usb-c-cable-nylon-fast-charging-type-c-cable-for-iphone-16-15-pro-max-macbook-ipad-note20-pixel-7-dell-laptop-steam-deck-samsung","status":"publish","type":"product","link":"https:\/\/comprasyconsejos.store\/en\/product\/iniu-240w-usb-c-cable-fast-charging-2-pack-2m-pd3-0-usb-c-to-usb-c-cable-nylon-fast-charging-type-c-cable-for-iphone-16-15-pro-max-macbook-ipad-note20-pixel-7-dell-laptop-steam-deck-samsung\/","title":{"rendered":"INIU 240W USB C Cable Fast Charging, [2-Pack 2m] PD3.0 USB C to USB C Cable, Nylon Fast Charging Type C Cable for iPhone 16 15 Pro Max, MacBook iPad, Note20, Pixel 7, Dell Laptop Steam Deck, Samsung"},"content":{"rendered":"<p>Price: <span style=\"color:#b12704\"><del>\u20ac15.99<\/del> - \u20ac11.99<\/span><br \/><i><small>(as of Mar 01, 2026 12:37:04 UTC &#8211; <span class=\"wp_automatic_amazon_disclaimer\" title=\"Product prices and availability are accurate as of the date\/time indicated and are subject to change. Any price and availability information displayed on [relevant Amazon Site(s), as applicable] at the time of purchase will apply to the purchase of this product.\">Details<\/span>)<\/small><\/i><\/p>\n<p><a href=\"https:\/\/amazon.es\/dp\/B0BR3L78XN?tag=man008-21\"><img decoding=\"async\" src=\"https:\/\/valvepress.s3.amazonaws.com\/imgs\/buy_now.png\"><\/a><br \/>\n<\/p>\n<p>                                             From the brand   <\/p>\n<p>                                              <img decoding=\"async\" alt=\"INIU\" src=\"https:\/\/images-na.ssl-images-amazon.com\/images\/G\/01\/x-locale\/common\/grey-pixel.gif\" class=\"a-lazy-loaded\" data-src=\"https:\/\/m.media-amazon.com\/images\/S\/aplus-media-library-service-media\/3f5075ba-4c6d-4705-a5cd-3d14fb51acfa.__CR0,0,1464,625_PT0_SX1464_V1___.jpg\"><img decoding=\"async\" alt=\"INIU\" src=\"https:\/\/m.media-amazon.com\/images\/S\/aplus-media-library-service-media\/3f5075ba-4c6d-4705-a5cd-3d14fb51acfa.__CR0,0,1464,625_PT0_SX1464_V1___.jpg\">  <\/p>\n<p>                                              <img decoding=\"async\" alt=\"una captura de pantalla de la descripci\u00f3n de un tel\u00e9fono celular generada autom\u00e1ticamente\" src=\"https:\/\/images-na.ssl-images-amazon.com\/images\/G\/01\/x-locale\/common\/grey-pixel.gif\" class=\"a-lazy-loaded\" data-src=\"https:\/\/m.media-amazon.com\/images\/S\/aplus-media-library-service-media\/a28d3907-b1ed-4434-9783-0e96550da9a3.__CR0,0,362,453_PT0_SX362_V1___.jpg\"><img decoding=\"async\" alt=\"una captura de pantalla de la descripci\u00f3n de un tel\u00e9fono celular generada autom\u00e1ticamente\" src=\"https:\/\/m.media-amazon.com\/images\/S\/aplus-media-library-service-media\/a28d3907-b1ed-4434-9783-0e96550da9a3.__CR0,0,362,453_PT0_SX362_V1___.jpg\">  <\/p>\n<h3> USB C + USB A Cargador R\u00e1pido <\/h3>\n<p class=\"apm-brand-story-stores-link\">\n<h3> INIU 100W USB C Cargador <\/h3>\n<h3> Banco de energ\u00eda peque\u00f1o <\/h3>\n<p class=\"apm-brand-story-stores-link\">\n<h3> Cargador inal\u00e1mbrico magn\u00e9tico <\/h3>\n<p class=\"apm-brand-story-stores-link\">\n<p>                                              <img decoding=\"async\" alt=\"\" src=\"https:\/\/images-na.ssl-images-amazon.com\/images\/G\/01\/x-locale\/common\/grey-pixel.gif\" class=\"a-lazy-loaded\" data-src=\"https:\/\/m.media-amazon.com\/images\/S\/aplus-media-library-service-media\/a37e5c9a-5306-451b-b006-6fe516510fe0.__CR0,0,362,453_PT0_SX362_V1___.jpg\"><img decoding=\"async\" alt=\"\" src=\"https:\/\/m.media-amazon.com\/images\/S\/aplus-media-library-service-media\/a37e5c9a-5306-451b-b006-6fe516510fe0.__CR0,0,362,453_PT0_SX362_V1___.jpg\">  <\/p>\n<p>                                              <img decoding=\"async\" alt=\"iniu\" src=\"https:\/\/images-na.ssl-images-amazon.com\/images\/G\/01\/x-locale\/common\/grey-pixel.gif\" class=\"a-lazy-loaded\" data-src=\"https:\/\/m.media-amazon.com\/images\/S\/aplus-media-library-service-media\/3468a770-3550-41ed-834d-2e81d958ef4d.__CR0,0,362,453_PT0_SX362_V1___.jpg\"><img decoding=\"async\" alt=\"iniu\" src=\"https:\/\/m.media-amazon.com\/images\/S\/aplus-media-library-service-media\/3468a770-3550-41ed-834d-2e81d958ef4d.__CR0,0,362,453_PT0_SX362_V1___.jpg\">  <\/p>\n<p>                                              <img decoding=\"async\" alt=\"el planeta verde - - el \u00e1rbol m\u00e1s grande del mundo\" src=\"https:\/\/images-na.ssl-images-amazon.com\/images\/G\/01\/x-locale\/common\/grey-pixel.gif\" class=\"a-lazy-loaded\" data-src=\"https:\/\/m.media-amazon.com\/images\/S\/aplus-media-library-service-media\/2c579f76-87e4-47c8-8e23-306d7bb49525.__CR0,0,362,453_PT0_SX362_V1___.jpg\"><img decoding=\"async\" alt=\"el planeta verde - - el \u00e1rbol m\u00e1s grande del mundo\" src=\"https:\/\/m.media-amazon.com\/images\/S\/aplus-media-library-service-media\/2c579f76-87e4-47c8-8e23-306d7bb49525.__CR0,0,362,453_PT0_SX362_V1___.jpg\">  <\/p>\n<p> Package Dimensions                                            \u200f                                            :                                            \u200e                                            21.4 x 15.3 x 1.9 cm; 144.7 g   <br \/> Date First Available                                            \u200f                                            :                                            \u200e                                            24 May 2023   <br \/> Manufacturer                                            \u200f                                            :                                            \u200e                                            \u200eShenzhen Topstar Industry Co.,Ltd.   <br \/> ASIN                                            \u200f                                            :                                            \u200e                                            B0BR3L78XN   <br \/> Item model number                                            \u200f                                            :                                            \u200e                                            DI-D7CC   <br \/> Country of origin                                            \u200f                                            :                                            \u200e                                            China   <br \/>       Best Sellers Rank:  109 in Climate Pledge Friendly (See Top 100 in Climate Pledge Friendly)    4 in USB Cables   109 in Climate Pledge Friendly: Shop all      <br \/>  Customer reviews:                                                                                            4.7               4.7 out of 5 stars                                  (6,858)                                              var dpAcrHasRegisteredArcLinkClickAction;                    P.when(&#8216;A&#8217;, &#8216;ready&#8217;).execute(function(A) {                        if (dpAcrHasRegisteredArcLinkClickAction !== true) {                            dpAcrHasRegisteredArcLinkClickAction = true;                            A.declarative(                                &#8216;acrLink-click-metrics&#8217;, &#8216;click&#8217;,                                { \u00aballowLinkDefault\u00bb: true },                                function (event) {                                    if (window.ue) {                                        ue.count(\u00abacrLinkClickCount\u00bb, (ue.count(\u00abacrLinkClickCount\u00bb) || 0) + 1);                                    }                                }                            );                        }                    });                                             P.when(&#8216;A&#8217;, &#8216;cf&#8217;).execute(function(A) {                A.declarative(&#8216;acrStarsLink-click-metrics&#8217;, &#8216;click&#8217;, { \u00aballowLinkDefault\u00bb : true },  function(event){                    if(window.ue) {                        ue.count(\u00abacrStarsLinkWithPopoverClickCount\u00bb, (ue.count(\u00abacrStarsLinkWithPopoverClickCount\u00bb) || 0) + 1);                    }                });            });                          <\/p>\n<p>From INIU &#8211; the SAFE Fast Charge Pro: Experience safe charging with over 38 million users worldwide. INIU uses high-quality materials and offers an industry-leading 3-year warranty.<br \/>Get the Fastest Charging Speed for iPhone 15: Experience the future of charging! With our high-speed 240W USB-C to USB-C cable, your iPhone 15 series reaches an impressive 71% battery in just 30 minutes. Don&#8217;t miss this revolution in charging!<br \/>Fastest Charging Ever: INIU 240W now sets the record for fastest charging, it is the fastest charging in the world by far. All your devices can charge at maximum speeds: MacBook Pro 88%, iPad Pro 91%, Samsung S23 at 84%, and SteamDeck at 65% in just 30 minutes. No more wasting time charging. (NOTE: Please note that fast charger with C port and adequate power is required.)<br \/>Compatible with All C Port Devices: Works with all C port devices (240\/200\/170\/140\/100\/60\/18W), including laptops, phones, tablets, STEAM DECK and Switch.<br \/>Safe charging with EMARK2.0: INIU EMARK2.0 protects against overcharging and monitors temperature more than 3.2 million times a day, avoiding fire risks and battery damage.<br \/>What You Get: INIU 2.0 USB-C Charging Cable*2, User Manual*1, 30-Day Money Back Guarantee, INIU Industry Leading 3-Year Warranty and Lifetime Technical Support.<\/p>\n\n","protected":false},"excerpt":{"rendered":"<p> From the brand USB C + USB A Cargador R\u00e1pido INIU 100W USB C Cargador<\/p>","protected":false},"featured_media":36572,"comment_status":"open","ping_status":"closed","template":"","meta":[],"product_brand":[],"product_cat":[84],"product_tag":[2298,206,496,498,497,182,138,6818,809,137,245,162,147,159,160,502,503,504,499,500,501,505,164,10624,219,4771,171,163,249,5162,168,133],"class_list":{"0":"post-36571","1":"product","2":"type-product","3":"status-publish","4":"has-post-thumbnail","6":"product_cat-apple-macbook","7":"product_tag-240w","8":"product_tag-2pack","9":"product_tag-apple-macbook","10":"product_tag-apple-macbook-air","11":"product_tag-apple-macbook-pro","12":"product_tag-cable","13":"product_tag-charging","14":"product_tag-deck","15":"product_tag-dell","16":"product_tag-fast","17":"product_tag-iniu","18":"product_tag-ipad","19":"product_tag-iphone","20":"product_tag-laptop","21":"product_tag-macbook","22":"product_tag-macbook-13-inch","23":"product_tag-macbook-15-inch","24":"product_tag-macbook-16-inch","25":"product_tag-macbook-m1","26":"product_tag-macbook-m2","27":"product_tag-macbook-m3","28":"product_tag-macbook-price","29":"product_tag-max","30":"product_tag-note20","31":"product_tag-nylon","32":"product_tag-pd3-0","33":"product_tag-pixel","34":"product_tag-pro","35":"product_tag-samsung","36":"product_tag-steam","37":"product_tag-type","38":"product_tag-usb","40":"first","41":"instock","42":"sale","43":"shipping-taxable","44":"product-type-external"},"_links":{"self":[{"href":"https:\/\/comprasyconsejos.store\/en\/wp-json\/wp\/v2\/product\/36571","targetHints":{"allow":["GET"]}}],"collection":[{"href":"https:\/\/comprasyconsejos.store\/en\/wp-json\/wp\/v2\/product"}],"about":[{"href":"https:\/\/comprasyconsejos.store\/en\/wp-json\/wp\/v2\/types\/product"}],"replies":[{"embeddable":true,"href":"https:\/\/comprasyconsejos.store\/en\/wp-json\/wp\/v2\/comments?post=36571"}],"version-history":[{"count":0,"href":"https:\/\/comprasyconsejos.store\/en\/wp-json\/wp\/v2\/product\/36571\/revisions"}],"wp:featuredmedia":[{"embeddable":true,"href":"https:\/\/comprasyconsejos.store\/en\/wp-json\/wp\/v2\/media\/36572"}],"wp:attachment":[{"href":"https:\/\/comprasyconsejos.store\/en\/wp-json\/wp\/v2\/media?parent=36571"}],"wp:term":[{"taxonomy":"product_brand","embeddable":true,"href":"https:\/\/comprasyconsejos.store\/en\/wp-json\/wp\/v2\/product_brand?post=36571"},{"taxonomy":"product_cat","embeddable":true,"href":"https:\/\/comprasyconsejos.store\/en\/wp-json\/wp\/v2\/product_cat?post=36571"},{"taxonomy":"product_tag","embeddable":true,"href":"https:\/\/comprasyconsejos.store\/en\/wp-json\/wp\/v2\/product_tag?post=36571"}],"curies":[{"name":"wp","href":"https:\/\/api.w.org\/{rel}","templated":true}]}}