{"id":36588,"date":"2026-03-01T15:19:05","date_gmt":"2026-03-01T15:19:05","guid":{"rendered":"https:\/\/comprasyconsejos.store\/product\/mercusys-halo-h85x-mesh-wi-fi-6-ax3000mbps-dual-band-2-5g-wan-lan-port-2-gigabit-wan-lan-ports-covered-up-to-460-m%c2%b2-mu-mimo-wpa3-app-control-2-pack\/"},"modified":"2026-03-01T15:19:07","modified_gmt":"2026-03-01T15:19:07","slug":"mercusys-halo-h85x-mesh-wi-fi-6-ax3000mbps-dual-band-2-5g-wan-lan-port-2-gigabit-wan-lan-ports-covered-up-to-460-m%c2%b2-mu-mimo-wpa3-app-control-2-pack","status":"publish","type":"product","link":"https:\/\/comprasyconsejos.store\/en\/product\/mercusys-halo-h85x-mesh-wi-fi-6-ax3000mbps-dual-band-2-5g-wan-lan-port-2-gigabit-wan-lan-ports-covered-up-to-460-m%c2%b2-mu-mimo-wpa3-app-control-2-pack\/","title":{"rendered":"Mercusys Halo H85X Mesh Wi-Fi 6 AX3000Mbps Dual-Band, 2.5G WAN\/LAN Port, 2 Gigabit WAN\/LAN Ports, Covered up to 460 m\u00b2, MU-MIMO, WPA3, App Control, 2-Pack"},"content":{"rendered":"<p>Price: <span style=\"color:#b12704\">\u20ac84.99<\/span><br \/><i><small>(as of Mar 01, 2026 15:19:05 UTC &#8211; <span class=\"wp_automatic_amazon_disclaimer\" title=\"Product prices and availability are accurate as of the date\/time indicated and are subject to change. Any price and availability information displayed on [relevant Amazon Site(s), as applicable] at the time of purchase will apply to the purchase of this product.\">Details<\/span>)<\/small><\/i><\/p>\n<p><a href=\"https:\/\/amazon.es\/dp\/B0FCML3NM9?tag=man008-21\"><img decoding=\"async\" src=\"https:\/\/valvepress.s3.amazonaws.com\/imgs\/buy_now.png\"><\/a><br \/>\n<\/p>\n<p>                                             From the manufacturer   <\/p>\n<p>                                                                             <img decoding=\"async\" alt=\"aplus content image\" src=\"https:\/\/images-na.ssl-images-amazon.com\/images\/G\/01\/x-locale\/common\/grey-pixel.gif\" class=\"a-spacing-base a-lazy-loaded\" data-src=\"https:\/\/m.media-amazon.com\/images\/S\/aplus-media-library-service-media\/9e169a78-c200-4289-baae-e49af5241cbd.__CR0,0,1940,1200_PT0_SX970_V1___.jpg\"><img decoding=\"async\" alt=\"aplus content image\" src=\"https:\/\/m.media-amazon.com\/images\/S\/aplus-media-library-service-media\/9e169a78-c200-4289-baae-e49af5241cbd.__CR0,0,1940,1200_PT0_SX970_V1___.jpg\">                                                                    <\/p>\n<p>                                                      <img decoding=\"async\" alt=\"aplus content image\" src=\"https:\/\/images-na.ssl-images-amazon.com\/images\/G\/01\/x-locale\/common\/grey-pixel.gif\" class=\"a-spacing-mini a-lazy-loaded\" data-src=\"https:\/\/m.media-amazon.com\/images\/S\/aplus-media-library-service-media\/6a19b3c6-499d-44d4-8112-0b0a8b62b2fa.__CR0,0,300,300_PT0_SX300_V1___.png\"><img decoding=\"async\" alt=\"aplus content image\" src=\"https:\/\/m.media-amazon.com\/images\/S\/aplus-media-library-service-media\/6a19b3c6-499d-44d4-8112-0b0a8b62b2fa.__CR0,0,300,300_PT0_SX300_V1___.png\">  <\/p>\n<h3 class=\"a-spacing-mini\"> Tecnolog\u00edas Wi-Fi 6 y Mesh para una se\u00f1al \u00f3ptima en cada habitaci\u00f3n <\/h3>\n<p>                                           Halo H85X (2-unidades)                                     <\/p>\n<p class=\"a-spacing-base\"> Halo H85X es un Sistema Mesh compuesto por unidades modulares (1 unidad H85X y 1 unidad H80X) que trabajan en sinergia para crear una red Wi-Fi unificada difundida en todos los rincones de la casa, con una cobertura de hasta 460 m\u00b2. Disfruta de una conexi\u00f3n eficiente y estable en cualquier habitaci\u00f3n, ideal para transmisi\u00f3n 4K, sesiones de juego inmersivas y descargas ultrarr\u00e1pidas. <\/p>\n<p>                                                         Especificaciones t\u00e9cnicas:                                        Est\u00e1ndar Wi-Fi 6 802.11ax       Wi-Fi 7 Dual Band AX3000: hasta 2402 Mbps en 5 GHz + 574 Mbps en 2,4 GHz       Puertos WAN\/LAN: H85X 1 x 2.5 G + 2 x Gigabit, H80X 3x Gigabit       Compatible IPv4 &#8211; IPv6       Encriptaci\u00f3n WPA3       Gesti\u00f3n a trav\u00e9s de la aplicaci\u00f3n MERCUSYS       <\/p>\n<p class=\"apm-text-center\">\n                                                      <img decoding=\"async\" alt=\"El texto dice \u00abWi-Fi 6\u00bb y \u00abAX3000 de doble banda\u00bb. La imagen del producto muestra dos enrutadores wifi c\u00fabicos blancos sobre un fondo gris.\" src=\"https:\/\/images-na.ssl-images-amazon.com\/images\/G\/01\/x-locale\/common\/grey-pixel.gif\" class=\"a-spacing-mini a-lazy-loaded\" data-src=\"https:\/\/m.media-amazon.com\/images\/S\/aplus-media-library-service-media\/b0d519fd-15af-445b-9d46-d4af5ddc7b13.__CR0,0,300,300_PT0_SX300_V1___.png\"><img decoding=\"async\" alt=\"El texto dice \u00abWi-Fi 6\u00bb y \u00abAX3000 de doble banda\u00bb. La imagen del producto muestra dos enrutadores wifi c\u00fabicos blancos sobre un fondo gris.\" src=\"https:\/\/m.media-amazon.com\/images\/S\/aplus-media-library-service-media\/b0d519fd-15af-445b-9d46-d4af5ddc7b13.__CR0,0,300,300_PT0_SX300_V1___.png\">  <\/p>\n<p> Halo H85X permite crear una red Mesh Dual Band con velocidad Wi-Fi AX3000 (hasta 2402Mbps en 5GHz + 574Mbps en 2.4GHz) capaz de soportar hasta 150 clientes conectados simult\u00e1neamente. Las tecnolog\u00edas MU-MIMO, 1024QAM y la disponibilidad de canales de 160MHz mejoran la velocidad, la eficiencia y la capacidad para un rendimiento sin l\u00edmites. <\/p>\n<p class=\"apm-text-center\">\n                                                      <img decoding=\"async\" alt=\"aplus content image\" src=\"https:\/\/images-na.ssl-images-amazon.com\/images\/G\/01\/x-locale\/common\/grey-pixel.gif\" class=\"a-spacing-mini a-lazy-loaded\" data-src=\"https:\/\/m.media-amazon.com\/images\/S\/aplus-media-library-service-media\/a5670c92-697b-4844-a772-d51794693499.__CR0,0,300,300_PT0_SX300_V1___.png\"><img decoding=\"async\" alt=\"aplus content image\" src=\"https:\/\/m.media-amazon.com\/images\/S\/aplus-media-library-service-media\/a5670c92-697b-4844-a772-d51794693499.__CR0,0,300,300_PT0_SX300_V1___.png\">  <\/p>\n<p> Las unidades Halo H85X le permiten crear una red de malla unificada con una cobertura de hasta 460 m\u00b2 (con 2 unidades) que ofrece el mejor rendimiento a los dispositivos conectados, que son libres de pasar de una unidad a otra sin interrupciones de se\u00f1al y sin experimentar la menor disminuci\u00f3n de rendimiento. <\/p>\n<p class=\"apm-text-center\">\n                                                      <img decoding=\"async\" alt=\"aplus content image\" src=\"https:\/\/images-na.ssl-images-amazon.com\/images\/G\/01\/x-locale\/common\/grey-pixel.gif\" class=\"a-spacing-mini a-lazy-loaded\" data-src=\"https:\/\/m.media-amazon.com\/images\/S\/aplus-media-library-service-media\/cfa75b80-a086-4665-b9f1-600f16eb731c.__CR0,0,300,300_PT0_SX300_V1___.png\"><img decoding=\"async\" alt=\"aplus content image\" src=\"https:\/\/m.media-amazon.com\/images\/S\/aplus-media-library-service-media\/cfa75b80-a086-4665-b9f1-600f16eb731c.__CR0,0,300,300_PT0_SX300_V1___.png\">  <\/p>\n<p> El pack consta de una unidad Halo H85X, que te permite aprovechar al m\u00e1ximo tu l\u00ednea fija de alta velocidad gracias a los 1 puerto LAN\/WAN de 2,5 Gbps, y una unidad Halo H80X equipada con puertos LAN \/ WAN Gigabit, perfectos para conectar a la red todos tus dispositivos cableados (PC, Smart TV, consolas de juegos). <\/p>\n<p class=\"apm-text-center\">\n                                                      <img decoding=\"async\" alt=\"aplus content image\" src=\"https:\/\/images-na.ssl-images-amazon.com\/images\/G\/01\/x-locale\/common\/grey-pixel.gif\" class=\"a-spacing-mini a-lazy-loaded\" data-src=\"https:\/\/m.media-amazon.com\/images\/S\/aplus-media-library-service-media\/d8977b01-91f8-4cbe-9440-eed4438ea97e.__CR0,0,300,300_PT0_SX300_V1___.png\"><img decoding=\"async\" alt=\"aplus content image\" src=\"https:\/\/m.media-amazon.com\/images\/S\/aplus-media-library-service-media\/d8977b01-91f8-4cbe-9440-eed4438ea97e.__CR0,0,300,300_PT0_SX300_V1___.png\">  <\/p>\n<p> La funci\u00f3n Parental Control, indispensable para ajustar la experiencia en l\u00ednea de los m\u00e1s peque\u00f1os, permite crear perfiles de usuario a los que aplicar filtros y limitaciones personalizadas. <\/p>\n<p class=\"apm-text-center\">\n                                                      <img decoding=\"async\" alt=\"El texto dice \u00abImagen 7\u00bb y \u00abapp MERCOSTS\u00bb. Elementos gr\u00e1ficos en rojo y blanco con texto en espa\u00f1ol sobre contenido relacionado con regalos.\" src=\"https:\/\/images-na.ssl-images-amazon.com\/images\/G\/01\/x-locale\/common\/grey-pixel.gif\" class=\"a-spacing-mini a-lazy-loaded\" data-src=\"https:\/\/m.media-amazon.com\/images\/S\/aplus-media-library-service-media\/3e3e1d16-a7e2-43bb-9df0-c1f10167fa5c.__CR0,0,300,300_PT0_SX300_V1___.png\"><img decoding=\"async\" alt=\"El texto dice \u00abImagen 7\u00bb y \u00abapp MERCOSTS\u00bb. Elementos gr\u00e1ficos en rojo y blanco con texto en espa\u00f1ol sobre contenido relacionado con regalos.\" src=\"https:\/\/m.media-amazon.com\/images\/S\/aplus-media-library-service-media\/3e3e1d16-a7e2-43bb-9df0-c1f10167fa5c.__CR0,0,300,300_PT0_SX300_V1___.png\">  <\/p>\n<p> La aplicaci\u00f3n MERCUSYS le gu\u00eda paso a paso en la instalaci\u00f3n de unidades Halo y le permite aprovechar todas sus funciones, como la creaci\u00f3n de una Red de Invitados, la configuraci\u00f3n del Control Parental, la visualizaci\u00f3n de informes de uso de la red, el QoS para priorizar el ancho de banda a los dispositivos que m\u00e1s lo necesitan, etc. <\/p>\n<p class=\"apm-text-center\">\n                                                      <img decoding=\"async\" alt=\"aplus content image\" src=\"https:\/\/images-na.ssl-images-amazon.com\/images\/G\/01\/x-locale\/common\/grey-pixel.gif\" class=\"a-spacing-mini a-lazy-loaded\" data-src=\"https:\/\/m.media-amazon.com\/images\/S\/aplus-media-library-service-media\/db33f3ef-25b8-4e78-9959-7cf769fd76ad.__CR0,0,300,300_PT0_SX300_V1___.png\"><img decoding=\"async\" alt=\"aplus content image\" src=\"https:\/\/m.media-amazon.com\/images\/S\/aplus-media-library-service-media\/db33f3ef-25b8-4e78-9959-7cf769fd76ad.__CR0,0,300,300_PT0_SX300_V1___.png\">  <\/p>\n<p> Todos los modelos Halo H son compatibles entre s\u00ed: puede agregar hasta 10 unidades a la red combinando las capacidades de diferentes modelos para crear una red adaptada a sus necesidades. <\/p>\n<p>                         Add To Basket  <\/p>\n<p>                         Add To Basket  <\/p>\n<p>                         Add To Basket  <\/p>\n<p>                         Add To Basket  <\/p>\n<p>                             Customer Reviews  <\/p>\n<p>                    4.4 out of 5 stars  926  <\/p>\n<p>                    4.4 out of 5 stars  1,927  <\/p>\n<p>                    4.1 out of 5 stars  21  <\/p>\n<p>                    3.9 out of 5 stars  41  <\/p>\n<p>                             Price  <\/p>\n<p>                                    \u20ac84.99\u20ac84.99                  \u20ac78.09\u20ac78.09                  \u20ac84.99\u20ac84.99                        \u20ac226.00\u20ac226.00        <\/p>\n<p>                             Est\u00e1ndar Wi-Fi<br \/>\n                                Wi-Fi 5 Dual Band AC1900               Wi-Fi 6 Dual Band AX3000               Wi-Fi 6 Dual Band AX3000                     Wi-Fi 7 Tri-Band BE9300        <\/p>\n<p>                             Puertos WAN\/LAN autosensing<br \/>\n                                3 puertos Gigabit por unidad               3 puertos Gigabit por unidad               1 Unidad: 1 x 2,5 Gbps, 2 x Gigabit + 1 unidad: 3 x Gigabit                     3 puertos de 2,5 Gbps por unidad        <\/p>\n<p>                             Aplicaci\u00f3n Mercusys  <\/p>\n<p>                                              \u2713<\/p>\n<p>                                              \u2713<\/p>\n<p>                                              \u2713<\/p>\n<p>                                              \u2713<\/p>\n<p> Package Dimensions                                            \u200f                                            :                                            \u200e                                            22.3 x 16.6 x 15.7 cm; 970 g   <br \/> Manufacturer                                            \u200f                                            :                                            \u200e                                            TP-Link   <br \/> ASIN                                            \u200f                                            :                                            \u200e                                            B0FCML3NM9   <br \/> Item model number                                            \u200f                                            :                                            \u200e                                            Halo H85X(2-pack)   <br \/> Country of origin                                            \u200f                                            :                                            \u200e                                            China   <br \/> Guaranteed software updates until                                            \u200f                                            :                                            \u200e                                            unknown   <br \/>  Customer reviews:                                                                                            4.1               4.1 out of 5 stars                                  (21)                                              var dpAcrHasRegisteredArcLinkClickAction;                    P.when(&#8216;A&#8217;, &#8216;ready&#8217;).execute(function(A) {                        if (dpAcrHasRegisteredArcLinkClickAction !== true) {                            dpAcrHasRegisteredArcLinkClickAction = true;                            A.declarative(                                &#8216;acrLink-click-metrics&#8217;, &#8216;click&#8217;,                                { \u00aballowLinkDefault\u00bb: true },                                function (event) {                                    if (window.ue) {                                        ue.count(\u00abacrLinkClickCount\u00bb, (ue.count(\u00abacrLinkClickCount\u00bb) || 0) + 1);                                    }                                }                            );                        }                    });                                             P.when(&#8216;A&#8217;, &#8216;cf&#8217;).execute(function(A) {                A.declarative(&#8216;acrStarsLink-click-metrics&#8217;, &#8216;click&#8217;, { \u00aballowLinkDefault\u00bb : true },  function(event){                    if(window.ue) {                        ue.count(\u00abacrStarsLinkWithPopoverClickCount\u00bb, (ue.count(\u00abacrStarsLinkWithPopoverClickCount\u00bb) || 0) + 1);                    }                });            });                          <\/p>\n<p>2402Mbps at 5GHz and 574Mbps at 2.4GHz<br \/>Halo drives work in synergy to automatically switch from one Halo device to another as you move around the house, with a single, unified Wi-Fi username and password.<br \/>Covers up to 460 m\u00b2 (5,000 sq ft) with high-speed Wi-Fi, eliminating dead zones in your home.<br \/>Provides fast and stable connections to over 150 devices.<br \/>Use the MERCUSYS app to quickly set up and manage your Wi-Fi. You can also manage your children&#8217;s time and online content.<br \/>1 x 2.5Gbps port and 2 x Gigabit ports for H85X Halo drives for ultra-fast wired connections.<\/p>\n\n","protected":false},"excerpt":{"rendered":"<p> From the manufacturer Tecnolog\u00edas Wi-Fi 6 y Mesh para una se\u00f1al \u00f3ptima en cada habitaci\u00f3n<\/p>","protected":false},"featured_media":36589,"comment_status":"open","ping_status":"closed","template":"","meta":[],"product_brand":[],"product_cat":[71],"product_tag":[2302,206,2080,2224,10430,2084,1124,10632,2078,1693,2079,1092,10631,3455,2081,2083,4568,2086,2449,2082,2092,153,382,2085,7547,543,2076,2077,2095],"class_list":{"0":"post-36588","1":"product","2":"type-product","3":"status-publish","4":"has-post-thumbnail","6":"product_cat-wifi-routers","7":"product_tag-2-5g","8":"product_tag-2pack","9":"product_tag-5ghz-router","10":"product_tag-app","11":"product_tag-ax3000mbps","12":"product_tag-best-wifi-router","13":"product_tag-control","14":"product_tag-covered","15":"product_tag-dual-band-router","16":"product_tag-dualband","17":"product_tag-gaming-wifi-router","18":"product_tag-gigabit","19":"product_tag-h85x","20":"product_tag-halo","21":"product_tag-high-speed-router","22":"product_tag-home-wifi-router","23":"product_tag-m","24":"product_tag-mercusys","25":"product_tag-mesh","26":"product_tag-mesh-wifi-router","27":"product_tag-mumimo","28":"product_tag-port","29":"product_tag-ports","30":"product_tag-router-price","31":"product_tag-wanlan","32":"product_tag-wifi","33":"product_tag-wifi-router","34":"product_tag-wireless-router","35":"product_tag-wpa3","37":"first","38":"instock","39":"shipping-taxable","40":"product-type-external"},"_links":{"self":[{"href":"https:\/\/comprasyconsejos.store\/en\/wp-json\/wp\/v2\/product\/36588","targetHints":{"allow":["GET"]}}],"collection":[{"href":"https:\/\/comprasyconsejos.store\/en\/wp-json\/wp\/v2\/product"}],"about":[{"href":"https:\/\/comprasyconsejos.store\/en\/wp-json\/wp\/v2\/types\/product"}],"replies":[{"embeddable":true,"href":"https:\/\/comprasyconsejos.store\/en\/wp-json\/wp\/v2\/comments?post=36588"}],"version-history":[{"count":0,"href":"https:\/\/comprasyconsejos.store\/en\/wp-json\/wp\/v2\/product\/36588\/revisions"}],"wp:featuredmedia":[{"embeddable":true,"href":"https:\/\/comprasyconsejos.store\/en\/wp-json\/wp\/v2\/media\/36589"}],"wp:attachment":[{"href":"https:\/\/comprasyconsejos.store\/en\/wp-json\/wp\/v2\/media?parent=36588"}],"wp:term":[{"taxonomy":"product_brand","embeddable":true,"href":"https:\/\/comprasyconsejos.store\/en\/wp-json\/wp\/v2\/product_brand?post=36588"},{"taxonomy":"product_cat","embeddable":true,"href":"https:\/\/comprasyconsejos.store\/en\/wp-json\/wp\/v2\/product_cat?post=36588"},{"taxonomy":"product_tag","embeddable":true,"href":"https:\/\/comprasyconsejos.store\/en\/wp-json\/wp\/v2\/product_tag?post=36588"}],"curies":[{"name":"wp","href":"https:\/\/api.w.org\/{rel}","templated":true}]}}