{"id":36601,"date":"2026-03-01T16:05:10","date_gmt":"2026-03-01T16:05:10","guid":{"rendered":"https:\/\/comprasyconsejos.store\/product\/peerless-assassin-120-se-argb-dual-tower-cpu-fan-with-6-heat-pipes-2-x-tl-c12c-s-120mm-pwm-fans-1550-rpm-for-am5-am4-intel-lga1851-1700-1150-1151-1200\/"},"modified":"2026-03-01T16:05:12","modified_gmt":"2026-03-01T16:05:12","slug":"peerless-assassin-120-se-argb-dual-tower-cpu-fan-with-6-heat-pipes-2-x-tl-c12c-s-120mm-pwm-fans-1550-rpm-for-am5-am4-intel-lga1851-1700-1150-1151-1200","status":"publish","type":"product","link":"https:\/\/comprasyconsejos.store\/en\/product\/peerless-assassin-120-se-argb-dual-tower-cpu-fan-with-6-heat-pipes-2-x-tl-c12c-s-120mm-pwm-fans-1550-rpm-for-am5-am4-intel-lga1851-1700-1150-1151-1200\/","title":{"rendered":"Peerless Assassin 120 SE ARGB Dual Tower CPU Fan with 6 Heat Pipes 2 x TL-C12C-S 120mm PWM Fans 1550 RPM for AM5\/AM4, Intel LGA1851\/1700\/1150\/1151\/1200"},"content":{"rendered":"<p>Price: <span style=\"color:#b12704\">\u20ac39.19<\/span><br \/><i><small>(as of Mar 01, 2026 16:05:10 UTC &#8211; <span class=\"wp_automatic_amazon_disclaimer\" title=\"Product prices and availability are accurate as of the date\/time indicated and are subject to change. Any price and availability information displayed on [relevant Amazon Site(s), as applicable] at the time of purchase will apply to the purchase of this product.\">Details<\/span>)<\/small><\/i><\/p>\n<p><a href=\"https:\/\/amazon.es\/dp\/B0FMRKC1QC?tag=man008-21\"><img decoding=\"async\" src=\"https:\/\/valvepress.s3.amazonaws.com\/imgs\/buy_now.png\"><\/a><br \/>\n<\/p>\n<p>                                             Product Description   <\/p>\n<p>                                                                             <img decoding=\"async\" alt=\"aplus imagen contento\" src=\"https:\/\/images-na.ssl-images-amazon.com\/images\/G\/01\/x-locale\/common\/grey-pixel.gif\" class=\"a-spacing-base a-lazy-loaded\" data-src=\"https:\/\/m.media-amazon.com\/images\/S\/aplus-media-library-service-media\/aa76dd9a-eee6-4630-8d0b-6157d79e34fc.__CR0,0,970,600_PT0_SX970_V1___.jpg\"><img decoding=\"async\" alt=\"aplus imagen contento\" src=\"https:\/\/m.media-amazon.com\/images\/S\/aplus-media-library-service-media\/aa76dd9a-eee6-4630-8d0b-6157d79e34fc.__CR0,0,970,600_PT0_SX970_V1___.jpg\">                                                                    <\/p>\n<p>                                                                             <img decoding=\"async\" alt=\"aplus imagen contento\" src=\"https:\/\/images-na.ssl-images-amazon.com\/images\/G\/01\/x-locale\/common\/grey-pixel.gif\" class=\"a-spacing-base a-lazy-loaded\" data-src=\"https:\/\/m.media-amazon.com\/images\/S\/aplus-media-library-service-media\/45ede799-e96f-4828-9b4c-f13cec952277.__CR0,0,970,600_PT0_SX970_V1___.jpg\"><img decoding=\"async\" alt=\"aplus imagen contento\" src=\"https:\/\/m.media-amazon.com\/images\/S\/aplus-media-library-service-media\/45ede799-e96f-4828-9b4c-f13cec952277.__CR0,0,970,600_PT0_SX970_V1___.jpg\">                                                                    <\/p>\n<p>                                                                             <img decoding=\"async\" alt=\"El texto dice: \u00abCalculus en cuivre pur nickel\u00e9 en forme de U\u00bb. Dibujos t\u00e9cnicos que muestran componentes met\u00e1licos en forma de U con especificaciones dimensionales.\" src=\"https:\/\/images-na.ssl-images-amazon.com\/images\/G\/01\/x-locale\/common\/grey-pixel.gif\" class=\"a-spacing-base a-lazy-loaded\" data-src=\"https:\/\/m.media-amazon.com\/images\/S\/aplus-media-library-service-media\/63ca812a-45b1-433f-b774-42ee66c51465.__CR0,0,970,600_PT0_SX970_V1___.jpg\"><img decoding=\"async\" alt=\"El texto dice: \u00abCalculus en cuivre pur nickel\u00e9 en forme de U\u00bb. Dibujos t\u00e9cnicos que muestran componentes met\u00e1licos en forma de U con especificaciones dimensionales.\" src=\"https:\/\/m.media-amazon.com\/images\/S\/aplus-media-library-service-media\/63ca812a-45b1-433f-b774-42ee66c51465.__CR0,0,970,600_PT0_SX970_V1___.jpg\">                                                                    <\/p>\n<p>                                                                             <img decoding=\"async\" alt=\"aplus imagen contento\" src=\"https:\/\/images-na.ssl-images-amazon.com\/images\/G\/01\/x-locale\/common\/grey-pixel.gif\" class=\"a-spacing-base a-lazy-loaded\" data-src=\"https:\/\/m.media-amazon.com\/images\/S\/aplus-media-library-service-media\/b9902353-2f42-4a6c-8ae4-9d36bb5f0a9e.__CR0,0,970,600_PT0_SX970_V1___.jpg\"><img decoding=\"async\" alt=\"aplus imagen contento\" src=\"https:\/\/m.media-amazon.com\/images\/S\/aplus-media-library-service-media\/b9902353-2f42-4a6c-8ae4-9d36bb5f0a9e.__CR0,0,970,600_PT0_SX970_V1___.jpg\">                                                                    <\/p>\n<p>                                                                             <img decoding=\"async\" alt=\"El texto dice \u00abExp\u00e9rience Utilisateur Raffin\u00e9e\u00bb. Diagrama t\u00e9cnico que muestra varias vistas de lo que parecen ser componentes electr\u00f3nicos o mec\u00e1nicos.\" src=\"https:\/\/images-na.ssl-images-amazon.com\/images\/G\/01\/x-locale\/common\/grey-pixel.gif\" class=\"a-spacing-base a-lazy-loaded\" data-src=\"https:\/\/m.media-amazon.com\/images\/S\/aplus-media-library-service-media\/433cbc18-f817-408f-833e-fa1f72fda15e.__CR0,0,970,600_PT0_SX970_V1___.jpg\"><img decoding=\"async\" alt=\"El texto dice \u00abExp\u00e9rience Utilisateur Raffin\u00e9e\u00bb. Diagrama t\u00e9cnico que muestra varias vistas de lo que parecen ser componentes electr\u00f3nicos o mec\u00e1nicos.\" src=\"https:\/\/m.media-amazon.com\/images\/S\/aplus-media-library-service-media\/433cbc18-f817-408f-833e-fa1f72fda15e.__CR0,0,970,600_PT0_SX970_V1___.jpg\">                                                                    <\/p>\n<p>                                                                             <img decoding=\"async\" alt=\"aplus imagen contento\" src=\"https:\/\/images-na.ssl-images-amazon.com\/images\/G\/01\/x-locale\/common\/grey-pixel.gif\" class=\"a-spacing-base a-lazy-loaded\" data-src=\"https:\/\/m.media-amazon.com\/images\/S\/aplus-media-library-service-media\/054f8154-d4a1-437c-89fa-8144cd845090.__CR0,0,970,600_PT0_SX970_V1___.jpg\"><img decoding=\"async\" alt=\"aplus imagen contento\" src=\"https:\/\/m.media-amazon.com\/images\/S\/aplus-media-library-service-media\/054f8154-d4a1-437c-89fa-8144cd845090.__CR0,0,970,600_PT0_SX970_V1___.jpg\">                                                                    <\/p>\n<p> Product Dimensions                                            \u200f                                            :                                            \u200e                                            12.5 x 13.5 x 15.5 cm; 1.45 kg   <br \/> Date First Available                                            \u200f                                            :                                            \u200e                                            18 Aug. 2025   <br \/> Manufacturer                                            \u200f                                            :                                            \u200e                                            TR-Thermalright   <br \/> ASIN                                            \u200f                                            :                                            \u200e                                            B0FMRKC1QC   <br \/> Item model number                                            \u200f                                            :                                            \u200e                                            Peerless Assassin 120 SE ARGB   <br \/>       Best Sellers Rank:  12,758 in Computers (See Top 100 in Computers)    422 in CPU Fans      <br \/>  Customer reviews:                                                                                            5.0               5.0 out of 5 stars                                  (4)                                              var dpAcrHasRegisteredArcLinkClickAction;                    P.when(&#8216;A&#8217;, &#8216;ready&#8217;).execute(function(A) {                        if (dpAcrHasRegisteredArcLinkClickAction !== true) {                            dpAcrHasRegisteredArcLinkClickAction = true;                            A.declarative(                                &#8216;acrLink-click-metrics&#8217;, &#8216;click&#8217;,                                { \u00aballowLinkDefault\u00bb: true },                                function (event) {                                    if (window.ue) {                                        ue.count(\u00abacrLinkClickCount\u00bb, (ue.count(\u00abacrLinkClickCount\u00bb) || 0) + 1);                                    }                                }                            );                        }                    });                                             P.when(&#8216;A&#8217;, &#8216;cf&#8217;).execute(function(A) {                A.declarative(&#8216;acrStarsLink-click-metrics&#8217;, &#8216;click&#8217;, { \u00aballowLinkDefault\u00bb : true },  function(event){                    if(window.ue) {                        ue.count(\u00abacrStarsLinkWithPopoverClickCount\u00bb, (ue.count(\u00abacrStarsLinkWithPopoverClickCount\u00bb) || 0) + 1);                    }                });            });                          <\/p>\n<p>Heat Dissipation Combination The double tower and double fan with 6 heat pipes, the processor temperature is transmitted to the double tower aluminum fins through the pure copper base of the heatsink, then the double fan with inverted blades runs at 1550rpm to dissipate the high temperature and provide a good temperature environment in the chassis.<br \/>Heat Dissipation Process &#8211; The CPU heatsink pure copper thermal tube with a height of 155mm adopts a complete plating process, anodic frosted top sheet and Seiko micro-carved copper bottom, avoid memory corner cutting design, as well as the anti-gravity AGHP technology of thermal pipes to improve heat dissipation of the heatsink.<br \/>RGB lighting effect is adjustable: the RGB interface of the CPU fan is 3-pin 5V ARGB, it connects to the interface corresponding to the LED of the motherboard, can adjust your favorite lighting effects, and the fan lighting interface has a serial connection function, which can simplify the complexity of the cables.<br \/>Cooling parameters: overall size 125x135x155mm, pure copper thermal tube 6x6mm, fan size 120x120x25mm, rated speed 1550rpm, noise\u226425.6dBA, air volume 66.17CFM, DC 12V voltage. 4 pin PWM power interface, fan material PBT+PC, dual fan with high performance heat dissipation of the double tower body, can easily dissipate the high temperature of the CPU.<br \/>Compatibility &#8211; Compatible slots for CPU coolers, AM4\/AM5, Intel LGA1851\/1700\/1150\/1151\/1155\/1156\/1200, supplied with mounting fixings needed for both platforms, easy to install, can be installed according to manual or video. (AMD platform needs to be installed with original motherboard backplane, product is not included with)<\/p>\n\n","protected":false},"excerpt":{"rendered":"<p> Product Description Product Dimensions \u200f : \u200e 12.5 x 13.5 x 15.5 cm; 1.45 kg<\/p>","protected":false},"featured_media":36602,"comment_status":"open","ping_status":"closed","template":"","meta":[],"product_brand":[],"product_cat":[66],"product_tag":[1381,3316,2008,1568,2020,2010,598,2002,2014,1997,2016,298,910,1378,1123,562,2006,10645,2019,2022,1999,2023,2012,2004,2474,2293,1750],"class_list":{"0":"post-36601","1":"product","2":"type-product","3":"status-publish","4":"has-post-thumbnail","6":"product_cat-cpu-fan","7":"product_tag-120mm","8":"product_tag-am5am4","9":"product_tag-amd-cpu-cooler","10":"product_tag-argb","11":"product_tag-assassin","12":"product_tag-best-cpu-fan","13":"product_tag-cpu","14":"product_tag-cpu-air-cooler","15":"product_tag-cpu-cooling-fan","16":"product_tag-cpu-fan","17":"product_tag-cpu-fan-price","18":"product_tag-dual","19":"product_tag-fan","20":"product_tag-fans","21":"product_tag-heat","22":"product_tag-intel","23":"product_tag-intel-cpu-fan","24":"product_tag-lga18511700115011511200","25":"product_tag-peerless","26":"product_tag-pipes","27":"product_tag-processor-fan","28":"product_tag-pwm","29":"product_tag-quiet-cpu-cooler","30":"product_tag-rgb-cpu-cooler","31":"product_tag-rpm","32":"product_tag-tlc12cs","33":"product_tag-tower","35":"first","36":"instock","37":"shipping-taxable","38":"product-type-external"},"_links":{"self":[{"href":"https:\/\/comprasyconsejos.store\/en\/wp-json\/wp\/v2\/product\/36601","targetHints":{"allow":["GET"]}}],"collection":[{"href":"https:\/\/comprasyconsejos.store\/en\/wp-json\/wp\/v2\/product"}],"about":[{"href":"https:\/\/comprasyconsejos.store\/en\/wp-json\/wp\/v2\/types\/product"}],"replies":[{"embeddable":true,"href":"https:\/\/comprasyconsejos.store\/en\/wp-json\/wp\/v2\/comments?post=36601"}],"version-history":[{"count":0,"href":"https:\/\/comprasyconsejos.store\/en\/wp-json\/wp\/v2\/product\/36601\/revisions"}],"wp:featuredmedia":[{"embeddable":true,"href":"https:\/\/comprasyconsejos.store\/en\/wp-json\/wp\/v2\/media\/36602"}],"wp:attachment":[{"href":"https:\/\/comprasyconsejos.store\/en\/wp-json\/wp\/v2\/media?parent=36601"}],"wp:term":[{"taxonomy":"product_brand","embeddable":true,"href":"https:\/\/comprasyconsejos.store\/en\/wp-json\/wp\/v2\/product_brand?post=36601"},{"taxonomy":"product_cat","embeddable":true,"href":"https:\/\/comprasyconsejos.store\/en\/wp-json\/wp\/v2\/product_cat?post=36601"},{"taxonomy":"product_tag","embeddable":true,"href":"https:\/\/comprasyconsejos.store\/en\/wp-json\/wp\/v2\/product_tag?post=36601"}],"curies":[{"name":"wp","href":"https:\/\/api.w.org\/{rel}","templated":true}]}}