{"id":36604,"date":"2026-03-01T16:07:02","date_gmt":"2026-03-01T16:07:02","guid":{"rendered":"https:\/\/comprasyconsejos.store\/product\/escaner-portatil-escaner-de-documentos-portatil-con-alta-resolucion-de-900-ppp-compatible-con-formato-pdf-jpg-y-tarjeta-sd-de-32-gb-para-textos-de-paginas-de-fotos-a4-silver\/"},"modified":"2026-03-01T16:07:03","modified_gmt":"2026-03-01T16:07:03","slug":"escaner-portatil-escaner-de-documentos-portatil-con-alta-resolucion-de-900-ppp-compatible-con-formato-pdf-jpg-y-tarjeta-sd-de-32-gb-para-textos-de-paginas-de-fotos-a4-silver","status":"publish","type":"product","link":"https:\/\/comprasyconsejos.store\/en\/product\/escaner-portatil-escaner-de-documentos-portatil-con-alta-resolucion-de-900-ppp-compatible-con-formato-pdf-jpg-y-tarjeta-sd-de-32-gb-para-textos-de-paginas-de-fotos-a4-silver\/","title":{"rendered":"Esc\u00e1ner Port\u00e1til, Esc\u00e1ner de Documentos Port\u00e1til con Alta Resoluci\u00f3n de 900 PPP, Compatible con Formato PDF JPG y Tarjeta SD de 32 GB, para Textos de P\u00e1ginas de Fotos A4, (Silver)"},"content":{"rendered":"<p>Price: <span style=\"color:#b12704\">\u20ac48.87<\/span><br \/><i><small>(as of Mar 01, 2026 16:07:02 UTC &#8211; <span class=\"wp_automatic_amazon_disclaimer\" title=\"Product prices and availability are accurate as of the date\/time indicated and are subject to change. Any price and availability information displayed on [relevant Amazon Site(s), as applicable] at the time of purchase will apply to the purchase of this product.\">Details<\/span>)<\/small><\/i><\/p>\n<p><a href=\"https:\/\/amazon.es\/dp\/B0GMXTP2N2?tag=man008-21\"><img decoding=\"async\" src=\"https:\/\/valvepress.s3.amazonaws.com\/imgs\/buy_now.png\"><\/a><br \/>\n<br \/>\n    <span>Especificaciones:<br \/> Tipo de art\u00edculo: Esc\u00e1ner de documentos port\u00e1til<br \/> Material: ABS<br \/> Peso: Aprox.290 g\/10,2 oz<br \/> Longitud: aprox.25,5 cm\/10,0 pulgadas<br \/> Tipo de bater\u00eda: 2 pilas secas AA (no incluidas)<br \/> Tipo de tarjeta de almacenamiento: Tarjeta de memoria peque\u00f1a que no exceda los 32 GB (no incluida)<br \/> Calidad de escaneo: 300&#215;300\/600&#215;600\/900x900dpi<br \/> Formato de archivo: PDF\/JPG<br \/> Versi\u00f3n USB: 2.0<br \/> Tama\u00f1o de escaneo:8,27 pulgadas<\/p>\n<p> C\u00f3mo utilizar:<br \/> Coloque la bater\u00eda (no incluida), inserte la tarjeta de memoria (no incluida), mantenga presionados los botones de encendido\u200b Encienda 3S, seleccione el tipo de archivo almacenado y la calidad del escaneo, presione brevemente los botones de encendido\u200b para escanear, el escaneo se completa, presione brevemente los botones de encendido\u200b nuevamente para finalizar el escaneo, el archivo se almacenar\u00e1 autom\u00e1ticamente en la tarjeta de memoria<\/p>\n<p> Lista de Empaque:<br \/> 1 x esc\u00e1ner<br \/> 1 x datosCable<br \/> 2 x Manual de instrucciones<br \/> 1 x Bolsa de almacenamiento<br \/> 1 x CD<br \/> 1 x Pa\u00f1o de limpieza<br \/><\/span>    <br \/> Package Dimensions                                            \u200f                                            :                                            \u200e                                            31 x 10 x 5 cm; 290 g   <br \/> Manufacturer                                            \u200f                                            :                                            \u200e                                            TIKATARER   <br \/> ASIN                                            \u200f                                            :                                            \u200e                                            B0GMXTP2N2   <br \/> Item model number                                            \u200f                                            :                                            \u200e                                            TIKATARER9f6rixnhb8-11   <br \/> Country\/Region of Origin                                            \u200f                                            :                                            \u200e                                            China   <br \/> Guaranteed software updates until                                            \u200f                                            :                                            \u200e                                            unknown   <\/p>\n<p>[Escaneo n\u00edtido] Experimente una claridad sorprendente con la alta resoluci\u00f3n de 900 ppp de nuestro esc\u00e1ner port\u00e1til.cada detalle se captura con precisi\u00f3n, ya sea escaneando documentos o fotograf\u00edas vibrantes.La tecnolog\u00eda avanzada garantiza una reproducci\u00f3n precisa del color e im\u00e1genes realistas, lo que la hace perfecta tanto para los aficionados.<br \/>[Compacto y apto para viajes] Con unas medidas de s\u00f3lo 25,5 cm, este esc\u00e1ner cabe f\u00e1cilmente en cualquier bolso.su dise\u00f1o elegante y su estructura liviana lo convierten en el compa\u00f1ero perfecto para viajes de negocios y necesidades de escaneo m\u00f3vil.disfrute de un escaneo de alto rendimiento dondequiera que vaya sin comprometer la calidad o la comodidad.<br \/>[Portabilidad] Dise\u00f1ado para su comodidad, este esc\u00e1ner liviano est\u00e1 listo para usar en segundos.simplemente inserte las bater\u00edas y la tarjeta de memoria, enci\u00e9ndalo y comience a escanear.gracias a su compatibilidad con el tama\u00f1o a4, admite la mayor\u00eda de los documentos y fotograf\u00edas, lo que lo hace ideal para profesionales en movimiento.<br \/>[Amplia capacidad de almacenamiento] El esc\u00e1ner admite tarjetas de memoria peque\u00f1as de hasta 32 GB, lo que proporciona un amplio espacio para todos sus archivos.No m\u00e1s intercambios frecuentes de tarjetas, simplemente con\u00e9ctese mediante un cable USB para transferir los escaneos a su computadora.esta perfecta integraci\u00f3n ahorra tiempo y mejora la productividad de los usuarios ocupados.<br \/>[Formatos de archivo flexibles] Guarde sus escaneos en formato pdf o jpg para satisfacer sus necesidades.Esta caracter\u00edstica vers\u00e1til le permite crear documentos editables o conservar fotograf\u00edas en buena calidad.Ya sea para presentaciones de trabajo o archivos personales, nuestro esc\u00e1ner se adapta sin esfuerzo a sus necesidades.<\/p>\n\n","protected":false},"excerpt":{"rendered":"<p> Especificaciones: Tipo de art\u00edculo: Esc\u00e1ner de documentos port\u00e1til Material: ABS Peso: Aprox.290 g\/10,2 oz Longitud:<\/p>","protected":false},"featured_media":36605,"comment_status":"open","ping_status":"closed","template":"","meta":[],"product_brand":[],"product_cat":[60],"product_tag":[4658,1990,201,3994,1982,7716,7551,1989,1983,8309,4819,1986,6588,1987,10647,3954,6244,1984,1985,4217,6363,8303,1991,366,5783,10646,1988],"class_list":{"0":"post-36604","1":"product","2":"type-product","3":"status-publish","4":"has-post-thumbnail","6":"product_cat-scanners","7":"product_tag-alta","8":"product_tag-best-scanner","9":"product_tag-compatible","10":"product_tag-con","11":"product_tag-document-scanner","12":"product_tag-documentos","13":"product_tag-escaner","14":"product_tag-fast-document-scanner","15":"product_tag-flatbed-scanner","16":"product_tag-formato","17":"product_tag-fotos","18":"product_tag-high-resolution-scanner","19":"product_tag-jpg","20":"product_tag-office-scanner","21":"product_tag-paginas","22":"product_tag-para","23":"product_tag-pdf","24":"product_tag-photo-scanner","25":"product_tag-portable-scanner","26":"product_tag-portatil","27":"product_tag-ppp","28":"product_tag-resolucion","29":"product_tag-scanner-price","30":"product_tag-silver","31":"product_tag-tarjeta","32":"product_tag-textos","33":"product_tag-usb-scanner","35":"first","36":"instock","37":"shipping-taxable","38":"product-type-external"},"_links":{"self":[{"href":"https:\/\/comprasyconsejos.store\/en\/wp-json\/wp\/v2\/product\/36604","targetHints":{"allow":["GET"]}}],"collection":[{"href":"https:\/\/comprasyconsejos.store\/en\/wp-json\/wp\/v2\/product"}],"about":[{"href":"https:\/\/comprasyconsejos.store\/en\/wp-json\/wp\/v2\/types\/product"}],"replies":[{"embeddable":true,"href":"https:\/\/comprasyconsejos.store\/en\/wp-json\/wp\/v2\/comments?post=36604"}],"version-history":[{"count":0,"href":"https:\/\/comprasyconsejos.store\/en\/wp-json\/wp\/v2\/product\/36604\/revisions"}],"wp:featuredmedia":[{"embeddable":true,"href":"https:\/\/comprasyconsejos.store\/en\/wp-json\/wp\/v2\/media\/36605"}],"wp:attachment":[{"href":"https:\/\/comprasyconsejos.store\/en\/wp-json\/wp\/v2\/media?parent=36604"}],"wp:term":[{"taxonomy":"product_brand","embeddable":true,"href":"https:\/\/comprasyconsejos.store\/en\/wp-json\/wp\/v2\/product_brand?post=36604"},{"taxonomy":"product_cat","embeddable":true,"href":"https:\/\/comprasyconsejos.store\/en\/wp-json\/wp\/v2\/product_cat?post=36604"},{"taxonomy":"product_tag","embeddable":true,"href":"https:\/\/comprasyconsejos.store\/en\/wp-json\/wp\/v2\/product_tag?post=36604"}],"curies":[{"name":"wp","href":"https:\/\/api.w.org\/{rel}","templated":true}]}}