{"id":36607,"date":"2026-03-01T16:08:41","date_gmt":"2026-03-01T16:08:41","guid":{"rendered":"https:\/\/comprasyconsejos.store\/product\/brother-dcpl2620dw-impresora-multifuncion-3-en-1-laser-monocromo-wifi-con-impresion-automatica-a-doble-cara\/"},"modified":"2026-03-01T16:08:42","modified_gmt":"2026-03-01T16:08:42","slug":"brother-dcpl2620dw-impresora-multifuncion-3-en-1-laser-monocromo-wifi-con-impresion-automatica-a-doble-cara","status":"publish","type":"product","link":"https:\/\/comprasyconsejos.store\/en\/product\/brother-dcpl2620dw-impresora-multifuncion-3-en-1-laser-monocromo-wifi-con-impresion-automatica-a-doble-cara\/","title":{"rendered":"Brother DCPL2620DW, Impresora multifunci\u00f3n 3 en 1 l\u00e1ser monocromo WiFi con impresi\u00f3n autom\u00e1tica a doble cara"},"content":{"rendered":"<p>Price: <span style=\"color:#b12704\"><del>\u20ac176.00<\/del> - \u20ac165.53<\/span><br \/><i><small>(as of Mar 01, 2026 16:08:41 UTC &#8211; <span class=\"wp_automatic_amazon_disclaimer\" title=\"Product prices and availability are accurate as of the date\/time indicated and are subject to change. Any price and availability information displayed on [relevant Amazon Site(s), as applicable] at the time of purchase will apply to the purchase of this product.\">Details<\/span>)<\/small><\/i><\/p>\n<p><a href=\"https:\/\/amazon.es\/dp\/B0CK2TN13B?tag=man008-21\"><img decoding=\"async\" src=\"https:\/\/valvepress.s3.amazonaws.com\/imgs\/buy_now.png\"><\/a><br \/>\n<\/p>\n<p>                                             From the brand   <\/p>\n<p>                                              <img decoding=\"async\" alt=\"Soluciones de Brother en el mercado de la impresi\u00f3n\" src=\"https:\/\/images-na.ssl-images-amazon.com\/images\/G\/01\/x-locale\/common\/grey-pixel.gif\" class=\"a-lazy-loaded\" data-src=\"https:\/\/m.media-amazon.com\/images\/S\/aplus-media-library-service-media\/8c3e9233-2530-41f5-b4aa-24e486e1d3a0.__CR0,0,1464,625_PT0_SX1464_V1___.jpg\"><img decoding=\"async\" alt=\"Soluciones de Brother en el mercado de la impresi\u00f3n\" src=\"https:\/\/m.media-amazon.com\/images\/S\/aplus-media-library-service-media\/8c3e9233-2530-41f5-b4aa-24e486e1d3a0.__CR0,0,1464,625_PT0_SX1464_V1___.jpg\">  <\/p>\n<p>                                                         \u00bfPor qu\u00e9 estamos orgullosos de lo que hacemos?                                       <\/p>\n<p> Brother Group lleva m\u00e1s de 110 a\u00f1os \u00abAt your side\u00bb. Nuestro objetivo es establecer un contacto real con clientes de todo el mundo <\/p>\n<p>                                                         \u00bfCu\u00e1l es el compromiso con el medio ambiente?                                       <\/p>\n<p> La sostenibilidad est\u00e1 arraigada en la visa ambiental de Brother. <\/p>\n<p> Estamos comprometidos a producir productos cada vez m\u00e1s sostenibles protegiendo nuestro planeta y apoyando a nuestros empleados <\/p>\n<p>                                                         \u00bfQu\u00e9 ofrece Brother?                                       <\/p>\n<p> Impresoras, equipos multifunci\u00f3n, esc\u00e1neres y etiquetadoras: la elecci\u00f3n ideal para cualquier necesidad, desde el trabajo profesional hasta las necesidades diarias de la casa <\/p>\n<p>                                              <img decoding=\"async\" alt=\"\" src=\"https:\/\/images-na.ssl-images-amazon.com\/images\/G\/01\/x-locale\/common\/grey-pixel.gif\" class=\"a-lazy-loaded\" data-src=\"https:\/\/m.media-amazon.com\/images\/S\/aplus-media-library-service-media\/146224ee-04cd-4654-983d-ef50b895359d.__CR0,136,1184,545_PT0_SX315_V1___.jpg\"><img decoding=\"async\" alt=\"\" src=\"https:\/\/m.media-amazon.com\/images\/S\/aplus-media-library-service-media\/146224ee-04cd-4654-983d-ef50b895359d.__CR0,136,1184,545_PT0_SX315_V1___.jpg\">  <\/p>\n<p> \u00abAt your side\u00bb es el centro de lo que hacemos. Desarrollamos productos, servicios y soluciones para satisfacer sus necesidades en el hogar y en el trabajo. <\/p>\n<p> Utilizamos las \u00faltimas e innovadoras tecnolog\u00edas para garantizar que todos nuestros clientes reciban productos y soluciones de alta calidad. <\/p>\n<p> Desde el dise\u00f1o hasta el uso en cada etapa del ciclo de vida del producto, el impacto ambiental se minimiza sin comprometer la calidad del producto. <\/p>\n<p> Is discontinued by manufacturer                                            \u200f                                            :                                            \u200e                                            No   <br \/> Language                                            \u200f                                            :                                            \u200e                                            German   <br \/> Product Dimensions                                            \u200f                                            :                                            \u200e                                            41 x 39.9 x 27.2 cm; 10.1 kg   <br \/> Manufacturer                                            \u200f                                            :                                            \u200e                                            Brother   <br \/> ASIN                                            \u200f                                            :                                            \u200e                                            B0CK2TN13B   <br \/> Item model number                                            \u200f                                            :                                            \u200e                                            DCPL2620DW   <br \/> Guaranteed software updates until                                            \u200f                                            :                                            \u200e                                            unknown   <br \/>  Customer reviews:                                                                                            4.5               4.5 out of 5 stars                                  (968)                                              var dpAcrHasRegisteredArcLinkClickAction;                    P.when(&#8216;A&#8217;, &#8216;ready&#8217;).execute(function(A) {                        if (dpAcrHasRegisteredArcLinkClickAction !== true) {                            dpAcrHasRegisteredArcLinkClickAction = true;                            A.declarative(                                &#8216;acrLink-click-metrics&#8217;, &#8216;click&#8217;,                                { \u00aballowLinkDefault\u00bb: true },                                function (event) {                                    if (window.ue) {                                        ue.count(\u00abacrLinkClickCount\u00bb, (ue.count(\u00abacrLinkClickCount\u00bb) || 0) + 1);                                    }                                }                            );                        }                    });                                             P.when(&#8216;A&#8217;, &#8216;cf&#8217;).execute(function(A) {                A.declarative(&#8216;acrStarsLink-click-metrics&#8217;, &#8216;click&#8217;, { \u00aballowLinkDefault\u00bb : true },  function(event){                    if(window.ue) {                        ue.count(\u00abacrStarsLinkWithPopoverClickCount\u00bb, (ue.count(\u00abacrStarsLinkWithPopoverClickCount\u00bb) || 0) + 1);                    }                });            });                          <\/p>\n<p>Print speed up to 32ppm<br \/>Automatic double-sided printing<br \/>2.7 inch color LED display<br \/>WiFi 5GHz, Wi-Fi Direct and mobile connection<br \/>128 MB internal memory<\/p>\n\n","protected":false},"excerpt":{"rendered":"<p> From the brand \u00bfPor qu\u00e9 estamos orgullosos de lo que hacemos? Brother Group lleva m\u00e1s<\/p>","protected":false},"featured_media":36608,"comment_status":"open","ping_status":"closed","template":"","meta":[],"product_brand":[],"product_cat":[58],"product_tag":[5523,1973,1967,1956,1975,5524,1968,3994,10648,4111,1972,1971,5522,5519,1978,1964,1974,5521,5520,1970,543,1969],"class_list":{"0":"post-36607","1":"product","2":"type-product","3":"status-publish","4":"has-post-thumbnail","6":"product_cat-laser-printers","7":"product_tag-automatica","8":"product_tag-best-laser-printer","9":"product_tag-black-and-white-laser-printer","10":"product_tag-brother","11":"product_tag-business-laser-printer","12":"product_tag-cara","13":"product_tag-color-laser-printer","14":"product_tag-con","15":"product_tag-dcpl2620dw","16":"product_tag-doble","17":"product_tag-duplex-laser-printer","18":"product_tag-fast-laser-printer","19":"product_tag-impresion","20":"product_tag-impresora","21":"product_tag-laser","22":"product_tag-laser-printer","23":"product_tag-laser-printer-price","24":"product_tag-monocromo","25":"product_tag-multifuncion","26":"product_tag-office-laser-printer","27":"product_tag-wifi","28":"product_tag-wireless-laser-printer","30":"first","31":"instock","32":"sale","33":"shipping-taxable","34":"product-type-external"},"_links":{"self":[{"href":"https:\/\/comprasyconsejos.store\/en\/wp-json\/wp\/v2\/product\/36607","targetHints":{"allow":["GET"]}}],"collection":[{"href":"https:\/\/comprasyconsejos.store\/en\/wp-json\/wp\/v2\/product"}],"about":[{"href":"https:\/\/comprasyconsejos.store\/en\/wp-json\/wp\/v2\/types\/product"}],"replies":[{"embeddable":true,"href":"https:\/\/comprasyconsejos.store\/en\/wp-json\/wp\/v2\/comments?post=36607"}],"version-history":[{"count":0,"href":"https:\/\/comprasyconsejos.store\/en\/wp-json\/wp\/v2\/product\/36607\/revisions"}],"wp:featuredmedia":[{"embeddable":true,"href":"https:\/\/comprasyconsejos.store\/en\/wp-json\/wp\/v2\/media\/36608"}],"wp:attachment":[{"href":"https:\/\/comprasyconsejos.store\/en\/wp-json\/wp\/v2\/media?parent=36607"}],"wp:term":[{"taxonomy":"product_brand","embeddable":true,"href":"https:\/\/comprasyconsejos.store\/en\/wp-json\/wp\/v2\/product_brand?post=36607"},{"taxonomy":"product_cat","embeddable":true,"href":"https:\/\/comprasyconsejos.store\/en\/wp-json\/wp\/v2\/product_cat?post=36607"},{"taxonomy":"product_tag","embeddable":true,"href":"https:\/\/comprasyconsejos.store\/en\/wp-json\/wp\/v2\/product_tag?post=36607"}],"curies":[{"name":"wp","href":"https:\/\/api.w.org\/{rel}","templated":true}]}}