{"id":36610,"date":"2026-03-01T16:09:48","date_gmt":"2026-03-01T16:09:48","guid":{"rendered":"https:\/\/comprasyconsejos.store\/product\/12-7mm-portable-inkjet-printer-quick-dry-portable-inkjet-printer-with-4-3-inch-touch-screen-printer-gun\/"},"modified":"2026-03-01T16:09:49","modified_gmt":"2026-03-01T16:09:49","slug":"12-7mm-portable-inkjet-printer-quick-dry-portable-inkjet-printer-with-4-3-inch-touch-screen-printer-gun","status":"publish","type":"product","link":"https:\/\/comprasyconsejos.store\/en\/product\/12-7mm-portable-inkjet-printer-quick-dry-portable-inkjet-printer-with-4-3-inch-touch-screen-printer-gun\/","title":{"rendered":"12.7mm Portable Inkjet Printer, Quick Dry Portable Inkjet Printer with 4.3 Inch Touch Screen, Printer Gun"},"content":{"rendered":"<p>Price: <span style=\"color:#b12704\">\u20ac139.70<\/span><br \/><i><small>(as of Mar 01, 2026 16:09:48 UTC &#8211; <span class=\"wp_automatic_amazon_disclaimer\" title=\"Product prices and availability are accurate as of the date\/time indicated and are subject to change. Any price and availability information displayed on [relevant Amazon Site(s), as applicable] at the time of purchase will apply to the purchase of this product.\">Details<\/span>)<\/small><\/i><\/p>\n<p><a href=\"https:\/\/amazon.es\/dp\/B0DNN9PV3M?tag=man008-21\"><img decoding=\"async\" src=\"https:\/\/valvepress.s3.amazonaws.com\/imgs\/buy_now.png\"><\/a><br \/>\n<\/p>\n<p>                                             Product Description   <\/p>\n<p>                                                                             <img decoding=\"async\" alt=\"con pantalla t\u00e1ctil LED de 4,3 pulgadas, que se muestra en uso en un almac\u00e9n. El dispositivo cuenta con tinta de secado r\u00e1pido y capacidad de impresi\u00f3n de 12,7 mm.\" src=\"https:\/\/images-na.ssl-images-amazon.com\/images\/G\/01\/x-locale\/common\/grey-pixel.gif\" class=\"a-spacing-base a-lazy-loaded\" data-src=\"https:\/\/m.media-amazon.com\/images\/S\/aplus-media-library-service-media\/82718c78-f86c-432f-8425-1aec6ac8ead8.__CR0,0,970,600_PT0_SX970_V1___.jpg\"><img decoding=\"async\" alt=\"con pantalla t\u00e1ctil LED de 4,3 pulgadas, que se muestra en uso en un almac\u00e9n. El dispositivo cuenta con tinta de secado r\u00e1pido y capacidad de impresi\u00f3n de 12,7 mm.\" src=\"https:\/\/m.media-amazon.com\/images\/S\/aplus-media-library-service-media\/82718c78-f86c-432f-8425-1aec6ac8ead8.__CR0,0,970,600_PT0_SX970_V1___.jpg\">                                                                    <\/p>\n<p>                                                                             <img decoding=\"async\" alt=\"en uso, que imprime texto negro grande sobre una superficie blanca. El dispositivo tiene una pantalla que muestra la configuraci\u00f3n de impresi\u00f3n y un bot\u00f3n rojo en\" src=\"https:\/\/images-na.ssl-images-amazon.com\/images\/G\/01\/x-locale\/common\/grey-pixel.gif\" class=\"a-spacing-base a-lazy-loaded\" data-src=\"https:\/\/m.media-amazon.com\/images\/S\/aplus-media-library-service-media\/6ab0233e-f83e-4656-af0f-f8d92727370b.__CR0,0,970,600_PT0_SX970_V1___.jpg\"><img decoding=\"async\" alt=\"en uso, que imprime texto negro grande sobre una superficie blanca. El dispositivo tiene una pantalla que muestra la configuraci\u00f3n de impresi\u00f3n y un bot\u00f3n rojo en\" src=\"https:\/\/m.media-amazon.com\/images\/S\/aplus-media-library-service-media\/6ab0233e-f83e-4656-af0f-f8d92727370b.__CR0,0,970,600_PT0_SX970_V1___.jpg\">                                                                    <\/p>\n<p>                                                                             <img decoding=\"async\" alt=\"Dispositivo port\u00e1til con pantalla que muestra texto biling\u00fce en chino e ingl\u00e9s. Muestra la \u00abCODIFICACI\u00d3N INGLESA\u00bb y la fecha de fabricaci\u00f3n. El dispositivo tiene un mango con empu\u00f1adura de pistola y parece ser una impresora o etiquetadora\" src=\"https:\/\/images-na.ssl-images-amazon.com\/images\/G\/01\/x-locale\/common\/grey-pixel.gif\" class=\"a-spacing-base a-lazy-loaded\" data-src=\"https:\/\/m.media-amazon.com\/images\/S\/aplus-media-library-service-media\/f070a7df-65ad-4268-a064-4d9a00eaed74.__CR0,0,970,600_PT0_SX970_V1___.jpg\"><img decoding=\"async\" alt=\"Dispositivo port\u00e1til con pantalla que muestra texto biling\u00fce en chino e ingl\u00e9s. Muestra la \u00abCODIFICACI\u00d3N INGLESA\u00bb y la fecha de fabricaci\u00f3n. El dispositivo tiene un mango con empu\u00f1adura de pistola y parece ser una impresora o etiquetadora\" src=\"https:\/\/m.media-amazon.com\/images\/S\/aplus-media-library-service-media\/f070a7df-65ad-4268-a064-4d9a00eaed74.__CR0,0,970,600_PT0_SX970_V1___.jpg\">                                                                    <\/p>\n<p>                                                                             <img decoding=\"async\" alt=\"de pantalla t\u00e1ctil HD que muestra una interfaz con iconos para imprimir, usar dispositivos m\u00f3viles, editar y tirar a la papelera. Se muestra la mano interactuando con una pantalla con bordes azules que muestra las herramientas de medici\u00f3n\" src=\"https:\/\/images-na.ssl-images-amazon.com\/images\/G\/01\/x-locale\/common\/grey-pixel.gif\" class=\"a-spacing-base a-lazy-loaded\" data-src=\"https:\/\/m.media-amazon.com\/images\/S\/aplus-media-library-service-media\/3ca62c22-db0a-4d47-9b87-162ee0924711.__CR0,0,970,600_PT0_SX970_V1___.jpg\"><img decoding=\"async\" alt=\"de pantalla t\u00e1ctil HD que muestra una interfaz con iconos para imprimir, usar dispositivos m\u00f3viles, editar y tirar a la papelera. Se muestra la mano interactuando con una pantalla con bordes azules que muestra las herramientas de medici\u00f3n\" src=\"https:\/\/m.media-amazon.com\/images\/S\/aplus-media-library-service-media\/3ca62c22-db0a-4d47-9b87-162ee0924711.__CR0,0,970,600_PT0_SX970_V1___.jpg\">                                                                    <\/p>\n<p>                                                                             <img decoding=\"async\" alt=\"Dispositivo port\u00e1til que escanea c\u00f3digos de barras en cajas de cart\u00f3n en un almac\u00e9n. La pantalla muestra una interfaz colorida. El texto enumera el contenido y los materiales imprimibles para aplicaciones de etiquetado industrial\" src=\"https:\/\/images-na.ssl-images-amazon.com\/images\/G\/01\/x-locale\/common\/grey-pixel.gif\" class=\"a-spacing-base a-lazy-loaded\" data-src=\"https:\/\/m.media-amazon.com\/images\/S\/aplus-media-library-service-media\/d124e96e-1a44-4d3c-9a98-17d1d031fc08.__CR0,0,970,600_PT0_SX970_V1___.jpg\"><img decoding=\"async\" alt=\"Dispositivo port\u00e1til que escanea c\u00f3digos de barras en cajas de cart\u00f3n en un almac\u00e9n. La pantalla muestra una interfaz colorida. El texto enumera el contenido y los materiales imprimibles para aplicaciones de etiquetado industrial\" src=\"https:\/\/m.media-amazon.com\/images\/S\/aplus-media-library-service-media\/d124e96e-1a44-4d3c-9a98-17d1d031fc08.__CR0,0,970,600_PT0_SX970_V1___.jpg\">                                                                    <\/p>\n<p>                                                                             <img decoding=\"async\" alt=\"Interfaz de pantalla t\u00e1ctil que muestra iconos coloridos para funciones de documentos, calendario, n\u00fameros, im\u00e1genes, c\u00f3digos de barras y entrada de datos. Muestra la fecha y la hora: 25\/07\/2021 12:49:56. El texto describe\" src=\"https:\/\/images-na.ssl-images-amazon.com\/images\/G\/01\/x-locale\/common\/grey-pixel.gif\" class=\"a-spacing-base a-lazy-loaded\" data-src=\"https:\/\/m.media-amazon.com\/images\/S\/aplus-media-library-service-media\/4153cb37-3829-46b2-9fc5-3a9a9ad56207.__CR0,0,970,600_PT0_SX970_V1___.jpg\"><img decoding=\"async\" alt=\"Interfaz de pantalla t\u00e1ctil que muestra iconos coloridos para funciones de documentos, calendario, n\u00fameros, im\u00e1genes, c\u00f3digos de barras y entrada de datos. Muestra la fecha y la hora: 25\/07\/2021 12:49:56. El texto describe\" src=\"https:\/\/m.media-amazon.com\/images\/S\/aplus-media-library-service-media\/4153cb37-3829-46b2-9fc5-3a9a9ad56207.__CR0,0,970,600_PT0_SX970_V1___.jpg\">                                                                    <\/p>\n<p>                                                                             <img decoding=\"async\" alt=\"con pantalla t\u00e1ctil a color, junto con ejemplos de sus capacidades de impresi\u00f3n en diversas superficies, como piel, metal y materiales de embalaje\" src=\"https:\/\/images-na.ssl-images-amazon.com\/images\/G\/01\/x-locale\/common\/grey-pixel.gif\" class=\"a-spacing-base a-lazy-loaded\" data-src=\"https:\/\/m.media-amazon.com\/images\/S\/aplus-media-library-service-media\/9ca1a5d9-b636-4a72-8fa2-017eda12197d.__CR0,0,970,600_PT0_SX970_V1___.jpg\"><img decoding=\"async\" alt=\"con pantalla t\u00e1ctil a color, junto con ejemplos de sus capacidades de impresi\u00f3n en diversas superficies, como piel, metal y materiales de embalaje\" src=\"https:\/\/m.media-amazon.com\/images\/S\/aplus-media-library-service-media\/9ca1a5d9-b636-4a72-8fa2-017eda12197d.__CR0,0,970,600_PT0_SX970_V1___.jpg\">                                                                     <\/p>\n<p class=\"a-spacing-base\">\n<p> Especificaciones  Material: ABS  Bater\u00eda de impresora: 1 x li-(1500 mAh) (con bater\u00eda integrada)  Interfaz externo: Tipo de C-interfaz, interfaz fotoel\u00e9ctrico  Contenido de impresi\u00f3n: Fecha, n\u00famero Batch Number, SERATI  Altura de impresi\u00f3n: aprox. 2 a 12.7 mm\/0.08 a 0.5 pulgadas ajustables  Precisi\u00f3n de impresi\u00f3n: 300 a 600 dpi ajustables ajustables  Idioma: biling\u00fce en chino e ingl\u00e9s  Interfaz externo: USB, 3.5 mm de interfaz  operativo: RTOS integrado  Tipo de tint\u00e9n: Basado en aceite, tinta UV, 42 ml de cartucho de intenci\u00f3n  Contenido de impresi\u00f3n: caracteres chinos e ingleses, c\u00f3digo QR din\u00e1mico, c\u00f3digo de barras, gr\u00e1ficos, n\u00famero de serie, fecha, base de datos variable, etc.  Material imprimible: cart\u00f3n de cartulina, pl\u00e1stico, tuber\u00eda, pipa, piedra, cable, cable, medicamentos, medicamentos, medicamentos, alimentos, medicamentos de alimentaci\u00f3n,  Alcance de entrega: 1 x impresora, 1 x cartucho de tinta, 1 x cable USB, 1 x dispositivo de impresi\u00f3n, 1 x stylus      <\/p>\n<p> Product Dimensions                                            \u200f                                            :                                            \u200e                                            27 x 16 x 12 cm; 802 g   <br \/> Manufacturer                                            \u200f                                            :                                            \u200e                                            Topiky   <br \/> ASIN                                            \u200f                                            :                                            \u200e                                            B0DNN9PV3M   <br \/> Item model number                                            \u200f                                            :                                            \u200e                                            Topikydvensfk3xa   <br \/> Country\/Region of Origin                                            \u200f                                            :                                            \u200e                                            China   <br \/> Guaranteed software updates until                                            \u200f                                            :                                            \u200e                                            unknown   <br \/>  Customer reviews:                                                                                            1.0               1.0 out of 5 stars                                  (1)                                              var dpAcrHasRegisteredArcLinkClickAction;                    P.when(&#8216;A&#8217;, &#8216;ready&#8217;).execute(function(A) {                        if (dpAcrHasRegisteredArcLinkClickAction !== true) {                            dpAcrHasRegisteredArcLinkClickAction = true;                            A.declarative(                                &#8216;acrLink-click-metrics&#8217;, &#8216;click&#8217;,                                { \u00aballowLinkDefault\u00bb: true },                                function (event) {                                    if (window.ue) {                                        ue.count(\u00abacrLinkClickCount\u00bb, (ue.count(\u00abacrLinkClickCount\u00bb) || 0) + 1);                                    }                                }                            );                        }                    });                                             P.when(&#8216;A&#8217;, &#8216;cf&#8217;).execute(function(A) {                A.declarative(&#8216;acrStarsLink-click-metrics&#8217;, &#8216;click&#8217;, { \u00aballowLinkDefault\u00bb : true },  function(event){                    if(window.ue) {                        ue.count(\u00abacrStarsLinkWithPopoverClickCount\u00bb, (ue.count(\u00abacrStarsLinkWithPopoverClickCount\u00bb) || 0) + 1);                    }                });            });                          <\/p>\n<p>4. Ergonomic handle for comfort: Experience unprecedented comfort with the printer&#8217;s unique ergonomic handle that ensures a comfortable grip during extended use.<br \/>3. PORTABLE &#038; VERSATILE PRINTING &#8211; This portable inkjet printer meets various printing needs including text, numbers, symbols, QR codes, barcodes, pictures, time, date, labels, on materials such as wood, acrylic, fabric, leather and more.<br \/>2. 4 Core CPU with Large Battery: Equipped with a 4-core intelligent CPU and a high-capacity battery, the portable inkjet printer ensures stable and continuous performance.<br \/>5. Versatile Applications: Suitable for printing expiration dates on food packaging in grocery stores, labeling merchandise in warehouses, creating custom labels on promotional materials in marketing agencies, and marking identification codes on items in logistics companies, this portable printer is a versatile solution for various industries and business needs.<br \/>1. 4.3&#8243; Crystal Clear LED Touchscreen &#8211; Enjoy a smartphone-like user experience with an intuitive user interface design on the HD LED touch screen for effortless performance.<\/p>\n\n","protected":false},"excerpt":{"rendered":"<p> Product Description Especificaciones Material: ABS Bater\u00eda de impresora: 1 x li-(1500 mAh) (con bater\u00eda integrada)<\/p>","protected":false},"featured_media":36611,"comment_status":"open","ping_status":"closed","template":"","meta":[],"product_brand":[],"product_cat":[57],"product_tag":[6463,2140,2134,2126,7747,5206,2129,584,1953,1961,2145,2142,2143,2132,290,1962,301,842,515,2136],"class_list":{"0":"post-36610","1":"product","2":"type-product","3":"status-publish","4":"has-post-thumbnail","6":"product_cat-inkjet-printers","7":"product_tag-12-7mm","8":"product_tag-best-inkjet-printer","9":"product_tag-cheap-inkjet-printer","10":"product_tag-color-inkjet-printer","11":"product_tag-dry","12":"product_tag-gun","13":"product_tag-home-inkjet-printer","14":"product_tag-inch","15":"product_tag-ink-tank-printer","16":"product_tag-inkjet","17":"product_tag-inkjet-printer","18":"product_tag-inkjet-printer-price","19":"product_tag-office-inkjet-printer","20":"product_tag-photo-inkjet-printer","21":"product_tag-portable","22":"product_tag-printer","23":"product_tag-quick","24":"product_tag-screen","25":"product_tag-touch","26":"product_tag-wireless-inkjet-printer","28":"first","29":"instock","30":"shipping-taxable","31":"product-type-external"},"_links":{"self":[{"href":"https:\/\/comprasyconsejos.store\/en\/wp-json\/wp\/v2\/product\/36610","targetHints":{"allow":["GET"]}}],"collection":[{"href":"https:\/\/comprasyconsejos.store\/en\/wp-json\/wp\/v2\/product"}],"about":[{"href":"https:\/\/comprasyconsejos.store\/en\/wp-json\/wp\/v2\/types\/product"}],"replies":[{"embeddable":true,"href":"https:\/\/comprasyconsejos.store\/en\/wp-json\/wp\/v2\/comments?post=36610"}],"version-history":[{"count":0,"href":"https:\/\/comprasyconsejos.store\/en\/wp-json\/wp\/v2\/product\/36610\/revisions"}],"wp:featuredmedia":[{"embeddable":true,"href":"https:\/\/comprasyconsejos.store\/en\/wp-json\/wp\/v2\/media\/36611"}],"wp:attachment":[{"href":"https:\/\/comprasyconsejos.store\/en\/wp-json\/wp\/v2\/media?parent=36610"}],"wp:term":[{"taxonomy":"product_brand","embeddable":true,"href":"https:\/\/comprasyconsejos.store\/en\/wp-json\/wp\/v2\/product_brand?post=36610"},{"taxonomy":"product_cat","embeddable":true,"href":"https:\/\/comprasyconsejos.store\/en\/wp-json\/wp\/v2\/product_cat?post=36610"},{"taxonomy":"product_tag","embeddable":true,"href":"https:\/\/comprasyconsejos.store\/en\/wp-json\/wp\/v2\/product_tag?post=36610"}],"curies":[{"name":"wp","href":"https:\/\/api.w.org\/{rel}","templated":true}]}}