{"id":36633,"date":"2026-03-01T16:26:16","date_gmt":"2026-03-01T16:26:16","guid":{"rendered":"https:\/\/comprasyconsejos.store\/product\/doogee-note-56-mobile-phone-android-16-6150mah-silicon-anode-battery-6-56-hd-ips-90hz-octa-core-24gb64gb-smartphone-8mp-body-8-48mm-phone-face-id-otg-gps-dual-sim-4g-mobile\/"},"modified":"2026-03-01T16:26:20","modified_gmt":"2026-03-01T16:26:20","slug":"doogee-note-56-mobile-phone-android-16-6150mah-silicon-anode-battery-6-56-hd-ips-90hz-octa-core-24gb64gb-smartphone-8mp-body-8-48mm-phone-face-id-otg-gps-dual-sim-4g-mobile","status":"publish","type":"product","link":"https:\/\/comprasyconsejos.store\/en\/product\/doogee-note-56-mobile-phone-android-16-6150mah-silicon-anode-battery-6-56-hd-ips-90hz-octa-core-24gb64gb-smartphone-8mp-body-8-48mm-phone-face-id-otg-gps-dual-sim-4g-mobile\/","title":{"rendered":"DOOGEE Note 56 Mobile Phone Android 16, 6150mAh Silicon Anode Battery, 6.56&#8243; HD+ IPS 90Hz, Octa Core 24GB+64GB Smartphone, 8MP, Body 8.48mm Phone, Face ID\/OTG\/GPS\/Dual SIM 4G Mobile"},"content":{"rendered":"<p>Price: <span style=\"color:#b12704\"><del>\u20ac119.99<\/del> - \u20ac84.99<\/span><br \/><i><small>(as of Mar 01, 2026 16:26:16 UTC &#8211; <span class=\"wp_automatic_amazon_disclaimer\" title=\"Product prices and availability are accurate as of the date\/time indicated and are subject to change. Any price and availability information displayed on [relevant Amazon Site(s), as applicable] at the time of purchase will apply to the purchase of this product.\">Details<\/span>)<\/small><\/i><\/p>\n<p><a href=\"https:\/\/amazon.es\/dp\/B0FQ2RSQ41?tag=man008-21\"><img decoding=\"async\" src=\"https:\/\/valvepress.s3.amazonaws.com\/imgs\/buy_now.png\"><\/a><br \/>\n<\/p>\n<p>                                             Product Description   <\/p>\n<p>                                                                                                       <img decoding=\"async\" alt=\"El texto dice \u00abDOOGEE Note 56\u00bb. Varias vistas de un smartphone que muestran sus caracter\u00edsticas de dise\u00f1o, incluida la configuraci\u00f3n de la pantalla y la c\u00e1mara sobre un fondo blanco.\" src=\"https:\/\/images-na.ssl-images-amazon.com\/images\/G\/01\/x-locale\/common\/grey-pixel.gif\" class=\"a-lazy-loaded\" data-src=\"https:\/\/m.media-amazon.com\/images\/S\/aplus-media-library-service-media\/be26e6ee-fe46-41fb-978f-ecf92e8384a7.__CR0,0,1464,600_PT0_SX1464_V1___.jpg\"><img decoding=\"async\" alt=\"El texto dice \u00abDOOGEE Note 56\u00bb. Varias vistas de un smartphone que muestran sus caracter\u00edsticas de dise\u00f1o, incluida la configuraci\u00f3n de la pantalla y la c\u00e1mara sobre un fondo blanco.\" src=\"https:\/\/m.media-amazon.com\/images\/S\/aplus-media-library-service-media\/be26e6ee-fe46-41fb-978f-ecf92e8384a7.__CR0,0,1464,600_PT0_SX1464_V1___.jpg\">                                               <\/p>\n<p>                                                                                  <img decoding=\"async\" alt=\"El texto incluye \u00abDisa\u00f1o Ultrafino de 6,45 mm\u00bb y \u00abGran Bater\u00eda de Silico-Carbono\u00bb. Diagrama t\u00e9cnico que muestra las medidas y especificaciones del dispositivo.\" src=\"https:\/\/m.media-amazon.com\/images\/S\/aplus-media-library-service-media\/e95f5f36-294c-4175-bff6-6f8d142d5d73.__CR0,0,1464,600_PT0_SX1464_V1___.jpg\">       <\/p>\n<p>                                                                                  <img decoding=\"async\" alt=\"El texto dice \u00abUltrafino, ultraelegante\u00bb y \u00ab195 g\u00bb y \u00ab8,45 mm\u00bb. El producto parece ser un elegante dispositivo electr\u00f3nico negro que se muestra desde varios \u00e1ngulos.\" src=\"https:\/\/m.media-amazon.com\/images\/S\/aplus-media-library-service-media\/faa2fdce-8b04-4b32-8295-f25c6e2f51ee.__CR0,0,1464,600_PT0_SX1464_V1___.jpg\">       <\/p>\n<p>                                                                                  <img decoding=\"async\" alt=\"El texto dice \u00abAndroid 16 OS\u00bb. Colecci\u00f3n de capturas de pantalla de la interfaz de un smartphone que muestran la navegaci\u00f3n, los mapas y los dise\u00f1os de los men\u00fas de las aplicaciones en un dise\u00f1o moderno de sistema operativo m\u00f3vil.\" src=\"https:\/\/m.media-amazon.com\/images\/S\/aplus-media-library-service-media\/ef50f53a-2bbf-4cdb-85b2-fe0b4812fc4a.__CR0,0,1464,600_PT0_SX1464_V1___.jpg\">       <\/p>\n<p>                                                                                  <img decoding=\"async\" alt=\"El texto dice \u00abFunciones del Sistema Operativo Inteligente\u00bb. Serie de maquetas de interfaces de tel\u00e9fonos inteligentes que muestran varias funciones del sistema y pantallas de configuraci\u00f3n.\" src=\"https:\/\/m.media-amazon.com\/images\/S\/aplus-media-library-service-media\/6219129d-fa17-4bf8-b1bf-d142b92396e7.__CR0,0,1464,600_PT0_SX1464_V1___.jpg\">       <\/p>\n<p>                                                                                                              <img decoding=\"async\" alt=\"El texto dice \u00abSuave. Espacioso. Impecable. &amp;#39; Anuncio en espa\u00f1ol que muestra dispositivos de almacenamiento electr\u00f3nicos negros sobre un fondo oscuro con especificaciones t\u00e9cnicas.\" src=\"https:\/\/m.media-amazon.com\/images\/S\/aplus-media-library-service-media\/dfaa4faa-0ff0-4711-b3de-146d79e6bbb7.__CR0,0,1464,600_PT0_SX1464_V1___.jpg\">                                                    <img decoding=\"async\" alt=\"El texto dice \u00abVisualizaci\u00f3n Fluida, Fluidez Social\u00bb. Serie de im\u00e1genes que muestran pantallas de ordenadores y manos escribiendo, ilustrando conceptos sobre el flujo de trabajo digital o las redes sociales.\" src=\"https:\/\/m.media-amazon.com\/images\/S\/aplus-media-library-service-media\/eedaba7c-6951-4787-bece-9e788dca47fd.__CR0,0,1464,600_PT0_SX1464_V1___.jpg\"><br \/>\n                            1 24GB RAM+64GB ROM <\/p>\n<p>                            2 6.56\u00bb\/90Hz HD+ Pantalla <\/p>\n<p>                                                                              <img decoding=\"async\" alt=\"El texto dice \u00abBater\u00eda de Sil\u00edcio-Carbono 6150 mAh\u00bb. El diagrama de la bater\u00eda del smartphone muestra un elegante dispositivo negro con un sistema de triple c\u00e1mara y una superposici\u00f3n de especificaciones t\u00e9cnicas en color azul.\" src=\"https:\/\/m.media-amazon.com\/images\/S\/aplus-media-library-service-media\/3faaa621-fc8e-4f53-92d7-0d9b702516c4.__CR0,0,1464,600_PT0_SX1464_V1___.jpg\">                                                    <img decoding=\"async\" alt=\"El texto dice \u00abOperadores compatibles con Dual SIM 4G\u00bb. Imagen de marketing que muestra las especificaciones del tel\u00e9fono m\u00f3vil con informaci\u00f3n sobre la compatibilidad de la red.\" src=\"https:\/\/m.media-amazon.com\/images\/S\/aplus-media-library-service-media\/33b07773-2aa1-48da-af2c-fd45f3d25b20.__CR0,0,1464,600_PT0_SX1464_V1___.jpg\">                                                    <img decoding=\"async\" alt=\"El texto dice \u00abDashkamera Facial\u00bb, \u00abNavegaci\u00f3n Precisa\u00bb, \u00abRadio FM\u00bb. Serie de capturas de pantalla de la interfaz que muestran los paneles de navegaci\u00f3n y control.\" src=\"https:\/\/m.media-amazon.com\/images\/S\/aplus-media-library-service-media\/dc83b2ce-54b6-4f1f-9d9d-8c3cd9457f4c.__CR0,0,1464,600_PT0_SX1464_V1___.jpg\">                       <\/p>\n<p>                       1 \u00c1nodo de Silicio          2 Dual SIM 4G          3 Funciones Pr\u00e1cticas                       <\/p>\n<p>                                                                                  <img decoding=\"async\" alt=\"El texto dice \u00abReconocimiento de Escenas con IA\u00bb. Pantalla que muestra la interfaz de reconocimiento de escenas mediante IA con un conjunto de iconos y tres fotos de muestra de la puesta de sol, un edificio y la naturaleza.\" src=\"https:\/\/m.media-amazon.com\/images\/S\/aplus-media-library-service-media\/320b497d-f00b-45c5-9d57-7ad14bc1d865.__CR0,0,1464,600_PT0_SX1464_V1___.jpg\">       <\/p>\n<p>                                                                                  <img decoding=\"async\" alt=\"El texto dice \u00abFotos N\u00edtidas, Recuerdos F\u00e1ciles\u00bb. P\u00e1gina de informaci\u00f3n del producto que muestra las herramientas e instrucciones para limpiar las lentes de la c\u00e1mara en espa\u00f1ol.\" src=\"https:\/\/m.media-amazon.com\/images\/S\/aplus-media-library-service-media\/b2578779-2092-4638-9bce-0a6ed4cfce27.__CR0,0,1464,600_PT0_SX1464_V1___.jpg\">       <\/p>\n<p>                                                                                  <img decoding=\"async\" alt=\"Serie de modernos espacios de cocina o comedor con superficies blancas e instalaciones de iluminaci\u00f3n contempor\u00e1neas sobre fondos blancos brillantes.\" src=\"https:\/\/m.media-amazon.com\/images\/S\/aplus-media-library-service-media\/3ed921eb-6334-4109-b138-ec7f74b81565.__CR0,0,1464,600_PT0_SX1464_V1___.jpg\">       <\/p>\n<p class=\"aplus-description aplus-container-3 aplus-p1\"> C\u00e1mara Multifunci\u00f3n AI 8MP + 5MP del DOOGEE Note 56 Smartphone <\/p>\n<p>                                                                              <img decoding=\"async\" alt=\"El texto dice \u00abBrilla con tres estilos\u00bb. Compuesto de tres im\u00e1genes de estilo de vida en blanco y negro que muestran lo que parecen ser escenas del interior de una casa.\" src=\"https:\/\/m.media-amazon.com\/images\/S\/aplus-media-library-service-media\/963b5b3f-b519-4996-9ab5-fef5d3aeb77c.__CR0,0,1464,600_PT0_SX1464_V1___.jpg\">                                                    <img decoding=\"async\" alt=\"El texto dice \u00abBrilla con tre stili\u00bb. Serie de dise\u00f1os minimalistas que muestran interfaces de dispositivos o maquetas de pantallas.\" src=\"https:\/\/m.media-amazon.com\/images\/S\/aplus-media-library-service-media\/3612336b-6e3e-43d7-8e2f-fe4f3fb56772.__CR0,0,1464,600_PT0_SX1464_V1___.jpg\">                                                    <img decoding=\"async\" alt=\"El texto dice \u00abBrilla con Tres Estilos\u00bb. Cartel publicitario que muestra tres variaciones de lo que parece ser un dispositivo electr\u00f3nico blanco sobre un fondo de monta\u00f1as nevadas.\" src=\"https:\/\/m.media-amazon.com\/images\/S\/aplus-media-library-service-media\/48a0fe30-3c08-4190-abab-48355d3dea38.__CR0,0,1464,600_PT0_SX1464_V1___.jpg\">                       <\/p>\n<p>                       1 Negro          2 Color Natural          3 Blanco Artico                       <\/p>\n<p> Batteries                                            \u200f                                            :                                            \u200e                                            1 Lithium Polymer batteries required. (included)   <br \/> Language                                            \u200f                                            :                                            \u200e                                            Italian   <br \/> Product Dimensions                                            \u200f                                            :                                            \u200e                                            17.4 x 8.12 x 1.58 cm; 262 g   <br \/> Manufacturer                                            \u200f                                            :                                            \u200e                                            DOOGEE   <br \/> ASIN                                            \u200f                                            :                                            \u200e                                            B0FQ2RSQ41   <br \/> Item model number                                            \u200f                                            :                                            \u200e                                            DOOGEE Note 56   <br \/> Country\/Region of Origin                                            \u200f                                            :                                            \u200e                                            China   <br \/> Guaranteed software updates until                                            \u200f                                            :                                            \u200e                                            unknown   <br \/>  Customer reviews:                                                                                            4.4               4.4 out of 5 stars                                  (75)                                              var dpAcrHasRegisteredArcLinkClickAction;                    P.when(&#8216;A&#8217;, &#8216;ready&#8217;).execute(function(A) {                        if (dpAcrHasRegisteredArcLinkClickAction !== true) {                            dpAcrHasRegisteredArcLinkClickAction = true;                            A.declarative(                                &#8216;acrLink-click-metrics&#8217;, &#8216;click&#8217;,                                { \u00aballowLinkDefault\u00bb: true },                                function (event) {                                    if (window.ue) {                                        ue.count(\u00abacrLinkClickCount\u00bb, (ue.count(\u00abacrLinkClickCount\u00bb) || 0) + 1);                                    }                                }                            );                        }                    });                                             P.when(&#8216;A&#8217;, &#8216;cf&#8217;).execute(function(A) {                A.declarative(&#8216;acrStarsLink-click-metrics&#8217;, &#8216;click&#8217;, { \u00aballowLinkDefault\u00bb : true },  function(event){                    if(window.ue) {                        ue.count(\u00abacrStarsLinkWithPopoverClickCount\u00bb, (ue.count(\u00abacrStarsLinkWithPopoverClickCount\u00bb) || 0) + 1);                    }                });            });                          <\/p>\n<p>\u30106150mAh + 8.45mm Body\u3011 The cheap and good Note56 phones incorporates a new generation of silicon anode batteries, which offer higher energy density, faster charging and longer battery life. Compared with traditional batteries, silicon anodes can store more energy, which significantly prolongs battery life, maintaining a 8.45mm slim body. In addition, they provide stable power even in low temperature environments.<br \/>\u3010Android 16 + AI Smartphone\u3011 The DOOGEE Note56 mobile phone works with the latest version of Android 16, which offers higher efficiency and a smoother user experience. Apps open faster and multitasking is smoother. Smart AI features allow the phone to learn your usage habits, offering a more personalized experience. Enhanced security and privacy protection ensure your data security and peace of mind.<br \/>\u3010Octa-Core with 24GB RAM + 64GB ROM\u3011Cheap and good DOOGEE Note 56 Android 16 smartphone features an octa-core processor and 24GB RAM (3GB + 21GB Expandable), allowing for smooth multitasking and incredibly smooth operation. Note 56 Mobile Phone With 64GB of built-in storage, expandable up to 2TB via a TF card, it offers ample space for all your applications, photos and videos.<br \/>\u30106.56 inch 90Hz HD+ IPS Screen\u3011DOOGEE Note 56 cheap phone features a 6.56 inch IPS HD+ screen that delivers crisp, detailed images with lifelike colors for a more immersive visual experience. Thanks to its high 90Hz refresh rate, surfing, browsing and playing is incredibly smooth, eliminating interruptions and lag. Whether watching videos, browsing social media or gaming, enjoy a fluid and exciting visual experience.<br \/>\u30108MP+5MP+12 Photo Modes\u3011The DOOGEE Note 56 mobile phone features an 8MP rear camera and a 5MP front camera, allowing you to easily capture crisp, detailed photos as well as natural portraits. Whether capturing moments or making video calls, it delivers bright and vivid images. Note 56 Phone With 12 AI shooting functions, including QR code support and audio photos, every photo is even better.<br \/>\u3010Practical Functions\u3011 DOOGEE Note56 offers 4G dual SIM cards, features Face ID, GPS navigation, 5W OTG reverse charging and preserves a 3.5mm headphone jack, combining tradition and practicality. It incorporates several smart controls, such as Smart Motion Sensor and Pocket Mode, for more flexible and efficient use. It also includes a protective case and a pre-applied protective film to protect every detail of the phone.<\/p>\n\n","protected":false},"excerpt":{"rendered":"<p> Product Description 1 24GB RAM+64GB ROM 2 6.56\u00bb\/90Hz HD+ Pantalla 1 \u00c1nodo de Silicio 2<\/p>","protected":false},"featured_media":36634,"comment_status":"open","ping_status":"closed","template":"","meta":[],"product_brand":[],"product_cat":[100],"product_tag":[10663,1890,6944,10664,974,833,391,1891,10662,292,1896,2667,1893,698,6113,841,10665,1892,703,1889,1275,1888,253,6118,230,5408,2827,1897,1894,1895,1588],"class_list":{"0":"post-36633","1":"product","2":"type-product","3":"status-publish","4":"has-post-thumbnail","6":"product_cat-smartphones","7":"product_tag-24gb64gb","8":"product_tag-5g-smartphones","9":"product_tag-6150mah","10":"product_tag-8-48mm","11":"product_tag-8mp","12":"product_tag-90hz","13":"product_tag-android","14":"product_tag-android-phones","15":"product_tag-anode","16":"product_tag-battery","17":"product_tag-best-smartphones","18":"product_tag-body","19":"product_tag-budget-smartphones","20":"product_tag-core","21":"product_tag-doogee","22":"product_tag-face","23":"product_tag-idotggpsdual","24":"product_tag-iphone-smartphones","25":"product_tag-ips","26":"product_tag-latest-smartphones","27":"product_tag-mobile","28":"product_tag-mobile-phones","29":"product_tag-note","30":"product_tag-octa","31":"product_tag-phone","32":"product_tag-silicon","33":"product_tag-sim","34":"product_tag-smartphone","35":"product_tag-smartphone-deals","36":"product_tag-smartphone-price","37":"product_tag-smartphones","39":"first","40":"instock","41":"sale","42":"shipping-taxable","43":"product-type-external"},"_links":{"self":[{"href":"https:\/\/comprasyconsejos.store\/en\/wp-json\/wp\/v2\/product\/36633","targetHints":{"allow":["GET"]}}],"collection":[{"href":"https:\/\/comprasyconsejos.store\/en\/wp-json\/wp\/v2\/product"}],"about":[{"href":"https:\/\/comprasyconsejos.store\/en\/wp-json\/wp\/v2\/types\/product"}],"replies":[{"embeddable":true,"href":"https:\/\/comprasyconsejos.store\/en\/wp-json\/wp\/v2\/comments?post=36633"}],"version-history":[{"count":0,"href":"https:\/\/comprasyconsejos.store\/en\/wp-json\/wp\/v2\/product\/36633\/revisions"}],"wp:featuredmedia":[{"embeddable":true,"href":"https:\/\/comprasyconsejos.store\/en\/wp-json\/wp\/v2\/media\/36634"}],"wp:attachment":[{"href":"https:\/\/comprasyconsejos.store\/en\/wp-json\/wp\/v2\/media?parent=36633"}],"wp:term":[{"taxonomy":"product_brand","embeddable":true,"href":"https:\/\/comprasyconsejos.store\/en\/wp-json\/wp\/v2\/product_brand?post=36633"},{"taxonomy":"product_cat","embeddable":true,"href":"https:\/\/comprasyconsejos.store\/en\/wp-json\/wp\/v2\/product_cat?post=36633"},{"taxonomy":"product_tag","embeddable":true,"href":"https:\/\/comprasyconsejos.store\/en\/wp-json\/wp\/v2\/product_tag?post=36633"}],"curies":[{"name":"wp","href":"https:\/\/api.w.org\/{rel}","templated":true}]}}