{"id":36639,"date":"2026-03-01T16:29:30","date_gmt":"2026-03-01T16:29:30","guid":{"rendered":"https:\/\/comprasyconsejos.store\/product\/samsung-portable-ssd-t9-4-tb-external-hard-drive-read-and-write-2000-mb-s-usb-3-2-gen-2x2-for-professionals-and-creatives-compatible-with-pc-mac-android-and-12k-cameras-black-mu-pg4t0b-eu\/"},"modified":"2026-03-01T16:29:31","modified_gmt":"2026-03-01T16:29:31","slug":"samsung-portable-ssd-t9-4-tb-external-hard-drive-read-and-write-2000-mb-s-usb-3-2-gen-2x2-for-professionals-and-creatives-compatible-with-pc-mac-android-and-12k-cameras-black-mu-pg4t0b-eu","status":"publish","type":"product","link":"https:\/\/comprasyconsejos.store\/en\/product\/samsung-portable-ssd-t9-4-tb-external-hard-drive-read-and-write-2000-mb-s-usb-3-2-gen-2x2-for-professionals-and-creatives-compatible-with-pc-mac-android-and-12k-cameras-black-mu-pg4t0b-eu\/","title":{"rendered":"Samsung Portable SSD T9, 4 TB, External Hard Drive, Read and Write 2,000 MB\/s, USB 3.2 Gen.2&#215;2, for Professionals and Creatives, Compatible with PC, Mac, Android and 12K Cameras, Black (MU-PG4T0B\/EU)"},"content":{"rendered":"<p>Price: <span style=\"color:#b12704\">\u20ac436.53<\/span><br \/><i><small>(as of Mar 01, 2026 16:29:30 UTC &#8211; <span class=\"wp_automatic_amazon_disclaimer\" title=\"Product prices and availability are accurate as of the date\/time indicated and are subject to change. Any price and availability information displayed on [relevant Amazon Site(s), as applicable] at the time of purchase will apply to the purchase of this product.\">Details<\/span>)<\/small><\/i><\/p>\n<p><a href=\"https:\/\/amazon.es\/dp\/B0CGQ4FJSV?tag=man008-21\"><img decoding=\"async\" src=\"https:\/\/valvepress.s3.amazonaws.com\/imgs\/buy_now.png\"><\/a><br \/>\n<\/p>\n<p>                                             From the manufacturer   <\/p>\n<p>                                                                                                       <img decoding=\"async\" alt=\"samsung portable ssd t9 alto rendimiento para profesionales\" src=\"https:\/\/images-na.ssl-images-amazon.com\/images\/G\/01\/x-locale\/common\/grey-pixel.gif\" class=\"a-lazy-loaded\" data-src=\"https:\/\/m.media-amazon.com\/images\/S\/aplus-media-library-service-media\/e1d0f189-50b4-4aa5-8925-e37191b874a7.__CR0,0,1464,600_PT0_SX1464_V1___.jpg\"><img decoding=\"async\" alt=\"samsung portable ssd t9 alto rendimiento para profesionales\" src=\"https:\/\/m.media-amazon.com\/images\/S\/aplus-media-library-service-media\/e1d0f189-50b4-4aa5-8925-e37191b874a7.__CR0,0,1464,600_PT0_SX1464_V1___.jpg\">                                                  <\/p>\n<p>                                                            Potentes prestaciones en un pr\u00e1ctico formato                                            <img decoding=\"async\" alt=\"Velocidad cuando la necesitas\" src=\"https:\/\/images-na.ssl-images-amazon.com\/images\/G\/01\/x-locale\/common\/grey-pixel.gif\" class=\"a-lazy-loaded\" data-src=\"https:\/\/m.media-amazon.com\/images\/S\/aplus-media-library-service-media\/801d6256-56ed-421f-85d8-0fb6fdf65f30.__CR0,0,650,350_PT0_SX650_V1___.jpg\"><img decoding=\"async\" alt=\"Velocidad cuando la necesitas\" src=\"https:\/\/m.media-amazon.com\/images\/S\/aplus-media-library-service-media\/801d6256-56ed-421f-85d8-0fb6fdf65f30.__CR0,0,650,350_PT0_SX650_V1___.jpg\">                                            Velocidad cuando la necesitas                                         <\/p>\n<p class=\"aplus-p3\"> Transfiere un archivo de 2 GB en menos de 1 segundo. Gracias al USB 3.2 Gen 2&#215;2 y a la tecnolog\u00eda PCIe NVMe integrada, PSSD T9 alcanza velocidades de lectura\/escritura secuenciales de hasta 2.000 MB\/s\u00b9. Esto ahorra tiempo de carga y acelera el flujo de trabajo. Para una productividad a otro nivel.\u00b9 <\/p>\n<p>                                           <img decoding=\"async\" alt=\"Id\u00f3neo para viajar\" src=\"https:\/\/images-na.ssl-images-amazon.com\/images\/G\/01\/x-locale\/common\/grey-pixel.gif\" class=\"a-lazy-loaded\" data-src=\"https:\/\/m.media-amazon.com\/images\/S\/aplus-media-library-service-media\/6e729f18-f603-4335-b964-35c1fbe0618a.__CR0,0,650,350_PT0_SX650_V1___.jpg\"><img decoding=\"async\" alt=\"Id\u00f3neo para viajar\" src=\"https:\/\/m.media-amazon.com\/images\/S\/aplus-media-library-service-media\/6e729f18-f603-4335-b964-35c1fbe0618a.__CR0,0,650,350_PT0_SX650_V1___.jpg\">                                            Id\u00f3neo para viajar                                         <\/p>\n<p class=\"aplus-p3\"> Mucha capacidad en poco espacio: PSSD T9 ofrece hasta 1 TB, 2 TB o 4 TB de espacio de almacenamiento\u2076. Todo ello en una carcasa compacta y ligera de tan solo 122 g\u2077. Gracias a su superficie antideslizante, tus datos estar\u00e1n seguros y c\u00f3modos en tu mano, incluso cuando est\u00e9s en movimiento. <\/p>\n<p>                                                                                                                    <img decoding=\"async\" alt=\" \" src=\"https:\/\/m.media-amazon.com\/images\/S\/aplus-media-library-service-media\/7ccd9d16-cde4-4487-a760-883f3e986131.__CR0,0,1464,600_PT0_SX1464_V1___.jpg\">                                                                                           Juega en equipo                                       <\/p>\n<p class=\"description aplus-p1\"> Sincroniza tus dispositivos de manera \u00f3ptima con el SSD port\u00e1til T9. <\/p>\n<p>                                                      <img decoding=\"async\" alt=\" \" src=\"https:\/\/m.media-amazon.com\/images\/S\/aplus-media-library-service-media\/b8639e16-f971-42ea-acc0-706d6808d3f7.__CR0,0,1464,600_PT0_SX1464_V1___.jpg\">                                                                                           El juego como debe ser                                       <\/p>\n<p class=\"description aplus-p1\"> El PSSD de Samsung es una forma c\u00f3moda de ampliar la memoria de tu consola.\u00b2 <\/p>\n<p>                                                      <img decoding=\"async\" alt=\" \" src=\"https:\/\/m.media-amazon.com\/images\/S\/aplus-media-library-service-media\/270248ea-231b-4238-afdd-4a6f5ba89ad7.__CR0,0,1464,600_PT0_SX1464_V1___.jpg\">                                                                                           Para aumentar la memoria                                       <\/p>\n<p class=\"description aplus-p1\"> F\u00e1cil ampliaci\u00f3n de memoria para tabletas, smartphones y dispositivos Android.\u00b2 <\/p>\n<p>                                                      <img decoding=\"async\" alt=\" \" src=\"https:\/\/m.media-amazon.com\/images\/S\/aplus-media-library-service-media\/3fed2acc-e124-4798-9885-67d07f2528e0.__CR0,0,1464,600_PT0_SX1464_V1___.jpg\">                                                                                           Mant\u00e9n la calma hasta el final                                       <\/p>\n<p class=\"description aplus-p1\"> Fiabilidad y altas velocidades para PC, Mac y port\u00e1tiles\u00b2 gracias a Dynamic Thermal Guard.\u00b9\u2070 <\/p>\n<p>                                                      <img decoding=\"async\" alt=\" \" src=\"https:\/\/m.media-amazon.com\/images\/S\/aplus-media-library-service-media\/985eb7e8-dd84-466e-923d-836642320417.__CR0,0,1464,600_PT0_SX1464_V1___.jpg\">                                                                                           Espacio suficiente para tu creatividad                                       <\/p>\n<p class=\"description aplus-p1\"> Con la PSSD T9, no te quedar\u00e1s sin memoria tan r\u00e1pido cuando tomes fotos\/v\u00eddeos en alta resoluci\u00f3n.\u00b2 <\/p>\n<p>                            1 Compatibilidad <\/p>\n<p>                            2 Videoconsolas <\/p>\n<p>                            3 Tabletas <\/p>\n<p>                            4 Port\u00e1tiles y PC <\/p>\n<p>                            5 C\u00e1maras 12k <\/p>\n<p>                                                            Gesti\u00f3n segura de tus datos                                            <img decoding=\"async\" alt=\"Protege lo que es importante para ti\" src=\"https:\/\/images-na.ssl-images-amazon.com\/images\/G\/01\/x-locale\/common\/grey-pixel.gif\" class=\"a-lazy-loaded\" data-src=\"https:\/\/m.media-amazon.com\/images\/S\/aplus-media-library-service-media\/851b0f11-56a1-42d1-bc4c-574655b54612.__CR0,0,650,350_PT0_SX650_V1___.jpg\"><img decoding=\"async\" alt=\"Protege lo que es importante para ti\" src=\"https:\/\/m.media-amazon.com\/images\/S\/aplus-media-library-service-media\/851b0f11-56a1-42d1-bc4c-574655b54612.__CR0,0,650,350_PT0_SX650_V1___.jpg\">                                            Protege lo que es importante para ti                                         <\/p>\n<p class=\"aplus-p3\"> Los resultados de tu creatividad son irreemplazables. Por eso PSSD T9 es resistente como para proteger tus datos incluso si se cae desde una altura de hasta 3 metros\u00b3. Adem\u00e1s, cuenta con una protecci\u00f3n de 5 a\u00f1os\u2074. Y con una contrase\u00f1a encriptada AES-256 bits, puedes jugar completamente seguro. <\/p>\n<p>                                           <img decoding=\"async\" alt=\"Software Samsung Magician\" src=\"https:\/\/images-na.ssl-images-amazon.com\/images\/G\/01\/x-locale\/common\/grey-pixel.gif\" class=\"a-lazy-loaded\" data-src=\"https:\/\/m.media-amazon.com\/images\/S\/aplus-media-library-service-media\/8271d225-29c1-4bfc-9a3d-6a7d1a37c623.__CR0,0,650,350_PT0_SX650_V1___.jpg\"><img decoding=\"async\" alt=\"Software Samsung Magician\" src=\"https:\/\/m.media-amazon.com\/images\/S\/aplus-media-library-service-media\/8271d225-29c1-4bfc-9a3d-6a7d1a37c623.__CR0,0,650,350_PT0_SX650_V1___.jpg\">                                            Software Samsung Magician                                         <\/p>\n<p class=\"aplus-p3\"> Libera todo el potencial de tu PSSD T9 con el sencillo software Samsung Magician para obtener el mejor rendimiento posible del a SSD. Con \u00e9l, puedes proteger tus datos, vigilar el estado de la unidad y asegurarte las \u00faltimas actualizaciones de firmware.\u2078 \u2079 <\/p>\n<p>                                                                                     <img decoding=\"async\" alt=\" \" src=\"https:\/\/m.media-amazon.com\/images\/S\/aplus-media-library-service-media\/8d329d31-204f-470b-b550-fe682029f421.__CR0,0,1464,600_PT0_SX1464_V1___.jpg\">                                                    870 EVO SATA SSD                                         <\/p>\n<p class=\"aplus-p3\"> Solid State Drive (SSD) para mejorar el rendimiento del PC, adecuado como alternativa a HDD (unidad de disco duro), Hasta 3,6 veces m\u00e1s r\u00e1pido que HDD (560 MB\/s de lectura, 530 MB\/s de escritura) <\/p>\n<p>                                                                                     <img decoding=\"async\" alt=\" \" src=\"https:\/\/m.media-amazon.com\/images\/S\/aplus-media-library-service-media\/5d73dea4-db61-49d8-8b2b-d3e33ba8c6ee.__CR0,0,1464,600_PT0_SX1464_V1___.jpg\">                                                    SSD 980 PRO                                         <\/p>\n<p class=\"aplus-p3\"> SSD interno con velocidad de lectura secuencial de hasta 7.000 MB\/s, Tecnolog\u00eda Dynamic Thermal Guard para proteger contra el sobrecalentamiento, Formato M.2 compacto (2280) <\/p>\n<p>                                                                                     <img decoding=\"async\" alt=\" \" src=\"https:\/\/m.media-amazon.com\/images\/S\/aplus-media-library-service-media\/a50d487f-2fc1-41bb-b0ac-187369312383.__CR0,0,1464,600_PT0_SX1464_V1___.jpg\">                                                    Galaxy Tab S9 Ultra                                         <\/p>\n<p class=\"aplus-p3\"> Tableta Android resistente al agua y al polvo con pantalla Dynamic AMOLED para colores vivos, procesador r\u00e1pido y sonido n\u00edtido gracias a los cuatro altavoces con sonido envolvente Dolby Atmos <\/p>\n<p>                                                                                     <img decoding=\"async\" alt=\" \" src=\"https:\/\/m.media-amazon.com\/images\/S\/aplus-media-library-service-media\/f2ac2aae-ffd5-4edf-9a19-27dba9cf1443.__CR0,0,1464,600_PT0_SX1464_V1___.jpg\">                                                    Galaxy Book3 360                                         <\/p>\n<p class=\"aplus-p3\"> Port\u00e1til y tableta en uno gracias a la pantalla t\u00e1ctil AMOLED orientable 360\u00b0, Potente procesador Intel de 13\u00aa generaci\u00f3n para tareas exigentes <\/p>\n<p class=\"description\"> \u00b9 Basado en resultados de pruebas internas con productos Samsung. El rendimiento puede variar en funci\u00f3n de la configuraci\u00f3n del dispositivo host. Para alcanzar velocidades m\u00e1ximas de lectura\/escritura secuencial de hasta 2.000 MB\/s, el dispositivo host y los cables de conexi\u00f3n deben ser compatibles con USB 3.2 Gen 2&#215;2 y el modo UASP debe estar activado. <\/p>\n<p class=\"description\"> Configuraci\u00f3n de los sistemas de prueba: ASUS ROG STRIX Z590-E GAMING WIFI, Intel i9-10900K CPU @ 3,70 GHz, 3.696 MHz, 10 Core(s), 20 Logical Processor(s) \/ DDR4 8GB DRAM Frequencia 1.132,3 MHz \/ Win 11 Pro. <\/p>\n<p class=\"description\"> \u00b2 La compatibilidad con los dispositivos host puede variar. Algunos sistemas operativos pueden requerir el reformateo del PSSD T9. <\/p>\n<p class=\"description\"> \u00b3 Basado en una prueba interna de ca\u00edda en condiciones controladas. \u2074 Todas las condiciones se pueden consultar en la web de Samsung <\/p>\n<p class=\"description\"> \u2075 En condiciones controladas, de acuerdo con las pruebas internas de calidad para la gesti\u00f3n t\u00e9rmica y la seguridad, T9 mantiene siempre la temperatura de la carcasa por debajo de 60 \u00b0C, por lo que cumple la norma IEC 62368-1. <\/p>\n<p class=\"description\"> \u2076 1 GB = 1.000.000.000 Bytes, 1 TB = 1.000.000.000.000 Bytes. Tu ordenador puede mostrar una capacidad inferior porque se utiliza un est\u00e1ndar de medici\u00f3n diferente. <\/p>\n<p class=\"description\"> \u2077 El peso y el tama\u00f1o reales del producto pueden variar en funci\u00f3n de la capacidad y el m\u00e9todo de medici\u00f3n. <\/p>\n<p class=\"description\"> \u2078 El software Samsung Magician est\u00e1 disponible para Windows, macOS y Android. Requiere Windows 7 y superior, MacOS High Sierra (10.13.6) y superior o Android 5.1 (Lollipop) y superior. Es posible que las versiones anteriores de los sistemas operativos Windows, macOS y Android no sean compatibles. \u2079 La actualizaci\u00f3n del firmware requiere conexi\u00f3n a Internet. <\/p>\n<p class=\"description\"> \u00b9\u2070 En condiciones controladas, de acuerdo con las pruebas internas de calidad para la gesti\u00f3n t\u00e9rmica y la seguridad, el T9 mantiene siempre la temperatura de la carcasa por debajo de 60 \u00b0C, por lo que cumple la norma IEC 62368-1. <\/p>\n<p> Is discontinued by manufacturer                                            \u200f                                            :                                            \u200e                                            No   <br \/> Language                                            \u200f                                            :                                            \u200e                                            French   <br \/> Product Dimensions                                            \u200f                                            :                                            \u200e                                            8.8 x 6 x 1.4 cm; 122 g   <br \/> Manufacturer                                            \u200f                                            :                                            \u200e                                            Samsung   <br \/> ASIN                                            \u200f                                            :                                            \u200e                                            B0CGQ4FJSV   <br \/> Item model number                                            \u200f                                            :                                            \u200e                                            MU-PG4T0B\/EU   <br \/> Country of origin                                            \u200f                                            :                                            \u200e                                            Korea, Republic of   <br \/> Guaranteed software updates until                                            \u200f                                            :                                            \u200e                                            unknown   <br \/>  Customer reviews:                                                                                            4.7               4.7 out of 5 stars                                  (1,850)                                              var dpAcrHasRegisteredArcLinkClickAction;                    P.when(&#8216;A&#8217;, &#8216;ready&#8217;).execute(function(A) {                        if (dpAcrHasRegisteredArcLinkClickAction !== true) {                            dpAcrHasRegisteredArcLinkClickAction = true;                            A.declarative(                                &#8216;acrLink-click-metrics&#8217;, &#8216;click&#8217;,                                { \u00aballowLinkDefault\u00bb: true },                                function (event) {                                    if (window.ue) {                                        ue.count(\u00abacrLinkClickCount\u00bb, (ue.count(\u00abacrLinkClickCount\u00bb) || 0) + 1);                                    }                                }                            );                        }                    });                                             P.when(&#8216;A&#8217;, &#8216;cf&#8217;).execute(function(A) {                A.declarative(&#8216;acrStarsLink-click-metrics&#8217;, &#8216;click&#8217;, { \u00aballowLinkDefault\u00bb : true },  function(event){                    if(window.ue) {                        ue.count(\u00abacrStarsLinkWithPopoverClickCount\u00bb, (ue.count(\u00abacrStarsLinkWithPopoverClickCount\u00bb) || 0) + 1);                    }                });            });                          <\/p>\n<p>Fast data transfer &#8211; NVMe SSD with USB 3.2 Gen 2&#215;2 and sequential read\/write speeds up to 2,000MB\/s to accelerate your workflow\u00b9<br \/>QUICK CONNECTION &#8211; Compatible with PC, Mac, Android devices, game consoles, 12K cameras and more for flexible PSSD\u00b2 connectivity<br \/>Total reliability: Drop-proof from up to 3 meters\u00b3, Non-slip surface, 5-year additional protection from Samsung\u2074<br \/>Storage capacity: Compact case with a large 4 TB\u2076 memory and a low weight of only 122 g\u2075, Dynamic Thermal Guard function to protect against overheating\u2075<br \/>SAMSUNG Magician software optimizes performance for you and keeps the drive always up to date with updates\u00b9 \u2074<br \/>Contents: 1 x SAMSUNG Portable SSD T9, 4 TB, incl. 2 x USB cable (Type C-C and C-A), Dimensions (L x H x W): 88 x 60 x 14 mm, Weight: approx. 122g, MU-PG4T0B\/EU<\/p>\n\n","protected":false},"excerpt":{"rendered":"<p> From the manufacturer Potentes prestaciones en un pr\u00e1ctico formato Velocidad cuando la necesitas Transfiere un<\/p>","protected":false},"featured_media":36640,"comment_status":"open","ping_status":"closed","template":"","meta":[],"product_brand":[],"product_cat":[81],"product_tag":[1596,1455,1457,391,1468,307,1621,201,3380,795,1476,1461,10667,794,1459,774,1532,10668,1452,290,1465,4071,1726,249,1463,513,1466,133,3508],"class_list":{"0":"post-36639","1":"product","2":"type-product","3":"status-publish","4":"has-post-thumbnail","6":"product_cat-ssd-drive","7":"product_tag-12k","8":"product_tag-1tb-ssd","9":"product_tag-512gb-ssd","10":"product_tag-android","11":"product_tag-best-ssd","12":"product_tag-black","13":"product_tag-cameras","14":"product_tag-compatible","15":"product_tag-creatives","16":"product_tag-drive","17":"product_tag-external","18":"product_tag-gaming-ssd","19":"product_tag-gen-2x2","20":"product_tag-hard","21":"product_tag-m-2-ssd","22":"product_tag-mac","23":"product_tag-mbs","24":"product_tag-mupg4t0beu","25":"product_tag-nvme-ssd","26":"product_tag-portable","27":"product_tag-portable-ssd","28":"product_tag-professionals","29":"product_tag-read","30":"product_tag-samsung","31":"product_tag-sata-ssd","32":"product_tag-ssd","33":"product_tag-ssd-price","34":"product_tag-usb","35":"product_tag-write","37":"first","38":"instock","39":"shipping-taxable","40":"product-type-external"},"_links":{"self":[{"href":"https:\/\/comprasyconsejos.store\/en\/wp-json\/wp\/v2\/product\/36639","targetHints":{"allow":["GET"]}}],"collection":[{"href":"https:\/\/comprasyconsejos.store\/en\/wp-json\/wp\/v2\/product"}],"about":[{"href":"https:\/\/comprasyconsejos.store\/en\/wp-json\/wp\/v2\/types\/product"}],"replies":[{"embeddable":true,"href":"https:\/\/comprasyconsejos.store\/en\/wp-json\/wp\/v2\/comments?post=36639"}],"version-history":[{"count":0,"href":"https:\/\/comprasyconsejos.store\/en\/wp-json\/wp\/v2\/product\/36639\/revisions"}],"wp:featuredmedia":[{"embeddable":true,"href":"https:\/\/comprasyconsejos.store\/en\/wp-json\/wp\/v2\/media\/36640"}],"wp:attachment":[{"href":"https:\/\/comprasyconsejos.store\/en\/wp-json\/wp\/v2\/media?parent=36639"}],"wp:term":[{"taxonomy":"product_brand","embeddable":true,"href":"https:\/\/comprasyconsejos.store\/en\/wp-json\/wp\/v2\/product_brand?post=36639"},{"taxonomy":"product_cat","embeddable":true,"href":"https:\/\/comprasyconsejos.store\/en\/wp-json\/wp\/v2\/product_cat?post=36639"},{"taxonomy":"product_tag","embeddable":true,"href":"https:\/\/comprasyconsejos.store\/en\/wp-json\/wp\/v2\/product_tag?post=36639"}],"curies":[{"name":"wp","href":"https:\/\/api.w.org\/{rel}","templated":true}]}}